{"id":42274,"date":"2023-04-11T14:02:22","date_gmt":"2023-04-11T18:02:22","guid":{"rendered":"https:\/\/www.sisinternational.com\/?page_id=42274"},"modified":"2026-01-24T21:18:06","modified_gmt":"2026-01-25T02:18:06","slug":"investigacion-de-mercado-de-soluciones-de-energia-de-respaldo","status":"publish","type":"page","link":"https:\/\/www.sisinternational.com\/es\/pericia\/investigacion-de-mercado-de-soluciones-de-energia-de-respaldo\/","title":{"rendered":"Investigaci\u00f3n de mercado de soluciones de energ\u00eda de respaldo"},"content":{"rendered":"<h1 class=\"wp-block-heading\">Investigaci\u00f3n de mercado de soluciones de energ\u00eda de respaldo<\/h1>\n\n\n\n<figure class=\"gb-block-image gb-block-image-28abcd56\"><img loading=\"lazy\" decoding=\"async\" width=\"1456\" height=\"816\" class=\"gb-image gb-image-28abcd56\" src=\"https:\/\/www.sisinternational.com\/wp-content\/uploads\/2025\/08\/Backup-Power-Solutions-6.jpg\" alt=\"Investigaci\u00f3n y estrategia de mercado internacional de SIS\" title=\"Backup Power Solutions (6)\" srcset=\"https:\/\/www.sisinternational.com\/wp-content\/uploads\/2025\/08\/Backup-Power-Solutions-6.jpg 1456w, https:\/\/www.sisinternational.com\/wp-content\/uploads\/2025\/08\/Backup-Power-Solutions-6-300x168.jpg 300w, https:\/\/www.sisinternational.com\/wp-content\/uploads\/2025\/08\/Backup-Power-Solutions-6-1024x574.jpg 1024w, https:\/\/www.sisinternational.com\/wp-content\/uploads\/2025\/08\/Backup-Power-Solutions-6-768x430.jpg 768w, https:\/\/www.sisinternational.com\/wp-content\/uploads\/2025\/08\/Backup-Power-Solutions-6-18x10.jpg 18w\" sizes=\"auto, (max-width: 1456px) 100vw, 1456px\"><\/figure>\n\n\n\n<p><\/p>\n\n\n\n<hr class=\"wp-block-separator has-alpha-channel-opacity is-style-dots\"\/>\n\n\n\n<p>Las soluciones de energ\u00eda de respaldo se refieren a sistemas o dispositivos que proporcionan energ\u00eda el\u00e9ctrica. Se activan durante un corte de energ\u00eda u otra interrupci\u00f3n de la fuente de energ\u00eda principal. Utilizamos estas soluciones en hogares, empresas y diferentes entornos. Garantizan que los sistemas y equipos cr\u00edticos puedan seguir funcionando durante un corte de energ\u00eda.<\/p>\n\n\n\n<p>Hay muchos tipos de soluciones de energ\u00eda de respaldo disponibles. Incluyen sistemas de suministro de energ\u00eda ininterrumpida (UPS), generadores de reserva y port\u00e1tiles. Utilizamos sistemas UPS para proporcionar energ\u00eda de respaldo a dispositivos individuales. Por ejemplo, son excelentes para computadoras o servidores. Por el contrario, los generadores port\u00e1tiles y de reserva alimentan \u00e1reas m\u00e1s grandes o edificios enteros.<\/p>\n\n\n\n<p>Las soluciones de energ\u00eda de respaldo son fundamentales en entornos espec\u00edficos. En tales entornos, los cortes de energ\u00eda pueden causar interrupciones importantes. Por ejemplo, la energ\u00eda de respaldo es imprescindible en hospitales, centros de datos y otras infraestructuras cr\u00edticas. La energ\u00eda ininterrumpida es esencial para mantener las operaciones cr\u00edticas en estos entornos. Tambi\u00e9n pueden ser \u00fatiles para los propietarios propensos a sufrir cortes de energ\u00eda debido al clima severo u otros factores.<\/p>\n\n\n\n<p><\/p>\n\n\n\n<div class=\"wp-block-columns has-global-color-9-color has-text-color has-background has-link-color wp-elements-3c89ad5eb08a8ea64fe3c769ed26464a is-layout-flex wp-container-core-columns-is-layout-9d6595d7 wp-block-columns-is-layout-flex\" style=\"background-color:#f7f9fa6e\">\n<div class=\"wp-block-column is-layout-flow wp-block-column-is-layout-flow\" style=\"flex-basis:18%\"><\/div>\n\n\n\n<div class=\"wp-block-column is-vertically-aligned-center is-layout-flow wp-block-column-is-layout-flow\" style=\"flex-basis:71.28%\">\n<div class=\"wp-block-rank-math-toc-block aligncenter has-global-color-9-color has-text-color has-link-color wp-elements-2b82640a2d1eec330b554632846f343e\" style=\"font-size:16px\" id=\"rank-math-toc\"><h2><br><strong>t<\/strong>able of Contents<\/h2><nav><ul><li class=\"\"><a href=\"#why-are-backup-power-solutions-important\">\u00bfPor qu\u00e9 son importantes las soluciones de energ\u00eda de respaldo?<\/a><\/li><li class=\"\"><a href=\"#key-job-titles\">T\u00edtulos de trabajo clave<\/a><\/li><li class=\"\"><a href=\"#why-do-businesses-need-backup-power-solutions\">\u00bfPor qu\u00e9 las empresas necesitan soluciones de energ\u00eda de respaldo?<\/a><\/li><li class=\"\"><a href=\"#key-success-factors\">Factores claves del \u00e9xito<\/a><\/li><li class=\"\"><a href=\"#about-backup-power-solutions-market-research\">Acerca de la investigaci\u00f3n de mercado de soluciones de energ\u00eda de respaldo<\/a><\/li><\/ul><\/nav><\/div>\n<\/div>\n<\/div>\n\n\n\n<p><\/p>\n\n\n\n<h2 class=\"wp-block-heading\" id=\"why-are-backup-power-solutions-important\">\u00bfPor qu\u00e9 son importantes las soluciones de energ\u00eda de respaldo?<\/h2>\n\n\n\n<h3 class=\"wp-block-heading\">Las soluciones de energ\u00eda de respaldo son esenciales por varias razones.<\/h3>\n\n\n\n<p>Aseguran la continuidad de las operaciones cr\u00edticas. Los sistemas y equipos cr\u00edticos funcionan incluso durante un corte de energ\u00eda.<\/p>\n\n\n\n<p>Muchas empresas y organizaciones dependen de la energ\u00eda para sus operaciones. Pueden experimentar importantes p\u00e9rdidas financieras y tiempos de inactividad de la productividad durante los cortes de energ\u00eda. Las soluciones de energ\u00eda de respaldo pueden ayudar a reducir estas p\u00e9rdidas. Proporcionan una fuente de energ\u00eda confiable para mantener las operaciones en funcionamiento.<\/p>\n\n\n\n<p>Los cortes de energ\u00eda pueden causar p\u00e9rdida de datos y da\u00f1os a dispositivos electr\u00f3nicos. Pueden ser desastrosos para las computadoras y los servidores. Entonces, otra ventaja de las soluciones de energ\u00eda de respaldo es que pueden ayudar a proteger contra la p\u00e9rdida de datos. Proporcionan una fuente de energ\u00eda confiable para mantener estos dispositivos en funcionamiento durante un apag\u00f3n.<\/p>\n\n\n\n<p>En hogares y entornos residenciales, tambi\u00e9n son necesarias soluciones de energ\u00eda de respaldo. Pueden ayudar a garantizar la seguridad y la comodidad de los residentes durante los cortes de energ\u00eda. La energ\u00eda de respaldo puede mantener en funcionamiento los electrodom\u00e9sticos esenciales. Por ejemplo, alimenta refrigeradores, sistemas de calefacci\u00f3n y refrigeraci\u00f3n e iluminaci\u00f3n.<\/p>\n\n\n\n<h2 class=\"wp-block-heading\" id=\"key-job-titles\">T\u00edtulos de trabajo clave<\/h2>\n\n\n\n<figure class=\"gb-block-image gb-block-image-3fc554e9\"><img loading=\"lazy\" decoding=\"async\" width=\"1456\" height=\"816\" class=\"gb-image gb-image-3fc554e9\" src=\"https:\/\/www.sisinternational.com\/wp-content\/uploads\/2025\/08\/Backup-Power-Solutions-4.jpg\" alt=\"Investigaci\u00f3n y estrategia de mercado internacional de SIS\" title=\"Backup Power Solutions (4)\" srcset=\"https:\/\/www.sisinternational.com\/wp-content\/uploads\/2025\/08\/Backup-Power-Solutions-4.jpg 1456w, https:\/\/www.sisinternational.com\/wp-content\/uploads\/2025\/08\/Backup-Power-Solutions-4-300x168.jpg 300w, https:\/\/www.sisinternational.com\/wp-content\/uploads\/2025\/08\/Backup-Power-Solutions-4-1024x574.jpg 1024w, https:\/\/www.sisinternational.com\/wp-content\/uploads\/2025\/08\/Backup-Power-Solutions-4-768x430.jpg 768w, https:\/\/www.sisinternational.com\/wp-content\/uploads\/2025\/08\/Backup-Power-Solutions-4-18x10.jpg 18w\" sizes=\"auto, (max-width: 1456px) 100vw, 1456px\"><\/figure>\n\n\n\n<p><\/p>\n\n\n\n<h3 class=\"wp-block-heading\">A continuaci\u00f3n se muestran algunos t\u00edtulos de trabajo clave relacionados con las soluciones de energ\u00eda de respaldo:<\/h3>\n\n\n\n<ol class=\"wp-block-list\">\n<li>Ingeniero de energ\u00eda de respaldo: dise\u00f1a, implementa y mantiene sistemas de energ\u00eda de respaldo para diversas aplicaciones. Su \u00e1mbito de trabajo incluye entornos comerciales, industriales y residenciales.<\/li>\n\n\n\n<li>T\u00e9cnico de generadores: instala, mantiene y repara generadores port\u00e1tiles y de reserva para diversas aplicaciones.<\/li>\n\n\n\n<li>T\u00e9cnico de UPS: instala, mantiene y repara sistemas de suministro de energ\u00eda ininterrumpida (UPS). Estos sistemas proporcionan energ\u00eda de respaldo a equipos y dispositivos cr\u00edticos.<\/li>\n\n\n\n<li>Ingeniero en Electr\u00f3nica de Potencia: Dise\u00f1a y desarrolla sistemas electr\u00f3nicos de potencia, incluidas soluciones de energ\u00eda de respaldo.<\/li>\n\n\n\n<li>Ingeniero el\u00e9ctrico: dise\u00f1a, desarrolla y mantiene sistemas el\u00e9ctricos, incluidas soluciones de energ\u00eda de respaldo.<\/li>\n\n\n\n<li>Especialista en sistemas de energ\u00eda: se especializa en el dise\u00f1o, desarrollo y mantenimiento de sistemas de energ\u00eda. Tambi\u00e9n crean, desarrollan y mantienen soluciones de energ\u00eda de respaldo para diversas aplicaciones.<\/li>\n\n\n\n<li>Ingeniero de almacenamiento de energ\u00eda: dise\u00f1a y desarrolla sistemas de almacenamiento de energ\u00eda, incluidas soluciones de respaldo de bater\u00edas.<\/li>\n\n\n\n<li>Gerente de Proyecto \u2013 Soluciones de Energ\u00eda de Respaldo. Este gerente supervisa el dise\u00f1o, desarrollo e implementaci\u00f3n de soluciones de energ\u00eda de respaldo. Lo hacen para diversas aplicaciones comerciales, industriales y residenciales.<\/li>\n<\/ol>\n\n\n\n<h2 class=\"wp-block-heading\" id=\"why-do-businesses-need-backup-power-solutions\">\u00bfPor qu\u00e9 las empresas necesitan soluciones de energ\u00eda de respaldo?<\/h2>\n\n\n\n<p>Las empresas necesitan soluciones de energ\u00eda de respaldo por varias razones. En primer lugar, estas soluciones reducen el tiempo de inactividad. Un corte de energ\u00eda puede causar una p\u00e9rdida significativa de productividad e ingresos. Las soluciones de energ\u00eda de respaldo pueden ayudar a las empresas a continuar sus operaciones sin interrupciones. Por lo tanto, reducen el tiempo de inactividad durante los cortes de energ\u00eda.<\/p>\n\n\n\n<p>Los cortes de energ\u00eda pueden provocar la p\u00e9rdida de datos, cuya recuperaci\u00f3n puede resultar costosa y llevar mucho tiempo. Las soluciones de energ\u00eda de respaldo pueden garantizar que los sistemas y equipos cr\u00edticos permanezcan operativos. Protegen sistemas como servidores y centros de datos contra la p\u00e9rdida de datos.<\/p>\n\n\n\n<p>Otro peligro de los cortes de energ\u00eda es que pueden interrumpir los servicios y causar molestias a los clientes. Las soluciones de energ\u00eda de respaldo pueden ayudar a las empresas a mantener la satisfacci\u00f3n del cliente. Estas soluciones garantizan que los servicios esenciales permanezcan operativos durante los cortes de energ\u00eda. Por ejemplo, los clientes perder\u00e1n la conectividad a Internet cuando no haya electricidad.<\/p>\n\n\n\n<p>La ley exige que algunas empresas tengan soluciones de energ\u00eda de respaldo. Por ejemplo, la industria de la salud debe contar con estos sistemas. Si su empresa no sigue estas regulaciones, puede resultar en multas o acciones legales.<\/p>\n\n\n\n<p>Las soluciones de energ\u00eda de respaldo tambi\u00e9n pueden proteger contra sobretensiones y fluctuaciones de energ\u00eda. Estos eventos pueden da\u00f1ar el equipo y provocar tiempo de inactividad.<\/p>\n\n\n\n<h2 class=\"wp-block-heading\" id=\"key-success-factors\">Factores claves del \u00e9xito<\/h2>\n\n\n\n<figure class=\"gb-block-image gb-block-image-45779661\"><img loading=\"lazy\" decoding=\"async\" width=\"1456\" height=\"816\" class=\"gb-image gb-image-45779661\" src=\"https:\/\/www.sisinternational.com\/wp-content\/uploads\/2025\/08\/Backup-Power-Solutions-1.jpg\" alt=\"Investigaci\u00f3n y estrategia de mercado internacional de SIS\" title=\"Backup Power Solutions (1)\" srcset=\"https:\/\/www.sisinternational.com\/wp-content\/uploads\/2025\/08\/Backup-Power-Solutions-1.jpg 1456w, https:\/\/www.sisinternational.com\/wp-content\/uploads\/2025\/08\/Backup-Power-Solutions-1-300x168.jpg 300w, https:\/\/www.sisinternational.com\/wp-content\/uploads\/2025\/08\/Backup-Power-Solutions-1-1024x574.jpg 1024w, https:\/\/www.sisinternational.com\/wp-content\/uploads\/2025\/08\/Backup-Power-Solutions-1-768x430.jpg 768w, https:\/\/www.sisinternational.com\/wp-content\/uploads\/2025\/08\/Backup-Power-Solutions-1-18x10.jpg 18w\" sizes=\"auto, (max-width: 1456px) 100vw, 1456px\"><\/figure>\n\n\n\n<p><\/p>\n\n\n\n<p>El factor de \u00e9xito m\u00e1s cr\u00edtico para las soluciones de energ\u00eda de respaldo es la confiabilidad. Las soluciones de energ\u00eda de respaldo deben proporcionar un suministro de energ\u00eda confiable e ininterrumpido. Adem\u00e1s, estas soluciones deber\u00edan hacer funcionar equipos y sistemas esenciales durante los cortes de energ\u00eda.<\/p>\n\n\n\n<p>Las copias de seguridad deben ser escalables y adaptables a las necesidades cambiantes de una empresa. Adem\u00e1s, deber\u00edan poder soportar nuevos equipos y sistemas a medida que la empresa crece y evoluciona.<\/p>\n\n\n\n<p>El mantenimiento regular de las soluciones de energ\u00eda de respaldo es crucial. Afecta su confiabilidad y efectividad a largo plazo.<\/p>\n\n\n\n<p>Los t\u00e9cnicos deben realizar pruebas y mantenimiento programados para garantizar que las soluciones de energ\u00eda de respaldo funcionen.<\/p>\n\n\n\n<p>Las soluciones de energ\u00eda de respaldo deben ser compatibles con sus sistemas y equipos el\u00e9ctricos existentes. Los problemas de compatibilidad pueden provocar fallos del sistema y tiempo de inactividad.<\/p>\n\n\n\n<p>Las soluciones de energ\u00eda de respaldo deben ser rentables y ofrecer valor por el dinero gastado. Ser\u00eda \u00fatil considerar el costo total de propiedad al seleccionar soluciones de energ\u00eda de respaldo. Incluya los costos de instalaci\u00f3n, mantenimiento y operaci\u00f3n en sus c\u00e1lculos.<\/p>\n\n\n\n<p>Integre soluciones de energ\u00eda de respaldo en la estrategia de administraci\u00f3n de energ\u00eda de su negocio. Deber\u00edan ser parte de un plan integral. Este plan deber\u00eda incluir medidas de eficiencia energ\u00e9tica, fuentes de energ\u00eda renovables y conectividad a la red.<\/p>\n\n\n\n<p>Debe capacitar a sus empleados para operar y mantener soluciones de energ\u00eda de respaldo. La capacitaci\u00f3n puede garantizar el uso eficaz de las soluciones de energ\u00eda de respaldo. Puede ayudar a reducir el tiempo de inactividad durante los cortes de energ\u00eda.<\/p>\n\n\n\n<p>Estos factores cr\u00edticos de \u00e9xito pueden garantizar que las empresas tengan energ\u00eda durante los cortes. De este modo pueden mantener operaciones esenciales y protegerse contra la p\u00e9rdida de datos.<\/p>\n\n\n\n<h2 class=\"wp-block-heading\" id=\"about-backup-power-solutions-market-research\">Acerca de la investigaci\u00f3n de mercado de soluciones de energ\u00eda de respaldo<\/h2>\n\n\n\n<p><a class=\"wpil_keyword_link\" href=\"https:\/\/www.sisinternational.com\/es\/soluciones\/soluciones-de-investigacion-cualitativa-cuantitativa\/\"   title=\"Soluciones de investigaci\u00f3n cualitativa y cuantitativa\" data-wpil-keyword-link=\"linked\"  data-wpil-monitor-id=\"704\">Investigaci\u00f3n de mercado cuantitativa<\/a> is efficient. It allows busy entrepreneurs to collect large volumes of data fast. Quantitative Research also provides a general view of your target demographic. It goes beyond the participants of your Surveys. In contrast, <a class=\"wpil_keyword_link\" href=\"https:\/\/www.sisinternational.com\/es\/future-trends-in-qualitative-market-research\/\"   title=\"Future Trends in Qualitative Market Research\" data-wpil-keyword-link=\"linked\"  data-wpil-monitor-id=\"703\">Investigaci\u00f3n de Mercado Cualitativa<\/a> focuses on how people feel. It tells you what they think and why they make their choices. This method includes Focus Groups and direct one-on-one Interviews.<\/p>\n\n\n\n<p>UX Market <a href=\"https:\/\/www.sisinternational.com\/es\/pericia\/industrias\/investigacion-de-mercado-de-energia-nuclear\/\" title=\"Investigaci\u00f3n de mercado de energ\u00eda nuclear\"  data-wpil-monitor-id=\"3309\">Investigaci\u00f3n<\/a> lets you identify how consumers use your backup power solutions. <a href=\"https:\/\/www.sisinternational.com\/es\/pericia\/industrias\/investigacion-de-mercado-de-generacion-de-energia\/\" title=\"Investigaci\u00f3n de mercado de generaci\u00f3n de energ\u00eda\"  data-wpil-monitor-id=\"3072\">Investigaci\u00f3n de entrada al mercado<\/a> and Strategy Market Research allow you to reduce risk. They also show you opportunities when entering an unknown market. Keep in mind that these markets might become your target audience.<\/p>\n\n\n\n<p>It\u2019s also essential to do <a href=\"https:\/\/www.sisinternational.com\/es\/pericia\/industrias\/investigacion-de-mercado-de-resina\/\" title=\"Investigaci\u00f3n de mercado de resina\"  data-wpil-monitor-id=\"3210\">Investigaci\u00f3n de dimensionamiento del mercado<\/a>. This research estimates how much profit you can make from your business. You\u2019ll also need to do a Competitive Analysis. This analysis will help you understand your competitors\u2019 strengths and weaknesses. It also allows you to find gaps in the market.<\/p>\n\n\n\n<p>SIS International Research brinda ayuda en todas estas categor\u00edas. Nos especializamos en ayudar a nuestros clientes a aprovechar al m\u00e1ximo la investigaci\u00f3n de mercado. Conozca m\u00e1s sobre nuestras estrategias para empresas de Backup Power Solutions. \u00a1Le ayudaremos a encontrar las mejores formas de seguir haciendo crecer su negocio!<\/p>\n\n\n<h2>Nuestra ubicaci\u00f3n de instalaciones en Nueva York<\/h2>\n<p><!-- \/wp:post-content --> <!-- wp:html --> <iframe loading=\"lazy\" src=\"https:\/\/www.google.com\/maps\/embed?pb=!1m18!1m12!1m3!1d3022.976188376966!2d-73.99130312499956!3d40.740549471389315!2m3!1f0!2f0!3f0!3m2!1i1024!2i768!4f13.1!3m3!1m2!1s0x89c259a15798c731%3A0xd695d09bdd495f25!2s11%20E%2022nd%20St%20FL%202%2C%20New%20York%2C%20NY%2010010%2C%20USA!5e0!3m2!1sen!2spe!4v1726171763526!5m2!1sen!2spe\" width=\"600\" height=\"450\" allowfullscreen=\"allowfullscreen\" data-mce-fragment=\"1\"><\/iframe> <!-- \/wp:html --> <!-- wp:paragraph --><\/p>\n<h3 class=\"wp-block-heading\">11 E 22nd Street, Piso 2, Nueva York, NY 10010 T: +1(212) 505-6805<\/h3>\n<hr \/>\n<h2><span style=\"font-weight: 400;\">Acerca de SIS Internacional<\/span><\/h2>\n<p><a href=\"https:\/\/www.sisinternational.com\/es\/\"><span style=\"font-weight: 400;\">SIS Internacional<\/span><\/a><span style=\"font-weight: 400;\"> ofrece investigaci\u00f3n cuantitativa, cualitativa y estrat\u00e9gica. Proporcionamos datos, herramientas, estrategias, informes y conocimientos para la toma de decisiones. Tambi\u00e9n realizamos entrevistas, encuestas, grupos focales y otros m\u00e9todos y enfoques de investigaci\u00f3n de mercado.<\/span><a href=\"https:\/\/www.sisinternational.com\/es\/sobre-la-investigacion-internacional-de-sis\/contact-sis-international-market-research\/\"><span style=\"font-weight: 400;\"> P\u00f3ngase en contacto con nosotros<\/span><\/a><span style=\"font-weight: 400;\"> para su pr\u00f3ximo proyecto de Investigaci\u00f3n de Mercado.<\/span><\/p>\n<p><!-- wp:heading --><\/p><!-- \/wp:heading -->","protected":false},"excerpt":{"rendered":"<p>Las soluciones de energ\u00eda de respaldo se refieren a sistemas o dispositivos que proporcionan energ\u00eda el\u00e9ctrica. Se activan durante cortes de energ\u00eda u otras interrupciones.<\/p>","protected":false},"author":1,"featured_media":64741,"parent":14514,"menu_order":232,"comment_status":"closed","ping_status":"closed","template":"","meta":{"footnotes":""},"class_list":["post-42274","page","type-page","status-publish","has-post-thumbnail"],"_links":{"self":[{"href":"https:\/\/www.sisinternational.com\/es\/wp-json\/wp\/v2\/pages\/42274","targetHints":{"allow":["GET"]}}],"collection":[{"href":"https:\/\/www.sisinternational.com\/es\/wp-json\/wp\/v2\/pages"}],"about":[{"href":"https:\/\/www.sisinternational.com\/es\/wp-json\/wp\/v2\/types\/page"}],"author":[{"embeddable":true,"href":"https:\/\/www.sisinternational.com\/es\/wp-json\/wp\/v2\/users\/1"}],"replies":[{"embeddable":true,"href":"https:\/\/www.sisinternational.com\/es\/wp-json\/wp\/v2\/comments?post=42274"}],"version-history":[{"count":9,"href":"https:\/\/www.sisinternational.com\/es\/wp-json\/wp\/v2\/pages\/42274\/revisions"}],"predecessor-version":[{"id":77571,"href":"https:\/\/www.sisinternational.com\/es\/wp-json\/wp\/v2\/pages\/42274\/revisions\/77571"}],"up":[{"embeddable":true,"href":"https:\/\/www.sisinternational.com\/es\/wp-json\/wp\/v2\/pages\/14514"}],"wp:featuredmedia":[{"embeddable":true,"href":"https:\/\/www.sisinternational.com\/es\/wp-json\/wp\/v2\/media\/64741"}],"wp:attachment":[{"href":"https:\/\/www.sisinternational.com\/es\/wp-json\/wp\/v2\/media?parent=42274"}],"curies":[{"name":"wp","href":"https:\/\/api.w.org\/{rel}","templated":true}]}}