{"id":41922,"date":"2023-03-19T16:07:57","date_gmt":"2023-03-19T20:07:57","guid":{"rendered":"https:\/\/www.sisinternational.com\/?page_id=41922"},"modified":"2026-03-12T13:26:42","modified_gmt":"2026-03-12T17:26:42","slug":"investigacion-de-mercado-de-soja","status":"publish","type":"page","link":"https:\/\/www.sisinternational.com\/es\/soluciones\/investigacion-de-mercado-de-la-industria-de-alimentos-y-bebidas\/investigacion-de-mercado-de-soja\/","title":{"rendered":"Investigaci\u00f3n de mercado de soja"},"content":{"rendered":"<h1 class=\"wp-block-heading\">Investigaci\u00f3n de mercado de soja<\/h1>\n\n\n\n<figure class=\"gb-block-image gb-block-image-650cd381\"><img loading=\"lazy\" decoding=\"async\" width=\"1456\" height=\"816\" class=\"gb-image gb-image-650cd381\" src=\"https:\/\/www.sisinternational.com\/wp-content\/uploads\/2025\/08\/Bean-soybean-8.jpg\" alt=\"Investigaci\u00f3n y estrategia de mercado internacional de SIS\" title=\"Bean soybean (8)\" srcset=\"https:\/\/www.sisinternational.com\/wp-content\/uploads\/2025\/08\/Bean-soybean-8.jpg 1456w, https:\/\/www.sisinternational.com\/wp-content\/uploads\/2025\/08\/Bean-soybean-8-300x168.jpg 300w, https:\/\/www.sisinternational.com\/wp-content\/uploads\/2025\/08\/Bean-soybean-8-1024x574.jpg 1024w, https:\/\/www.sisinternational.com\/wp-content\/uploads\/2025\/08\/Bean-soybean-8-768x430.jpg 768w, https:\/\/www.sisinternational.com\/wp-content\/uploads\/2025\/08\/Bean-soybean-8-18x10.jpg 18w\" sizes=\"auto, (max-width: 1456px) 100vw, 1456px\"><\/figure>\n\n\n\n<p><\/p>\n\n\n\n<p>La investigaci\u00f3n de mercado de la soja recopila y analiza datos relacionados con la industria de la soja, incluida la oferta, la demanda, los precios y las tendencias del mercado. El prop\u00f3sito de la investigaci\u00f3n de mercado de la soja es comprender mejor el mercado de la soja y las diversas ofertas de productos de la industria. La investigaci\u00f3n del mercado de la soja proporciona informaci\u00f3n sobre los distintos factores que la afectan, como los cambios en la demanda de los consumidores, los cambios clim\u00e1ticos, la implementaci\u00f3n de directrices regulatorias y las interrupciones de la cadena de suministro.<\/p>\n\n\n\n<h2 class=\"wp-block-heading\">Segmentaci\u00f3n del mercado de la soja<\/h2>\n\n\n\n<p>La industria de la soja se puede agrupar en varios segmentos seg\u00fan diferentes criterios. A continuaci\u00f3n se muestran algunas formas comunes de categorizar la industria de la soja:<\/p>\n\n\n\n<h3 class=\"wp-block-heading\">Clasificaci\u00f3n del producto<\/h3>\n\n\n\n<p>Los productos de soja se clasifican seg\u00fan su uso y procesamiento. Ejemplos de estos son la soja entera, la harina de soja, el aceite de soja y los aislados de prote\u00edna de soja.<\/p>\n\n\n\n<h3 class=\"wp-block-heading\">Aplicaci\u00f3n en otras industrias<\/h3>\n\n\n\n<figure class=\"gb-block-image gb-block-image-8c2be954\"><img loading=\"lazy\" decoding=\"async\" width=\"1456\" height=\"816\" class=\"gb-image gb-image-8c2be954\" src=\"https:\/\/www.sisinternational.com\/wp-content\/uploads\/2025\/08\/Bean-soybean-3.jpg\" alt=\"Investigaci\u00f3n y estrategia de mercado internacional de SIS\" title=\"Bean soybean (3)\" srcset=\"https:\/\/www.sisinternational.com\/wp-content\/uploads\/2025\/08\/Bean-soybean-3.jpg 1456w, https:\/\/www.sisinternational.com\/wp-content\/uploads\/2025\/08\/Bean-soybean-3-300x168.jpg 300w, https:\/\/www.sisinternational.com\/wp-content\/uploads\/2025\/08\/Bean-soybean-3-1024x574.jpg 1024w, https:\/\/www.sisinternational.com\/wp-content\/uploads\/2025\/08\/Bean-soybean-3-768x430.jpg 768w, https:\/\/www.sisinternational.com\/wp-content\/uploads\/2025\/08\/Bean-soybean-3-18x10.jpg 18w\" sizes=\"auto, (max-width: 1456px) 100vw, 1456px\"><\/figure>\n\n\n\n<p><\/p>\n\n\n\n<p>Los productos de soja se pueden clasificar seg\u00fan su aplicaci\u00f3n en diversas industrias, como la de alimentos y bebidas, alimentaci\u00f3n animal, biocombustibles y productos industriales.<\/p>\n\n\n\n<h3 class=\"wp-block-heading\">Canales de distribucion<\/h3>\n\n\n\n<p>Esto incluir\u00e1 los canales de distribuci\u00f3n a trav\u00e9s de los cuales se venden. Los canales minoristas, como los supermercados y las tiendas especializadas, as\u00ed como los canales comerciales, como los restaurantes y los fabricantes de alimentos, entran en esta categor\u00eda.<\/p>\n\n\n\n<h3 class=\"wp-block-heading\">Geograf\u00eda<\/h3>\n\n\n\n<p>La industria de la soja se puede dividir en varias \u00e1reas donde se produce localmente. Adem\u00e1s, esto incluir\u00e1 a los pa\u00edses que exportan soja y sus derivados a nivel mundial.<\/p>\n\n\n\n<h3 class=\"wp-block-heading\">Producto final<\/h3>\n\n\n\n<figure class=\"gb-block-image gb-block-image-8b4b9f0f\"><img loading=\"lazy\" decoding=\"async\" width=\"1456\" height=\"816\" class=\"gb-image gb-image-8b4b9f0f\" src=\"https:\/\/www.sisinternational.com\/wp-content\/uploads\/2025\/08\/Bean-soybean-1.jpg\" alt=\"Investigaci\u00f3n y estrategia de mercado internacional de SIS\" title=\"Bean soybean (1)\" srcset=\"https:\/\/www.sisinternational.com\/wp-content\/uploads\/2025\/08\/Bean-soybean-1.jpg 1456w, https:\/\/www.sisinternational.com\/wp-content\/uploads\/2025\/08\/Bean-soybean-1-300x168.jpg 300w, https:\/\/www.sisinternational.com\/wp-content\/uploads\/2025\/08\/Bean-soybean-1-1024x574.jpg 1024w, https:\/\/www.sisinternational.com\/wp-content\/uploads\/2025\/08\/Bean-soybean-1-768x430.jpg 768w, https:\/\/www.sisinternational.com\/wp-content\/uploads\/2025\/08\/Bean-soybean-1-18x10.jpg 18w\" sizes=\"auto, (max-width: 1456px) 100vw, 1456px\"><\/figure>\n\n\n\n<p><\/p>\n\n\n\n<p>Los productos de soja se pueden clasificar seg\u00fan su utilizaci\u00f3n prevista. Esto incluir\u00e1, entre otros, lo siguiente:<\/p>\n\n\n\n<ul class=\"wp-block-list\">\n<li>Ingredientes de productos alimenticios como tofu, leche de soja, salsa de soja y sustitutos de la carne.<\/li>\n\n\n\n<li>Los alimentos para animales, como la harina de soja, proporcionan una fuente de prote\u00ednas y amino\u00e1cidos esenciales de alta calidad para la nutrici\u00f3n animal.<\/li>\n\n\n\n<li>El aceite de soja se utiliza en una variedad de aplicaciones industriales, incluso como lubricante, en tintas de impresi\u00f3n y en la fabricaci\u00f3n de biodiesel.<\/li>\n\n\n\n<li>El aislado de prote\u00edna de soja se utiliza a menudo como complemento nutricional, especialmente para atletas y culturistas que requieren una ingesta elevada de prote\u00ednas.<\/li>\n\n\n\n<li>Soybean oil is used in a variety of <a href=\"https:\/\/www.sisinternational.com\/es\/pericia\/curriculums-de-experiencia\/estudio-de-mercado-de-productos-de-cuidado-personal\/\" title=\"Investigaci\u00f3n de mercado de productos de cuidado personal\"  data-wpil-monitor-id=\"8109\">personal care products<\/a>, such as conditioners, moisturizers, and skincare products.<\/li>\n<\/ul>\n\n\n\n<h2 class=\"wp-block-heading\">Factores que afectan la investigaci\u00f3n de mercado de la soja<\/h2>\n\n\n\n<p>The soybean <a href=\"https:\/\/www.sisinternational.com\/es\/soluciones\/soluciones-de-branding-e-investigacion-de-clientes\/investigacion-de-mercado-de-influencers\/\" title=\"Investigaci\u00f3n de mercado de influencers\"  data-wpil-monitor-id=\"8112\">market is influenced<\/a> by a wide range of factors that can impact prices, supply and demand, and overall industry performance. Here are some of the <a href=\"https:\/\/www.sisinternational.com\/es\/pericia\/industrias\/investigacion-de-mercado-over-the-top-media-ott\/\" title=\"Investigaci\u00f3n de mercado de medios over the top (OTT)\"  data-wpil-monitor-id=\"6211\">top impacting factors in soybean market research:<\/a><\/p>\n\n\n\n<ul class=\"wp-block-list\">\n<li><strong>Demanda global:<\/strong> La soja es una fuente importante de prote\u00ednas y aceite para piensos, alimentos y biocombustibles. La demanda mundial de estos productos puede tener un impacto significativo en los precios y la producci\u00f3n de la soja.<\/li>\n\n\n\n<li><strong>Clima:<\/strong> Weather conditions such as droughts, floods, and extreme temperatures can affect soybean yields and quality. This can impact supply and <a href=\"https:\/\/www.sisinternational.com\/es\/soluciones\/investigacion-de-consultoria-estrategica-fintech\/investigacion-de-mercado-de-precios\/\" title=\"Investigaci\u00f3n de mercado de precios\"  data-wpil-monitor-id=\"8113\">prices in the soybean market<\/a>.<\/li>\n\n\n\n<li><strong>Pol\u00edticas comerciales:<\/strong> Las pol\u00edticas comerciales internacionales pueden afectar el flujo de soja y productos de soja entre pa\u00edses. Los acuerdos comerciales y los aranceles pueden afectar la demanda y los precios de la soja.<\/li>\n\n\n\n<li><strong>Pol\u00edticas gubernamentales:<\/strong> Las pol\u00edticas gubernamentales como subsidios, mandatos y regulaciones pueden afectar la producci\u00f3n y la demanda de soja. Por ejemplo, los mandatos de biocombustibles pueden aumentar la demanda de soja, mientras que las regulaciones ambientales pueden afectar las pr\u00e1cticas de producci\u00f3n.<\/li>\n\n\n\n<li><strong>Competencia de otros cultivos:<\/strong> La soja enfrenta la competencia de otros cultivos como el ma\u00edz, el trigo y la canola. Los cambios en los precios y la producci\u00f3n de los cultivos pueden afectar los precios y la demanda de la soja.<\/li>\n\n\n\n<li><strong>Avances tecnol\u00f3gicos:<\/strong> Los avances tecnol\u00f3gicos en gen\u00e9tica de cultivos, agricultura de precisi\u00f3n y procesamiento pueden mejorar el rendimiento, la calidad y la eficiencia de la soja. Estos avances pueden afectar los costos de producci\u00f3n y la oferta en el mercado de la soja.<\/li>\n\n\n\n<li><strong>Tendencias de consumo:<\/strong> Los cambios en las preferencias y tendencias de los consumidores pueden afectar la demanda de productos de soja como el tofu, la leche de soja y la salsa de soja. Esto puede afectar los precios y la producci\u00f3n de soja y productos de soja.<\/li>\n<\/ul>\n\n\n\n<h2 class=\"wp-block-heading\">M\u00e9todos utilizados para la investigaci\u00f3n del mercado de la soja<\/h2>\n\n\n\n<p>La investigaci\u00f3n de mercado de la soja implica recopilar y analizar datos relacionados con la industria de la soja, incluida la oferta, la demanda, los precios y las tendencias del mercado.<\/p>\n\n\n\n<h3 class=\"wp-block-heading\">Estos son los pasos generales necesarios para realizar una investigaci\u00f3n de mercado de la soja:<\/h3>\n\n\n\n<ul class=\"wp-block-list\">\n<li>Es imperativo que los objetivos de la investigaci\u00f3n est\u00e9n claramente definidos. Esto guiar\u00e1 la direcci\u00f3n de la investigaci\u00f3n del mercado de la soja.<br>Data and <a href=\"https:\/\/www.sisinternational.com\/es\/el-papel-del-desarrollo-de-procesos-y-sistemas-en-el-exito-organizacional\/\" title=\"Investigaci\u00f3n de Mercado de Dise\u00f1o Organizacional\"  data-wpil-monitor-id=\"8108\">strategies in soybean market<\/a> industry can be collected from credible sources, such as commercial and government reports and industry publications.<\/li>\n\n\n\n<li>Implementation of different research methods such as surveys, interviews, and focus <a href=\"https:\/\/www.sisinternational.com\/es\/cobertura\/europa\/investigacion-de-mercado-liverpool-reino-unido\/\" title=\"Investigaci\u00f3n de mercado en Liverpool | Grupos focales y recopilaci\u00f3n de datos del Reino Unido\"  data-wpil-monitor-id=\"8114\">groups can also be used to collect<\/a> data directly from farmers, consumers, and industry experts.<\/li>\n\n\n\n<li><a href=\"https:\/\/www.sisinternational.com\/es\/estudio-de-caso-de-sis-sobre-informacion-sobre-tiendas-en-todo-el-mundo\/\" title=\"Informaci\u00f3n sobre los compradores en la tienda: estudio de caso de investigaci\u00f3n de mercado\"  data-wpil-monitor-id=\"8111\">Market Research provides insights<\/a> that are analyzed to identify patterns, trends, and relationships between different aspects of the industry.<\/li>\n<\/ul>\n\n\n\n<h2 class=\"wp-block-heading\">Principales actores de la industria de la soja.<\/h2>\n\n\n\n<figure class=\"gb-block-image gb-block-image-78ee92e6\"><img loading=\"lazy\" decoding=\"async\" width=\"1456\" height=\"816\" class=\"gb-image gb-image-78ee92e6\" src=\"https:\/\/www.sisinternational.com\/wp-content\/uploads\/2025\/08\/Bean-soybean-4.jpg\" alt=\"Investigaci\u00f3n y estrategia de mercado internacional de SIS\" title=\"Bean soybean (4)\" srcset=\"https:\/\/www.sisinternational.com\/wp-content\/uploads\/2025\/08\/Bean-soybean-4.jpg 1456w, https:\/\/www.sisinternational.com\/wp-content\/uploads\/2025\/08\/Bean-soybean-4-300x168.jpg 300w, https:\/\/www.sisinternational.com\/wp-content\/uploads\/2025\/08\/Bean-soybean-4-1024x574.jpg 1024w, https:\/\/www.sisinternational.com\/wp-content\/uploads\/2025\/08\/Bean-soybean-4-768x430.jpg 768w, https:\/\/www.sisinternational.com\/wp-content\/uploads\/2025\/08\/Bean-soybean-4-18x10.jpg 18w\" sizes=\"auto, (max-width: 1456px) 100vw, 1456px\"><\/figure>\n\n\n\n<p><\/p>\n\n\n\n<p>La industria de la soja es grande y diversa, con muchos actores clave que operan en varios segmentos. \u00c9stos son algunos de los principales actores de la industria de la soja:<\/p>\n\n\n\n<ul class=\"wp-block-list\">\n<li>Archer-Daniels-Midland Co. (Aceites de soja)<\/li>\n\n\n\n<li>Cargill, Inc (aceite de soja)<\/li>\n\n\n\n<li>CHS Inc. (aceite de soja)<\/li>\n\n\n\n<li>Danone Norteam\u00e9rica (harina de soja)<\/li>\n\n\n\n<li>DuPont de Nemours, Inc. (productos de soja)<\/li>\n\n\n\n<li>Fuji Oil Group (productos\/ingredientes a base de soja)<\/li>\n\n\n\n<li>House Foods Corporation (tofu sin OGM)<\/li>\n\n\n\n<li>Kerry Group plc (soluci\u00f3n de alimentos de origen vegetal)<\/li>\n\n\n\n<li>Nordic Soya Oy (Concentrado de prote\u00edna de soja)<\/li>\n\n\n\n<li>Scoular (leche de soja)<\/li>\n<\/ul>\n\n\n\n<p>These companies are involved in different segments of the soybean industry, including production, processing, distribution, and marketing. They have a significant presence in other regions worldwide and play an essential role in shaping the soybean <a href=\"https:\/\/www.sisinternational.com\/es\/soluciones\/consultoria-estrategica\/investigacion-de-mercado-de-producto-minimo-viable\/\" title=\"Investigaci\u00f3n de mercado de producto m\u00ednimo viable\"  data-wpil-monitor-id=\"8115\">market through their production<\/a> and pricing decisions. Additionally, many smaller companies and farmers are involved in the soybean industry, particularly in developing countries where soybeans are a significant crop for smallholder farmers.<\/p>\n\n\n\n<h2 class=\"wp-block-heading\">Beneficios de realizar una investigaci\u00f3n de mercado de la soja<\/h2>\n\n\n\n<p>La investigaci\u00f3n de mercado de soja proporciona informaci\u00f3n beneficiosa por las siguientes razones:<\/p>\n\n\n\n<ul class=\"wp-block-list\">\n<li>La investigaci\u00f3n de mercado de la soja ayuda a las empresas a comprender las tendencias actuales del mercado, incluidos los cambios en la demanda, la oferta y los precios.<\/li>\n\n\n\n<li>Al analizar los datos del mercado, las empresas pueden identificar nuevas oportunidades en la industria de la soja, como mercados emergentes, nuevas aplicaciones o posibles colaboraciones con otras empresas.<\/li>\n\n\n\n<li>La investigaci\u00f3n del mercado de la soja puede ayudar a las empresas a identificar riesgos y desaf\u00edos potenciales, como cambios en las regulaciones, eventos clim\u00e1ticos o interrupciones en la cadena de suministro. Al comprender estos riesgos, las empresas pueden tomar medidas proactivas para gestionarlos y mitigar su impacto.<\/li>\n\n\n\n<li>By understanding the <a href=\"https:\/\/www.sisinternational.com\/es\/global-beverage-market\/\" title=\"Global Beverage Market: Market Dynamics, Growth Projections &amp; Consumer Insights\"  data-wpil-monitor-id=\"8110\">market dynamics and consumer<\/a> preferences, businesses can develop more competitive products and services that meet the needs of their customers.<\/li>\n<\/ul>\n\n\n\n<h2 class=\"wp-block-heading\">Acerca de la investigaci\u00f3n de mercado de la soja<\/h2>\n\n\n\n<p>Los resultados de la investigaci\u00f3n se pueden comunicar a las partes interesadas a trav\u00e9s de informes, presentaciones y visualizaciones. La investigaci\u00f3n del mercado de la soja proporciona informaci\u00f3n que tambi\u00e9n puede utilizarse para informar los debates de la industria y las decisiones pol\u00edticas. Los datos y las estrategias de la industria del mercado de la soja pueden guiar a los principales actores de la industria a tomar decisiones informadas. Varias industrias y empresas pueden optimizar sus estrategias de producci\u00f3n, precios y marketing, lo que puede conducir a una mayor rentabilidad y crecimiento.<\/p>","protected":false},"excerpt":{"rendered":"<p>La investigaci\u00f3n del mercado de la soja brinda informaci\u00f3n sobre la demanda de los consumidores, los cambios clim\u00e1ticos, las pautas regulatorias y las interrupciones de la cadena de suministro.<\/p>","protected":false},"author":1,"featured_media":63775,"parent":22018,"menu_order":228,"comment_status":"closed","ping_status":"closed","template":"","meta":{"footnotes":""},"class_list":["post-41922","page","type-page","status-publish","has-post-thumbnail"],"_links":{"self":[{"href":"https:\/\/www.sisinternational.com\/es\/wp-json\/wp\/v2\/pages\/41922","targetHints":{"allow":["GET"]}}],"collection":[{"href":"https:\/\/www.sisinternational.com\/es\/wp-json\/wp\/v2\/pages"}],"about":[{"href":"https:\/\/www.sisinternational.com\/es\/wp-json\/wp\/v2\/types\/page"}],"author":[{"embeddable":true,"href":"https:\/\/www.sisinternational.com\/es\/wp-json\/wp\/v2\/users\/1"}],"replies":[{"embeddable":true,"href":"https:\/\/www.sisinternational.com\/es\/wp-json\/wp\/v2\/comments?post=41922"}],"version-history":[{"count":5,"href":"https:\/\/www.sisinternational.com\/es\/wp-json\/wp\/v2\/pages\/41922\/revisions"}],"predecessor-version":[{"id":81366,"href":"https:\/\/www.sisinternational.com\/es\/wp-json\/wp\/v2\/pages\/41922\/revisions\/81366"}],"up":[{"embeddable":true,"href":"https:\/\/www.sisinternational.com\/es\/wp-json\/wp\/v2\/pages\/22018"}],"wp:featuredmedia":[{"embeddable":true,"href":"https:\/\/www.sisinternational.com\/es\/wp-json\/wp\/v2\/media\/63775"}],"wp:attachment":[{"href":"https:\/\/www.sisinternational.com\/es\/wp-json\/wp\/v2\/media?parent=41922"}],"curies":[{"name":"wp","href":"https:\/\/api.w.org\/{rel}","templated":true}]}}