{"id":41918,"date":"2023-03-19T15:00:13","date_gmt":"2023-03-19T19:00:13","guid":{"rendered":"https:\/\/www.sisinternational.com\/?page_id=41918"},"modified":"2026-01-25T16:37:06","modified_gmt":"2026-01-25T21:37:06","slug":"investigacion-de-mercado-de-textiles-inteligentes","status":"publish","type":"page","link":"https:\/\/www.sisinternational.com\/es\/pericia\/investigacion-de-mercado-de-textiles-inteligentes\/","title":{"rendered":"Investigaci\u00f3n de mercado de textiles inteligentes"},"content":{"rendered":"<h1 class=\"wp-block-heading\">Investigaci\u00f3n de mercado de textiles inteligentes<\/h1>\n\n\n\n<figure class=\"gb-block-image gb-block-image-69cb543f\"><img loading=\"lazy\" decoding=\"async\" width=\"1456\" height=\"816\" class=\"gb-image gb-image-69cb543f\" src=\"https:\/\/www.sisinternational.com\/wp-content\/uploads\/2025\/08\/Smart-clothes-smart-textiles-1.jpg\" alt=\"Investigaci\u00f3n y estrategia de mercado internacional de SIS\" title=\"Smart clothes smart textiles (1)\" srcset=\"https:\/\/www.sisinternational.com\/wp-content\/uploads\/2025\/08\/Smart-clothes-smart-textiles-1.jpg 1456w, https:\/\/www.sisinternational.com\/wp-content\/uploads\/2025\/08\/Smart-clothes-smart-textiles-1-300x168.jpg 300w, https:\/\/www.sisinternational.com\/wp-content\/uploads\/2025\/08\/Smart-clothes-smart-textiles-1-1024x574.jpg 1024w, https:\/\/www.sisinternational.com\/wp-content\/uploads\/2025\/08\/Smart-clothes-smart-textiles-1-768x430.jpg 768w, https:\/\/www.sisinternational.com\/wp-content\/uploads\/2025\/08\/Smart-clothes-smart-textiles-1-18x10.jpg 18w\" sizes=\"auto, (max-width: 1456px) 100vw, 1456px\"><\/figure>\n\n\n\n<div><\/div>\n\n\n\n<p>Los textiles inteligentes tambi\u00e9n se conocen como textiles electr\u00f3nicos o e-textiles. Son tejidos o materiales que integran componentes electr\u00f3nicos y tecnolog\u00eda. Por lo tanto, ofrecen una funcionalidad mejorada. Otra gran ventaja de estos textiles es que pueden responder a los cambios en su entorno. Por ejemplo, reaccionan a la temperatura o a la luz. Puede programarlos para realizar m\u00e1s funciones. Tambi\u00e9n pueden interactuar con otros dispositivos o sistemas.<\/p>\n\n\n\n<p><a href=\"https:\/\/www.sisinternational.com\/es\/investigacion-de-mercado-de-fabricacion-inteligente\/\" title=\"Investigaci\u00f3n de mercado de fabricaci\u00f3n inteligente\"  data-wpil-monitor-id=\"3621\">Manufacturers can make smart<\/a> textiles from a range of materials. For example, they can use natural fibers like cotton and silk. Or, they can work with synthetic materials like polyester and nylon. Furthermore, they can incorporate various electronic components. These components can include sensors, actuators, and conductive threads or yarns. The manufacturers weave, knit, or embroider them into the fabric.<\/p>\n\n\n\n<p>Un ejemplo de textiles inteligentes es la ropa que puede controlar los signos vitales o rastrear el movimiento. Otro ejemplo son los tejidos que pueden responder a los cambios ambientales. Estas telas cambian de color o de forma. Algunos textiles tambi\u00e9n pueden generar energ\u00eda mediante energ\u00eda solar o cin\u00e9tica. La gente utiliza textiles inteligentes en diversas aplicaciones. Algunos m\u00e1s comunes son los deportes y el fitness, la atenci\u00f3n sanitaria y el ej\u00e9rcito y la defensa.<\/p>\n\n\n\n<p>Smart textiles offer a wide range of possibilities for <a href=\"https:\/\/www.sisinternational.com\/es\/salud-inteligente\/\" title=\"Investigaci\u00f3n de mercado de salud inteligente\"  data-wpil-monitor-id=\"1953\">innovative<\/a> and functional designs. Moreover, they enhance the user experience and provide new levels of interactivity and connectivity.<\/p>\n\n\n\n<h2 class=\"wp-block-heading\">\u00bfPor qu\u00e9 son importantes los textiles inteligentes?<\/h2>\n\n\n\n<p>Los textiles inteligentes ofrecen una variedad de beneficios y aplicaciones. Por lo tanto, son un \u00e1rea importante de innovaci\u00f3n y desarrollo. A continuaci\u00f3n se presentan algunas razones por las que los textiles inteligentes son esenciales.<\/p>\n\n\n\n<p>Los textiles inteligentes pueden ofrecer una funcionalidad mejorada. Otro punto clave es que tienen capacidades que no son posibles con tejidos o materiales tradicionales.<\/p>\n\n\n\n<p>El dise\u00f1o de textiles inteligentes puede ofrecer mayor comodidad y conveniencia a los usuarios. Por ejemplo, algunos tejidos inteligentes ajustan sus propiedades t\u00e9rmicas en funci\u00f3n de las condiciones ambientales. Otros ofrecen propiedades que absorben la humedad para mejorar la transpirabilidad.<\/p>\n\n\n\n<p>Los fabricantes pueden dise\u00f1ar textiles inteligentes con un menor impacto ambiental que los textiles tradicionales. Por ejemplo, algunos textiles generan energ\u00eda mediante energ\u00eda solar o cin\u00e9tica. De hecho, reducen la necesidad de bater\u00edas u otras fuentes de energ\u00eda no renovables. Los textiles inteligentes ofrecen una plataforma para la innovaci\u00f3n y la creatividad en dise\u00f1o y funcionalidad. Los fabricantes contin\u00faan desarrollando nuevos componentes y materiales electr\u00f3nicos. Por tanto, las posibilidades de aplicaciones textiles inteligentes seguir\u00e1n ampli\u00e1ndose y evolucionando.<\/p>\n\n\n\n<p>Los textiles inteligentes pueden mejorar la salud y la seguridad en una variedad de aplicaciones. Por ejemplo, las personas pueden utilizar textiles para comprobar los signos vitales y detectar problemas de salud de forma temprana. Aquellos con sensores y otra tecnolog\u00eda pueden mejorar la seguridad de los trabajadores en entornos peligrosos.<\/p>\n\n\n\n<h2 class=\"wp-block-heading\">T\u00edtulos de trabajo clave<\/h2>\n\n\n\n<h3 class=\"wp-block-heading\">A continuaci\u00f3n se muestran algunos t\u00edtulos de trabajo clave relacionados con el campo de los textiles inteligentes:<\/h3>\n\n\n\n<ol class=\"wp-block-list\">\n<li><strong>Ingeniero Textil:<\/strong> dise\u00f1a y desarrolla productos textiles, incluidos textiles inteligentes. Trabajan con materiales, procesos y equipos. Estos ingenieros crean textiles que cumplen requisitos funcionales y est\u00e9ticos espec\u00edficos.<\/li>\n\n\n\n<li><strong>Dise\u00f1ador Textil:<\/strong> crea patrones, estampados y dise\u00f1os para productos textiles, incluidos textiles inteligentes. Utilizan software de dise\u00f1o asistido por computadora y otras herramientas. Estas herramientas crean dise\u00f1os textiles \u00fanicos e innovadores.<\/li>\n\n\n\n<li><strong>Ingeniero electronico:<\/strong> dise\u00f1a y desarrolla componentes y sistemas electr\u00f3nicos. Crean algunos de los sistemas utilizados en los textiles inteligentes. Estos ingenieros trabajan con sensores, microcontroladores y otros componentes electr\u00f3nicos. Crean sistemas electr\u00f3nicos funcionales y confiables.<\/li>\n\n\n\n<li><strong>Ingeniero de Sistemas Embebidos:<\/strong> dise\u00f1a y desarrolla sistemas de software y hardware. Integran estos sistemas en textiles inteligentes. Trabajan con microcontroladores, sensores y otros componentes. Estos ingenieros crean sistemas textiles receptivos e interactivos.<\/li>\n\n\n\n<li><strong>Dise\u00f1ador de tecnolog\u00eda port\u00e1til:<\/strong> Crea productos port\u00e1tiles que incorporan tecnolog\u00eda, incluidos textiles inteligentes. Dise\u00f1an productos que son funcionales, c\u00f3modos y est\u00e9ticamente agradables. Tambi\u00e9n incluyen componentes y sistemas electr\u00f3nicos en los productos que crean.<\/li>\n\n\n\n<li><strong>Gerente de producto:<\/strong> supervisa el desarrollo y lanzamiento de productos textiles inteligentes. Trabajan con ingenieros, dise\u00f1adores y otras partes interesadas. Garantizan que los productos satisfagan las necesidades del cliente y se entreguen a tiempo y dentro del presupuesto.<\/li>\n\n\n\n<li><strong>Investigador cient\u00edfico:<\/strong> conducts <a href=\"https:\/\/www.sisinternational.com\/es\/pericia\/industrias\/investigacion-de-mercado-de-ciudades-inteligentes\/\" title=\"Investigaci\u00f3n de mercado de ciudades inteligentes\"  data-wpil-monitor-id=\"3412\">research and development activities related to smart<\/a> textiles. They work to develop new materials, technologies, and applications for smart textiles. They may work in academia, government, or industry.<\/li>\n<\/ol>\n\n\n\n<h2 class=\"wp-block-heading\">Por qu\u00e9 las empresas necesitan textiles inteligentes<\/h2>\n\n\n\n<p>Las empresas pueden disfrutar del uso de textiles inteligentes de muchas maneras. Por ejemplo, es posible que necesiten textiles inteligentes por la ventaja competitiva que ofrecen. Obtienen esta ventaja al ofrecer productos \u00fanicos e innovadores. Los textiles inteligentes pueden diferenciar una empresa de sus competidores. Tambi\u00e9n pueden atraer clientes que buscan productos nuevos y avanzados.<br>Los textiles inteligentes pueden mejorar la experiencia del cliente. Ofrecen mayor funcionalidad, comodidad y conveniencia. Por ejemplo, los textiles inteligentes pueden proporcionar funciones de control de temperatura y absorci\u00f3n de humedad. El seguimiento de la actividad es otra caracter\u00edstica que puede mejorar la experiencia del usuario.<\/p>\n\n\n\n<p>Los textiles inteligentes pueden abrir nuevas fuentes de ingresos para las empresas. Por ejemplo, las empresas pueden vender productos textiles inteligentes a los consumidores. O pueden otorgar licencias de su tecnolog\u00eda a otras empresas. Adem\u00e1s, una variedad de industrias pueden utilizar textiles inteligentes. Estas industrias incluyen la atenci\u00f3n m\u00e9dica, los deportes y el fitness, y el ej\u00e9rcito y la defensa. Cada uno puede crear nuevas oportunidades de negocio.<\/p>\n\n\n\n<p>Los fabricantes pueden dise\u00f1ar textiles inteligentes para que tengan un menor impacto ambiental. Por este motivo, las empresas deber\u00edan centrarse en la sostenibilidad. Pueden utilizar textiles inteligentes para reducir su huella de carbono. La sostenibilidad tambi\u00e9n puede atraer a clientes preocupados por el medio ambiente.<\/p>\n\n\n\n<p>Los textiles inteligentes pueden mejorar la eficiencia empresarial. Automatizan procesos espec\u00edficos y proporcionan datos en tiempo real. Por ejemplo, los textiles inteligentes pueden rastrear el inventario y las operaciones de la cadena de suministro.<\/p>\n\n\n\n<p>Es posible que las empresas necesiten textiles inteligentes para seguir siendo competitivas e innovar. Estos textiles les permiten satisfacer las necesidades cambiantes de sus clientes.<\/p>\n\n\n\n<h2 class=\"wp-block-heading\">Factores claves del \u00e9xito<\/h2>\n\n\n\n<p>La innovaci\u00f3n es un factor de \u00e9xito crucial para las empresas que trabajan con textiles inteligentes. La capacidad de desarrollar productos nuevos y \u00fanicos que satisfagan las necesidades de los clientes es fundamental.<\/p>\n\n\n\n<p>La colaboraci\u00f3n es esencial para las empresas que trabajan con textiles inteligentes. Les permite acceder a una variedad de conocimientos y recursos. Las empresas deben trabajar con investigadores, fabricantes y otras partes interesadas. Puede ayudarles a mantenerse a la vanguardia del desarrollo textil inteligente.<\/p>\n\n\n\n<p>La experiencia t\u00e9cnica es fundamental para las empresas que trabajan con textiles inteligentes. Es esencial comprender los principios de la ingenier\u00eda textil, la electr\u00f3nica y los sistemas integrados. Les ayuda a desarrollar productos textiles inteligentes funcionales y fiables.<\/p>\n\n\n\n<p>Understanding the <a href=\"https:\/\/www.sisinternational.com\/es\/analisis-de-la-industria-textil\/\" title=\"Investigaci\u00f3n de Mercado Textil\"  data-wpil-monitor-id=\"2045\">market for smart textiles<\/a> is also essential. It\u2019s vital for businesses looking to succeed in this field. Firms must know the needs and preferences of target customers. They also need to know the competitive landscape. It can help them develop products that are successful in the marketplace.<\/p>\n\n\n\n<p>La escalabilidad es un factor de \u00e9xito cr\u00edtico para las empresas que trabajan con textiles inteligentes. La capacidad de ampliar la producci\u00f3n y la distribuci\u00f3n es esencial para satisfacer la demanda. Tambi\u00e9n garantiza la rentabilidad.<\/p>\n\n\n\n<p>Proteger la propiedad intelectual es esencial para las empresas que trabajan con textiles inteligentes. Las patentes, marcas registradas y otras formas de protecci\u00f3n pueden ayudar a las empresas a salvaguardar sus innovaciones. Tambi\u00e9n evita que los competidores copien sus productos.<\/p>\n\n\n\n<h2 class=\"wp-block-heading\">Acerca de la investigaci\u00f3n de mercado de textiles inteligentes<\/h2>\n\n\n\n<p>Why should you entrust your <a href=\"https:\/\/www.sisinternational.com\/es\/estudio-de-mercado-de-movilidad-inteligente\/\" title=\"Investigaci\u00f3n de mercado de movilidad inteligente\"  data-wpil-monitor-id=\"1917\">Investigaci\u00f3n de mercado de textiles inteligentes<\/a> to SIS International? The first reason is our infallible methods. These methods enable us to deliver high-level data integrity and accurate Competitive Analyses. We also provide impeccable Quantitative and <a class=\"wpil_keyword_link\" href=\"https:\/\/www.sisinternational.com\/es\/soluciones\/soluciones-de-investigacion-cualitativa-cuantitativa\/\"   title=\"Soluciones de investigaci\u00f3n cualitativa y cuantitativa\" data-wpil-keyword-link=\"linked\"  data-wpil-monitor-id=\"707\">Investigaci\u00f3n de Mercado Cualitativa<\/a>. You\u2019ll get the best customized <a href=\"https:\/\/www.sisinternational.com\/es\/investigacion-de-mercado-minorista-inteligente\/\" title=\"Investigaci\u00f3n de mercado minorista inteligente\"  data-wpil-monitor-id=\"2544\">Investigaci\u00f3n de oportunidades de mercado<\/a> to meet your needs. You also receive targeted Strategy Market Research. This research provides pertinent information and saves your readers\u2019 time.<\/p>\n\n\n\n<p>SIS provides B2B <a href=\"https:\/\/www.sisinternational.com\/es\/pericia\/industrias\/investigacion-de-mercado-de-resina\/\" title=\"Investigaci\u00f3n de mercado de resina\"  data-wpil-monitor-id=\"3216\">Investigaci\u00f3n de entrada al mercado<\/a> on high-growth emerging opportunities like smart textiles. We also offer UX Market Research and can provide Focus Groups and conduct Surveys and Interviews to inform your Go to Market Strategy.<\/p>","protected":false},"excerpt":{"rendered":"<p>Los textiles inteligentes, tambi\u00e9n conocidos como electr\u00f3nicos o e-textiles, son tejidos o materiales que integran tecnolog\u00eda y componentes electr\u00f3nicos. <\/p>","protected":false},"author":1,"featured_media":64557,"parent":14514,"menu_order":226,"comment_status":"closed","ping_status":"closed","template":"","meta":{"footnotes":""},"class_list":["post-41918","page","type-page","status-publish","has-post-thumbnail"],"_links":{"self":[{"href":"https:\/\/www.sisinternational.com\/es\/wp-json\/wp\/v2\/pages\/41918","targetHints":{"allow":["GET"]}}],"collection":[{"href":"https:\/\/www.sisinternational.com\/es\/wp-json\/wp\/v2\/pages"}],"about":[{"href":"https:\/\/www.sisinternational.com\/es\/wp-json\/wp\/v2\/types\/page"}],"author":[{"embeddable":true,"href":"https:\/\/www.sisinternational.com\/es\/wp-json\/wp\/v2\/users\/1"}],"replies":[{"embeddable":true,"href":"https:\/\/www.sisinternational.com\/es\/wp-json\/wp\/v2\/comments?post=41918"}],"version-history":[{"count":11,"href":"https:\/\/www.sisinternational.com\/es\/wp-json\/wp\/v2\/pages\/41918\/revisions"}],"predecessor-version":[{"id":77829,"href":"https:\/\/www.sisinternational.com\/es\/wp-json\/wp\/v2\/pages\/41918\/revisions\/77829"}],"up":[{"embeddable":true,"href":"https:\/\/www.sisinternational.com\/es\/wp-json\/wp\/v2\/pages\/14514"}],"wp:featuredmedia":[{"embeddable":true,"href":"https:\/\/www.sisinternational.com\/es\/wp-json\/wp\/v2\/media\/64557"}],"wp:attachment":[{"href":"https:\/\/www.sisinternational.com\/es\/wp-json\/wp\/v2\/media?parent=41918"}],"curies":[{"name":"wp","href":"https:\/\/api.w.org\/{rel}","templated":true}]}}