{"id":41915,"date":"2023-03-18T22:53:00","date_gmt":"2023-03-19T02:53:00","guid":{"rendered":"https:\/\/www.sisinternational.com\/?page_id=41915"},"modified":"2025-10-20T23:43:35","modified_gmt":"2025-10-21T03:43:35","slug":"estudio-de-mercado-de-transporte-y-logistica","status":"publish","type":"page","link":"https:\/\/www.sisinternational.com\/es\/pericia\/estudio-de-mercado-de-transporte-y-logistica\/","title":{"rendered":"Investigaci\u00f3n de Mercado de Transporte y Log\u00edstica"},"content":{"rendered":"<h1 class=\"wp-block-heading\">Investigaci\u00f3n de Mercado de Transporte y Log\u00edstica<\/h1>\n\n\n\n<figure class=\"gb-block-image gb-block-image-d6a35eda\"><img loading=\"lazy\" decoding=\"async\" width=\"1456\" height=\"816\" class=\"gb-image gb-image-d6a35eda\" src=\"https:\/\/www.sisinternational.com\/wp-content\/uploads\/2025\/08\/Dropshipping-1.jpg\" alt=\"Investigaci\u00f3n y estrategia de mercado internacional de SIS\" title=\"Dropshipping (1)\" srcset=\"https:\/\/www.sisinternational.com\/wp-content\/uploads\/2025\/08\/Dropshipping-1.jpg 1456w, https:\/\/www.sisinternational.com\/wp-content\/uploads\/2025\/08\/Dropshipping-1-300x168.jpg 300w, https:\/\/www.sisinternational.com\/wp-content\/uploads\/2025\/08\/Dropshipping-1-1024x574.jpg 1024w, https:\/\/www.sisinternational.com\/wp-content\/uploads\/2025\/08\/Dropshipping-1-768x430.jpg 768w, https:\/\/www.sisinternational.com\/wp-content\/uploads\/2025\/08\/Dropshipping-1-18x10.jpg 18w\" sizes=\"auto, (max-width: 1456px) 100vw, 1456px\"><\/figure>\n\n\n\n<p><\/p>\n\n\n\n<p>Al realizar una investigaci\u00f3n de mercado exhaustiva sobre la industria del transporte mar\u00edtimo y la log\u00edstica, las empresas obtienen informaci\u00f3n invaluable sobre tendencias clave, estrategias competitivas, potenciales de desarrollo y obst\u00e1culos.<\/p>\n\n\n\n<p>Este tipo de investigaci\u00f3n de mercado es esencial para cualquier empresa que opere en esta industria, ya que le permite tomar decisiones informadas sobre sus operaciones y prevenir riesgos potenciales en un sector altamente competitivo.<\/p>\n\n\n\n<h2 class=\"wp-block-heading\">Importancia de la investigaci\u00f3n de mercado del transporte mar\u00edtimo y la log\u00edstica<\/h2>\n\n\n\n<p>Shipping and logistics market research is a vital tool for businesses within this industry because it allows them to obtain in-depth data that assist decision-makers. Here are a few reasons why shipping and <a href=\"https:\/\/www.sisinternational.com\/es\/pericia\/industrias\/investigacion-de-mercado-de-logistica-de-terceros\/\" title=\"Investigaci\u00f3n de mercado de log\u00edstica de terceros\"  data-wpil-monitor-id=\"4761\">logistics market research<\/a> is so important:<\/p>\n\n\n\n<ul class=\"wp-block-list\">\n<li>Through exhaustive <a href=\"https:\/\/www.sisinternational.com\/es\/pericia\/industrias\/investigacion-del-mercado-de-transporte-de-mercancias\/\" title=\"Investigaci\u00f3n de mercado de carga: transporte y env\u00edo de carga\"  data-wpil-monitor-id=\"6484\">estudio de mercado de transporte y log\u00edstica<\/a>, businesses can correct the course of their operations and strategies by recognizing shifts in customer needs, technology breakthroughs, and fluctuations in demand. Being aware of these changes gives an organization a competitive edge that will subsequently result in higher returns.<\/li>\n\n\n\n<li>La investigaci\u00f3n de mercado de env\u00edo y log\u00edstica puede brindar a las empresas una ventaja al determinar las fortalezas, debilidades y participaci\u00f3n de mercado de su competencia. Esta informaci\u00f3n es esencial para dise\u00f1ar planes de marketing exitosos que ayudar\u00e1n a las empresas globales a obtener una ventaja revolucionaria.<\/li>\n\n\n\n<li>La investigaci\u00f3n de mercado revela negocios con \u00e1reas con alto potencial de crecimiento, como mercados nuevos, tecnolog\u00edas innovadoras y servicios innovadores. Estos datos pueden ayudar a las empresas a desarrollar sus operaciones y al mismo tiempo aumentar sus flujos de ingresos.<\/li>\n\n\n\n<li>La investigaci\u00f3n de mercado de transporte mar\u00edtimo y log\u00edstica ayuda a las empresas a reconocer posibles amenazas y problemas como cambios regulatorios, recesiones econ\u00f3micas y perturbaciones en la cadena de suministro. Esta informaci\u00f3n otorga a las empresas la capacidad de crear planes de contingencia y protegerse de los peligros.<\/li>\n<\/ul>\n\n\n\n<h2 class=\"wp-block-heading\">Mejores pr\u00e1cticas para realizar investigaciones de mercado de transporte y log\u00edstica<\/h2>\n\n\n\n<figure class=\"gb-block-image gb-block-image-84ccc661\"><img loading=\"lazy\" decoding=\"async\" width=\"1456\" height=\"816\" class=\"gb-image gb-image-84ccc661\" src=\"https:\/\/www.sisinternational.com\/wp-content\/uploads\/2025\/08\/Dropshipping-3.jpg\" alt=\"Investigaci\u00f3n y estrategia de mercado internacional de SIS\" title=\"Dropshipping (3)\" srcset=\"https:\/\/www.sisinternational.com\/wp-content\/uploads\/2025\/08\/Dropshipping-3.jpg 1456w, https:\/\/www.sisinternational.com\/wp-content\/uploads\/2025\/08\/Dropshipping-3-300x168.jpg 300w, https:\/\/www.sisinternational.com\/wp-content\/uploads\/2025\/08\/Dropshipping-3-1024x574.jpg 1024w, https:\/\/www.sisinternational.com\/wp-content\/uploads\/2025\/08\/Dropshipping-3-768x430.jpg 768w, https:\/\/www.sisinternational.com\/wp-content\/uploads\/2025\/08\/Dropshipping-3-18x10.jpg 18w\" sizes=\"auto, (max-width: 1456px) 100vw, 1456px\"><\/figure>\n\n\n\n<ul class=\"wp-block-list\">\n<li>Para obtener una comprensi\u00f3n profunda del mercado de env\u00edo y log\u00edstica, es recomendable considerar m\u00faltiples m\u00e9todos de investigaci\u00f3n, como encuestas, grupos focales y entrevistas. Al combinar diferentes enfoques en el proceso de investigaci\u00f3n, las empresas pueden obtener una imagen m\u00e1s clara de lo que sucede dentro de la industria.<\/li>\n\n\n\n<li>Es necesario comprender los patrones y regulaciones mundiales para garantizar un proyecto de investigaci\u00f3n exitoso en este espacio. Estar atento a las tendencias internacionales puede incluso brindar informaci\u00f3n relevante que es fundamental para el \u00e9xito en el env\u00edo o la log\u00edstica.<\/li>\n\n\n\n<li>Al trabajar junto a profesionales especializados en env\u00edo y log\u00edstica, las empresas pueden aprovechar su experiencia para garantizar que la investigaci\u00f3n sea relevante y precisa.<\/li>\n\n\n\n<li>El sector del transporte mar\u00edtimo y la log\u00edstica cambia constantemente y las tecnolog\u00edas de vanguardia tienen un efecto inmenso en \u00e9l. El seguimiento de estos avances puede ayudar a las organizaciones a encontrar oportunidades innovadoras, as\u00ed como peligros potenciales.<\/li>\n\n\n\n<li>Al utilizar herramientas de visualizaci\u00f3n de datos, la informaci\u00f3n compleja se puede presentar de manera efectiva y comprenderse m\u00e1s f\u00e1cilmente. Esto podr\u00eda resultar muy valioso a la hora de discutir los resultados de la investigaci\u00f3n con las partes interesadas.<\/li>\n<\/ul>\n\n\n\n<h2 class=\"wp-block-heading\">Tendencias del mercado en investigaci\u00f3n de mercado de transporte mar\u00edtimo y log\u00edstica.<\/h2>\n\n\n\n<p>Los estudios de mercado del transporte mar\u00edtimo y la log\u00edstica revelan varias tendencias que est\u00e1n redefiniendo este sector. Estas son algunas de sus tendencias m\u00e1s significativas:<\/p>\n\n\n\n<ul class=\"wp-block-list\">\n<li>El tremendo crecimiento del comercio electr\u00f3nico ha resultado en una necesidad extraordinaria de servicios de env\u00edo y log\u00edstica para satisfacer las necesidades de los consumidores. Seg\u00fan las tendencias actuales del mercado, los consumidores esperan que sus compras en l\u00ednea se entreguen r\u00e1pidamente. Para atender este aumento de la demanda, las empresas de reparto est\u00e1n dedicando esfuerzos a invertir en avances tecnol\u00f3gicos y en el desarrollo de infraestructura.<\/li>\n\n\n\n<li>Hay un mayor enfoque en la sostenibilidad a medida que los clientes y reguladores invierten m\u00e1s en reducir los impactos ambientales del transporte mar\u00edtimo. Para satisfacer esta demanda, las empresas de log\u00edstica han innovado utilizando combustibles alternativos y reduciendo las emisiones.<\/li>\n\n\n\n<li>Al integrar tecnolog\u00eda, las empresas de transporte y log\u00edstica no s\u00f3lo aumentan sus niveles de eficiencia, sino que tambi\u00e9n reducen costos. El an\u00e1lisis de datos tambi\u00e9n se utiliza actualmente para optimizar las cadenas de suministro, mientras que la automatizaci\u00f3n agiliza las operaciones.<\/li>\n\n\n\n<li>Las empresas recurren cada vez m\u00e1s a proveedores de log\u00edstica externos subcontratados para reducir costos y aumentar la eficiencia. Los estudios de mercado confirman que se trata de una tendencia creciente en el mundo empresarial.<\/li>\n\n\n\n<li>Las empresas del sector del transporte mar\u00edtimo y la log\u00edstica entienden que la experiencia del cliente es fundamental para el \u00e9xito. Por lo tanto, est\u00e1n invirtiendo mucho en ofrecer seguimiento de env\u00edos en tiempo real, opciones de entrega personalizadas y servicios especializados adaptados a las necesidades individuales de los clientes.<\/li>\n<\/ul>\n\n\n\n<h2 class=\"wp-block-heading\">El panorama competitivo en la industria del transporte mar\u00edtimo y la log\u00edstica<\/h2>\n\n\n\n<p>El transporte mar\u00edtimo y la log\u00edstica son un mercado altamente competitivo con innumerables contendientes que compiten por la atenci\u00f3n de los consumidores, y entre los actores m\u00e1s destacados de esta lucrativa industria se encuentran:<\/p>\n\n\n\n<ul class=\"wp-block-list\">\n<li><strong>DHL<\/strong> ofrece soluciones integrales, incluyendo transporte de carga a\u00e9rea y mar\u00edtima, servicios de almacenamiento y distribuci\u00f3n. Con su s\u00f3lida presencia en esta industria, DHL permite a las empresas entregar sus productos en todo el mundo con confianza.<\/li>\n\n\n\n<li><strong>Fedex<\/strong> es una empresa de servicios de mensajer\u00eda internacional que ofrece un conjunto completo de soluciones de env\u00edo y log\u00edstica en 220 pa\u00edses en todo el mundo. Desde correo urgente hasta transporte de carga, las posibilidades con FedEx son infinitas.<\/li>\n\n\n\n<li><strong>UPS<\/strong> es una empresa de gesti\u00f3n de la cadena de suministro y entrega de paquetes de renombre internacional que ofrece una amplia gama de servicios, que van desde soluciones comerciales a gran escala hasta servicio al cliente a peque\u00f1a escala.<\/li>\n\n\n\n<li><strong>Maersk<\/strong> es una compa\u00f1\u00eda naviera danesa que ofrece env\u00edo de contenedores y gesti\u00f3n de la cadena de suministro y ha creado una extensa red a nivel mundial.<\/li>\n<\/ul>\n\n\n\n<h2 class=\"wp-block-heading\">Oportunidades y desaf\u00edos en la industria del transporte mar\u00edtimo y la log\u00edstica.<\/h2>\n\n\n\n<figure class=\"gb-block-image gb-block-image-4ceea4dd\"><img loading=\"lazy\" decoding=\"async\" width=\"1456\" height=\"816\" class=\"gb-image gb-image-4ceea4dd\" src=\"https:\/\/www.sisinternational.com\/wp-content\/uploads\/2025\/08\/Dropshipping-2.jpg\" alt=\"Investigaci\u00f3n y estrategia de mercado internacional de SIS\" title=\"Dropshipping (2)\" srcset=\"https:\/\/www.sisinternational.com\/wp-content\/uploads\/2025\/08\/Dropshipping-2.jpg 1456w, https:\/\/www.sisinternational.com\/wp-content\/uploads\/2025\/08\/Dropshipping-2-300x168.jpg 300w, https:\/\/www.sisinternational.com\/wp-content\/uploads\/2025\/08\/Dropshipping-2-1024x574.jpg 1024w, https:\/\/www.sisinternational.com\/wp-content\/uploads\/2025\/08\/Dropshipping-2-768x430.jpg 768w, https:\/\/www.sisinternational.com\/wp-content\/uploads\/2025\/08\/Dropshipping-2-18x10.jpg 18w\" sizes=\"auto, (max-width: 1456px) 100vw, 1456px\"><\/figure>\n\n\n\n<p><\/p>\n\n\n\n<p>Los estudios de mercado del transporte mar\u00edtimo y la log\u00edstica muestran una serie de tendencias que actualmente facilitan o complican la actividad de las empresas de este sector. Algunas de las oportunidades y desaf\u00edos m\u00e1s importantes son los siguientes:<\/p>\n\n\n\n<h3 class=\"wp-block-heading\">Oportunidades<\/h3>\n\n\n\n<ul class=\"wp-block-list\">\n<li>A medida que el mundo busca soluciones al cambio clim\u00e1tico, invertir en pr\u00e1cticas de transporte y log\u00edstica ecol\u00f3gicas se vuelve cada vez m\u00e1s importante. Las empresas que opten por veh\u00edculos de bajas emisiones o fuentes de energ\u00eda renovables obtendr\u00e1n una ventaja sobre sus competidores, creando una gran oportunidad de crecimiento en este sector.<\/li>\n\n\n\n<li><a href=\"https:\/\/www.sisinternational.com\/es\/soluciones\/investigacion-de-mercado-de-ia-y-consultoria-estrategica\/consultoria-de-inteligencia-artificial-en-automatizacion-de-logistica-de-envio\/\" title=\"Consultor\u00eda en automatizaci\u00f3n de env\u00edos y log\u00edstica y IA\"  data-wpil-monitor-id=\"4377\">Shipping and logistics market research<\/a> reveal that companies that leverage automation, AI, and analytics can reduce operational costs while increasing productivity. By investing in these technological advancements, businesses will be well-prepared to compete in this industry.<\/li>\n\n\n\n<li>Con la creciente demanda del comercio electr\u00f3nico, las empresas especializadas en env\u00edos en el mismo d\u00eda tienen una oportunidad de oro para capitalizar. Adem\u00e1s, las empresas que forman parte de la industria del comercio electr\u00f3nico pueden invertir en su propia red log\u00edstica para obtener m\u00e1s control sobre el proceso de la cadena de suministro.<\/li>\n\n\n\n<li>Las empresas que inviertan ahora en mercados emergentes estar\u00e1n perfectamente situadas para recompensar el crecimiento a largo plazo. Esto se debe a la creciente demanda de bienes y servicios de las econom\u00edas en desarrollo.<\/li>\n\n\n\n<li>La satisfacci\u00f3n del cliente est\u00e1 aumentando r\u00e1pidamente como la m\u00e1xima prioridad en el env\u00edo y la log\u00edstica. Los clientes exigen tener visibilidad total de sus env\u00edos, con \u00e9nfasis en la confiabilidad. Las empresas que brinden una experiencia de primer nivel a los clientes podr\u00e1n diferenciarse y al mismo tiempo crear una base de consumidores leales.<\/li>\n<\/ul>\n\n\n\n<h3 class=\"wp-block-heading\">Desaf\u00edos<\/h3>\n\n\n\n<ul class=\"wp-block-list\">\n<li>Existen m\u00faltiples regulaciones en esta industria y las empresas deben cumplirlas. No cumplir con estas regulaciones puede resultar en multas costosas, demoras prolongadas y p\u00e9rdida de oportunidades comerciales.<\/li>\n\n\n\n<li>Puede resultar costoso actualizar y adquirir nuevas tecnolog\u00edas para mantenerse por delante de la competencia. Esto significa utilizar sofisticados sistemas de gesti\u00f3n del transporte, optimizar los procesos de automatizaci\u00f3n del almac\u00e9n y aprovechar el an\u00e1lisis basado en datos.<\/li>\n\n\n\n<li>La mala infraestructura y las limitaciones de capacidad pueden obstaculizar gravemente la industria del transporte mar\u00edtimo y la log\u00edstica. Los puertos, carreteras y otras instalaciones de transporte obsoletas o inadecuadas con frecuencia generan cargos adicionales para los clientes, as\u00ed como retrasos en los env\u00edos.<\/li>\n\n\n\n<li>La investigaci\u00f3n de mercado de transporte y log\u00edstica revela que las regulaciones medioambientales son cada vez m\u00e1s estrictas y las empresas del sector de transporte y log\u00edstica deben asegurarse de cumplirlas. Esto incluye el uso de combustibles m\u00e1s limpios, la inversi\u00f3n en tecnolog\u00edas energ\u00e9ticamente eficientes y la reducci\u00f3n de residuos.<\/li>\n<\/ul>\n\n\n\n<p>SIS International ofrece investigaci\u00f3n cuantitativa, cualitativa y estrat\u00e9gica. Proporcionamos datos, herramientas, estrategias, informes y insights para la toma de decisiones. Realizamos entrevistas, encuestas, grupos focales y muchos otros m\u00e9todos y enfoques de investigaci\u00f3n de mercado. Cont\u00e1ctenos para su pr\u00f3ximo proyecto de Investigaci\u00f3n de Mercado.<\/p>","protected":false},"excerpt":{"rendered":"<p>La investigaci\u00f3n de mercado de env\u00edo y log\u00edstica proporciona informaci\u00f3n sobre tendencias clave, estrategias competitivas, potenciales de desarrollo y obst\u00e1culos.<\/p>","protected":false},"author":1,"featured_media":64793,"parent":14514,"menu_order":225,"comment_status":"closed","ping_status":"closed","template":"","meta":{"footnotes":""},"class_list":["post-41915","page","type-page","status-publish","has-post-thumbnail"],"_links":{"self":[{"href":"https:\/\/www.sisinternational.com\/es\/wp-json\/wp\/v2\/pages\/41915","targetHints":{"allow":["GET"]}}],"collection":[{"href":"https:\/\/www.sisinternational.com\/es\/wp-json\/wp\/v2\/pages"}],"about":[{"href":"https:\/\/www.sisinternational.com\/es\/wp-json\/wp\/v2\/types\/page"}],"author":[{"embeddable":true,"href":"https:\/\/www.sisinternational.com\/es\/wp-json\/wp\/v2\/users\/1"}],"replies":[{"embeddable":true,"href":"https:\/\/www.sisinternational.com\/es\/wp-json\/wp\/v2\/comments?post=41915"}],"version-history":[{"count":6,"href":"https:\/\/www.sisinternational.com\/es\/wp-json\/wp\/v2\/pages\/41915\/revisions"}],"predecessor-version":[{"id":80067,"href":"https:\/\/www.sisinternational.com\/es\/wp-json\/wp\/v2\/pages\/41915\/revisions\/80067"}],"up":[{"embeddable":true,"href":"https:\/\/www.sisinternational.com\/es\/wp-json\/wp\/v2\/pages\/14514"}],"wp:featuredmedia":[{"embeddable":true,"href":"https:\/\/www.sisinternational.com\/es\/wp-json\/wp\/v2\/media\/64793"}],"wp:attachment":[{"href":"https:\/\/www.sisinternational.com\/es\/wp-json\/wp\/v2\/media?parent=41915"}],"curies":[{"name":"wp","href":"https:\/\/api.w.org\/{rel}","templated":true}]}}