{"id":41907,"date":"2023-03-18T21:27:05","date_gmt":"2023-03-19T01:27:05","guid":{"rendered":"https:\/\/www.sisinternational.com\/?page_id=41907"},"modified":"2026-01-27T16:38:48","modified_gmt":"2026-01-27T21:38:48","slug":"investigacion-de-mercado-de-generacion-de-energia","status":"publish","type":"page","link":"https:\/\/www.sisinternational.com\/es\/pericia\/investigacion-de-mercado-de-generacion-de-energia\/","title":{"rendered":"Investigaci\u00f3n de mercado de generaci\u00f3n de energ\u00eda"},"content":{"rendered":"<h1 class=\"wp-block-heading\">Investigaci\u00f3n de mercado de generaci\u00f3n de energ\u00eda<\/h1>\n\n\n\n<figure class=\"gb-block-image gb-block-image-7c498d99\"><img loading=\"lazy\" decoding=\"async\" width=\"1456\" height=\"816\" class=\"gb-image gb-image-7c498d99\" src=\"https:\/\/www.sisinternational.com\/wp-content\/uploads\/2025\/08\/Energy-Power-3.jpg\" alt=\"Investigaci\u00f3n y estrategia de mercado internacional de SIS\" title=\"Energy &amp; Power (3)\" srcset=\"https:\/\/www.sisinternational.com\/wp-content\/uploads\/2025\/08\/Energy-Power-3.jpg 1456w, https:\/\/www.sisinternational.com\/wp-content\/uploads\/2025\/08\/Energy-Power-3-300x168.jpg 300w, https:\/\/www.sisinternational.com\/wp-content\/uploads\/2025\/08\/Energy-Power-3-1024x574.jpg 1024w, https:\/\/www.sisinternational.com\/wp-content\/uploads\/2025\/08\/Energy-Power-3-768x430.jpg 768w, https:\/\/www.sisinternational.com\/wp-content\/uploads\/2025\/08\/Energy-Power-3-18x10.jpg 18w\" sizes=\"auto, (max-width: 1456px) 100vw, 1456px\"><\/figure>\n\n\n\n<p><\/p>\n\n\n\n<p>A medida que la necesidad de energ\u00eda aumenta a nivel mundial y la sostenibilidad y las fuentes de energ\u00eda renovables se vuelven m\u00e1s vitales que nunca, las empresas y las partes interesadas en el sector energ\u00e9tico deben utilizar la investigaci\u00f3n del mercado de generaci\u00f3n de energ\u00eda. A trav\u00e9s de la recopilaci\u00f3n y el an\u00e1lisis de datos, este tipo de investigaci\u00f3n descubre tendencias de la industria, eval\u00faa los niveles de competencia y reconoce cualquier oportunidad o riesgo potencial que pueda existir.<\/p>\n\n\n\n<h2 class=\"wp-block-heading\">Importancia de la investigaci\u00f3n de mercado de generaci\u00f3n de energ\u00eda<\/h2>\n\n\n\n<p>Al realizar investigaciones de mercado de generaci\u00f3n de energ\u00eda, las empresas y las partes interesadas obtienen informaci\u00f3n invaluable que les ayuda en sus procesos de toma de decisiones. Esto se logra recopilando y analizando datos sobre la producci\u00f3n, distribuci\u00f3n y consumo de electricidad de diversas fuentes, como combustibles f\u00f3siles, energ\u00eda nuclear o formas renovables.<\/p>\n\n\n\n<p>Permite a las empresas obtener una mejor comprensi\u00f3n de las tendencias actuales de la industria junto con su panorama competitivo, as\u00ed como las preferencias y comportamientos de los clientes.<\/p>\n\n\n\n<h3 class=\"wp-block-heading\">Por estos motivos, existen numerosas razones por las que investigar el mercado de generaci\u00f3n de energ\u00eda es fundamental.<\/h3>\n\n\n\n<ul class=\"wp-block-list\">\n<li>Companies and investors are consistently seeking to keep up with the most recent market trends, develop creative strategies and uncover emerging opportunities. Power <a href=\"https:\/\/www.sisinternational.com\/es\/investigacion-de-mercado-de-generacion-de-leads-b2b\/\" title=\"Investigaci\u00f3n de mercado de generaci\u00f3n de leads B2B\"  data-wpil-monitor-id=\"1353\">generation market research<\/a> enables stakeholders to stay informed about industry performance, consumer behavior, and changes in demand.<\/li>\n\n\n\n<li>Through the use of power <a href=\"https:\/\/www.sisinternational.com\/es\/soluciones\/investigacion-de-mercado-de-ia-y-consultoria-estrategica\/investigacion-de-mercado-de-ia-generativa\/\" title=\"Investigaci\u00f3n de mercado de IA generativa\"  data-wpil-monitor-id=\"2025\">generation market research<\/a>, businesses can obtain a competitive edge and refine their marketing tactics, optimize operations and set themselves apart from competing businesses.<\/li>\n\n\n\n<li>By conducting <a href=\"https:\/\/www.sisinternational.com\/es\/pericia\/industrias\/investigacion-de-mercado-de-energia-nuclear\/\" title=\"Investigaci\u00f3n de mercado de energ\u00eda nuclear\"  data-wpil-monitor-id=\"3307\">market research in the power<\/a> generation sector, businesses can identify their customers\u2019 behaviors and needs. This includes learning how they use energy sources and gauging what they are willing to pay for different types of energy solutions. With this knowledge, companies can devise products and services that satisfy their consumers&#8217; demands and desires.<\/li>\n\n\n\n<li>By conducting <a href=\"https:\/\/www.sisinternational.com\/es\/pericia\/industrias\/investigacion-de-mercado-de-herramientas-electricas\/\" title=\"Investigaci\u00f3n de mercado de herramientas el\u00e9ctricas\"  data-wpil-monitor-id=\"4050\">investigaci\u00f3n de mercado de generaci\u00f3n de energ\u00eda<\/a>, businesses can identify potential risks and challenges ahead of time. This could involve changes in regulations or shifts in consumer demand that may pose hazards if left unchecked. With this knowledge, companies have the opportunity to create strategic plans to counter these issues before they arise \u2013 thus allowing for a more stable future down the line.<\/li>\n<\/ul>\n\n\n\n<h2 class=\"wp-block-heading\">Tendencias actuales de la investigaci\u00f3n de mercado de generaci\u00f3n de energ\u00eda.<\/h2>\n\n\n\n<figure class=\"gb-block-image gb-block-image-06ab0b56\"><img loading=\"lazy\" decoding=\"async\" width=\"1456\" height=\"816\" class=\"gb-image gb-image-06ab0b56\" src=\"https:\/\/www.sisinternational.com\/wp-content\/uploads\/2025\/08\/NUclear-plant-nuclear-power-3.jpg\" alt=\"Investigaci\u00f3n y estrategia de mercado internacional de SIS\" title=\"NUclear plant nuclear power (3)\" srcset=\"https:\/\/www.sisinternational.com\/wp-content\/uploads\/2025\/08\/NUclear-plant-nuclear-power-3.jpg 1456w, https:\/\/www.sisinternational.com\/wp-content\/uploads\/2025\/08\/NUclear-plant-nuclear-power-3-300x168.jpg 300w, https:\/\/www.sisinternational.com\/wp-content\/uploads\/2025\/08\/NUclear-plant-nuclear-power-3-1024x574.jpg 1024w, https:\/\/www.sisinternational.com\/wp-content\/uploads\/2025\/08\/NUclear-plant-nuclear-power-3-768x430.jpg 768w, https:\/\/www.sisinternational.com\/wp-content\/uploads\/2025\/08\/NUclear-plant-nuclear-power-3-18x10.jpg 18w\" sizes=\"auto, (max-width: 1456px) 100vw, 1456px\"><\/figure>\n\n\n\n<ul class=\"wp-block-list\">\n<li>A medida que la comunidad global se moviliza para mitigar el cambio clim\u00e1tico y reducir las emisiones de carbono, las fuentes de energ\u00eda renovables est\u00e1n ganando una atenci\u00f3n sustancial. La energ\u00eda e\u00f3lica, los paneles solares y la energ\u00eda hidroel\u00e9ctrica se han convertido en elementos b\u00e1sicos de la investigaci\u00f3n de mercado a medida que los expertos de la industria examinan su potencial para la generaci\u00f3n de electricidad.<\/li>\n\n\n\n<li>La industria de generaci\u00f3n de energ\u00eda est\u00e1 atravesando un per\u00edodo de transformaci\u00f3n debido a la aparici\u00f3n de tecnolog\u00edas innovadoras como redes inteligentes, dispositivos de almacenamiento de energ\u00eda y veh\u00edculos el\u00e9ctricos. Se est\u00e1n llevando a cabo iniciativas de investigaci\u00f3n de mercado para evaluar el impacto de estos nuevos desarrollos en las empresas de este sector y descubrir oportunidades lucrativas para ellas.<\/li>\n\n\n\n<li>Government regulations and policies present a major influence on the power generation sector. To better understand these changes, power <a href=\"https:\/\/www.sisinternational.com\/es\/publicaciones\/investigacion-de-mercado-de-generacion-alfa\/\" title=\"Investigaci\u00f3n de mercado de generaci\u00f3n alfa\"  data-wpil-monitor-id=\"6657\">generation market research<\/a> analyzes the regulatory environment and pinpoint any impending shifts in regulation that could have an impact on the industry.<\/li>\n\n\n\n<li>Las empresas est\u00e1n invirtiendo en los mercados emergentes, ya que son testigos de un crecimiento significativo en la generaci\u00f3n de energ\u00eda debido al desarrollo econ\u00f3mico. Para capitalizar estas oportunidades y afrontar cualquier desaf\u00edo, la investigaci\u00f3n del mercado de generaci\u00f3n de energ\u00eda es clave para las empresas que buscan el \u00e9xito en estos mercados.<\/li>\n<\/ul>\n\n\n\n<h2 class=\"wp-block-heading\">Principales actores y panorama competitivo en el mercado de generaci\u00f3n de energ\u00eda.<\/h2>\n\n\n\n<h3 class=\"wp-block-heading\">La industria de generaci\u00f3n de energ\u00eda es un \u00e1mbito intensamente competitivo, con una multitud de organizaciones destacadas que compiten por su porci\u00f3n del mercado. \u00c9stos son algunos de los jugadores m\u00e1s destacados en el campo:<\/h3>\n\n\n\n<ul class=\"wp-block-list\">\n<li>General Electric (GE): GE stands as a giant in the power generation market, offering innovative products and services that span multiple energy sources. From conventional to renewable-based <a href=\"https:\/\/www.sisinternational.com\/es\/lo-que-el-viento-se-llevo-la-crisis-financiera-y-la-energia-eolica\/\" title=\"\u00bfLo que el viento se llev\u00f3? La crisis financiera y la energ\u00eda e\u00f3lica\"  data-wpil-monitor-id=\"7491\">energies such as wind<\/a>, solar, and hydropower.<\/li>\n\n\n\n<li>Siemens: Siemens es un l\u00edder de la industria en lo que respecta a la generaci\u00f3n de energ\u00eda y suministra equipos y servicios confiables para fuentes de energ\u00eda tradicionales y renovables. Esto incluye turbinas de gas, turbinas de vapor, turbinas e\u00f3licas, as\u00ed como soluciones relacionadas con la energ\u00eda solar.<\/li>\n\n\n\n<li>ABB: ABB se especializa en rob\u00f3tica, energ\u00eda y tecnolog\u00eda de automatizaci\u00f3n; ofreciendo una amplia selecci\u00f3n de soluciones de generaci\u00f3n de energ\u00eda de alto rendimiento que incluyen turbinas de gas, turbinas de vapor y generadores, as\u00ed como sistemas el\u00e9ctricos.<\/li>\n<\/ul>\n\n\n\n<h2 class=\"wp-block-heading\">Oportunidades para la investigaci\u00f3n de mercado de generaci\u00f3n de energ\u00eda<\/h2>\n\n\n\n<ul class=\"wp-block-list\">\n<li>A trav\u00e9s de la investigaci\u00f3n de mercado de generaci\u00f3n de energ\u00eda, las empresas pueden obtener una ventaja estrat\u00e9gica al descubrir grupos de clientes y mercados sin explotar. Al comprender sus patrones, preferencias y comportamientos espec\u00edficos de uso de energ\u00eda, las empresas pueden seleccionar estrat\u00e9gicamente productos y servicios que satisfagan las necesidades de estos segmentos.<\/li>\n\n\n\n<li>Las empresas pueden evaluar mejor nuevas fuentes potenciales de energ\u00eda, como la solar, la e\u00f3lica y la hidroel\u00e9ctrica, con la ayuda de la investigaci\u00f3n de mercado de generaci\u00f3n de energ\u00eda. Al diversificar su cartera energ\u00e9tica a trav\u00e9s de estas tecnolog\u00edas emergentes, pueden reducir la dependencia de los combustibles f\u00f3siles tradicionales y al mismo tiempo minimizar el riesgo y promover objetivos de sostenibilidad.<\/li>\n\n\n\n<li>Las empresas pueden obtener informaci\u00f3n valiosa sobre sus clientes y utilizarla para desarrollar productos y servicios innovadores que satisfagan sus necesidades cambiantes. Por ejemplo, las soluciones energ\u00e9ticas inteligentes, como los sistemas de almacenamiento de energ\u00eda o la tecnolog\u00eda de automatizaci\u00f3n del hogar, se est\u00e1n volviendo cada vez m\u00e1s populares como resultado de este tipo de investigaci\u00f3n.<\/li>\n\n\n\n<li>Al aprovechar la investigaci\u00f3n de mercado de generaci\u00f3n de energ\u00eda, las empresas pueden descubrir cualquier ineficiencia dentro de sus operaciones y, por lo tanto, mejorar el consumo de energ\u00eda y al mismo tiempo reducir los costos.<\/li>\n\n\n\n<li>La investigaci\u00f3n del mercado de generaci\u00f3n de energ\u00eda es imprescindible para mantenerse actualizado con las regulaciones y normas ambientales. Mediante un seguimiento cuidadoso del desarrollo regulatorio, las empresas no s\u00f3lo pueden protegerse de cualquier riesgo potencial, sino tambi\u00e9n garantizar su longevidad a largo plazo.<\/li>\n<\/ul>\n\n\n\n<h2 class=\"wp-block-heading\">Limitaciones de la investigaci\u00f3n de mercado de generaci\u00f3n de energ\u00eda<\/h2>\n\n\n\n<figure class=\"gb-block-image gb-block-image-b21d7a4e\"><img loading=\"lazy\" decoding=\"async\" width=\"1456\" height=\"816\" class=\"gb-image gb-image-b21d7a4e\" src=\"https:\/\/www.sisinternational.com\/wp-content\/uploads\/2025\/08\/Energy-Power-2.jpg\" alt=\"Investigaci\u00f3n y estrategia de mercado internacional de SIS\" title=\"Energy &amp; Power (2)\" srcset=\"https:\/\/www.sisinternational.com\/wp-content\/uploads\/2025\/08\/Energy-Power-2.jpg 1456w, https:\/\/www.sisinternational.com\/wp-content\/uploads\/2025\/08\/Energy-Power-2-300x168.jpg 300w, https:\/\/www.sisinternational.com\/wp-content\/uploads\/2025\/08\/Energy-Power-2-1024x574.jpg 1024w, https:\/\/www.sisinternational.com\/wp-content\/uploads\/2025\/08\/Energy-Power-2-768x430.jpg 768w, https:\/\/www.sisinternational.com\/wp-content\/uploads\/2025\/08\/Energy-Power-2-18x10.jpg 18w\" sizes=\"auto, (max-width: 1456px) 100vw, 1456px\"><\/figure>\n\n\n\n<ul class=\"wp-block-list\">\n<li>Puede resultar dif\u00edcil adquirir una imagen fiable del consumo y la producci\u00f3n de energ\u00eda en pa\u00edses en desarrollo o regiones con infraestructura inadecuada.<\/li>\n\n\n\n<li>La investigaci\u00f3n de mercado puede suponer una carga financiera para las peque\u00f1as empresas o las nuevas empresas cuyos presupuestos son limitados. Antes de realizar la investigaci\u00f3n, las empresas deben considerar cuidadosamente el costo de implementaci\u00f3n y sus posibles ventajas.<\/li>\n\n\n\n<li>Sin acceso a datos actuales, las empresas pueden equivocarse al tomar decisiones en el mercado de generaci\u00f3n de energ\u00eda. La informaci\u00f3n y las tendencias hist\u00f3ricas pueden crear una imagen enga\u00f1osa de lo que est\u00e1 sucediendo o de lo que probablemente suceder\u00e1. Para que las empresas tomen decisiones informadas, deben garantizar que sus an\u00e1lisis incorporen cifras e informaci\u00f3n actualizadas.<\/li>\n\n\n\n<li>El sector energ\u00e9tico se transforma constantemente debido a las tecnolog\u00edas innovadoras y las preferencias de los consumidores. Esto dificulta anticipar correctamente las tendencias futuras y realizar inversiones inteligentes a largo plazo.<\/li>\n<\/ul>\n\n\n\n<p>SIS International ofrece investigaci\u00f3n cuantitativa, cualitativa y estrat\u00e9gica. Proporcionamos datos, herramientas, estrategias, informes y insights para la toma de decisiones. Realizamos entrevistas, encuestas, grupos focales y muchos otros m\u00e9todos y enfoques de investigaci\u00f3n de mercado. Cont\u00e1ctenos para su pr\u00f3ximo proyecto de Investigaci\u00f3n de Mercado.<\/p>","protected":false},"excerpt":{"rendered":"<p>La investigaci\u00f3n de mercado de generaci\u00f3n de energ\u00eda estudia la producci\u00f3n y el consumo de electricidad a partir de combustibles f\u00f3siles, energ\u00eda nuclear o formas renovables.<\/p>","protected":false},"author":1,"featured_media":64806,"parent":14514,"menu_order":223,"comment_status":"closed","ping_status":"closed","template":"","meta":{"footnotes":""},"class_list":["post-41907","page","type-page","status-publish","has-post-thumbnail"],"_links":{"self":[{"href":"https:\/\/www.sisinternational.com\/es\/wp-json\/wp\/v2\/pages\/41907","targetHints":{"allow":["GET"]}}],"collection":[{"href":"https:\/\/www.sisinternational.com\/es\/wp-json\/wp\/v2\/pages"}],"about":[{"href":"https:\/\/www.sisinternational.com\/es\/wp-json\/wp\/v2\/types\/page"}],"author":[{"embeddable":true,"href":"https:\/\/www.sisinternational.com\/es\/wp-json\/wp\/v2\/users\/1"}],"replies":[{"embeddable":true,"href":"https:\/\/www.sisinternational.com\/es\/wp-json\/wp\/v2\/comments?post=41907"}],"version-history":[{"count":9,"href":"https:\/\/www.sisinternational.com\/es\/wp-json\/wp\/v2\/pages\/41907\/revisions"}],"predecessor-version":[{"id":81117,"href":"https:\/\/www.sisinternational.com\/es\/wp-json\/wp\/v2\/pages\/41907\/revisions\/81117"}],"up":[{"embeddable":true,"href":"https:\/\/www.sisinternational.com\/es\/wp-json\/wp\/v2\/pages\/14514"}],"wp:featuredmedia":[{"embeddable":true,"href":"https:\/\/www.sisinternational.com\/es\/wp-json\/wp\/v2\/media\/64806"}],"wp:attachment":[{"href":"https:\/\/www.sisinternational.com\/es\/wp-json\/wp\/v2\/media?parent=41907"}],"curies":[{"name":"wp","href":"https:\/\/api.w.org\/{rel}","templated":true}]}}