{"id":41904,"date":"2023-03-18T20:35:22","date_gmt":"2023-03-19T00:35:22","guid":{"rendered":"https:\/\/www.sisinternational.com\/?page_id=41904"},"modified":"2026-01-27T16:50:37","modified_gmt":"2026-01-27T21:50:37","slug":"investigacion-de-mercado-avicola","status":"publish","type":"page","link":"https:\/\/www.sisinternational.com\/es\/pericia\/investigacion-de-mercado-avicola\/","title":{"rendered":"Investigaci\u00f3n de mercado av\u00edcola"},"content":{"rendered":"<h1 class=\"wp-block-heading\">Investigaci\u00f3n de mercado av\u00edcola<\/h1>\n\n\n\n<figure class=\"gb-block-image gb-block-image-0cd30143\"><img loading=\"lazy\" decoding=\"async\" width=\"1456\" height=\"816\" class=\"gb-image gb-image-0cd30143\" src=\"https:\/\/www.sisinternational.com\/wp-content\/uploads\/2025\/08\/Poultry-chicken-3.jpg\" alt=\"Investigaci\u00f3n y estrategia de mercado internacional de SIS\" title=\"Poultry chicken (3)\" srcset=\"https:\/\/www.sisinternational.com\/wp-content\/uploads\/2025\/08\/Poultry-chicken-3.jpg 1456w, https:\/\/www.sisinternational.com\/wp-content\/uploads\/2025\/08\/Poultry-chicken-3-300x168.jpg 300w, https:\/\/www.sisinternational.com\/wp-content\/uploads\/2025\/08\/Poultry-chicken-3-1024x574.jpg 1024w, https:\/\/www.sisinternational.com\/wp-content\/uploads\/2025\/08\/Poultry-chicken-3-768x430.jpg 768w, https:\/\/www.sisinternational.com\/wp-content\/uploads\/2025\/08\/Poultry-chicken-3-18x10.jpg 18w\" sizes=\"auto, (max-width: 1456px) 100vw, 1456px\"><\/figure>\n\n\n\n<p><\/p>\n\n\n\n<p>La investigaci\u00f3n del mercado av\u00edcola proporciona informaci\u00f3n sobre el comportamiento del consumidor, las tendencias del mercado y otros factores que pueden afectar la demanda y la oferta de productos av\u00edcolas. La investigaci\u00f3n generalmente implica el uso de varios m\u00e9todos, como encuestas y an\u00e1lisis de datos, por nombrar algunos.<\/p>\n\n\n\n<p>Las empresas y otras partes interesadas pueden utilizar los datos y las estrategias de la industria del mercado av\u00edcola para tomar decisiones informadas sobre el desarrollo de productos, el marketing, la distribuci\u00f3n y otras estrategias comerciales. La investigaci\u00f3n del mercado av\u00edcola tambi\u00e9n puede ayudar a identificar nuevas oportunidades y \u00e1reas de crecimiento dentro de la industria av\u00edcola.<\/p>\n\n\n\n<h2 class=\"wp-block-heading\">Comprender el mercado av\u00edcola<\/h2>\n\n\n\n<p>El mercado av\u00edcola incluye aves domesticadas criadas por su carne, huevos o plumas. Las especies de aves de corral m\u00e1s com\u00fanmente cultivadas incluyen pollos, pavos, patos, gansos y codornices. Estas aves generalmente se cr\u00edan en instalaciones o granjas especializadas donde se les proporciona alimento, agua y refugio.<\/p>\n\n\n\n<p>En la investigaci\u00f3n del mercado av\u00edcola, el enfoque principal es el uso de aves de corral para la producci\u00f3n de carne, siendo los pollos la especie m\u00e1s popular criada para este prop\u00f3sito. La carne de ave es una fuente importante de prote\u00ednas para las personas de todo el mundo y se consume en diversas formas, como aves enteras, partes, carne molida y productos procesados como salchichas y nuggets.<\/p>\n\n\n\n<p>Sin embargo, la industria av\u00edcola produce una variedad de productos finales que se utilizan para diversos fines. \u00c9stos son algunos de los principales productos finales de la industria av\u00edcola:<\/p>\n\n\n\n<h3 class=\"wp-block-heading\">Carne de ave<\/h3>\n\n\n\n<figure class=\"gb-block-image gb-block-image-4cc87ead\"><img loading=\"lazy\" decoding=\"async\" width=\"1456\" height=\"816\" class=\"gb-image gb-image-4cc87ead\" src=\"https:\/\/www.sisinternational.com\/wp-content\/uploads\/2025\/08\/Poultry-chicken-5.jpg\" alt=\"Investigaci\u00f3n y estrategia de mercado internacional de SIS\" title=\"Poultry chicken (5)\" srcset=\"https:\/\/www.sisinternational.com\/wp-content\/uploads\/2025\/08\/Poultry-chicken-5.jpg 1456w, https:\/\/www.sisinternational.com\/wp-content\/uploads\/2025\/08\/Poultry-chicken-5-300x168.jpg 300w, https:\/\/www.sisinternational.com\/wp-content\/uploads\/2025\/08\/Poultry-chicken-5-1024x574.jpg 1024w, https:\/\/www.sisinternational.com\/wp-content\/uploads\/2025\/08\/Poultry-chicken-5-768x430.jpg 768w, https:\/\/www.sisinternational.com\/wp-content\/uploads\/2025\/08\/Poultry-chicken-5-18x10.jpg 18w\" sizes=\"auto, (max-width: 1456px) 100vw, 1456px\"><\/figure>\n\n\n\n<p><\/p>\n\n\n\n<p>El principal producto final de la industria av\u00edcola es la carne, que se consume como fuente de prote\u00ednas. Las carnes de ave que se producen con m\u00e1s frecuencia son el pollo, el pavo, el pato y el ganso. La carne de ave se vende en diversas formas, como aves enteras, partes (patas, alas y pechugas), carne molida y productos procesados como salchichas y nuggets.<\/p>\n\n\n\n<h3 class=\"wp-block-heading\">Huevos<\/h3>\n\n\n\n<p>Otro producto final esencial de la industria av\u00edcola son los huevos, que se utilizan en diversos productos alimenticios y se consumen solos como fuente de prote\u00ednas. Los huevos de gallina son los que m\u00e1s com\u00fanmente se producen en la industria, pero tambi\u00e9n se cr\u00edan otras aves, como patos y codornices, para obtener sus huevos.<\/p>\n\n\n\n<h3 class=\"wp-block-heading\">Plumas<\/h3>\n\n\n\n<p>Las plumas de aves de corral son otro producto final de la industria que se utiliza para diversos fines, como aislamiento, ropa de cama y art\u00edculos decorativos. Las plumas tambi\u00e9n se pueden transformar en alimento para animales rico en prote\u00ednas.<\/p>\n\n\n\n<h3 class=\"wp-block-heading\">Esti\u00e9rcol<\/h3>\n\n\n\n<p>El esti\u00e9rcol de aves de corral es un subproducto valioso que puede utilizarse como fertilizante en la agricultura. El esti\u00e9rcol es rico en nutrientes que pueden ayudar a mejorar la fertilidad del suelo y, a su vez, afectar el rendimiento de los cultivos.<\/p>\n\n\n\n<h3 class=\"wp-block-heading\">Biog\u00e1s<\/h3>\n\n\n\n<p>Los desechos de aves de corral pueden procesarse para obtener biog\u00e1s y utilizarse como fuente de energ\u00eda renovable. Para producir biog\u00e1s se utiliza un proceso llamado digesti\u00f3n anaer\u00f3bica, en el que los microorganismos descomponen la materia org\u00e1nica en ausencia de ox\u00edgeno.<\/p>\n\n\n\n<h2 class=\"wp-block-heading\">Cobertura de la investigaci\u00f3n del mercado av\u00edcola<\/h2>\n\n\n\n<figure class=\"gb-block-image gb-block-image-30b35eb2\"><img loading=\"lazy\" decoding=\"async\" width=\"1456\" height=\"816\" class=\"gb-image gb-image-30b35eb2\" src=\"https:\/\/www.sisinternational.com\/wp-content\/uploads\/2025\/08\/Poultry-chicken-1.jpg\" alt=\"Investigaci\u00f3n y estrategia de mercado internacional de SIS\" title=\"Poultry chicken (1)\" srcset=\"https:\/\/www.sisinternational.com\/wp-content\/uploads\/2025\/08\/Poultry-chicken-1.jpg 1456w, https:\/\/www.sisinternational.com\/wp-content\/uploads\/2025\/08\/Poultry-chicken-1-300x168.jpg 300w, https:\/\/www.sisinternational.com\/wp-content\/uploads\/2025\/08\/Poultry-chicken-1-1024x574.jpg 1024w, https:\/\/www.sisinternational.com\/wp-content\/uploads\/2025\/08\/Poultry-chicken-1-768x430.jpg 768w, https:\/\/www.sisinternational.com\/wp-content\/uploads\/2025\/08\/Poultry-chicken-1-18x10.jpg 18w\" sizes=\"auto, (max-width: 1456px) 100vw, 1456px\"><\/figure>\n\n\n\n<p><\/p>\n\n\n\n<p>The collection of data and <a href=\"https:\/\/www.sisinternational.com\/es\/el-papel-del-desarrollo-de-procesos-y-sistemas-en-el-exito-organizacional\/\" title=\"Investigaci\u00f3n de Mercado de Dise\u00f1o Organizacional\"  data-wpil-monitor-id=\"8124\">strategies in poultry market<\/a> industry aims to understand consumer preferences and behavior, as well as the attitudes and behavior of industry players. Poultry market research may cover a range of topics, such as the following:<\/p>\n\n\n\n<ul class=\"wp-block-list\">\n<li>m\u00e9todos de producci\u00f3n y cr\u00eda de aves de corral<\/li>\n\n\n\n<li>Precios de productos av\u00edcolas y estrategia de precios.<\/li>\n\n\n\n<li>diferentes canales de distribuci\u00f3n y an\u00e1lisis de la cadena de suministro<\/li>\n\n\n\n<li>influence of labeling and <a href=\"https:\/\/www.sisinternational.com\/es\/soluciones\/investigacion-sobre-bienes-de-consumo-envasados\/\" title=\"Investigaci\u00f3n sobre bienes de consumo envasados\"  data-wpil-monitor-id=\"8125\">packaging on consumer<\/a> percepciones<\/li>\n\n\n\n<li>Tama\u00f1o del mercado y potencial de crecimiento.<\/li>\n\n\n\n<li>panorama competitivo de los actores clave en la industria av\u00edcola<\/li>\n\n\n\n<li>demanda de productos av\u00edcolas en diversos grupos demogr\u00e1ficos<\/li>\n\n\n\n<li>Impacto de las preocupaciones sobre la seguridad alimentaria en la demanda de los consumidores.<\/li>\n<\/ul>\n\n\n\n<h2 class=\"wp-block-heading\">Mercado objetivo para la investigaci\u00f3n de mercado av\u00edcola<\/h2>\n\n\n\n<p>The target <a href=\"https:\/\/www.sisinternational.com\/es\/pericia\/curriculums-de-experiencia\/estudio-de-mercado-de-productos-de-cuidado-personal\/\" title=\"Investigaci\u00f3n de mercado de productos de cuidado personal\"  data-wpil-monitor-id=\"8126\">market for poultry products<\/a> includes a wide range of consumers, such as individuals, families, restaurants, food processors, and retailers.<\/p>\n\n\n\n<p>Here are some key segments of the target <a href=\"https:\/\/www.sisinternational.com\/es\/soluciones\/consultoria-estrategica\/investigacion-de-mercado-de-producto-minimo-viable\/\" title=\"Investigaci\u00f3n de mercado de producto m\u00ednimo viable\"  data-wpil-monitor-id=\"8127\">market for poultry products<\/a>:<\/p>\n\n\n\n<h3 class=\"wp-block-heading\">Individuos y familias<\/h3>\n\n\n\n<p>Los productos av\u00edcolas, como el pollo y el pavo, son consumidos por personas de todas las edades y niveles de ingresos. Estos productos suelen ser adquiridos por personas y familias por su valor nutricional, sabor y conveniencia.<\/p>\n\n\n\n<h3 class=\"wp-block-heading\">Restaurantes y proveedores de servicios de alimentaci\u00f3n.<\/h3>\n\n\n\n<p>Los productos av\u00edcolas se utilizan ampliamente en restaurantes y otras operaciones de servicios alimentarios, como cafeter\u00edas, empresas de catering y hoteles. Estas empresas compran productos av\u00edcolas al por mayor para usarlos en elementos del men\u00fa como s\u00e1ndwiches, ensaladas y platos principales.<\/p>\n\n\n\n<h3 class=\"wp-block-heading\">Procesadores y fabricantes de alimentos.<\/h3>\n\n\n\n<p>Los productos av\u00edcolas son un ingrediente crucial en muchos productos alimenticios procesados, como salchichas, hot dogs y comidas congeladas. Los procesadores y fabricantes de alimentos compran productos av\u00edcolas en grandes cantidades para utilizarlos en sus productos.<\/p>\n\n\n\n<h3 class=\"wp-block-heading\">Minoristas<\/h3>\n\n\n\n<p>Los productos av\u00edcolas se venden en una variedad de establecimientos minoristas, como supermercados, tiendas especializadas y minoristas en l\u00ednea. Los minoristas se dirigen a una amplia gama de consumidores, desde compradores preocupados por su presupuesto hasta aquellos que est\u00e1n dispuestos a pagar m\u00e1s por productos av\u00edcolas org\u00e1nicos y de alta calidad.<\/p>\n\n\n\n<h3 class=\"wp-block-heading\">Mercados internacionales<\/h3>\n\n\n\n<p>Poultry <a href=\"https:\/\/www.sisinternational.com\/es\/pericia\/industrias\/estudio-de-mercado-de-productos-nasales\/\" title=\"Investigaci\u00f3n de mercado de productos nasales\"  data-wpil-monitor-id=\"8128\">products are also exported to global markets<\/a>, where they are consumed by a diverse range of consumers.<\/p>\n\n\n\n<h2 class=\"wp-block-heading\">Beneficios de la investigaci\u00f3n de mercado av\u00edcola<\/h2>\n\n\n\n<p>La investigaci\u00f3n del mercado av\u00edcola ofrece varios beneficios a las empresas y a los principales actores de la industria av\u00edcola. \u00c9stos son algunos de ellos:<\/p>\n\n\n\n<ul class=\"wp-block-list\">\n<li>Poultry market research can provide knowledge and understanding on the needs and purchasing behavior of their target consumers. This information can help individuals and businesses to gather data and <a href=\"https:\/\/www.sisinternational.com\/es\/soluciones\/si-crecimiento-global\/consultoria-estrategica-en-mercados-emergentes\/\" title=\"Consultor\u00eda de estrategia de mercados emergentes\"  data-wpil-monitor-id=\"8129\">strategies in poultry market<\/a> industry that can result to higher profitability.<\/li>\n\n\n\n<li>La investigaci\u00f3n de mercado proporciona informaci\u00f3n sobre las tendencias del mercado que pueden ayudar a las empresas a identificar oportunidades futuras, como cambios en las preferencias de los consumidores, cambios en los canales de distribuci\u00f3n y avances en la tecnolog\u00eda. Esta informaci\u00f3n puede ayudar a las empresas a seguir siendo competitivas y adaptarse a los cambios del mercado.<\/li>\n\n\n\n<li>Businesses can determine the optimal <a href=\"https:\/\/www.sisinternational.com\/es\/soluciones\/investigacion-de-consultoria-estrategica-fintech\/estrategia-para-colocar-precios\/\" title=\"Investigaci\u00f3n de estrategia de precios\"  data-wpil-monitor-id=\"8130\">pricing and promotion strategies<\/a> for their products. By understanding the pricing sensitivities and promotional preferences of their target consumers, companies can develop pricing and promotion strategies that maximize their revenue and profitability.<\/li>\n<\/ul>\n\n\n\n<h2 class=\"wp-block-heading\">Acerca de la investigaci\u00f3n de mercado av\u00edcola<\/h2>\n\n\n\n<figure class=\"gb-block-image gb-block-image-440e5979\"><img loading=\"lazy\" decoding=\"async\" width=\"1456\" height=\"816\" class=\"gb-image gb-image-440e5979\" src=\"https:\/\/www.sisinternational.com\/wp-content\/uploads\/2025\/08\/Poultry-chicken-6.jpg\" alt=\"Investigaci\u00f3n y estrategia de mercado internacional de SIS\" title=\"Poultry chicken (6)\" srcset=\"https:\/\/www.sisinternational.com\/wp-content\/uploads\/2025\/08\/Poultry-chicken-6.jpg 1456w, https:\/\/www.sisinternational.com\/wp-content\/uploads\/2025\/08\/Poultry-chicken-6-300x168.jpg 300w, https:\/\/www.sisinternational.com\/wp-content\/uploads\/2025\/08\/Poultry-chicken-6-1024x574.jpg 1024w, https:\/\/www.sisinternational.com\/wp-content\/uploads\/2025\/08\/Poultry-chicken-6-768x430.jpg 768w, https:\/\/www.sisinternational.com\/wp-content\/uploads\/2025\/08\/Poultry-chicken-6-18x10.jpg 18w\" sizes=\"auto, (max-width: 1456px) 100vw, 1456px\"><\/figure>\n\n\n\n<p><\/p>\n\n\n\n<p>The gathered data and <a href=\"https:\/\/www.sisinternational.com\/es\/estrategia-de-marketing-multicanal-b2b\/\" title=\"Estrategia de marketing multicanal B2B\"  data-wpil-monitor-id=\"8131\">strategies in the poultry market<\/a> industry are vital to the success of businesses or key players. As market research provides insights into consumer preferences, market trends, pricing and promotion strategies, product development, and other business aspects, it will enable businesses to create informed decisions that can result in increased sales, profitability, and market share.<\/p>\n\n\n\n<p>With the growing demand for poultry products around the world, businesses that invest in poultry market research are better equipped to capitalize on new opportunities and adapt to changing market conditions. As the poultry industry faces new challenges related to sustainability, animal welfare, and food safety, market research can help businesses stay ahead of these trends and develop <a href=\"https:\/\/www.sisinternational.com\/es\/salud-inteligente\/\" title=\"Investigaci\u00f3n de mercado de salud inteligente\"  data-wpil-monitor-id=\"7623\">innovative solutions<\/a> that meet the needs of consumers and society as a whole.<\/p>","protected":false},"excerpt":{"rendered":"<p>La investigaci\u00f3n del mercado av\u00edcola proporciona informaci\u00f3n sobre el comportamiento del consumidor, las tendencias del mercado y otros factores que afectan la oferta y la demanda de aves de corral.<\/p>","protected":false},"author":1,"featured_media":64447,"parent":14514,"menu_order":222,"comment_status":"closed","ping_status":"closed","template":"","meta":{"footnotes":""},"class_list":["post-41904","page","type-page","status-publish","has-post-thumbnail"],"_links":{"self":[{"href":"https:\/\/www.sisinternational.com\/es\/wp-json\/wp\/v2\/pages\/41904","targetHints":{"allow":["GET"]}}],"collection":[{"href":"https:\/\/www.sisinternational.com\/es\/wp-json\/wp\/v2\/pages"}],"about":[{"href":"https:\/\/www.sisinternational.com\/es\/wp-json\/wp\/v2\/types\/page"}],"author":[{"embeddable":true,"href":"https:\/\/www.sisinternational.com\/es\/wp-json\/wp\/v2\/users\/1"}],"replies":[{"embeddable":true,"href":"https:\/\/www.sisinternational.com\/es\/wp-json\/wp\/v2\/comments?post=41904"}],"version-history":[{"count":5,"href":"https:\/\/www.sisinternational.com\/es\/wp-json\/wp\/v2\/pages\/41904\/revisions"}],"predecessor-version":[{"id":81368,"href":"https:\/\/www.sisinternational.com\/es\/wp-json\/wp\/v2\/pages\/41904\/revisions\/81368"}],"up":[{"embeddable":true,"href":"https:\/\/www.sisinternational.com\/es\/wp-json\/wp\/v2\/pages\/14514"}],"wp:featuredmedia":[{"embeddable":true,"href":"https:\/\/www.sisinternational.com\/es\/wp-json\/wp\/v2\/media\/64447"}],"wp:attachment":[{"href":"https:\/\/www.sisinternational.com\/es\/wp-json\/wp\/v2\/media?parent=41904"}],"curies":[{"name":"wp","href":"https:\/\/api.w.org\/{rel}","templated":true}]}}