{"id":41899,"date":"2023-03-18T19:59:15","date_gmt":"2023-03-18T23:59:15","guid":{"rendered":"https:\/\/www.sisinternational.com\/?page_id=41899"},"modified":"2026-01-27T16:52:15","modified_gmt":"2026-01-27T21:52:15","slug":"investigacion-de-mercado-de-polimeros","status":"publish","type":"page","link":"https:\/\/www.sisinternational.com\/es\/pericia\/investigacion-de-mercado-de-polimeros\/","title":{"rendered":"Investigaci\u00f3n de mercado de pol\u00edmeros"},"content":{"rendered":"<h1 class=\"wp-block-heading\">Investigaci\u00f3n de mercado de pol\u00edmeros<\/h1>\n\n\n\n<figure class=\"gb-block-image gb-block-image-80a6ce29\"><img loading=\"lazy\" decoding=\"async\" width=\"1456\" height=\"816\" class=\"gb-image gb-image-80a6ce29\" src=\"https:\/\/www.sisinternational.com\/wp-content\/uploads\/2025\/09\/polymer-4.jpg\" alt=\"Investigaci\u00f3n y estrategia de mercado internacional de SIS\" title=\"polymer (4)\" srcset=\"https:\/\/www.sisinternational.com\/wp-content\/uploads\/2025\/09\/polymer-4.jpg 1456w, https:\/\/www.sisinternational.com\/wp-content\/uploads\/2025\/09\/polymer-4-300x168.jpg 300w, https:\/\/www.sisinternational.com\/wp-content\/uploads\/2025\/09\/polymer-4-1024x574.jpg 1024w, https:\/\/www.sisinternational.com\/wp-content\/uploads\/2025\/09\/polymer-4-768x430.jpg 768w, https:\/\/www.sisinternational.com\/wp-content\/uploads\/2025\/09\/polymer-4-18x10.jpg 18w\" sizes=\"auto, (max-width: 1456px) 100vw, 1456px\"><\/figure>\n\n\n\n<figure class=\"gb-block-image gb-block-image-10dad6dd\"><img decoding=\"async\" class=\"gb-image gb-image-10dad6dd\" src=\"https:\/\/www.sisinternational.com\/wp-content\/uploads\/2025\/06\/Expertise.jpg\" alt=\"Investigaci\u00f3n y estrategia de mercado internacional de SIS\" title=\"Pericia\"><\/figure>\n\n\n\n<hr class=\"wp-block-separator has-alpha-channel-opacity is-style-dots\"\/>\n\n\n\n<p>Un pol\u00edmero es una mol\u00e9cula grande que consta de subunidades repetidas llamadas mon\u00f3meros. Estos mon\u00f3meros forman enlaces qu\u00edmicos para formar una cadena larga. Los pol\u00edmeros pueden incluir cientos o miles de mon\u00f3meros. Sus propiedades dependen del tipo y disposici\u00f3n de los mon\u00f3meros dentro de la cadena.<\/p>\n\n\n\n<p>Algunos ejemplos comunes de pol\u00edmeros incluyen pl\u00e1sticos como polietileno, poliestireno y PVC. Los pol\u00edmeros naturales incluyen prote\u00ednas, ADN y celulosa. Los pol\u00edmeros pueden tener una amplia gama de propiedades f\u00edsicas y qu\u00edmicas. Estas propiedades incluyen flexibilidad, rigidez, transparencia, conductividad el\u00e9ctrica y estabilidad t\u00e9rmica. Por lo tanto, son \u00fatiles en diversas aplicaciones.<\/p>\n\n\n\n<h2 class=\"wp-block-heading\">\u00bfPor qu\u00e9 son importantes los pol\u00edmeros?<\/h2>\n\n\n\n<p>Polymers are essential for a variety of reasons, including versatility. They can be designed for specific properties such as strength or flexibility. Another of their strong points is thermal stability. Electrical <a href=\"https:\/\/www.sisinternational.com\/es\/top-5-benefits-of-conducting-quantitative-market-research\/\" title=\"Top 5 Benefits of Conducting Quantitative Market Research\"  data-wpil-monitor-id=\"9930\">conductivity is yet another benefit<\/a> of this wonder material.<\/p>\n\n\n\n<p>Muchos pol\u00edmeros tambi\u00e9n son econ\u00f3micos de producir. Por lo tanto, son una opci\u00f3n rentable para una variedad de aplicaciones. Los pol\u00edmeros suelen ser muy duraderos y pueden resistir el desgaste. Como resultado, son ideales para su uso en embalaje, construcci\u00f3n y transporte. Adem\u00e1s, los pol\u00edmeros son ligeros. Este atributo los hace perfectos para aplicaciones donde el peso es una preocupaci\u00f3n. Son comunes en las industrias aeroespacial y automotriz.<\/p>\n\n\n\n<p>Podemos reciclar muchos pol\u00edmeros, reduciendo a\u00fan m\u00e1s los residuos y conservando recursos. Adem\u00e1s, algunos pol\u00edmeros son biodegradables, lo que significa que pueden descomponerse con el tiempo. De esa manera, podemos reducir la cantidad de residuos en los vertederos.<\/p>\n\n\n\n<h2 class=\"wp-block-heading\">T\u00edtulos de trabajo clave<\/h2>\n\n\n\n<h3 class=\"wp-block-heading\">Hay muchos t\u00edtulos de trabajo en la industria de los pol\u00edmeros. Aqu\u00ed hay unos ejemplos:<\/h3>\n\n\n\n<ol class=\"wp-block-list\">\n<li><strong>Cient\u00edfico de pol\u00edmeros:<\/strong> Estudia las propiedades y comportamiento de los pol\u00edmeros. Pueden trabajar en la academia o la industria. Desarrollan nuevas formulaciones y prueban y caracterizan pol\u00edmeros. Los cient\u00edficos de pol\u00edmeros tambi\u00e9n analizan datos.<\/li>\n\n\n\n<li><strong>Ingeniero de Pol\u00edmeros:<\/strong> Designs and develops polymer products and processes. They may work in the automotive, aerospace, or medical device manufacturing industries. Their work can involve designing and <a href=\"https:\/\/www.sisinternational.com\/es\/soluciones\/soluciones-de-branding-e-investigacion-de-clientes\/investigacion-de-mercado-de-pruebas-de-productos\/\" title=\"Investigaci\u00f3n de mercado de pruebas de productos\"  data-wpil-monitor-id=\"9926\">testing new materials and creating production<\/a> processes. They also troubleshoot problems.<\/li>\n\n\n\n<li><strong>Qu\u00edmico de pol\u00edmeros:<\/strong> Specializes in the chemical synthesis and characterization of polymers. They may work in <a href=\"https:\/\/www.sisinternational.com\/es\/pericia\/industrias\/investigacion-de-mercado-academica\/\" title=\"Investigaci\u00f3n de mercado acad\u00e9mico\"  data-wpil-monitor-id=\"9931\">academic or industrial research<\/a> labs. They design new polymers and develop new polymerization methods. Polymer chemists also characterize polymer properties.<\/li>\n\n\n\n<li><strong>Ingeniero de procesamiento de pol\u00edmeros:<\/strong> Dise\u00f1a y optimiza operaciones de procesamiento de pol\u00edmeros. Pueden trabajar en industrias como la fabricaci\u00f3n de pl\u00e1sticos. Estos ingenieros dise\u00f1an y optimizan procesos de extrusi\u00f3n, moldeo por inyecci\u00f3n o moldeo por soplado.<\/li>\n\n\n\n<li><strong>Especialista en Control de Calidad:<\/strong> A professional who ensures that polymer products meet quality standards. They may work in industries such as packaging or medical device manufacturing. They <a href=\"https:\/\/www.sisinternational.com\/es\/soluciones\/soluciones-de-investigacion-cualitativa-cuantitativa\/pruebas-en-ubicaciones-centrales-de-la-ciudad-de-nueva-york\/\" title=\"Pruebas en ubicaciones centrales de la ciudad de Nueva York: beneficios para las pruebas de productos\"  data-wpil-monitor-id=\"9927\">test polymer products<\/a> for strength, durability, or chemical resistance properties.<\/li>\n\n\n\n<li><strong>Representante de ventas:<\/strong> A sales representative sells polymer products to customers. They may work for a polymer manufacturer or distributor. They <a href=\"https:\/\/www.sisinternational.com\/es\/soluciones\/desarrollo-de-nuevos-segmentos-de-clientes\/\" title=\"Desarrollo de nuevos segmentos de clientes\"  data-wpil-monitor-id=\"9932\">develop relationships with customers<\/a>, negotiate contracts, and provide technical support.<\/li>\n\n\n\n<li><strong>Jefe de producci\u00f3n:<\/strong> supervisa la creaci\u00f3n de productos polim\u00e9ricos. Pueden trabajar en industrias como la fabricaci\u00f3n de pl\u00e1sticos. Gestionan los programas de producci\u00f3n y se coordinan con proveedores y clientes. Estos gerentes tambi\u00e9n garantizan que los procesos de producci\u00f3n cumplan con los est\u00e1ndares de calidad y seguridad.<\/li>\n<\/ol>\n\n\n\n<h2 class=\"wp-block-heading\">Por qu\u00e9 las empresas necesitan pol\u00edmeros<\/h2>\n\n\n\n<p>Las empresas necesitan pol\u00edmeros por muchas razones. Por ejemplo, son cruciales para la fabricaci\u00f3n. Los fabricantes de muchas industrias utilizan pol\u00edmeros para crear sus productos. Pueden moldear estos materiales baratos y vers\u00e1tiles en varias formas y tama\u00f1os. Por lo tanto, son ideales para producir de todo, desde juguetes de pl\u00e1stico hasta dispositivos m\u00e9dicos.<\/p>\n\n\n\n<p>Los pol\u00edmeros tambi\u00e9n son excelentes para usar en envases. Son livianos, duraderos y rentables. Ayudan a proteger los productos durante el env\u00edo y el almacenamiento. Es f\u00e1cil dise\u00f1arlos para que sean a prueba de manipulaciones o herm\u00e9ticos. Estas caracter\u00edsticas ayudan a mantener la calidad y frescura de los productos envasados.<\/p>\n\n\n\n<p>La industria del transporte utiliza pol\u00edmeros para reducir el peso y aumentar la eficiencia del combustible. Los fabricantes de piezas de autom\u00f3viles y aviones son los mejores ejemplos del uso de pol\u00edmeros en esta industria. Por tanto, los pol\u00edmeros hacen que el transporte sea m\u00e1s eficiente y rentable.<\/p>\n\n\n\n<p><a href=\"https:\/\/www.sisinternational.com\/es\/industry-forecast\/construction-industry-forecast\/\" title=\"Construction Industry Forecast\"  data-wpil-monitor-id=\"9928\">Construction is another industry<\/a> that uses polymers because they are durable and lightweight. They are in everything from insulation to roofing materials. They help to reduce the weight of buildings. Thus, they help to reduce costs and improve energy efficiency.<\/p>\n\n\n\n<p>La industria de la salud utiliza pol\u00edmeros para diversos fines. Por ejemplo, se encuentran en dispositivos m\u00e9dicos y sistemas de administraci\u00f3n de medicamentos. Los pol\u00edmeros tambi\u00e9n forman parte del embalaje de productos farmac\u00e9uticos. Son biocompatibles, lo que significa que no da\u00f1an los tejidos vivos. Los fabricantes de medicamentos pueden utilizarlos para liberar recetas a lo largo del tiempo.<\/p>\n\n\n\n<p>En definitiva, los pol\u00edmeros son un material imprescindible para las empresas. Tienen una amplia gama de propiedades y aplicaciones. Pueden ayudar a reducir costos y aumentar la eficiencia. Los pol\u00edmeros tambi\u00e9n mejoran la calidad y el rendimiento de los productos en muchas industrias diferentes.<\/p>\n\n\n\n<h2 class=\"wp-block-heading\">Factores claves del \u00e9xito<\/h2>\n\n\n\n<p>Existen varios factores cr\u00edticos de \u00e9xito para los pol\u00edmeros, incluido el rendimiento. Los pol\u00edmeros deben tener la combinaci\u00f3n correcta de propiedades. Dependiendo de la aplicaci\u00f3n, es posible que necesiten tener resistencia mec\u00e1nica o durabilidad. O pueden necesitar estabilidad t\u00e9rmica, conductividad el\u00e9ctrica y resistencia qu\u00edmica.<\/p>\n\n\n\n<p>Polymers need to be cost-effective to produce and use. The <a href=\"https:\/\/www.sisinternational.com\/es\/transportistas-de-bajo-coste-en-la-industria-de-la-aviacion\/\" title=\"Investigaci\u00f3n de mercado de aerol\u00edneas de bajo costo\"  data-wpil-monitor-id=\"9929\">cost of production needs to be low<\/a> enough to make the use of polymers feasible. It\u2019s essential to compare them to other materials before use. Polymers need to be available in enough quantities to meet demand. A reliable supply chain is critical. Businesses must be able to access the polymers they need when they need them.<\/p>\n\n\n\n<p>El impacto ambiental de los pol\u00edmeros es un factor cr\u00edtico de \u00e9xito. Las empresas deben considerar el efecto de la producci\u00f3n y el uso de pol\u00edmeros en el medio ambiente. Deben tener en cuenta el reciclaje y la biodegradabilidad. La innovaci\u00f3n tambi\u00e9n es fundamental para el \u00e9xito de los pol\u00edmeros. La industria necesita constantemente encontrar nuevos pol\u00edmeros con propiedades mejoradas. Tambi\u00e9n se necesitan dispositivos que puedan usarse en nuevas aplicaciones para mantenerse al d\u00eda con las cambiantes demandas del mercado.<\/p>\n\n\n\n<p>El entorno regulatorio tambi\u00e9n es un factor cr\u00edtico de \u00e9xito para los pol\u00edmeros. El cumplimiento de la normativa relacionada con la salud, la seguridad y el impacto ambiental es fundamental. Las empresas deben cumplir con las normas para garantizar que puedan continuar operando y satisfacer las necesidades de los clientes.<\/p>\n\n\n\n<h2 class=\"wp-block-heading\">Acerca de la investigaci\u00f3n de mercado de pol\u00edmeros<\/h2>\n\n\n\n<p>SIS International Research offers Quantitative, Qualitative, as <a href=\"https:\/\/www.sisinternational.com\/es\/tendencias-en-el-mercado-del-bienestar-y-la-salud-en-europa\/\" title=\"Investigaci\u00f3n de mercado de atenci\u00f3n sanitaria y bienestar en Europa\"  data-wpil-monitor-id=\"7659\">well as Strategy Market Research<\/a>. We also do Market Sizing and UX <a href=\"https:\/\/www.sisinternational.com\/es\/cobertura\/investigacion-de-mercado-asia\/investigacion-sobre-el-dimensionamiento-del-panorama-del-mercado-asiatico\/\" title=\"Investigaci\u00f3n sobre el dimensionamiento y el panorama del mercado asi\u00e1tico\"  data-wpil-monitor-id=\"9925\">Estudios de mercado<\/a>. SIS provides Competitive Analysis and <a href=\"https:\/\/www.sisinternational.com\/es\/pericia\/industrias\/investigacion-de-mercado-de-web-scraping\/\" title=\"Investigaci\u00f3n de mercado de raspado web\"  data-wpil-monitor-id=\"3235\">Investigaci\u00f3n de entrada al mercado<\/a>. We can arrange Focus Groups, Surveys, and Interviews to help you form your Go to Market Strategy. Contact us now if you\u2019re looking to enter a new market or make waves in your current one.<\/p>\n\n\n\n<p><\/p>","protected":false},"excerpt":{"rendered":"<p>SIS International Research ofrece estudios de mercado de pol\u00edmeros. Los pol\u00edmeros se pueden dise\u00f1ar para propiedades espec\u00edficas como resistencia o flexibilidad. <\/p>","protected":false},"author":1,"featured_media":67699,"parent":14514,"menu_order":221,"comment_status":"closed","ping_status":"closed","template":"","meta":{"footnotes":""},"class_list":["post-41899","page","type-page","status-publish","has-post-thumbnail"],"_links":{"self":[{"href":"https:\/\/www.sisinternational.com\/es\/wp-json\/wp\/v2\/pages\/41899","targetHints":{"allow":["GET"]}}],"collection":[{"href":"https:\/\/www.sisinternational.com\/es\/wp-json\/wp\/v2\/pages"}],"about":[{"href":"https:\/\/www.sisinternational.com\/es\/wp-json\/wp\/v2\/types\/page"}],"author":[{"embeddable":true,"href":"https:\/\/www.sisinternational.com\/es\/wp-json\/wp\/v2\/users\/1"}],"replies":[{"embeddable":true,"href":"https:\/\/www.sisinternational.com\/es\/wp-json\/wp\/v2\/comments?post=41899"}],"version-history":[{"count":6,"href":"https:\/\/www.sisinternational.com\/es\/wp-json\/wp\/v2\/pages\/41899\/revisions"}],"predecessor-version":[{"id":81646,"href":"https:\/\/www.sisinternational.com\/es\/wp-json\/wp\/v2\/pages\/41899\/revisions\/81646"}],"up":[{"embeddable":true,"href":"https:\/\/www.sisinternational.com\/es\/wp-json\/wp\/v2\/pages\/14514"}],"wp:featuredmedia":[{"embeddable":true,"href":"https:\/\/www.sisinternational.com\/es\/wp-json\/wp\/v2\/media\/67699"}],"wp:attachment":[{"href":"https:\/\/www.sisinternational.com\/es\/wp-json\/wp\/v2\/media?parent=41899"}],"curies":[{"name":"wp","href":"https:\/\/api.w.org\/{rel}","templated":true}]}}