{"id":41888,"date":"2023-03-18T18:52:22","date_gmt":"2023-03-18T22:52:22","guid":{"rendered":"https:\/\/www.sisinternational.com\/?page_id=41888"},"modified":"2026-01-24T21:12:25","modified_gmt":"2026-01-25T02:12:25","slug":"estudio-de-mercado-de-pinturas-revestimientos-y-tintas-de-impresion","status":"publish","type":"page","link":"https:\/\/www.sisinternational.com\/es\/pericia\/estudio-de-mercado-de-pinturas-revestimientos-y-tintas-de-impresion\/","title":{"rendered":"Investigaci\u00f3n de mercado de pinturas, revestimientos y tintas de impresi\u00f3n"},"content":{"rendered":"<h1 class=\"wp-block-heading\">Investigaci\u00f3n de mercado de pinturas, revestimientos y tintas de impresi\u00f3n<\/h1>\n\n\n\n<figure class=\"gb-block-image gb-block-image-cf7be405\"><img loading=\"lazy\" decoding=\"async\" width=\"1456\" height=\"816\" class=\"gb-image gb-image-cf7be405\" src=\"https:\/\/www.sisinternational.com\/wp-content\/uploads\/2025\/08\/Printing-ink-5.jpg\" alt=\"Investigaci\u00f3n y estrategia de mercado internacional de SIS\" title=\"Printing ink (5)\" srcset=\"https:\/\/www.sisinternational.com\/wp-content\/uploads\/2025\/08\/Printing-ink-5.jpg 1456w, https:\/\/www.sisinternational.com\/wp-content\/uploads\/2025\/08\/Printing-ink-5-300x168.jpg 300w, https:\/\/www.sisinternational.com\/wp-content\/uploads\/2025\/08\/Printing-ink-5-1024x574.jpg 1024w, https:\/\/www.sisinternational.com\/wp-content\/uploads\/2025\/08\/Printing-ink-5-768x430.jpg 768w, https:\/\/www.sisinternational.com\/wp-content\/uploads\/2025\/08\/Printing-ink-5-18x10.jpg 18w\" sizes=\"auto, (max-width: 1456px) 100vw, 1456px\"><\/figure>\n\n\n\n<p><\/p>\n\n\n\n<p>Utilizamos pinturas, revestimientos y tintas de impresi\u00f3n para colorear o proteger superficies. Aqu\u00ed hay una breve explicaci\u00f3n de cada uno:<\/p>\n\n\n\n<p><strong>Pinturas:<\/strong> Las pinturas son mezclas de pigmentos, aglutinantes y disolventes. Los utilizamos para colorear o decorar paredes, muebles y lienzos. Los pigmentos son los polvos coloreados que dan el tono a la pintura. Los aglutinantes mantienen unidas las part\u00edculas de pigmento y las adhieren a la superficie. Los disolventes son l\u00edquidos que se evaporan durante el proceso de secado. Dejan una capa s\u00f3lida de pintura.<\/p>\n\n\n\n<p><strong>Recubrimientos:<\/strong> Los recubrimientos son un tipo de acabado protector que se aplica a las superficies. Protegen las superficies de la corrosi\u00f3n, el desgaste y otros tipos de da\u00f1os. Los fabricantes fabrican recubrimientos a partir de diversos materiales, incluidos pol\u00edmeros, cer\u00e1micas y metales. Puede aplicarlos a m\u00faltiples superficies, por ejemplo, tuber\u00edas met\u00e1licas, maquinaria, estructuras de madera y concreto.<\/p>\n\n\n\n<p><strong>Tintas de impresi\u00f3n:<\/strong> Las tintas de impresi\u00f3n son sustancias utilizadas en el proceso de impresi\u00f3n. Transfieren una imagen o texto a una superficie, como papel, tela o pl\u00e1stico. Las tintas se componen de pigmentos, aglutinantes y disolventes. Est\u00e1n disponibles en varias formulaciones. Depende del tipo de impresi\u00f3n que se est\u00e9 haciendo. Por ejemplo, las tintas de impresi\u00f3n offset se utilizan con imprentas. Las tintas de inyecci\u00f3n son para impresoras dom\u00e9sticas y de oficina habituales. Estas impresoras crean im\u00e1genes rociando peque\u00f1as gotas de tinta sobre la superficie.<\/p>\n\n\n\n<h2 class=\"wp-block-heading\">\u00bfPor qu\u00e9 son importantes las pinturas, los revestimientos y las tintas de impresi\u00f3n?<\/h2>\n\n\n\n<p>Las pinturas, revestimientos y tintas de impresi\u00f3n son esenciales por varias razones. Por ejemplo, las pinturas y tintas pueden agregar color e inter\u00e9s visual a objetos y superficies. Adem\u00e1s, hacen que estas superficies sean m\u00e1s atractivas a la vista, lo que puede ser importante para productos o estructuras que pretenden ser visualmente agradables. Por ejemplo, las obras de arte, la decoraci\u00f3n del hogar y los autom\u00f3viles de alta gama necesitan pinturas, revestimientos y tintas.<\/p>\n\n\n\n<p>Otro uso de revestimientos y pinturas es proteger las superficies de da\u00f1os. Previenen la corrosi\u00f3n, el desgaste y la exposici\u00f3n a los elementos. Por ejemplo, los recubrimientos pueden proteger las superficies met\u00e1licas del \u00f3xido y la erosi\u00f3n. Las pinturas pueden proteger las superficies de madera de la putrefacci\u00f3n y la descomposici\u00f3n. Las pinturas y revestimientos pueden ser esenciales para productos utilizados en entornos hostiles o expuestos a la intemperie. Por ejemplo, las pinturas y revestimientos protegen muebles de exterior o piezas de autom\u00f3viles.<\/p>\n\n\n\n<p>Las empresas suelen utilizar tinta de impresi\u00f3n en materiales de marketing y publicidad. Por ejemplo, las empresas los utilizan para promocionar su marca en folletos, folletos y embalajes de productos. Al utilizar tintas y dise\u00f1os de alta calidad, pueden crear materiales de marketing llamativos. Estos materiales ayudan a generar reconocimiento de marca y aumentar las ventas.<\/p>\n\n\n\n<p>Los revestimientos tambi\u00e9n pueden agregar propiedades funcionales a las superficies. Por ejemplo, pueden hacer que las superficies sean resistentes al fuego, a los productos qu\u00edmicos u otros peligros.<\/p>\n\n\n\n<h2 class=\"wp-block-heading\">T\u00edtulos de trabajo clave<\/h2>\n\n\n\n<figure class=\"gb-block-image gb-block-image-c3aaecd4\"><img loading=\"lazy\" decoding=\"async\" width=\"1456\" height=\"816\" class=\"gb-image gb-image-c3aaecd4\" src=\"https:\/\/www.sisinternational.com\/wp-content\/uploads\/2025\/08\/Printing-ink-1.jpg\" alt=\"Investigaci\u00f3n y estrategia de mercado internacional de SIS\" title=\"Printing ink (1)\" srcset=\"https:\/\/www.sisinternational.com\/wp-content\/uploads\/2025\/08\/Printing-ink-1.jpg 1456w, https:\/\/www.sisinternational.com\/wp-content\/uploads\/2025\/08\/Printing-ink-1-300x168.jpg 300w, https:\/\/www.sisinternational.com\/wp-content\/uploads\/2025\/08\/Printing-ink-1-1024x574.jpg 1024w, https:\/\/www.sisinternational.com\/wp-content\/uploads\/2025\/08\/Printing-ink-1-768x430.jpg 768w, https:\/\/www.sisinternational.com\/wp-content\/uploads\/2025\/08\/Printing-ink-1-18x10.jpg 18w\" sizes=\"auto, (max-width: 1456px) 100vw, 1456px\"><\/figure>\n\n\n\n<p><\/p>\n\n\n\n<h3 class=\"wp-block-heading\">La industria de pinturas, recubrimientos y tintas de impresi\u00f3n tiene una variedad de trabajos, que incluyen:<\/h3>\n\n\n\n<ol class=\"wp-block-list\">\n<li><strong>Qu\u00edmico:<\/strong> Un qu\u00edmico en esta industria desarrolla y formula nuevos productos. Tambi\u00e9n investigan materiales y prueban la calidad y el rendimiento del producto.<\/li>\n\n\n\n<li><strong>Cient\u00edfico de materiales:<\/strong> Estudia las propiedades de los materiales utilizados en la industria. Analizan pigmentos, aglutinantes y disolventes para desarrollar productos nuevos y mejorados.<\/li>\n\n\n\n<li><strong>Representante t\u00e9cnico de ventas:<\/strong> Trabaja con los clientes para promocionar y vender productos. Tambi\u00e9n brindan ayuda t\u00e9cnica y soporte seg\u00fan sea necesario.<\/li>\n\n\n\n<li><strong>Especialista en color:<\/strong> Desarrolla y mantiene est\u00e1ndares de color. Garantizan que los productos tengan un color uniforme y preciso en las diferentes tiradas de producci\u00f3n.<\/li>\n\n\n\n<li><strong>Responsable de Servicio T\u00e9cnico:<\/strong> supervisa un equipo de representantes de servicio t\u00e9cnico. Garantizan que los clientes reciban ayuda t\u00e9cnica oportuna y eficaz.<\/li>\n\n\n\n<li><strong>Gerente de Investigaci\u00f3n y Desarrollo:<\/strong> lidera un equipo de investigadores y qu\u00edmicos. Supervisan el desarrollo de nuevos productos y procesos.<\/li>\n\n\n\n<li><strong>Especialista de Asuntos Regulatorios:<\/strong> garantiza que los productos sigan los requisitos y est\u00e1ndares reglamentarios. Estos especialistas colaboran con agencias gubernamentales y organizaciones industriales. Se aseguran de que los productos cumplan con todas las regulaciones necesarias.<\/li>\n\n\n\n<li><strong>Ingeniero de aplicaciones:<\/strong> Trabaja con los clientes para desarrollar recubrimientos personalizados. Tambi\u00e9n ayudan a crear soluciones de pintura para aplicaciones espec\u00edficas. Proporcionan experiencia t\u00e9cnica y soporte durante todo el proceso de desarrollo del producto.<\/li>\n<\/ol>\n\n\n\n<h2 class=\"wp-block-heading\">\u00bfPor qu\u00e9 las empresas necesitan pinturas, revestimientos y tintas de impresi\u00f3n?<\/h2>\n\n\n\n<p>Las empresas necesitan pinturas, revestimientos y tintas de impresi\u00f3n por diversos motivos. Por ejemplo, ayudan con la diferenciaci\u00f3n de productos. Adem\u00e1s, las pinturas, revestimientos y tintas de alta calidad pueden ayudar a las empresas a diferenciar sus productos. Al menos, pueden diferenciarse de los de sus competidores con colores o acabados \u00fanicos.<\/p>\n\n\n\n<p>Otro punto clave es que las empresas suelen utilizar tintas de impresi\u00f3n para crear envases de productos y materiales promocionales. Las empresas tambi\u00e9n los utilizan para fabricar materiales publicitarios. Estos materiales ayudan a generar reconocimiento de marca y promocionar productos entre los clientes.<\/p>\n\n\n\n<p>Puede aplicar recubrimientos a superficies para agregar propiedades funcionales. Por ejemplo, puede agregar resistencia al calor, resistencia qu\u00edmica o propiedades antideslizantes, que pueden ser importantes para productos utilizados en aplicaciones industriales o comerciales.<\/p>\n\n\n\n<p>El rendimiento es fundamental para estas aplicaciones.<\/p>\n\n\n\n<p>Las empresas deben seguir varias regulaciones. Estas reglas pueden estar relacionadas con la seguridad del producto, el impacto ambiental y la protecci\u00f3n del consumidor. El uso de pinturas, revestimientos y tintas es una forma de cumplir con los requisitos reglamentarios. Puede ayudar a las empresas a garantizar que sus productos sean seguros, sostenibles y legales.<\/p>\n\n\n\n<h2 class=\"wp-block-heading\">Factores claves del \u00e9xito<\/h2>\n\n\n\n<p>Los productos de esta industria deben cumplir altos est\u00e1ndares de calidad. Estos est\u00e1ndares garantizan que funcionen seg\u00fan lo previsto y cumplan con las expectativas del cliente. Del mismo modo, ofrecer productos de alta calidad es esencial para construir una reputaci\u00f3n s\u00f3lida. Tambi\u00e9n le ayuda a mantener la fidelidad de sus clientes.<\/p>\n\n\n\n<p>Desarrollar productos nuevos y mejorados es fundamental en esta industria. Los productos deben satisfacer las necesidades y preferencias cambiantes de los clientes. Las empresas deben invertir en investigaci\u00f3n y desarrollo. Si pueden lanzar r\u00e1pidamente nuevos productos al mercado, podr\u00e1n obtener una ventaja competitiva.<\/p>\n\n\n\n<p>Esta industria requiere un alto nivel de experiencia t\u00e9cnica. Esta experiencia es esencial en la formulaci\u00f3n, combinaci\u00f3n de colores y aplicaci\u00f3n del producto. Las empresas deben utilizar profesionales con conocimientos y experiencia. De esa manera, pueden brindar un mejor servicio y soporte al cliente. Conduce a una mayor satisfacci\u00f3n y lealtad del cliente.<\/p>\n\n\n\n<p>Los consumidores est\u00e1n preocupados por el impacto ambiental de sus productos. Las empresas que muestran un compromiso con la sostenibilidad pueden tener una ventaja competitiva. El uso de materiales respetuosos con el medio ambiente puede ayudar a las empresas a tener \u00e9xito en este \u00e1mbito. Tambi\u00e9n puede hacerlo la reducci\u00f3n de residuos y la implementaci\u00f3n de pr\u00e1cticas de producci\u00f3n sostenibles.<\/p>\n\n\n\n<p>Brindar un excelente servicio al cliente es esencial en cualquier industria. Es vital en la industria de pinturas, revestimientos y tintas de impresi\u00f3n. Por ejemplo, los clientes pueden tener preguntas t\u00e9cnicas o necesitar ayuda con la selecci\u00f3n y aplicaci\u00f3n del producto. Adem\u00e1s, las empresas que brindan un servicio al cliente receptivo y experto pueden construir relaciones s\u00f3lidas con los clientes. Tambi\u00e9n pueden generar negocios repetidos.<\/p>\n\n\n\n<p>Las operaciones de distribuci\u00f3n y log\u00edstica eficientes y confiables son esenciales en esta industria. Garantiza que los productos lleguen a los clientes a tiempo y en buenas condiciones. Las empresas que gestionan su cadena de suministro y operaciones log\u00edsticas pueden reducir costos. Tambi\u00e9n pueden mejorar los tiempos de entrega y aumentar la satisfacci\u00f3n del cliente.<\/p>\n\n\n\n<h2 class=\"wp-block-heading\">Acerca de la investigaci\u00f3n de mercado de pinturas, revestimientos y tintas de impresi\u00f3n<\/h2>\n\n\n\n<figure class=\"gb-block-image gb-block-image-26901b3e\"><img loading=\"lazy\" decoding=\"async\" width=\"1456\" height=\"816\" class=\"gb-image gb-image-26901b3e\" src=\"https:\/\/www.sisinternational.com\/wp-content\/uploads\/2025\/08\/Printing-ink-4.jpg\" alt=\"Investigaci\u00f3n y estrategia de mercado internacional de SIS\" title=\"Printing ink (4)\" srcset=\"https:\/\/www.sisinternational.com\/wp-content\/uploads\/2025\/08\/Printing-ink-4.jpg 1456w, https:\/\/www.sisinternational.com\/wp-content\/uploads\/2025\/08\/Printing-ink-4-300x168.jpg 300w, https:\/\/www.sisinternational.com\/wp-content\/uploads\/2025\/08\/Printing-ink-4-1024x574.jpg 1024w, https:\/\/www.sisinternational.com\/wp-content\/uploads\/2025\/08\/Printing-ink-4-768x430.jpg 768w, https:\/\/www.sisinternational.com\/wp-content\/uploads\/2025\/08\/Printing-ink-4-18x10.jpg 18w\" sizes=\"auto, (max-width: 1456px) 100vw, 1456px\"><\/figure>\n\n\n\n<p><\/p>\n\n\n\n<p><a class=\"wpil_keyword_link\" href=\"https:\/\/www.sisinternational.com\/es\/soluciones\/soluciones-de-investigacion-cualitativa-cuantitativa\/\"   title=\"Soluciones de investigaci\u00f3n cualitativa y cuantitativa\" data-wpil-keyword-link=\"linked\"  data-wpil-monitor-id=\"710\">Investigaci\u00f3n de mercado cuantitativa<\/a> focuses on generating numbers. For example, what percentage of the population buys paints, coatings, and printing inks? We conduct it using Surveys.<\/p>\n\n\n\n<p><a class=\"wpil_keyword_link\" href=\"https:\/\/www.sisinternational.com\/es\/tools-and-resources-for-qualitative-market-research\/\"   title=\"Tools and Resources for Qualitative Market Research\" data-wpil-keyword-link=\"linked\"  data-wpil-monitor-id=\"709\">Investigaci\u00f3n de Mercado Cualitativa<\/a> relies on facts and figures. It helps companies to discover what people think and feel about products. It also tells them what factors influence their purchasing decisions. Researchers use Focus Groups coupled with Interviews to gather this information. Interpreting the results is a job that requires specific skills.<\/p>\n\n\n\n<p>En SIS International Research, ofrecemos investigaci\u00f3n de mercado tanto cuantitativa como cualitativa. Tambi\u00e9n proporcionamos lo siguiente:<\/p>\n\n\n\n<ul class=\"wp-block-list\">\n<li><strong><a href=\"https:\/\/www.sisinternational.com\/es\/pericia\/industrias\/investigacion-de-mercado-de-web-scraping\/\" title=\"Investigaci\u00f3n de mercado de raspado web\"  data-wpil-monitor-id=\"3241\">Investigaci\u00f3n de oportunidades de mercado<\/a>: <\/strong>Este tipo de investigaci\u00f3n determina qu\u00e9 nuevos productos o servicios desean sus clientes. Tambi\u00e9n muestra c\u00f3mo puede proporcionarlos.<\/li>\n\n\n\n<li><strong>Investigaci\u00f3n de entrada al mercado:<\/strong>\u00a0para determinar si el mercado est\u00e1 listo para sus nuevos productos o servicios.<\/li>\n\n\n\n<li><strong>An\u00e1lisis competitivo:<\/strong>\u00a0para seguir el progreso de sus competidores en comparaci\u00f3n con el de su empresa.<\/li>\n\n\n\n<li><strong>UX <\/strong><a href=\"https:\/\/www.sisinternational.com\/es\/soluciones\/investigacion-de-mercado-de-cheques-de-tienda\/\" title=\"Estudio de mercado de Store Check\"  data-wpil-monitor-id=\"2149\">Market Research:\u00a0to check<\/a> the pulse of your consumer base.<\/li>\n<\/ul>\n\n\n\n<p>Tambi\u00e9n podemos ayudarle con la investigaci\u00f3n estrat\u00e9gica de mercado y la investigaci\u00f3n de dimensionamiento del mercado. \u00a1Cont\u00e1ctenos hoy para planificar su estrategia de comercializaci\u00f3n!<\/p>","protected":false},"excerpt":{"rendered":"<p>Las pinturas, revestimientos y tintas de impresi\u00f3n a\u00f1aden color e inter\u00e9s visual a objetos y superficies. Tambi\u00e9n los utilizamos para proteger superficies.<\/p>","protected":false},"author":1,"featured_media":64333,"parent":14514,"menu_order":219,"comment_status":"closed","ping_status":"closed","template":"","meta":{"footnotes":""},"class_list":["post-41888","page","type-page","status-publish","has-post-thumbnail"],"_links":{"self":[{"href":"https:\/\/www.sisinternational.com\/es\/wp-json\/wp\/v2\/pages\/41888","targetHints":{"allow":["GET"]}}],"collection":[{"href":"https:\/\/www.sisinternational.com\/es\/wp-json\/wp\/v2\/pages"}],"about":[{"href":"https:\/\/www.sisinternational.com\/es\/wp-json\/wp\/v2\/types\/page"}],"author":[{"embeddable":true,"href":"https:\/\/www.sisinternational.com\/es\/wp-json\/wp\/v2\/users\/1"}],"replies":[{"embeddable":true,"href":"https:\/\/www.sisinternational.com\/es\/wp-json\/wp\/v2\/comments?post=41888"}],"version-history":[{"count":6,"href":"https:\/\/www.sisinternational.com\/es\/wp-json\/wp\/v2\/pages\/41888\/revisions"}],"predecessor-version":[{"id":77519,"href":"https:\/\/www.sisinternational.com\/es\/wp-json\/wp\/v2\/pages\/41888\/revisions\/77519"}],"up":[{"embeddable":true,"href":"https:\/\/www.sisinternational.com\/es\/wp-json\/wp\/v2\/pages\/14514"}],"wp:featuredmedia":[{"embeddable":true,"href":"https:\/\/www.sisinternational.com\/es\/wp-json\/wp\/v2\/media\/64333"}],"wp:attachment":[{"href":"https:\/\/www.sisinternational.com\/es\/wp-json\/wp\/v2\/media?parent=41888"}],"curies":[{"name":"wp","href":"https:\/\/api.w.org\/{rel}","templated":true}]}}