{"id":41885,"date":"2023-03-18T18:37:37","date_gmt":"2023-03-18T22:37:37","guid":{"rendered":"https:\/\/www.sisinternational.com\/?page_id=41885"},"modified":"2026-01-24T21:18:04","modified_gmt":"2026-01-25T02:18:04","slug":"investigacion-de-mercado-de-medicamentos-huerfanos","status":"publish","type":"page","link":"https:\/\/www.sisinternational.com\/es\/pericia\/investigacion-de-mercado-de-medicamentos-huerfanos\/","title":{"rendered":"Investigaci\u00f3n de mercado de medicamentos hu\u00e9rfanos"},"content":{"rendered":"<h1 class=\"wp-block-heading\">Investigaci\u00f3n de mercado de medicamentos hu\u00e9rfanos<\/h1>\n\n\n\n<figure class=\"gb-block-image gb-block-image-e7ba8c3f\"><img loading=\"lazy\" decoding=\"async\" width=\"1456\" height=\"816\" class=\"gb-image gb-image-e7ba8c3f\" src=\"https:\/\/www.sisinternational.com\/wp-content\/uploads\/2025\/08\/Nutritional-supplement-8.jpg\" alt=\"Investigaci\u00f3n y estrategia de mercado internacional de SIS\" title=\"Nutritional supplement (8)\" srcset=\"https:\/\/www.sisinternational.com\/wp-content\/uploads\/2025\/08\/Nutritional-supplement-8.jpg 1456w, https:\/\/www.sisinternational.com\/wp-content\/uploads\/2025\/08\/Nutritional-supplement-8-300x168.jpg 300w, https:\/\/www.sisinternational.com\/wp-content\/uploads\/2025\/08\/Nutritional-supplement-8-1024x574.jpg 1024w, https:\/\/www.sisinternational.com\/wp-content\/uploads\/2025\/08\/Nutritional-supplement-8-768x430.jpg 768w, https:\/\/www.sisinternational.com\/wp-content\/uploads\/2025\/08\/Nutritional-supplement-8-18x10.jpg 18w\" sizes=\"auto, (max-width: 1456px) 100vw, 1456px\"><\/figure>\n\n\n\n<p><\/p>\n\n\n\n<h2 class=\"wp-block-heading\">\u00bfQu\u00e9 es un medicamento hu\u00e9rfano?<\/h2>\n\n\n\n<p>Los Medicamentos Hu\u00e9rfanos diagnostican, previenen y tratan enfermedades hu\u00e9rfanas. Una enfermedad hu\u00e9rfana es una enfermedad o condici\u00f3n rara. Esta enfermedad afecta a menos de 200.000 personas en Estados Unidos. Las enfermedades hu\u00e9rfanas suelen ser graves o mortales. De hecho, el gobierno de Estados Unidos aprob\u00f3 una ley llamada Ley de Medicamentos Hu\u00e9rfanos en 1983. Esta ley promueve la fabricaci\u00f3n de medicamentos hu\u00e9rfanos seguros y eficaces. Proporciona a las empresas farmac\u00e9uticas ciertos beneficios econ\u00f3micos por trabajar con estos medicamentos.<\/p>\n\n\n\n<p>La FDA da prioridad a la investigaci\u00f3n de enfermedades raras. De esta forma, apoya la investigaci\u00f3n y el desarrollo de nuevos tratamientos para enfermedades raras. Otro punto clave es que tener el estatus de medicamento hu\u00e9rfano califica a los patrocinadores para recibir incentivos, que incluyen:<\/p>\n\n\n\n<ul class=\"wp-block-list\">\n<li>Exenci\u00f3n de tarifas de usuario<\/li>\n\n\n\n<li>Cr\u00e9ditos fiscales para ensayos cl\u00ednicos calificados<\/li>\n\n\n\n<li>Posibles siete a\u00f1os de derechos exclusivos de mercado despu\u00e9s de la aprobaci\u00f3n.<\/li>\n<\/ul>\n\n\n\n<h2 class=\"wp-block-heading\">\u00bfPor qu\u00e9 son importantes los medicamentos hu\u00e9rfanos?<\/h2>\n\n\n\n<p>Un estudio reciente del MIT observ\u00f3 que las enfermedades raras no lo son tanto. Estas enfermedades afectan a un total de entre 25 y 30 millones de estadounidenses. M\u00e1s de la mitad de los afectados son ni\u00f1os. Muchas de estas enfermedades o afecciones son mortales o limitan la vida. Tanto los pacientes como los cuidadores de este grupo enfrentan muchos desaf\u00edos. La falta de conocimiento sobre su condici\u00f3n, incluso por parte de los m\u00e9dicos, es uno de los mayores obst\u00e1culos.<\/p>\n\n\n\n<p>La mayor\u00eda de los pacientes con una enfermedad rara nunca conocer\u00e1n a nadie con la misma afecci\u00f3n. Por lo tanto, ellos y sus familias deben arregl\u00e1rselas solos. Este aislamiento puede resultar estresante para los pacientes. Los pacientes con enfermedades raras no pueden quedarse al margen. La ciencia y la medicina han logrado enormes avances durante el \u00faltimo siglo. Es hora de que estos pacientes obtengan una parte del pastel. Tienen los mismos derechos al tratamiento que cualquier otro paciente.<\/p>\n\n\n\n<h2 class=\"wp-block-heading\">Por qu\u00e9 las empresas necesitan invertir en investigaci\u00f3n de mercado de medicamentos hu\u00e9rfanos<\/h2>\n\n\n\n<figure class=\"gb-block-image gb-block-image-0303615c\"><img loading=\"lazy\" decoding=\"async\" width=\"1456\" height=\"816\" class=\"gb-image gb-image-0303615c\" src=\"https:\/\/www.sisinternational.com\/wp-content\/uploads\/2025\/08\/Nutritional-supplement-6.jpg\" alt=\"Investigaci\u00f3n y estrategia de mercado internacional de SIS\" title=\"Nutritional supplement (6)\" srcset=\"https:\/\/www.sisinternational.com\/wp-content\/uploads\/2025\/08\/Nutritional-supplement-6.jpg 1456w, https:\/\/www.sisinternational.com\/wp-content\/uploads\/2025\/08\/Nutritional-supplement-6-300x168.jpg 300w, https:\/\/www.sisinternational.com\/wp-content\/uploads\/2025\/08\/Nutritional-supplement-6-1024x574.jpg 1024w, https:\/\/www.sisinternational.com\/wp-content\/uploads\/2025\/08\/Nutritional-supplement-6-768x430.jpg 768w, https:\/\/www.sisinternational.com\/wp-content\/uploads\/2025\/08\/Nutritional-supplement-6-18x10.jpg 18w\" sizes=\"auto, (max-width: 1456px) 100vw, 1456px\"><\/figure>\n\n\n\n<p>El futuro est\u00e1 muy abierto a la inversi\u00f3n en proyectos de Medicamentos Hu\u00e9rfanos. Los medicamentos s\u00f3lo est\u00e1n disponibles para alrededor del 5 por ciento de las enfermedades raras. Los beneficios de invertir en medicamentos hu\u00e9rfanos son m\u00faltiples. La competencia es casi inexistente. Otro beneficio son los largos per\u00edodos de protecci\u00f3n de las patentes. La FDA otorga a estos medicamentos siete a\u00f1os de derechos exclusivos a partir de la fecha de aprobaci\u00f3n.<\/p>\n\n\n\n<p>Los medicamentos hu\u00e9rfanos se han vuelto rentables. En los \u00faltimos tiempos han entrado en el mercado cientos de nuevos tratamientos para enfermedades raras. Los medicamentos hu\u00e9rfanos suelen tener precios muy elevados. \u00bfPor qu\u00e9? Por su naturaleza rara y falta de competencia. Otro factor cr\u00edtico a considerar es el tiempo de aprobaci\u00f3n, que es m\u00e1s r\u00e1pido. La aprobaci\u00f3n r\u00e1pida es una gran ventaja para obtener el estatus de medicamento hu\u00e9rfano. Las empresas est\u00e1n trabajando con la FDA para llevar estos tratamientos que cambian la vida a millones de personas.<\/p>\n\n\n\n<h2 class=\"wp-block-heading\">T\u00edtulos de trabajo clave<\/h2>\n\n\n\n<ul class=\"wp-block-list\">\n<li><strong>Asistente de Investigaci\u00f3n de Medicamentos Hu\u00e9rfanos:<\/strong> Esta persona procesa documentos reglamentarios y act\u00faa como asistente de los investigadores.<\/li>\n\n\n\n<li><strong>Especialista en apoyo al paciente:<\/strong> proporciona a los pacientes y cuidadores informaci\u00f3n sobre las opciones de tratamiento<\/li>\n\n\n\n<li><strong>Gerente de ensayos cl\u00ednicos:<\/strong> Esta persona realiza y gestiona estudios cl\u00ednicos. Adem\u00e1s, impulsan el proceso de desarrollo de f\u00e1rmacos para tratar a quienes padecen enfermedades raras.<\/li>\n<\/ul>\n\n\n\n<h2 class=\"wp-block-heading\">Factores claves del \u00e9xito<\/h2>\n\n\n\n<p>El desarrollo de f\u00e1rmacos en el \u00e1mbito de las enfermedades raras puede tener \u00e9xito si se aborda correctamente. Los grandes actores de la industria deben unir fuerzas para que esto suceda. Luego podr\u00e1n aprovechar el poder de los datos para ayudar a impulsar posibles opciones de tratamiento. McKinsey ha identificado cuatro pilares estrat\u00e9gicos para el lanzamiento exitoso de medicamentos hu\u00e9rfanos:<\/p>\n\n\n\n<ol class=\"wp-block-list\">\n<li>Un compromiso con la comunidad de enfermedades raras<\/li>\n\n\n\n<li>Uso de m\u00e9todos de \u00faltima generaci\u00f3n para localizar a los pacientes.<\/li>\n\n\n\n<li>Uso de un enfoque t\u00e1ctico para el acceso de pacientes.<\/li>\n\n\n\n<li>Amplio apoyo a pacientes y cuidadores dentro del sistema sanitario.<\/li>\n<\/ol>\n\n\n\n<h2 class=\"wp-block-heading\">Acerca de la investigaci\u00f3n de mercado de medicamentos hu\u00e9rfanos<\/h2>\n\n\n\n<p>La investigaci\u00f3n de mercado de medicamentos hu\u00e9rfanos requiere una investigaci\u00f3n de mercado cualitativa. Las compa\u00f1\u00edas farmac\u00e9uticas deben descubrir las necesidades de los pacientes. Tambi\u00e9n necesitan generar ideas para mejorar los productos y ampliar los existentes. Estas empresas deben aclarar a\u00fan m\u00e1s la combinaci\u00f3n de marketing. Tambi\u00e9n deben comprender c\u00f3mo se adaptar\u00e1 el medicamento al estilo de vida de los clientes. Los medicamentos hu\u00e9rfanos tambi\u00e9n requieren<\/p>\n\n\n\n<p><a class=\"wpil_keyword_link\" href=\"https:\/\/www.sisinternational.com\/es\/soluciones\/soluciones-de-investigacion-cualitativa-cuantitativa\/\"   title=\"Soluciones de investigaci\u00f3n cualitativa y cuantitativa\" data-wpil-keyword-link=\"linked\"  data-wpil-monitor-id=\"711\">Investigaci\u00f3n de mercado cuantitativa<\/a>. The most popular Quantitative method is Surveys. One-on-one Interviews are another popular method. You can use them to gauge the need for Orphan Drugs.<\/p>\n\n\n\n<p>SIS Internacional <a href=\"https:\/\/www.sisinternational.com\/es\/cobertura\/las-americas\/investigacion-de-mercado-en-el-caribe\/investigacion-de-mercado-montserrat\/\" title=\"Investigaci\u00f3n de Mercado en Montserrat\"  data-wpil-monitor-id=\"3248\">Research serves the Orphan Drug market<\/a>. We provide Quantitative and Qualitative Market Research. We also offer UX Market Research and Competitive Analysis. Furthermore, we can work out your Go to Market Strategy with you. Another service provided by SIS is <a href=\"https:\/\/www.sisinternational.com\/es\/cobertura\/las-americas\/investigacion-de-mercado-de-america-latina\/investigacion-de-mercado-rio-de-janeiro\/\" title=\"Investigaci\u00f3n de mercado en R\u00edo de Janeiro\"  data-wpil-monitor-id=\"3275\">Investigaci\u00f3n de entrada al mercado<\/a>. We also do Strategy Market Research and Market Sizing Research. We can also offer Focus Groups to aid in your <a href=\"https:\/\/www.sisinternational.com\/es\/cobertura\/investigacion-de-mercado-asia\/investigacion-de-mercado-krong-siem-reap\/\" title=\"Investigaci\u00f3n de mercado en Krong Siem Reap\"  data-wpil-monitor-id=\"3304\">Investigaci\u00f3n de entrada al mercado<\/a>.<\/p>","protected":false},"excerpt":{"rendered":"<p>Orphan Drug Market Research ayuda a las compa\u00f1\u00edas farmac\u00e9uticas a descubrir las necesidades de los pacientes y generar ideas para mejorar los productos y ampliar los existentes.<\/p>","protected":false},"author":1,"featured_media":64093,"parent":14514,"menu_order":218,"comment_status":"closed","ping_status":"closed","template":"","meta":{"footnotes":""},"class_list":["post-41885","page","type-page","status-publish","has-post-thumbnail"],"_links":{"self":[{"href":"https:\/\/www.sisinternational.com\/es\/wp-json\/wp\/v2\/pages\/41885","targetHints":{"allow":["GET"]}}],"collection":[{"href":"https:\/\/www.sisinternational.com\/es\/wp-json\/wp\/v2\/pages"}],"about":[{"href":"https:\/\/www.sisinternational.com\/es\/wp-json\/wp\/v2\/types\/page"}],"author":[{"embeddable":true,"href":"https:\/\/www.sisinternational.com\/es\/wp-json\/wp\/v2\/users\/1"}],"replies":[{"embeddable":true,"href":"https:\/\/www.sisinternational.com\/es\/wp-json\/wp\/v2\/comments?post=41885"}],"version-history":[{"count":7,"href":"https:\/\/www.sisinternational.com\/es\/wp-json\/wp\/v2\/pages\/41885\/revisions"}],"predecessor-version":[{"id":77565,"href":"https:\/\/www.sisinternational.com\/es\/wp-json\/wp\/v2\/pages\/41885\/revisions\/77565"}],"up":[{"embeddable":true,"href":"https:\/\/www.sisinternational.com\/es\/wp-json\/wp\/v2\/pages\/14514"}],"wp:featuredmedia":[{"embeddable":true,"href":"https:\/\/www.sisinternational.com\/es\/wp-json\/wp\/v2\/media\/64093"}],"wp:attachment":[{"href":"https:\/\/www.sisinternational.com\/es\/wp-json\/wp\/v2\/media?parent=41885"}],"curies":[{"name":"wp","href":"https:\/\/api.w.org\/{rel}","templated":true}]}}