{"id":41882,"date":"2023-03-18T18:21:14","date_gmt":"2023-03-18T22:21:14","guid":{"rendered":"https:\/\/www.sisinternational.com\/?page_id=41882"},"modified":"2026-01-24T18:41:17","modified_gmt":"2026-01-24T23:41:17","slug":"investigacion-de-mercado-de-productos-quimicos-organicos","status":"publish","type":"page","link":"https:\/\/www.sisinternational.com\/es\/pericia\/investigacion-de-mercado-de-productos-quimicos-organicos\/","title":{"rendered":"Investigaci\u00f3n de mercado de productos qu\u00edmicos org\u00e1nicos"},"content":{"rendered":"<h1 class=\"wp-block-heading\">Investigaci\u00f3n de mercado de productos qu\u00edmicos org\u00e1nicos<\/h1>\n\n\n\n<figure class=\"gb-block-image gb-block-image-7463948d\"><img loading=\"lazy\" decoding=\"async\" width=\"1456\" height=\"816\" class=\"gb-image gb-image-7463948d\" src=\"https:\/\/www.sisinternational.com\/wp-content\/uploads\/2025\/09\/Chemicals-1-1.jpg\" alt=\"Investigaci\u00f3n y estrategia de mercado internacional de SIS\" title=\"Chemicals (1)\" srcset=\"https:\/\/www.sisinternational.com\/wp-content\/uploads\/2025\/09\/Chemicals-1-1.jpg 1456w, https:\/\/www.sisinternational.com\/wp-content\/uploads\/2025\/09\/Chemicals-1-1-300x168.jpg 300w, https:\/\/www.sisinternational.com\/wp-content\/uploads\/2025\/09\/Chemicals-1-1-1024x574.jpg 1024w, https:\/\/www.sisinternational.com\/wp-content\/uploads\/2025\/09\/Chemicals-1-1-768x430.jpg 768w, https:\/\/www.sisinternational.com\/wp-content\/uploads\/2025\/09\/Chemicals-1-1-18x10.jpg 18w\" sizes=\"auto, (max-width: 1456px) 100vw, 1456px\"><\/figure>\n\n\n\n<p><\/p>\n\n\n\n<p>Los qu\u00edmicos org\u00e1nicos son mol\u00e9culas compuestas de \u00e1tomos de carbono. Contienen hidr\u00f3geno, ox\u00edgeno, nitr\u00f3geno, azufre y otros \u00e1tomos de carbono. Tambi\u00e9n se les llama compuestos org\u00e1nicos y forman la base de todos los organismos vivos de la Tierra.<\/p>\n\n\n\n<p>Puedes encontrar productos qu\u00edmicos org\u00e1nicos en la naturaleza, como plantas y animales. Los cient\u00edficos tambi\u00e9n pueden producir sustancias qu\u00edmicas org\u00e1nicas sint\u00e9ticas en los laboratorios. Ejemplos de sustancias qu\u00edmicas org\u00e1nicas naturales incluyen az\u00facares, grasas, prote\u00ednas y ADN. Los productos qu\u00edmicos org\u00e1nicos sint\u00e9ticos incluyen pl\u00e1sticos, pesticidas, productos farmac\u00e9uticos y muchos otros productos.<\/p>\n\n\n\n<p>Utilizamos productos qu\u00edmicos org\u00e1nicos en la industria, la agricultura y la vida cotidiana. Tienen diversas propiedades y aplicaciones. Sin embargo, algunas sustancias qu\u00edmicas org\u00e1nicas pueden da\u00f1ar la salud humana y el medio ambiente. Por ejemplo, ciertos pesticidas y contaminantes son t\u00f3xicos. Por lo tanto, el uso y eliminaci\u00f3n adecuados de estos qu\u00edmicos son esenciales. De esa manera, puede reducir su impacto en el medio ambiente y la salud humana.<\/p>\n\n\n\n<h2 class=\"wp-block-heading\">\u00bfPor qu\u00e9 son importantes los productos qu\u00edmicos org\u00e1nicos?<\/h2>\n\n\n\n<p>Los productos qu\u00edmicos org\u00e1nicos son esenciales por muchas razones. Por ejemplo, son importantes para la vida. Los productos qu\u00edmicos org\u00e1nicos son los componentes b\u00e1sicos de la vida. Todos los organismos vivos del mundo est\u00e1n compuestos de compuestos org\u00e1nicos. Incluso los carbohidratos, l\u00edpidos, prote\u00ednas y \u00e1cidos nucleicos comprenden estas sustancias qu\u00edmicas. Sin productos qu\u00edmicos org\u00e1nicos, la vida tal como la conocemos no existir\u00eda.<\/p>\n\n\n\n<p>Los productos qu\u00edmicos org\u00e1nicos desempe\u00f1an un papel crucial en la agricultura moderna. Se encuentran en fertilizantes, pesticidas y herbicidas. Por lo tanto, aumentan el rendimiento de los cultivos y los protegen de plagas y enfermedades.<\/p>\n\n\n\n<p>Los fabricantes utilizan productos qu\u00edmicos org\u00e1nicos en la producci\u00f3n de una amplia gama de materiales. Por ejemplo, se encuentran en pl\u00e1sticos, fibras sint\u00e9ticas y caucho. Tambi\u00e9n se utilizan para fabricar productos farmac\u00e9uticos, colorantes y otros productos.<\/p>\n\n\n\n<p>Los productos qu\u00edmicos org\u00e1nicos son una fuente esencial de energ\u00eda. Los combustibles f\u00f3siles, como el gas natural y el petr\u00f3leo, comprenden compuestos org\u00e1nicos formados a lo largo de millones de a\u00f1os. Adem\u00e1s, los utilizamos para impulsar veh\u00edculos, generar electricidad y calentar edificios.<br>Los productos qu\u00edmicos org\u00e1nicos desempe\u00f1an un papel crucial en el medio ambiente. Sirven como nutrientes para plantas y animales. Tambi\u00e9n son parte de ciclos biogeoqu\u00edmicos.<\/p>\n\n\n\n<h2 class=\"wp-block-heading\">T\u00edtulos de trabajo clave<\/h2>\n\n\n\n<h3 class=\"wp-block-heading\">A continuaci\u00f3n se muestran algunos t\u00edtulos de trabajo clave relacionados con diversos campos e industrias:<\/h3>\n\n\n\n<ol class=\"wp-block-list\">\n<li>Desarrollador de software: Desarrolla aplicaciones de software para sistemas inform\u00e1ticos.<\/li>\n\n\n\n<li>Contador: Gestiona registros financieros y prepara informes financieros para individuos u organizaciones.<\/li>\n\n\n\n<li>Marketing Manager: Plans and directs <a href=\"https:\/\/www.sisinternational.com\/es\/pericia\/curriculums-de-experiencia\/estudio-de-mercado-de-productos-de-cuidado-personal\/\" title=\"Investigaci\u00f3n de mercado de productos de cuidado personal\"  data-wpil-monitor-id=\"10128\">marketing campaigns to promote products<\/a> or services.<\/li>\n\n\n\n<li>Ingeniero civil: dise\u00f1a, construye y mantiene infraestructura, como edificios, puentes y carreteras.<\/li>\n\n\n\n<li><a href=\"https:\/\/www.sisinternational.com\/es\/soluciones\/investigacion-de-mercado-de-ia-y-consultoria-estrategica\/recursos-humanos-gestion-del-talento-automatizacion-inteligencia-artificial-consultoria\/\" title=\"Recursos Humanos y Gesti\u00f3n del Talento Automatizaci\u00f3n y Consultor\u00eda en IA\"  data-wpil-monitor-id=\"10127\">Human Resources Manager<\/a>: Oversees hiring, training, and management of personnel in an organization.<\/li>\n\n\n\n<li>M\u00e9dico: Diagnostica y trata enfermedades y lesiones en los pacientes.<\/li>\n\n\n\n<li>Abogado: Brinda asesor\u00eda y representaci\u00f3n legal a personas u organizaciones.<\/li>\n\n\n\n<li>Dise\u00f1ador Gr\u00e1fico: Dise\u00f1a ideas visuales manualmente o utilizando software de computadora. Este profesional comunica conceptos que informan, inspiran o cautivan a los consumidores.<\/li>\n\n\n\n<li>Cient\u00edfico de datos: utiliza an\u00e1lisis estad\u00edstico, modelado de datos y aprendizaje autom\u00e1tico. Este profesional extrae ideas y conocimientos de los datos.<\/li>\n\n\n\n<li>Cient\u00edfico ambiental: estudia el entorno natural e identifica posibles peligros ambientales. Desarrolla soluciones para minimizar el impacto negativo en el medio ambiente.<\/li>\n<\/ol>\n\n\n\n<h2 class=\"wp-block-heading\">Por qu\u00e9 las empresas necesitan productos qu\u00edmicos org\u00e1nicos<\/h2>\n\n\n\n<p>Las empresas necesitan productos qu\u00edmicos org\u00e1nicos para la fabricaci\u00f3n. Los productos qu\u00edmicos org\u00e1nicos son esenciales en el proceso de fabricaci\u00f3n de muchos productos. Algunas industrias utilizan productos qu\u00edmicos org\u00e1nicos como materia prima para crear sus productos. O los utilizan como disolventes, catalizadores u otros agentes en el proceso de fabricaci\u00f3n.<\/p>\n\n\n\n<p>Businesses may use <a href=\"https:\/\/www.sisinternational.com\/es\/pericia\/industrias\/organizaciones-de-investigacion-por-contrato-investigacion-de-mercado\/\" title=\"Investigaci\u00f3n por contrato Organizaciones Investigaci\u00f3n de mercado\"  data-wpil-monitor-id=\"10130\">organic chemicals in their research<\/a> and development activities. For example, they use them to create or improve new products. Pharmaceutical companies often use organic chemicals as a starting point for developing new drugs.<br>Los productos qu\u00edmicos org\u00e1nicos se utilizan a menudo en pruebas medioambientales. Detectan y miden contaminantes del aire, el agua y el suelo, lo cual es esencial para las empresas que operan en industrias con alto impacto ambiental. Por ejemplo, las industrias de extracci\u00f3n de petr\u00f3leo y gas los utilizan.<\/p>\n\n\n\n<h2 class=\"wp-block-heading\">Factores claves del \u00e9xito<\/h2>\n\n\n\n<h3 class=\"wp-block-heading\">Las empresas de productos qu\u00edmicos org\u00e1nicos deben centrarse en varios factores cr\u00edticos de \u00e9xito. Como ocurre con cualquier otro negocio, eso garantiza el \u00e9xito y la rentabilidad a largo plazo.<\/h3>\n\n\n\n<p>The first essential factor of success for organic chemical businesses is innovation. Successful <a href=\"https:\/\/www.sisinternational.com\/es\/creacion-de-organos-con-impresoras-3d\/\" title=\"Creaci\u00f3n de \u00f3rganos e investigaci\u00f3n de mercado de impresoras 3D\"  data-wpil-monitor-id=\"2307\">organic chemical<\/a> enterprises are often at the forefront of research and development. They explore new applications and develop new products. Innovation is critical to staying ahead of competitors and meeting customers\u2019 needs.<\/p>\n\n\n\n<p>Las empresas de productos qu\u00edmicos org\u00e1nicos deben garantizar que sus productos cumplan con estrictos est\u00e1ndares de calidad. De esa manera, mantienen la satisfacci\u00f3n del cliente y protegen su reputaci\u00f3n. Adem\u00e1s, debe existir un control de calidad en cada etapa del proceso de producci\u00f3n. Va desde el abastecimiento de la materia prima hasta la entrega del producto final.<\/p>\n\n\n\n<p>Efficiency is another <a href=\"https:\/\/www.sisinternational.com\/es\/factores-clave-de-exito-en-la-investigacion-del-mercado-automotriz\/\" title=\"Factores clave de \u00e9xito en la investigaci\u00f3n de mercado automotriz\"  data-wpil-monitor-id=\"10124\">key success factor<\/a>. Organic chemical businesses need to be efficient and cost-effective in making their products, which requires effective supply chain management and lean manufacturing processes. Your company also needs to follow various regulations and standards. Look up the standards related to health, safety, and environmental protection. Compliance with these regulations is necessary for legal reasons. It also protects the health and safety of employees and the environment.<\/p>\n\n\n\n<p>Estas empresas deben considerar el impacto de sus operaciones en el medio ambiente. Tambi\u00e9n necesitan analizar su efecto en la sociedad. Las empresas deben comprometerse con pr\u00e1cticas sostenibles. Tambi\u00e9n deben ser transparentes sobre su impacto social y ambiental. Estas empresas tienen m\u00e1s probabilidades de tener \u00e9xito en el largo plazo.<\/p>\n\n\n\n<p>Las empresas exitosas de productos qu\u00edmicos org\u00e1nicos se centran en las necesidades y preferencias de sus clientes. Por lo tanto, es necesario prestar mucha atenci\u00f3n a los clientes. Le ayuda a comprender sus requisitos. Tambi\u00e9n le permite proporcionar soluciones personalizadas que satisfagan sus necesidades espec\u00edficas.<\/p>\n\n\n\n<h2 class=\"wp-block-heading\">Acerca de la investigaci\u00f3n de mercado de productos qu\u00edmicos org\u00e1nicos<\/h2>\n\n\n\n<p>Are you running an organic chemicals business? Then you must learn about your customers, competitors, and industry. <a href=\"https:\/\/www.sisinternational.com\/es\/tools-and-resources-for-qualitative-market-research\/\" title=\"Tools and Resources for Qualitative Market Research\"  data-wpil-monitor-id=\"10115\">Investigaci\u00f3n de Mercado Cualitativa<\/a> involves asking the right questions to the right people in the right way. Let <a href=\"https:\/\/www.sisinternational.com\/es\/contacto-sis-investigacion-de-mercado-internacional\/\" title=\"Cont\u00e1ctenos\"  data-wpil-monitor-id=\"10111\">SIS International research<\/a> help you do that with Focus Groups, Interviews, and Surveys. We also conduct <a href=\"https:\/\/www.sisinternational.com\/es\/soluciones\/soluciones-de-investigacion-cualitativa-cuantitativa\/investigacion-de-mercado-cualitativa\/\" title=\"Investigaci\u00f3n de Mercado Cualitativa\"  data-wpil-monitor-id=\"10118\">Investigaci\u00f3n de Mercado Cualitativa<\/a>. We can do your Competitive Analyses, UX Market Research, and <a href=\"https:\/\/www.sisinternational.com\/es\/b2b-market-research-strategies-and-techniques\/\" title=\"B2B Market Research Strategies and Techniques\"  data-wpil-monitor-id=\"10122\">Estrategia de Investigaci\u00f3n de Mercado<\/a> to take you further in your quest for success. Also available are <a href=\"https:\/\/www.sisinternational.com\/es\/pericia\/investigacion-de-mercado-de-productos-quimicos-a-granel\/\" title=\"Investigaci\u00f3n de mercado de productos qu\u00edmicos a granel\"  data-wpil-monitor-id=\"2115\">Investigaci\u00f3n de entrada al mercado<\/a>, Market Opportunity Research, and Market Sizing Research. Contact us today to work out your Go to Market Strategy!<\/p>","protected":false},"excerpt":{"rendered":"<p>Los productos qu\u00edmicos org\u00e1nicos desempe\u00f1an un papel crucial en la agricultura moderna. Aumentan el rendimiento de los cultivos y los protegen de plagas y enfermedades.<\/p>","protected":false},"author":1,"featured_media":67290,"parent":14514,"menu_order":217,"comment_status":"closed","ping_status":"closed","template":"","meta":{"footnotes":""},"class_list":["post-41882","page","type-page","status-publish","has-post-thumbnail"],"_links":{"self":[{"href":"https:\/\/www.sisinternational.com\/es\/wp-json\/wp\/v2\/pages\/41882","targetHints":{"allow":["GET"]}}],"collection":[{"href":"https:\/\/www.sisinternational.com\/es\/wp-json\/wp\/v2\/pages"}],"about":[{"href":"https:\/\/www.sisinternational.com\/es\/wp-json\/wp\/v2\/types\/page"}],"author":[{"embeddable":true,"href":"https:\/\/www.sisinternational.com\/es\/wp-json\/wp\/v2\/users\/1"}],"replies":[{"embeddable":true,"href":"https:\/\/www.sisinternational.com\/es\/wp-json\/wp\/v2\/comments?post=41882"}],"version-history":[{"count":6,"href":"https:\/\/www.sisinternational.com\/es\/wp-json\/wp\/v2\/pages\/41882\/revisions"}],"predecessor-version":[{"id":81675,"href":"https:\/\/www.sisinternational.com\/es\/wp-json\/wp\/v2\/pages\/41882\/revisions\/81675"}],"up":[{"embeddable":true,"href":"https:\/\/www.sisinternational.com\/es\/wp-json\/wp\/v2\/pages\/14514"}],"wp:featuredmedia":[{"embeddable":true,"href":"https:\/\/www.sisinternational.com\/es\/wp-json\/wp\/v2\/media\/67290"}],"wp:attachment":[{"href":"https:\/\/www.sisinternational.com\/es\/wp-json\/wp\/v2\/media?parent=41882"}],"curies":[{"name":"wp","href":"https:\/\/api.w.org\/{rel}","templated":true}]}}