{"id":41879,"date":"2023-03-18T18:04:53","date_gmt":"2023-03-18T22:04:53","guid":{"rendered":"https:\/\/www.sisinternational.com\/?page_id=41879"},"modified":"2026-01-24T21:27:16","modified_gmt":"2026-01-25T02:27:16","slug":"investigacion-de-mercado-de-plataformas-petroleras","status":"publish","type":"page","link":"https:\/\/www.sisinternational.com\/es\/pericia\/investigacion-de-mercado-de-plataformas-petroleras\/","title":{"rendered":"Investigaci\u00f3n de mercado de plataformas petroleras"},"content":{"rendered":"<h1 class=\"wp-block-heading\">Investigaci\u00f3n de mercado de plataformas petroleras<\/h1>\n\n\n\n<figure class=\"gb-block-image gb-block-image-bd226ce0\"><img loading=\"lazy\" decoding=\"async\" width=\"1456\" height=\"816\" class=\"gb-image gb-image-bd226ce0\" src=\"https:\/\/www.sisinternational.com\/wp-content\/uploads\/2025\/08\/Oit-petroleum-petrochemical-8.jpg\" alt=\"Investigaci\u00f3n y estrategia de mercado internacional de SIS\" title=\"Oit petroleum petrochemical (8)\" srcset=\"https:\/\/www.sisinternational.com\/wp-content\/uploads\/2025\/08\/Oit-petroleum-petrochemical-8.jpg 1456w, https:\/\/www.sisinternational.com\/wp-content\/uploads\/2025\/08\/Oit-petroleum-petrochemical-8-300x168.jpg 300w, https:\/\/www.sisinternational.com\/wp-content\/uploads\/2025\/08\/Oit-petroleum-petrochemical-8-1024x574.jpg 1024w, https:\/\/www.sisinternational.com\/wp-content\/uploads\/2025\/08\/Oit-petroleum-petrochemical-8-768x430.jpg 768w, https:\/\/www.sisinternational.com\/wp-content\/uploads\/2025\/08\/Oit-petroleum-petrochemical-8-18x10.jpg 18w\" sizes=\"auto, (max-width: 1456px) 100vw, 1456px\"><\/figure>\n\n\n\n<hr class=\"wp-block-separator has-alpha-channel-opacity is-style-dots\"\/>\n\n\n\n<p>La industria petrolera es una de las m\u00e1s grandes del mundo, junto con otros actores clave, como las finanzas, el sector inmobiliario y la construcci\u00f3n. La mayor\u00eda de los productos y servicios dependen en gran medida de esta industria, desde el transporte hasta la fabricaci\u00f3n de productos.<\/p>\n\n\n\n<p>La industria petrolera mundial recauda billones de d\u00f3lares anualmente, lo que la convierte en una inversi\u00f3n atractiva. Los contribuyentes relevantes a esta industria son las plataformas petrol\u00edferas.<\/p>\n\n\n\n<p>In the United States alone, there are at least a thousand oil rigs\u2014offshore and onshore, making it the top country with the highest number of rigs.<\/p>\n\n\n\n<p>With the continuous demand for fuel, investment in oil rigs will continue to soar. However, investing in the oil rigs market attracts an array of issues, which challenge investors in navigating through it.<\/p>\n\n\n\n<h2 class=\"wp-block-heading\">\u00bfQu\u00e9 es la plataforma petrolera?<\/h2>\n\n\n\n<p>Oil rigs, also known as oil platforms, are equipment or structures of extraordinary size that drill oil wells, extract petroleum and natural gases found beneath the seabed, and process them.<\/p>\n\n\n\n<p>Esta estructura forma parte de m\u00faltiples instalaciones, atendiendo a diversos instrumentos y trabajadores. Aunque tiene un objetivo, existen diferentes tipos y dise\u00f1os de plataformas petroleras, generalmente teniendo en cuenta la ubicaci\u00f3n del pozo petrolero.<\/p>\n\n\n\n<h3 class=\"wp-block-heading\">A continuaci\u00f3n se muestran algunos tipos de plataformas petrol\u00edferas que se encuentran en todo el mundo:<\/h3>\n\n\n\n<ul class=\"wp-block-list\">\n<li><strong>Plataformas Fijas:<\/strong>&nbsp;tiene patas gruesas de hormig\u00f3n y\/o acero, construidas directamente sobre el fondo marino; Funciona mejor para uso a largo plazo.<\/li>\n\n\n\n<li><strong>Equipos de perforaci\u00f3n autoelevables:<\/strong>&nbsp;dise\u00f1ado para trasladarse de un lugar a otro; Adecuado para profundidades de agua de hasta 390 pies.<\/li>\n\n\n\n<li><strong>Plataformas de combate:<\/strong>&nbsp;atado al fondo del mar; Utiliza principalmente l\u00edneas de amarre convencionales.<\/li>\n\n\n\n<li><strong>Plataformas de piernas tensas (TLP):<\/strong>&nbsp;ideal para descubrimientos en aguas profundas; Ideal para profundidades de agua de hasta 6,600 pies.<\/li>\n\n\n\n<li><strong>Estructura basada en la gravedad:<\/strong>&nbsp;anclado al fondo del mar; Funciona bien en los fiordos.<\/li>\n<\/ul>\n\n\n\n<p>Elegir la plataforma petrolera adecuada tambi\u00e9n depende de si el pozo petrolero est\u00e1 en alta mar o en tierra. Las plataformas petroleras marinas excavan debajo del lecho marino, mientras que las plataformas petroleras terrestres extraen de capas subterr\u00e1neas de tierra.<\/p>\n\n\n\n<h2 class=\"wp-block-heading\">Beneficios de la investigaci\u00f3n de mercado de plataformas petrol\u00edferas<\/h2>\n\n\n\n<p>La industria petrolera es un \u00e1rea de inversi\u00f3n complicada de entender. Curiosamente, la mayor\u00eda de los inversores entregar\u00e1n su dinero en estos mercados de plataformas petroleras porque siempre se les ha tratado como lucrativos.<\/p>\n\n\n\n<p>However, it is not always the case as this market is also susceptible to economic downturns. To avoid taking a costly misstep, well-rounded <a href=\"https:\/\/www.sisinternational.com\/es\/soluciones\/investigacion-de-mercado-de-oleoductos-y-gasoductos\/\" title=\"Investigaci\u00f3n del mercado de oleoductos y gasoductos\"  data-wpil-monitor-id=\"2166\">investigaci\u00f3n de mercado de plataformas petroleras<\/a> comes into play.<\/p>\n\n\n\n<p>For first-time investors, this research&#8217;s primary benefit is understanding how the <a href=\"https:\/\/www.sisinternational.com\/es\/pericia\/industrias\/investigacion-de-mercado-de-petroleo-y-gas\/\" title=\"Investigaci\u00f3n de mercado de petr\u00f3leo y gas\"  data-wpil-monitor-id=\"3089\">oil rig<\/a> market works. It answers the questions from how oil rigs are conceptualized to their everyday drilling routine.<\/p>\n\n\n\n<p>El <a href=\"https:\/\/www.sisinternational.com\/es\/pericia\/industrias\/estudio-de-mercado-de-aceites-vegetales\/\" title=\"Investigaci\u00f3n de mercado de aceites vegetales\"  data-wpil-monitor-id=\"3222\">investigaci\u00f3n de mercado de plataformas petroleras<\/a> also guides investors in comprehending the difference between each oil rig and what are their financial standings. It aims to assure investors about the potential returns they can receive and to warn them of the possible issues and troubles of investing.<\/p>\n\n\n\n<p>El <a href=\"https:\/\/www.sisinternational.com\/es\/pericia\/industrias\/estudio-de-mercado-del-aceite-de-palma\/\" title=\"Investigaci\u00f3n de mercado del aceite de palma\"  data-wpil-monitor-id=\"3456\">investigaci\u00f3n de mercado de plataformas petroleras<\/a> will also widen the perspective of investors, giving them a bird&#8217;s eye view from the side of the business and shareholders.<\/p>\n\n\n\n<p>Cabe se\u00f1alar que esta investigaci\u00f3n tambi\u00e9n resulta \u00fatil para los propietarios de empresas. La mayor\u00eda de los propietarios de empresas necesitan esto como herramienta para garantizar que las decisiones comerciales tomadas est\u00e9n alineadas con los intereses de la empresa.<\/p>\n\n\n\n<p>Al mismo tiempo, puede proporcionar una ventaja competitiva, siendo pionera en nuevos pasos, dise\u00f1os y procedimientos para una producci\u00f3n m\u00e1s eficaz. Y lo m\u00e1s importante, la investigaci\u00f3n de mercado de las plataformas petroleras har\u00e1 que las empresas realicen una gesti\u00f3n de datos de riesgo.<\/p>\n\n\n\n<h2 class=\"wp-block-heading\">Tendencias y oportunidades para el mercado de plataformas petroleras<\/h2>\n\n\n\n<p>El mercado de las plataformas petroleras existe desde hace un siglo y ha mantenido un crecimiento constante durante todo este tiempo. Ha demostrado mantener valor y es tratado como una reserva por diferentes pa\u00edses desarrollados y ricos.<\/p>\n\n\n\n<p>Los inversores y propietarios de empresas podr\u00edan estar interesados en conocer m\u00e1s sobre las tendencias y oportunidades que les esperan en el mercado.<\/p>\n\n\n\n<ul class=\"wp-block-list\">\n<li>Contrariamente a la creencia popular, invertir en plataformas petrol\u00edferas no es s\u00f3lo para los ricos. Muchas empresas petroleras ofrecen sus acciones al p\u00fablico, atendiendo a un p\u00fablico m\u00e1s amplio.<\/li>\n\n\n\n<li>Se espera que el mercado de plataformas petroleras crezca incluso con obst\u00e1culos econ\u00f3micos inesperados debido a la demanda continua de combustible y productos a base de combustible.<\/li>\n\n\n\n<li>Se prev\u00e9 que las empresas ampl\u00eden sus negocios, aumentando la demanda de trabajadores calificados. Tambi\u00e9n se traduce en la construcci\u00f3n de nuevas plataformas petroleras, lo que afecta a las industrias de la construcci\u00f3n, financiera y de bienes ra\u00edces en el proceso.<\/li>\n\n\n\n<li>Las plataformas petroleras marinas en el extranjero seguir\u00e1n aumentando a medida que se localicen y estudien nuevos descubrimientos.<\/li>\n<\/ul>\n\n\n\n<h2 class=\"wp-block-heading\">Problemas con el mercado de plataformas petroleras<\/h2>\n\n\n\n<p>Al igual que otras industrias, el mercado de las plataformas petroleras tiene muchos problemas. Abarca desde pol\u00edticas medioambientales hasta pol\u00edticas gubernamentales. Aunque est\u00e1 rodeado de preocupaciones intimidantes, los inversores se sienten bastante c\u00f3modos poniendo su dinero en uno.<\/p>\n\n\n\n<p>El mercado de las plataformas petrol\u00edferas se considera invencible debido a la demanda continua de productos combustibles, pero no garantiza la sostenibilidad del negocio. La gente todav\u00eda necesita tomar nota de los problemas que rodean al mercado y evaluar si es algo que puede funcionar para ellos a largo plazo.<\/p>\n\n\n\n<ul class=\"wp-block-list\">\n<li><strong>Cuestiones ambientales:<\/strong> Este es un problema bastante com\u00fan planteado contra la industria. Las plataformas petrol\u00edferas extraen combustible utilizado en servicios y productos que contribuyen al creciente problema de la contaminaci\u00f3n y el efecto invernadero. Desafortunadamente, incluso el proceso de extracci\u00f3n de petr\u00f3leo de los pozos produce contaminaci\u00f3n t\u00f3xica en el agua y el aire.<\/li>\n\n\n\n<li><strong>Interrupci\u00f3n de la vida silvestre:<\/strong> Besides pollution, the techniques and drilling of oil wells disrupted marine ecosystems and land quality. If the impact is not rehabilitated quickly, it can lead to further habitat destruction.<\/li>\n\n\n\n<li><strong>Pol\u00edticas y regulaciones gubernamentales:<\/strong> Cada pa\u00eds tiene normas espec\u00edficas en cuanto al funcionamiento de las plataformas petrol\u00edferas. Tambi\u00e9n podr\u00eda haber una restricci\u00f3n de ciudadan\u00eda sobre qui\u00e9n puede invertir en ellos. Por lo tanto, es posible que no se permita a los extranjeros que quieran invertir.<\/li>\n\n\n\n<li><strong>Preocupaciones de salud:<\/strong> Se aplican estrictos requisitos y protocolos de salud para proteger la seguridad y la salud de los empleados de las plataformas petroleras. Sin embargo, la exposici\u00f3n constante al humo y a los vapores t\u00f3xicos tiene efectos adversos inevitables. Es un desaf\u00edo para las empresas demostrar que todos los empleados son supervisados y bien cuidados para al menos minimizar cualquier riesgo potencial para la salud.<\/li>\n<\/ul>","protected":false},"excerpt":{"rendered":"<p>Hay al menos mil plataformas petroleras en Estados Unidos, tanto en alta mar como en tierra. Tienen el mayor n\u00famero de plataformas del mundo.<\/p>","protected":false},"author":1,"featured_media":64292,"parent":14514,"menu_order":216,"comment_status":"closed","ping_status":"closed","template":"","meta":{"footnotes":""},"class_list":["post-41879","page","type-page","status-publish","has-post-thumbnail"],"_links":{"self":[{"href":"https:\/\/www.sisinternational.com\/es\/wp-json\/wp\/v2\/pages\/41879","targetHints":{"allow":["GET"]}}],"collection":[{"href":"https:\/\/www.sisinternational.com\/es\/wp-json\/wp\/v2\/pages"}],"about":[{"href":"https:\/\/www.sisinternational.com\/es\/wp-json\/wp\/v2\/types\/page"}],"author":[{"embeddable":true,"href":"https:\/\/www.sisinternational.com\/es\/wp-json\/wp\/v2\/users\/1"}],"replies":[{"embeddable":true,"href":"https:\/\/www.sisinternational.com\/es\/wp-json\/wp\/v2\/comments?post=41879"}],"version-history":[{"count":8,"href":"https:\/\/www.sisinternational.com\/es\/wp-json\/wp\/v2\/pages\/41879\/revisions"}],"predecessor-version":[{"id":77668,"href":"https:\/\/www.sisinternational.com\/es\/wp-json\/wp\/v2\/pages\/41879\/revisions\/77668"}],"up":[{"embeddable":true,"href":"https:\/\/www.sisinternational.com\/es\/wp-json\/wp\/v2\/pages\/14514"}],"wp:featuredmedia":[{"embeddable":true,"href":"https:\/\/www.sisinternational.com\/es\/wp-json\/wp\/v2\/media\/64292"}],"wp:attachment":[{"href":"https:\/\/www.sisinternational.com\/es\/wp-json\/wp\/v2\/media?parent=41879"}],"curies":[{"name":"wp","href":"https:\/\/api.w.org\/{rel}","templated":true}]}}