{"id":41873,"date":"2023-03-18T16:21:34","date_gmt":"2023-03-18T20:21:34","guid":{"rendered":"https:\/\/www.sisinternational.com\/?page_id=41873"},"modified":"2026-01-24T20:58:33","modified_gmt":"2026-01-25T01:58:33","slug":"investigacion-de-mercado-de-energia-nuclear","status":"publish","type":"page","link":"https:\/\/www.sisinternational.com\/es\/pericia\/investigacion-de-mercado-de-energia-nuclear\/","title":{"rendered":"Investigaci\u00f3n de mercado de energ\u00eda nuclear"},"content":{"rendered":"<h1 class=\"wp-block-heading\">Investigaci\u00f3n de mercado de energ\u00eda nuclear<\/h1>\n\n\n\n<figure class=\"gb-block-image gb-block-image-e2318f3c\"><img loading=\"lazy\" decoding=\"async\" width=\"1456\" height=\"816\" class=\"gb-image gb-image-e2318f3c\" src=\"https:\/\/www.sisinternational.com\/wp-content\/uploads\/2025\/08\/NUclear-plant-nuclear-power-4.jpg\" alt=\"Investigaci\u00f3n y estrategia de mercado internacional de SIS\" title=\"NUclear plant nuclear power (4)\" srcset=\"https:\/\/www.sisinternational.com\/wp-content\/uploads\/2025\/08\/NUclear-plant-nuclear-power-4.jpg 1456w, https:\/\/www.sisinternational.com\/wp-content\/uploads\/2025\/08\/NUclear-plant-nuclear-power-4-300x168.jpg 300w, https:\/\/www.sisinternational.com\/wp-content\/uploads\/2025\/08\/NUclear-plant-nuclear-power-4-1024x574.jpg 1024w, https:\/\/www.sisinternational.com\/wp-content\/uploads\/2025\/08\/NUclear-plant-nuclear-power-4-768x430.jpg 768w, https:\/\/www.sisinternational.com\/wp-content\/uploads\/2025\/08\/NUclear-plant-nuclear-power-4-18x10.jpg 18w\" sizes=\"auto, (max-width: 1456px) 100vw, 1456px\"><\/figure>\n\n\n\n<p><\/p>\n\n\n\n<p>En el mundo actual de demandas de energ\u00eda cada vez mayores y necesidad de recursos m\u00e1s sostenibles, aquellos en el sector de generaci\u00f3n de energ\u00eda deben realizar investigaciones de mercado peri\u00f3dicas para seguir siendo competitivos en el mercado.<\/p>\n\n\n\n<p>En particular, al recopilar y analizar datos, las empresas pueden descubrir tendencias de la industria, medir los niveles de competencia y reconocer oportunidades o riesgos potenciales en el mercado de la energ\u00eda nuclear.<\/p>\n\n\n\n<h2 class=\"wp-block-heading\">\u00bfQu\u00e9 es la investigaci\u00f3n de mercado de la energ\u00eda nuclear y por qu\u00e9 es importante?<\/h2>\n\n\n\n<p>By delving into nuclear power market research, businesses, policymakers, and other key players in the industry can make smart choices about investments, strategies, and policies. This research examines current as well as future <a href=\"https:\/\/www.sisinternational.com\/es\/la-principal-empresa-de-prevision-de-tendencias-de-la-industria-b2b\/\" title=\"Principal empresa de previsi\u00f3n de tendencias de la industria B2B\"  data-wpil-monitor-id=\"9978\">trends for the industry<\/a> to give an understanding of opportunities and threats alike that could impact decisions made by these stakeholders.<\/p>\n\n\n\n<h2 class=\"wp-block-heading\">Importancia de realizar estudios de mercado de la energ\u00eda nuclear<\/h2>\n\n\n\n<p>Es primordial mantenerse al tanto de las \u00faltimas tendencias y avances en el sector de la energ\u00eda nuclear. Este entendimiento permite a las empresas y a los inversores tomar mejores decisiones sobre oportunidades de inversi\u00f3n, como la construcci\u00f3n de nuevas plantas nucleares o c\u00f3mo gestionar mejor las plantas nucleares existentes.<\/p>\n\n\n\n<p>By conducting thorough nuclear <a href=\"https:\/\/www.sisinternational.com\/es\/pericia\/industrias\/investigacion-de-mercado-de-generacion-de-energia\/\" title=\"Investigaci\u00f3n de mercado de generaci\u00f3n de energ\u00eda\"  data-wpil-monitor-id=\"3048\">power market research<\/a>, companies discover the existing and potential trends of this industry, enabling them to identify risks that may be lurking on the horizon while also uncovering opportunities.<\/p>\n\n\n\n<p>Tambi\u00e9n puede identificar datos sobre el rendimiento, la demanda y las regulaciones de las plantas de energ\u00eda nuclear. Como resultado, sus hallazgos se utilizan para decidir c\u00f3mo dar\u00e1n forma a sus futuras inversiones en nuevas instalaciones o desmantelar\u00e1n plantas m\u00e1s antiguas.<\/p>\n\n\n\n<p>Furthermore, nuclear <a href=\"https:\/\/www.sisinternational.com\/es\/pericia\/industrias\/investigacion-de-mercado-de-herramientas-electricas\/\" title=\"Investigaci\u00f3n de mercado de herramientas el\u00e9ctricas\"  data-wpil-monitor-id=\"4043\">power market research<\/a> assists businesses to make appropriate decisions about the nuclear power industry, including safety protocols, waste disposal practices, and plant licensing requirements. Energy planners need to have a clear view of the demand for nuclear energy throughout its lifetime to ensure it is an economically viable option that will not compromise public health or harm our environment.<\/p>\n\n\n\n<h2 class=\"wp-block-heading\">Tendencias actuales de la investigaci\u00f3n del mercado de la energ\u00eda nuclear<\/h2>\n\n\n\n<figure class=\"gb-block-image gb-block-image-0afe848d\"><img loading=\"lazy\" decoding=\"async\" width=\"1456\" height=\"816\" class=\"gb-image gb-image-0afe848d\" src=\"https:\/\/www.sisinternational.com\/wp-content\/uploads\/2025\/08\/NUclear-plant-nuclear-power-3.jpg\" alt=\"Investigaci\u00f3n y estrategia de mercado internacional de SIS\" title=\"NUclear plant nuclear power (3)\" srcset=\"https:\/\/www.sisinternational.com\/wp-content\/uploads\/2025\/08\/NUclear-plant-nuclear-power-3.jpg 1456w, https:\/\/www.sisinternational.com\/wp-content\/uploads\/2025\/08\/NUclear-plant-nuclear-power-3-300x168.jpg 300w, https:\/\/www.sisinternational.com\/wp-content\/uploads\/2025\/08\/NUclear-plant-nuclear-power-3-1024x574.jpg 1024w, https:\/\/www.sisinternational.com\/wp-content\/uploads\/2025\/08\/NUclear-plant-nuclear-power-3-768x430.jpg 768w, https:\/\/www.sisinternational.com\/wp-content\/uploads\/2025\/08\/NUclear-plant-nuclear-power-3-18x10.jpg 18w\" sizes=\"auto, (max-width: 1456px) 100vw, 1456px\"><\/figure>\n\n\n\n<p><\/p>\n\n\n\n<p>Numerosos factores influyen en la evoluci\u00f3n de la investigaci\u00f3n del mercado de la energ\u00eda nuclear, como los avances tecnol\u00f3gicos, las situaciones econ\u00f3micas, las regulaciones gubernamentales y las preocupaciones ecol\u00f3gicas. Estas son algunas de las tendencias m\u00e1s recientes en este campo:<\/p>\n\n\n\n<ul class=\"wp-block-list\">\n<li>Centrarse en los reactores modulares peque\u00f1os: a medida que la demanda de energ\u00eda sigue aumentando, los reactores modulares peque\u00f1os se est\u00e1n volviendo cada vez m\u00e1s populares debido a su tama\u00f1o m\u00e1s peque\u00f1o y su mayor velocidad y asequibilidad en comparaci\u00f3n con los reactores tradicionales a gran escala.<\/li>\n\n\n\n<li>Mayor inter\u00e9s en la fusi\u00f3n nuclear: cient\u00edficos de todo el mundo est\u00e1n investigando formas de crear reactores de fusi\u00f3n nuclear comercialmente viables. Los beneficios potenciales de tal proceso ser\u00edan infinitos porque podr\u00eda brindar acceso a un mayor suministro de energ\u00eda limpia sin emisiones de carbono.<\/li>\n\n\n\n<li>\u00c9nfasis en la seguridad y la protecci\u00f3n: la investigaci\u00f3n del mercado de la energ\u00eda nuclear ahora se ha centrado en las nuevas tecnolog\u00edas relacionadas con estas \u00e1reas, as\u00ed como en la demanda esperada del mercado.<\/li>\n\n\n\n<li>Changing regulatory landscape: As the laws and regulations impacting nuclear power become increasingly stringent, market analysis is delving into how these changes will influence the <a href=\"https:\/\/www.sisinternational.com\/es\/venezuela-oil-mining-industry-potential-strategic-forecast-2026-2036\/\" title=\"Venezuela Oil &amp; Mining Industry Potential: Strategic Forecast 2026-2036\"  data-wpil-monitor-id=\"9980\">industry in terms of potential<\/a> opportunities and looming obstacles.<\/li>\n\n\n\n<li>Creciente inter\u00e9s en la energ\u00eda nuclear en los pa\u00edses en desarrollo: a medida que la demanda de energ\u00eda en los pa\u00edses emergentes contin\u00faa aumentando, la energ\u00eda nuclear aparece como una soluci\u00f3n viable y rentable. La investigaci\u00f3n de mercado est\u00e1 examinando de cerca los mercados potenciales de energ\u00eda nuclear de estas naciones, as\u00ed como la viabilidad econ\u00f3mica de la construcci\u00f3n de nuevas plantas.<\/li>\n<\/ul>\n\n\n\n<h2 class=\"wp-block-heading\">Beneficios de la investigaci\u00f3n de mercado de la energ\u00eda nuclear<\/h2>\n\n\n\n<ul class=\"wp-block-list\">\n<li>Al aprovechar la investigaci\u00f3n del mercado de la energ\u00eda nuclear, las empresas pueden descubrir nuevas perspectivas y tendencias, como nuevos mercados que est\u00e1n en aumento o las necesidades cambiantes de los clientes.<\/li>\n\n\n\n<li>Through the <a href=\"https:\/\/www.sisinternational.com\/es\/cobertura\/investigacion-de-mercado-asia\/analisis-competitivo-china\/\" title=\"An\u00e1lisis competitivo en China\"  data-wpil-monitor-id=\"9981\">analysis of the competitive<\/a> landscape of the nuclear power industry, businesses can propel themselves ahead and create unrivaled strategies, products, and services.<\/li>\n\n\n\n<li>A trav\u00e9s de una investigaci\u00f3n exhaustiva del mercado de la energ\u00eda nuclear, las empresas pueden identificar riesgos y descubrir desaf\u00edos potenciales en la industria, como alteraciones regulatorias o preocupaciones de seguridad. De esta manera, las empresas pueden construir contingencias que les ayudar\u00e1n a reducir los posibles riesgos.<\/li>\n\n\n\n<li>Con acceso a informaci\u00f3n y datos precisos, los tomadores de decisiones clave pueden tomar decisiones informadas con confianza sobre inversiones, pol\u00edticas y regulaciones.<\/li>\n\n\n\n<li>La investigaci\u00f3n del mercado de la energ\u00eda nuclear tiene el potencial de impulsar la innovaci\u00f3n y fomentar el surgimiento de nuevas tecnolog\u00edas, productos y servicios que se alineen con precisi\u00f3n con los requisitos en constante evoluci\u00f3n de los consumidores.<\/li>\n<\/ul>\n\n\n\n<h2 class=\"wp-block-heading\">Limitaciones de la investigaci\u00f3n del mercado de la energ\u00eda nuclear<\/h2>\n\n\n\n<ul class=\"wp-block-list\">\n<li>Dado que la industria de la energ\u00eda nuclear est\u00e1 tan estrictamente regulada, el acceso a los datos suele estar restringido por cuestiones de seguridad y confidencialidad. Obtener datos e ideas confiables para la investigaci\u00f3n puede resultar bastante dif\u00edcil como resultado de esta disponibilidad limitada de informaci\u00f3n.<\/li>\n\n\n\n<li>Navegar por la industria de la energ\u00eda nuclear puede ser una tarea desalentadora debido a sus amplios componentes t\u00e9cnicos y regulatorios. La complejidad de este sector presenta desaf\u00edos \u00fanicos que deben superarse para tener \u00e9xito.<\/li>\n\n\n\n<li>Undertaking <a href=\"https:\/\/www.sisinternational.com\/es\/cuales-son-las-tendencias-en-el-sector-de-los-estudios-de-mercado\/\" title=\"\u00bfCu\u00e1les son algunas tendencias en la industria de la investigaci\u00f3n de mercado?\"  data-wpil-monitor-id=\"9984\">research into the nuclear power industry<\/a> can be costly, particularly if it involves conducting surveys or gathering data from a wide spectrum of stakeholders. This creates an obstacle for smaller businesses and organizations that have limited budgets.<\/li>\n\n\n\n<li>La industria nuclear est\u00e1 sujeta a fluctuaciones pol\u00edticas, lo que dificulta analizar con precisi\u00f3n el mercado y hacer proyecciones precisas. Los cambios inesperados en las regulaciones gubernamentales o en la opini\u00f3n p\u00fablica pueden perturbar significativamente la estabilidad de este sector, creando un entorno impredecible que requiere monitoreo.<\/li>\n<\/ul>\n\n\n\n<h2 class=\"wp-block-heading\">Perspectivas futuras de la investigaci\u00f3n del mercado de la energ\u00eda nuclear<\/h2>\n\n\n\n<figure class=\"gb-block-image gb-block-image-0a9a93fc\"><img loading=\"lazy\" decoding=\"async\" width=\"1456\" height=\"816\" class=\"gb-image gb-image-0a9a93fc\" src=\"https:\/\/www.sisinternational.com\/wp-content\/uploads\/2025\/08\/NUclear-plant-nuclear-power-1.jpg\" alt=\"Investigaci\u00f3n y estrategia de mercado internacional de SIS\" title=\"NUclear plant nuclear power (1)\" srcset=\"https:\/\/www.sisinternational.com\/wp-content\/uploads\/2025\/08\/NUclear-plant-nuclear-power-1.jpg 1456w, https:\/\/www.sisinternational.com\/wp-content\/uploads\/2025\/08\/NUclear-plant-nuclear-power-1-300x168.jpg 300w, https:\/\/www.sisinternational.com\/wp-content\/uploads\/2025\/08\/NUclear-plant-nuclear-power-1-1024x574.jpg 1024w, https:\/\/www.sisinternational.com\/wp-content\/uploads\/2025\/08\/NUclear-plant-nuclear-power-1-768x430.jpg 768w, https:\/\/www.sisinternational.com\/wp-content\/uploads\/2025\/08\/NUclear-plant-nuclear-power-1-18x10.jpg 18w\" sizes=\"auto, (max-width: 1456px) 100vw, 1456px\"><\/figure>\n\n\n\n<ul class=\"wp-block-list\">\n<li>The nuclear power industry is quickly advancing with new developments to enhance security, effectiveness, and performance. The nuclear energy <a href=\"https:\/\/www.sisinternational.com\/es\/soluciones\/investigacion-de-mercado-de-ia-y-consultoria-estrategica\/inteligencia-artificial\/\" title=\"Investigaci\u00f3n de mercado de inteligencia artificial\"  data-wpil-monitor-id=\"9976\">market is additionally attempting out artificial intelligence<\/a> along with machine learning to boost the safety measures and efficiency of all existing plants. Such explorations broaden potential applications for this revolutionary technology within our society.<\/li>\n\n\n\n<li>La energ\u00eda nuclear est\u00e1 ganando terreno frente a los desaf\u00edos actuales debido a su baja huella de carbono y su producci\u00f3n constante de energ\u00eda. Como tal, la investigaci\u00f3n sobre las ventajas econ\u00f3micas de la energ\u00eda nuclear y su impacto ambiental general seguir\u00e1 siendo primordial en el futuro previsible. Adem\u00e1s, existe un enorme potencial de crecimiento en esta \u00e1rea a medida que el inter\u00e9s p\u00fablico sigue creciendo.<\/li>\n\n\n\n<li>Comprender las posibles consecuencias de los cambios regulatorios es fundamental para cualquier persona involucrada en la industria de la energ\u00eda nuclear. Tales modificaciones pueden alterar dr\u00e1sticamente la forma en que operan las empresas, brindando una gran cantidad de oportunidades de investigaci\u00f3n y an\u00e1lisis que se pueden realizar.<\/li>\n\n\n\n<li>A medida que la necesidad mundial de energ\u00eda sigue creciendo, tambi\u00e9n lo hace la demanda de fuentes de energ\u00eda nuevas e innovadoras. Esto brinda una oportunidad excepcional para explorar m\u00e1s a fondo la energ\u00eda nuclear y su posible contribuci\u00f3n a satisfacer las demandas energ\u00e9ticas globales.<\/li>\n<\/ul>\n\n\n\n<p><a href=\"https:\/\/www.sisinternational.com\/es\/sis-presenta-una-plataforma-de-analisis-cuantitativo-y-ciencia-de-datos\/\" title=\"SIS presenta plataforma de an\u00e1lisis cuantitativo y ciencia de datos\"  data-wpil-monitor-id=\"9973\">SIS International offers Quantitative<\/a>, Qualitative, and Strategy Research. We provide data, tools, strategies, reports and insights for decision-making. We conduct interviews, surveys, <a href=\"https:\/\/www.sisinternational.com\/es\/soluciones\/investigacion-de-mercado-de-grupo-focal\/\" title=\"Investigaci\u00f3n de mercado con grupos focales\"  data-wpil-monitor-id=\"9974\">focus groups and many other Market Research<\/a> methods and approaches. Contact us for your <a href=\"https:\/\/www.sisinternational.com\/es\/pericia\/industrias\/investigacion-de-mercado-de-tecnologias-de-proxima-generacion\/\" title=\"Investigaci\u00f3n de mercado de tecnolog\u00edas de pr\u00f3xima generaci\u00f3n\"  data-wpil-monitor-id=\"9975\">next Market Research<\/a> proyecto.<\/p>","protected":false},"excerpt":{"rendered":"<p>Al mantenerse a la vanguardia de los \u00faltimos avances en energ\u00eda nuclear, las empresas y los inversores obtienen oportunidades para tomar mejores decisiones de inversi\u00f3n.<\/p>","protected":false},"author":1,"featured_media":64085,"parent":14514,"menu_order":214,"comment_status":"closed","ping_status":"closed","template":"","meta":{"footnotes":""},"class_list":["post-41873","page","type-page","status-publish","has-post-thumbnail"],"_links":{"self":[{"href":"https:\/\/www.sisinternational.com\/es\/wp-json\/wp\/v2\/pages\/41873","targetHints":{"allow":["GET"]}}],"collection":[{"href":"https:\/\/www.sisinternational.com\/es\/wp-json\/wp\/v2\/pages"}],"about":[{"href":"https:\/\/www.sisinternational.com\/es\/wp-json\/wp\/v2\/types\/page"}],"author":[{"embeddable":true,"href":"https:\/\/www.sisinternational.com\/es\/wp-json\/wp\/v2\/users\/1"}],"replies":[{"embeddable":true,"href":"https:\/\/www.sisinternational.com\/es\/wp-json\/wp\/v2\/comments?post=41873"}],"version-history":[{"count":6,"href":"https:\/\/www.sisinternational.com\/es\/wp-json\/wp\/v2\/pages\/41873\/revisions"}],"predecessor-version":[{"id":81652,"href":"https:\/\/www.sisinternational.com\/es\/wp-json\/wp\/v2\/pages\/41873\/revisions\/81652"}],"up":[{"embeddable":true,"href":"https:\/\/www.sisinternational.com\/es\/wp-json\/wp\/v2\/pages\/14514"}],"wp:featuredmedia":[{"embeddable":true,"href":"https:\/\/www.sisinternational.com\/es\/wp-json\/wp\/v2\/media\/64085"}],"wp:attachment":[{"href":"https:\/\/www.sisinternational.com\/es\/wp-json\/wp\/v2\/media?parent=41873"}],"curies":[{"name":"wp","href":"https:\/\/api.w.org\/{rel}","templated":true}]}}