{"id":41859,"date":"2023-03-18T14:59:44","date_gmt":"2023-03-18T18:59:44","guid":{"rendered":"https:\/\/www.sisinternational.com\/?page_id=41859"},"modified":"2026-01-24T21:16:21","modified_gmt":"2026-01-25T02:16:21","slug":"investigacion-de-mercado-de-proyeccion-de-prueba-de-pelicula","status":"publish","type":"page","link":"https:\/\/www.sisinternational.com\/es\/pericia\/investigacion-de-mercado-de-proyeccion-de-prueba-de-pelicula\/","title":{"rendered":"Investigaci\u00f3n de mercado de proyecci\u00f3n de pruebas de pel\u00edculas"},"content":{"rendered":"<h1 class=\"wp-block-heading\">Investigaci\u00f3n de mercado de proyecci\u00f3n de pruebas de pel\u00edculas<\/h1>\n\n\n\n<figure class=\"gb-block-image gb-block-image-144c4ca7\"><img loading=\"lazy\" decoding=\"async\" width=\"1456\" height=\"816\" class=\"gb-image gb-image-144c4ca7\" src=\"https:\/\/www.sisinternational.com\/wp-content\/uploads\/2025\/08\/Movie-cinema-3.jpg\" alt=\"Investigaci\u00f3n y estrategia de mercado internacional de SIS\" title=\"Movie cinema (3)\" srcset=\"https:\/\/www.sisinternational.com\/wp-content\/uploads\/2025\/08\/Movie-cinema-3.jpg 1456w, https:\/\/www.sisinternational.com\/wp-content\/uploads\/2025\/08\/Movie-cinema-3-300x168.jpg 300w, https:\/\/www.sisinternational.com\/wp-content\/uploads\/2025\/08\/Movie-cinema-3-1024x574.jpg 1024w, https:\/\/www.sisinternational.com\/wp-content\/uploads\/2025\/08\/Movie-cinema-3-768x430.jpg 768w, https:\/\/www.sisinternational.com\/wp-content\/uploads\/2025\/08\/Movie-cinema-3-18x10.jpg 18w\" sizes=\"auto, (max-width: 1456px) 100vw, 1456px\"><\/figure>\n\n\n\n<p><\/p>\n\n\n\n<h2 class=\"wp-block-heading\">\u00bfQu\u00e9 es la proyecci\u00f3n de prueba de pel\u00edcula?<\/h2>\n\n\n\n<p>A Movie Test Screening is a film preview. Studios host Test Screenings before the film\u2019s general release to gauge audience reaction. Researchers select the preview audience from a cross-section of the population. They ask these viewers to provide feedback in some form, usually in a questionnaire. <a href=\"https:\/\/www.sisinternational.com\/es\/product-testing-that-turns-ideas-into-market-ready-success\/\" title=\"Product Testing That Turns Ideas into Market-Ready Success\"  data-wpil-monitor-id=\"9994\">Test Screenings are always a good idea<\/a>. The movie\u2019s backers and distributors need this data to see how they can maximize returns. But, few directors take solace in the brutal feedback a group of strangers may give their baby.<\/p>\n\n\n\n<p>The idea of a Movie Test Screening is to get some fresh eyeballs on the project. Screenings ask for input from a select group. This group does not have an emotional attachment to the project. Moreover, it\u2019s a way for creators and financiers to see what\u2019s working and what\u2019s not. It can be tempting to brief your audience with some context, but it\u2019s best to let them develop their perception. There\u2019s another <a href=\"https:\/\/www.sisinternational.com\/es\/soluciones\/soluciones-de-investigacion-cualitativa-cuantitativa\/pruebas-en-ubicaciones-centrales-de-la-ciudad-de-nueva-york\/\" title=\"Pruebas en ubicaciones centrales de la ciudad de Nueva York: beneficios para las pruebas de productos\"  data-wpil-monitor-id=\"9992\">benefit to watching the Movie Test<\/a> Screening with your audience. You somehow view it through their eyes when you\u2019re with them. You absorb their energy and can now sense when something is off.<\/p>\n\n\n\n<h2 class=\"wp-block-heading\">\u00bfPor qu\u00e9 es importante la proyecci\u00f3n de prueba de pel\u00edculas?<\/h2>\n\n\n\n<figure class=\"gb-block-image gb-block-image-ced1c402\"><img loading=\"lazy\" decoding=\"async\" width=\"1456\" height=\"816\" class=\"gb-image gb-image-ced1c402\" src=\"https:\/\/www.sisinternational.com\/wp-content\/uploads\/2025\/08\/Movie-cinema-5.jpg\" alt=\"Investigaci\u00f3n y estrategia de mercado internacional de SIS\" title=\"Movie cinema (5)\" srcset=\"https:\/\/www.sisinternational.com\/wp-content\/uploads\/2025\/08\/Movie-cinema-5.jpg 1456w, https:\/\/www.sisinternational.com\/wp-content\/uploads\/2025\/08\/Movie-cinema-5-300x168.jpg 300w, https:\/\/www.sisinternational.com\/wp-content\/uploads\/2025\/08\/Movie-cinema-5-1024x574.jpg 1024w, https:\/\/www.sisinternational.com\/wp-content\/uploads\/2025\/08\/Movie-cinema-5-768x430.jpg 768w, https:\/\/www.sisinternational.com\/wp-content\/uploads\/2025\/08\/Movie-cinema-5-18x10.jpg 18w\" sizes=\"auto, (max-width: 1456px) 100vw, 1456px\"><\/figure>\n\n\n\n<p><\/p>\n\n\n\n<p>Las proyecciones de prueba son una excelente manera de ver qu\u00e9 piensa el p\u00fablico de su pel\u00edcula. Ayuda a los cineastas a comprender qui\u00e9nes son los primeros en adoptar sus pel\u00edculas. De esa manera, podr\u00e1n tomar mejores decisiones sobre su lanzamiento. Es una buena fuente para tener una idea de la respuesta del p\u00fablico a un primer montaje. El cineasta puede utilizar los comentarios de una proyecci\u00f3n de prueba para modificar la pel\u00edcula antes de la fecha de estreno.<\/p>\n\n\n\n<p>Movie Test Screenings puede decirte si tu comedia es divertida o tu terror da miedo. Le ayudar\u00e1 a usted, a su productor y a su estudio. Podr\u00e1s decidir c\u00f3mo hacer que la pel\u00edcula atraiga al mayor n\u00famero posible de cin\u00e9filos. Sin proyecciones de prueba, las \u00e1reas problem\u00e1ticas de la pel\u00edcula no se controlan. Pero elige a tu audiencia con cuidado. Las malas pruebas de detecci\u00f3n significan que las \u00e1reas problem\u00e1ticas pueden quedar sin respuesta. O peor a\u00fan, tu trabajo puede ser destrozado por personas que no son los mejores jueces del cine.<\/p>\n\n\n\n<h2 class=\"wp-block-heading\">Por qu\u00e9 los estudios necesitan una proyecci\u00f3n de prueba de pel\u00edculas<\/h2>\n\n\n\n<figure class=\"gb-block-image gb-block-image-9c7a79a3\"><img loading=\"lazy\" decoding=\"async\" width=\"1456\" height=\"816\" class=\"gb-image gb-image-9c7a79a3\" src=\"https:\/\/www.sisinternational.com\/wp-content\/uploads\/2025\/08\/Movie-cinema-6.jpg\" alt=\"Investigaci\u00f3n y estrategia de mercado internacional de SIS\" title=\"Movie cinema (6)\" srcset=\"https:\/\/www.sisinternational.com\/wp-content\/uploads\/2025\/08\/Movie-cinema-6.jpg 1456w, https:\/\/www.sisinternational.com\/wp-content\/uploads\/2025\/08\/Movie-cinema-6-300x168.jpg 300w, https:\/\/www.sisinternational.com\/wp-content\/uploads\/2025\/08\/Movie-cinema-6-1024x574.jpg 1024w, https:\/\/www.sisinternational.com\/wp-content\/uploads\/2025\/08\/Movie-cinema-6-768x430.jpg 768w, https:\/\/www.sisinternational.com\/wp-content\/uploads\/2025\/08\/Movie-cinema-6-18x10.jpg 18w\" sizes=\"auto, (max-width: 1456px) 100vw, 1456px\"><\/figure>\n\n\n\n<p><\/p>\n\n\n\n<p>In the past, filmmakers tended to revile Test Screenings. They resented how studio execs would use them to exact changes to their visions. Directors and producers now seem to find comfort in them. Test Screenings have become an integral part of filmmaking in the last few years. Large studios do them, and so do indie producers. Testing methods have become further advanced as more players come onto the scene. <a href=\"https:\/\/www.sisinternational.com\/es\/pericia\/industrias\/television-pelicula-investigacion-de-mercado-cinematografico\/\" title=\"Investigaci\u00f3n de mercado de cine, televisi\u00f3n y cine\"  data-wpil-monitor-id=\"9985\">Market Research often begins before the film<\/a> receives the green light.<\/p>\n\n\n\n<p>Studios altered mega-hits like E.T. \u2013 The Extra-Terrestrial, following Test Screenings. Fatal Attraction and Pretty Woman also underwent many changes after their screenings. Furthermore, the practice has been around for decades \u2013 1939\u2019s The Wizard of Oz had a Test Screening. Comedies benefit from testing more than other genres. These screenings offer many alternate endings and jokes at different levels. Most studios use an outside <a href=\"https:\/\/www.sisinternational.com\/es\/pericia\/industrias\/soluciones-de-investigacion-de-mercado-sanitario\/\" title=\"Empresa de estudios del mercado sanitario\"  data-wpil-monitor-id=\"9983\">Market Research firm<\/a> to run the event. This firm also recruits audience members.<\/p>\n\n\n\n<h2 class=\"wp-block-heading\">Factores clave de \u00e9xito para la proyecci\u00f3n de prueba de pel\u00edculas<\/h2>\n\n\n\n<p>Several <a href=\"https:\/\/www.sisinternational.com\/es\/factores-clave-de-exito-en-la-investigacion-del-mercado-automotriz\/\" title=\"Factores clave de \u00e9xito en la investigaci\u00f3n de mercado automotriz\"  data-wpil-monitor-id=\"9990\">factors can influence a movie\u2019s success<\/a>. These factors include the producer, distributor, story, and genre. The promotion frequency, leading actors, and film rating also affect it. The most popular <a href=\"https:\/\/www.sisinternational.com\/es\/soluciones\/soluciones-de-branding-e-investigacion-de-clientes\/investigacion-de-mercado-de-pruebas-de-productos\/new-product-concept-testing-methods\/\" title=\"New Product Concept Testing Methods\"  data-wpil-monitor-id=\"9988\">method for testing<\/a> your film is organizing a theatrical screening. You then invite people to watch it through promotions and giveaways. The drawback is that theatrical screening is the most expensive option. Are you an indie filmmaker trying to save a few thousand bucks? The next best option is organizing an online Movie Test Screening.<\/p>\n\n\n\n<h2 class=\"wp-block-heading\">Acerca de la investigaci\u00f3n de proyecci\u00f3n de pruebas de pel\u00edculas<\/h2>\n\n\n\n<figure class=\"gb-block-image gb-block-image-d946dadd\"><img loading=\"lazy\" decoding=\"async\" width=\"1456\" height=\"816\" class=\"gb-image gb-image-d946dadd\" src=\"https:\/\/www.sisinternational.com\/wp-content\/uploads\/2025\/08\/Movie-cinema-4.jpg\" alt=\"Investigaci\u00f3n y estrategia de mercado internacional de SIS\" title=\"Movie cinema (4)\" srcset=\"https:\/\/www.sisinternational.com\/wp-content\/uploads\/2025\/08\/Movie-cinema-4.jpg 1456w, https:\/\/www.sisinternational.com\/wp-content\/uploads\/2025\/08\/Movie-cinema-4-300x168.jpg 300w, https:\/\/www.sisinternational.com\/wp-content\/uploads\/2025\/08\/Movie-cinema-4-1024x574.jpg 1024w, https:\/\/www.sisinternational.com\/wp-content\/uploads\/2025\/08\/Movie-cinema-4-768x430.jpg 768w, https:\/\/www.sisinternational.com\/wp-content\/uploads\/2025\/08\/Movie-cinema-4-18x10.jpg 18w\" sizes=\"auto, (max-width: 1456px) 100vw, 1456px\"><\/figure>\n\n\n\n<p><\/p>\n\n\n\n<p>Movie Test Screening is a form of <a href=\"https:\/\/www.sisinternational.com\/es\/tools-and-resources-for-qualitative-market-research\/\" title=\"Tools and Resources for Qualitative Market Research\"  data-wpil-monitor-id=\"9979\">Investigaci\u00f3n de Mercado Cualitativa<\/a>. Your audience, in this case, is like a Focus Group, and your questionnaire is like a survey. As with Focus Groups, your Movie Test Screening will have a moderator. You can also view Movie Test Screening as <a href=\"https:\/\/www.sisinternational.com\/es\/pericia\/industrias\/investigacion-de-mercado-smartphones-nuevos-dispositivos-moviles\/\" title=\"Investigaci\u00f3n de mercado de tel\u00e9fonos inteligentes\"  data-wpil-monitor-id=\"3264\">Investigaci\u00f3n de entrada al mercado<\/a>. Any tweaks made to your film will become part of your Go-to-Market Strategy.<\/p>\n\n\n\n<p><a href=\"https:\/\/www.sisinternational.com\/es\/contacto-sis-investigacion-de-mercado-internacional\/\" title=\"Cont\u00e1ctenos\"  data-wpil-monitor-id=\"9977\">SIS International Research<\/a> provides Movie Test Screening Research. Contact us today to learn more about this and other types of <a href=\"https:\/\/www.sisinternational.com\/es\/cobertura\/las-americas\/investigacion-de-mercado-de-america-latina\/investigacion-de-mercado-rio-de-janeiro\/\" title=\"Investigaci\u00f3n de mercado en R\u00edo de Janeiro\"  data-wpil-monitor-id=\"3290\">Investigaci\u00f3n de oportunidades de mercado<\/a>.<\/p>","protected":false},"excerpt":{"rendered":"<p>Una proyecci\u00f3n de prueba de pel\u00edcula pone nuevos ojos en un proyecto para obtener opiniones. Los creadores y financieros ven qu\u00e9 funciona y qu\u00e9 no.<\/p>","protected":false},"author":1,"featured_media":63991,"parent":14514,"menu_order":211,"comment_status":"closed","ping_status":"closed","template":"","meta":{"footnotes":""},"class_list":["post-41859","page","type-page","status-publish","has-post-thumbnail"],"_links":{"self":[{"href":"https:\/\/www.sisinternational.com\/es\/wp-json\/wp\/v2\/pages\/41859","targetHints":{"allow":["GET"]}}],"collection":[{"href":"https:\/\/www.sisinternational.com\/es\/wp-json\/wp\/v2\/pages"}],"about":[{"href":"https:\/\/www.sisinternational.com\/es\/wp-json\/wp\/v2\/types\/page"}],"author":[{"embeddable":true,"href":"https:\/\/www.sisinternational.com\/es\/wp-json\/wp\/v2\/users\/1"}],"replies":[{"embeddable":true,"href":"https:\/\/www.sisinternational.com\/es\/wp-json\/wp\/v2\/comments?post=41859"}],"version-history":[{"count":6,"href":"https:\/\/www.sisinternational.com\/es\/wp-json\/wp\/v2\/pages\/41859\/revisions"}],"predecessor-version":[{"id":81653,"href":"https:\/\/www.sisinternational.com\/es\/wp-json\/wp\/v2\/pages\/41859\/revisions\/81653"}],"up":[{"embeddable":true,"href":"https:\/\/www.sisinternational.com\/es\/wp-json\/wp\/v2\/pages\/14514"}],"wp:featuredmedia":[{"embeddable":true,"href":"https:\/\/www.sisinternational.com\/es\/wp-json\/wp\/v2\/media\/63991"}],"wp:attachment":[{"href":"https:\/\/www.sisinternational.com\/es\/wp-json\/wp\/v2\/media?parent=41859"}],"curies":[{"name":"wp","href":"https:\/\/api.w.org\/{rel}","templated":true}]}}