{"id":41853,"date":"2023-03-17T22:37:16","date_gmt":"2023-03-18T02:37:16","guid":{"rendered":"https:\/\/www.sisinternational.com\/?page_id=41853"},"modified":"2026-01-24T21:16:20","modified_gmt":"2026-01-25T02:16:20","slug":"investigacion-de-mercado-de-microesferas-de-micromoldeo","status":"publish","type":"page","link":"https:\/\/www.sisinternational.com\/es\/pericia\/investigacion-de-mercado-de-microesferas-de-micromoldeo\/","title":{"rendered":"Investigaci\u00f3n de mercado de micromoldeo y microesferas"},"content":{"rendered":"<h1 class=\"wp-block-heading\">Investigaci\u00f3n de mercado de micromoldeo y microesferas<\/h1>\n\n\n\n<figure class=\"gb-block-image gb-block-image-28cbaea8\"><img loading=\"lazy\" decoding=\"async\" width=\"1456\" height=\"816\" class=\"gb-image gb-image-28cbaea8\" src=\"https:\/\/www.sisinternational.com\/wp-content\/uploads\/2025\/08\/Micromolding-1.jpg\" alt=\"Investigaci\u00f3n y estrategia de mercado internacional de SIS\" title=\"Micromolding (1)\" srcset=\"https:\/\/www.sisinternational.com\/wp-content\/uploads\/2025\/08\/Micromolding-1.jpg 1456w, https:\/\/www.sisinternational.com\/wp-content\/uploads\/2025\/08\/Micromolding-1-300x168.jpg 300w, https:\/\/www.sisinternational.com\/wp-content\/uploads\/2025\/08\/Micromolding-1-1024x574.jpg 1024w, https:\/\/www.sisinternational.com\/wp-content\/uploads\/2025\/08\/Micromolding-1-768x430.jpg 768w, https:\/\/www.sisinternational.com\/wp-content\/uploads\/2025\/08\/Micromolding-1-18x10.jpg 18w\" sizes=\"auto, (max-width: 1456px) 100vw, 1456px\"><\/figure>\n\n\n\n<p><\/p>\n\n\n\n<p>Las micromolduras y las microesferas se relacionan entre s\u00ed. Todav\u00eda. se refieren a cosas diferentes.<\/p>\n\n\n\n<p>El micromoldeo es un proceso de fabricaci\u00f3n para producir piezas de pl\u00e1stico peque\u00f1as y precisas. Sus dimensiones son del orden de micr\u00f3metros o mil\u00edmetros. Un t\u00e9cnico inyecta pl\u00e1stico fundido en la cavidad de un molde a alta presi\u00f3n. Luego, el pl\u00e1stico se enfr\u00eda y solidifica para formar la pieza deseada. Las industrias de dispositivos m\u00e9dicos, electr\u00f3nica y automotriz utilizan micromoldeo para producir piezas peque\u00f1as e intrincadas.<\/p>\n\n\n\n<p>Las microesferas son peque\u00f1as part\u00edculas esf\u00e9ricas con di\u00e1metros que van desde nan\u00f3metros hasta mil\u00edmetros. Sus fabricantes utilizan diversos materiales para producirlos. Estos materiales incluyen vidrio, pol\u00edmeros, metales y cer\u00e1mica. Las microesferas tienen muchas aplicaciones en diferentes campos. Las industrias de cosm\u00e9ticos, administraci\u00f3n de medicamentos y ciencia de materiales son algunos ejemplos. Por ejemplo, la industria cosm\u00e9tica utiliza microesferas como exfoliantes. Tambi\u00e9n sirven como portadores de ingredientes activos. La administraci\u00f3n de f\u00e1rmacos es otro ejemplo en el que las microesferas pueden encapsular f\u00e1rmacos y controlar su liberaci\u00f3n a lo largo del tiempo.<\/p>\n\n\n\n<p>En algunos casos, el micromoldeo puede producir microesferas. Por ejemplo, existe un proceso conocido como moldeo por microinyecci\u00f3n. Consiste en inyectar pol\u00edmero fundido en una cavidad del molde de menos de un mil\u00edmetro. La pieza resultante es una microesfera con un tama\u00f1o y forma precisos.<\/p>\n\n\n\n<h2 class=\"wp-block-heading\">\u00bfPor qu\u00e9 son importantes el micromoldeo y las microesferas?<\/h2>\n\n\n\n<p>El micromoldeado y las microesferas son esenciales por varias razones. Desempe\u00f1an papeles importantes en diversas industrias. Permiten la producci\u00f3n de piezas peque\u00f1as y precisas. Tanto el micromoldeado como las microesferas mejoran el rendimiento de los materiales y productos.<\/p>\n\n\n\n<p>El micromoldeo permite producir piezas peque\u00f1as y complejas con alta precisi\u00f3n y exactitud. Es esencial en industrias como la de dispositivos m\u00e9dicos y electr\u00f3nica. Los tama\u00f1os peque\u00f1os y las medidas precisas son fundamentales en estas industrias.<br>Es un m\u00e9todo rentable para producir piezas peque\u00f1as en grandes cantidades. Con \u00e9l, los fabricantes pueden fabricar piezas de forma r\u00e1pida y eficiente mediante procesos automatizados y equipos de alta velocidad.<\/p>\n\n\n\n<p>Permite la personalizaci\u00f3n de piezas para satisfacer necesidades espec\u00edficas. Los fabricantes pueden crear piezas con formas, tama\u00f1os y propiedades mec\u00e1nicas particulares. S\u00f3lo necesitan ajustar el dise\u00f1o del molde y las propiedades del material.<\/p>\n\n\n\n<p>Las microesferas tienen muchas aplicaciones, incluida la administraci\u00f3n de f\u00e1rmacos, la cosm\u00e9tica y la ciencia de materiales. Los fabricantes pueden utilizar diversos materiales para producirlos. Tambi\u00e9n pueden dise\u00f1arlos para que tengan propiedades espec\u00edficas. Por ejemplo, pueden tener propiedades magn\u00e9ticas o de liberaci\u00f3n controlada.<\/p>\n\n\n\n<p>Microspheres can further improve the performance of materials and products. They do so by adding new properties or functionalities. For example, adding microspheres to <a class=\"wpil_keyword_link\" href=\"https:\/\/www.sisinternational.com\/es\/pericia\/industrias\/estudio-de-mercado-de-pinturas-revestimientos-y-tintas-de-impresion\/\"   title=\"Investigaci\u00f3n de mercado de pinturas, revestimientos y tintas de impresi\u00f3n\" data-wpil-keyword-link=\"linked\"  data-wpil-monitor-id=\"712\">coatings<\/a> can improve their scratch resistance. Adding them to composites can improve their strength and stiffness.<\/p>\n\n\n\n<h2 class=\"wp-block-heading\">T\u00edtulos de trabajo clave<\/h2>\n\n\n\n<h3 class=\"wp-block-heading\">A continuaci\u00f3n se muestran algunos puestos de trabajo clave en los campos del micromoldeo y las microesferas:<\/h3>\n\n\n\n<figure class=\"gb-block-image gb-block-image-88cf0ee2\"><img loading=\"lazy\" decoding=\"async\" width=\"1456\" height=\"816\" class=\"gb-image gb-image-88cf0ee2\" src=\"https:\/\/www.sisinternational.com\/wp-content\/uploads\/2025\/08\/Micromolding-4.jpg\" alt=\"Investigaci\u00f3n y estrategia de mercado internacional de SIS\" title=\"Micromolding (4)\" srcset=\"https:\/\/www.sisinternational.com\/wp-content\/uploads\/2025\/08\/Micromolding-4.jpg 1456w, https:\/\/www.sisinternational.com\/wp-content\/uploads\/2025\/08\/Micromolding-4-300x168.jpg 300w, https:\/\/www.sisinternational.com\/wp-content\/uploads\/2025\/08\/Micromolding-4-1024x574.jpg 1024w, https:\/\/www.sisinternational.com\/wp-content\/uploads\/2025\/08\/Micromolding-4-768x430.jpg 768w, https:\/\/www.sisinternational.com\/wp-content\/uploads\/2025\/08\/Micromolding-4-18x10.jpg 18w\" sizes=\"auto, (max-width: 1456px) 100vw, 1456px\"><\/figure>\n\n\n\n<ol class=\"wp-block-list\">\n<li>Ingeniero de Micromoldeo. Un ingeniero de micromoldeo trabaja con dise\u00f1adores de moldes para desarrollar piezas de pl\u00e1stico de tama\u00f1o micro. Tambi\u00e9n trabajan con equipos de producci\u00f3n para crear y optimizar procesos de micromoldeo.<\/li>\n\n\n\n<li>Qu\u00edmico de S\u00edntesis de Microesferas. Este tipo de qu\u00edmico dise\u00f1a y sintetiza microesferas con propiedades espec\u00edficas. Dise\u00f1an estas microesferas para diversas aplicaciones. Los qu\u00edmicos de s\u00edntesis de microesferas trabajan en laboratorios para desarrollar y optimizar m\u00e9todos de s\u00edntesis. Tambi\u00e9n pueden trabajar con equipos de producci\u00f3n para ampliar la producci\u00f3n de microesferas.<\/li>\n\n\n\n<li>T\u00e9cnico de Moldeo por Microinyecci\u00f3n. Este t\u00e9cnico configura y opera m\u00e1quinas de moldeo por microinyecci\u00f3n para producir peque\u00f1as piezas de pl\u00e1stico. Trabajan con dise\u00f1adores de moldes y equipos de producci\u00f3n. Juntos aseguran que las piezas cumplan con las especificaciones requeridas.<\/li>\n\n\n\n<li>Cient\u00edfico de Aplicaciones de Microesferas. Un cient\u00edfico de aplicaciones de microesferas trabaja con los clientes. Como sugiere el t\u00edtulo del trabajo, identifican aplicaciones para microesferas. Tambi\u00e9n desarrollan nuevas aplicaciones basadas en las propiedades de las microesferas. Pueden trabajar con equipos de desarrollo de productos para colocar microesferas en nuevos productos.<\/li>\n\n\n\n<li>Ingeniero de control de calidad. Un ingeniero de control de calidad garantiza que las piezas micromoldeadas y las microesferas cumplan con las especificaciones y est\u00e1ndares de calidad requeridos. Desarrollan e implementan procesos de control de calidad. Tambi\u00e9n trabajan con equipos de producci\u00f3n para identificar y corregir problemas de calidad.<\/li>\n<\/ol>\n\n\n\n<h2 class=\"wp-block-heading\">\u00bfPor qu\u00e9 las empresas necesitan micromolduras y microesferas?<\/h2>\n\n\n\n<p>Las empresas necesitan micromoldes y microesferas por varias razones. Estas empresas pueden obtener una ventaja competitiva. Todo lo que necesitan hacer es producir piezas personalizadas de alta calidad que satisfagan necesidades espec\u00edficas. Hacerlo puede conducir a una mayor satisfacci\u00f3n y lealtad del cliente.<\/p>\n\n\n\n<p>Las empresas tambi\u00e9n necesitan micromoldes y microesferas para mejorar sus procesos de fabricaci\u00f3n. Tambi\u00e9n los utilizan para crear productos personalizados. Adem\u00e1s, estas tecnolog\u00edas permiten a las empresas satisfacer las necesidades de los clientes con piezas precisas y de alta calidad.<\/p>\n\n\n\n<h2 class=\"wp-block-heading\">Factores claves del \u00e9xito<\/h2>\n\n\n\n<figure class=\"gb-block-image gb-block-image-3e2c08aa\"><img loading=\"lazy\" decoding=\"async\" width=\"1456\" height=\"816\" class=\"gb-image gb-image-3e2c08aa\" src=\"https:\/\/www.sisinternational.com\/wp-content\/uploads\/2025\/08\/Micromolding-3.jpg\" alt=\"Investigaci\u00f3n y estrategia de mercado internacional de SIS\" title=\"Micromolding (3)\" srcset=\"https:\/\/www.sisinternational.com\/wp-content\/uploads\/2025\/08\/Micromolding-3.jpg 1456w, https:\/\/www.sisinternational.com\/wp-content\/uploads\/2025\/08\/Micromolding-3-300x168.jpg 300w, https:\/\/www.sisinternational.com\/wp-content\/uploads\/2025\/08\/Micromolding-3-1024x574.jpg 1024w, https:\/\/www.sisinternational.com\/wp-content\/uploads\/2025\/08\/Micromolding-3-768x430.jpg 768w, https:\/\/www.sisinternational.com\/wp-content\/uploads\/2025\/08\/Micromolding-3-18x10.jpg 18w\" sizes=\"auto, (max-width: 1456px) 100vw, 1456px\"><\/figure>\n\n\n\n<p><\/p>\n\n\n\n<p>El \u00e9xito en micromoldeo y microesferas requiere experiencia t\u00e9cnica. Los campos requieren experiencia en ciencia de materiales, qu\u00edmica, ingenier\u00eda y fabricaci\u00f3n. Esta experiencia es necesaria para los procesos de micromoldeo y s\u00edntesis de microesferas.<\/p>\n\n\n\n<p>El \u00e9xito en micromoldes y microesferas tambi\u00e9n requiere innovaci\u00f3n. Esta innovaci\u00f3n es m\u00e1s evidente en la ciencia de los materiales, la qu\u00edmica y los procesos de fabricaci\u00f3n. Es necesario desarrollar nuevos m\u00e9todos de micromoldeo y s\u00edntesis de microesferas. La innovaci\u00f3n tambi\u00e9n es esencial para aplicar estas tecnolog\u00edas a nuevas aplicaciones y mercados.<\/p>\n\n\n\n<p>Estos campos exigen estrictos procesos de control de calidad. Estos procesos garantizan que las piezas y microesferas producidas cumplan con las especificaciones requeridas. Tambi\u00e9n deben seguir est\u00e1ndares de calidad. Por ejemplo, deben implementar procesos de control de calidad en cada etapa del proceso de fabricaci\u00f3n. Las empresas tambi\u00e9n necesitan realizar un seguimiento continuo para mejorar estos procesos.<\/p>\n\n\n\n<p>Los micromoldes y las microesferas necesitan la colaboraci\u00f3n entre las partes interesadas. Estas partes interesadas incluyen ingenieros, qu\u00edmicos, cient\u00edficos de materiales y equipos de producci\u00f3n. Esta colaboraci\u00f3n es necesaria para desarrollar y optimizar procesos de micromoldeo y microesferas. Tambi\u00e9n ayuda a resolver desaf\u00edos t\u00e9cnicos durante la fabricaci\u00f3n.<\/p>\n\n\n\n<p>Otra regla para el \u00e9xito es un enfoque de fabricaci\u00f3n y desarrollo de productos centrado en el cliente. Este enfoque implica comprender las necesidades de los clientes. Los fabricantes tambi\u00e9n necesitan desarrollar productos que satisfagan esas necesidades. Adem\u00e1s, deben brindar un excelente servicio y soporte al cliente para garantizar la satisfacci\u00f3n del cliente.<\/p>\n\n\n\n<p>Las empresas deben centrarse en estos factores cr\u00edticos de \u00e9xito. De esa manera, pueden desarrollar y producir piezas y microesferas precisas y de alta calidad. Estas piezas y microesferas cubrir\u00e1n las necesidades de sus clientes. Tambi\u00e9n proporcionar\u00e1n una ventaja competitiva en sus respectivos mercados.<\/p>\n\n\n\n<h2 class=\"wp-block-heading\">Acerca de la investigaci\u00f3n de mercado de micromoldeo y microesferas<\/h2>\n\n\n\n<p>La investigaci\u00f3n de mercado es otro factor cr\u00edtico de \u00e9xito en Micro Moldeo y Microesferas. Por ejemplo, las empresas pueden utilizar encuestas de investigaci\u00f3n de mercado cuantitativa. Estas encuestas pueden proporcionar una hoja de ruta para el futuro. La investigaci\u00f3n de mercado cualitativa tambi\u00e9n es esencial.<\/p>\n\n\n\n<p>At SIS International Research, we\u2019ll provide a thorough Competitive Analysis. With this analysis, you can design a Go to Market Strategy. We also offer Strategy <a href=\"https:\/\/www.sisinternational.com\/es\/cobertura\/las-americas\/investigacion-de-mercado-en-el-caribe\/investigacion-de-mercado-montserrat\/\" title=\"Investigaci\u00f3n de Mercado en Montserrat\"  data-wpil-monitor-id=\"3267\">Estudios de mercado<\/a>, Market Opportunity Research, and Market Sizing Research. SIS can set up Focus Groups and Interviews for <a href=\"https:\/\/www.sisinternational.com\/es\/cobertura\/las-americas\/investigacion-de-mercado-en-el-caribe\/investigacion-de-mercado-san-cristobal-y-nieves\/\" title=\"Investigaci\u00f3n de mercado en San Crist\u00f3bal y Nieves\"  data-wpil-monitor-id=\"3287\">Investigaci\u00f3n de entrada al mercado<\/a>. We also help you discover how consumers feel about a product already on the market.<\/p>\n\n\n\n<p>Comun\u00edquese con SIS hoy para una consulta.<\/p>","protected":false},"excerpt":{"rendered":"<p>El micromoldeado y las microesferas desempe\u00f1an funciones vitales en muchas industrias. Ayudan a producir piezas peque\u00f1as y precisas y a mejorar materiales y productos.<\/p>","protected":false},"author":1,"featured_media":64822,"parent":14514,"menu_order":209,"comment_status":"closed","ping_status":"closed","template":"","meta":{"footnotes":""},"class_list":["post-41853","page","type-page","status-publish","has-post-thumbnail"],"_links":{"self":[{"href":"https:\/\/www.sisinternational.com\/es\/wp-json\/wp\/v2\/pages\/41853","targetHints":{"allow":["GET"]}}],"collection":[{"href":"https:\/\/www.sisinternational.com\/es\/wp-json\/wp\/v2\/pages"}],"about":[{"href":"https:\/\/www.sisinternational.com\/es\/wp-json\/wp\/v2\/types\/page"}],"author":[{"embeddable":true,"href":"https:\/\/www.sisinternational.com\/es\/wp-json\/wp\/v2\/users\/1"}],"replies":[{"embeddable":true,"href":"https:\/\/www.sisinternational.com\/es\/wp-json\/wp\/v2\/comments?post=41853"}],"version-history":[{"count":6,"href":"https:\/\/www.sisinternational.com\/es\/wp-json\/wp\/v2\/pages\/41853\/revisions"}],"predecessor-version":[{"id":77552,"href":"https:\/\/www.sisinternational.com\/es\/wp-json\/wp\/v2\/pages\/41853\/revisions\/77552"}],"up":[{"embeddable":true,"href":"https:\/\/www.sisinternational.com\/es\/wp-json\/wp\/v2\/pages\/14514"}],"wp:featuredmedia":[{"embeddable":true,"href":"https:\/\/www.sisinternational.com\/es\/wp-json\/wp\/v2\/media\/64822"}],"wp:attachment":[{"href":"https:\/\/www.sisinternational.com\/es\/wp-json\/wp\/v2\/media?parent=41853"}],"curies":[{"name":"wp","href":"https:\/\/api.w.org\/{rel}","templated":true}]}}