{"id":41839,"date":"2023-03-17T18:38:42","date_gmt":"2023-03-17T22:38:42","guid":{"rendered":"https:\/\/www.sisinternational.com\/?page_id=41839"},"modified":"2025-10-22T00:10:33","modified_gmt":"2025-10-22T04:10:33","slug":"investigacion-de-mercado-de-mapas-de-calor","status":"publish","type":"page","link":"https:\/\/www.sisinternational.com\/es\/pericia\/investigacion-de-mercado-de-mapas-de-calor\/","title":{"rendered":"Investigaci\u00f3n de mercado de mapas de calor"},"content":{"rendered":"<h1 class=\"wp-block-heading\">Investigaci\u00f3n de mercado de mapas de calor<\/h1>\n\n\n\n<figure class=\"gb-block-image gb-block-image-5d3a09e3\"><img loading=\"lazy\" decoding=\"async\" width=\"1456\" height=\"816\" class=\"gb-image gb-image-5d3a09e3\" src=\"https:\/\/www.sisinternational.com\/wp-content\/uploads\/2025\/08\/Heatamp-2.jpg\" alt=\"Investigaci\u00f3n y estrategia de mercado internacional de SIS\" title=\"Heatamp (2)\" srcset=\"https:\/\/www.sisinternational.com\/wp-content\/uploads\/2025\/08\/Heatamp-2.jpg 1456w, https:\/\/www.sisinternational.com\/wp-content\/uploads\/2025\/08\/Heatamp-2-300x168.jpg 300w, https:\/\/www.sisinternational.com\/wp-content\/uploads\/2025\/08\/Heatamp-2-1024x574.jpg 1024w, https:\/\/www.sisinternational.com\/wp-content\/uploads\/2025\/08\/Heatamp-2-768x430.jpg 768w, https:\/\/www.sisinternational.com\/wp-content\/uploads\/2025\/08\/Heatamp-2-18x10.jpg 18w\" sizes=\"auto, (max-width: 1456px) 100vw, 1456px\"><\/figure>\n\n\n\n<p><\/p>\n\n\n\n<p>Al participar en una investigaci\u00f3n de mercado de mapas de calor, las empresas pueden obtener informaci\u00f3n valiosa sobre el comportamiento y las preferencias de sus clientes. Esta herramienta es particularmente ventajosa al monitorear el dise\u00f1o del sitio web, la experiencia del usuario y las campa\u00f1as de marketing.<\/p>\n\n\n\n<p>Como resultado, al comprender sus aplicaciones potenciales, las organizaciones pueden comprender mejor su base de clientes y al mismo tiempo tomar decisiones informadas que promover\u00e1n el crecimiento y el \u00e9xito.<\/p>\n\n\n\n<h2 class=\"wp-block-heading\">\u00bfQu\u00e9 es la investigaci\u00f3n de mercado de mapas de calor?<\/h2>\n\n\n\n<p>Heat map market research is an innovative approach to understand consumer behavior and preferences. It utilizes visual depictions of data to uncover what consumers are truly paying attention to. It does this by showcasing the information in such a way that it highlights areas with high or low engagement, helping companies analyze user experience, website design as <a href=\"https:\/\/www.sisinternational.com\/es\/soluciones\/estudio-de-mercado-de-productos-de-belleza\/investigacion-de-mercado-de-bienestar-para-los-baby-boomers\/\" title=\"Investigaci\u00f3n de mercado de bienestar de los baby boomers\"  data-wpil-monitor-id=\"8587\">well as marketing<\/a> campaigns and product development.<\/p>\n\n\n\n<p>Furthermore, it provides valuable insights into consumer behavior because by examining the data produced by heat maps, businesses can recognize patterns in customer conduct that will inform strategic decisions towards <a href=\"https:\/\/www.sisinternational.com\/es\/soluciones\/consultoria-estrategica\/responsabilidad-del-producto-investigacion-de-mercado-consultoria-estrategica\/\" title=\"Investigaci\u00f3n de mercado de responsabilidad por productos y consultor\u00eda estrat\u00e9gica\"  data-wpil-monitor-id=\"8585\">product development and marketing strategies<\/a>.<\/p>\n\n\n\n<h2 class=\"wp-block-heading\">Tipos de investigaci\u00f3n de mercado de mapas de calor<\/h2>\n\n\n\n<p>There are different types of heat <a href=\"https:\/\/www.sisinternational.com\/es\/soluciones\/consultoria-estrategica\/mapeo-de-oportunidades-investigacion-de-mercado\/\" title=\"Investigaci\u00f3n de mercado de mapeo de oportunidades\"  data-wpil-monitor-id=\"8581\">maps used in market research<\/a>, such as eye-tracking heat maps, click heat maps, scroll heat maps, attention heat maps, engagement heat maps, and emotion heat maps. From its sophisticated technology to a distinctive methodology, each heat map generates and displays data in an attractive visual format. For instance:<\/p>\n\n\n\n<ul class=\"wp-block-list\">\n<li><strong>Haga clic en mapas de calor:<\/strong> A trav\u00e9s de mapas de calor de clics, es m\u00e1s f\u00e1cil rastrear el comportamiento del usuario en sitios web y aplicaciones. Al utilizar c\u00f3digos de colores para indicar d\u00f3nde se producen la mayor cantidad de clics o toques, es sencillo descubrir qu\u00e9 \u00e1reas atraen a los usuarios o qu\u00e9 partes tienen problemas potenciales.<\/li>\n\n\n\n<li><strong>Desplazarse por mapas de calor:<\/strong> A trav\u00e9s del mapa de calor de desplazamiento, las empresas pueden observar hasta qu\u00e9 punto los visitantes se desplazan hacia abajo en la p\u00e1gina y determinar qu\u00e9 partes de la misma encuentran m\u00e1s cautivadoras. De esta forma, podr\u00e1n evitar que alg\u00fan elemento pase desapercibido o ignorado.<\/li>\n\n\n\n<li><strong>Mapas de calor de seguimiento ocular:<\/strong> Los mapas de calor de seguimiento ocular permiten a las empresas controlar d\u00f3nde miran los usuarios en una p\u00e1gina web, identificando las \u00e1reas que llaman m\u00e1s la atenci\u00f3n y ayud\u00e1ndoles a crear dise\u00f1os de sitios web m\u00e1s eficientes. Con estos valiosos conocimientos sobre el comportamiento de los usuarios, las empresas pueden asegurarse de que su sitio genere la m\u00e1xima participaci\u00f3n de sus visitantes.<\/li>\n\n\n\n<li><strong>Mapas de calor de seguimiento del mouse:<\/strong> Esta forma de mapa de calor registra los movimientos del puntero del mouse a medida que los usuarios interact\u00faan con una p\u00e1gina web y luego utiliza estos datos para generar im\u00e1genes que demuestran qu\u00e9 \u00e1reas est\u00e1n atrayendo m\u00e1s atenci\u00f3n de ellos.<\/li>\n<\/ul>\n\n\n\n<h2 class=\"wp-block-heading\">Beneficios de la investigaci\u00f3n de mercado de mapas de calor<\/h2>\n\n\n\n<figure class=\"gb-block-image gb-block-image-08de3c36\"><img loading=\"lazy\" decoding=\"async\" width=\"1456\" height=\"816\" class=\"gb-image gb-image-08de3c36\" src=\"https:\/\/www.sisinternational.com\/wp-content\/uploads\/2025\/08\/Heatamp-4.jpg\" alt=\"Investigaci\u00f3n y estrategia de mercado internacional de SIS\" title=\"Heatamp (4)\" srcset=\"https:\/\/www.sisinternational.com\/wp-content\/uploads\/2025\/08\/Heatamp-4.jpg 1456w, https:\/\/www.sisinternational.com\/wp-content\/uploads\/2025\/08\/Heatamp-4-300x168.jpg 300w, https:\/\/www.sisinternational.com\/wp-content\/uploads\/2025\/08\/Heatamp-4-1024x574.jpg 1024w, https:\/\/www.sisinternational.com\/wp-content\/uploads\/2025\/08\/Heatamp-4-768x430.jpg 768w, https:\/\/www.sisinternational.com\/wp-content\/uploads\/2025\/08\/Heatamp-4-18x10.jpg 18w\" sizes=\"auto, (max-width: 1456px) 100vw, 1456px\"><\/figure>\n\n\n\n<p>Los mapas de calor proporcionan una representaci\u00f3n gr\u00e1fica de los datos f\u00e1cil de entender. Es f\u00e1cil de entender incluso para aquellos que carecen de experiencia en an\u00e1lisis.<\/p>\n\n\n\n<p>La investigaci\u00f3n de mercado de mapas de calor permite a las empresas obtener una comprensi\u00f3n exhaustiva de los deseos de sus clientes, mostrando elementos clave de sus p\u00e1ginas web.<\/p>\n\n\n\n<p>Con los mapas de calor, las empresas pueden comprender r\u00e1pidamente c\u00f3mo interact\u00faan los visitantes con sus p\u00e1ginas web o campa\u00f1as de marketing completas. Esta retroalimentaci\u00f3n inmediata les permite adaptar la experiencia y el compromiso del usuario para maximizar los resultados.<\/p>\n\n\n\n<p>La investigaci\u00f3n de mercado de mapas de calor es una forma rentable de obtener informaci\u00f3n sobre el comportamiento y las preferencias de los clientes, en comparaci\u00f3n con los m\u00e9todos tradicionales m\u00e1s costosos, como encuestas y grupos focales.<\/p>\n\n\n\n<p>Al aprovechar los mapas de calor, las empresas pueden obtener evidencia irrefutable del comportamiento de los usuarios y eliminar cualquier posible sesgo o subjetividad que tradicionalmente se encuentra en otros m\u00e9todos de investigaci\u00f3n.<\/p>\n\n\n\n<h2 class=\"wp-block-heading\">Limitaciones de la investigaci\u00f3n de mercado de mapas de calor<\/h2>\n\n\n\n<ul class=\"wp-block-list\">\n<li>Heat maps offer a wealth of data about user behavior. However, without taking into account the reasons for certain usage patterns, businesses may struggle to use heat map information effectively. Further research on <a href=\"https:\/\/www.sisinternational.com\/es\/estudio-de-caso-hipotetico-de-armonia-de-analisis-de-consumidores\/\" title=\"An\u00e1lisis del consumidor: estudio de caso hipot\u00e9tico de eHarmony\"  data-wpil-monitor-id=\"8574\">consumidor<\/a> inclinations and motivations could enable them to gain an even deeper understanding of their analytics to make more informed decisions.<\/li>\n\n\n\n<li>Los tama\u00f1os de muestra limitados a menudo obstaculizan la investigaci\u00f3n de mapas de calor, restringiendo la generalizaci\u00f3n de cualquier observaci\u00f3n realizada. En consecuencia, esto puede limitar la utilidad de los conocimientos obtenidos al utilizar mapas de calor.<\/li>\n\n\n\n<li>Los mapas de calor monitorean eficazmente el comportamiento de los usuarios en l\u00ednea. Pero no proporcionan ninguna informaci\u00f3n sobre los h\u00e1bitos o preferencias de quienes no est\u00e1n conectados.<\/li>\n\n\n\n<li>Heat maps are determined by <a href=\"https:\/\/www.sisinternational.com\/es\/cobertura\/europa\/investigacion-de-mercado-liverpool-reino-unido\/\" title=\"Investigaci\u00f3n de mercado en Liverpool | Grupos focales y recopilaci\u00f3n de datos del Reino Unido\"  data-wpil-monitor-id=\"8583\">data collected from particular user groups<\/a>, making them susceptible to the potential of sampling or response bias.<\/li>\n<\/ul>\n\n\n\n<h2 class=\"wp-block-heading\">Tendencias actuales de la investigaci\u00f3n de mercado de mapas de calor<\/h2>\n\n\n\n<p>La industria de la investigaci\u00f3n de mercado de mapas de calor se encuentra en un estado de crecimiento continuo, impulsada por la tecnolog\u00eda de punta y los cambios en la inclinaci\u00f3n de los consumidores. A continuaci\u00f3n te presentamos algunas tendencias actuales que destacan dentro de este sector:<\/p>\n\n\n\n<ul class=\"wp-block-list\">\n<li>A medida que el dise\u00f1o centrado en el usuario y la importancia de la experiencia del usuario contin\u00faan evolucionando, la industria de investigaci\u00f3n de mercado de mapas de calor est\u00e1 respondiendo poniendo mayor \u00e9nfasis en comprender el comportamiento y las preferencias del cliente. Los mapas de calor se utilizan cada vez m\u00e1s para evaluar c\u00f3mo los usuarios interact\u00faan con sitios web, aplicaciones m\u00f3viles y otras plataformas digitales para identificar qu\u00e9 \u00e1reas necesitan mejorar.<\/li>\n\n\n\n<li>Mediante la integraci\u00f3n de mapas de calor y otras herramientas de an\u00e1lisis de datos, como encuestas, datos de flujo de clics y pruebas de usuarios, las empresas pueden obtener una evaluaci\u00f3n m\u00e1s completa de las preferencias de los clientes.<\/li>\n\n\n\n<li>Los mapas de calor se pueden utilizar para determinar c\u00f3mo interact\u00faan los usuarios con la interfaz para identificar \u00e1reas de mejora y garantizar un viaje de usuario excepcional. Esta informaci\u00f3n recopilada a partir de mapas de calor es fundamental para ayudar a los propietarios de tiendas a determinar las estrategias de dise\u00f1o y colocaci\u00f3n de productos m\u00e1s efectivas para sus tiendas.<\/li>\n<\/ul>\n\n\n\n<h2 class=\"wp-block-heading\">Perspectivas futuras de la investigaci\u00f3n de mercado de mapas de calor<\/h2>\n\n\n\n<p>As technology continues to evolve, the future of heat map market research is promising. Here are a few potential prospects on the horizon for using heat map <a href=\"https:\/\/www.sisinternational.com\/es\/pericia\/industrias\/alimentos-bebidas-tecnologia-investigacion-de-mercado-tecnologia-de-alimentos\/\" title=\"Investigaci\u00f3n de mercado de tecnolog\u00eda de alimentos y bebidas | Tecnolog\u00eda alimenticia\"  data-wpil-monitor-id=\"8579\">technology in market research<\/a>:<\/p>\n\n\n\n<ul class=\"wp-block-list\">\n<li>Al aprovechar la inteligencia artificial y el aprendizaje autom\u00e1tico para analizar los datos de los mapas de calor, las empresas pueden descubrir informaci\u00f3n valiosa sobre los h\u00e1bitos y las elecciones de los clientes. Esta \u00fatil informaci\u00f3n se puede utilizar para optimizar el dise\u00f1o del sitio web, ejecutar campa\u00f1as de marketing m\u00e1s efectivas y crear productos superiores para los clientes. Por ejemplo, se pueden utilizar algoritmos de aprendizaje autom\u00e1tico para inspeccionar datos de mapas de calor y detectar patrones que pueden no ser evidentes para los analistas humanos en la inspecci\u00f3n inicial.<\/li>\n\n\n\n<li>La investigaci\u00f3n de mercado de mapas de calor proporcionar\u00e1 datos en tiempo real, lo que permitir\u00e1 a las empresas tomar mejores decisiones y actuar con rapidez en respuesta a los mercados que cambian r\u00e1pidamente.<\/li>\n\n\n\n<li>A medida que avance la tecnolog\u00eda, los mapas de calor ser\u00e1n cada vez m\u00e1s sofisticados y visualmente atractivos. Mediante la incorporaci\u00f3n de im\u00e1genes 3D, secuencias de animaci\u00f3n y componentes interactivos.<\/li>\n<\/ul>\n\n\n\n<p>SIS International offers Quantitative, Qualitative, and Strategy Research. We provide data, tools, strategies, reports and insights for decision-making. We conduct interviews, surveys, <a href=\"https:\/\/www.sisinternational.com\/es\/soluciones\/investigacion-de-mercado-de-grupo-focal\/\" title=\"Investigaci\u00f3n de mercado con grupos focales\"  data-wpil-monitor-id=\"8576\">focus groups and many other Market Research<\/a> methods and approaches. Contact us for your <a href=\"https:\/\/www.sisinternational.com\/es\/pericia\/industrias\/investigacion-de-mercado-de-tecnologias-de-proxima-generacion\/\" title=\"Investigaci\u00f3n de mercado de tecnolog\u00edas de pr\u00f3xima generaci\u00f3n\"  data-wpil-monitor-id=\"8577\">next Market Research<\/a> proyecto.<\/p>","protected":false},"excerpt":{"rendered":"<p>Una herramienta de mapa de calor es particularmente ventajosa al monitorear el dise\u00f1o del sitio web, la experiencia del usuario y las campa\u00f1as de marketing.<\/p>","protected":false},"author":1,"featured_media":63697,"parent":14514,"menu_order":208,"comment_status":"closed","ping_status":"closed","template":"","meta":{"footnotes":""},"class_list":["post-41839","page","type-page","status-publish","has-post-thumbnail"],"_links":{"self":[{"href":"https:\/\/www.sisinternational.com\/es\/wp-json\/wp\/v2\/pages\/41839","targetHints":{"allow":["GET"]}}],"collection":[{"href":"https:\/\/www.sisinternational.com\/es\/wp-json\/wp\/v2\/pages"}],"about":[{"href":"https:\/\/www.sisinternational.com\/es\/wp-json\/wp\/v2\/types\/page"}],"author":[{"embeddable":true,"href":"https:\/\/www.sisinternational.com\/es\/wp-json\/wp\/v2\/users\/1"}],"replies":[{"embeddable":true,"href":"https:\/\/www.sisinternational.com\/es\/wp-json\/wp\/v2\/comments?post=41839"}],"version-history":[{"count":4,"href":"https:\/\/www.sisinternational.com\/es\/wp-json\/wp\/v2\/pages\/41839\/revisions"}],"predecessor-version":[{"id":81439,"href":"https:\/\/www.sisinternational.com\/es\/wp-json\/wp\/v2\/pages\/41839\/revisions\/81439"}],"up":[{"embeddable":true,"href":"https:\/\/www.sisinternational.com\/es\/wp-json\/wp\/v2\/pages\/14514"}],"wp:featuredmedia":[{"embeddable":true,"href":"https:\/\/www.sisinternational.com\/es\/wp-json\/wp\/v2\/media\/63697"}],"wp:attachment":[{"href":"https:\/\/www.sisinternational.com\/es\/wp-json\/wp\/v2\/media?parent=41839"}],"curies":[{"name":"wp","href":"https:\/\/api.w.org\/{rel}","templated":true}]}}