{"id":41834,"date":"2023-03-17T18:13:46","date_gmt":"2023-03-17T22:13:46","guid":{"rendered":"https:\/\/www.sisinternational.com\/?page_id=41834"},"modified":"2026-01-24T21:18:07","modified_gmt":"2026-01-25T02:18:07","slug":"investigacion-de-mercado-de-materiales-de-construccion-ecologicos","status":"publish","type":"page","link":"https:\/\/www.sisinternational.com\/es\/pericia\/investigacion-de-mercado-de-materiales-de-construccion-ecologicos\/","title":{"rendered":"Investigaci\u00f3n de mercado de materiales de construcci\u00f3n ecol\u00f3gicos"},"content":{"rendered":"<h1 class=\"wp-block-heading\">Investigaci\u00f3n de mercado de materiales de construcci\u00f3n ecol\u00f3gicos<\/h1>\n\n\n\n<figure class=\"gb-block-image gb-block-image-a0f737f5\"><img loading=\"lazy\" decoding=\"async\" width=\"1456\" height=\"816\" class=\"gb-image gb-image-a0f737f5\" src=\"https:\/\/www.sisinternational.com\/wp-content\/uploads\/2025\/10\/Green-building-3.jpg\" alt=\"Investigaci\u00f3n y estrategia de mercado internacional de SIS\" title=\"Green building (3)\" srcset=\"https:\/\/www.sisinternational.com\/wp-content\/uploads\/2025\/10\/Green-building-3.jpg 1456w, https:\/\/www.sisinternational.com\/wp-content\/uploads\/2025\/10\/Green-building-3-300x168.jpg 300w, https:\/\/www.sisinternational.com\/wp-content\/uploads\/2025\/10\/Green-building-3-1024x574.jpg 1024w, https:\/\/www.sisinternational.com\/wp-content\/uploads\/2025\/10\/Green-building-3-768x430.jpg 768w, https:\/\/www.sisinternational.com\/wp-content\/uploads\/2025\/10\/Green-building-3-18x10.jpg 18w\" sizes=\"auto, (max-width: 1456px) 100vw, 1456px\"><\/figure>\n\n\n\n<p><\/p>\n\n\n\n<p>Los materiales de construcci\u00f3n ecol\u00f3gicos son sostenibles, respetuosos con el medio ambiente y energ\u00e9ticamente eficientes. Utilizamos estos materiales para construir edificios con el m\u00ednimo impacto ambiental. Reducen el consumo de energ\u00eda y promueven una vida saludable. Los materiales de construcci\u00f3n ecol\u00f3gicos provienen de recursos renovables o materiales reciclados. Son duraderos y de bajo mantenimiento.<\/p>\n\n\n\n<h2 class=\"wp-block-heading\">Ejemplos de materiales de construcci\u00f3n ecol\u00f3gicos incluyen:<\/h2>\n\n\n\n<ol class=\"wp-block-list\">\n<li>Madera: extra\u00edda de bosques certificados<\/li>\n\n\n\n<li>Bamb\u00fa: material renovable que puede sustituir a la madera en la construcci\u00f3n<\/li>\n\n\n\n<li>Acero reciclado: fabricado con materiales reciclados que tienen una menor huella de carbono<\/li>\n\n\n\n<li>Pl\u00e1stico reciclado: pl\u00e1stico elaborado a partir de materiales reciclados como botellas de PET.<\/li>\n\n\n\n<li>Aislamiento natural: fabricado con materiales como lana, algod\u00f3n y celulosa.<\/li>\n\n\n\n<li>Pavimentos de bajas emisiones: fabricados con materiales con bajo contenido de compuestos org\u00e1nicos vol\u00e1tiles (COV). Algunos ejemplos son el bamb\u00fa, el corcho y el lin\u00f3leo.<\/li>\n\n\n\n<li>Paneles solares: paneles solares que producen energ\u00eda renovable y reducen el consumo energ\u00e9tico<\/li>\n\n\n\n<li>Accesorios que ahorran agua y que reducen el uso de agua, como inodoros, cabezales de ducha y grifos de bajo flujo.<\/li>\n<\/ol>\n\n\n\n<p>El uso de materiales de construcci\u00f3n ecol\u00f3gicos es esencial para crear edificios sostenibles y energ\u00e9ticamente eficientes. Otra gran ventaja de estos materiales es que mantienen al m\u00ednimo el impacto en el medio ambiente.<\/p>\n\n\n\n<h2 class=\"wp-block-heading\">\u00bfPor qu\u00e9 son importantes los materiales de construcci\u00f3n ecol\u00f3gicos?<\/h2>\n\n\n\n<figure class=\"gb-block-image gb-block-image-1280df73\"><img loading=\"lazy\" decoding=\"async\" width=\"1456\" height=\"816\" class=\"gb-image gb-image-1280df73\" src=\"https:\/\/www.sisinternational.com\/wp-content\/uploads\/2025\/10\/Green-building-2.jpg\" alt=\"Investigaci\u00f3n y estrategia de mercado internacional de SIS\" title=\"Green building (2)\" srcset=\"https:\/\/www.sisinternational.com\/wp-content\/uploads\/2025\/10\/Green-building-2.jpg 1456w, https:\/\/www.sisinternational.com\/wp-content\/uploads\/2025\/10\/Green-building-2-300x168.jpg 300w, https:\/\/www.sisinternational.com\/wp-content\/uploads\/2025\/10\/Green-building-2-1024x574.jpg 1024w, https:\/\/www.sisinternational.com\/wp-content\/uploads\/2025\/10\/Green-building-2-768x430.jpg 768w, https:\/\/www.sisinternational.com\/wp-content\/uploads\/2025\/10\/Green-building-2-18x10.jpg 18w\" sizes=\"auto, (max-width: 1456px) 100vw, 1456px\"><\/figure>\n\n\n\n<p><\/p>\n\n\n\n<p>Green building materials are essential. They help to create <a href=\"https:\/\/www.sisinternational.com\/es\/soluciones\/investigacion-de-mercado-de-ia-y-consultoria-estrategica\/medio-ambiente-sostenibilidad-automatizacion-inteligencia-artificial-consultoria\/\" title=\"Medio Ambiente y Sostenibilidad Consultor\u00eda en Automatizaci\u00f3n e Inteligencia Artificial\"  data-wpil-monitor-id=\"10004\">sustainable<\/a> buildings that are easy on the environment. They are also healthier for occupants. Here are some more of the critical reasons why green building materials are essential:<\/p>\n\n\n\n<p>Los materiales de construcci\u00f3n ecol\u00f3gicos son sostenibles y tienen un impacto ambiental m\u00ednimo. A menudo est\u00e1n fabricados a partir de recursos renovables, reciclados o naturales.<\/p>\n\n\n\n<p>Las empresas deben cosecharlos de forma ambientalmente responsable. Este proceso ayuda a reducir los desechos, conservar los recursos naturales y disminuir la contaminaci\u00f3n.<br>Otro punto clave es que muchos materiales de construcci\u00f3n ecol\u00f3gicos son energ\u00e9ticamente eficientes. De hecho, ayudan a reducir el consumo de energ\u00eda y disminuir la huella de carbono de los edificios. Por ejemplo, los paneles solares pueden generar energ\u00eda renovable. El aislamiento con materiales naturales puede reducir a\u00fan m\u00e1s los costos de calefacci\u00f3n y refrigeraci\u00f3n.<\/p>\n\n\n\n<p>Los materiales de construcci\u00f3n ecol\u00f3gicos pueden contribuir a crear entornos de vida m\u00e1s saludables. Suelen estar fabricados con materiales no t\u00f3xicos. En otras palabras, es menos probable que estos materiales liberen sustancias qu\u00edmicas nocivas al aire. Esta caracter\u00edstica puede mejorar la calidad del aire interior. Tambi\u00e9n reduce el riesgo de problemas de salud asociados con la mala calidad del aire interior.<\/p>\n\n\n\n<p>Si bien los materiales de construcci\u00f3n ecol\u00f3gicos pueden ser m\u00e1s costosos al principio, pueden ahorrar dinero a largo plazo. Por ejemplo, los materiales energ\u00e9ticamente eficientes pueden ayudar a reducir las facturas de servicios p\u00fablicos. Los materiales duraderos pueden reducir los costos de mantenimiento con el tiempo.<\/p>\n\n\n\n<p>The use of green building materials can benefit property owners. It allows their structures to achieve green building certification. For example, they can become compliant with LEED (Leadership in Energy and Environmental Design). Furthermore, green building certification can increase <a href=\"https:\/\/www.sisinternational.com\/es\/soluciones\/si-crecimiento-global\/investigacion-internacional-sobre-propiedad-intelectual\/\" title=\"Investigaci\u00f3n de mercado de propiedad intelectual\"  data-wpil-monitor-id=\"9991\">property value and improve marketability<\/a>. It also shows a commitment to sustainability.<\/p>\n\n\n\n<p>En definitiva, el uso de materiales de construcci\u00f3n ecol\u00f3gicos es fundamental. Impulsa la creaci\u00f3n de edificios sostenibles y energ\u00e9ticamente eficientes con un m\u00ednimo impacto ambiental. Tambi\u00e9n promueve entornos de vida m\u00e1s saludables y ahorro de costos.<\/p>\n\n\n\n<h2 class=\"wp-block-heading\">T\u00edtulos de trabajo clave<\/h2>\n\n\n\n<figure class=\"gb-block-image gb-block-image-ce97f7ac\"><img loading=\"lazy\" decoding=\"async\" width=\"1456\" height=\"816\" class=\"gb-image gb-image-ce97f7ac\" src=\"https:\/\/www.sisinternational.com\/wp-content\/uploads\/2025\/10\/Green-building-3.jpg\" alt=\"Investigaci\u00f3n y estrategia de mercado internacional de SIS\" title=\"Green building (3)\" srcset=\"https:\/\/www.sisinternational.com\/wp-content\/uploads\/2025\/10\/Green-building-3.jpg 1456w, https:\/\/www.sisinternational.com\/wp-content\/uploads\/2025\/10\/Green-building-3-300x168.jpg 300w, https:\/\/www.sisinternational.com\/wp-content\/uploads\/2025\/10\/Green-building-3-1024x574.jpg 1024w, https:\/\/www.sisinternational.com\/wp-content\/uploads\/2025\/10\/Green-building-3-768x430.jpg 768w, https:\/\/www.sisinternational.com\/wp-content\/uploads\/2025\/10\/Green-building-3-18x10.jpg 18w\" sizes=\"auto, (max-width: 1456px) 100vw, 1456px\"><\/figure>\n\n\n\n<p><\/p>\n\n\n\n<h3 class=\"wp-block-heading\">A continuaci\u00f3n se muestran algunos t\u00edtulos de trabajo clave relacionados con materiales de construcci\u00f3n ecol\u00f3gicos:<\/h3>\n\n\n\n<ol class=\"wp-block-list\">\n<li><strong>Arquitecto de Dise\u00f1o Sostenible:<\/strong> responsable del dise\u00f1o de edificios sostenibles, energ\u00e9ticamente eficientes y respetuosos con el medio ambiente. Trabajan con clientes e ingenieros, as\u00ed como con contratistas. Juntos crean estructuras dise\u00f1adas para cumplir con los est\u00e1ndares de certificaci\u00f3n de edificios ecol\u00f3gicos.<\/li>\n\n\n\n<li><strong>Profesional acreditado LEED:<\/strong> LEED es un programa de certificaci\u00f3n de edificios ecol\u00f3gicos. Los profesionales acreditados LEED (AP) han aprobado el examen LEED AP. Han comprendido profundamente las pr\u00e1cticas, principios y est\u00e1ndares de construcci\u00f3n sustentable.<\/li>\n\n\n\n<li><strong>Consultor de construcci\u00f3n sustentable:<\/strong> Proporcionar orientaci\u00f3n y asesoramiento a los clientes. Les ayudan a dise\u00f1ar, construir y mantener edificios sostenibles y energ\u00e9ticamente eficientes. El consultor puede proporcionar evaluaciones de estructuras existentes o recomendar materiales de construcci\u00f3n ecol\u00f3gicos. Tambi\u00e9n ayudan a los clientes a lograr la certificaci\u00f3n de construcci\u00f3n ecol\u00f3gica.<\/li>\n\n\n\n<li><strong>Coordinador de Sostenibilidad:<\/strong> Gestionar e implementar iniciativas de sostenibilidad dentro de las organizaciones. Por ejemplo, desarrollan planes de sostenibilidad y realizan un seguimiento del uso de energ\u00eda y recursos. Tambi\u00e9n promueven pr\u00e1cticas sostenibles.<\/li>\n\n\n\n<li><strong>Ingeniero ambiental:<\/strong> Garantizar que los edificios tengan un impacto ambiental m\u00ednimo. Pueden trabajar en proyectos de conservaci\u00f3n de agua, gesti\u00f3n de residuos y eficiencia energ\u00e9tica.<\/li>\n\n\n\n<li><strong>Fabricante de materiales de construcci\u00f3n ecol\u00f3gicos:<\/strong> produce materiales de construcci\u00f3n respetuosos con el medio ambiente. Por ejemplo, fabrican acero reciclado, aislamientos naturales y suelos de bajas emisiones. Trabajan para crear materiales que sean sostenibles y energ\u00e9ticamente eficientes. Garantizan que estos materiales sean saludables para los ocupantes del edificio.<\/li>\n\n\n\n<li><strong>Auditor Energ\u00e9tico:<\/strong> Evaluar la eficiencia energ\u00e9tica de los edificios. Tambi\u00e9n proporcionan recomendaciones para reducir el consumo de energ\u00eda. Pueden inspeccionar instalaciones, analizar facturas de energ\u00eda y recomendar tecnolog\u00edas y pr\u00e1cticas energ\u00e9ticamente eficientes.<\/li>\n<\/ol>\n\n\n\n<p>Estos son s\u00f3lo algunos t\u00edtulos de trabajo relacionados con materiales de construcci\u00f3n ecol\u00f3gicos. Muchas otras profesiones y puestos de trabajo desempe\u00f1an un papel en la creaci\u00f3n de edificios ecol\u00f3gicos.<\/p>\n\n\n\n<h2 class=\"wp-block-heading\">Por qu\u00e9 las empresas necesitan materiales de construcci\u00f3n ecol\u00f3gicos<\/h2>\n\n\n\n<p><a href=\"https:\/\/www.sisinternational.com\/es\/publicaciones\/investigacion-de-mercado-empresarial-escalable-7-formas-de-construir-un-negocio-escalable\/\" title=\"Investigaci\u00f3n de mercado empresarial escalable: 7 formas de construir un negocio escalable\"  data-wpil-monitor-id=\"10003\">Businesses need green building<\/a> materials for several reasons. Again, cost savings come into play. Green building materials can help companies to save money in the long run. Energy-efficient materials, such as low-emitting insulation and LED lighting, can reduce energy costs. Moreover, durable materials can reduce maintenance costs over time.<\/p>\n\n\n\n<p>Green buildings are becoming more popular among consumers. The modern <a href=\"https:\/\/www.sisinternational.com\/es\/pericia\/industrias\/investigacion-de-mercado-automotriz\/cuales-son-las-preocupaciones-de-los-consumidores-sobre-los-coches-autonomos\/\" title=\"What Are Consumers&#8217; Concerns About Self-Driving Cars?\"  data-wpil-monitor-id=\"9999\">consumer tends to show concern<\/a> for the environment. Businesses that use green building materials can differentiate themselves from competitors. For instance, they can appeal to customers who value sustainability.<br>Muchos gobiernos locales y estatales han establecido c\u00f3digos y regulaciones de construcci\u00f3n. Algunas de estas leyes se relacionan con la eficiencia energ\u00e9tica y la sostenibilidad ambiental. Las empresas que utilizan materiales de construcci\u00f3n ecol\u00f3gicos pueden seguir estas normas y evitar sanciones.<\/p>\n\n\n\n<p>Los materiales de construcci\u00f3n ecol\u00f3gicos pueden contribuir a un entorno de trabajo m\u00e1s saludable para los empleados. Por ejemplo, la pintura con bajo contenido de COV y el aislamiento natural pueden mejorar la calidad del aire interior. Tambi\u00e9n pueden reducir el riesgo de problemas de salud asociados con la mala calidad del aire interior.<\/p>\n\n\n\n<h2 class=\"wp-block-heading\">Factores claves del \u00e9xito<\/h2>\n\n\n\n<p>Los materiales de construcci\u00f3n ecol\u00f3gicos deben ser sostenibles y tener un impacto ambiental m\u00ednimo. Adem\u00e1s, los fabricantes deber\u00edan utilizar recursos renovables o materiales reciclados. O al menos pueden utilizar materiales naturales cosechados de forma ambientalmente responsable. Tambi\u00e9n deben tener una vida \u00fatil prolongada y ser f\u00e1ciles de reciclar o reutilizar al final de su vida \u00fatil.<\/p>\n\n\n\n<p>Muchos materiales de construcci\u00f3n ecol\u00f3gicos son energ\u00e9ticamente eficientes. Ayudan a reducir el consumo de energ\u00eda y disminuir la huella de carbono de los edificios. Estos materiales deber\u00edan poder aislar los edificios. Por tanto, pueden reducir la necesidad de calefacci\u00f3n, refrigeraci\u00f3n e iluminaci\u00f3n.<\/p>\n\n\n\n<p>Los materiales de construcci\u00f3n ecol\u00f3gicos deben ser duraderos y capaces de resistir los elementos. Tambi\u00e9n deben resistir el desgaste con el tiempo. Del mismo modo, estos materiales deben ser resistentes a la humedad, las plagas y la descomposici\u00f3n. Tambi\u00e9n deben mantener su integridad estructural durante un largo per\u00edodo.<\/p>\n\n\n\n<p>Los materiales de construcci\u00f3n ecol\u00f3gicos pueden ser m\u00e1s caros desde el principio. Pero deber\u00edan ser rentables durante su vida \u00fatil. Deber\u00edan poder ahorrar dinero mediante la eficiencia energ\u00e9tica. Los usuarios tambi\u00e9n disfrutar\u00e1n de costos de mantenimiento reducidos y de una mejor salud y productividad de los ocupantes.<\/p>\n\n\n\n<h3 class=\"wp-block-heading\">Seguridad y Sostenibilidad<\/h3>\n\n\n\n<figure class=\"gb-block-image gb-block-image-f99fbf88\"><img loading=\"lazy\" decoding=\"async\" width=\"1456\" height=\"816\" class=\"gb-image gb-image-f99fbf88\" src=\"https:\/\/www.sisinternational.com\/wp-content\/uploads\/2025\/10\/Green-building-1.jpg\" alt=\"Investigaci\u00f3n y estrategia de mercado internacional de SIS\" title=\"Green building (1)\" srcset=\"https:\/\/www.sisinternational.com\/wp-content\/uploads\/2025\/10\/Green-building-1.jpg 1456w, https:\/\/www.sisinternational.com\/wp-content\/uploads\/2025\/10\/Green-building-1-300x168.jpg 300w, https:\/\/www.sisinternational.com\/wp-content\/uploads\/2025\/10\/Green-building-1-1024x574.jpg 1024w, https:\/\/www.sisinternational.com\/wp-content\/uploads\/2025\/10\/Green-building-1-768x430.jpg 768w, https:\/\/www.sisinternational.com\/wp-content\/uploads\/2025\/10\/Green-building-1-18x10.jpg 18w\" sizes=\"auto, (max-width: 1456px) 100vw, 1456px\"><\/figure>\n\n\n\n<p><\/p>\n\n\n\n<p>Los materiales de construcci\u00f3n ecol\u00f3gicos deben ser seguros para el medio ambiente y los ocupantes del edificio. Los fabricantes deber\u00edan crearlos a partir de materiales no t\u00f3xicos. Estos materiales no deben liberar sustancias qu\u00edmicas nocivas al aire. Tambi\u00e9n deben ser f\u00e1ciles de mantener y limpiar para evitar la acumulaci\u00f3n de moho y otros al\u00e9rgenos.<\/p>\n\n\n\n<p>Una organizaci\u00f3n externa acreditada debe certificar sus materiales de construcci\u00f3n ecol\u00f3gicos. Un ejemplo de una organizaci\u00f3n de este tipo es el Forest Stewardship Council (FSC). O puede hacer que Cradle to Cradle (C2C) realice la certificaci\u00f3n. Este paso garantiza que sus materiales de construcci\u00f3n cumplan con los est\u00e1ndares ambientales y de sostenibilidad.<\/p>\n\n\n\n<p>En resumen, el \u00e9xito de los materiales de construcci\u00f3n ecol\u00f3gicos depende de su sostenibilidad. Tambi\u00e9n deben ser energ\u00e9ticamente eficientes, duraderos y rentables. Estos materiales deben cumplir con los est\u00e1ndares de salud y seguridad, y usted debe certificarlos. \u00bfEst\u00e1 seleccionando materiales de construcci\u00f3n ecol\u00f3gicos para sus proyectos? Considere estos factores antes de hacer su selecci\u00f3n final.<\/p>\n\n\n\n<h2 class=\"wp-block-heading\">Acerca de la investigaci\u00f3n de mercado de materiales de construcci\u00f3n ecol\u00f3gicos<\/h2>\n\n\n\n<p>Is your company looking to <a href=\"https:\/\/www.sisinternational.com\/es\/soluciones\/consultoria-estrategica\/investigacion-de-oportunidades-de-entrada-al-mercado\/la-eficacia-de-las-pruebas-de-productos-en-nueva-york-para-ingresar-al-mercado-estadounidense\/\" title=\"La eficacia de las pruebas de productos en Nueva York para entrar en el mercado estadounidense\"  data-wpil-monitor-id=\"10002\">enter the Green Building Materials market<\/a>? You must conduct Quantitative and Qualitative Market Research in detail. <a href=\"https:\/\/www.sisinternational.com\/es\/pericia\/industrias\/investigacion-de-la-competencia\/\" title=\"Investigaci\u00f3n de la competencia\"  data-wpil-monitor-id=\"9995\">Research provides insight into your competitors<\/a>, market, products, and customers. You\u2019ll need to set up Focus Groups coupled with Surveys and Interviews. You\u2019ll also need UX Market Research. It will tell you how your product fits people\u2019s wants, needs, and abilities.<\/p>\n\n\n\n<p><a href=\"https:\/\/www.sisinternational.com\/es\/soluciones\/soluciones-de-branding-e-investigacion-de-clientes\/investigacion-de-mercado-de-pruebas-de-productos\/prueba-de-sabor-de-alimentos-de-sis-international\/\" title=\"\u00bfQu\u00e9 hace que SIS International Research sea la principal empresa de investigaci\u00f3n de mercados para pruebas de sabor de alimentos en la ciudad de Nueva York?\"  data-wpil-monitor-id=\"9987\">SIS International offers all these research<\/a> options. We also provide Strategy <a href=\"https:\/\/www.sisinternational.com\/es\/pericia\/industrias\/investigacion-de-mercado-de-nanoparticulas\/\" title=\"Investigaci\u00f3n de mercado de nanopart\u00edculas\"  data-wpil-monitor-id=\"3313\">Estudios de mercado<\/a>, Competitive Analysis, and Market Entry Research. SIS does <a href=\"https:\/\/www.sisinternational.com\/es\/pericia\/industrias\/investigacion-de-mercado-de-dulces\/\" title=\"Investigaci\u00f3n de mercado de dulces\"  data-wpil-monitor-id=\"3330\">Investigaci\u00f3n de oportunidades de mercado<\/a> and Market Sizing Research. We can help you <a href=\"https:\/\/www.sisinternational.com\/es\/pericia\/industrias\/investigacion-de-mercado-de-desarrollo-de-codigo-bajo\/\" title=\"Investigaci\u00f3n de mercado de desarrollo de c\u00f3digo bajo\"  data-wpil-monitor-id=\"9997\">develop a winning Go to Market<\/a> Strategy. Contact us today for a consultation!<\/p>","protected":false},"excerpt":{"rendered":"<p>Los materiales de construcci\u00f3n ecol\u00f3gicos son sostenibles, respetuosos con el medio ambiente y energ\u00e9ticamente eficientes. Son duraderos y de bajo mantenimiento.<\/p>","protected":false},"author":1,"featured_media":72084,"parent":14514,"menu_order":207,"comment_status":"closed","ping_status":"closed","template":"","meta":{"footnotes":""},"class_list":["post-41834","page","type-page","status-publish","has-post-thumbnail"],"_links":{"self":[{"href":"https:\/\/www.sisinternational.com\/es\/wp-json\/wp\/v2\/pages\/41834","targetHints":{"allow":["GET"]}}],"collection":[{"href":"https:\/\/www.sisinternational.com\/es\/wp-json\/wp\/v2\/pages"}],"about":[{"href":"https:\/\/www.sisinternational.com\/es\/wp-json\/wp\/v2\/types\/page"}],"author":[{"embeddable":true,"href":"https:\/\/www.sisinternational.com\/es\/wp-json\/wp\/v2\/users\/1"}],"replies":[{"embeddable":true,"href":"https:\/\/www.sisinternational.com\/es\/wp-json\/wp\/v2\/comments?post=41834"}],"version-history":[{"count":7,"href":"https:\/\/www.sisinternational.com\/es\/wp-json\/wp\/v2\/pages\/41834\/revisions"}],"predecessor-version":[{"id":81655,"href":"https:\/\/www.sisinternational.com\/es\/wp-json\/wp\/v2\/pages\/41834\/revisions\/81655"}],"up":[{"embeddable":true,"href":"https:\/\/www.sisinternational.com\/es\/wp-json\/wp\/v2\/pages\/14514"}],"wp:featuredmedia":[{"embeddable":true,"href":"https:\/\/www.sisinternational.com\/es\/wp-json\/wp\/v2\/media\/72084"}],"wp:attachment":[{"href":"https:\/\/www.sisinternational.com\/es\/wp-json\/wp\/v2\/media?parent=41834"}],"curies":[{"name":"wp","href":"https:\/\/api.w.org\/{rel}","templated":true}]}}