{"id":41831,"date":"2023-03-17T17:36:15","date_gmt":"2023-03-17T21:36:15","guid":{"rendered":"https:\/\/www.sisinternational.com\/?page_id=41831"},"modified":"2026-03-25T01:15:52","modified_gmt":"2026-03-25T05:15:52","slug":"investigacion-de-mercado-de-alimentos-congelados","status":"publish","type":"page","link":"https:\/\/www.sisinternational.com\/es\/soluciones\/investigacion-de-mercado-de-la-industria-de-alimentos-y-bebidas\/investigacion-de-mercado-de-alimentos-congelados\/","title":{"rendered":"Investigaci\u00f3n de mercado de alimentos congelados"},"content":{"rendered":"<h1 class=\"wp-block-heading\">Investigaci\u00f3n de mercado de alimentos congelados<\/h1>\n\n\n\n<figure class=\"gb-block-image gb-block-image-02e492c6\"><img loading=\"lazy\" decoding=\"async\" width=\"1456\" height=\"816\" class=\"gb-image gb-image-02e492c6\" src=\"https:\/\/www.sisinternational.com\/wp-content\/uploads\/2025\/08\/Refrigarator-2.jpg\" alt=\"Investigaci\u00f3n y estrategia de mercado internacional de SIS\" title=\"Refrigarator (2)\" srcset=\"https:\/\/www.sisinternational.com\/wp-content\/uploads\/2025\/08\/Refrigarator-2.jpg 1456w, https:\/\/www.sisinternational.com\/wp-content\/uploads\/2025\/08\/Refrigarator-2-300x168.jpg 300w, https:\/\/www.sisinternational.com\/wp-content\/uploads\/2025\/08\/Refrigarator-2-1024x574.jpg 1024w, https:\/\/www.sisinternational.com\/wp-content\/uploads\/2025\/08\/Refrigarator-2-768x430.jpg 768w, https:\/\/www.sisinternational.com\/wp-content\/uploads\/2025\/08\/Refrigarator-2-18x10.jpg 18w\" sizes=\"auto, (max-width: 1456px) 100vw, 1456px\"><\/figure>\n\n\n\n<p><\/p>\n\n\n\n<p>La investigaci\u00f3n de mercado de alimentos congelados es \u00fatil para descubrir tendencias y recopilar datos y estrategias que las empresas pueden utilizar. Los resultados de la investigaci\u00f3n de mercado brindan informaci\u00f3n sobre los diferentes componentes de los sectores de alimentos congelados, incluida la producci\u00f3n de bienes, la distribuci\u00f3n de productos y los diversos establecimientos involucrados, como restaurantes, tiendas de conveniencia y minoristas locales e internacionales.<\/p>\n\n\n\n<p>Esta investigaci\u00f3n de mercado tambi\u00e9n revela c\u00f3mo varias empresas del mercado de alimentos congelados se comparan con sus competidores en t\u00e9rminos de oferta de productos, calidad del producto, ventas y marketing. Las estad\u00edsticas y los enfoques en el sector de los alimentos congelados pueden guiar a las empresas y a los actores clave en la toma de decisiones, as\u00ed como proporcionar detalles actualizados sobre el clima empresarial.<\/p>\n\n\n\n<h2 class=\"wp-block-heading\">Definici\u00f3n de la investigaci\u00f3n de mercado de alimentos congelados<\/h2>\n\n\n\n<p>Los alimentos y bebidas conservados mediante congelaci\u00f3n y almacenados en un congelador antes de su preparaci\u00f3n se consideran alimentos congelados. Inicialmente, los productos congelados no necesitan conservantes adicionales porque las bacterias no crecen por debajo de los 15 \u00b0F, suficiente para evitar el deterioro de los alimentos. Para la conservaci\u00f3n del producto a largo plazo, puede ser necesario almacenar los alimentos a temperaturas a\u00fan m\u00e1s bajas.<\/p>\n\n\n\n<p>Freezing is one of the earliest and most extensively utilized ways of food preservation. It offers the best preservation technique for retaining the original&nbsp;flavor, texture, and nutritional content. The freezing process combines the advantageous effects of low temperatures at which microorganisms cannot grow, slow chemical processes, and postpone cellular metabolic reactions.<\/p>\n\n\n\n<p>La congelaci\u00f3n es un excelente m\u00e9todo de conservaci\u00f3n de alimentos porque las bacterias que causan el deterioro de los alimentos se destruyen o no aumentan r\u00e1pidamente a bajas temperaturas; por lo tanto, los alimentos congelados son populares entre los consumidores debido a su larga vida \u00fatil, lo que mejora la conveniencia.<\/p>\n\n\n\n<h2 class=\"wp-block-heading\">Segmentaci\u00f3n de la investigaci\u00f3n de mercado de alimentos congelados<\/h2>\n\n\n\n<figure class=\"gb-block-image gb-block-image-6d81bc40\"><img loading=\"lazy\" decoding=\"async\" width=\"1456\" height=\"816\" class=\"gb-image gb-image-6d81bc40\" src=\"https:\/\/www.sisinternational.com\/wp-content\/uploads\/2025\/08\/Mexican-food-lunch-17.jpg\" alt=\"Investigaci\u00f3n y estrategia de mercado internacional de SIS\" title=\"Mexican food lunch (17)\" srcset=\"https:\/\/www.sisinternational.com\/wp-content\/uploads\/2025\/08\/Mexican-food-lunch-17.jpg 1456w, https:\/\/www.sisinternational.com\/wp-content\/uploads\/2025\/08\/Mexican-food-lunch-17-300x168.jpg 300w, https:\/\/www.sisinternational.com\/wp-content\/uploads\/2025\/08\/Mexican-food-lunch-17-1024x574.jpg 1024w, https:\/\/www.sisinternational.com\/wp-content\/uploads\/2025\/08\/Mexican-food-lunch-17-768x430.jpg 768w, https:\/\/www.sisinternational.com\/wp-content\/uploads\/2025\/08\/Mexican-food-lunch-17-18x10.jpg 18w\" sizes=\"auto, (max-width: 1456px) 100vw, 1456px\"><\/figure>\n\n\n\n<p><\/p>\n\n\n\n<p>Frozen <a href=\"https:\/\/www.sisinternational.com\/es\/soluciones\/investigacion-de-mercado-de-alimentos-qsr\/\" title=\"QSR Food Market Research\"  data-wpil-monitor-id=\"2316\">Food Market Research<\/a> provides insights that include several main aspects of the industry that play crucial role in the industry\u2019s growth and dynamics. Below are some of the segmentation included in the research and development of data and strategies in <a href=\"https:\/\/www.sisinternational.com\/es\/pericia\/industrias\/investigacion-de-mercado-de-nanoparticulas\/\" title=\"Investigaci\u00f3n de mercado de nanopart\u00edculas\"  data-wpil-monitor-id=\"3318\">frozen food<\/a> market industry.<\/p>\n\n\n\n<h3 class=\"wp-block-heading\">Tipo de producto del mercado de alimentos congelados<\/h3>\n\n\n\n<ul class=\"wp-block-list\">\n<li>Frutas y verduras congeladas<\/li>\n\n\n\n<li>Carne congelada<\/li>\n\n\n\n<li>Pescados y Mariscos Congelados<\/li>\n\n\n\n<li>Platos preparados cocinados congelados<\/li>\n\n\n\n<li>Postres Congelados<\/li>\n\n\n\n<li>Bocadillos congelados<\/li>\n\n\n\n<li>Postres Congelados<\/li>\n\n\n\n<li>Productos de Horno o Pasteler\u00eda Congelados<\/li>\n<\/ul>\n\n\n\n<h3 class=\"wp-block-heading\">Categor\u00edas del mercado de alimentos congelados<\/h3>\n\n\n\n<ul class=\"wp-block-list\">\n<li>Listo para cocinar<\/li>\n\n\n\n<li>Listo para beber<\/li>\n\n\n\n<li>Listo para comer<\/li>\n<\/ul>\n\n\n\n<h3 class=\"wp-block-heading\">Proceso de congelaci\u00f3n del mercado de alimentos congelados<\/h3>\n\n\n\n<ul class=\"wp-block-list\">\n<li>Congelaci\u00f3n R\u00e1pida Individual (IQF)<\/li>\n\n\n\n<li>Congelaci\u00f3n explosiva<\/li>\n\n\n\n<li>Congelaci\u00f3n de cintur\u00f3n<\/li>\n\n\n\n<li>Congeladores de contacto indirecto<\/li>\n\n\n\n<li>Otras t\u00e9cnicas de congelaci\u00f3n<\/li>\n<\/ul>\n\n\n\n<h3 class=\"wp-block-heading\">Canal de distribuci\u00f3n del mercado de alimentos congelados<\/h3>\n\n\n\n<ul class=\"wp-block-list\">\n<li>Plantas procesadoras de alimentos<\/li>\n\n\n\n<li>Supermercados e Hipermercados<\/li>\n\n\n\n<li>Tiendas de conveniencia<\/li>\n\n\n\n<li>Mercados P\u00fablicos<\/li>\n\n\n\n<li>Tiendas localesCanales en l\u00ednea<\/li>\n\n\n\n<li>Otros canales de distribuci\u00f3n<\/li>\n<\/ul>\n\n\n\n<h2 class=\"wp-block-heading\">An\u00e1lisis del mercado de alimentos congelados<\/h2>\n\n\n\n<p>In recent years, the global <a href=\"https:\/\/www.sisinternational.com\/es\/soluciones\/investigacion-de-mercado-de-la-industria-de-alimentos-y-bebidas\/investigacion-de-mercado-de-yogur-helado\/\" title=\"Investigaci\u00f3n de mercado de yogur helado\"  data-wpil-monitor-id=\"11455\">market for frozen<\/a> food has expanded. The need for easy-to-prepare and ready meals is favorably influencing the frozen food industry. According to a comprehensive analysis, the global market for frozen meals is anticipated to expand continuously.<\/p>\n\n\n\n<p>Adem\u00e1s, varios factores tambi\u00e9n est\u00e1n impulsando el crecimiento del mercado de alimentos congelados. Los datos y las estrategias en la industria del mercado de alimentos congelados descubrieron que las empresas ofrecen una amplia variedad de alimentos congelados, lo que est\u00e1 transformando una industria tradicionalmente conocida por las comidas instant\u00e1neas en uno de los segmentos m\u00e1s grandes y populares de la industria alimentaria mundial.<\/p>\n\n\n\n<p>El auge del mercado de alimentos congelados ha dado como resultado que los consumidores tengan m\u00e1s opciones, variedad y conveniencia que nunca. Los productores de alimentos congelados tambi\u00e9n est\u00e1n introduciendo nuevos productos para dar a los consumidores una sensaci\u00f3n de novedad. Las asociaciones, el marketing mejorado, los acuerdos de licencia y las nuevas opciones contribuyen al crecimiento acelerado del mercado de alimentos congelados.<\/p>\n\n\n\n<h2 class=\"wp-block-heading\">Factores que afectan la investigaci\u00f3n de mercado de alimentos congelados<\/h2>\n\n\n\n<h3 class=\"wp-block-heading\">Inversi\u00f3n de capital para el negocio de alimentos congelados<\/h3>\n\n\n\n<p>En los pa\u00edses en desarrollo, congelar alimentos es ventajoso por varias razones. En primer lugar, la congelaci\u00f3n es uno de los m\u00e9todos de conservaci\u00f3n m\u00e1s pr\u00e1cticos y sencillos en comparaci\u00f3n con otros procesos comerciales. En los pa\u00edses en desarrollo, una inversi\u00f3n sustancial de capital en la industria de los congelados suele desempe\u00f1ar un papel importante en la viabilidad econ\u00f3mica de todo el proceso del mercado de alimentos congelados.<\/p>\n\n\n\n<h3 class=\"wp-block-heading\">El cambio en la demanda de los consumidores en los pa\u00edses en desarrollo<\/h3>\n\n\n\n<p>El aumento de la poblaci\u00f3n y el creciente consumo de alimentos han requerido la fabricaci\u00f3n comercial a gran escala de productos alimenticios. Debido al cambio en el perfil de los clientes, el negocio de los alimentos congelados ha experimentado una enorme transformaci\u00f3n. El avance m\u00e1s significativo en el comportamiento del consumidor durante los \u00faltimos cincuenta a\u00f1os ha sido el aumento del n\u00famero de mujeres trabajadoras y la ca\u00edda del tama\u00f1o de las familias. Estos dos elementos redujeron el tiempo necesario para la preparaci\u00f3n de los alimentos.<\/p>\n\n\n\n<h3 class=\"wp-block-heading\">Tendencias emergentes de alimentos congelados para consumidores preocupados por su salud<\/h3>\n\n\n\n<p>A medida que los clientes se preocupan m\u00e1s por su salud, existe una creciente necesidad de opciones de alimentos congelados bajos en calor\u00edas, grasas y az\u00facares. Otra tendencia impulsada por personas preocupadas por su salud y la creciente popularidad de la dieta vegana es el creciente deseo de opciones de alimentos congelados de origen vegetal. Estos incluyen art\u00edculos como hamburguesas vegetales y alternativas de alimentos congelados sin carne.<\/p>\n\n\n\n<h3 class=\"wp-block-heading\">Tendencias actuales y futuras en tecnolog\u00edas de congelaci\u00f3n<\/h3>\n\n\n\n<p>El mercado de alimentos congelados estuvo determinado por el desarrollo hist\u00f3rico de tecnolog\u00edas de congelaci\u00f3n comerciales dise\u00f1adas para productos alimenticios espec\u00edficos. El sector de los alimentos congelados depende en gran medida de la ciencia y la tecnolog\u00eda de vanguardia. Existe una demanda creciente de comidas preparadas y la expansi\u00f3n del negocio depende principalmente de la capacidad de los procesadores de alimentos para mejorar tanto las t\u00e9cnicas de proceso como la calidad del producto. S\u00f3lo centr\u00e1ndose en nuevas tecnolog\u00edas y explorando variables poco comprendidas que afectan la calidad de los productos alimenticios congelados se podr\u00e1n lograr avances.<\/p>\n\n\n\n<h3 class=\"wp-block-heading\">Cambios y evoluci\u00f3n en la log\u00edstica de la cadena de fr\u00edo<\/h3>\n\n\n\n<figure class=\"gb-block-image gb-block-image-4b078337\"><img loading=\"lazy\" decoding=\"async\" width=\"1456\" height=\"816\" class=\"gb-image gb-image-4b078337\" src=\"https:\/\/www.sisinternational.com\/wp-content\/uploads\/2025\/09\/Food-safety-6.jpg\" alt=\"Investigaci\u00f3n y estrategia de mercado internacional de SIS\" title=\"Food safety (6)\" srcset=\"https:\/\/www.sisinternational.com\/wp-content\/uploads\/2025\/09\/Food-safety-6.jpg 1456w, https:\/\/www.sisinternational.com\/wp-content\/uploads\/2025\/09\/Food-safety-6-300x168.jpg 300w, https:\/\/www.sisinternational.com\/wp-content\/uploads\/2025\/09\/Food-safety-6-1024x574.jpg 1024w, https:\/\/www.sisinternational.com\/wp-content\/uploads\/2025\/09\/Food-safety-6-768x430.jpg 768w, https:\/\/www.sisinternational.com\/wp-content\/uploads\/2025\/09\/Food-safety-6-18x10.jpg 18w\" sizes=\"auto, (max-width: 1456px) 100vw, 1456px\"><\/figure>\n\n\n\n<p><\/p>\n\n\n\n<p>Despu\u00e9s de ser retirados del almacenamiento frigor\u00edfico inicial, los productos congelados corren el mayor riesgo de contaminaci\u00f3n con bacterias y pudrici\u00f3n si no se almacenan adecuadamente. Se deben utilizar camiones especializados para entregar estos alimentos en una atm\u00f3sfera controlada.<br>Muchos proveedores no cuentan con veh\u00edculos espec\u00edficos para el transporte de productos congelados; Entregan todas las variedades de alimentos congelados en los mismos camiones u otros veh\u00edculos. Para aumentar sus ganancias, un gran n\u00famero de fabricantes est\u00e1n intentando iniciar tambi\u00e9n sus operaciones log\u00edsticas.<\/p>\n\n\n\n<h2 class=\"wp-block-heading\">Acerca de la investigaci\u00f3n de mercado de alimentos congelados<\/h2>\n\n\n\n<p>Este informe examina exhaustivamente las estad\u00edsticas y estrategias en el negocio del mercado de alimentos congelados, incluido el tama\u00f1o del mercado y la tasa de crecimiento anual compuesta. Explica la atractiva oferta de inversi\u00f3n para este mercado y las posibles oportunidades de ingresos en los diferentes segmentos del mercado de alimentos congelados.<\/p>\n\n\n\n<p>Frozen <a href=\"https:\/\/www.sisinternational.com\/es\/pericia\/industrias\/investigacion-de-mercado-de-franquicias-de-comida-rapida\/\" title=\"Investigaci\u00f3n de mercado de franquicias de comida r\u00e1pida\"  data-wpil-monitor-id=\"4002\">Food Market Research<\/a> provides insights that include information regarding market drivers, restraints, opportunities, new product launches or approvals, geographical outlook, and competitive strategies implemented by leading competitors. The study profiles key worldwide frozen food market participants regarding corporate overview, financial performance, product portfolio, geographical presence, distribution tactics, key developments and strategies, and future plans.<\/p>\n\n\n\n<p>Los datos y las estrategias en la industria del mercado de alimentos congelados permitir\u00e1n a los especialistas en marketing y a la gerencia de la empresa tomar decisiones informadas sobre futuros lanzamientos de productos, actualizaciones tecnol\u00f3gicas, expansi\u00f3n del mercado y estrategias de marketing. En general, la informaci\u00f3n recopilada se puede utilizar para analizar la industria mundial de alimentos congelados y ayudar a los actores y partes interesadas clave de la industria a tomar decisiones que afecten sus negocios y su crecimiento.<\/p>","protected":false},"excerpt":{"rendered":"<p>El mercado mundial de alimentos congelados ha crecido. Los platos preparados y f\u00e1ciles de preparar est\u00e1n impactando favorablemente a la industria de los alimentos congelados.<\/p>","protected":false},"author":1,"featured_media":64858,"parent":22018,"menu_order":206,"comment_status":"closed","ping_status":"closed","template":"","meta":{"footnotes":""},"class_list":["post-41831","page","type-page","status-publish","has-post-thumbnail"],"_links":{"self":[{"href":"https:\/\/www.sisinternational.com\/es\/wp-json\/wp\/v2\/pages\/41831","targetHints":{"allow":["GET"]}}],"collection":[{"href":"https:\/\/www.sisinternational.com\/es\/wp-json\/wp\/v2\/pages"}],"about":[{"href":"https:\/\/www.sisinternational.com\/es\/wp-json\/wp\/v2\/types\/page"}],"author":[{"embeddable":true,"href":"https:\/\/www.sisinternational.com\/es\/wp-json\/wp\/v2\/users\/1"}],"replies":[{"embeddable":true,"href":"https:\/\/www.sisinternational.com\/es\/wp-json\/wp\/v2\/comments?post=41831"}],"version-history":[{"count":7,"href":"https:\/\/www.sisinternational.com\/es\/wp-json\/wp\/v2\/pages\/41831\/revisions"}],"predecessor-version":[{"id":85069,"href":"https:\/\/www.sisinternational.com\/es\/wp-json\/wp\/v2\/pages\/41831\/revisions\/85069"}],"up":[{"embeddable":true,"href":"https:\/\/www.sisinternational.com\/es\/wp-json\/wp\/v2\/pages\/22018"}],"wp:featuredmedia":[{"embeddable":true,"href":"https:\/\/www.sisinternational.com\/es\/wp-json\/wp\/v2\/media\/64858"}],"wp:attachment":[{"href":"https:\/\/www.sisinternational.com\/es\/wp-json\/wp\/v2\/media?parent=41831"}],"curies":[{"name":"wp","href":"https:\/\/api.w.org\/{rel}","templated":true}]}}