{"id":41828,"date":"2023-03-17T17:21:00","date_gmt":"2023-03-17T21:21:00","guid":{"rendered":"https:\/\/www.sisinternational.com\/?page_id=41828"},"modified":"2026-01-26T14:34:56","modified_gmt":"2026-01-26T19:34:56","slug":"grupos-focales-en-singapur","status":"publish","type":"page","link":"https:\/\/www.sisinternational.com\/es\/cobertura\/investigacion-de-mercado-asia\/grupos-focales-en-singapur\/","title":{"rendered":"Grupos focales en Singapur"},"content":{"rendered":"<h1 class=\"wp-block-heading\">Grupos focales en Singapur<\/h1>\n\n\n\n<p><\/p>\n\n\n\n<figure class=\"gb-block-image gb-block-image-da007ce6\"><img loading=\"lazy\" decoding=\"async\" width=\"1456\" height=\"816\" class=\"gb-image gb-image-da007ce6\" src=\"https:\/\/www.sisinternational.com\/wp-content\/uploads\/2025\/09\/Singapore-3.jpg\" alt=\"Investigaci\u00f3n y estrategia de mercado internacional de SIS\" title=\"Singapore (3)\" srcset=\"https:\/\/www.sisinternational.com\/wp-content\/uploads\/2025\/09\/Singapore-3.jpg 1456w, https:\/\/www.sisinternational.com\/wp-content\/uploads\/2025\/09\/Singapore-3-300x168.jpg 300w, https:\/\/www.sisinternational.com\/wp-content\/uploads\/2025\/09\/Singapore-3-1024x574.jpg 1024w, https:\/\/www.sisinternational.com\/wp-content\/uploads\/2025\/09\/Singapore-3-768x430.jpg 768w, https:\/\/www.sisinternational.com\/wp-content\/uploads\/2025\/09\/Singapore-3-18x10.jpg 18w\" sizes=\"auto, (max-width: 1456px) 100vw, 1456px\"><\/figure>\n\n\n\n<h3 class=\"wp-block-heading\">Ya sea que est\u00e9 lanzando un nuevo producto o perfeccionando su estrategia de marketing, los grupos focales proporcionan los datos necesarios para tomar decisiones informadas.<\/h3>\n\n\n\n<p>Singapur alberga una variedad de mercados de consumo sofisticados y es un centro comercial y empresarial de gran actividad a nivel mundial. Por lo tanto, para prosperar en este mercado competitivo, las empresas necesitan comprender a fondo las preferencias y los comportamientos de los consumidores locales.<\/p>\n\n\n\n<p>Un enfoque eficaz para obtener esta informaci\u00f3n es realizar grupos focales, que se est\u00e1n volviendo cada vez m\u00e1s populares entre las empresas de Singapur para realizar investigaciones de mercado.<\/p>\n\n\n\n<h2 class=\"wp-block-heading\">\u00bfQu\u00e9 son los grupos focales en Singapur?<\/h2>\n\n\n\n<p>Los focus groups en Singapur son debates moderados en los que los participantes comparten sus pensamientos, opiniones y experiencias sobre un producto, servicio o marca. Estas sesiones brindan a las empresas informaci\u00f3n detallada sobre las preferencias, los comportamientos y las motivaciones de los consumidores, lo que resulta invaluable para la toma de decisiones.<\/p>\n\n\n\n<p>En Singapur, los grupos de discusi\u00f3n son especialmente \u00fatiles para comprender las diversas influencias culturales que moldean el comportamiento del consumidor. La retroalimentaci\u00f3n que se obtiene a trav\u00e9s de los grupos de discusi\u00f3n permite a las empresas alinear mejor sus estrategias con las necesidades y expectativas de los consumidores singapurenses.<\/p>\n\n\n\n<h2 class=\"wp-block-heading\">Importancia de los grupos focales en Singapur<\/h2>\n\n\n\n<p>En Singapur, los grupos focales son invaluables debido a la rica diversidad de su poblaci\u00f3n. Con varias etnias e idiomas conviviendo como una sola naci\u00f3n, los grupos focales permiten a las empresas obtener informaci\u00f3n sobre las preferencias y comportamientos de los consumidores de diferentes segmentos de la sociedad. Luego, las empresas pueden aprovechar estos datos para personalizar sus productos o servicios para mercados objetivo espec\u00edficos, lo que los convierte en una herramienta esencial para el \u00e9xito en un entorno tan intercultural.<\/p>\n\n\n\n<p>Por lo tanto, para tener \u00e9xito en el entorno en constante evoluci\u00f3n y ferozmente competitivo de Singapur, las empresas deben comprender las necesidades y preferencias de los consumidores. Esto puede ayudar a dise\u00f1ar productos que se ajusten mejor a las necesidades de los consumidores y a perfeccionar los enfoques de marketing con un mayor potencial de \u00e9xito, lo que aumenta las ganancias de la empresa.<\/p>\n\n\n\n<h2 class=\"wp-block-heading\">\u00bfCu\u00e1les son las ventajas de utilizar grupos focales en Singapur?<\/h2>\n\n\n\n<p><\/p>\n\n\n\n<figure class=\"gb-block-image gb-block-image-787e79a9\"><img loading=\"lazy\" decoding=\"async\" width=\"1456\" height=\"816\" class=\"gb-image gb-image-787e79a9\" src=\"https:\/\/www.sisinternational.com\/wp-content\/uploads\/2025\/09\/Singapore-2.jpg\" alt=\"Investigaci\u00f3n y estrategia de mercado internacional de SIS\" title=\"Singapore (2)\" srcset=\"https:\/\/www.sisinternational.com\/wp-content\/uploads\/2025\/09\/Singapore-2.jpg 1456w, https:\/\/www.sisinternational.com\/wp-content\/uploads\/2025\/09\/Singapore-2-300x168.jpg 300w, https:\/\/www.sisinternational.com\/wp-content\/uploads\/2025\/09\/Singapore-2-1024x574.jpg 1024w, https:\/\/www.sisinternational.com\/wp-content\/uploads\/2025\/09\/Singapore-2-768x430.jpg 768w, https:\/\/www.sisinternational.com\/wp-content\/uploads\/2025\/09\/Singapore-2-18x10.jpg 18w\" sizes=\"auto, (max-width: 1456px) 100vw, 1456px\"><\/figure>\n\n\n\n<p>Los focus groups en Singapur permiten a las empresas obtener comentarios detallados y cualitativos de los consumidores singapurenses. Se anima a los participantes a expresar sus opiniones y pensamientos, lo que puede proporcionar informaci\u00f3n precisa sobre las preferencias y los comportamientos de los consumidores. Permiten a las empresas analizar c\u00f3mo reaccionan sus clientes a los productos y servicios, ofreciendo una visi\u00f3n completa del comportamiento de los consumidores.<\/p>\n\n\n\n<p>Focus groups are also a cost-effective and time-saving approach to conducting <a class=\"wpil_keyword_link\" href=\"https:\/\/www.sisinternational.com\/es\/cobertura\/investigacion-de-mercado-asia\/investigacion-de-mercado-en-singapur\/\"   title=\"Investigaci\u00f3n de mercado en Singapur\" data-wpil-keyword-link=\"linked\"  data-wpil-monitor-id=\"381\">Investigaci\u00f3n de mercado en Singapur<\/a>. Unlike other tactics for gathering data, these sessions can provide reliable outcomes at an affordable rate with maximum efficiency.<\/p>\n\n\n\n<p>Por \u00faltimo, los focus groups en Singapur ofrecen a las empresas una oportunidad inestimable de probar nuevas ideas y conceptos en un ambiente seguro. Al recopilar las opiniones de los consumidores singapurenses antes de introducir un producto o servicio, las empresas pueden tomar decisiones bien pensadas y minimizar las probabilidades de fracaso en el mercado de Singapur.<\/p>\n\n\n\n<h2 class=\"wp-block-heading\">Factores que las empresas deben considerar al realizar grupos focales en Singapur<\/h2>\n\n\n\n<p>Para garantizar el \u00e9xito de la investigaci\u00f3n de mercado, las empresas deben considerar varios elementos como:<\/p>\n\n\n\n<ul class=\"wp-block-list\">\n<li><strong>La mezcla de culturas en Singapur:<\/strong> Singapur es una mezcla de diferentes culturas y or\u00edgenes ling\u00fc\u00edsticos, como el malayo y el chino. Las empresas deben tener en cuenta las posibles limitaciones ling\u00fc\u00edsticas y las discrepancias culturales a la hora de buscar participantes para sus grupos de debate y formular sus preguntas.<\/li>\n\n\n\n<li><strong>Una muestra representativa de consumidores de Singapur:<\/strong> Para garantizar que los grupos focales reflejen con precisi\u00f3n a la poblaci\u00f3n de Singapur, las empresas deben utilizar un enfoque de contrataci\u00f3n espec\u00edfico que tenga en cuenta factores como la edad, el sexo, los ingresos y el nivel educativo.<\/li>\n\n\n\n<li><strong>Un moderador conocedor de la cultura de Singapur:<\/strong> La facilitaci\u00f3n es un componente esencial para el \u00e9xito de los grupos de discusi\u00f3n en Singapur. El facilitador debe crear un ambiente seguro y acogedor que permita a los participantes expresar sus opiniones sin temor a ser juzgados. Una persona calificada con las herramientas y la experiencia adecuadas puede garantizar que su reuni\u00f3n se desarrolle sin problemas y produzca resultados notables.<\/li>\n<\/ul>\n\n\n\n<h2 class=\"wp-block-heading\">Mejores pr\u00e1cticas para realizar grupos focales en Singapur<\/h2>\n\n\n\n<p>To ensure the success of research efforts and gain valuable insight into <a href=\"https:\/\/www.sisinternational.com\/es\/cobertura\/las-americas\/investigacion-de-mercado-en-el-caribe\/investigacion-de-mercado-guadalupe\/\" title=\"Investigaci\u00f3n de mercado en Guadalupe\"  data-wpil-monitor-id=\"6104\">Singapore&#8217;s<\/a> consumer market, businesses must adhere to a few key practices while conducting focus groups in the area. These include:<\/p>\n\n\n\n<ul class=\"wp-block-list\">\n<li>Aseg\u00farese de que las preguntas del grupo de discusi\u00f3n sean pertinentes desde el punto de vista cultural y accesibles para todos los participantes. Las empresas deben tener en cuenta las barreras ling\u00fc\u00edsticas al elaborar sus preguntas. A las personas que no hablen ingl\u00e9s se les debe proporcionar una traducci\u00f3n precisa de cada pregunta para garantizar una comunicaci\u00f3n exitosa.<\/li>\n\n\n\n<li>Para garantizar el \u00e9xito de una sesi\u00f3n de focus group, es esencial seleccionar el lugar adecuado. Cree un ambiente acogedor con mucho espacio para que todos los participantes puedan moverse y comunicarse. Adem\u00e1s, las empresas deben asegurarse de que el lugar seleccionado tenga un acceso conveniente al transporte p\u00fablico y a los dispositivos audiovisuales necesarios.<\/li>\n\n\n\n<li>La empresa consultora que realiza los grupos focales en Singapur debe estar familiarizada con el mercado y la cultura empresarial de Singapur para sacar las conclusiones adecuadas y ofrecer un plan de acci\u00f3n a los clientes.<\/li>\n<\/ul>\n\n\n\n<h2 class=\"wp-block-heading\">Desaf\u00edos de realizar grupos focales en Singapur<\/h2>\n\n\n\n<p>Para comprender mejor el mercado de consumo de Singapur, la recopilaci\u00f3n de opiniones mediante grupos de debate es un recurso inestimable. Sin embargo, durante estas sesiones pueden surgir diversos desaf\u00edos, entre ellos:<\/p>\n\n\n\n<ul class=\"wp-block-list\">\n<li>Singapur es una naci\u00f3n compleja y vibrante compuesta por diversas etnias, religiones e idiomas. Por lo tanto, cuando las empresas realizan sesiones de grupos focales para obtener retroalimentaci\u00f3n, es importante considerar los matices culturales entre ellas. Esto garantizar\u00e1 que todas las preguntas sean apropiadas para todas las personas.<\/li>\n\n\n\n<li>Con cuatro idiomas oficiales en Singapur, incluidos ingl\u00e9s, malayo, mandar\u00edn y tamil, las empresas deben asegurarse de que los facilitadores y participantes de sus grupos focales sean competentes en el mismo idioma para garantizar que no haya problemas de comunicaci\u00f3n.<\/li>\n\n\n\n<li>Conseguir participantes singapurenses puede resultar dif\u00edcil debido a que suelen estar ocupados con el trabajo y la familia. Para garantizar sesiones de grupos focales exitosas, las empresas deben incentivar a su mercado objetivo u ofrecer opciones de programaci\u00f3n m\u00e1s flexibles.<\/li>\n\n\n\n<li>Los grupos focales facilitan la realizaci\u00f3n <a href=\"https:\/\/www.linkedin.com\/pulse\/how-market-research-enables-growth-ruth-stanat-phekf\/\" target=\"_blank\" rel=\"noopener\"><span style=\"font-weight: 400;\">investigaci\u00f3n de mercado<\/span><\/a> En Singapur es m\u00e1s f\u00e1cil, aunque los gastos como el alquiler de un local y la compensaci\u00f3n a los participantes pueden acumularse r\u00e1pidamente.<\/li>\n<\/ul>\n\n\n\n<h2 class=\"wp-block-heading\">An\u00e1lisis FODA de los grupos de discusi\u00f3n en Singapur<\/h2>\n\n\n\n<p><\/p>\n\n\n\n<figure class=\"gb-block-image gb-block-image-2f07029c\"><img loading=\"lazy\" decoding=\"async\" width=\"1456\" height=\"816\" class=\"gb-image gb-image-2f07029c\" src=\"https:\/\/www.sisinternational.com\/wp-content\/uploads\/2025\/09\/Singapore-4.jpg\" alt=\"Investigaci\u00f3n y estrategia de mercado internacional de SIS\" title=\"Singapore (4)\" srcset=\"https:\/\/www.sisinternational.com\/wp-content\/uploads\/2025\/09\/Singapore-4.jpg 1456w, https:\/\/www.sisinternational.com\/wp-content\/uploads\/2025\/09\/Singapore-4-300x168.jpg 300w, https:\/\/www.sisinternational.com\/wp-content\/uploads\/2025\/09\/Singapore-4-1024x574.jpg 1024w, https:\/\/www.sisinternational.com\/wp-content\/uploads\/2025\/09\/Singapore-4-768x430.jpg 768w, https:\/\/www.sisinternational.com\/wp-content\/uploads\/2025\/09\/Singapore-4-18x10.jpg 18w\" sizes=\"auto, (max-width: 1456px) 100vw, 1456px\"><\/figure>\n\n\n\n<h3 class=\"wp-block-heading\"><strong>Fortalezas<\/strong><\/h3>\n\n\n\n<ul class=\"wp-block-list\">\n<li><strong>Comentarios directos de los consumidores<\/strong>:Los grupos focales brindan acceso directo a los pensamientos y opiniones de los consumidores, ofreciendo datos cualitativos valiosos que pueden orientar el desarrollo de productos y las estrategias de marketing.<\/li>\n\n\n\n<li><strong>Perspectivas detalladas<\/strong>:La naturaleza interactiva de los grupos focales permite a las empresas obtener una comprensi\u00f3n m\u00e1s profunda de las motivaciones y los comportamientos de los consumidores.<\/li>\n<\/ul>\n\n\n\n<h3 class=\"wp-block-heading\"><strong>Debilidades<\/strong><\/h3>\n\n\n\n<ul class=\"wp-block-list\">\n<li><strong>Tama\u00f1o de muestra limitado<\/strong>:Los grupos focales suelen involucrar a un n\u00famero peque\u00f1o de participantes, que puede no ser totalmente representativo de todo el mercado.<\/li>\n\n\n\n<li><strong>Posibilidad de sesgo<\/strong>:La din\u00e1mica de grupo a veces puede dar lugar a respuestas sesgadas, en las que los participantes dominantes influyen en las opiniones de los dem\u00e1s.<\/li>\n<\/ul>\n\n\n\n<h3 class=\"wp-block-heading\"><strong>Oportunidades<\/strong><\/h3>\n\n\n\n<ul class=\"wp-block-list\">\n<li><strong>Desarrollo de productos<\/strong>:Los grupos focales ofrecen informaci\u00f3n que puede utilizarse para perfeccionar productos existentes o desarrollar otros nuevos que satisfagan las necesidades de los consumidores.<\/li>\n\n\n\n<li><strong>Segmentaci\u00f3n de mercado<\/strong>Al realizar grupos focales con diferentes grupos demogr\u00e1ficos, las empresas pueden obtener informaci\u00f3n sobre segmentos de mercado espec\u00edficos y adaptar sus ofertas en consecuencia.<\/li>\n<\/ul>\n\n\n\n<h3 class=\"wp-block-heading\"><strong>Amenazas<\/strong><\/h3>\n\n\n\n<ul class=\"wp-block-list\">\n<li><strong>Altos precios<\/strong>Realizar grupos focales puede ser costoso, en particular si se tiene en cuenta el alquiler del lugar, los incentivos para los participantes y los honorarios de los moderadores.<\/li>\n\n\n\n<li><strong>Cambios r\u00e1pidos del mercado<\/strong>:Las preferencias de los consumidores pueden cambiar r\u00e1pidamente, lo que requiere que las empresas realicen grupos de discusi\u00f3n peri\u00f3dicamente para mantenerse actualizadas.<\/li>\n<\/ul>\n\n\n\n<h2 class=\"wp-block-heading\">Perspectivas de futuro de los grupos de discusi\u00f3n en Singapur<\/h2>\n\n\n\n<p>A medida que el mercado de consumo de Singapur contin\u00faa exigiendo a las empresas que comprendan sus necesidades y preferencias, los focus groups en Singapur tienen un futuro brillante por delante. Sin embargo, las organizaciones deben ser conscientes de los posibles obst\u00e1culos, as\u00ed como de las perspectivas beneficiosas que acompa\u00f1ar\u00e1n este desarrollo.<\/p>\n\n\n\n<p>Businesses must embrace the challenge of transforming Singaporean society by modifying their <a class=\"wpil_keyword_link\" href=\"https:\/\/www.sisinternational.com\/es\/soluciones\/investigacion-de-mercado-de-grupo-focal\/\" title=\"Investigaci\u00f3n de mercado con grupos focales\" data-wpil-keyword-link=\"linked\" data-wpil-monitor-id=\"382\">focus group recruitment<\/a> and inquiry structuring to guarantee all participants can comfortably express their views. Companies should also consider accessing more people with innovative technologies such as online focus groups or mobile-based surveys, allowing them to reach beyond the limits of traditional methods.<\/p>\n\n\n\n<p>Asimismo, las empresas pueden aprovechar los avances en tecnolog\u00eda y herramientas de an\u00e1lisis de datos para reforzar la eficiencia de las sesiones de grupos focales celebradas en Singapur. Por ejemplo, el an\u00e1lisis de sentimientos basado en IA se puede aprovechar para evaluar las conversaciones que tienen lugar durante un grupo focal y descubrir temas o tendencias clave; La realidad virtual tambi\u00e9n es beneficiosa ya que permite crear experiencias inmersivas que reflejan escenarios de la vida real.<\/p>\n\n\n\n<h2 class=\"wp-block-heading\">C\u00f3mo los grupos de discusi\u00f3n de SIS International en Singapur ayudan a las empresas<\/h2>\n\n\n\n<p><a href=\"https:\/\/www.linkedin.com\/company\/sisinternationalresearch\/\" target=\"_blank\" rel=\"noopener\"><span style=\"font-weight: 400;\">SIS Internacional<\/span><\/a> ofrece soluciones de grupos de discusi\u00f3n personalizados que ayudan a las empresas a tener \u00e9xito en el mercado competitivo de Singapur. Aprovechando nuestra experiencia, ayudamos a las empresas a tomar decisiones informadas e identificar oportunidades de crecimiento.<\/p>\n\n\n\n<ol start=\"1\" class=\"wp-block-list\">\n<li><strong>Experiencia en el mercado local<\/strong>Ofrecemos a las empresas informaci\u00f3n valiosa sobre la din\u00e1mica \u00fanica del mercado de Singapur, ayud\u00e1ndolas a comprender el comportamiento y las preferencias de los consumidores.<\/li>\n\n\n\n<li><strong>Soluciones de investigaci\u00f3n a medida<\/strong>: Nuestro <a href=\"https:\/\/www.sisinternational.com\/es\/focus-group-services-in-ny\/\" title=\"Focus Group Services in NY\" data-wpil-monitor-id=\"1300\">focus group services<\/a> are customized to meet the specific needs of each client, ensuring that the insights provided are relevant and actionable.<\/li>\n\n\n\n<li><strong>Moderaci\u00f3n experta<\/strong>:Nuestros moderadores experimentados facilitan eficazmente los debates, garantizando que todos los participantes tengan la oportunidad de compartir sus puntos de vista, lo que da como resultado conocimientos m\u00e1s enriquecedores.<\/li>\n\n\n\n<li><strong>Sensibilidad cultural<\/strong>:Entendemos los matices culturales de Singapur y nos aseguramos de que nuestros grupos focales se lleven a cabo con sensibilidad cultural, permitiendo a los participantes compartir abiertamente.<\/li>\n\n\n\n<li><strong>Informaci\u00f3n detallada del consumidor<\/strong>Nuestros grupos focales brindan informaci\u00f3n detallada sobre las motivaciones y los comportamientos de los consumidores, lo que permite a las empresas crear productos y campa\u00f1as de marketing espec\u00edficos.<\/li>\n\n\n\n<li><strong>Recomendaciones pr\u00e1cticas<\/strong>:M\u00e1s all\u00e1 de la recopilaci\u00f3n de datos, ofrecemos recomendaciones pr\u00e1cticas que ayudan a las empresas a perfeccionar sus estrategias y alcanzar sus objetivos en el mercado de Singapur.<\/li>\n\n\n\n<li><strong>An\u00e1lisis exhaustivo<\/strong>Ofrecemos un an\u00e1lisis exhaustivo de los datos de los grupos focales, identificando temas y tendencias clave que proporcionan una comprensi\u00f3n m\u00e1s profunda de las necesidades de los consumidores.<\/li>\n<\/ol>\n\n\n\n<h2 class=\"wp-block-heading\">Acerca de SIS Internacional<\/h2>\n\n\n\n<p><a href=\"https:\/\/www.sisinternational.com\/es\/\"><span style=\"font-weight: 400;\">SIS Internacional<\/span><\/a><span style=\"font-weight: 400;\"> ofrece investigaci\u00f3n cuantitativa, cualitativa y estrat\u00e9gica. Proporcionamos datos, herramientas, estrategias, informes y conocimientos para la toma de decisiones. Tambi\u00e9n realizamos entrevistas, encuestas, grupos focales y otros m\u00e9todos y enfoques de investigaci\u00f3n de mercado.<\/span><a href=\"https:\/\/www.sisinternational.com\/es\/sobre-la-investigacion-internacional-de-sis\/contact-sis-international-market-research\/\"><span style=\"font-weight: 400;\"> P\u00f3ngase en contacto con nosotros<\/span><\/a><span style=\"font-weight: 400;\"> para su pr\u00f3ximo proyecto de Investigaci\u00f3n de Mercado.<\/span><\/p>","protected":false},"excerpt":{"rendered":"<p>Singapur alberga una variedad de mercados de consumo sofisticados y un bullicioso centro global de negocios y comercio.<\/p>","protected":false},"author":1,"featured_media":65611,"parent":14508,"menu_order":83,"comment_status":"closed","ping_status":"closed","template":"","meta":{"footnotes":""},"class_list":["post-41828","page","type-page","status-publish","has-post-thumbnail"],"_links":{"self":[{"href":"https:\/\/www.sisinternational.com\/es\/wp-json\/wp\/v2\/pages\/41828","targetHints":{"allow":["GET"]}}],"collection":[{"href":"https:\/\/www.sisinternational.com\/es\/wp-json\/wp\/v2\/pages"}],"about":[{"href":"https:\/\/www.sisinternational.com\/es\/wp-json\/wp\/v2\/types\/page"}],"author":[{"embeddable":true,"href":"https:\/\/www.sisinternational.com\/es\/wp-json\/wp\/v2\/users\/1"}],"replies":[{"embeddable":true,"href":"https:\/\/www.sisinternational.com\/es\/wp-json\/wp\/v2\/comments?post=41828"}],"version-history":[{"count":7,"href":"https:\/\/www.sisinternational.com\/es\/wp-json\/wp\/v2\/pages\/41828\/revisions"}],"predecessor-version":[{"id":79728,"href":"https:\/\/www.sisinternational.com\/es\/wp-json\/wp\/v2\/pages\/41828\/revisions\/79728"}],"up":[{"embeddable":true,"href":"https:\/\/www.sisinternational.com\/es\/wp-json\/wp\/v2\/pages\/14508"}],"wp:featuredmedia":[{"embeddable":true,"href":"https:\/\/www.sisinternational.com\/es\/wp-json\/wp\/v2\/media\/65611"}],"wp:attachment":[{"href":"https:\/\/www.sisinternational.com\/es\/wp-json\/wp\/v2\/media?parent=41828"}],"curies":[{"name":"wp","href":"https:\/\/api.w.org\/{rel}","templated":true}]}}