{"id":41813,"date":"2023-03-16T16:03:44","date_gmt":"2023-03-16T20:03:44","guid":{"rendered":"https:\/\/www.sisinternational.com\/?page_id=41813"},"modified":"2026-01-24T21:18:10","modified_gmt":"2026-01-25T02:18:10","slug":"que-es-el-equipo-de-perforacion-y-extraccion","status":"publish","type":"page","link":"https:\/\/www.sisinternational.com\/es\/pericia\/que-es-el-equipo-de-perforacion-y-extraccion\/","title":{"rendered":"Investigaci\u00f3n de mercado de equipos de perforaci\u00f3n y extracci\u00f3n"},"content":{"rendered":"<h1 class=\"wp-block-heading\">Investigaci\u00f3n de mercado de equipos de perforaci\u00f3n y extracci\u00f3n<\/h1>\n\n\n\n<figure class=\"gb-block-image gb-block-image-61d75828\"><img loading=\"lazy\" decoding=\"async\" width=\"1456\" height=\"816\" class=\"gb-image gb-image-61d75828\" src=\"https:\/\/www.sisinternational.com\/wp-content\/uploads\/2025\/08\/Drilling-and-Extraction-1.jpg\" alt=\"Investigaci\u00f3n y estrategia de mercado internacional de SIS\" title=\"Drilling and Extraction (1)\" srcset=\"https:\/\/www.sisinternational.com\/wp-content\/uploads\/2025\/08\/Drilling-and-Extraction-1.jpg 1456w, https:\/\/www.sisinternational.com\/wp-content\/uploads\/2025\/08\/Drilling-and-Extraction-1-300x168.jpg 300w, https:\/\/www.sisinternational.com\/wp-content\/uploads\/2025\/08\/Drilling-and-Extraction-1-1024x574.jpg 1024w, https:\/\/www.sisinternational.com\/wp-content\/uploads\/2025\/08\/Drilling-and-Extraction-1-768x430.jpg 768w, https:\/\/www.sisinternational.com\/wp-content\/uploads\/2025\/08\/Drilling-and-Extraction-1-18x10.jpg 18w\" sizes=\"auto, (max-width: 1456px) 100vw, 1456px\"><\/figure>\n\n\n\n<p><\/p>\n\n\n\n<p>Los equipos de perforaci\u00f3n y extracci\u00f3n son maquinaria utilizada para extraer recursos naturales. Por ejemplo, las empresas utilizan este equipo para extraer petr\u00f3leo, gas y minerales de la tierra. Tambi\u00e9n lo utilizan en la industria de la construcci\u00f3n.<\/p>\n\n\n\n<h3 class=\"wp-block-heading\">Existen varios tipos de equipos de perforaci\u00f3n y extracci\u00f3n, entre ellos:<\/h3>\n\n\n\n<ul class=\"wp-block-list\">\n<li>Plataformas de perforaci\u00f3n: estas m\u00e1quinas perforan agujeros para explorar o extraer petr\u00f3leo, gas o minerales. Existen varios tipos de plataformas de perforaci\u00f3n, como terrestres, marinas y m\u00f3viles.<\/li>\n\n\n\n<li>Bombeadores: Son m\u00e1quinas utilizadas para extraer petr\u00f3leo de los pozos. Consisten en un motor que acciona una serie de varillas unidas a una bomba en el fondo del pozo. La bomba mueve fluido a la superficie a medida que las varillas se mueven hacia arriba y hacia abajo.<br>Las excavadoras son m\u00e1quinas pesadas que excavan y retiran grandes cantidades de tierra o roca. Son comunes en la miner\u00eda y la construcci\u00f3n.<\/li>\n\n\n\n<li>Cargadores: Estas m\u00e1quinas mueven materiales de un lugar a otro. Tambi\u00e9n son comunes en la miner\u00eda y la construcci\u00f3n.<\/li>\n\n\n\n<li>Trituradoras: Estas m\u00e1quinas rompen rocas grandes en otras m\u00e1s peque\u00f1as. Las trituradoras facilitan su manipulaci\u00f3n y transporte.<\/li>\n\n\n\n<li>Pumps: These machines move fluids such as water, oil, and gas. They are common in the <a href=\"https:\/\/www.sisinternational.com\/es\/pericia\/industrias\/investigacion-de-mercado-de-petroleo-y-gas\/\" title=\"Investigaci\u00f3n de mercado de petr\u00f3leo y gas\"  data-wpil-monitor-id=\"8201\">oil and gas<\/a> industry to move liquids from the well to the surface.<\/li>\n\n\n\n<li>Compresores: Estas m\u00e1quinas aumentan la presi\u00f3n del aire o del gas natural. La industria del petr\u00f3leo y el gas los utiliza para transportar gas desde el pozo hasta la planta de procesamiento.<\/li>\n<\/ul>\n\n\n\n<h2 class=\"wp-block-heading\">\u00bfPor qu\u00e9 son importantes los equipos de perforaci\u00f3n y extracci\u00f3n?<\/h2>\n\n\n\n<h3 class=\"wp-block-heading\">Los equipos de perforaci\u00f3n y extracci\u00f3n son esenciales por varias razones.<\/h3>\n\n\n\n<p>Primero, brinda a las empresas acceso a recursos naturales enterrados en la tierra. Estos recursos son fundamentales para impulsar las econom\u00edas modernas. Tambi\u00e9n son vitales para satisfacer las demandas de diversas industrias.<\/p>\n\n\n\n<p>Adem\u00e1s, la extracci\u00f3n de recursos naturales genera importantes beneficios econ\u00f3micos. Por ejemplo, crea empleos y aumenta los ingresos fiscales. Tambi\u00e9n promueve el desarrollo de industrias de apoyo. El equipo utilizado en este proceso garantiza una extracci\u00f3n eficiente y rentable. De esta manera maximiza los beneficios econ\u00f3micos.<\/p>\n\n\n\n<p>Otro punto clave es que los equipos de perforaci\u00f3n y extracci\u00f3n son fundamentales para mantener la seguridad energ\u00e9tica. Muchos pa\u00edses buscan reducir su dependencia del petr\u00f3leo y el gas extranjeros. Por ello, contar con el equipamiento necesario para extraer recursos internos es fundamental.<\/p>\n\n\n\n<p>Al menos, ha habido muchos avances en equipos de perforaci\u00f3n y extracci\u00f3n. Los m\u00e9todos de extracci\u00f3n se han vuelto m\u00e1s eficientes y respetuosos con el medio ambiente, lo que ha ayudado a reducir el impacto de la extracci\u00f3n de recursos en el medio ambiente. Adem\u00e1s, las t\u00e9cnicas mejoradas permiten a las empresas acceder a recursos de dif\u00edcil acceso. Algunos de estos recursos habr\u00edan sido demasiado dif\u00edciles o costosos de extraer en el pasado.<\/p>\n\n\n\n<h2 class=\"wp-block-heading\">T\u00edtulos de trabajo clave<\/h2>\n\n\n\n<figure class=\"gb-block-image gb-block-image-b1138752\"><img loading=\"lazy\" decoding=\"async\" width=\"1456\" height=\"816\" class=\"gb-image gb-image-b1138752\" src=\"https:\/\/www.sisinternational.com\/wp-content\/uploads\/2025\/08\/Drilling-and-Extraction-2.jpg\" alt=\"Investigaci\u00f3n y estrategia de mercado internacional de SIS\" title=\"Drilling and Extraction (2)\" srcset=\"https:\/\/www.sisinternational.com\/wp-content\/uploads\/2025\/08\/Drilling-and-Extraction-2.jpg 1456w, https:\/\/www.sisinternational.com\/wp-content\/uploads\/2025\/08\/Drilling-and-Extraction-2-300x168.jpg 300w, https:\/\/www.sisinternational.com\/wp-content\/uploads\/2025\/08\/Drilling-and-Extraction-2-1024x574.jpg 1024w, https:\/\/www.sisinternational.com\/wp-content\/uploads\/2025\/08\/Drilling-and-Extraction-2-768x430.jpg 768w, https:\/\/www.sisinternational.com\/wp-content\/uploads\/2025\/08\/Drilling-and-Extraction-2-18x10.jpg 18w\" sizes=\"auto, (max-width: 1456px) 100vw, 1456px\"><\/figure>\n\n\n\n<p><\/p>\n\n\n\n<h3 class=\"wp-block-heading\">A continuaci\u00f3n se muestran algunos t\u00edtulos de trabajo clave relacionados con equipos de perforaci\u00f3n y extracci\u00f3n:<\/h3>\n\n\n\n<ol class=\"wp-block-list\">\n<li><strong>Ingeniero en perforaci\u00f3n.<\/strong> Dise\u00f1a, planifica y supervisa las operaciones de perforaci\u00f3n para la exploraci\u00f3n y producci\u00f3n de petr\u00f3leo, gas y minerales.<\/li>\n\n\n\n<li><strong>Gerente de Plataforma:<\/strong> Supervisa el funcionamiento de las plataformas de perforaci\u00f3n. El trabajo incluye el mantenimiento de equipos. Tambi\u00e9n prev\u00e9 la supervisi\u00f3n del equipo de perforaci\u00f3n.<\/li>\n\n\n\n<li><strong>Ingeniero petrolero.<\/strong> Dise\u00f1a y desarrolla t\u00e9cnicas para la extracci\u00f3n de petr\u00f3leo y gas de yacimientos subterr\u00e1neos. Trabajan para mejorar la eficiencia y rentabilidad de las operaciones de extracci\u00f3n.<\/li>\n\n\n\n<li><strong>Ge\u00f3logo:<\/strong> Estudia las propiedades f\u00edsicas y los procesos de la tierra. El ge\u00f3logo tambi\u00e9n identifica posibles dep\u00f3sitos de petr\u00f3leo, gas y minerales. Trabajan para determinar la ubicaci\u00f3n, el tama\u00f1o y la calidad de estos recursos.<\/li>\n\n\n\n<li><strong>Ingeniero de produccion.<\/strong> Dise\u00f1a y opera sistemas para la producci\u00f3n de petr\u00f3leo, gas y minerales. Este ingeniero tambi\u00e9n dise\u00f1a y opera equipos utilizados en procesamiento y transporte.<\/li>\n\n\n\n<li><strong>Gerente de Operaciones:<\/strong> Supervisa las operaciones diarias de los sitios de extracci\u00f3n de petr\u00f3leo, gas y minerales. Otro deber de este profesional es garantizar que el sitio cumpla con los objetivos de producci\u00f3n. Tambi\u00e9n se aseguran de que todo el equipo y el personal sean seguros y eficientes.<\/li>\n\n\n\n<li><strong>Ingeniero ambiental.<\/strong> Garantiza que las operaciones de perforaci\u00f3n y extracci\u00f3n sigan las normas ambientales. Desarrolla estrategias para mitigar el impacto ambiental de estas operaciones.<\/li>\n\n\n\n<li><strong>T\u00e9cnico de Mantenimiento:<\/strong> Realiza mantenimiento y reparaciones de rutina en equipos de perforaci\u00f3n y extracci\u00f3n. Garantiza que est\u00e9 funcionando de forma segura y eficiente.<\/li>\n\n\n\n<li><strong>Ingeniero de seguridad:<\/strong> Desarrolla e implementa procedimientos de seguridad. Este profesional garantiza que los sitios de perforaci\u00f3n y extracci\u00f3n sean seguros para todo el personal.<\/li>\n<\/ol>\n\n\n\n<h2 class=\"wp-block-heading\">Factores clave de \u00e9xito en la investigaci\u00f3n de mercado de equipos de perforaci\u00f3n y extracci\u00f3n<\/h2>\n\n\n\n<figure class=\"gb-block-image gb-block-image-c77fc030\"><img loading=\"lazy\" decoding=\"async\" width=\"1456\" height=\"816\" class=\"gb-image gb-image-c77fc030\" src=\"https:\/\/www.sisinternational.com\/wp-content\/uploads\/2025\/08\/Drilling-and-Extraction-4.jpg\" alt=\"Investigaci\u00f3n y estrategia de mercado internacional de SIS\" title=\"Drilling and Extraction (4)\" srcset=\"https:\/\/www.sisinternational.com\/wp-content\/uploads\/2025\/08\/Drilling-and-Extraction-4.jpg 1456w, https:\/\/www.sisinternational.com\/wp-content\/uploads\/2025\/08\/Drilling-and-Extraction-4-300x168.jpg 300w, https:\/\/www.sisinternational.com\/wp-content\/uploads\/2025\/08\/Drilling-and-Extraction-4-1024x574.jpg 1024w, https:\/\/www.sisinternational.com\/wp-content\/uploads\/2025\/08\/Drilling-and-Extraction-4-768x430.jpg 768w, https:\/\/www.sisinternational.com\/wp-content\/uploads\/2025\/08\/Drilling-and-Extraction-4-18x10.jpg 18w\" sizes=\"auto, (max-width: 1456px) 100vw, 1456px\"><\/figure>\n\n\n\n<p><\/p>\n\n\n\n<p>El conocimiento y la experiencia del personal que opera el equipo son cruciales. Permite operaciones exitosas de perforaci\u00f3n y extracci\u00f3n. La mejor pr\u00e1ctica es contratar trabajadores experimentados y calificados. Su empresa tambi\u00e9n debe brindarles capacitaci\u00f3n continua para garantizar el funcionamiento seguro y eficiente del equipo.<\/p>\n\n\n\n<p>El mantenimiento regular de los equipos de perforaci\u00f3n y extracci\u00f3n es fundamental para evitar el tiempo de inactividad. Tambi\u00e9n maximiza la vida \u00fatil del equipo. El mantenimiento incluye revisiones de rutina, reparaciones y reemplazos de piezas desgastadas. Este mantenimiento es para garantizar que el equipo est\u00e9 siempre en \u00f3ptimas condiciones de funcionamiento.<\/p>\n\n\n\n<p>Garantizar la seguridad del personal es un factor cr\u00edtico de \u00e9xito. El estricto cumplimiento de los protocolos de seguridad es crucial. Tambi\u00e9n lo es el uso de equipo de protecci\u00f3n adecuado. La formaci\u00f3n continua en seguridad tambi\u00e9n es esencial para prevenir accidentes y lesiones.<\/p>\n\n\n\n<p>Cumplir con la normativa medioambiental es fundamental. El impacto de las operaciones de perforaci\u00f3n y extracci\u00f3n sobre el medio ambiente debe ser m\u00ednimo. Ayuda a las empresas a mantener una imagen p\u00fablica positiva. Tambi\u00e9n evita posibles consecuencias legales y financieras.<\/p>\n\n\n\n<p>Adopting new <a href=\"https:\/\/www.sisinternational.com\/es\/soluciones\/innovacion-tecnologica\/\" title=\"SIS Technology &amp; Innovation Solutions\"  data-wpil-monitor-id=\"8196\">technologies and innovative solutions<\/a> can increase efficiency. It also reduces costs in drilling and extraction operations. Thus, continuous <a href=\"https:\/\/www.sisinternational.com\/es\/pericia\/industrias\/investigacion-de-mercado-de-desarrollo-de-codigo-bajo\/\" title=\"Investigaci\u00f3n de mercado de desarrollo de c\u00f3digo bajo\"  data-wpil-monitor-id=\"8203\">research and development<\/a> are essential in this field.<\/p>\n\n\n\n<p>La colaboraci\u00f3n entre diferentes equipos es esencial para el \u00e9xito de las operaciones de perforaci\u00f3n y extracci\u00f3n. Por ejemplo, los ingenieros, ge\u00f3logos y operadores de equipos deben poder trabajar juntos. La comunicaci\u00f3n efectiva y el trabajo en equipo pueden ayudar. Garantiza operaciones coordinadas, eficientes y efectivas.<\/p>\n\n\n\n<h2 class=\"wp-block-heading\">Acerca de la investigaci\u00f3n de mercado de equipos de perforaci\u00f3n y extracci\u00f3n<\/h2>\n\n\n\n<p>Qualitative and <a href=\"https:\/\/www.sisinternational.com\/es\/top-5-benefits-of-conducting-quantitative-market-research\/\" title=\"Top 5 Benefits of Conducting Quantitative Market Research\"  data-wpil-monitor-id=\"8195\">Investigaci\u00f3n de mercado cuantitativa<\/a> is vital. They should be core components of your Drilling and&nbsp;Extraction Equipment business. It will help you find and <a href=\"https:\/\/www.sisinternational.com\/es\/soluciones\/soluciones-de-branding-e-investigacion-de-clientes\/narracion-de-historias-investigacion-de-mercado\/\" title=\"Investigaci\u00f3n de mercado de narraci\u00f3n de historias\"  data-wpil-monitor-id=\"8199\">tell a compelling story<\/a> from vast data. It also lets you see what\u2019s most meaningful in your data to be efficient and strategic in acting upon it.<\/p>\n\n\n\n<p>SIS International provides all the insights you <a href=\"https:\/\/www.sisinternational.com\/es\/analysis-b2b\/\" title=\"What Business Leaders Need to Know Right Now\"  data-wpil-monitor-id=\"8205\">need to take your business<\/a> forward. We offer UX Market Research, <a href=\"https:\/\/www.sisinternational.com\/es\/el-papel-del-desarrollo-de-procesos-y-sistemas-en-el-exito-organizacional\/\" title=\"Investigaci\u00f3n de Mercado de Dise\u00f1o Organizacional\"  data-wpil-monitor-id=\"8194\">Estrategia de Investigaci\u00f3n de Mercado<\/a>, and Competitive Analysis. We also do <a href=\"https:\/\/www.sisinternational.com\/es\/pericia\/industrias\/investigacion-de-mercado-de-nanoparticulas\/\" title=\"Investigaci\u00f3n de mercado de nanopart\u00edculas\"  data-wpil-monitor-id=\"3326\">Investigaci\u00f3n de entrada al mercado<\/a>, Market Opportunity Research, and Market Sizing Research. Focus Groups, Surveys, and Interviews are other services <a href=\"https:\/\/www.sisinternational.com\/es\/pascua-de-resurreccion-y-el-inevitable-conejito-de-chocolate\/\" title=\"Investigaci\u00f3n de mercado de Pascua\"  data-wpil-monitor-id=\"8197\">SIS<\/a> offers to help you with your Go to Market Strategy. Contact us today!<\/p>","protected":false},"excerpt":{"rendered":"<p>Los equipos de perforaci\u00f3n y extracci\u00f3n son maquinaria que se utiliza para extraer recursos naturales como petr\u00f3leo, gas y minerales de la tierra.<\/p>","protected":false},"author":1,"featured_media":64789,"parent":14514,"menu_order":205,"comment_status":"closed","ping_status":"closed","template":"","meta":{"footnotes":""},"class_list":["post-41813","page","type-page","status-publish","has-post-thumbnail"],"_links":{"self":[{"href":"https:\/\/www.sisinternational.com\/es\/wp-json\/wp\/v2\/pages\/41813","targetHints":{"allow":["GET"]}}],"collection":[{"href":"https:\/\/www.sisinternational.com\/es\/wp-json\/wp\/v2\/pages"}],"about":[{"href":"https:\/\/www.sisinternational.com\/es\/wp-json\/wp\/v2\/types\/page"}],"author":[{"embeddable":true,"href":"https:\/\/www.sisinternational.com\/es\/wp-json\/wp\/v2\/users\/1"}],"replies":[{"embeddable":true,"href":"https:\/\/www.sisinternational.com\/es\/wp-json\/wp\/v2\/comments?post=41813"}],"version-history":[{"count":5,"href":"https:\/\/www.sisinternational.com\/es\/wp-json\/wp\/v2\/pages\/41813\/revisions"}],"predecessor-version":[{"id":81378,"href":"https:\/\/www.sisinternational.com\/es\/wp-json\/wp\/v2\/pages\/41813\/revisions\/81378"}],"up":[{"embeddable":true,"href":"https:\/\/www.sisinternational.com\/es\/wp-json\/wp\/v2\/pages\/14514"}],"wp:featuredmedia":[{"embeddable":true,"href":"https:\/\/www.sisinternational.com\/es\/wp-json\/wp\/v2\/media\/64789"}],"wp:attachment":[{"href":"https:\/\/www.sisinternational.com\/es\/wp-json\/wp\/v2\/media?parent=41813"}],"curies":[{"name":"wp","href":"https:\/\/api.w.org\/{rel}","templated":true}]}}