{"id":41809,"date":"2023-03-16T15:30:24","date_gmt":"2023-03-16T19:30:24","guid":{"rendered":"https:\/\/www.sisinternational.com\/?page_id=41809"},"modified":"2026-01-24T21:18:11","modified_gmt":"2026-01-25T02:18:11","slug":"investigacion-de-mercado-de-conservantes-desinfectantes","status":"publish","type":"page","link":"https:\/\/www.sisinternational.com\/es\/pericia\/investigacion-de-mercado-de-conservantes-desinfectantes\/","title":{"rendered":"Investigaci\u00f3n de mercado de desinfectantes y conservantes"},"content":{"rendered":"<h1>Investigaci\u00f3n de mercado de desinfectantes y conservantes<\/h1>\n<p><img loading=\"lazy\" decoding=\"async\" class=\"aligncenter size-full wp-image-41810\" src=\"https:\/\/www.sisinternational.com\/wp-content\/uploads\/2023\/03\/Disinfectants-and-Preservatives-Market-Research.jpg\" alt=\"Investigaci\u00f3n de Mercado de Desinfectantes y Conservantes\" width=\"1140\" height=\"760\" \/><\/p>\n<p>Los desinfectantes y conservantes son productos qu\u00edmicos utilizados en diversas industrias. Previenen el crecimiento y la propagaci\u00f3n de microorganismos da\u00f1inos. Los desinfectantes matan o eliminan bacterias, virus y otros pat\u00f3genos de las superficies. Los conservantes contienen el crecimiento de microorganismos en alimentos, cosm\u00e9ticos y otros productos.<\/p>\n<p>Researchers expect growth in the global <a href=\"https:\/\/www.sisinternational.com\/es\/cobertura\/las-americas\/investigacion-de-mercado-en-el-caribe\/investigacion-de-mercado-antigua-barbuda\/\" title=\"Investigaci\u00f3n de mercado en Antigua y Barbuda\"  data-wpil-monitor-id=\"3787\">disinfectants and preservatives<\/a> market. These products have shown increasing demand. This demand is particularly evident in healthcare, food processing, and other industries. The COVID-19 pandemic has also led to a surge in demand for disinfectants and sanitizers. The pandemic has further boosted market growth.<\/p>\n<p>BASF SE, Lonza Group Ltd. y Clariant AG son actores importantes en esta industria. Tambi\u00e9n lo son DowDuPont Inc. y Ashland Global Holdings. Estas empresas ofrecen una amplia gama de desinfectantes y productos conservantes. Est\u00e1n constantemente innovando para satisfacer las cambiantes demandas del mercado.<\/p>\n<p>\u00bfQu\u00e9 impulsar\u00e1 el crecimiento del mercado en los pr\u00f3ximos a\u00f1os? Factores como la creciente concienciaci\u00f3n sobre higiene y saneamiento y el crecimiento demogr\u00e1fico. La creciente demanda de alimentos y bebidas envasados tambi\u00e9n tendr\u00e1 un impacto positivo en el crecimiento del mercado.<\/p>\n<p>Sin embargo, el mercado tambi\u00e9n enfrenta desaf\u00edos. Por ejemplo, est\u00e1 el desarrollo de microorganismos resistentes a los medicamentos. Otro desaf\u00edo es la creciente preocupaci\u00f3n por la seguridad. La gente ha estado cuestionando el impacto ambiental de ciertos desinfectantes y conservantes.<\/p>\n<p>A pesar de estos desaf\u00edos, es probable que el mercado de desinfectantes y conservantes siga creciendo en los pr\u00f3ximos a\u00f1os. La demanda de estos productos est\u00e1 aumentando en diversas industrias.<\/p>\n<h2>\u00bfPor qu\u00e9 son importantes los desinfectantes y conservantes?<\/h2>\n<p>Los desinfectantes y conservantes son esenciales por varias razones. Por un lado, ofrecen protecci\u00f3n contra microorganismos da\u00f1inos. Por otro lado, ayudan a proteger contra la propagaci\u00f3n de enfermedades y dolencias infecciosas.<br \/>\nLos conservantes prolongan la vida \u00fatil de productos como alimentos y cosm\u00e9ticos. Ayudan a reducir el desperdicio y ahorrar dinero.<\/p>\n<p>Los desinfectantes y conservantes mantienen la calidad de los productos. Previenen la contaminaci\u00f3n y el deterioro, lo que ayuda a garantizar que los productos cumplan con los requisitos reglamentarios y las expectativas de los consumidores.<\/p>\n<p>Uno de los efectos de la contaminaci\u00f3n de los productos son importantes p\u00e9rdidas econ\u00f3micas para las empresas. Dado que los desinfectantes y conservantes ayudan a prevenir la contaminaci\u00f3n y el deterioro, tambi\u00e9n ayudan a reducir las p\u00e9rdidas econ\u00f3micas.<\/p>\n<p>Los trabajadores sanitarios utilizan desinfectantes en hospitales y cl\u00ednicas. Tambi\u00e9n los utilizan en otros centros sanitarios para prevenir la propagaci\u00f3n de infecciones. Tambi\u00e9n se utilizan en hogares y espacios p\u00fablicos para mantener la limpieza y la higiene.<\/p>\n<h2>T\u00edtulos de trabajo clave<\/h2>\n<p>Los t\u00edtulos de trabajo clave en la industria de desinfectantes y conservantes pueden variar. Depende del campo, la industria y la empresa espec\u00edficos. Sin embargo, algunos t\u00edtulos de trabajo est\u00e1ndar en esta industria pueden incluir:<\/p>\n<ol>\n<li><strong>Qu\u00edmico de Investigaci\u00f3n y Desarrollo (I+D).<\/strong> Desarrollar y probar nuevos desinfectantes y conservantes. Mejorar los productos existentes para satisfacer las demandas del mercado.<\/li>\n<li><strong>Gerente de Control de Calidad (QC).<\/strong> Garantizar la calidad de los desinfectantes y conservantes. Verificar los procesos de producci\u00f3n y realizar pruebas e inspecciones. Adem\u00e1s, establezca medidas de garant\u00eda de calidad.<\/li>\n<li><strong>Jefe de producci\u00f3n.<\/strong> Supervisar la producci\u00f3n de desinfectantes y conservantes y gestionar los programas de producci\u00f3n. Adem\u00e1s, garantizar la eficiencia de los procesos productivos.<\/li>\n<li><strong>Gerente de ventas.<\/strong> Desarrollar estrategias de ventas y gestionar equipos de ventas. Adem\u00e1s, promocionar desinfectantes y conservantes entre clientes potenciales.<\/li>\n<li><strong>Especialista de Asuntos Regulatorios.<\/strong> Garantizar el cumplimiento de los requisitos reglamentarios, como las regulaciones de la EPA y la FDA. Revisar y preparar documentos de registro y env\u00edo de productos.<\/li>\n<li><strong>Responsable de Seguridad y Salud Ambiental (MSA).<\/strong> Desarrollar y establecer protocolos de seguridad. Velar por el cumplimiento de las normas de seguridad y medioambientales.<\/li>\n<li><strong>Gerente de Mercadeo.<\/strong> Desarrollar planes y campa\u00f1as de marketing y promover desinfectantes y conservantes en los mercados objetivo.<\/li>\n<li><strong>Especialista de Soporte T\u00e9cnico.<\/strong> Brinde soporte t\u00e9cnico, ayude a los clientes y equipos de ventas, y solucione problemas t\u00e9cnicos relacionados con desinfectantes y conservantes.<\/li>\n<li><strong>Gerente de compras.<\/strong> Gestionar la cadena de suministro y log\u00edstica de desinfectantes y conservantes. Adquisici\u00f3n de materias primas, gesti\u00f3n de inventario y coordinaci\u00f3n de distribuci\u00f3n.<\/li>\n<li><strong>Ingeniero de embalaje.<\/strong> Desarrollar y dise\u00f1ar soluciones de envasado para desinfectantes y conservantes. Aseg\u00farese de que sean seguros, eficaces y cumplan con los requisitos reglamentarios.<\/li>\n<\/ol>\n<h2>Por qu\u00e9 las empresas necesitan desinfectantes y conservantes<\/h2>\n<p>Las empresas necesitan desinfectantes y conservantes por varias razones. Muchas industrias est\u00e1n sujetas a regulaciones y est\u00e1ndares. A menudo, estas reglas exigen desinfectantes y conservantes. \u00bfPor qu\u00e9? Porque estas sustancias garantizan la seguridad y la calidad de los productos. Por ejemplo, la industria de alimentos y bebidas exige el uso de conservantes. Las razones son simples. Los conservantes previenen el crecimiento de microorganismos da\u00f1inos. Tambi\u00e9n prolongan la vida \u00fatil de los productos.<\/p>\n<p>Los desinfectantes y conservantes protegen la salud p\u00fablica. Previenen la propagaci\u00f3n de enfermedades y dolencias infecciosas, lo cual es especialmente importante en los centros sanitarios. Adem\u00e1s, estas instalaciones utilizan desinfectantes para prevenir la propagaci\u00f3n de infecciones. Ayudan a mantener seguros a los pacientes y trabajadores de la salud.<\/p>\n<p>Los conservantes prolongan la vida \u00fatil de productos como cosm\u00e9ticos, productos farmac\u00e9uticos y alimentos. Adem\u00e1s, ayudan a preservar la calidad del producto y evitar su deterioro, algo esencial para las empresas. Ayuda a reducir el desperdicio y mejorar la satisfacci\u00f3n del cliente.<\/p>\n<p>El uso de desinfectantes y conservantes puede ayudar a las empresas a ahorrar costes. Reducen la necesidad de limpieza y desinfecci\u00f3n frecuentes.<\/p>\n<p>El uso de desinfectantes y conservantes puede ayudar a mejorar la reputaci\u00f3n de la marca de una empresa. Demuestra un compromiso con la seguridad, la calidad y la higiene.<\/p>\n<h2>Factores claves del \u00e9xito<\/h2>\n<p>Uno de los factores cr\u00edticos de \u00e9xito en la industria de desinfectantes y conservantes es la calidad del producto. Determina su eficacia para matar o eliminar microorganismos da\u00f1inos y prevenir el deterioro.<\/p>\n<p>La investigaci\u00f3n y el desarrollo continuos de nuevos desinfectantes y conservantes es otro factor de \u00e9xito. Las mejoras a los productos existentes son esenciales para satisfacer las demandas del mercado. Tambi\u00e9n ayuda a las empresas a mantenerse por delante de sus competidores.<\/p>\n<p>El cumplimiento de los requisitos reglamentarios, como las regulaciones de la EPA y la FDA, es crucial. Garantiza la seguridad y eficacia de desinfectantes y conservantes. Tambi\u00e9n ayuda a las empresas a evitar sanciones regulatorias.<br \/>\nLa gesti\u00f3n eficaz de la cadena de suministro es esencial. Las empresas deben obtener materias primas, gestionar el inventario y coordinar la distribuci\u00f3n. Estas acciones aseguran la entrega oportuna y eficiente de desinfectantes y conservantes.<\/p>\n<p>Las estrategias eficaces de marketing y marca pueden aumentar la visibilidad del producto y promover el reconocimiento de la marca. Conduce a un aumento de las ventas y de la cuota de mercado.<\/p>\n<p>Proporcionar un excelente servicio al cliente y soporte t\u00e9cnico es fundamental. Puede ayudar a generar lealtad y satisfacci\u00f3n. Tambi\u00e9n genera negocios repetidos y recomendaciones positivas de boca en boca.<\/p>\n<p>El uso de ingredientes y materiales de embalaje sostenibles se est\u00e1 volviendo crucial. \u00bfPor qu\u00e9? Porque los consumidores son cada vez m\u00e1s conscientes del medio ambiente.<\/p>\n<h2>Acerca de la investigaci\u00f3n de mercado de desinfectantes y conservantes<\/h2>\n<p>Focus Groups, Surveys, and Interviews have significant value. So do Qualitative, and Quantitative Market Research reports. At SIS International, you can access all this. We also provide <a href=\"https:\/\/www.sisinternational.com\/es\/cobertura\/las-americas\/investigacion-de-mercado-en-el-caribe\/investigacion-de-mercado-san-cristobal-y-nieves\/\" title=\"Investigaci\u00f3n de mercado en San Crist\u00f3bal y Nieves\"  data-wpil-monitor-id=\"3291\">Investigaci\u00f3n de entrada al mercado<\/a>, Competitive Analysis, and UX Market Research. We help you to keep abreast of changing trends and investigate new markets.<\/p>\n<p>If you\u2019ve discovered a great business idea, test it against what\u2019s already on the market. For this, you may need <a href=\"https:\/\/www.sisinternational.com\/es\/pericia\/industrias\/investigacion-de-mercado-de-nanoparticulas\/\" title=\"Investigaci\u00f3n de mercado de nanopart\u00edculas\"  data-wpil-monitor-id=\"3328\">Investigaci\u00f3n de oportunidades de mercado<\/a>, Market Sizing Research, and Strategy Market Research. Contact us today! We will help with you Go to Market Strategy.<\/p>","protected":false},"excerpt":{"rendered":"<p>El mercado mundial de desinfectantes y conservantes ha crecido efectivamente en la atenci\u00f3n m\u00e9dica, el procesamiento de alimentos y otras industrias.<\/p>","protected":false},"author":1,"featured_media":0,"parent":14514,"menu_order":204,"comment_status":"closed","ping_status":"closed","template":"","meta":{"footnotes":""},"class_list":["post-41809","page","type-page","status-publish"],"_links":{"self":[{"href":"https:\/\/www.sisinternational.com\/es\/wp-json\/wp\/v2\/pages\/41809","targetHints":{"allow":["GET"]}}],"collection":[{"href":"https:\/\/www.sisinternational.com\/es\/wp-json\/wp\/v2\/pages"}],"about":[{"href":"https:\/\/www.sisinternational.com\/es\/wp-json\/wp\/v2\/types\/page"}],"author":[{"embeddable":true,"href":"https:\/\/www.sisinternational.com\/es\/wp-json\/wp\/v2\/users\/1"}],"replies":[{"embeddable":true,"href":"https:\/\/www.sisinternational.com\/es\/wp-json\/wp\/v2\/comments?post=41809"}],"version-history":[{"count":4,"href":"https:\/\/www.sisinternational.com\/es\/wp-json\/wp\/v2\/pages\/41809\/revisions"}],"predecessor-version":[{"id":77975,"href":"https:\/\/www.sisinternational.com\/es\/wp-json\/wp\/v2\/pages\/41809\/revisions\/77975"}],"up":[{"embeddable":true,"href":"https:\/\/www.sisinternational.com\/es\/wp-json\/wp\/v2\/pages\/14514"}],"wp:attachment":[{"href":"https:\/\/www.sisinternational.com\/es\/wp-json\/wp\/v2\/media?parent=41809"}],"curies":[{"name":"wp","href":"https:\/\/api.w.org\/{rel}","templated":true}]}}