{"id":41805,"date":"2023-03-16T13:27:25","date_gmt":"2023-03-16T17:27:25","guid":{"rendered":"https:\/\/www.sisinternational.com\/?page_id=41805"},"modified":"2026-03-12T13:31:54","modified_gmt":"2026-03-12T17:31:54","slug":"estudio-de-mercado-de-postres","status":"publish","type":"page","link":"https:\/\/www.sisinternational.com\/es\/soluciones\/investigacion-de-mercado-de-la-industria-de-alimentos-y-bebidas\/estudio-de-mercado-de-postres\/","title":{"rendered":"Investigaci\u00f3n de mercado de postres"},"content":{"rendered":"<h1 class=\"wp-block-heading\">Investigaci\u00f3n de mercado de postres<\/h1>\n\n\n\n<figure class=\"gb-block-image gb-block-image-c729c457\"><img loading=\"lazy\" decoding=\"async\" width=\"1456\" height=\"816\" class=\"gb-image gb-image-c729c457\" src=\"https:\/\/www.sisinternational.com\/wp-content\/uploads\/2025\/08\/Dessert-4.jpg\" alt=\"Investigaci\u00f3n y estrategia de mercado internacional de SIS\" title=\"Dessert (4)\" srcset=\"https:\/\/www.sisinternational.com\/wp-content\/uploads\/2025\/08\/Dessert-4.jpg 1456w, https:\/\/www.sisinternational.com\/wp-content\/uploads\/2025\/08\/Dessert-4-300x168.jpg 300w, https:\/\/www.sisinternational.com\/wp-content\/uploads\/2025\/08\/Dessert-4-1024x574.jpg 1024w, https:\/\/www.sisinternational.com\/wp-content\/uploads\/2025\/08\/Dessert-4-768x430.jpg 768w, https:\/\/www.sisinternational.com\/wp-content\/uploads\/2025\/08\/Dessert-4-18x10.jpg 18w\" sizes=\"auto, (max-width: 1456px) 100vw, 1456px\"><\/figure>\n\n\n\n<p><\/p>\n\n\n\n<p>La investigaci\u00f3n de mercado de postres proporciona informaci\u00f3n sobre diversos procesos comerciales y sectores vitales para producir y distribuir productos y servicios en dicha industria. El mercado de Postres, al ser parte de la industria alimentaria, tiene una previsi\u00f3n optimista a largo plazo porque es un tipo de alimento que casi todo el mundo disfruta y al que le cuesta decir que no.<\/p>\n\n\n\n<p>The dessert market is very competitive, and with competition comes obstacles that include already well-established dessert products as well as new discoveries, all vying for consumers&#8217; attention. Dessert market research provides insights for businesses with customized and&nbsp;data-driven&nbsp;information on the different aspects of the&nbsp;dessert industry. This is to assist them in gaining a deeper understanding of <a href=\"https:\/\/www.sisinternational.com\/es\/publicaciones\/comportamiento-del-comprador-despues-del-coronavirus-nuevo-consumidor\/\" title=\"Comportamiento del comprador despu\u00e9s del coronavirus \u2013 Investigaci\u00f3n de mercado del consumidor\"  data-wpil-monitor-id=\"10010\">consumers and market<\/a> trends in order to&nbsp;remain&nbsp;creative, thrive despite competition, and grow&nbsp;their brands.<\/p>\n\n\n\n<p>Typically, dessert food sector is divided by product category, sales channel, and local marker. The <a class=\"wpil_keyword_link\" href=\"https:\/\/www.sisinternational.com\/es\/pericia\/industrias\/investigacion-de-mercado-lacteo\/\"   title=\"Investigaci\u00f3n de mercado l\u00e1cteo\" data-wpil-keyword-link=\"linked\"  data-wpil-monitor-id=\"385\">investigaci\u00f3n de mercado l\u00e1cteo<\/a> includes essential data and projections on market size and value for the industry&#8217;s major segments.<\/p>\n\n\n\n<h2 class=\"wp-block-heading\">\u00bfQu\u00e9 son los postres?<\/h2>\n\n\n\n<figure class=\"gb-block-image gb-block-image-46116073\"><img loading=\"lazy\" decoding=\"async\" width=\"1456\" height=\"816\" class=\"gb-image gb-image-46116073\" src=\"https:\/\/www.sisinternational.com\/wp-content\/uploads\/2025\/08\/Dessert-2.jpg\" alt=\"Investigaci\u00f3n y estrategia de mercado internacional de SIS\" title=\"Dessert (2)\" srcset=\"https:\/\/www.sisinternational.com\/wp-content\/uploads\/2025\/08\/Dessert-2.jpg 1456w, https:\/\/www.sisinternational.com\/wp-content\/uploads\/2025\/08\/Dessert-2-300x168.jpg 300w, https:\/\/www.sisinternational.com\/wp-content\/uploads\/2025\/08\/Dessert-2-1024x574.jpg 1024w, https:\/\/www.sisinternational.com\/wp-content\/uploads\/2025\/08\/Dessert-2-768x430.jpg 768w, https:\/\/www.sisinternational.com\/wp-content\/uploads\/2025\/08\/Dessert-2-18x10.jpg 18w\" sizes=\"auto, (max-width: 1456px) 100vw, 1456px\"><\/figure>\n\n\n\n<p><\/p>\n\n\n\n<p>Normalmente, los postres se sirven como \u00faltimo plato de una comida. Sin embargo, a nivel mundial, los postres son alimentos o bebidas que tienen principalmente un sabor dulce y constan de diferentes variaciones de texturas y apariencias.<\/p>\n\n\n\n<p>Numerosas culturas tienen distintas variedades de postres. Hoy en d\u00eda, los distintos tipos de postres se han transmitido de generaci\u00f3n en generaci\u00f3n o se han derivado de lugares espec\u00edficos. Este es un factor que contribuye a la variedad de postres.<\/p>\n\n\n\n<h3 class=\"wp-block-heading\">A continuaci\u00f3n se muestran algunos de los postres m\u00e1s populares:<\/h3>\n\n\n\n<ul class=\"wp-block-list\">\n<li>Tortas<\/li>\n\n\n\n<li>Pasteles<\/li>\n\n\n\n<li>tartas<\/li>\n\n\n\n<li>Confecci\u00f3n<\/li>\n\n\n\n<li>Natillas y Budines<\/li>\n\n\n\n<li>Postres fritos<\/li>\n\n\n\n<li>postres helados<\/li>\n\n\n\n<li>Gelatina<\/li>\n\n\n\n<li>frutas<\/li>\n\n\n\n<li>Bebidas como batidos de frutas, vinos dulces y c\u00f3cteles cremosos.<\/li>\n<\/ul>\n\n\n\n<p>Adem\u00e1s de satisfacer nuestros antojos dulces, los postres pueden aportar beneficios para la salud. Elementos esenciales como vitaminas, minerales y antioxidantes se encuentran en los diversos ingredientes utilizados en la elaboraci\u00f3n de postres y son vitales para la salud en general. Adem\u00e1s, muchos dulces tienen un alto contenido en fibra, lo que nos ayuda a sentirnos llenos durante largos periodos de tiempo. Debido a su contenido natural de az\u00facar, los postres tambi\u00e9n son fant\u00e1sticos estimulantes de energ\u00eda.<\/p>\n\n\n\n<p>Adem\u00e1s de los beneficios para la salud de los dulces, disfrutarlos tambi\u00e9n puede ayudar a disminuir el estr\u00e9s y la ansiedad. Los postres pueden provocar buenas emociones como felicidad y satisfacci\u00f3n, elevando el car\u00e1cter. Disfrutar del postre tambi\u00e9n puede ser una ocasi\u00f3n de relajaci\u00f3n y placer.<\/p>\n\n\n\n<h2 class=\"wp-block-heading\">Metodolog\u00edas de investigaci\u00f3n de mercado de postres<\/h2>\n\n\n\n<p>La investigaci\u00f3n de mercado proporciona informaci\u00f3n sobre diversas tendencias de marketing, pron\u00f3sticos y problemas en la industria de los postres. Existen varias fuentes primarias para recopilar datos y estrategias en la industria de los postres. Estos m\u00e9todos incluyen lo siguiente:<\/p>\n\n\n\n<h2 class=\"wp-block-heading\">Estudio de investigaci\u00f3n de p\u00fablico objetivo<\/h2>\n\n\n\n<p>La investigaci\u00f3n en profundidad de los clientes investiga la influencia de factores sociales, econ\u00f3micos, culturales y psicol\u00f3gicos en las actitudes y decisiones de compra. La combinaci\u00f3n de investigaci\u00f3n primaria exclusiva y datos distribuidos produce una evaluaci\u00f3n precisa y distinta. Los m\u00e9todos incluyen:<\/p>\n\n\n\n<ul class=\"wp-block-list\">\n<li>Utilizar preguntas de investigaci\u00f3n primarias para entrevistas, encuestas y sondeos en l\u00ednea para la recopilaci\u00f3n y el an\u00e1lisis de datos.<\/li>\n\n\n\n<li>Utilizando muestras de encuestados categorizados por g\u00e9nero, edad, ingresos del hogar y \u00e1rea.<\/li>\n\n\n\n<li>El uso de audiencias espec\u00edficas o paneles de especialistas para recopilar respuestas de grupos demogr\u00e1ficos a los que es dif\u00edcil llegar.<\/li>\n\n\n\n<li>Collecting data and strategies from other reputable consumer <a href=\"https:\/\/www.sisinternational.com\/es\/pericia\/curriculums-de-experiencia\/curriculum-de-experiencia-en-la-industria-automotriz\/\" title=\"Empresa de investigaci\u00f3n de mercado de la industria automotriz\"  data-wpil-monitor-id=\"10006\">research companies in the dessert industry<\/a>.<\/li>\n<\/ul>\n\n\n\n<h3 class=\"wp-block-heading\">Investigaci\u00f3n de mercado de postres sobre la competencia<\/h3>\n\n\n\n<figure class=\"gb-block-image gb-block-image-7575fdcf\"><img loading=\"lazy\" decoding=\"async\" width=\"1456\" height=\"816\" class=\"gb-image gb-image-7575fdcf\" src=\"https:\/\/www.sisinternational.com\/wp-content\/uploads\/2025\/08\/Dessert-5.jpg\" alt=\"Investigaci\u00f3n y estrategia de mercado internacional de SIS\" title=\"Dessert (5)\" srcset=\"https:\/\/www.sisinternational.com\/wp-content\/uploads\/2025\/08\/Dessert-5.jpg 1456w, https:\/\/www.sisinternational.com\/wp-content\/uploads\/2025\/08\/Dessert-5-300x168.jpg 300w, https:\/\/www.sisinternational.com\/wp-content\/uploads\/2025\/08\/Dessert-5-1024x574.jpg 1024w, https:\/\/www.sisinternational.com\/wp-content\/uploads\/2025\/08\/Dessert-5-768x430.jpg 768w, https:\/\/www.sisinternational.com\/wp-content\/uploads\/2025\/08\/Dessert-5-18x10.jpg 18w\" sizes=\"auto, (max-width: 1456px) 100vw, 1456px\"><\/figure>\n\n\n\n<p><\/p>\n\n\n\n<p>Trade <a href=\"https:\/\/www.sisinternational.com\/es\/pericia\/industrias\/investigacion-de-mercado-de-nanoparticulas\/\" title=\"Investigaci\u00f3n de mercado de nanopart\u00edculas\"  data-wpil-monitor-id=\"3329\">research for dessert market<\/a> entails engaging essential companies in the sector to collect information about their operations and perspectives on strategic issues pertinent to the market being studied. This way, any end user of the market research report can address current operation and marketing issues. To assure precision, only seasoned industry representatives can analyze the collected data and strategies in the dessert industry.<\/p>\n\n\n\n<p>Para ciertos estudios, la investigaci\u00f3n comercial se lleva a cabo empleando investigadores con experiencia y conocimiento de la industria de los postres. Consiste en preguntas completas de entrevistas de mercado y citas directas de fuentes cre\u00edbles, que luego son analizadas por profesionales en la materia e incorporadas al informe. Esto proporciona excelentes ideas pr\u00e1cticas en diversas situaciones sobre los desaf\u00edos actuales y lo que sucede en el panorama empresarial. La investigaci\u00f3n de mercado proporciona informaci\u00f3n que contiene citas que transmiten perspectivas significativas sobre varios cuadros sobre los problemas actuales de la industria.<\/p>\n\n\n\n<h3 class=\"wp-block-heading\">Previsi\u00f3n de tendencias de marketing a partir de datos pasados y presentes<\/h3>\n\n\n\n<p>The power of historical information to predict the future <a href=\"https:\/\/www.sisinternational.com\/es\/cobertura\/las-americas\/cobertura-de-estados-unidos\/investigacion-de-mercado-del-estado-de-nueva-york\/\" title=\"Investigaci\u00f3n de mercado del estado de Nueva York\"  data-wpil-monitor-id=\"10011\">state of markets<\/a> is limited. Thus, rich qualitative inputs from industry experts regarding past and future events that may have an impact on the market play a vital role in our post-statistical modeling evaluation process. In addition, analyzing the past <a href=\"https:\/\/www.sisinternational.com\/es\/pericia\/industrias\/investigacion-de-mercado-de-asistente-de-enfermeria-virtual\/\" title=\"Investigaci\u00f3n de mercado de asistente de enfermer\u00eda virtual\"  data-wpil-monitor-id=\"10012\">market and the current year&#8217;s data assists<\/a> in determining the likelihood of various scenarios for estimating the market value of desserts over the following couple of years.<\/p>\n\n\n\n<p>El pron\u00f3stico estad\u00edstico de la investigaci\u00f3n de mercado de postres permite factores adicionales fuera de la capacidad del an\u00e1lisis de datos. Utilizando un riguroso proceso estad\u00edstico complementado con un profundo conocimiento y experiencia del mercado, los resultados pueden desempe\u00f1ar un papel crucial en la interpretaci\u00f3n de las tendencias que pueden impactar el futuro de la industria de los postres.<\/p>\n\n\n\n<h2 class=\"wp-block-heading\">Beneficios de la investigaci\u00f3n de mercado de postres<\/h2>\n\n\n\n<ul class=\"wp-block-list\">\n<li>Learn about significant <a href=\"https:\/\/www.sisinternational.com\/es\/future-trends-in-qualitative-market-research\/\" title=\"Future Trends in Qualitative Market Research\"  data-wpil-monitor-id=\"10007\">market trends that can impact the future<\/a> of doing business.<\/li>\n\n\n\n<li>Identificar riesgos y ventajas a la hora de lanzar nuevos productos o planificar campa\u00f1as de marketing.<\/li>\n\n\n\n<li>Contar con referencias s\u00f3lidas previas a tus decisiones de marketing, estrategia y planificaci\u00f3n.<\/li>\n\n\n\n<li>Construya instant\u00e1neamente inteligencia competitiva que pueda utilizar de inmediato<\/li>\n\n\n\n<li>La investigaci\u00f3n de mercado de postres proporciona informaci\u00f3n sobre diversos sectores comerciales para ayudar con la planificaci\u00f3n y las decisiones estrat\u00e9gicas.<\/li>\n\n\n\n<li>Gives you a greater comprehension of industry rivalry and the <a href=\"https:\/\/www.sisinternational.com\/es\/soluciones\/investigacion-de-consultoria-estrategica-fintech\/investigacion-de-mercado-de-financiacion-de-la-cadena-de-suministro\/\" title=\"Investigaci\u00f3n de mercado de financiaci\u00f3n de la cadena de suministro\"  data-wpil-monitor-id=\"10008\">supply chain<\/a> by allowing you to comprehend market dynamics.<\/li>\n\n\n\n<li>Analiza importantes par\u00e1metros operativos y de rendimiento para que pueda comparar su empresa con la suya, sus clientes y sus competidores.<\/li>\n<\/ul>\n\n\n\n<h2 class=\"wp-block-heading\">Acerca de la investigaci\u00f3n de mercado de postres<\/h2>\n\n\n\n<figure class=\"gb-block-image gb-block-image-530fa7e3\"><img loading=\"lazy\" decoding=\"async\" width=\"1456\" height=\"816\" class=\"gb-image gb-image-530fa7e3\" src=\"https:\/\/www.sisinternational.com\/wp-content\/uploads\/2025\/08\/Dessert-1.jpg\" alt=\"Investigaci\u00f3n y estrategia de mercado internacional de SIS\" title=\"Dessert (1)\" srcset=\"https:\/\/www.sisinternational.com\/wp-content\/uploads\/2025\/08\/Dessert-1.jpg 1456w, https:\/\/www.sisinternational.com\/wp-content\/uploads\/2025\/08\/Dessert-1-300x168.jpg 300w, https:\/\/www.sisinternational.com\/wp-content\/uploads\/2025\/08\/Dessert-1-1024x574.jpg 1024w, https:\/\/www.sisinternational.com\/wp-content\/uploads\/2025\/08\/Dessert-1-768x430.jpg 768w, https:\/\/www.sisinternational.com\/wp-content\/uploads\/2025\/08\/Dessert-1-18x10.jpg 18w\" sizes=\"auto, (max-width: 1456px) 100vw, 1456px\"><\/figure>\n\n\n\n<p><\/p>\n\n\n\n<p>Dessert Market Research delivers a comprehensive analysis of your market, including market drivers and segmentation, consumer attitudes and behaviors, a summary of brand activity and innovation, and market potential. Each study includes data and strategies in the dessert industry that categorizes <a href=\"https:\/\/www.sisinternational.com\/es\/soluciones\/investigacion-de-mercado-de-consumo\/\" title=\"Consumer Market Research Services for Smarter Business Decisions\"  data-wpil-monitor-id=\"10009\">consumer research by demographic and a business<\/a> summary that showcases the report&#8217;s primary findings.<\/p>\n\n\n\n<p>Dessert Market Research provides insights to clients, executive business personnel, and key industry experts into an objective, <a href=\"https:\/\/www.sisinternational.com\/es\/analisis-de-satisfaccion-del-cliente\/\" title=\"Ocho formas de aumentar la satisfacci\u00f3n del cliente en el comercio minorista\"  data-wpil-monitor-id=\"10005\">custom view of the consumer<\/a> market and a clear roadmap for navigating it. Each study combines original research, reliable market data, and expert analysis to provide you with the tools you need to expand your business.<\/p>","protected":false},"excerpt":{"rendered":"<p>El mercado de postres tiene una previsi\u00f3n optimista a largo plazo porque es el alimento que casi todo el mundo disfruta y al que tiene dificultades para decir que no.<\/p>","protected":false},"author":1,"featured_media":64770,"parent":22018,"menu_order":203,"comment_status":"closed","ping_status":"closed","template":"","meta":{"footnotes":""},"class_list":["post-41805","page","type-page","status-publish","has-post-thumbnail"],"_links":{"self":[{"href":"https:\/\/www.sisinternational.com\/es\/wp-json\/wp\/v2\/pages\/41805","targetHints":{"allow":["GET"]}}],"collection":[{"href":"https:\/\/www.sisinternational.com\/es\/wp-json\/wp\/v2\/pages"}],"about":[{"href":"https:\/\/www.sisinternational.com\/es\/wp-json\/wp\/v2\/types\/page"}],"author":[{"embeddable":true,"href":"https:\/\/www.sisinternational.com\/es\/wp-json\/wp\/v2\/users\/1"}],"replies":[{"embeddable":true,"href":"https:\/\/www.sisinternational.com\/es\/wp-json\/wp\/v2\/comments?post=41805"}],"version-history":[{"count":6,"href":"https:\/\/www.sisinternational.com\/es\/wp-json\/wp\/v2\/pages\/41805\/revisions"}],"predecessor-version":[{"id":81656,"href":"https:\/\/www.sisinternational.com\/es\/wp-json\/wp\/v2\/pages\/41805\/revisions\/81656"}],"up":[{"embeddable":true,"href":"https:\/\/www.sisinternational.com\/es\/wp-json\/wp\/v2\/pages\/22018"}],"wp:featuredmedia":[{"embeddable":true,"href":"https:\/\/www.sisinternational.com\/es\/wp-json\/wp\/v2\/media\/64770"}],"wp:attachment":[{"href":"https:\/\/www.sisinternational.com\/es\/wp-json\/wp\/v2\/media?parent=41805"}],"curies":[{"name":"wp","href":"https:\/\/api.w.org\/{rel}","templated":true}]}}