{"id":41801,"date":"2023-03-16T12:45:05","date_gmt":"2023-03-16T16:45:05","guid":{"rendered":"https:\/\/www.sisinternational.com\/?page_id=41801"},"modified":"2026-03-12T13:31:41","modified_gmt":"2026-03-12T17:31:41","slug":"investigacion-de-mercado-de-carne-basada-en-celulas-de-carne-cultivadas","status":"publish","type":"page","link":"https:\/\/www.sisinternational.com\/es\/soluciones\/investigacion-de-mercado-de-la-industria-de-alimentos-y-bebidas\/investigacion-de-mercado-de-carne-basada-en-celulas-de-carne-cultivadas\/","title":{"rendered":"Investigaci\u00f3n de mercado de carne cultivada (carne a base de c\u00e9lulas)"},"content":{"rendered":"<h1 class=\"wp-block-heading\">Investigaci\u00f3n de mercado de carne cultivada (carne a base de c\u00e9lulas)<\/h1>\n\n\n\n<figure class=\"gb-block-image gb-block-image-e3eef122\"><img loading=\"lazy\" decoding=\"async\" width=\"1456\" height=\"816\" class=\"gb-image gb-image-e3eef122\" src=\"https:\/\/www.sisinternational.com\/wp-content\/uploads\/2025\/10\/Meat-5.jpg\" alt=\"Investigaci\u00f3n y estrategia de mercado internacional de SIS\" title=\"Meat (5)\" srcset=\"https:\/\/www.sisinternational.com\/wp-content\/uploads\/2025\/10\/Meat-5.jpg 1456w, https:\/\/www.sisinternational.com\/wp-content\/uploads\/2025\/10\/Meat-5-300x168.jpg 300w, https:\/\/www.sisinternational.com\/wp-content\/uploads\/2025\/10\/Meat-5-1024x574.jpg 1024w, https:\/\/www.sisinternational.com\/wp-content\/uploads\/2025\/10\/Meat-5-768x430.jpg 768w, https:\/\/www.sisinternational.com\/wp-content\/uploads\/2025\/10\/Meat-5-18x10.jpg 18w\" sizes=\"auto, (max-width: 1456px) 100vw, 1456px\"><\/figure>\n\n\n\n<p><\/p>\n\n\n\n<p>La producci\u00f3n de carne ha estado en el punto de mira por sus cuestiones \u00e9ticas y su impacto medioambiental durante a\u00f1os. Se dedican acres de tierra a la cr\u00eda de ganado vacuno y ganadero, lo que puede afectar la producci\u00f3n agr\u00edcola y la fertilidad de la tierra.<\/p>\n\n\n\n<p>En consecuencia, el mercado introdujo la carne cultivada o a base de c\u00e9lulas para crear cambios e introducir nuevas mejoras en la industria c\u00e1rnica. Sin embargo, el mercado de carne cultivada recibi\u00f3 una reacci\u00f3n mixta por parte de los productores y consumidores de carne.<\/p>\n\n\n\n<p>Although with a rocky start, this market is <a href=\"https:\/\/www.sisinternational.com\/es\/what-to-expect-in-your-first-year-entering-a-new-market-5-essential-strategies\/\" title=\"What to Expect in Your First Year Entering a New Market: 5 Essential Strategies\"  data-wpil-monitor-id=\"10102\">expected<\/a> to grow in the coming years as it gathers more interest with the promise of producing meat and other proteins with minimal resources needed and lesser chances of getting foodborne illnesses.<\/p>\n\n\n\n<h2 class=\"wp-block-heading\">\u00bfQu\u00e9 es la carne cultivada?<\/h2>\n\n\n\n<p>La carne cultivada, tambi\u00e9n conocida como carne a base de c\u00e9lulas, se produce cultivando directamente c\u00e9lulas animales para producir carne animal real y otras prote\u00ednas. Las c\u00e9lulas utilizadas proceden de c\u00e9lulas madre animales, que luego se organizan de forma similar al tejido del animal.<\/p>\n\n\n\n<p>Esta disposici\u00f3n permite que la carne cultivada conserve la textura, el sabor y el valor nutricional de una prote\u00edna animal normal. Empresas y laboratorios recrean con \u00e9xito prote\u00ednas de diferentes animales, garantizando una selecci\u00f3n m\u00e1s amplia para el consumo p\u00fablico.<\/p>\n\n\n\n<h2 class=\"wp-block-heading\">Beneficios de la investigaci\u00f3n de mercado de carne cultivada<\/h2>\n\n\n\n<figure class=\"gb-block-image gb-block-image-c68a5439\"><img loading=\"lazy\" decoding=\"async\" width=\"1456\" height=\"816\" class=\"gb-image gb-image-c68a5439\" src=\"https:\/\/www.sisinternational.com\/wp-content\/uploads\/2025\/10\/Meat-1.jpg\" alt=\"Investigaci\u00f3n y estrategia de mercado internacional de SIS\" title=\"Meat (1)\" srcset=\"https:\/\/www.sisinternational.com\/wp-content\/uploads\/2025\/10\/Meat-1.jpg 1456w, https:\/\/www.sisinternational.com\/wp-content\/uploads\/2025\/10\/Meat-1-300x168.jpg 300w, https:\/\/www.sisinternational.com\/wp-content\/uploads\/2025\/10\/Meat-1-1024x574.jpg 1024w, https:\/\/www.sisinternational.com\/wp-content\/uploads\/2025\/10\/Meat-1-768x430.jpg 768w, https:\/\/www.sisinternational.com\/wp-content\/uploads\/2025\/10\/Meat-1-18x10.jpg 18w\" sizes=\"auto, (max-width: 1456px) 100vw, 1456px\"><\/figure>\n\n\n\n<p><\/p>\n\n\n\n<p>El mercado de carne cultivada cae dentro del \u00e1rea gris de la industria alimentaria, ya que la prote\u00edna cultivada en laboratorio es muy inusual. Aqu\u00ed es donde entra en juego la investigaci\u00f3n de mercado de carne cultivada para proporcionar datos e informaci\u00f3n perspicaces para que los inversores determinen la viabilidad del mercado.<\/p>\n\n\n\n<p>B\u00e1sicamente, beneficia a estos emprendedores ayud\u00e1ndolos a comprender c\u00f3mo funciona el Mercado de Carnes Cultivadas y c\u00f3mo puede adaptarse en cada lugar, teniendo en cuenta los consumidores, el medio ambiente y las pol\u00edticas impuestas. Para explicarlo mejor, aqu\u00ed hay un desglose de los beneficios que tiene una investigaci\u00f3n de mercado de carne cultivada:<\/p>\n\n\n\n<ul class=\"wp-block-list\">\n<li>Discover whether there is a demand in the area &#8211; Lab-grown protein is considered taboo in many countries. Having dedicated <a href=\"https:\/\/www.sisinternational.com\/es\/pericia\/industrias\/investigacion-de-mercado-de-pueblos-indigenas\/\" title=\"Investigaci\u00f3n de Mercado de Pueblos Ind\u00edgenas\"  data-wpil-monitor-id=\"10100\">research to establish whether people<\/a> are eager or opposed to Cultivated Meat can help investors determine if there is an actual demand.<\/li>\n\n\n\n<li>Pol\u00edticas gubernamentales que pueden intervenir o no con la introducci\u00f3n del Mercado de Carne Cultivada: la investigaci\u00f3n del Mercado de Carne Cultivada permite a los inversores tener una idea de las pol\u00edticas gubernamentales que pueden restringir o prohibir la producci\u00f3n y venta de carne a base de c\u00e9lulas dentro de sus respectivos territorios.<\/li>\n\n\n\n<li>Thorough understanding of Cultivated Meat and its market &#8211; Investors might be reluctant to enter the Cultivated Meat Market because it is an uncommon niche segment of the <a href=\"https:\/\/www.sisinternational.com\/es\/soluciones\/investigacion-de-mercado-de-la-industria-de-alimentos-y-bebidas\/\" title=\"Estudio de mercado de la industria alimentaria y de bebidas\"  data-wpil-monitor-id=\"10096\">food<\/a> industry. The <a href=\"https:\/\/www.sisinternational.com\/es\/pericia\/industrias\/director-de-informacion-cio-investigacion-de-mercado\/\" title=\"Director de Informaci\u00f3n (CIO) Investigaci\u00f3n de Mercado\"  data-wpil-monitor-id=\"10099\">research will help explain and clarify information<\/a> that investors might want to know.<\/li>\n\n\n\n<li>Determine the appropriate <a href=\"https:\/\/www.sisinternational.com\/es\/pericia\/industrias\/investigacion-de-mercado-de-condimentos\/\" title=\"Investigaci\u00f3n de mercado de condimentos\"  data-wpil-monitor-id=\"3333\">marketing strategies &#8211; The research<\/a> is instrumental in guiding entrepreneurs in targeting their audience and effective steps to reach out to them while mitigating any possible mistake.<\/li>\n\n\n\n<li><a href=\"https:\/\/www.sisinternational.com\/es\/soluciones\/investigacion-de-mercado-de-cheques-de-tienda\/\" title=\"Estudio de mercado de Store Check\"  data-wpil-monitor-id=\"2154\">Check the market competition &#8211; The research<\/a> helps determine the standing of each competitor in the market, which allows investors better position themselves.<\/li>\n<\/ul>\n\n\n\n<h2 class=\"wp-block-heading\">Tendencias y oportunidades en el mercado de carne cultivada<\/h2>\n\n\n\n<p>The landscape of the food industry keeps on changing with the introduction of new products, technology, and methodology. It influences the rise and fall of the key players, so it is essential for businesses to keep abreast of any development and <a href=\"https:\/\/www.sisinternational.com\/es\/pericia\/industrias\/investigacion-de-mercado-del-cambio-climatico\/\" title=\"Investigaci\u00f3n de mercado del cambio clim\u00e1tico\"  data-wpil-monitor-id=\"10098\">changes in the market<\/a>.<\/p>\n\n\n\n<ul class=\"wp-block-list\">\n<li>Se prev\u00e9 que el mercado de carne cultivada crezca a medida que las empresas y los laboratorios esperen producir comercialmente en masa prote\u00ednas a base de c\u00e9lulas.<\/li>\n\n\n\n<li>Singapur fue el primer pa\u00eds en aprobar la carne cultivada para la venta comercial, accesible al p\u00fablico para su compra. El primer restaurante que sirvi\u00f3 carne cultivada, el restaurante 1880, tambi\u00e9n se encuentra en Singapur. Se espera que otros restaurantes sigan el ejemplo con la integraci\u00f3n de prote\u00ednas de origen celular en su men\u00fa.<\/li>\n\n\n\n<li>La Administraci\u00f3n de Alimentos y Medicamentos (FDA) autoriz\u00f3 y aprob\u00f3 la carne cultivada para consumo humano, explicando que se elabora de forma segura en un entorno controlado. Se dec\u00eda que el cultivo de prote\u00ednas cultivadas en laboratorio era similar a la elaboraci\u00f3n de cerveza.<\/li>\n\n\n\n<li>Generalmente, las prote\u00ednas cultivadas en laboratorio son m\u00e1s saludables y seguras. Al estar formado por c\u00e9lulas madre, no tiene \u00f3rganos internos. Esto significa que la Carne Cultivada previene cualquier contaminaci\u00f3n cruzada, que a veces ocurre cuando se corta la carne. No se inyectan agentes de engorde ni hormonas de crecimiento, que son pr\u00e1cticas habituales en algunas explotaciones ganaderas y ganaderas.<\/li>\n\n\n\n<li>With FDA greenlighting the Cultivated Meat for human consumption, businesses are more keen to produce better, opening new career opportunities for talented scientists and contributors. Interestingly, it can also boost the demand for <a href=\"https:\/\/www.sisinternational.com\/es\/pericia\/industrias\/investigacion-de-mercado-del-chef-de-alimentos-y-bebidas\/\" title=\"Investigaci\u00f3n de mercado de chefs de alimentos y bebidas\"  data-wpil-monitor-id=\"10101\">food scientists and chefs<\/a> to find ways to mimic the taste, texture, and aroma of the actual animal protein.<\/li>\n\n\n\n<li>El Mercado de Carnes Cultivadas pretende abarcar la mayor cantidad posible de prote\u00ednas animales, incluidos los mariscos. Tambi\u00e9n pretende atender a la poblaci\u00f3n que no consume carne.<\/li>\n\n\n\n<li>La carne cultivada requiere menos energ\u00eda y recursos para producirse. En consecuencia, tambi\u00e9n significa que emite menos gases de efecto invernadero en comparaci\u00f3n con la carne tradicional, lo que la convierte en una forma m\u00e1s sostenible de recolectar prote\u00edna animal.<\/li>\n<\/ul>\n\n\n\n<h2 class=\"wp-block-heading\">Desaf\u00edos del mercado de carnes cultivadas<\/h2>\n\n\n\n<figure class=\"gb-block-image gb-block-image-381ce24f\"><img loading=\"lazy\" decoding=\"async\" width=\"1456\" height=\"816\" class=\"gb-image gb-image-381ce24f\" src=\"https:\/\/www.sisinternational.com\/wp-content\/uploads\/2025\/10\/Meat-3.jpg\" alt=\"Investigaci\u00f3n y estrategia de mercado internacional de SIS\" title=\"Meat (3)\" srcset=\"https:\/\/www.sisinternational.com\/wp-content\/uploads\/2025\/10\/Meat-3.jpg 1456w, https:\/\/www.sisinternational.com\/wp-content\/uploads\/2025\/10\/Meat-3-300x168.jpg 300w, https:\/\/www.sisinternational.com\/wp-content\/uploads\/2025\/10\/Meat-3-1024x574.jpg 1024w, https:\/\/www.sisinternational.com\/wp-content\/uploads\/2025\/10\/Meat-3-768x430.jpg 768w, https:\/\/www.sisinternational.com\/wp-content\/uploads\/2025\/10\/Meat-3-18x10.jpg 18w\" sizes=\"auto, (max-width: 1456px) 100vw, 1456px\"><\/figure>\n\n\n\n<p><\/p>\n\n\n\n<p>Despite all the <a href=\"https:\/\/www.sisinternational.com\/es\/soluciones\/consultoria-estrategica\/investigacion-de-oportunidades-de-mercado\/\" title=\"Investigaci\u00f3n de oportunidades de mercado\"  data-wpil-monitor-id=\"10097\">opportunities present in the market<\/a>, there are some challenges attached to it. Most of the issues often relate to the meat itself, raising questions about its authenticity as animal meat, its production, and the consequences of its availability to the public.<\/p>\n\n\n\n<p>Hence, the <a href=\"https:\/\/www.sisinternational.com\/es\/analisis-de-seguimiento-electoral-de-la-estrategia-de-marketing-en-las-elecciones\/\" title=\"Seguimiento electoral: an\u00e1lisis de la estrategia de marketing electoral\"  data-wpil-monitor-id=\"10103\">market is expected to face the following<\/a> challenges:<\/p>\n\n\n\n<ul class=\"wp-block-list\">\n<li>Precios no competitivos: La carne cultivada requiere cient\u00edficos y herramientas especializadas para producirla, lo que significa mayores costos de fabricaci\u00f3n. Pero se han presentado propuestas para reducir el costo de la carne a base de c\u00e9lulas. Una es reducir el factor de crecimiento y las prote\u00ednas recombinantes reemplaz\u00e1ndolos con alternativas de origen vegetal y hongos.<\/li>\n\n\n\n<li>Producci\u00f3n Lenta: A diferencia de la ganader\u00eda tradicional, la producci\u00f3n de Carne Cultivada incluye bioprocesos que requieren habilidades t\u00e9cnicas para completar la prote\u00edna animal. Este proceso hace que la producci\u00f3n de carne sea tediosa y no est\u00e9 disponible para la producci\u00f3n en masa. Algunos cient\u00edficos e inversores se unen para realizar estudios y experimentos para aumentar la capacidad de producci\u00f3n manteniendo la calidad de la Carne Cultivada.<\/li>\n\n\n\n<li>Obtenci\u00f3n de materia prima para cada prote\u00edna animal: Ninguna carne animal sabe igual, por lo que el desaf\u00edo es encontrar las materias primas adecuadas para incorporar a cada c\u00e9lula madre.<\/li>\n\n\n\n<li>La cr\u00edtica a la Carne Cultivada: Existen muchas opiniones sobre la existencia de la carne a base de c\u00e9lulas y su papel como sustituto o alternativa a la prote\u00edna animal. Algunos expresan una fuerte oposici\u00f3n a ello, alegando diferentes razones, desde que es antinatural y contrario a la naturaleza hasta la \u00e9tica cuestionable del uso de c\u00e9lulas madre para crear prote\u00ednas.<\/li>\n<\/ul>","protected":false},"excerpt":{"rendered":"<p>La carne cultivada (a base de c\u00e9lulas) se produce cultivando directamente c\u00e9lulas animales para producir carne animal real y otras prote\u00ednas.<\/p>","protected":false},"author":1,"featured_media":71674,"parent":22018,"menu_order":202,"comment_status":"closed","ping_status":"closed","template":"","meta":{"footnotes":""},"class_list":["post-41801","page","type-page","status-publish","has-post-thumbnail"],"_links":{"self":[{"href":"https:\/\/www.sisinternational.com\/es\/wp-json\/wp\/v2\/pages\/41801","targetHints":{"allow":["GET"]}}],"collection":[{"href":"https:\/\/www.sisinternational.com\/es\/wp-json\/wp\/v2\/pages"}],"about":[{"href":"https:\/\/www.sisinternational.com\/es\/wp-json\/wp\/v2\/types\/page"}],"author":[{"embeddable":true,"href":"https:\/\/www.sisinternational.com\/es\/wp-json\/wp\/v2\/users\/1"}],"replies":[{"embeddable":true,"href":"https:\/\/www.sisinternational.com\/es\/wp-json\/wp\/v2\/comments?post=41801"}],"version-history":[{"count":7,"href":"https:\/\/www.sisinternational.com\/es\/wp-json\/wp\/v2\/pages\/41801\/revisions"}],"predecessor-version":[{"id":81671,"href":"https:\/\/www.sisinternational.com\/es\/wp-json\/wp\/v2\/pages\/41801\/revisions\/81671"}],"up":[{"embeddable":true,"href":"https:\/\/www.sisinternational.com\/es\/wp-json\/wp\/v2\/pages\/22018"}],"wp:featuredmedia":[{"embeddable":true,"href":"https:\/\/www.sisinternational.com\/es\/wp-json\/wp\/v2\/media\/71674"}],"wp:attachment":[{"href":"https:\/\/www.sisinternational.com\/es\/wp-json\/wp\/v2\/media?parent=41801"}],"curies":[{"name":"wp","href":"https:\/\/api.w.org\/{rel}","templated":true}]}}