{"id":41797,"date":"2023-03-16T12:34:21","date_gmt":"2023-03-16T16:34:21","guid":{"rendered":"https:\/\/www.sisinternational.com\/?page_id=41797"},"modified":"2026-01-26T17:22:31","modified_gmt":"2026-01-26T22:22:31","slug":"investigacion-de-mercado-de-condimentos","status":"publish","type":"page","link":"https:\/\/www.sisinternational.com\/es\/pericia\/investigacion-de-mercado-de-condimentos\/","title":{"rendered":"Investigaci\u00f3n de mercado de condimentos"},"content":{"rendered":"<h1 class=\"wp-block-heading\">Investigaci\u00f3n de mercado de condimentos<\/h1>\n\n\n\n<figure class=\"gb-block-image gb-block-image-ae245be1\"><img loading=\"lazy\" decoding=\"async\" width=\"1456\" height=\"816\" class=\"gb-image gb-image-ae245be1\" src=\"https:\/\/www.sisinternational.com\/wp-content\/uploads\/2025\/08\/Saudi-Arabia-33-27.jpg\" alt=\"Investigaci\u00f3n y estrategia de mercado internacional de SIS\" title=\"Saudi Arabia 33 (27)\" srcset=\"https:\/\/www.sisinternational.com\/wp-content\/uploads\/2025\/08\/Saudi-Arabia-33-27.jpg 1456w, https:\/\/www.sisinternational.com\/wp-content\/uploads\/2025\/08\/Saudi-Arabia-33-27-300x168.jpg 300w, https:\/\/www.sisinternational.com\/wp-content\/uploads\/2025\/08\/Saudi-Arabia-33-27-1024x574.jpg 1024w, https:\/\/www.sisinternational.com\/wp-content\/uploads\/2025\/08\/Saudi-Arabia-33-27-768x430.jpg 768w, https:\/\/www.sisinternational.com\/wp-content\/uploads\/2025\/08\/Saudi-Arabia-33-27-18x10.jpg 18w\" sizes=\"auto, (max-width: 1456px) 100vw, 1456px\"><\/figure>\n\n\n\n<p><\/p>\n\n\n\n<p>La investigaci\u00f3n de mercado de condimentos examinar\u00e1 las tendencias y oportunidades actuales en la industria de los condimentos. La industria de los condimentos ha experimentado un crecimiento en los \u00faltimos a\u00f1os, impulsada por factores como el cambio en las preferencias de los consumidores, la creciente demanda de alimentos preparados y el auge de la industria de servicios de alimentos.<\/p>\n\n\n\n<p>Sin embargo, con los problemas de salud actuales en todo el mundo debido a los cambios pospand\u00e9micos y su impacto en la industria alimentaria, el mercado de los condimentos enfrenta algunos desaf\u00edos, incluidas interrupciones en la cadena de suministro y cambios en el comportamiento de los consumidores.<\/p>\n\n\n\n<p>Condiment Market Research provides insights into the current state of the condiment market, including market size, market segments, and market trends. Additionally, the <a href=\"https:\/\/www.sisinternational.com\/es\/soluciones\/investigacion-de-consumo-internacional\/\" title=\"Investigaci\u00f3n internacional sobre el consumo\"  data-wpil-monitor-id=\"10016\">research will examine consumer<\/a> preferences and behavior when it comes to condiments, including factors such as brand loyalty, ingredient preferences, and packaging choices.<\/p>\n\n\n\n<h2 class=\"wp-block-heading\">\u00bfQu\u00e9 son los condimentos?<\/h2>\n\n\n\n<p>Los condimentos son sustancias que se utilizan para realzar el sabor, la textura o la apariencia de los alimentos. Por lo general, se agregan a los alimentos antes o despu\u00e9s de cocinarlos y pueden ser salados o dulces. Los condimentos se usan com\u00fanmente para complementar o equilibrar el sabor de un plato, agregar humedad o proporcionar un contraste en la textura.<\/p>\n\n\n\n<h3 class=\"wp-block-heading\">Hay muchos tipos diferentes de condimentos y se pueden clasificar de varias formas. A continuaci\u00f3n se muestran algunas categor\u00edas comunes de condimentos:<\/h3>\n\n\n\n<ul class=\"wp-block-list\">\n<li>Las salsas son condimentos l\u00edquidos o semis\u00f3lidos que normalmente se vierten o se mezclan con los alimentos. Los ejemplos incluyen salsa de tomate, salsa de soja y salsa gravy.<\/li>\n\n\n\n<li>Las salsas son condimentos m\u00e1s espesos que se utilizan para mojar los alimentos. Los ejemplos incluyen salsa, hummus y guacamole.<\/li>\n\n\n\n<li>Las pastas para untar son condimentos que se aplican o roc\u00edan sobre pan o galletas saladas. Los ejemplos incluyen mantequilla, mantequilla de man\u00ed y mermelada.<\/li>\n\n\n\n<li>Los condimentos son condimentos que se utilizan para a\u00f1adir sabor a los alimentos. Los ejemplos incluyen sal, pimienta y hierbas.<br>Los encurtidos y condimentos son condimentos elaborados con frutas o verduras encurtidas. Los ejemplos incluyen encurtidos, chutneys y condimentos.<\/li>\n\n\n\n<li>Los aderezos son condimentos l\u00edquidos que se utilizan para dar sabor a las ensaladas. Los ejemplos incluyen aderezos para ensaladas, vinagretas y mayonesa.<\/li>\n<\/ul>\n\n\n\n<p>Los condimentos tambi\u00e9n se pueden clasificar por perfiles de sabor, como dulce, picante o salado. Adem\u00e1s, tambi\u00e9n se pueden distinguir seg\u00fan su origen cultural o regional, como los condimentos italianos, asi\u00e1ticos o mexicanos.<\/p>\n\n\n\n<h2 class=\"wp-block-heading\">\u00bfCu\u00e1les son los impulsores clave en la industria del mercado Condimento?<\/h2>\n\n\n\n<figure class=\"gb-block-image gb-block-image-c2a00e1e\"><img loading=\"lazy\" decoding=\"async\" width=\"1456\" height=\"816\" class=\"gb-image gb-image-c2a00e1e\" src=\"https:\/\/www.sisinternational.com\/wp-content\/uploads\/2025\/08\/Saudi-Arabia-33-28.jpg\" alt=\"Investigaci\u00f3n y estrategia de mercado internacional de SIS\" title=\"Saudi Arabia 33 (28)\" srcset=\"https:\/\/www.sisinternational.com\/wp-content\/uploads\/2025\/08\/Saudi-Arabia-33-28.jpg 1456w, https:\/\/www.sisinternational.com\/wp-content\/uploads\/2025\/08\/Saudi-Arabia-33-28-300x168.jpg 300w, https:\/\/www.sisinternational.com\/wp-content\/uploads\/2025\/08\/Saudi-Arabia-33-28-1024x574.jpg 1024w, https:\/\/www.sisinternational.com\/wp-content\/uploads\/2025\/08\/Saudi-Arabia-33-28-768x430.jpg 768w, https:\/\/www.sisinternational.com\/wp-content\/uploads\/2025\/08\/Saudi-Arabia-33-28-18x10.jpg 18w\" sizes=\"auto, (max-width: 1456px) 100vw, 1456px\"><\/figure>\n\n\n\n<p><\/p>\n\n\n\n<h3 class=\"wp-block-heading\">Hay varios factores clave que actualmente est\u00e1n influyendo en la industria del mercado de condimentos:<\/h3>\n\n\n\n<ul class=\"wp-block-list\">\n<li>Cambiando las preferencias de los consumidores. Los consumidores buscan condimentos m\u00e1s saludables, naturales y org\u00e1nicos que sean bajos en az\u00facar, grasa y sal. Tambi\u00e9n quieren una variedad de sabores y opciones para elegir, incluidos sabores \u00e9tnicos y regionales.<\/li>\n\n\n\n<li>Demanda de comodidad. Los consumidores llevan estilos de vida cada vez m\u00e1s ocupados, lo que ha provocado un aumento de la demanda de condimentos listos para usar que sean f\u00e1ciles de almacenar y utilizar.<\/li>\n\n\n\n<li>Growth in the Foodservice Industry. The growth of the <a class=\"wpil_keyword_link\" href=\"https:\/\/www.sisinternational.com\/es\/industria-de-servicios-de-alimentos\/\"   title=\"Enfoque de la industria de servicios alimentarios 2011\" data-wpil-keyword-link=\"linked\"  data-wpil-monitor-id=\"386\">industria de servicios de alimentos<\/a>, including fast food and casual dining restaurants, has increased the demand for condiments. Restaurants are looking for new and innovative condiment options to differentiate themselves and attract customers.<\/li>\n\n\n\n<li>Expansion of Retail Channels. Retail channels such as supermarkets, hypermarkets, and online platforms have expanded, providing <a href=\"https:\/\/www.sisinternational.com\/es\/soluciones\/soluciones-de-investigacion-cualitativa-cuantitativa\/enhancing-product-appeal-through-consumer-choice-modeling\/\" title=\"Consumer Choice Modeling\"  data-wpil-monitor-id=\"10021\">consumers with more choices<\/a> and convenience when it comes to purchasing condiments.<br>Creciente conciencia sobre la salud. Con el aumento de la conciencia sobre la salud, los consumidores buscan condimentos bajos en calor\u00edas y con beneficios nutricionales adicionales, como vitaminas y minerales.<\/li>\n\n\n\n<li>Urbanizaci\u00f3n creciente. A medida que la gente se muda a las ciudades en masa, ha aumentado la demanda de condimentos que puedan almacenarse y usarse f\u00e1cilmente en espacios m\u00e1s peque\u00f1os.<\/li>\n\n\n\n<li>Globalizaci\u00f3n creciente. A medida que el mundo se vuelve m\u00e1s conectado, existe una demanda creciente de sabores internacionales y regionales, lo que lleva a un aumento de la demanda de condimentos que satisfacen diferentes preferencias culturales y regionales.<\/li>\n<\/ul>\n\n\n\n<p>Estos impulsores clave est\u00e1n dando forma a la industria del mercado de los condimentos y es probable que sigan influy\u00e9ndola en los pr\u00f3ximos a\u00f1os.<\/p>\n\n\n\n<h2 class=\"wp-block-heading\">Metodolog\u00eda de la Investigaci\u00f3n de Mercado de Condimentos<\/h2>\n\n\n\n<p>En la investigaci\u00f3n de mercado de condimentos, se pueden utilizar varios m\u00e9todos para recopilar informaci\u00f3n y conocimientos sobre la industria, los consumidores y los competidores. A continuaci\u00f3n se muestran algunas t\u00e9cnicas est\u00e1ndar:<\/p>\n\n\n\n<ul class=\"wp-block-list\">\n<li>Se realizan encuestas para recopilar datos sobre las preferencias, actitudes y comportamientos de los consumidores relacionados con los condimentos.<\/li>\n\n\n\n<li><a href=\"https:\/\/www.sisinternational.com\/es\/soluciones\/empresa-de-investigacion-de-mercado-de-muestreo-de-encuestas-en-linea\/\" title=\"Empresa de estudios de mercado de muestreo de encuestas en l\u00ednea\"  data-wpil-monitor-id=\"10018\">Surveys can be completed online<\/a>, by phone, or in person.<\/li>\n\n\n\n<li>The creation of <a href=\"https:\/\/www.sisinternational.com\/es\/cobertura\/europa\/investigacion-de-mercado-liverpool-reino-unido\/\" title=\"Investigaci\u00f3n de mercado en Liverpool | Grupos focales y recopilaci\u00f3n de datos del Reino Unido\"  data-wpil-monitor-id=\"10015\">focus groups to gather qualitative data<\/a> about consumer opinions and perceptions of condiments. Participants are typically asked open-ended questions about their experiences with different types of condiments, their feedback, and their preferences.<\/li>\n\n\n\n<li>Se pueden realizar entrevistas con expertos de la industria, fabricantes de condimentos y otras partes interesadas para recopilar informaci\u00f3n sobre las tendencias, los desaf\u00edos y las oportunidades de la industria.<\/li>\n\n\n\n<li>Observational <a href=\"https:\/\/www.sisinternational.com\/es\/soluciones\/soluciones-de-branding-e-investigacion-de-clientes\/investigacion-de-diseno-de-tienda\/\" title=\"Investigaci\u00f3n de dise\u00f1o de tienda\"  data-wpil-monitor-id=\"6500\">research can involve visiting retail stores<\/a> and food service establishments to gather information about consumer behavior and purchasing patterns related to condiments.<\/li>\n\n\n\n<li>La investigaci\u00f3n secundaria implica la recopilaci\u00f3n de datos e informaci\u00f3n de fuentes existentes, como informes de la industria, publicaciones gubernamentales y revistas acad\u00e9micas.<\/li>\n\n\n\n<li>Escuchar en las redes sociales implica monitorear y analizar las plataformas de redes sociales para recopilar informaci\u00f3n sobre las opiniones, actitudes y comportamientos de los consumidores relacionados con los condimentos.<\/li>\n\n\n\n<li>Online <a href=\"https:\/\/www.sisinternational.com\/es\/soluciones\/consultoria-estrategica\/analisis-de-datos\/\" title=\"Empresa de an\u00e1lisis de datos\"  data-wpil-monitor-id=\"10017\">analytics involves analyzing data<\/a> from online sales platforms to gather information about sales trends and consumer purchasing patterns related to condiments.<\/li>\n<\/ul>\n\n\n\n<p>Al utilizar una combinaci\u00f3n de estos m\u00e9todos, los investigadores del mercado de condimentos pueden recopilar datos e informaci\u00f3n completos sobre la industria, los consumidores y los competidores. Esta informaci\u00f3n se puede utilizar para fundamentar el desarrollo de productos, las estrategias de marketing y las decisiones comerciales en la industria de los condimentos.<\/p>\n\n\n\n<h2 class=\"wp-block-heading\">Acerca de la investigaci\u00f3n de mercado de condimentos<\/h2>\n\n\n\n<p>Los conocimientos de esta investigaci\u00f3n ser\u00e1n \u00fatiles para los fabricantes, minoristas y distribuidores de condimentos, as\u00ed como para otras partes interesadas de la industria alimentaria. Los hallazgos ayudar\u00e1n a informarles sobre el desarrollo de productos, estrategias de marketing y decisiones comerciales en este mercado competitivo y en evoluci\u00f3n.<\/p>\n\n\n\n<p><a href=\"https:\/\/www.sisinternational.com\/es\/soluciones\/soluciones-de-investigacion-cualitativa-cuantitativa\/quantitative-research-benefits\/\" title=\"Quantitative Research Benefits\"  data-wpil-monitor-id=\"10020\">Benefits of this research<\/a> include but are not limited to:<\/p>\n\n\n\n<ul class=\"wp-block-list\">\n<li>Ayudar a las corporaciones a identificar las tendencias de los mercados actuales y emergentes.<\/li>\n\n\n\n<li>Comprender el comportamiento del consumidor con respecto a los patrones de compra relacionados con los condimentos.<\/li>\n\n\n\n<li>Identificar las necesidades de los consumidores como base para desarrollar nuevos productos.<\/li>\n\n\n\n<li><a href=\"https:\/\/www.sisinternational.com\/es\/soluciones\/soluciones-de-branding-e-investigacion-de-clientes\/investigacion-de-mercado-de-pruebas-de-productos\/new-product-concept-testing-methods\/\" title=\"New Product Concept Testing Methods\"  data-wpil-monitor-id=\"10013\">Testing product concepts<\/a> before launching<\/li>\n\n\n\n<li>Identifying potential partnerships to <a href=\"https:\/\/www.sisinternational.com\/es\/ampliar-el-alcance-del-mercado-a-traves-de-una-estrategia-de-marketing-multifacetica\/\" title=\"Ampliar el alcance del mercado a trav\u00e9s de una estrategia de marketing multifac\u00e9tica\"  data-wpil-monitor-id=\"10014\">expand market reach<\/a><\/li>\n\n\n\n<li>La investigaci\u00f3n de mercado de condimentos proporciona informaci\u00f3n que puede ayudar a las empresas a comprender las necesidades y preferencias de los clientes.<\/li>\n<\/ul>\n\n\n\n<p>La investigaci\u00f3n de mercado de condimentos es esencial para las corporaciones que desean seguir siendo competitivas y desarrollar productos y servicios que satisfagan las necesidades cambiantes de los consumidores. Al recopilar conocimientos y datos sobre la industria, los consumidores y los competidores, las corporaciones pueden tomar decisiones informadas que pueden impulsar el crecimiento, la rentabilidad y la resiliencia de la industria.<\/p>","protected":false},"excerpt":{"rendered":"<p>Las diversas preferencias de los consumidores, la demanda de alimentos preparados y el auge de la industria de servicios alimentarios impulsan el crecimiento del mercado de condimentos.<\/p>","protected":false},"author":1,"featured_media":65109,"parent":14514,"menu_order":201,"comment_status":"closed","ping_status":"closed","template":"","meta":{"footnotes":""},"class_list":["post-41797","page","type-page","status-publish","has-post-thumbnail"],"_links":{"self":[{"href":"https:\/\/www.sisinternational.com\/es\/wp-json\/wp\/v2\/pages\/41797","targetHints":{"allow":["GET"]}}],"collection":[{"href":"https:\/\/www.sisinternational.com\/es\/wp-json\/wp\/v2\/pages"}],"about":[{"href":"https:\/\/www.sisinternational.com\/es\/wp-json\/wp\/v2\/types\/page"}],"author":[{"embeddable":true,"href":"https:\/\/www.sisinternational.com\/es\/wp-json\/wp\/v2\/users\/1"}],"replies":[{"embeddable":true,"href":"https:\/\/www.sisinternational.com\/es\/wp-json\/wp\/v2\/comments?post=41797"}],"version-history":[{"count":6,"href":"https:\/\/www.sisinternational.com\/es\/wp-json\/wp\/v2\/pages\/41797\/revisions"}],"predecessor-version":[{"id":81657,"href":"https:\/\/www.sisinternational.com\/es\/wp-json\/wp\/v2\/pages\/41797\/revisions\/81657"}],"up":[{"embeddable":true,"href":"https:\/\/www.sisinternational.com\/es\/wp-json\/wp\/v2\/pages\/14514"}],"wp:featuredmedia":[{"embeddable":true,"href":"https:\/\/www.sisinternational.com\/es\/wp-json\/wp\/v2\/media\/65109"}],"wp:attachment":[{"href":"https:\/\/www.sisinternational.com\/es\/wp-json\/wp\/v2\/media?parent=41797"}],"curies":[{"name":"wp","href":"https:\/\/api.w.org\/{rel}","templated":true}]}}