{"id":41793,"date":"2023-03-16T12:00:05","date_gmt":"2023-03-16T16:00:05","guid":{"rendered":"https:\/\/www.sisinternational.com\/?page_id=41793"},"modified":"2026-01-27T16:38:49","modified_gmt":"2026-01-27T21:38:49","slug":"investigacion-de-mercado-de-energia-del-carbon","status":"publish","type":"page","link":"https:\/\/www.sisinternational.com\/es\/pericia\/investigacion-de-mercado-de-energia-del-carbon\/","title":{"rendered":"Investigaci\u00f3n de mercado de energ\u00eda del carb\u00f3n"},"content":{"rendered":"<h1 class=\"wp-block-heading\">Investigaci\u00f3n de mercado de energ\u00eda del carb\u00f3n<\/h1>\n\n\n\n<figure class=\"gb-block-image gb-block-image-871c8977\"><img loading=\"lazy\" decoding=\"async\" width=\"1456\" height=\"816\" class=\"gb-image gb-image-871c8977\" src=\"https:\/\/www.sisinternational.com\/wp-content\/uploads\/2025\/08\/Coal-3.jpg\" alt=\"Investigaci\u00f3n y estrategia de mercado internacional de SIS\" title=\"Coal (3)\" srcset=\"https:\/\/www.sisinternational.com\/wp-content\/uploads\/2025\/08\/Coal-3.jpg 1456w, https:\/\/www.sisinternational.com\/wp-content\/uploads\/2025\/08\/Coal-3-300x168.jpg 300w, https:\/\/www.sisinternational.com\/wp-content\/uploads\/2025\/08\/Coal-3-1024x574.jpg 1024w, https:\/\/www.sisinternational.com\/wp-content\/uploads\/2025\/08\/Coal-3-768x430.jpg 768w, https:\/\/www.sisinternational.com\/wp-content\/uploads\/2025\/08\/Coal-3-18x10.jpg 18w\" sizes=\"auto, (max-width: 1456px) 100vw, 1456px\"><\/figure>\n\n\n\n<p><\/p>\n\n\n\n<p>La energ\u00eda del carb\u00f3n ha sido durante mucho tiempo una importante fuente de energ\u00eda a nivel mundial, proporcionando electricidad a millones de personas en todo el mundo. A medida que aumentan las preocupaciones sobre el cambio clim\u00e1tico y la contaminaci\u00f3n del aire, el futuro de la energ\u00eda del carb\u00f3n es cada vez m\u00e1s incierto.<\/p>\n\n\n\n<p>Para comprender mejor el estado actual y las tendencias futuras del mercado mundial de energ\u00eda a base de carb\u00f3n, la investigaci\u00f3n del mercado de energ\u00eda a carb\u00f3n se ha convertido en una herramienta esencial tanto para inversores como para empresas energ\u00e9ticas y formuladores de pol\u00edticas.<\/p>\n\n\n\n<h2 class=\"wp-block-heading\">Descripci\u00f3n general del mercado mundial de la energ\u00eda del carb\u00f3n<\/h2>\n\n\n\n<p>El mercado mundial de energ\u00eda a base de carb\u00f3n contribuye significativamente al suministro de energ\u00eda mundial, y las centrales el\u00e9ctricas de carb\u00f3n generan una parte importante de la electricidad mundial. Sin embargo, a medida que las preocupaciones sobre el cambio clim\u00e1tico y la contaminaci\u00f3n del aire contin\u00faan creciendo, ha habido una presi\u00f3n cada vez mayor sobre los gobiernos y las empresas de energ\u00eda para que abandonen la energ\u00eda del carb\u00f3n hacia fuentes de energ\u00eda m\u00e1s limpias y sostenibles.<\/p>\n\n\n\n<p>This has led to a decline in coal power investments in some regions, and a rise in investments in alternative <a href=\"https:\/\/www.sisinternational.com\/es\/lo-que-el-viento-se-llevo-la-crisis-financiera-y-la-energia-eolica\/\" title=\"\u00bfLo que el viento se llev\u00f3? La crisis financiera y la energ\u00eda e\u00f3lica\"  data-wpil-monitor-id=\"7495\">energy sources such as wind<\/a>, solar, and hydroelectric power. Despite these challenges, coal power remains a significant energy source for many countries \u2013 and is likely to continue playing a significant role in the global energy mix for the foreseeable future.<\/p>\n\n\n\n<h2 class=\"wp-block-heading\">Importancia de la investigaci\u00f3n del mercado de energ\u00eda del carb\u00f3n<\/h2>\n\n\n\n<p>Coal <a href=\"https:\/\/www.sisinternational.com\/es\/pericia\/industrias\/investigacion-de-mercado-de-generacion-de-energia\/\" title=\"Investigaci\u00f3n de mercado de generaci\u00f3n de energ\u00eda\"  data-wpil-monitor-id=\"3052\">power market research<\/a> is essential for investors, energy companies, and policymakers to better understand industry trends and make informed decisions about the future of coal power. With the rapid changes in technology, environmental regulations, and global energy markets, coal <a href=\"https:\/\/www.sisinternational.com\/es\/pericia\/industrias\/investigacion-de-mercado-de-energia-nuclear\/\" title=\"Investigaci\u00f3n de mercado de energ\u00eda nuclear\"  data-wpil-monitor-id=\"3300\">power market research<\/a> can provide valuable insights into current and future trends, as well as potential risks and opportunities.<\/p>\n\n\n\n<p>Para los inversores, puede ayudarles a identificar mercados emergentes, oportunidades de inversi\u00f3n, riesgos potenciales y desaf\u00edos. Al analizar las tendencias del mercado, los inversores pueden evaluar mejor el desempe\u00f1o financiero y el potencial de crecimiento de las empresas de energ\u00eda de carb\u00f3n.<\/p>\n\n\n\n<p>Similarmente, <a href=\"https:\/\/www.sisinternational.com\/es\/acciones-gubernamentales-sobre-biocombustibles\/\" title=\"Investigaci\u00f3n de mercado de biocombustibles\"  data-wpil-monitor-id=\"1742\">energy companies leverage coal power market research<\/a> to obtain valuable information on customer demand, energy prices, regulatory changes, and technological advancements. This information can help energy companies develop new products and services, improve operational efficiency, and anticipate future trends and challenges.<\/p>\n\n\n\n<p>Lastly, policymakers use coal <a href=\"https:\/\/www.sisinternational.com\/es\/pericia\/industrias\/investigacion-de-mercado-de-herramientas-electricas\/\" title=\"Investigaci\u00f3n de mercado de herramientas el\u00e9ctricas\"  data-wpil-monitor-id=\"4046\">power market research<\/a> to anticipate and manage potential risks to energy security and environmental sustainability. By understanding industry trends and developments, policymakers can create policies and regulations that promote the development of cleaner and more sustainable energy sources while minimizing the negative impacts on the economy and society.<\/p>\n\n\n\n<h2 class=\"wp-block-heading\">Usos actuales de la investigaci\u00f3n de mercado de la energ\u00eda del carb\u00f3n<\/h2>\n\n\n\n<figure class=\"gb-block-image gb-block-image-737145f7\"><img loading=\"lazy\" decoding=\"async\" width=\"1456\" height=\"816\" class=\"gb-image gb-image-737145f7\" src=\"https:\/\/www.sisinternational.com\/wp-content\/uploads\/2025\/08\/Coal-5.jpg\" alt=\"Investigaci\u00f3n y estrategia de mercado internacional de SIS\" title=\"Coal (5)\" srcset=\"https:\/\/www.sisinternational.com\/wp-content\/uploads\/2025\/08\/Coal-5.jpg 1456w, https:\/\/www.sisinternational.com\/wp-content\/uploads\/2025\/08\/Coal-5-300x168.jpg 300w, https:\/\/www.sisinternational.com\/wp-content\/uploads\/2025\/08\/Coal-5-1024x574.jpg 1024w, https:\/\/www.sisinternational.com\/wp-content\/uploads\/2025\/08\/Coal-5-768x430.jpg 768w, https:\/\/www.sisinternational.com\/wp-content\/uploads\/2025\/08\/Coal-5-18x10.jpg 18w\" sizes=\"auto, (max-width: 1456px) 100vw, 1456px\"><\/figure>\n\n\n\n<ul class=\"wp-block-list\">\n<li>Dimensionamiento y pron\u00f3stico del mercado: este tipo de investigaci\u00f3n implica analizar el tama\u00f1o, el crecimiento y las tendencias futuras del mercado de energ\u00eda del carb\u00f3n en diferentes regiones y pa\u00edses. Puede proporcionar informaci\u00f3n valiosa sobre la demanda de energ\u00eda del carb\u00f3n, el panorama competitivo y las posibles oportunidades de crecimiento y oportunidades. Puede proporcionar informaci\u00f3n sobre las necesidades, preferencias y comportamientos de compra de los clientes, lo que puede ayudar a las empresas a desarrollar estrategias de marketing espec\u00edficas y mejorar la satisfacci\u00f3n del cliente.<\/li>\n\n\n\n<li>An\u00e1lisis competitivo: la investigaci\u00f3n de mercado de Energ\u00eda de carb\u00f3n eval\u00faa el panorama competitivo de este mercado, incluidos los principales actores, la participaci\u00f3n de mercado y las estrategias de los competidores. Tambi\u00e9n puede ayudar a las empresas a identificar competidores potenciales, evaluar sus fortalezas y debilidades y desarrollar estrategias para obtener una ventaja competitiva.<\/li>\n\n\n\n<li>An\u00e1lisis tecnol\u00f3gico: esta investigaci\u00f3n implica analizar los \u00faltimos desarrollos tecnol\u00f3gicos en la industria de la energ\u00eda del carb\u00f3n, incluidos los avances en las centrales el\u00e9ctricas de carb\u00f3n, la captura y almacenamiento de carbono y las fuentes de energ\u00eda alternativas. Puede proporcionar informaci\u00f3n sobre tecnolog\u00edas emergentes y su impacto potencial en la industria.<\/li>\n\n\n\n<li>An\u00e1lisis regulatorio: la investigaci\u00f3n de mercado de la energ\u00eda del carb\u00f3n analiza el entorno regulatorio para la energ\u00eda del carb\u00f3n, incluidas las regulaciones ambientales, las pol\u00edticas fiscales y los subsidios. Puede ayudar a las empresas a anticipar cambios regulatorios y adaptar sus estrategias en consecuencia.<\/li>\n<\/ul>\n\n\n\n<h2 class=\"wp-block-heading\">Beneficios de la investigaci\u00f3n del mercado de energ\u00eda del carb\u00f3n<\/h2>\n\n\n\n<ul class=\"wp-block-list\">\n<li>Informaci\u00f3n sobre el mercado: la investigaci\u00f3n de mercado de Energ\u00eda de carb\u00f3n proporciona informaci\u00f3n sobre el estado actual de la industria, incluidas las tendencias en la demanda, la producci\u00f3n, el consumo y los precios. Esta informaci\u00f3n puede ser valiosa para las empresas de energ\u00eda y los inversores a la hora de tomar decisiones informadas sobre estrategia comercial, inversi\u00f3n y asignaci\u00f3n de recursos.<\/li>\n\n\n\n<li>Evaluaci\u00f3n de impacto ambiental: puede ayudar a los formuladores de pol\u00edticas y a las empresas de energ\u00eda a evaluar el impacto ambiental de las centrales el\u00e9ctricas alimentadas con carb\u00f3n e identificar oportunidades para reducir las emisiones de gases de efecto invernadero y otros contaminantes.<\/li>\n\n\n\n<li>Perspectivas de los consumidores: la investigaci\u00f3n del mercado de energ\u00eda a carb\u00f3n ofrece informaci\u00f3n detallada sobre las preferencias y comportamientos de los consumidores, incluidas sus actitudes hacia la energ\u00eda alimentada por carb\u00f3n y su disposici\u00f3n a pagar por fuentes de energ\u00eda m\u00e1s limpias. Esta informaci\u00f3n puede ser valiosa para las empresas energ\u00e9ticas y los responsables de la formulaci\u00f3n de pol\u00edticas a la hora de desarrollar estrategias y pol\u00edticas de marketing que se alineen con las preferencias de los consumidores.<\/li>\n<\/ul>\n\n\n\n<h2 class=\"wp-block-heading\">Limitaciones de la investigaci\u00f3n del mercado de la energ\u00eda del carb\u00f3n<\/h2>\n\n\n\n<ul class=\"wp-block-list\">\n<li>Acceso limitado a los datos: la investigaci\u00f3n del mercado de la energ\u00eda a partir del carb\u00f3n suele estar limitada por la disponibilidad de datos. Es posible que algunos datos, como las cifras de producci\u00f3n y consumo, no est\u00e9n disponibles p\u00fablicamente, lo que dificulta la obtenci\u00f3n de datos precisos y completos.<\/li>\n\n\n\n<li>Dificultad para predecir desarrollos futuros: Predecir el futuro del mercado de energ\u00eda del carb\u00f3n puede ser un desaf\u00edo debido a diversos factores, como cambios en la tecnolog\u00eda, pol\u00edticas regulatorias y la aparici\u00f3n de nuevas fuentes de energ\u00eda.<\/li>\n\n\n\n<li>Alcance limitado: la investigaci\u00f3n del mercado de energ\u00eda a carb\u00f3n puede tener un alcance limitado a una regi\u00f3n o pa\u00eds espec\u00edfico, lo que puede no proporcionar una imagen completa del mercado global.<\/li>\n\n\n\n<li>Requiere mucho tiempo y recursos: La realizaci\u00f3n de investigaciones sobre el mercado de energ\u00eda a base de carb\u00f3n puede requerir mucho tiempo y recursos, y requiere importantes inversiones en recopilaci\u00f3n, an\u00e1lisis e interpretaci\u00f3n de datos en varios pa\u00edses y regiones.<\/li>\n<\/ul>\n\n\n\n<h2 class=\"wp-block-heading\">Perspectivas futuras de la investigaci\u00f3n del mercado de la energ\u00eda del carb\u00f3n<\/h2>\n\n\n\n<figure class=\"gb-block-image gb-block-image-faee1fb3\"><img loading=\"lazy\" decoding=\"async\" width=\"1456\" height=\"816\" class=\"gb-image gb-image-faee1fb3\" src=\"https:\/\/www.sisinternational.com\/wp-content\/uploads\/2025\/08\/Coal-2.jpg\" alt=\"Investigaci\u00f3n y estrategia de mercado internacional de SIS\" title=\"Coal (2)\" srcset=\"https:\/\/www.sisinternational.com\/wp-content\/uploads\/2025\/08\/Coal-2.jpg 1456w, https:\/\/www.sisinternational.com\/wp-content\/uploads\/2025\/08\/Coal-2-300x168.jpg 300w, https:\/\/www.sisinternational.com\/wp-content\/uploads\/2025\/08\/Coal-2-1024x574.jpg 1024w, https:\/\/www.sisinternational.com\/wp-content\/uploads\/2025\/08\/Coal-2-768x430.jpg 768w, https:\/\/www.sisinternational.com\/wp-content\/uploads\/2025\/08\/Coal-2-18x10.jpg 18w\" sizes=\"auto, (max-width: 1456px) 100vw, 1456px\"><\/figure>\n\n\n\n<p><\/p>\n\n\n\n<p>Las perspectivas futuras para la investigaci\u00f3n del mercado de la energ\u00eda del carb\u00f3n son complejas e inciertas. Si bien el carb\u00f3n ha sido una fuente de energ\u00eda dominante durante d\u00e9cadas, la industria enfrenta desaf\u00edos importantes debido a una mayor competencia de fuentes de energ\u00eda alternativas, regulaciones ambientales m\u00e1s estrictas y preocupaciones p\u00fablicas sobre la contaminaci\u00f3n del aire y el cambio clim\u00e1tico.<\/p>\n\n\n\n<p>Adem\u00e1s, para abandonar la energ\u00eda del carb\u00f3n, numerosos gobiernos han adoptado pol\u00edticas y leyes que disminuyen secuencialmente el inter\u00e9s en la investigaci\u00f3n cient\u00edfica sobre la energ\u00eda alimentada por carb\u00f3n.<\/p>\n\n\n\n<p>Como resultado, es probable que la investigaci\u00f3n del mercado de la energ\u00eda a base de carb\u00f3n se centre cada vez m\u00e1s en el desarrollo de centrales el\u00e9ctricas alimentadas con carb\u00f3n m\u00e1s limpias y eficientes, as\u00ed como en el desarrollo de fuentes de energ\u00eda alternativas.<\/p>\n\n\n\n<p>Sin embargo, muchos pa\u00edses todav\u00eda necesitan energ\u00eda del carb\u00f3n para satisfacer sus necesidades el\u00e9ctricas. En particular, los pa\u00edses en desarrollo con acceso limitado o recursos monetarios para fuentes alternativas de energ\u00eda. En esos mercados, la investigaci\u00f3n de plantas alimentadas con carb\u00f3n m\u00e1s productivas y respetuosas con el medio ambiente puede seguir siendo un \u00e1rea importante de atenci\u00f3n.<\/p>\n\n\n\n<p>SIS International ofrece investigaci\u00f3n cuantitativa, cualitativa y estrat\u00e9gica. Proporcionamos datos, herramientas, estrategias, informes y insights para la toma de decisiones. Realizamos entrevistas, encuestas, grupos focales y muchos otros m\u00e9todos y enfoques de investigaci\u00f3n de mercado. Cont\u00e1ctenos para su pr\u00f3ximo proyecto de Investigaci\u00f3n de Mercado.<\/p>\n\n\n\n<p><\/p>","protected":false},"excerpt":{"rendered":"<p>Las centrales el\u00e9ctricas de carb\u00f3n generan una parte esencial de la electricidad mundial. El carb\u00f3n contribuye significativamente al suministro de energ\u00eda mundial. <\/p>","protected":false},"author":1,"featured_media":64054,"parent":14514,"menu_order":200,"comment_status":"closed","ping_status":"closed","template":"","meta":{"footnotes":""},"class_list":["post-41793","page","type-page","status-publish","has-post-thumbnail"],"_links":{"self":[{"href":"https:\/\/www.sisinternational.com\/es\/wp-json\/wp\/v2\/pages\/41793","targetHints":{"allow":["GET"]}}],"collection":[{"href":"https:\/\/www.sisinternational.com\/es\/wp-json\/wp\/v2\/pages"}],"about":[{"href":"https:\/\/www.sisinternational.com\/es\/wp-json\/wp\/v2\/types\/page"}],"author":[{"embeddable":true,"href":"https:\/\/www.sisinternational.com\/es\/wp-json\/wp\/v2\/users\/1"}],"replies":[{"embeddable":true,"href":"https:\/\/www.sisinternational.com\/es\/wp-json\/wp\/v2\/comments?post=41793"}],"version-history":[{"count":8,"href":"https:\/\/www.sisinternational.com\/es\/wp-json\/wp\/v2\/pages\/41793\/revisions"}],"predecessor-version":[{"id":81121,"href":"https:\/\/www.sisinternational.com\/es\/wp-json\/wp\/v2\/pages\/41793\/revisions\/81121"}],"up":[{"embeddable":true,"href":"https:\/\/www.sisinternational.com\/es\/wp-json\/wp\/v2\/pages\/14514"}],"wp:featuredmedia":[{"embeddable":true,"href":"https:\/\/www.sisinternational.com\/es\/wp-json\/wp\/v2\/media\/64054"}],"wp:attachment":[{"href":"https:\/\/www.sisinternational.com\/es\/wp-json\/wp\/v2\/media?parent=41793"}],"curies":[{"name":"wp","href":"https:\/\/api.w.org\/{rel}","templated":true}]}}