{"id":41779,"date":"2023-03-15T21:01:12","date_gmt":"2023-03-16T01:01:12","guid":{"rendered":"https:\/\/www.sisinternational.com\/?page_id=41779"},"modified":"2026-03-13T01:28:15","modified_gmt":"2026-03-13T05:28:15","slug":"prueba-de-ubicacion-central-investigacion-de-mercado-clt","status":"publish","type":"page","link":"https:\/\/www.sisinternational.com\/es\/central-location-tests-clt-page\/prueba-de-ubicacion-central-investigacion-de-mercado-clt\/","title":{"rendered":"Investigaci\u00f3n de mercado CLT"},"content":{"rendered":"<h1 class=\"wp-block-heading\">Investigaci\u00f3n de mercado de prueba de ubicaci\u00f3n central (CLT)<\/h1>\n\n\n\n<figure class=\"gb-block-image gb-block-image-b43b49ee\"><img loading=\"lazy\" decoding=\"async\" width=\"1456\" height=\"816\" class=\"gb-image gb-image-b43b49ee\" src=\"https:\/\/www.sisinternational.com\/wp-content\/uploads\/2025\/09\/Quantitative-research-1d4-3.jpg\" alt=\"Investigaci\u00f3n y estrategia de mercado internacional de SIS\" title=\"Quantitative research (1d4) (3)\" srcset=\"https:\/\/www.sisinternational.com\/wp-content\/uploads\/2025\/09\/Quantitative-research-1d4-3.jpg 1456w, https:\/\/www.sisinternational.com\/wp-content\/uploads\/2025\/09\/Quantitative-research-1d4-3-300x168.jpg 300w, https:\/\/www.sisinternational.com\/wp-content\/uploads\/2025\/09\/Quantitative-research-1d4-3-1024x574.jpg 1024w, https:\/\/www.sisinternational.com\/wp-content\/uploads\/2025\/09\/Quantitative-research-1d4-3-768x430.jpg 768w, https:\/\/www.sisinternational.com\/wp-content\/uploads\/2025\/09\/Quantitative-research-1d4-3-18x10.jpg 18w\" sizes=\"auto, (max-width: 1456px) 100vw, 1456px\"><\/figure>\n\n\n\n<p><\/p>\n\n\n\n<p>La investigaci\u00f3n de mercado CLT es un m\u00e9todo para evaluar las actitudes y comportamientos de los consumidores en un entorno controlado. Este tipo de investigaci\u00f3n de mercado se realiza en centros de pruebas para obtener informaci\u00f3n sobre las elecciones, actitudes y comportamientos de los clientes en tiempo real en un entorno altamente monitoreado donde los comportamientos se pueden analizar en detalle.<\/p>\n\n\n\n<h2 class=\"wp-block-heading\">\u00bfQu\u00e9 es la investigaci\u00f3n de mercado CLT?<\/h2>\n\n\n\n<p>Es un tipo de investigaci\u00f3n de mercado realizada en un entorno predeterminado, como un centro comercial o laboratorios de pruebas, para obtener detalles sobre los h\u00e1bitos y preferencias de los compradores. Por lo tanto, la investigaci\u00f3n de mercado de CLT debe realizarse con la gu\u00eda de especialistas para excluir sesgos y garantizar un resultado exitoso.<\/p>\n\n\n\n<p>Unlike other varieties of <a title=\"Investigaci\u00f3n de mercado de encuestas pol\u00edticas\" href=\"https:\/\/www.sisinternational.com\/es\/pericia\/industrias\/investigacion-de-mercado-de-encuestas-politicas\/\" data-wpil-monitor-id=\"10116\">market research such as online polls<\/a> or in-home usage tests, CLT market research occurs in a managed atmosphere to provide a more authentic depiction of consumer behavior. By collecting data in a supervised environment, CLT market research delivers precise and significant insights into consumer preferences.<\/p>\n\n\n\n<h2 class=\"wp-block-heading\">Beneficios de la investigaci\u00f3n de mercado CLT<\/h2>\n\n\n\n<ul class=\"wp-block-list\">\n<li>La investigaci\u00f3n de mercado de CLT es una herramienta fundamental para obtener informaci\u00f3n sobre las actitudes y comportamientos de los compradores que podr\u00edan informar las decisiones de dise\u00f1o de productos, marca, publicidad y posicionamiento en el mercado.<\/li>\n\n\n\n<li>Proporciona conocimientos valiosos sobre los h\u00e1bitos y puntos de vista de los compradores, que pueden ayudar a dar forma al desarrollo de productos, la marca, la publicidad y las estrategias de colocaci\u00f3n en el mercado.<\/li>\n\n\n\n<li>La investigaci\u00f3n de mercado de CLT ayuda a las empresas a aprovechar al m\u00e1ximo sus operaciones de marketing. Al comprender los gustos y opiniones de los clientes, las empresas pueden ajustar sus materiales promocionales y promociones para satisfacer los deseos de su mercado objetivo.<\/li>\n\n\n\n<li>It provides a competitive advantage and a thorough understanding of customer behavior and motivations. This data can be utilized to strengthen <a title=\"C\u00f3mo hacer crecer su negocio\" data-wpil-monitor-id=\"10105\" href=\"https:\/\/www.sisinternational.com\/es\/como-hacer-crecer-tu-negocio\/\">business operations and strategies<\/a>, allowing companies to get an edge in the industry.<\/li>\n\n\n\n<li>La investigaci\u00f3n de mercado CLT es m\u00e1s rentable que otros m\u00e9todos de investigaci\u00f3n de mercado porque el \u00fanico gasto importante es el alquiler de las instalaciones donde se llevar\u00e1 a cabo la investigaci\u00f3n.<\/li>\n\n\n\n<li>Los CLT tambi\u00e9n permiten a los investigadores recopilar datos &quot;en bruto&quot; porque pueden observar el lenguaje corporal y las expresiones faciales de los participantes.<\/li>\n\n\n\n<li>Researchers can formulate questions in real-time in response to participants&#8217; reactions. As a result, <a title=\"Investigaci\u00f3n de mercado sensorial\" data-wpil-monitor-id=\"6832\" href=\"https:\/\/www.sisinternational.com\/es\/pericia\/industrias\/investigacion-de-mercado-sensorial\/\">researchers could capture the sensory<\/a> experiences of the participants.<\/li>\n<\/ul>\n\n\n\n<h2 class=\"wp-block-heading\">Limitaciones de la investigaci\u00f3n de mercado de CLT<\/h2>\n\n\n\n<ul class=\"wp-block-list\">\n<li>CLT emplea una muestra relativamente peque\u00f1a de consumidores, que puede no ser una representaci\u00f3n real del p\u00fablico objetivo en su conjunto. Esto podr\u00eda potencialmente limitar la validez externa de los resultados y poner en duda la exactitud de los hallazgos.<\/li>\n\n\n\n<li>Debido a la naturaleza del entorno, los participantes pueden sentirse obligados a dar respuestas que sean socialmente deseables, introduciendo as\u00ed un sesgo en los datos.<\/li>\n\n\n\n<li>Es posible que el entorno de prueba no refleje el entorno de compra t\u00edpico del consumidor, lo que afecta la validez de los resultados.<\/li>\n\n\n\n<li>La naturaleza urgente de una investigaci\u00f3n de mercado de CLT, as\u00ed como el costo asociado con la realizaci\u00f3n de la prueba con m\u00faltiples grupos o una muestra de gran tama\u00f1o, pueden limitar el alcance de los datos recopilados.<\/li>\n<\/ul>\n\n\n\n<h2 class=\"wp-block-heading\">Metodolog\u00edas para la investigaci\u00f3n de mercado CLT<\/h2>\n\n\n\n<p><a title=\"Pruebas en ubicaciones centrales de la ciudad de Nueva York: beneficios para las pruebas de productos\" href=\"https:\/\/www.sisinternational.com\/es\/soluciones\/soluciones-de-investigacion-cualitativa-cuantitativa\/pruebas-en-ubicaciones-centrales-de-la-ciudad-de-nueva-york\/\" data-wpil-monitor-id=\"10110\">Central location tests<\/a> present various methods of assessing the potential success of a product. The main types of tests include<\/p>\n\n\n\n<ul class=\"wp-block-list\">\n<li>Prueba de comparaci\u00f3n emparejada: Los participantes comparan dos productos al mismo tiempo seg\u00fan ciertos criterios con el objetivo de evaluar qu\u00e9 producto tiene m\u00e1s aceptaci\u00f3n.<\/li>\n\n\n\n<li>Prueba mon\u00e1dica: Los participantes se centran en un solo producto para evaluar su desempe\u00f1o y asegurarse de que el producto sea aceptado p\u00fablicamente antes de lanzarlo al mercado.<\/li>\n\n\n\n<li>Pruebas mon\u00e1dicas secuenciales: los participantes eval\u00faan dos productos, aunque en momentos diferentes. Una vez evaluado cada producto, se pide a los participantes que los vuelvan a evaluar simult\u00e1neamente para comparar las ventajas de ambos productos y luego tomar una decisi\u00f3n sobre cu\u00e1l podr\u00eda ser m\u00e1s adecuado para el mercado.<\/li>\n\n\n\n<li>Prueba protomon\u00e1dica: los participantes eval\u00faan primero un producto. Luego, se les entrega un producto diferente para comparar con el primer producto.<\/li>\n\n\n\n<li>Repetir la prueba de comparaci\u00f3n por pares: se indica a los participantes que comparen un par de productos varias veces para garantizar que la informaci\u00f3n inicial proporcionada no est\u00e9 sesgada.<\/li>\n<\/ul>\n\n\n\n<p>Las diferentes iteraciones de las pruebas tienen como objetivo suprimir cualquier subjetividad y sesgo al presentar los productos en diferentes momentos y secuencias. Por lo tanto, los participantes de la investigaci\u00f3n muestran resultados consistentes independientemente de cu\u00e1ndo se haya probado el producto.<\/p>\n\n\n\n<h2 class=\"wp-block-heading\">Tendencias actuales de la investigaci\u00f3n de mercado de CLT<\/h2>\n\n\n\n<ul class=\"wp-block-list\">\n<li>The use of virtual and augmented reality, big data, and <a title=\"Investigaci\u00f3n de mercado de inteligencia artificial\" data-wpil-monitor-id=\"10120\" href=\"https:\/\/www.sisinternational.com\/es\/soluciones\/investigacion-de-mercado-de-ia-y-consultoria-estrategica\/inteligencia-artificial\/\">artificial intelligence are allowing CLT research<\/a> to become more sophisticated and expansive. Researchers are able to simulate real-world scenarios and generate comprehensive data that <a class=\"wpil_keyword_link\" title=\"Investigaci\u00f3n de mercado de pinturas, revestimientos y tintas de impresi\u00f3n\" data-wpil-keyword-link=\"linked\" data-wpil-monitor-id=\"715\" href=\"https:\/\/www.sisinternational.com\/es\/pericia\/industrias\/estudio-de-mercado-de-pinturas-revestimientos-y-tintas-de-impresion\/\">paints<\/a> an accurate picture of customer behavior and preferences.<\/li>\n\n\n\n<li>Existe una tendencia creciente de que las empresas trabajen m\u00e1s estrechamente con los minoristas para recopilar datos sobre el comportamiento y las preferencias de los clientes. Esta colaboraci\u00f3n permite a las empresas obtener una comprensi\u00f3n m\u00e1s profunda del consumidor.<\/li>\n\n\n\n<li>El uso de CLT es cada vez m\u00e1s prominente en la evaluaci\u00f3n de la experiencia del cliente en entornos del mundo real, brindando a las empresas informaci\u00f3n esencial sobre c\u00f3mo los clientes ven sus productos y servicios.<\/li>\n\n\n\n<li>Este m\u00e9todo se puede utilizar en mercados nuevos o emergentes para comprender las preferencias y h\u00e1bitos de los consumidores locales, permitiendo as\u00ed a las empresas modificar sus operaciones para servir mejor a estos consumidores.<\/li>\n\n\n\n<li>CLT se puede emplear junto con otras t\u00e9cnicas de investigaci\u00f3n, como encuestas y grupos focales, para adquirir un conocimiento m\u00e1s profundo de las preferencias y comportamientos de los clientes.<\/li>\n<\/ul>\n\n\n\n<h2 class=\"wp-block-heading\">Perspectivas futuras de la investigaci\u00f3n de mercado CLT<\/h2>\n\n\n\n<p>The prospects of CLT market research are looking bright as technology keeps advancing and customers become more and more informed. Companies are seeking to better understand the customer behaviors and preferences, and CLT research will probably remain a key element. In any case, some of the <a title=\"Future Trends in Qualitative Market Research\" href=\"https:\/\/www.sisinternational.com\/es\/future-trends-in-qualitative-market-research\/\" data-wpil-monitor-id=\"10125\">future trends of this research<\/a> include the following:<\/p>\n\n\n\n<ul class=\"wp-block-list\">\n<li>Uso de la realidad virtual y aumentada. Esta tecnolog\u00eda permitir\u00e1 a las empresas replicar escenarios de la vida real y tener acceso a datos sobre los gustos de los consumidores en un ambiente regulado. Esto puede aportar una mejor comprensi\u00f3n del comportamiento del cliente, ya que la investigaci\u00f3n se puede realizar a mayor escala con una gran rentabilidad.<\/li>\n\n\n\n<li>Aplicaci\u00f3n de big data e inteligencia artificial. Las empresas podr\u00e1n utilizar esta tecnolog\u00eda para examinar grandes cantidades de datos obtenidos de encuestas CLT, brindando informaci\u00f3n a\u00fan m\u00e1s precisa sobre el comportamiento y las preferencias de los clientes.<\/li>\n\n\n\n<li>M\u00e9todos de prueba innovadores: la investigaci\u00f3n de mercado de CLT podr\u00eda adaptarse y crecer, integrando t\u00e9cnicas de prueba inexploradas, como evaluaciones biom\u00e9tricas y fisiol\u00f3gicas, para proporcionar un an\u00e1lisis m\u00e1s completo del comportamiento del consumidor.<\/li>\n<\/ul>\n\n\n\n<p><a title=\"SIS presenta plataforma de an\u00e1lisis cuantitativo y ciencia de datos\" href=\"https:\/\/www.sisinternational.com\/es\/sis-presenta-una-plataforma-de-analisis-cuantitativo-y-ciencia-de-datos\/\" data-wpil-monitor-id=\"10106\">SIS International offers Quantitative<\/a>, Qualitative, and Strategy Research. We provide data, tools, strategies, reports and insights for decision-making. We conduct interviews, surveys, <a title=\"Investigaci\u00f3n de mercado con grupos focales\" href=\"https:\/\/www.sisinternational.com\/es\/soluciones\/investigacion-de-mercado-de-grupo-focal\/\" data-wpil-monitor-id=\"10108\">focus groups and many other Market Research<\/a> methods and approaches. Contact us for your <a title=\"Investigaci\u00f3n de mercado de tecnolog\u00edas de pr\u00f3xima generaci\u00f3n\" href=\"https:\/\/www.sisinternational.com\/es\/pericia\/industrias\/investigacion-de-mercado-de-tecnologias-de-proxima-generacion\/\" data-wpil-monitor-id=\"10113\">next Market Research<\/a> proyecto.<\/p>\n\n\n\n<p>&nbsp;<\/p>","protected":false},"excerpt":{"rendered":"<p>La investigaci\u00f3n de mercado de CLT brinda informaci\u00f3n sobre el comportamiento de los compradores respecto del dise\u00f1o de productos, la marca, la publicidad y las decisiones de posicionamiento en el mercado.<\/p>","protected":false},"author":1,"featured_media":67013,"parent":84538,"menu_order":199,"comment_status":"closed","ping_status":"closed","template":"","meta":{"footnotes":""},"class_list":["post-41779","page","type-page","status-publish","has-post-thumbnail"],"_links":{"self":[{"href":"https:\/\/www.sisinternational.com\/es\/wp-json\/wp\/v2\/pages\/41779","targetHints":{"allow":["GET"]}}],"collection":[{"href":"https:\/\/www.sisinternational.com\/es\/wp-json\/wp\/v2\/pages"}],"about":[{"href":"https:\/\/www.sisinternational.com\/es\/wp-json\/wp\/v2\/types\/page"}],"author":[{"embeddable":true,"href":"https:\/\/www.sisinternational.com\/es\/wp-json\/wp\/v2\/users\/1"}],"replies":[{"embeddable":true,"href":"https:\/\/www.sisinternational.com\/es\/wp-json\/wp\/v2\/comments?post=41779"}],"version-history":[{"count":5,"href":"https:\/\/www.sisinternational.com\/es\/wp-json\/wp\/v2\/pages\/41779\/revisions"}],"predecessor-version":[{"id":84546,"href":"https:\/\/www.sisinternational.com\/es\/wp-json\/wp\/v2\/pages\/41779\/revisions\/84546"}],"up":[{"embeddable":true,"href":"https:\/\/www.sisinternational.com\/es\/wp-json\/wp\/v2\/pages\/84538"}],"wp:featuredmedia":[{"embeddable":true,"href":"https:\/\/www.sisinternational.com\/es\/wp-json\/wp\/v2\/media\/67013"}],"wp:attachment":[{"href":"https:\/\/www.sisinternational.com\/es\/wp-json\/wp\/v2\/media?parent=41779"}],"curies":[{"name":"wp","href":"https:\/\/api.w.org\/{rel}","templated":true}]}}