{"id":41776,"date":"2023-03-15T19:50:48","date_gmt":"2023-03-15T23:50:48","guid":{"rendered":"https:\/\/www.sisinternational.com\/?page_id=41776"},"modified":"2025-10-18T17:25:25","modified_gmt":"2025-10-18T21:25:25","slug":"investigacion-de-mercado-de-dulces","status":"publish","type":"page","link":"https:\/\/www.sisinternational.com\/es\/pericia\/investigacion-de-mercado-de-dulces\/","title":{"rendered":"Investigaci\u00f3n de mercado de dulces"},"content":{"rendered":"<h1 class=\"wp-block-heading\">Investigaci\u00f3n de mercado de dulces<\/h1>\n\n\n\n<figure class=\"gb-block-image gb-block-image-9a8e68c9\"><img loading=\"lazy\" decoding=\"async\" width=\"1456\" height=\"816\" class=\"gb-image gb-image-9a8e68c9\" src=\"https:\/\/www.sisinternational.com\/wp-content\/uploads\/2025\/08\/Candy-1.jpg\" alt=\"Investigaci\u00f3n y estrategia de mercado internacional de SIS\" title=\"Candy (1)\" srcset=\"https:\/\/www.sisinternational.com\/wp-content\/uploads\/2025\/08\/Candy-1.jpg 1456w, https:\/\/www.sisinternational.com\/wp-content\/uploads\/2025\/08\/Candy-1-300x168.jpg 300w, https:\/\/www.sisinternational.com\/wp-content\/uploads\/2025\/08\/Candy-1-1024x574.jpg 1024w, https:\/\/www.sisinternational.com\/wp-content\/uploads\/2025\/08\/Candy-1-768x430.jpg 768w, https:\/\/www.sisinternational.com\/wp-content\/uploads\/2025\/08\/Candy-1-18x10.jpg 18w\" sizes=\"auto, (max-width: 1456px) 100vw, 1456px\"><\/figure>\n\n\n\n<p><\/p>\n\n\n\n<p>La investigaci\u00f3n de mercado de dulces proporciona informaci\u00f3n sobre el panorama y las estrategias de marketing de las empresas de confiter\u00eda m\u00e1s populares. La investigaci\u00f3n del mercado de dulces puede detectar campa\u00f1as publicitarias de dulces populares y monitorear las respuestas de los clientes a trav\u00e9s de las tendencias de mercado establecidas.<\/p>\n\n\n\n<p>The data and strategies in the candy industry are vital to anyone looking to profit from new trends in various market sectors in the confectionery industry. One can see increased success using trustworthy and data-driven discoveries to improve multiple <a href=\"https:\/\/www.sisinternational.com\/es\/soluciones\/investigacion-de-consultoria-estrategica-fintech\/consultoria-de-estrategia-de-investigacion-de-mercado-de-seguros-de-interrupcion-de-negocios\/\" title=\"Investigaci\u00f3n de Mercado y Consultor\u00eda Estrat\u00e9gica de Seguros de Interrupci\u00f3n de Negocios\"  data-wpil-monitor-id=\"8611\">business aspects such as marketing strategies<\/a>, implementation, and management.<\/p>\n\n\n\n<p>Las \u00faltimas tendencias de marketing de confiter\u00eda que impactan a los clientes tambi\u00e9n se incluyen en Candy Marketing Research, que proporciona informaci\u00f3n invaluable para cualquier empresa de la industria de los dulces o para quienes desempe\u00f1an roles importantes en dicho sector.<\/p>\n\n\n\n<h2 class=\"wp-block-heading\">Descripci\u00f3n del mercado de dulces<\/h2>\n\n\n\n<p>Los dulces se componen principalmente de az\u00facar. Es posible que tambi\u00e9n escuche el t\u00e9rmino \u201cproducto alimenticio dulce de confiter\u00eda\u201d utilizado para referirse a los dulces. En trozos o barras del tama\u00f1o de un bocado, los dulces generalmente se elaboran a partir de una mezcla de ingredientes, que incluyen chocolate, leche, nueces, frutas y edulcorantes artificiales. Incluir estas opciones de dulces en tu rutina de culturismo puede ser una forma divertida y sabrosa de obtener los nutrientes que necesitas sin tener que gastar mucho dinero. Los caramelos son una opci\u00f3n popular entre los consumidores con agendas ocupadas, ya que son refrigerios r\u00e1pidos y f\u00e1ciles.<\/p>\n\n\n\n<p>El az\u00facar se disuelve en l\u00edquido, generalmente leche o agua, para crear dulces. Las texturas de los caramelos var\u00edan desde suaves y masticables hasta duras y quebradizas. Los ingredientes, la concentraci\u00f3n de az\u00facar, el tama\u00f1o de los cristales de az\u00facar, el tipo de az\u00facar, la aireaci\u00f3n, la temperatura y el color del az\u00facar desempe\u00f1an papeles importantes a la hora de determinar el resultado del sabor y la apariencia del caramelo. Por otro lado, el almid\u00f3n, la pectina o la gelatina son s\u00f3lo algunos de los estabilizantes que se utilizan para elaborar caramelos de gelatina como gominolas y gomitas.<\/p>\n\n\n\n<p>Here are the most common types of <a href=\"https:\/\/www.sisinternational.com\/es\/pericia\/curriculums-de-experiencia\/estudio-de-mercado-de-productos-de-cuidado-personal\/\" title=\"Investigaci\u00f3n de mercado de productos de cuidado personal\"  data-wpil-monitor-id=\"8612\">products in the candy market<\/a> industry:<\/p>\n\n\n\n<ul class=\"wp-block-list\">\n<li>Caramelos y Toffees: Para crear un caramelo, simplemente combine az\u00facar y agua y caliente hasta que se forme una mezcla s\u00f3lida y espesa.<\/li>\n\n\n\n<li>Chocolate: Los caramelos de chocolate son delicias dulces que est\u00e1n hechas enteramente de chocolate o contienen chocolate de alguna manera.<\/li>\n\n\n\n<li>Caramelos duros: Los caramelos duros, a menudo conocidos como dulces hervidos, tienen una velocidad de disoluci\u00f3n m\u00e1s lenta en la boca.<\/li>\n\n\n\n<li>Piruletas: Tipo de caramelos duros que van en un palito.<\/li>\n\n\n\n<li>Regaliz: Caramelos semiblandos de color negro, rojo o blanco con sabor a regaliz.<\/li>\n\n\n\n<li>Gomitas: Las gomitas son caramelos masticables elaborados a base de gelatina que pueden presentarse en diversas formas, colores y sabores.<\/li>\n\n\n\n<li>Chicles: El chicle, a menudo conocido como chicle, es un tipo de caramelo masticable.<\/li>\n\n\n\n<li>Algod\u00f3n de az\u00facar: El algod\u00f3n de az\u00facar, un alimento b\u00e1sico en ferias y parques de diversiones, se prepara \u00edntegramente con az\u00facar.<\/li>\n<\/ul>\n\n\n\n<h2 class=\"wp-block-heading\">Impulsores del mercado en la industria de los dulces<\/h2>\n\n\n\n<figure class=\"gb-block-image gb-block-image-16bd4f22\"><img loading=\"lazy\" decoding=\"async\" width=\"1456\" height=\"816\" class=\"gb-image gb-image-16bd4f22\" src=\"https:\/\/www.sisinternational.com\/wp-content\/uploads\/2025\/08\/Candy-2.jpg\" alt=\"Investigaci\u00f3n y estrategia de mercado internacional de SIS\" title=\"Candy (2)\" srcset=\"https:\/\/www.sisinternational.com\/wp-content\/uploads\/2025\/08\/Candy-2.jpg 1456w, https:\/\/www.sisinternational.com\/wp-content\/uploads\/2025\/08\/Candy-2-300x168.jpg 300w, https:\/\/www.sisinternational.com\/wp-content\/uploads\/2025\/08\/Candy-2-1024x574.jpg 1024w, https:\/\/www.sisinternational.com\/wp-content\/uploads\/2025\/08\/Candy-2-768x430.jpg 768w, https:\/\/www.sisinternational.com\/wp-content\/uploads\/2025\/08\/Candy-2-18x10.jpg 18w\" sizes=\"auto, (max-width: 1456px) 100vw, 1456px\"><\/figure>\n\n\n\n<p><\/p>\n\n\n\n<h3 class=\"wp-block-heading\">Aumento de las demandas a nivel mundial<\/h3>\n\n\n\n<p>Data and strategies in the candy industry shows the rising demand for candy products worldwide, especially during festive seasons. This is expected to drive the <a href=\"https:\/\/www.sisinternational.com\/es\/transportistas-de-bajo-coste-en-la-industria-de-la-aviacion\/\" title=\"Investigaci\u00f3n de mercado de aerol\u00edneas de bajo costo\"  data-wpil-monitor-id=\"8608\">global candy market<\/a> to record significant growth throughout the forecast period. This is because candy products are recognized as seasonal and associated with celebrations. Several large corporations have begun looking into the candy industry as a potential investment opportunity. The large selection of candies available has contributed to a rise in demand for sweets all across the world.<\/p>\n\n\n\n<h3 class=\"wp-block-heading\">Disponibilidad de varios tipos de dulces en la industria.<\/h3>\n\n\n\n<p>La investigaci\u00f3n del mercado de dulces proporciona informaci\u00f3n sobre la disponibilidad de diversos dulces y las preferencias de los consumidores. Los compradores son m\u00e1s propensos a realizar compras impulsivas. Esto ha contribuido a la popularidad de los dulces de todo tipo, incluidos los de chocolate y los que no lo son. Las ventas de dulces se han disparado en todo el mundo como resultado de los cambios en los gustos de los consumidores, especialmente en los mercados emergentes.<\/p>\n\n\n\n<h3 class=\"wp-block-heading\">Aumento del deseo de comer chocolate<\/h3>\n\n\n\n<p>El chocolate ha dominado el mercado de los dulces debido a su enorme popularidad y los beneficios percibidos para la salud al comerlo. Este tipo de dulce es un favorito eterno en todas las edades y espectros sociales. El saborizante que se encuentra en el chocolate se ha relacionado con varios beneficios para la salud, incluida la reducci\u00f3n de las tasas de mortalidad y el alivio de los s\u00edntomas asociados con afecciones como la depresi\u00f3n y el estr\u00e9s. Adem\u00e1s, el alto contenido de cacao del chocolate negro aporta beneficios para la salud, como mantener el flujo sangu\u00edneo y mejorar la funci\u00f3n vascular del cuerpo humano.<\/p>\n\n\n\n<h3 class=\"wp-block-heading\">Incremento en la compra de dulces sin az\u00facar<\/h3>\n\n\n\n<p>Debido a la creciente preocupaci\u00f3n por la obesidad y la diabetes, los dulces sin az\u00facar se han vuelto cada vez m\u00e1s populares en los \u00faltimos a\u00f1os. Se ha informado de un mayor n\u00famero de personas que experimentan un subid\u00f3n de az\u00facar despu\u00e9s de consumir chocolates con un alto contenido de az\u00facar. Esto ha provocado un aumento correspondiente en la demanda de caramelos sin az\u00facar. La creciente popularidad de los dulces sin az\u00facar es un factor importante que puede impulsar la industria mundial de los dulces.<\/p>\n\n\n\n<h2 class=\"wp-block-heading\">La investigaci\u00f3n de mercado proporciona informaci\u00f3n sobre la industria de los dulces<\/h2>\n\n\n\n<figure class=\"gb-block-image gb-block-image-82b670d7\"><img loading=\"lazy\" decoding=\"async\" width=\"1456\" height=\"816\" class=\"gb-image gb-image-82b670d7\" src=\"https:\/\/www.sisinternational.com\/wp-content\/uploads\/2025\/08\/Candy-3.jpg\" alt=\"Investigaci\u00f3n y estrategia de mercado internacional de SIS\" title=\"Candy (3)\" srcset=\"https:\/\/www.sisinternational.com\/wp-content\/uploads\/2025\/08\/Candy-3.jpg 1456w, https:\/\/www.sisinternational.com\/wp-content\/uploads\/2025\/08\/Candy-3-300x168.jpg 300w, https:\/\/www.sisinternational.com\/wp-content\/uploads\/2025\/08\/Candy-3-1024x574.jpg 1024w, https:\/\/www.sisinternational.com\/wp-content\/uploads\/2025\/08\/Candy-3-768x430.jpg 768w, https:\/\/www.sisinternational.com\/wp-content\/uploads\/2025\/08\/Candy-3-18x10.jpg 18w\" sizes=\"auto, (max-width: 1456px) 100vw, 1456px\"><\/figure>\n\n\n\n<p><\/p>\n\n\n\n<p>The report examines the various aspects of the candy industry that can impact or slow down its growth. Below are some of the data and <a href=\"https:\/\/www.sisinternational.com\/es\/desarrollo-de-la-ciudad-de-hartford-connecticuts\/\" title=\"Investigaci\u00f3n de mercado en Hartford, Connecticut\"  data-wpil-monitor-id=\"8609\">strategies<\/a> in the candy industry that are included in the market research:<\/p>\n\n\n\n<ul class=\"wp-block-list\">\n<li>Evaluaci\u00f3n de la situaci\u00f3n actual del mercado, incluidas las actividades del mercado localizado.<\/li>\n\n\n\n<li>\u00daltimas novedades y tendencias en los diferentes sectores de la industria del caramelo.<\/li>\n\n\n\n<li>Escenario empresarial en el mercado y enfoques de los principales actores.<\/li>\n\n\n\n<li>Descubrir posibles \u00e1reas donde el crecimiento tiene un potencial significativo<\/li>\n\n\n\n<li>Comparar el valor financiero pasado, presente y futuro del mercado para an\u00e1lisis estrat\u00e9gico<\/li>\n\n\n\n<li>Detailed and customized <a href=\"https:\/\/www.sisinternational.com\/es\/pericia\/industrias\/investigacion-de-productos\/\" title=\"Investigaci\u00f3n de productos\"  data-wpil-monitor-id=\"8613\">research about the production<\/a> and growth in the candy industry<\/li>\n\n\n\n<li>An\u00e1lisis del movimiento y distribuci\u00f3n de productos de confiter\u00eda, incluyendo importaci\u00f3n y exportaci\u00f3n.<\/li>\n\n\n\n<li>Impact of the changes in the candy <a href=\"https:\/\/www.sisinternational.com\/es\/soluciones\/investigacion-de-consultoria-estrategica-fintech\/investigacion-de-mercado-de-comercio-algoritmico\/\" title=\"Investigaci\u00f3n de mercado de comercio algor\u00edtmico\"  data-wpil-monitor-id=\"8614\">market regulations and trade<\/a> policies<\/li>\n\n\n\n<li>Comprender los desarrollos recientes en la industria de los dulces y varios lanzamientos de productos.<\/li>\n<\/ul>\n\n\n\n<h2 class=\"wp-block-heading\">Acerca de la investigaci\u00f3n de mercado de dulces<\/h2>\n\n\n\n<p>The candy market research provides a strategic analysis of the industry&#8217;s most prominent players, as well as data on the micro and macro markets. Together with the gathered data on the business outlook and a review of the market as a whole, the <a href=\"https:\/\/www.sisinternational.com\/es\/pericia\/industrias\/investigacion-de-mercados-industriales\/\" title=\"Investigaci\u00f3n y estrategia de mercados industriales\"  data-wpil-monitor-id=\"8610\">market research provides insights into the industry&#8217;s<\/a> trends in the forecasted time period.<\/p>\n\n\n\n<p>The candy market research is professionally done and comprehensive, covering such topics as primary market drivers, <a href=\"https:\/\/www.sisinternational.com\/es\/soluciones\/soluciones-de-branding-e-investigacion-de-clientes\/investigacion-de-mercado-de-pruebas-de-productos\/prueba-de-sabor-de-alimentos-de-sis-international\/\" title=\"\u00bfQu\u00e9 hace que SIS International Research sea la principal empresa de investigaci\u00f3n de mercados para pruebas de sabor de alimentos en la ciudad de Nueva York?\"  data-wpil-monitor-id=\"8615\">market share of top<\/a> key players, top market categories, and regional breakdowns based on specific factors. The research also examines the industry&#8217;s leading figures, the most significant partnerships, mergers, and acquisitions, the most cutting-edge technologies, and the widely adopted business practices.<\/p>","protected":false},"excerpt":{"rendered":"<p>La investigaci\u00f3n de mercado de dulces proporciona informaci\u00f3n sobre el panorama y las estrategias de marketing de las empresas de confiter\u00eda m\u00e1s populares.<\/p>","protected":false},"author":1,"featured_media":63935,"parent":14514,"menu_order":198,"comment_status":"closed","ping_status":"closed","template":"","meta":{"footnotes":""},"class_list":["post-41776","page","type-page","status-publish","has-post-thumbnail"],"_links":{"self":[{"href":"https:\/\/www.sisinternational.com\/es\/wp-json\/wp\/v2\/pages\/41776","targetHints":{"allow":["GET"]}}],"collection":[{"href":"https:\/\/www.sisinternational.com\/es\/wp-json\/wp\/v2\/pages"}],"about":[{"href":"https:\/\/www.sisinternational.com\/es\/wp-json\/wp\/v2\/types\/page"}],"author":[{"embeddable":true,"href":"https:\/\/www.sisinternational.com\/es\/wp-json\/wp\/v2\/users\/1"}],"replies":[{"embeddable":true,"href":"https:\/\/www.sisinternational.com\/es\/wp-json\/wp\/v2\/comments?post=41776"}],"version-history":[{"count":4,"href":"https:\/\/www.sisinternational.com\/es\/wp-json\/wp\/v2\/pages\/41776\/revisions"}],"predecessor-version":[{"id":81445,"href":"https:\/\/www.sisinternational.com\/es\/wp-json\/wp\/v2\/pages\/41776\/revisions\/81445"}],"up":[{"embeddable":true,"href":"https:\/\/www.sisinternational.com\/es\/wp-json\/wp\/v2\/pages\/14514"}],"wp:featuredmedia":[{"embeddable":true,"href":"https:\/\/www.sisinternational.com\/es\/wp-json\/wp\/v2\/media\/63935"}],"wp:attachment":[{"href":"https:\/\/www.sisinternational.com\/es\/wp-json\/wp\/v2\/media?parent=41776"}],"curies":[{"name":"wp","href":"https:\/\/api.w.org\/{rel}","templated":true}]}}