{"id":41766,"date":"2023-03-15T17:44:05","date_gmt":"2023-03-15T21:44:05","guid":{"rendered":"https:\/\/www.sisinternational.com\/?page_id=41766"},"modified":"2026-03-12T19:59:05","modified_gmt":"2026-03-12T23:59:05","slug":"investigacion-de-mercado-de-seguimiento-de-marca","status":"publish","type":"page","link":"https:\/\/www.sisinternational.com\/es\/soluciones\/soluciones-de-branding-e-investigacion-de-clientes\/investigacion-de-mercado-de-seguimiento-de-marca\/","title":{"rendered":"Investigaci\u00f3n de mercado de seguimiento de marca"},"content":{"rendered":"<h1 class=\"wp-block-heading\">Investigaci\u00f3n de mercado de seguimiento de marca<\/h1>\n\n\n\n<figure class=\"gb-block-image gb-block-image-f2e18b77\"><img loading=\"lazy\" decoding=\"async\" width=\"1456\" height=\"816\" class=\"gb-image gb-image-f2e18b77\" src=\"https:\/\/www.sisinternational.com\/wp-content\/uploads\/2025\/08\/Marketing-45-3.jpg\" alt=\"Investigaci\u00f3n y estrategia de mercado internacional de SIS\" title=\"Marketing 45 (3)\" srcset=\"https:\/\/www.sisinternational.com\/wp-content\/uploads\/2025\/08\/Marketing-45-3.jpg 1456w, https:\/\/www.sisinternational.com\/wp-content\/uploads\/2025\/08\/Marketing-45-3-300x168.jpg 300w, https:\/\/www.sisinternational.com\/wp-content\/uploads\/2025\/08\/Marketing-45-3-1024x574.jpg 1024w, https:\/\/www.sisinternational.com\/wp-content\/uploads\/2025\/08\/Marketing-45-3-768x430.jpg 768w, https:\/\/www.sisinternational.com\/wp-content\/uploads\/2025\/08\/Marketing-45-3-18x10.jpg 18w\" sizes=\"auto, (max-width: 1456px) 100vw, 1456px\"><\/figure>\n\n\n\n<hr class=\"wp-block-separator has-alpha-channel-opacity is-style-dots\"\/>\n\n\n\n<p>Construir y mantener una marca impactante es fundamental para el \u00e9xito en el complejo clima empresarial actual. Sin embargo, puede resultar complicado para las empresas comprender c\u00f3mo ven los clientes su marca y c\u00f3mo mejorar sus t\u00e1cticas de marca a largo plazo.<\/p>\n\n\n\n<p>Aqu\u00ed es donde la investigaci\u00f3n de mercado de seguimiento de marcas juega un papel fundamental. Es crucial recopilar datos sobre reconocimiento de marca, posicionamiento, equidad y lealtad, entre otros elementos. Al evaluar esta informaci\u00f3n, las empresas pueden tomar decisiones informadas sobre sus estrategias de marca y mejorar el desempe\u00f1o de su marca con el tiempo.<\/p>\n\n\n\n<h2 class=\"wp-block-heading\">\u00bfQu\u00e9 es la investigaci\u00f3n de mercado de seguimiento de marca?<\/h2>\n\n\n\n<p><a href=\"https:\/\/www.sisinternational.com\/es\/garantizar-que-los-clientes-recuerden-su-mensaje\/\" title=\"Investigaci\u00f3n de Mercado de Activaci\u00f3n de Marca\"  data-wpil-monitor-id=\"2285\">Brand tracking market research<\/a> helps businesses monitor and measure the performance of their brand. It gathers data through surveys, interviews, and other forms of qualitative and quantitative research methods to assess brand awareness, perception, and the brand.<\/p>\n\n\n\n<p>Adem\u00e1s, a trav\u00e9s del seguimiento, las empresas pueden identificar cambios en las actitudes y comportamientos de los consumidores, lo que les permite ajustar sus estrategias para fortalecer su marca y lograr un mayor \u00e9xito.<\/p>\n\n\n\n<h2 class=\"wp-block-heading\">Importancia de la investigaci\u00f3n de mercado de seguimiento de marca para las empresas<\/h2>\n\n\n\n<p>Las empresas pueden ir un paso por delante de la competencia realizando peri\u00f3dicamente investigaciones de seguimiento de marca. Esto ayuda a identificar tendencias y patrones en el comportamiento, preferencias y actitudes del consumidor hacia la marca, facilitando la toma de decisiones y mejorando las estrategias de marca.<\/p>\n\n\n\n<p>La investigaci\u00f3n de seguimiento de marca tambi\u00e9n proporciona informaci\u00f3n valiosa para identificar \u00e1reas de bajo rendimiento en una empresa. Por ejemplo, si la investigaci\u00f3n de una marca indica que los consumidores no conocen sus ofertas de productos o servicios, la empresa puede aprovechar las estrategias de marketing para aumentar la visibilidad y el reconocimiento de la marca.<\/p>\n\n\n\n<p>Mediante un examen cuidadoso de los datos recopilados, las empresas pueden modificar sus estrategias de marca en tiempo real, aumentando la probabilidad de obtener resultados exitosos.<\/p>\n\n\n\n<h2 class=\"wp-block-heading\">Tendencias actuales de la investigaci\u00f3n de mercado de seguimiento de marcas<\/h2>\n\n\n\n<h3 class=\"wp-block-heading\">Algunas de las tendencias actuales incluyen:<\/h3>\n\n\n\n<p><strong>Recopilaci\u00f3n de datos digitales:<\/strong> A medida que m\u00e1s consumidores cambian su comportamiento en l\u00ednea, muchas empresas est\u00e1n adoptando m\u00e9todos de recopilaci\u00f3n de datos digitales. Esto incluye el uso de herramientas como plataformas de redes sociales, an\u00e1lisis web y encuestas en l\u00ednea para recopilar informaci\u00f3n sobre el comportamiento y las preferencias de los consumidores.<\/p>\n\n\n\n<p><strong>Monitoreo en tiempo real:<\/strong> Muchas empresas utilizan ahora herramientas de seguimiento en tiempo real para realizar un seguimiento continuo del rendimiento de la marca. Esto permite a las empresas identificar problemas y oportunidades en tiempo real y tomar medidas r\u00e1pidamente.<\/p>\n\n\n\n<p><strong>Integraci\u00f3n con la experiencia del cliente:<\/strong> In addition to tracking <a href=\"https:\/\/www.sisinternational.com\/es\/investigacion-de-marca-sis-y-fidelizacion-de-clientes\/\" title=\"Investigaci\u00f3n de mercado de marca y fidelizaci\u00f3n de clientes\"  data-wpil-monitor-id=\"2504\">brand performance, many businesses are now integrating brand tracking market research with customer<\/a> experience data to gain a more holistic view of the customer journey. This allows businesses to identify opportunities to improve the overall customer experience and strengthen the brand\u2019s position in the market.<\/p>\n\n\n\n<p><strong>Centrarse en las conexiones emocionales:<\/strong> Varias empresas ahora se est\u00e1n centrando en rastrear las conexiones emocionales con su marca, ya que las investigaciones muestran que es m\u00e1s probable que los consumidores interact\u00faen y permanezcan leales a las marcas con las que sienten una conexi\u00f3n emocional.<\/p>\n\n\n\n<p><strong>Inclusi\u00f3n y diversidad:<\/strong> In recent years, there has been a growing focus on inclusion and diversity. This includes ensuring that research samples are representative of diverse consumer groups, tracking metrics related to diversity and inclusion, and using <a href=\"https:\/\/www.sisinternational.com\/es\/pericia\/industrias\/investigacion-de-mercado-metaverso\/\" title=\"Investigaci\u00f3n de mercado del metaverso\"  data-wpil-monitor-id=\"4785\">research insights to improve brand<\/a> messaging and marketing campaigns in a way that is inclusive and respectful of all consumers.<\/p>\n\n\n\n<h2 class=\"wp-block-heading\">El objetivo de realizar una investigaci\u00f3n de mercado de seguimiento de marca.<\/h2>\n\n\n\n<p class=\"p1\">Conductible <a href=\"https:\/\/www.sisinternational.com\/es\/soluciones\/soluciones-de-branding-e-investigacion-de-clientes\/investigacion-de-mercado-de-diferenciacion-de-marca\/\" title=\"Investigaci\u00f3n de Mercado de Diferenciaci\u00f3n de Marca\"  data-wpil-monitor-id=\"2859\">investigaci\u00f3n de mercado de seguimiento de marca<\/a> offers various advantages. It assists companies in tracking the most significant key brand awareness and metrics effectively. Brand awareness metrics may include perception of loyalty and customer satisfaction, and by consistently measuring these metrics, businesses can determine if their brand strategy is effective and adjust as required.<\/p>\n\n\n\n<p class=\"p1\">The goals of conducting <a href=\"https:\/\/www.sisinternational.com\/es\/pericia\/industrias\/investigacion-de-mercado-para-marcas-antiguas\/\" title=\"Investigaci\u00f3n de mercado para marcas antiguas\"  data-wpil-monitor-id=\"3713\">investigaci\u00f3n de mercado de seguimiento de marca<\/a> can differ depending on a company&#8217;s individual needs and aims. Nevertheless, some typical objectives of such research could be:<\/p>\n\n\n\n<ul class=\"wp-block-list\">\n<li>Gain insight into consumer attitudes and opinions toward the brand. Brand <a href=\"https:\/\/www.sisinternational.com\/es\/pericia\/industrias\/investigacion-de-mercado-de-seguimiento-de-tendencias\/\" title=\"Investigaci\u00f3n de mercado de seguimiento de tendencias\"  data-wpil-monitor-id=\"5443\">tracking market research<\/a> reveals how consumers view the brand in terms of its image and reputation, and how it measures up to competing brands.<\/li>\n\n\n\n<li>Medir el grado de lealtad entre los consumidores. Los datos recopilados pueden incluir el porcentaje de clientes que son leales a la marca, la frecuencia de sus compras de bienes o servicios de la marca y la probabilidad de que recomienden la marca a otros.<\/li>\n\n\n\n<li>Cuantificar las fluctuaciones en el valor de la marca a lo largo del tiempo. En la investigaci\u00f3n de seguimiento de marcas, se recopilan datos para evaluar el desempe\u00f1o financiero de la marca, su participaci\u00f3n de mercado y su influencia en el mercado.<\/li>\n<\/ul>\n\n\n\n<h2 class=\"wp-block-heading p1\">Mejores pr\u00e1cticas para la investigaci\u00f3n de mercado de seguimiento de marcas<\/h2>\n\n\n\n<h3 class=\"wp-block-heading p1\">La realizaci\u00f3n de investigaciones proporciona una variedad de beneficios y oportunidades para las empresas, que incluyen:<\/h3>\n\n\n\n<ul class=\"wp-block-list\">\n<li>Establecer objetivos de investigaci\u00f3n claros es esencial para garantizar que el estudio produzca resultados pr\u00e1cticos y relevantes. Esto requiere articular las preguntas exactas que la investigaci\u00f3n busca responder y los resultados deseados que la organizaci\u00f3n espera lograr.<\/li>\n\n\n\n<li>Es fundamental seleccionar una muestra representativa de la poblaci\u00f3n objetivo. Esto requiere que el tama\u00f1o de la muestra sea lo suficientemente grande como para ser estad\u00edsticamente significativo y tambi\u00e9n refleje las caracter\u00edsticas demogr\u00e1ficas del p\u00fablico objetivo.<\/li>\n\n\n\n<li>Las empresas pueden obtener informaci\u00f3n valiosa sobre la evoluci\u00f3n de su marca y su percepci\u00f3n. Al recopilar datos a estos intervalos regulares, las empresas pueden monitorear los cambios en el desempe\u00f1o de la marca.<\/li>\n\n\n\n<li>Para obtener una descripci\u00f3n general completa del desempe\u00f1o de la marca, es importante emplear m\u00faltiples fuentes de datos, incluidas encuestas, an\u00e1lisis de redes sociales y datos de ventas. Este enfoque permite a las empresas corroborar los datos y obtener una comprensi\u00f3n m\u00e1s profunda del desempe\u00f1o de la marca.<\/li>\n\n\n\n<li>Es fundamental mantener la seguridad y confidencialidad de todos los datos recopilados en el curso del estudio de investigaci\u00f3n. Esto incluye tomar las medidas adecuadas para evitar cualquier acceso no autorizado a los datos, as\u00ed como garantizar que los datos solo se utilicen para los fines del estudio.<\/li>\n\n\n\n<li>Brand tracking <a href=\"https:\/\/www.sisinternational.com\/es\/soluciones\/investigacion-de-mercado-de-conocimiento-de-marca-b2b\/\" title=\"Estudio de mercado sobre la conciencia de marca B2B\"  data-wpil-monitor-id=\"2315\">market research improves brand awareness<\/a>, therefore helping companies find out the problem areas that need attention and increasing consumer engagement and loyalty.<\/li>\n\n\n\n<li>Para optimizar la asignaci\u00f3n de recursos con fines de marketing y publicidad, las empresas pueden realizar un seguimiento de la eficacia de las campa\u00f1as a lo largo del tiempo para determinar cu\u00e1les generan un mayor retorno de la inversi\u00f3n.<\/li>\n\n\n\n<li>Al monitorear los cambios en el comportamiento y las preferencias de los consumidores, las empresas pueden descubrir \u00e1reas potenciales de crecimiento a trav\u00e9s de la innovaci\u00f3n o la mejora.<\/li>\n\n\n\n<li>By using insights gained from <a href=\"https:\/\/www.sisinternational.com\/es\/pericia\/industrias\/investigacion-de-mercado-de-marca\/\" title=\"Investigaci\u00f3n de mercado de marca\"  data-wpil-monitor-id=\"6739\">investigaci\u00f3n de mercado de seguimiento de marca<\/a>, businesses can make more informed and effective decisions over time. This can help to increase business efficiency and profitability and drive growth and success over the long term.<\/li>\n<\/ul>\n\n\n\n<h2 class=\"wp-block-heading\">Desaf\u00edos y limitaciones<\/h2>\n\n\n\n<p class=\"p1\">Si bien la investigaci\u00f3n de mercado de seguimiento de marcas puede proporcionar informaci\u00f3n valiosa sobre el comportamiento y las preferencias de los consumidores, tambi\u00e9n existen varios desaf\u00edos y limitaciones que se deben tener en cuenta.<span class=\"Apple-converted-space\"> \u00c9stas incluyen:<\/span><\/p>\n\n\n\n<ul class=\"wp-block-list\">\n<li>El costo de la investigaci\u00f3n de mercado de seguimiento de marcas puede ser alto, y esto puede presentar un desaf\u00edo para las peque\u00f1as empresas que tal vez no tengan los recursos presupuestarios para realizar investigaciones de manera consistente.<\/li>\n\n\n\n<li>Los encuestados pueden experimentar agotamiento y apat\u00eda hacia preguntas que son demasiado frecuentes o mon\u00f3tonas, lo que resulta en una disminuci\u00f3n en las tasas de respuesta y en la precisi\u00f3n de los datos.<\/li>\n\n\n\n<li>Es posible que los encuestados no puedan ofrecer respuestas precisas o veraces cuando se les hagan preguntas delicadas o retrospectivas, lo que resultar\u00e1 en un conjunto de datos desequilibrado o incompleto.<\/li>\n\n\n\n<li>Typically, during <a href=\"https:\/\/www.sisinternational.com\/es\/monitor-de-marca-de-neumaticos-ee-uu-alemania-brasil\/\" title=\"Investigaci\u00f3n de marcas de neum\u00e1ticos en EE. UU., Alemania y Brasil\"  data-wpil-monitor-id=\"6591\">branding monitoring research<\/a>, there is an emphasis on some vital branding measurements that could miss out on other factors responsible for shaping customer actions or choices.<\/li>\n\n\n\n<li>Los r\u00e1pidos cambios tanto en las preferencias de los consumidores como en las condiciones del mercado dificultan la realizaci\u00f3n de estudios de mercado eficaces y, para seguir siendo relevantes en el mercado, las empresas deben actualizar continuamente sus metodolog\u00edas de investigaci\u00f3n y sus t\u00e9cnicas de recopilaci\u00f3n de datos.<\/li>\n\n\n\n<li>La investigaci\u00f3n de mercado de seguimiento de marca normalmente se centra en algunas m\u00e9tricas clave, como el reconocimiento o la percepci\u00f3n de la marca. Si bien esto ofrece una idea del desempe\u00f1o de la marca y del comportamiento del consumidor, es posible que no proporcione una comprensi\u00f3n integral de todos los factores relevantes.<\/li>\n\n\n\n<li>La naturaleza en constante evoluci\u00f3n del comportamiento del consumidor hace que sea dif\u00edcil comprender o predecir sus preferencias o expectativas. Para captar estos cambios y adelantarse a las cambiantes preferencias de los consumidores, las empresas deben adaptar sus metodolog\u00edas de investigaci\u00f3n de mercado.<\/li>\n\n\n\n<li>Puede haber una discrepancia temporal entre el momento en que se recopilan los datos y el momento en que se estudian y reportan. Esto podr\u00eda ser un impedimento si las empresas requieren informaci\u00f3n inmediata sobre el desempe\u00f1o de la marca.<\/li>\n\n\n\n<li>Pueden surgir resultados inexactos o enga\u00f1osos debido al sesgo de la muestra en la investigaci\u00f3n de mercado de seguimiento de marcas, que depende de la metodolog\u00eda seleccionada. No representar adecuadamente al p\u00fablico objetivo mediante el muestreo o tener sesgos durante la recopilaci\u00f3n y el an\u00e1lisis de datos puede conducir a esta situaci\u00f3n.<\/li>\n\n\n\n<li>A medida que los canales de marketing digital se vuelven cada vez m\u00e1s frecuentes, a las empresas puede resultarles dif\u00edcil evaluar con precisi\u00f3n el \u00e9xito de sus campa\u00f1as en todos los canales, especialmente si no tienen acceso a los datos de cada fuente. Las empresas deben desarrollar metodolog\u00edas para medir y rastrear estos efectos a largo plazo, asegurando que sus estrategias de marca se alineen con sus objetivos comerciales generales.<\/li>\n<\/ul>\n\n\n\n<h2 class=\"wp-block-heading\">Tendencias y consideraciones futuras<\/h2>\n\n\n\n<ul class=\"wp-block-list\">\n<li>A medida que las tecnolog\u00edas de inteligencia artificial y aprendizaje autom\u00e1tico contin\u00faan evolucionando y volvi\u00e9ndose m\u00e1s avanzadas, se aprovechan para analizar conjuntos de datos m\u00e1s grandes y descubrir informaci\u00f3n que ser\u00eda dif\u00edcil de detectar para los humanos. Estas tecnolog\u00edas pueden mejorar significativamente la investigaci\u00f3n de mercado de seguimiento de marcas, ya que son capaces de detectar patrones y tendencias que de otro modo podr\u00edan pasar desapercibidos utilizando m\u00e9todos de investigaci\u00f3n tradicionales.<\/li>\n\n\n\n<li>Monitorear los indicadores clave de desempe\u00f1o (KPI) de una marca y las percepciones de los consumidores a lo largo del tiempo permite a las empresas tomar decisiones informadas y optimizar sus esfuerzos de marca.<\/li>\n\n\n\n<li>La importancia de las redes sociales es innegable. Plataformas como Facebook, Twitter e Instagram se est\u00e1n volviendo fundamentales para el crecimiento y la promoci\u00f3n de una marca. A trav\u00e9s de la investigaci\u00f3n de mercado, las empresas pueden aprender c\u00f3mo se percibe su marca en las redes sociales y determinar formas de mejorar su presencia en las redes sociales.<\/li>\n\n\n\n<li>A medida que los consumidores se vuelven m\u00e1s conscientes de los datos recopilados por las empresas, pueden aumentar las preocupaciones sobre la privacidad y la seguridad de los datos. Las empresas que realizan investigaciones de mercado de seguimiento de marcas deben ser transparentes sobre sus m\u00e9todos de recopilaci\u00f3n de datos e implementar medidas proactivas para mantener la privacidad del consumidor.<\/li>\n\n\n\n<li>Las empresas deben poder actuar r\u00e1pidamente y responder a los comentarios de los clientes. Por lo tanto, requieren informaci\u00f3n actualizada y en tiempo real sobre el desempe\u00f1o de la marca. Para garantizar esto, se deben emplear herramientas de investigaci\u00f3n especializadas y t\u00e9cnicas de an\u00e1lisis de datos para proporcionar informaci\u00f3n casi instant\u00e1nea.<\/li>\n\n\n\n<li>By combining artificial intelligence (AI), machine learning (ML), and big data analytics, companies can improve the efficiency and accuracy of collecting, analyzing, and interpreting data. <\/li>\n\n\n\n<li>El valor del prop\u00f3sito de la marca se ha vuelto cada vez m\u00e1s evidente, a medida que los consumidores buscan marcas que reflejen sus propios valores y demuestren una intenci\u00f3n de generar un impacto mayor que simplemente buscar ganancias financieras.<\/li>\n\n\n\n<li>La sostenibilidad y la responsabilidad social ser\u00e1n m\u00e1s importantes en el futuro. Monitorear y gestionar el impacto ambiental y social de una marca es cada vez m\u00e1s importante a medida que los consumidores priorizan estos factores al tomar decisiones de compra.<\/li>\n\n\n\n<li>La versatilidad de la investigaci\u00f3n de mercado de seguimiento de marcas est\u00e1 llevando a su mayor adopci\u00f3n en diversas industrias. Empresas de todos los sectores se est\u00e1n dando cuenta de la importancia de comprender el desempe\u00f1o de su marca. El desarrollo de metodolog\u00edas innovadoras de seguimiento de marcas y el intercambio de mejores pr\u00e1cticas se lograr\u00e1n mediante la colaboraci\u00f3n entre empresas.<\/li>\n<\/ul>\n\n\n\n<p>SIS International ofrece investigaci\u00f3n cuantitativa, cualitativa y estrat\u00e9gica. Proporcionamos datos, herramientas, estrategias, informes y conocimientos para la toma de decisiones. Realizamos entrevistas, encuestas, grupos focales y muchos otros m\u00e9todos y enfoques de investigaci\u00f3n de mercado. Cont\u00e1ctenos para su pr\u00f3ximo proyecto de Investigaci\u00f3n de Mercado.<\/p>\n\n\n\n<p><\/p>","protected":false},"excerpt":{"rendered":"<p>La investigaci\u00f3n de mercado de seguimiento de marcas ayuda a las marcas comerciales mediante la realizaci\u00f3n de encuestas, entrevistas y m\u00e9todos de investigaci\u00f3n cualitativos y cuantitativos.<\/p>","protected":false},"author":1,"featured_media":62846,"parent":14650,"menu_order":196,"comment_status":"closed","ping_status":"closed","template":"","meta":{"footnotes":""},"class_list":["post-41766","page","type-page","status-publish","has-post-thumbnail"],"_links":{"self":[{"href":"https:\/\/www.sisinternational.com\/es\/wp-json\/wp\/v2\/pages\/41766","targetHints":{"allow":["GET"]}}],"collection":[{"href":"https:\/\/www.sisinternational.com\/es\/wp-json\/wp\/v2\/pages"}],"about":[{"href":"https:\/\/www.sisinternational.com\/es\/wp-json\/wp\/v2\/types\/page"}],"author":[{"embeddable":true,"href":"https:\/\/www.sisinternational.com\/es\/wp-json\/wp\/v2\/users\/1"}],"replies":[{"embeddable":true,"href":"https:\/\/www.sisinternational.com\/es\/wp-json\/wp\/v2\/comments?post=41766"}],"version-history":[{"count":12,"href":"https:\/\/www.sisinternational.com\/es\/wp-json\/wp\/v2\/pages\/41766\/revisions"}],"predecessor-version":[{"id":80318,"href":"https:\/\/www.sisinternational.com\/es\/wp-json\/wp\/v2\/pages\/41766\/revisions\/80318"}],"up":[{"embeddable":true,"href":"https:\/\/www.sisinternational.com\/es\/wp-json\/wp\/v2\/pages\/14650"}],"wp:featuredmedia":[{"embeddable":true,"href":"https:\/\/www.sisinternational.com\/es\/wp-json\/wp\/v2\/media\/62846"}],"wp:attachment":[{"href":"https:\/\/www.sisinternational.com\/es\/wp-json\/wp\/v2\/media?parent=41766"}],"curies":[{"name":"wp","href":"https:\/\/api.w.org\/{rel}","templated":true}]}}