{"id":41732,"date":"2023-03-14T20:35:18","date_gmt":"2023-03-15T00:35:18","guid":{"rendered":"https:\/\/www.sisinternational.com\/?page_id=41732"},"modified":"2026-01-27T16:50:38","modified_gmt":"2026-01-27T21:50:38","slug":"investigacion-de-mercado-de-servicios-financieros-de-asia","status":"publish","type":"page","link":"https:\/\/www.sisinternational.com\/es\/soluciones\/investigacion-de-consultoria-estrategica-fintech\/investigacion-de-mercado-de-servicios-financieros-de-asia\/","title":{"rendered":"Investigaci\u00f3n de mercado de servicios financieros de Asia"},"content":{"rendered":"<h1 class=\"wp-block-heading\">Investigaci\u00f3n de mercado de servicios financieros de Asia<\/h1>\n\n\n\n<figure class=\"gb-block-image gb-block-image-2f219019\"><img loading=\"lazy\" decoding=\"async\" width=\"1456\" height=\"816\" class=\"gb-image gb-image-2f219019\" src=\"https:\/\/www.sisinternational.com\/wp-content\/uploads\/2025\/10\/Asia-Financial-Services-3.jpg\" alt=\"Investigaci\u00f3n y estrategia de mercado internacional de SIS\" title=\"Asia Financial Services (3)\" srcset=\"https:\/\/www.sisinternational.com\/wp-content\/uploads\/2025\/10\/Asia-Financial-Services-3.jpg 1456w, https:\/\/www.sisinternational.com\/wp-content\/uploads\/2025\/10\/Asia-Financial-Services-3-300x168.jpg 300w, https:\/\/www.sisinternational.com\/wp-content\/uploads\/2025\/10\/Asia-Financial-Services-3-1024x574.jpg 1024w, https:\/\/www.sisinternational.com\/wp-content\/uploads\/2025\/10\/Asia-Financial-Services-3-768x430.jpg 768w, https:\/\/www.sisinternational.com\/wp-content\/uploads\/2025\/10\/Asia-Financial-Services-3-18x10.jpg 18w\" sizes=\"auto, (max-width: 1456px) 100vw, 1456px\"><\/figure>\n\n\n\n<p><\/p>\n\n\n\n<hr class=\"wp-block-separator has-alpha-channel-opacity\"\/>\n\n\n\n<p>Asia financial services market research has undergone major changes in recent years, driven by new markets, technological advances, and evolving customer expectations. Now, if companies want to stay ahead of the curve and meet their customers&#8217; needs, conducting research is essential.<\/p>\n\n\n\n<p>With in-depth research, global companies can understand the Asian financial markets and dramatically increase their chances of success.<\/p>\n\n\n\n<h2 class=\"wp-block-heading\"><strong>Comprensi\u00f3n de la investigaci\u00f3n del mercado de servicios financieros de Asia<\/strong><\/h2>\n\n\n\n<p><span style=\"font-weight: 400;\">Asia financial services <a href=\"https:\/\/www.linkedin.com\/pulse\/how-market-research-enables-growth-ruth-stanat-phekf\/\" target=\"_blank\" rel=\"noopener\">investigaci\u00f3n de mercado<\/a> provides a comprehensive understanding of market dynamics, including economic growth patterns, consumer behavior, and regulatory environments across Asian countries. Moreover, this research identifies growth opportunities within the Asian financial <a href=\"https:\/\/www.sisinternational.com\/es\/pericia\/industrias\/q-investigacion-de-mercado-comercial\/\" title=\"Investigaci\u00f3n de mercado de Q-Commerce\" data-wpil-monitor-id=\"4839\">servicios<\/a> sector such as underserved market segments, potential for new product offerings, and areas ripe for technological innovation.<\/span><\/p>\n\n\n\n<h2 class=\"wp-block-heading\"><strong>\u00bfCu\u00e1les son los beneficios de la investigaci\u00f3n de mercado de servicios financieros en Asia?<\/strong><\/h2>\n\n\n\n<figure class=\"wp-block-image\"><img decoding=\"async\" src=\"https:\/\/www.sisinternational.com\/wp-content\/uploads\/2024\/04\/Asia-eCommerce-Consulting.jpg\" alt=\"Consultor\u00eda de comercio electr\u00f3nico en Asia\" class=\"wp-image-47535\"\/><\/figure>\n\n\n\n<p><\/p>\n\n\n\n<p><span style=\"font-weight: 400;\">The benefits of engaging in Asia <a class=\"wpil_keyword_link\" href=\"https:\/\/www.sisinternational.com\/es\/soluciones\/investigacion-de-consultoria-estrategica-fintech\/investigacion-de-mercado-de-servicios-financieros\/\" title=\"Investigaci\u00f3n de mercado de servicios financieros\" data-wpil-keyword-link=\"linked\" data-wpil-monitor-id=\"718\">investigaci\u00f3n de mercado de servicios financieros<\/a> are substantial, especially for businesses looking to enter or expand their presence in this dynamic region. Here\u2019s a detailed look at the advantages:<\/span><\/p>\n\n\n\n<p><b>\u2022 Decisiones informadas de entrada y expansi\u00f3n al mercado<\/b>: This <a href=\"https:\/\/www.sisinternational.com\/es\/pericia\/industrias\/investigacion-de-mercado-de-vacio\/\" title=\"Investigaci\u00f3n de mercado de vac\u00edo\" data-wpil-monitor-id=\"4860\">investigaci\u00f3n<\/a> provides critical insights into various Asian markets, enabling businesses to make informed decisions about market entry and expansion strategies.<\/span><\/p>\n\n\n\n<p><b>\u2022 Identificaci\u00f3n de oportunidades emergentes<\/b><span style=\"font-weight: 400;\">: Asia&#8217;s financial markets are rapidly evolving, and this research helps identify emerging trends and opportunities. Businesses can tap into new segments, innovate product offerings, and stay ahead of the competition.<\/span><\/p>\n\n\n\n<p><b>\u2022 Desarrollo de productos centrado en el cliente<\/b>: Deep insights into <a href=\"https:\/\/www.sisinternational.com\/es\/servicios-de-investigacion-de-segmentacion-de-mercado\/\" title=\"Servicios de investigaci\u00f3n de segmentaci\u00f3n de mercado\" data-wpil-monitor-id=\"2497\">consumidor<\/a> behavior and preferences in different Asian markets enable businesses to develop customer-centric financial products and services, increasing the likelihood of market acceptance and success.<\/span><\/p>\n\n\n\n<p><b>\u2022 Adaptaci\u00f3n a las Tendencias Tecnol\u00f3gicas<\/b>: Asia financial <a href=\"https:\/\/www.sisinternational.com\/es\/soluciones\/soluciones-de-investigacion-cualitativa-cuantitativa\/investigacion-de-mercado-de-servicios-de-campo\/\" title=\"Investigaci\u00f3n de mercado de servicios de campo\" data-wpil-monitor-id=\"4520\">services market research<\/a> provides insights into the technological advancements shaping the industry such as fintech innovations and digital banking trends. Businesses can use this information to adapt to or lead in technological adoption.<\/span><\/p>\n\n\n\n<p><b>\u2022 Alianzas y colaboraciones estrat\u00e9gicas<\/b><span style=\"font-weight: 400;\">: Esta investigaci\u00f3n puede identificar posibles oportunidades de asociaci\u00f3n con actores locales o regionales, que pueden ser cruciales para navegar las complejidades de los mercados asi\u00e1ticos.<\/span><\/p>\n\n\n\n<h2 class=\"wp-block-heading\">Investigaci\u00f3n del mercado de servicios financieros de Asia: \u00bfPor qu\u00e9 es importante?<\/h2>\n\n\n\n<p>The Asian financial services landscape is dynamic and rapidly growing, encompassing a wide variety of sectors like banking, insurance, asset management, and fintech. At the same time, it possesses a rising population and a rapidly growing middle class, making Asian financial markets attractive to financial institutions and investors seeking growth prospects.<\/p>\n\n\n\n<p>Este mercado tambi\u00e9n es conocido por su alto grado de innovaci\u00f3n y adopci\u00f3n de tecnolog\u00edas de vanguardia como pagos m\u00f3viles, banca digital y blockchain. Sin embargo, el sector de servicios financieros asi\u00e1tico es muy competitivo y enfrenta numerosos problemas, como regulaciones cambiantes, riesgos geopol\u00edticos y preferencias cambiantes de los clientes.<\/p>\n\n\n\n<p>Therefore, companies must conduct regular <a href=\"https:\/\/www.sisinternational.com\/es\/oportunidades-de-mercado-en-el-sudeste-asiatico\/\" title=\"Investigaci\u00f3n de oportunidades de mercado en el sudeste asi\u00e1tico\" data-wpil-monitor-id=\"2475\">Asia financial services market research<\/a> to stay ahead of developments and capitalize on new opportunities. This helps them identify and respond to the latest customer demands and preferences, enabling businesses to remain ahead of the competition.<\/p>\n\n\n\n<h2 class=\"wp-block-heading\">Investigaci\u00f3n del mercado de servicios financieros de Asia: impulsores clave del crecimiento<\/h2>\n\n\n\n<p>The Asian financial services industry is experiencing a rapid and substantial expansion in countries such as India, Indonesia, and Vietnam playing an essential role in driving this expansion \u2013 and some of the key drivers are:<\/p>\n\n\n\n<p>\u2022 The proliferation of digital technology and the emergence of forward-thinking financial products and services such as mobile banking and digital payments. This advancement in technology is promoting financial inclusion and allowing more individuals to access financial services.<\/p>\n\n\n\n<p>\u2022 La creciente necesidad de financiaci\u00f3n sostenible se ha vuelto cada vez m\u00e1s evidente. Fomenta el crecimiento econ\u00f3mico y al mismo tiempo preserva el medio ambiente y el bienestar social.<\/p>\n\n\n\n<p>\u2022 Actualmente se est\u00e1 llevando a cabo una modernizaci\u00f3n regulatoria en Asia, lo que aumenta la innovaci\u00f3n y la competencia.<\/p>\n\n\n\n<h2 class=\"wp-block-heading\">Principales Mercados<\/h2>\n\n\n\n<figure class=\"gb-block-image gb-block-image-a402cb54\"><img loading=\"lazy\" decoding=\"async\" width=\"1456\" height=\"816\" class=\"gb-image gb-image-a402cb54\" src=\"https:\/\/www.sisinternational.com\/wp-content\/uploads\/2025\/10\/Asia-Financial-Services-1.jpg\" alt=\"Investigaci\u00f3n y estrategia de mercado internacional de SIS\" title=\"Asia Financial Services (1)\" srcset=\"https:\/\/www.sisinternational.com\/wp-content\/uploads\/2025\/10\/Asia-Financial-Services-1.jpg 1456w, https:\/\/www.sisinternational.com\/wp-content\/uploads\/2025\/10\/Asia-Financial-Services-1-300x168.jpg 300w, https:\/\/www.sisinternational.com\/wp-content\/uploads\/2025\/10\/Asia-Financial-Services-1-1024x574.jpg 1024w, https:\/\/www.sisinternational.com\/wp-content\/uploads\/2025\/10\/Asia-Financial-Services-1-768x430.jpg 768w, https:\/\/www.sisinternational.com\/wp-content\/uploads\/2025\/10\/Asia-Financial-Services-1-18x10.jpg 18w\" sizes=\"auto, (max-width: 1456px) 100vw, 1456px\"><\/figure>\n\n\n\n<p><\/p>\n\n\n\n<p>El mercado asi\u00e1tico de servicios financieros ofrece numerosas perspectivas expansivas para las organizaciones financieras y fintech. Actualmente, algunos de los mercados financieros de m\u00e1s r\u00e1pido crecimiento incluyen:<\/p>\n\n\n\n<p><strong>\u2022 Porcelana:<\/strong> China&#8217;s financial services market is the most formidable in Asia, reflecting its rapidly expanding economy and growing demand for financial services.&nbsp;<\/p>\n\n\n\n<p><strong>\u2022 Jap\u00f3n:<\/strong> Japan&#8217;s financial services industry is one of the most advanced in Asia, emphasizing asset management, insurance, and banking.&nbsp;<\/p>\n\n\n\n<p><strong>\u2022 India:<\/strong> La industria de servicios financieros de la India est\u00e1 experimentando un crecimiento exponencial, impulsada por el importante crecimiento demogr\u00e1fico y la mayor demanda de servicios financieros.<\/p>\n\n\n\n<p><strong>\u2022 El sudeste de Asia<\/strong>: Los mercados de servicios financieros en todo el sudeste asi\u00e1tico se han expandido r\u00e1pidamente, guiados por una poblaci\u00f3n adepta a la tecnolog\u00eda y una clase media floreciente. El sector financiero de la regi\u00f3n est\u00e1 liderado por importantes instituciones bancarias y reforzado por la presencia de participantes fintech emergentes. Indonesia, Malasia, Filipinas, Singapur, Tailandia y Vietnam est\u00e1n contribuyendo a este fen\u00f3meno.<\/p>\n\n\n\n<h2 class=\"wp-block-heading\"><strong>Resultados esperados de la investigaci\u00f3n del mercado de servicios financieros de Asia<\/strong><\/h2>\n\n\n\n<p><span style=\"font-weight: 400;\">When engaging in Asia <a href=\"https:\/\/www.sisinternational.com\/es\/soluciones\/investigacion-de-consultoria-estrategica-fintech\/investigacion-de-mercado-de-la-industria-de-servicios-financieros\/\" title=\"Investigaci\u00f3n de mercado de la industria de servicios financieros\" data-wpil-monitor-id=\"4549\">investigaci\u00f3n de mercado de servicios financieros<\/a>, there are specific insights and outcomes that businesses can anticipate as this research is tailored to provide a deep understanding of the Asian financial market&#8217;s unique characteristics and opportunities.&nbsp;<\/span><\/p>\n\n\n\n<p><b>An\u00e1lisis detallado de los comportamientos del consumidor<\/b><span style=\"font-weight: 400;\">: <\/span><span style=\"font-weight: 400;\">Esta investigaci\u00f3n proporciona informaci\u00f3n detallada sobre los comportamientos, preferencias y actitudes de los consumidores hacia los productos y servicios financieros en diferentes mercados asi\u00e1ticos.<\/span><\/p>\n\n\n\n<p><b>Evaluaci\u00f3n del entorno regulatorio<\/b><span style=\"font-weight: 400;\">: <\/span><span style=\"font-weight: 400;\">A critical component is evaluating the regulatory environment in various Asian countries. This includes understanding regulatory challenges, compliance requirements, and potential impacts on business operations.<\/span><\/p>\n\n\n\n<p><b>Identificaci\u00f3n de oportunidades de crecimiento<\/b>: Asia financial <a href=\"https:\/\/www.sisinternational.com\/es\/pericia\/industrias\/investigacion-de-mercado-de-servicios-ambientales\/\" title=\"Investigaci\u00f3n de Mercado de Servicios Ambientales\" data-wpil-monitor-id=\"4838\">services market research<\/a> highlights specific areas of growth and opportunity within the Asian financial services sector such as emerging market segments, untapped consumer bases, or innovative product offerings.<\/span><\/p>\n\n\n\n<p><b>Tendencias de transformaci\u00f3n digital<\/b><span style=\"font-weight: 400;\">: <\/span><span style=\"font-weight: 400;\">Dado el liderazgo de Asia en servicios financieros digitales, la investigaci\u00f3n cubre las tendencias actuales en banca digital, innovaciones fintech y adopci\u00f3n de tecnolog\u00eda en el sector financiero.<\/span><\/p>\n\n\n\n<p><b>Recomendaciones estrat\u00e9gicas personalizadas<\/b><span style=\"font-weight: 400;\">: <\/span><span style=\"font-weight: 400;\">Seg\u00fan los resultados de la investigaci\u00f3n, las empresas reciben recomendaciones personalizadas dise\u00f1adas para navegar y capitalizar el mercado asi\u00e1tico de servicios financieros.<\/span><\/p>\n\n\n\n<h2 class=\"wp-block-heading\"><strong>Leading Players in the Asia Financial Services Market<\/strong><\/h2>\n\n\n\n<p><span style=\"font-weight: 400;\">En el mercado de servicios financieros de Asia, una amplia gama de actores contribuye a la vitalidad y competitividad del sector, y comprender a estos actores clave es crucial para cualquiera que busque navegar en este mercado de manera efectiva.&nbsp;<\/span><\/p>\n\n\n\n<p><b><strong>- <\/strong>Principales bancos e instituciones financieras<\/b><span style=\"font-weight: 400;\">: Prominent banks such as HSBC and DBS Bank are pivotal in shaping the financial landscape. These institutions often lead in market share, innovation, and service offerings.<\/span><\/p>\n\n\n\n<p><b><strong>- <\/strong>Empresas de tecnolog\u00eda financiera<\/b><span style=\"font-weight: 400;\">: El mercado asi\u00e1tico ha experimentado un aumento de actores de tecnolog\u00eda financiera, con empresas como Ant Financial y Paytm revolucionando los pagos digitales, los pr\u00e9stamos y las finanzas personales.<\/span><\/p>\n\n\n\n<p><b><strong>- <\/strong>Las compa\u00f1\u00edas de seguros<\/b><span style=\"font-weight: 400;\">: Significant insurance providers, including AIA Group and China Life Insurance, play a key role in the financial ecosystem and offer a range of insurance products and services.<\/span><\/p>\n\n\n\n<p><b><strong>- <\/strong>Cuerpos reguladores<\/b><span style=\"font-weight: 400;\">: Las autoridades reguladoras como la Autoridad Monetaria de Singapur (MAS), el Banco Popular de China (PBOC) y la Junta de Bolsa y Valores de la India (SEBI) son cruciales para establecer normas y directrices regulatorias en el sector financiero.<\/span><\/p>\n\n\n\n<p><b><strong>- <\/strong>Corporaciones multinacionales<\/b>: Las corporaciones financieras globales como JPMorgan Chase, Citibank y Goldman Sachs tambi\u00e9n tienen una fuerte presencia en Asia, lo que contribuye a la din\u00e1mica financiera de la regi\u00f3n.<\/p>\n\n\n\n<h2 class=\"wp-block-heading\">Oportunidades y desaf\u00edos en la investigaci\u00f3n de mercado de servicios financieros de Asia<\/h2>\n\n\n\n<figure class=\"gb-block-image gb-block-image-4249b8a9\"><img loading=\"lazy\" decoding=\"async\" width=\"1456\" height=\"816\" class=\"gb-image gb-image-4249b8a9\" src=\"https:\/\/www.sisinternational.com\/wp-content\/uploads\/2025\/10\/Asia-Financial-Services-2.jpg\" alt=\"Investigaci\u00f3n y estrategia de mercado internacional de SIS\" title=\"Asia Financial Services (2)\" srcset=\"https:\/\/www.sisinternational.com\/wp-content\/uploads\/2025\/10\/Asia-Financial-Services-2.jpg 1456w, https:\/\/www.sisinternational.com\/wp-content\/uploads\/2025\/10\/Asia-Financial-Services-2-300x168.jpg 300w, https:\/\/www.sisinternational.com\/wp-content\/uploads\/2025\/10\/Asia-Financial-Services-2-1024x574.jpg 1024w, https:\/\/www.sisinternational.com\/wp-content\/uploads\/2025\/10\/Asia-Financial-Services-2-768x430.jpg 768w, https:\/\/www.sisinternational.com\/wp-content\/uploads\/2025\/10\/Asia-Financial-Services-2-18x10.jpg 18w\" sizes=\"auto, (max-width: 1456px) 100vw, 1456px\"><\/figure>\n\n\n\n<p><\/p>\n\n\n\n<p>The Asia financial <a href=\"https:\/\/www.sisinternational.com\/es\/pericia\/industrias\/investigacion-de-mercado-de-servicios-de-comunicacion\/\" title=\"Investigaci\u00f3n de mercado de servicios de comunicaci\u00f3n\" data-wpil-monitor-id=\"5694\">services market research<\/a> presents both challenges and opportunities, including:<\/p>\n\n\n\n<h3 class=\"wp-block-heading\">Oportunidades<\/h3>\n\n\n\n<p>\u2022 A medida que las econom\u00edas asi\u00e1ticas se expanden, la necesidad de servicios financieros como banca, seguros y oportunidades de inversi\u00f3n es cada vez m\u00e1s pronunciada.<\/p>\n\n\n\n<p>\u2022 La proliferaci\u00f3n de servicios financieros digitales ofrece oportunidades lucrativas para que las empresas de tecnolog\u00eda financiera proporcionen soluciones avanzadas y satisfagan los requisitos de los clientes.<\/p>\n\n\n\n<p>\u2022 El aumento de la demanda de finanzas sostenibles e inversiones de impacto presenta una oportunidad \u00fanica para que las empresas creen productos que satisfagan los objetivos \u00e9ticos de los clientes y al mismo tiempo tengan en cuenta los requisitos ambientales y sociales.<\/p>\n\n\n\n<p>\u2022 Partnering and joining forces can provide a unique opportunity to spur progress and widen access to financial services for people in underserved areas. Forging ties between traditional financial establishments and fintech firms in Asia can boost profits while boosting corporate social responsibility.<\/p>\n\n\n\n<h3 class=\"wp-block-heading\">Desaf\u00edos<\/h3>\n\n\n\n<p>\u2022 Introducing financial services to unbanked communities has proven to be a complex challenge. Thus, it is essential to address the needs of these population segments to ensure that all have access to the resources they need.<\/p>\n\n\n\n<p>\u2022 La implementaci\u00f3n de servicios financieros digitales implica riesgos emergentes y requiere una gesti\u00f3n activa, especialmente en lo que respecta a la ciberseguridad.<\/p>\n\n\n\n<p>\u2022 Navigating the Asia <a href=\"https:\/\/www.sisinternational.com\/es\/financial-services-consulting\/robotic-process-automation-in-financial-services\/\" title=\"Robotic Process Automation in Financial Services\" data-wpil-monitor-id=\"1067\">financial services market can be a complex process<\/a>, requiring companies to be aware of the various regulatory frameworks in place. However, understanding these regulations is essential for companies seeking to enter or expand their presence in the region.<\/p>\n\n\n\n<h2 class=\"wp-block-heading\">Perspectivas futuras para la investigaci\u00f3n de mercado de servicios financieros de Asia<\/h2>\n\n\n\n<figure class=\"gb-block-image gb-block-image-997aee28\"><img loading=\"lazy\" decoding=\"async\" width=\"1456\" height=\"816\" class=\"gb-image gb-image-997aee28\" src=\"https:\/\/www.sisinternational.com\/wp-content\/uploads\/2025\/10\/Asia-Financial-Services-4.jpg\" alt=\"Investigaci\u00f3n y estrategia de mercado internacional de SIS\" title=\"Asia Financial Services (4)\" srcset=\"https:\/\/www.sisinternational.com\/wp-content\/uploads\/2025\/10\/Asia-Financial-Services-4.jpg 1456w, https:\/\/www.sisinternational.com\/wp-content\/uploads\/2025\/10\/Asia-Financial-Services-4-300x168.jpg 300w, https:\/\/www.sisinternational.com\/wp-content\/uploads\/2025\/10\/Asia-Financial-Services-4-1024x574.jpg 1024w, https:\/\/www.sisinternational.com\/wp-content\/uploads\/2025\/10\/Asia-Financial-Services-4-768x430.jpg 768w, https:\/\/www.sisinternational.com\/wp-content\/uploads\/2025\/10\/Asia-Financial-Services-4-18x10.jpg 18w\" sizes=\"auto, (max-width: 1456px) 100vw, 1456px\"><\/figure>\n\n\n\n<p><\/p>\n\n\n\n<p>The emergence of several financial trends and innovations is driving the sector&#8217;s growth and development. Consequently, <a href=\"https:\/\/www.sisinternational.com\/es\/investigacion-de-mercado-en-ciudades-de-segundo-nivel-de-china\/\" title=\"Investigaci\u00f3n de mercado en las ciudades de segundo nivel de China\" data-wpil-monitor-id=\"7628\">Asia financial services market research<\/a> is expected to increase in the next few years. Mainly, some of the most important trends impacting the Asian financial markets are:<\/p>\n\n\n\n<p>\u2022 The rapid growth of digital transformation. The financial services landscape in <a href=\"https:\/\/www.sisinternational.com\/es\/financial-services-consulting\/financial-services-customer-satisfaction\/\" title=\"Financial Services Customer Satisfaction\" data-wpil-monitor-id=\"7497\">Asia<\/a> will continue to shift to meet customer demands, and fintech organizations are playing a crucial role in providing cutting-edge solutions to Asian consumers.<\/p>\n\n\n\n<p>\u2022 The financial services industry will remain dedicated to providing increased access to financial services for underserved populations through new technologies and strategic collaborations.&nbsp;<\/p>\n\n\n\n<p>\u2022 The increasing interest in sustainability and impact investing is forecasted to prevail. Organizations are expected to provide services that meet customers&#8217; ideals and satisfy ecological and societal requirements.<\/p>\n\n\n\n<p>\u2022 As further regulatory reforms are implemented, financial systems in Asia will modernize. This will stimulate innovation and healthy competition while protecting consumer rights and preserving the integrity of the financial sector.<\/p>\n\n\n\n<h2 class=\"wp-block-heading\">Nuestra ubicaci\u00f3n de instalaciones en Nueva York<\/h2>\n\n\n\n<p>  <iframe loading=\"lazy\" src=\"https:\/\/www.google.com\/maps\/embed?pb=!1m18!1m12!1m3!1d3022.976188376966!2d-73.99130312499956!3d40.740549471389315!2m3!1f0!2f0!3f0!3m2!1i1024!2i768!4f13.1!3m3!1m2!1s0x89c259a15798c731%3A0xd695d09bdd495f25!2s11%20E%2022nd%20St%20FL%202%2C%20New%20York%2C%20NY%2010010%2C%20USA!5e0!3m2!1sen!2spe!4v1726171763526!5m2!1sen!2spe\" width=\"600\" height=\"450\" allowfullscreen=\"allowfullscreen\" data-mce-fragment=\"1\"><\/iframe>  <\/p>\n\n\n\n<h3 class=\"wp-block-heading\">11 E 22nd Street, piso 2, Nueva York, NY 10010 T: +1(212) 505-6805<\/h3>\n\n\n\n<hr class=\"wp-block-separator has-alpha-channel-opacity\"\/>\n\n\n\n<h2 class=\"wp-block-heading\"><strong>Acerca de SIS Internacional<\/strong><\/h2>\n\n\n\n<p><a href=\"https:\/\/www.sisinternational.com\/es\/\"><span style=\"font-weight: 400;\">SIS Internacional<\/span><\/a><span style=\"font-weight: 400;\"> ofrece investigaci\u00f3n cuantitativa, cualitativa y estrat\u00e9gica. Proporcionamos datos, herramientas, estrategias, informes y conocimientos para la toma de decisiones. Tambi\u00e9n realizamos entrevistas, encuestas, grupos focales y otros m\u00e9todos y enfoques de investigaci\u00f3n de mercado.<\/span><a href=\"https:\/\/www.sisinternational.com\/es\/sobre-la-investigacion-internacional-de-sis\/contact-sis-international-market-research\/\"><span style=\"font-weight: 400;\"> P\u00f3ngase en contacto con nosotros<\/span><\/a><span style=\"font-weight: 400;\"> para su pr\u00f3ximo proyecto de Investigaci\u00f3n de Mercado.<\/span><\/p>\n\n\n\n<p><span style=\"font-weight: 400;\">&nbsp;<\/span><\/p>\n\n\n\n<p><\/p>\n\n\n\n<p><\/p>","protected":false},"excerpt":{"rendered":"<p>Los servicios financieros asi\u00e1ticos son un campo din\u00e1mico y en crecimiento que abarca muchos sectores como la banca, los seguros, la gesti\u00f3n de activos y la tecnolog\u00eda financiera.<\/p>","protected":false},"author":1,"featured_media":71809,"parent":27462,"menu_order":43,"comment_status":"closed","ping_status":"closed","template":"","meta":{"footnotes":""},"class_list":["post-41732","page","type-page","status-publish","has-post-thumbnail"],"_links":{"self":[{"href":"https:\/\/www.sisinternational.com\/es\/wp-json\/wp\/v2\/pages\/41732","targetHints":{"allow":["GET"]}}],"collection":[{"href":"https:\/\/www.sisinternational.com\/es\/wp-json\/wp\/v2\/pages"}],"about":[{"href":"https:\/\/www.sisinternational.com\/es\/wp-json\/wp\/v2\/types\/page"}],"author":[{"embeddable":true,"href":"https:\/\/www.sisinternational.com\/es\/wp-json\/wp\/v2\/users\/1"}],"replies":[{"embeddable":true,"href":"https:\/\/www.sisinternational.com\/es\/wp-json\/wp\/v2\/comments?post=41732"}],"version-history":[{"count":22,"href":"https:\/\/www.sisinternational.com\/es\/wp-json\/wp\/v2\/pages\/41732\/revisions"}],"predecessor-version":[{"id":81251,"href":"https:\/\/www.sisinternational.com\/es\/wp-json\/wp\/v2\/pages\/41732\/revisions\/81251"}],"up":[{"embeddable":true,"href":"https:\/\/www.sisinternational.com\/es\/wp-json\/wp\/v2\/pages\/27462"}],"wp:featuredmedia":[{"embeddable":true,"href":"https:\/\/www.sisinternational.com\/es\/wp-json\/wp\/v2\/media\/71809"}],"wp:attachment":[{"href":"https:\/\/www.sisinternational.com\/es\/wp-json\/wp\/v2\/media?parent=41732"}],"curies":[{"name":"wp","href":"https:\/\/api.w.org\/{rel}","templated":true}]}}