{"id":41718,"date":"2023-03-14T17:57:45","date_gmt":"2023-03-14T21:57:45","guid":{"rendered":"https:\/\/www.sisinternational.com\/?page_id=41718"},"modified":"2026-01-26T14:31:09","modified_gmt":"2026-01-26T19:31:09","slug":"investigacion-de-mercado-de-materiales-avanzados","status":"publish","type":"page","link":"https:\/\/www.sisinternational.com\/es\/pericia\/investigacion-de-mercado-de-materiales-avanzados\/","title":{"rendered":"Investigaci\u00f3n de mercado de materiales avanzados"},"content":{"rendered":"<h1 class=\"wp-block-heading\">Investigaci\u00f3n de mercado de materiales avanzados<\/h1>\n\n\n\n<figure class=\"gb-block-image gb-block-image-a8bf3cac\"><img loading=\"lazy\" decoding=\"async\" width=\"1456\" height=\"816\" class=\"gb-image gb-image-a8bf3cac\" src=\"https:\/\/www.sisinternational.com\/wp-content\/uploads\/2025\/08\/Oit-petroleum-petrochemical-10.jpg\" alt=\"Investigaci\u00f3n y estrategia de mercado internacional de SIS\" title=\"Oit petroleum petrochemical (10)\" srcset=\"https:\/\/www.sisinternational.com\/wp-content\/uploads\/2025\/08\/Oit-petroleum-petrochemical-10.jpg 1456w, https:\/\/www.sisinternational.com\/wp-content\/uploads\/2025\/08\/Oit-petroleum-petrochemical-10-300x168.jpg 300w, https:\/\/www.sisinternational.com\/wp-content\/uploads\/2025\/08\/Oit-petroleum-petrochemical-10-1024x574.jpg 1024w, https:\/\/www.sisinternational.com\/wp-content\/uploads\/2025\/08\/Oit-petroleum-petrochemical-10-768x430.jpg 768w, https:\/\/www.sisinternational.com\/wp-content\/uploads\/2025\/08\/Oit-petroleum-petrochemical-10-18x10.jpg 18w\" sizes=\"auto, (max-width: 1456px) 100vw, 1456px\"><\/figure>\n\n\n\n<p><\/p>\n\n\n\n<hr class=\"wp-block-separator has-alpha-channel-opacity is-style-dots\"\/>\n\n\n\n<div class=\"wp-block-columns has-global-color-9-color has-text-color has-background has-link-color wp-elements-a8dfeef86bfc233b30a215f156ab3643 is-layout-flex wp-container-core-columns-is-layout-9d6595d7 wp-block-columns-is-layout-flex\" style=\"background-color:#f7f9fa6e\">\n<div class=\"wp-block-column is-layout-flow wp-block-column-is-layout-flow\" style=\"flex-basis:18%\"><\/div>\n\n\n\n<div class=\"wp-block-column is-vertically-aligned-center is-layout-flow wp-block-column-is-layout-flow\" style=\"flex-basis:71.28%\">\n<div class=\"wp-block-rank-math-toc-block aligncenter has-global-color-9-color has-text-color has-link-color wp-elements-0d6aaf33f1702c477cd1479ae808eb21\" style=\"font-size:16px\" id=\"rank-math-toc\"><h2><br><strong>t<\/strong>able of Contents<\/h2><nav><ul><li class=\"\"><a href=\"#why-are-advanced-materials-important\">\u00bfPor qu\u00e9 son importantes los materiales avanzados?<\/a><\/li><li class=\"\"><a href=\"#key-job-titles\">T\u00edtulos de trabajo clave<\/a><\/li><li class=\"\"><a href=\"#why-businesses-need-advanced-materials-market-research\">Por qu\u00e9 las empresas necesitan una investigaci\u00f3n de mercado de materiales avanzados<\/a><\/li><li class=\"\"><a href=\"#key-success-factors\">Factores claves del \u00e9xito<\/a><\/li><li class=\"\"><a href=\"#about-advanced-materials-market-research\">Acerca de la investigaci\u00f3n de mercado de materiales avanzados<\/a><\/li><\/ul><\/nav><\/div>\n<\/div>\n<\/div>\n\n\n\n<p><\/p>\n\n\n\n<h2 class=\"wp-block-heading\" id=\"why-are-advanced-materials-important\">\u00bfPor qu\u00e9 son importantes los materiales avanzados?<\/h2>\n\n\n\n<p>Los materiales avanzados son esenciales por diversas razones. El primero es el rendimiento mejorado. Los materiales avanzados tienen propiedades superiores, como resistencia, durabilidad, flexibilidad y conductividad. Otro punto clave es que estas propiedades pueden mejorar el rendimiento de productos y sistemas.<\/p>\n\n\n\n<p>Muchos materiales avanzados tienen propiedades \u00fanicas. Por este motivo, son ideales para su uso en tecnolog\u00edas de energ\u00eda renovable. De hecho, son perfectos para paneles solares y turbinas e\u00f3licas. Adem\u00e1s, su uso puede ayudar a reducir las emisiones de gases de efecto invernadero y combatir el cambio clim\u00e1tico. Otro beneficio de los materiales avanzados es que pueden reducir los residuos y aumentar el reciclaje. Tambi\u00e9n puede mejorar la sostenibilidad de productos y sistemas.<\/p>\n\n\n\n<p>Advanced materials have many other uses. They can be used to develop new materials that are safer and more durable. Thus, they can help reduce the risk of accidents and injuries. They can also be used to develop new medical devices and treatments. These devices and treatments are more effective and durable, as well as less invasive.<\/p>\n\n\n\n<h2 class=\"wp-block-heading\" id=\"key-job-titles\">T\u00edtulos de trabajo clave<\/h2>\n\n\n\n<h3 class=\"wp-block-heading\">A continuaci\u00f3n se muestran algunos t\u00edtulos de trabajo clave en el campo de materiales avanzados:<\/h3>\n\n\n\n<p><strong>1. Materials Scientist or Engineer.<\/strong> This role involves researching, developing, and testing new materials. These new materials have specific properties and applications. Materials scientists and engineers may work in a variety of industries. For example, they work in aerospace, automotive, electronics, and healthcare.<br><strong>2. Chemical Engineer.<\/strong> Chemical engineers design and develop chemical processes and materials. They often work in the manufacturing or industrial sector.<br><strong>3. Metallurgist.<\/strong> Metallurgists specialize in producing, processing, and characterizing metals and alloys for advanced aerospace and defense applications.<br><strong>4. Nanotechnologist.<\/strong> Nanotechnologists design, develop, and apply materials and devices at the nanoscale. These materials can have unique properties and applications.<br><strong>5. Quality Control Manager.<\/strong> Quality control managers ensure that materials and products meet specific standards. They do so through testing and inspection procedures.<br><strong>6. Product Development Manager. <\/strong>Product development managers oversee the development of new materials and products. They work from conceptualization to commercialization. They often work with cross-functional teams of scientists, engineers, and marketing professionals.<br><strong>7. Research and Development Director. <\/strong>Research and development directors lead teams of scientists and engineers. They help to develop new materials, technologies, and products. They often set strategic goals and manage budgets and resources.<\/p>\n\n\n\n<h2 class=\"wp-block-heading\" id=\"why-businesses-need-advanced-materials-market-research\">Por qu\u00e9 las empresas necesitan una investigaci\u00f3n de mercado de materiales avanzados<\/h2>\n\n\n\n<figure class=\"gb-block-image gb-block-image-1641a375\"><img loading=\"lazy\" decoding=\"async\" width=\"1456\" height=\"816\" class=\"gb-image gb-image-1641a375\" src=\"https:\/\/www.sisinternational.com\/wp-content\/uploads\/2025\/10\/Sales-Engineering-2.jpg\" alt=\"Investigaci\u00f3n y estrategia de mercado internacional de SIS\" title=\"Sales Engineering (2)\" srcset=\"https:\/\/www.sisinternational.com\/wp-content\/uploads\/2025\/10\/Sales-Engineering-2.jpg 1456w, https:\/\/www.sisinternational.com\/wp-content\/uploads\/2025\/10\/Sales-Engineering-2-300x168.jpg 300w, https:\/\/www.sisinternational.com\/wp-content\/uploads\/2025\/10\/Sales-Engineering-2-1024x574.jpg 1024w, https:\/\/www.sisinternational.com\/wp-content\/uploads\/2025\/10\/Sales-Engineering-2-768x430.jpg 768w, https:\/\/www.sisinternational.com\/wp-content\/uploads\/2025\/10\/Sales-Engineering-2-18x10.jpg 18w\" sizes=\"auto, (max-width: 1456px) 100vw, 1456px\"><\/figure>\n\n\n\n<p><\/p>\n\n\n\n<p>Las empresas necesitan materiales avanzados por diversas razones. Estos materiales pueden mejorar el rendimiento de productos y sistemas. Por tanto, proporcionan a las empresas una ventaja competitiva en el mercado.<\/p>\n\n\n\n<p>El desarrollo y uso de materiales avanzados puede impulsar la innovaci\u00f3n y la creatividad. Ayudan a las empresas a mantenerse a la vanguardia. Tambi\u00e9n les permiten responder a las necesidades y preferencias cambiantes de los clientes.<\/p>\n\n\n\n<p>Advanced materials can improve the sustainability of products and systems. They help businesses meet environmental regulations and consumer demands for eco-friendly products. Advanced materials can also help companies to differentiate their products from their competitors. Moreover, they create a unique selling proposition that attracts customers and drives sales.<\/p>\n\n\n\n<p>Advanced <a href=\"https:\/\/www.sisinternational.com\/es\/pericia\/industrias\/investigacion-de-mercado-de-materiales-de-construccion-ecologicos\/\" title=\"Investigaci\u00f3n de mercado de materiales de construcci\u00f3n ecol\u00f3gicos\"  data-wpil-monitor-id=\"3338\">materials can open up new market<\/a> opportunities for businesses. These materials allow them to expand into new industries and sectors. Businesses need advanced materials to stay competitive, meet customer demands, and reduce costs. They also need them to drive innovation and growth. As a result, advanced materials are becoming crucial for businesses across various industries.<\/p>\n\n\n\n<h2 class=\"wp-block-heading\" id=\"key-success-factors\">Factores claves del \u00e9xito<\/h2>\n\n\n\n<ul class=\"wp-block-list\">\n<li>Ongoing research and development are critical to advancing advanced materials. These efforts include using cutting-edge technologies such as nanotechnology, biotechnology, and materials science.<\/li>\n\n\n\n<li>La colaboraci\u00f3n entre investigadores, socios de la industria y otras partes interesadas es esencial. Permite compartir conocimientos, experiencia y recursos.<\/li>\n\n\n\n<li>La capacidad de ampliar la producci\u00f3n de materiales avanzados es fundamental. Permite la producci\u00f3n en masa y una fabricaci\u00f3n rentable.<\/li>\n\n\n\n<li>Son necesarias medidas estrictas de control de calidad. Estas medidas garantizan que los materiales avanzados cumplan est\u00e1ndares espec\u00edficos, particularmente en las industrias aeroespacial, de defensa y de atenci\u00f3n m\u00e9dica.<\/li>\n\n\n\n<li>Es esencial una fuerte protecci\u00f3n de la propiedad intelectual. Permite a las empresas proteger su tecnolog\u00eda y procesos patentados. Tambi\u00e9n les ayuda a mantener una ventaja competitiva.<\/li>\n\n\n\n<li>El cumplimiento de los requisitos reglamentarios es crucial para desarrollar y utilizar materiales avanzados en las industrias de la salud y de alimentos y bebidas.<\/li>\n\n\n\n<li><a href=\"https:\/\/www.sisinternational.com\/es\/pericia\/industrias\/investigacion-de-mercado-de-manipulacion-de-materiales\/\" title=\"Investigaci\u00f3n de mercado de manipulaci\u00f3n de materiales\"  data-wpil-monitor-id=\"6032\">Market demand for advanced materials<\/a> is crucial to success. It determines the potential for commercialization and profitability.<\/li>\n\n\n\n<li>El desarrollo y uso exitosos de materiales avanzados requiere experiencia cient\u00edfica. Tambi\u00e9n requiere capacidades de fabricaci\u00f3n, colaboraci\u00f3n y demanda del mercado. La capacidad de equilibrar estos factores es fundamental para lograr el \u00e9xito.<\/li>\n<\/ul>\n\n\n\n<p><\/p>\n\n\n\n<!DOCTYPE html>\n<html lang=\"en\">\n<head>\n    <meta charset=\"UTF-8\">\n    <meta name=\"viewport\" content=\"width=device-width, initial-scale=1.0\">\n    <title>AI Blog Banner<\/title>\n    <style>\n        * {\n            margin: 0;\n            padding: 0;\n            box-sizing: border-box;\n        }\n\n        .banner {\n            position: relative;\n            width: 100%;\n            height: 350px;\n            overflow: hidden;\n            display: flex;\n            align-items: center;\n            justify-content: center;\n            font-family: 'Arial', sans-serif;\n            border-radius: 25px;\n        }\n\n        .animated-background {\n            position: absolute;\n            top: 0;\n            left: 0;\n            width: 100%;\n            height: 100%;\n            background: linear-gradient(45deg, #003f6b, #2d5a7b, #003f6b, #2d5a7b);\n            background-size: 400% 400%;\n            animation: gradientMove 8s ease-in-out infinite;\n        }\n\n        .ai-pattern {\n            position: absolute;\n            top: 0;\n            left: 0;\n            width: 100%;\n            height: 100%;\n            opacity: 0.1;\n            background-image: \n                radial-gradient(circle at 20% 20%, rgba(255,255,255,0.3) 2px, transparent 2px),\n                radial-gradient(circle at 80% 80%, rgba(255,255,255,0.2) 1px, transparent 1px),\n                radial-gradient(circle at 40% 60%, rgba(255,255,255,0.15) 1.5px, transparent 1.5px),\n                radial-gradient(circle at 60% 20%, rgba(255,255,255,0.25) 1px, transparent 1px),\n                radial-gradient(circle at 80% 40%, rgba(255,255,255,0.2) 2px, transparent 2px);\n            background-size: 100px 100px, 150px 150px, 80px 80px, 120px 120px, 90px 90px;\n            animation: patternFloat 12s linear infinite;\n        }\n\n        .neural-network {\n            position: absolute;\n            top: 0;\n            left: 0;\n            width: 100%;\n            height: 100%;\n            opacity: 0.08;\n        }\n\n        .neural-line {\n            position: absolute;\n            height: 1px;\n            background: linear-gradient(90deg, transparent, rgba(255,255,255,0.5), transparent);\n            animation: neuralPulse 6s ease-in-out infinite;\n        }\n\n        .neural-line:nth-child(1) {\n            top: 30%;\n            left: 0;\n            width: 60%;\n            animation-delay: 0s;\n        }\n\n        .neural-line:nth-child(2) {\n            top: 50%;\n            right: 0;\n            width: 70%;\n            animation-delay: 2s;\n        }\n\n        .neural-line:nth-child(3) {\n            top: 70%;\n            left: 20%;\n            width: 50%;\n            animation-delay: 4s;\n        }\n\n        .content {\n            position: relative;\n            z-index: 10;\n            text-align: center;\n            color: white !important;\n            max-width: 800px;\n            padding: 30px;\n        }\n\n        .content * {\n            color: white !important;\n        }\n\n        .cta-text {\n            font-size: 1.9rem;\n            font-weight: 700;\n            margin-bottom: 15px;\n            color: white !important;\n            background: linear-gradient(90deg, rgba(255,255,255,0.6), rgba(255,255,255,1), rgba(230,230,230,1), rgba(255,255,255,1), rgba(240,240,240,0.8), rgba(255,255,255,0.6));\n            background-size: 200% 100%;\n            -webkit-background-clip: text;\n            -webkit-text-fill-color: transparent;\n            background-clip: text;\n            animation: shineEffect 10s ease-in-out infinite;\n            line-height: 1.3;\n        }\n\n        .cta-subheading {\n            font-size: 1rem;\n            font-weight: 400;\n            margin-bottom: 25px;\n            color: white !important;\n            line-height: 1.6;\n            opacity: 0.95;\n        }\n\n        .cta-button {\n            background: linear-gradient(135deg, #8a6b0f, #bd9013, #d4a519);\n            border: 2px solid #8a6b0f;\n            color: white !important;\n            padding: 18px 40px;\n            font-size: 1.2rem;\n            font-weight: 600;\n            border-radius: 50px;\n            cursor: pointer;\n            transition: all 0.3s ease;\n            text-decoration: none;\n            display: inline-block;\n            position: relative;\n            overflow: hidden;\n        }\n\n        .cta-button::before {\n            content: '';\n            position: absolute;\n            top: 0;\n            left: -100%;\n            width: 100%;\n            height: 100%;\n            background: linear-gradient(90deg, \n                transparent 0%, \n                rgba(255, 255, 255, 0.3) 25%,\n                rgba(255, 255, 255, 0.6) 50%,\n                rgba(255, 255, 255, 0.3) 75%,\n                transparent 100%);\n            animation: shine 3s ease-in-out infinite;\n        }\n\n        .cta-button:hover {\n            transform: translateY(-3px);\n            box-shadow: 0 10px 25px rgba(0,0,0,0.2);\n            border-color: #bd9013;\n            background: linear-gradient(135deg, #bd9013, #d4a519, #e6b61f);\n        }\n\n        .floating-elements {\n            position: absolute;\n            top: 0;\n            left: 0;\n            width: 100%;\n            height: 100%;\n            pointer-events: none;\n        }\n\n        .floating-circle {\n            position: absolute;\n            border-radius: 50%;\n            background: rgba(255,255,255,0.1);\n            animation: float 8s ease-in-out infinite;\n        }\n\n        .floating-circle:nth-child(1) {\n            width: 80px;\n            height: 80px;\n            top: 20%;\n            left: 10%;\n            animation-delay: 0s;\n        }\n\n        .floating-circle:nth-child(2) {\n            width: 60px;\n            height: 60px;\n            top: 60%;\n            right: 15%;\n            animation-delay: 3s;\n        }\n\n        .floating-circle:nth-child(3) {\n            width: 40px;\n            height: 40px;\n            top: 80%;\n            left: 80%;\n            animation-delay: 6s;\n        }\n\n        .floating-circle:nth-child(4) {\n            width: 70px;\n            height: 70px;\n            top: 10%;\n            right: 20%;\n            animation-delay: 1.5s;\n        }\n\n        .floating-circle:nth-child(5) {\n            width: 50px;\n            height: 50px;\n            top: 75%;\n            left: 30%;\n            animation-delay: 4.5s;\n        }\n\n        @keyframes gradientMove {\n            0% { background-position: 0% 50%; }\n            25% { background-position: 100% 50%; }\n            50% { background-position: 100% 100%; }\n            75% { background-position: 0% 100%; }\n            100% { background-position: 0% 50%; }\n        }\n\n        @keyframes patternFloat {\n            0% { transform: translateX(0) translateY(0); }\n            33% { transform: translateX(30px) translateY(-20px); }\n            66% { transform: translateX(-20px) translateY(10px); }\n            100% { transform: translateX(0) translateY(0); }\n        }\n\n        @keyframes neuralPulse {\n            0%, 100% { opacity: 0.08; }\n            50% { opacity: 0.2; }\n        }\n\n        @keyframes shineEffect {\n            0% { background-position: 200% 0; }\n            100% { background-position: -200% 0; }\n        }\n\n        @keyframes shine {\n            0% {\n                left: -100%;\n            }\n            20%, 100% {\n                left: 100%;\n            }\n        }\n\n        @keyframes float {\n            0%, 100% { transform: translateY(0px) rotate(0deg); }\n            33% { transform: translateY(-30px) rotate(120deg); }\n            66% { transform: translateY(15px) rotate(240deg); }\n        }\n\n        @media (max-width: 768px) {\n            .banner {\n                height: 320px;\n                padding: 30px 0;\n            }\n            \n            .content {\n                padding: 40px 20px;\n            }\n            \n            .cta-text {\n                font-size: 1.3rem;\n                margin-bottom: 12px;\n            }\n            \n            .cta-subheading {\n                font-size: 0.85rem;\n                margin-bottom: 20px;\n            }\n            \n            .cta-button {\n                padding: 14px 28px;\n                font-size: 0.95rem;\n            }\n        }\n    <\/style>\n<\/head>\n<body>\n    <div class=\"banner\">\n        <div class=\"animated-background\"><\/div>\n        \n        <div class=\"ai-pattern\"><\/div>\n        \n        <div class=\"neural-network\">\n            <div class=\"neural-line\"><\/div>\n            <div class=\"neural-line\"><\/div>\n            <div class=\"neural-line\"><\/div>\n        <\/div>\n        \n        <div class=\"floating-elements\">\n            <div class=\"floating-circle\"><\/div>\n            <div class=\"floating-circle\"><\/div>\n            <div class=\"floating-circle\"><\/div>\n            <div class=\"floating-circle\"><\/div>\n            <div class=\"floating-circle\"><\/div>\n        <\/div>\n        \n        <div class=\"content\">\n            <div class=\"cta-text\">Ready to explore the insights that drive smarter decisions?<\/div>\n            <div class=\"cta-subheading\">Contact our Research experts today.<\/div>\n            <a href=\"mailto:Research@sisinternational.com\" class=\"cta-button\">Contact us now!<\/a>\n        <\/div>\n    <\/div>\n<\/body>\n<\/html>\n\n\n\n<p><\/p>\n\n\n\n<h2 class=\"wp-block-heading\" id=\"about-advanced-materials-market-research\">Acerca de la investigaci\u00f3n de mercado de materiales avanzados<\/h2>\n\n\n\n<p>Qualitative Market Research is necessary when producing or dealing with advanced materials. It allows your business to explore the market in depth. The benefit to you is that it is cheaper than <a class=\"wpil_keyword_link\" href=\"https:\/\/www.sisinternational.com\/es\/soluciones\/soluciones-de-investigacion-cualitativa-cuantitativa\/investigacion-de-mercado-cuantitativa-2\/\"   title=\"Investigaci\u00f3n de mercado cuantitativa\" data-wpil-keyword-link=\"linked\"  data-wpil-monitor-id=\"720\">Investigaci\u00f3n de mercado cuantitativa<\/a>. At SIS International, we offer both types.<\/p>\n\n\n\n<p>SIS also does UX <a href=\"https:\/\/www.sisinternational.com\/es\/pericia\/industrias\/investigacion-de-mercado-de-condimentos\/\" title=\"Investigaci\u00f3n de mercado de condimentos\"  data-wpil-monitor-id=\"3337\">Estudios de mercado<\/a>, Competitive Analysis, and Market Entry Research. We can help you develop your Go to Market Strategy. We also provide Focus Groups, Surveys, and Interviews to help your planning process.<\/p>\n\n\n\n<p>Are you looking to enter a new market? We also offer <a href=\"https:\/\/www.sisinternational.com\/es\/pericia\/industrias\/investigacion-de-mercado-de-pesticidas\/\" title=\"Investigaci\u00f3n de mercado de pesticidas\"  data-wpil-monitor-id=\"3373\">Investigaci\u00f3n de dimensionamiento del mercado<\/a> and Market Opportunity Research. Contact us today for a consultation.<\/p>\n\n\n<h2>Nuestra ubicaci\u00f3n de instalaciones en Nueva York<\/h2>\n<p><!-- \/wp:post-content --> <!-- wp:html --> <iframe loading=\"lazy\" src=\"https:\/\/www.google.com\/maps\/embed?pb=!1m18!1m12!1m3!1d3022.976188376966!2d-73.99130312499956!3d40.740549471389315!2m3!1f0!2f0!3f0!3m2!1i1024!2i768!4f13.1!3m3!1m2!1s0x89c259a15798c731%3A0xd695d09bdd495f25!2s11%20E%2022nd%20St%20FL%202%2C%20New%20York%2C%20NY%2010010%2C%20USA!5e0!3m2!1sen!2spe!4v1726171763526!5m2!1sen!2spe\" width=\"600\" height=\"450\" allowfullscreen=\"allowfullscreen\" data-mce-fragment=\"1\"><\/iframe> <!-- \/wp:html --> <!-- wp:paragraph --><\/p>\n<h3 class=\"wp-block-heading\">11 E 22nd Street, Piso 2, Nueva York, NY 10010 T: +1(212) 505-6805<\/h3>\n<hr \/>\n<h2><span style=\"font-weight: 400;\">Acerca de SIS Internacional<\/span><\/h2>\n<p><a href=\"https:\/\/www.sisinternational.com\/es\/\"><span style=\"font-weight: 400;\">SIS Internacional<\/span><\/a><span style=\"font-weight: 400;\"> ofrece investigaci\u00f3n cuantitativa, cualitativa y estrat\u00e9gica. Proporcionamos datos, herramientas, estrategias, informes y conocimientos para la toma de decisiones. Tambi\u00e9n realizamos entrevistas, encuestas, grupos focales y otros m\u00e9todos y enfoques de investigaci\u00f3n de mercado.<\/span><a href=\"https:\/\/www.sisinternational.com\/es\/sobre-la-investigacion-internacional-de-sis\/contact-sis-international-market-research\/\"><span style=\"font-weight: 400;\"> P\u00f3ngase en contacto con nosotros<\/span><\/a><span style=\"font-weight: 400;\"> para su pr\u00f3ximo proyecto de Investigaci\u00f3n de Mercado.<\/span><\/p>\n<p>\u00a0<\/p>\n<p><!-- wp:heading --><\/p>\n<p><!-- wp:paragraph --><\/p>\n<p><!-- \/wp:paragraph --><!-- \/wp:heading --><\/p>","protected":false},"excerpt":{"rendered":"<p>Muchas industrias utilizan materiales avanzados como compuestos de fibra de carbono, grafeno, nanomateriales, cer\u00e1mica, pol\u00edmeros y aleaciones avanzadas.<\/p>","protected":false},"author":1,"featured_media":64294,"parent":14514,"menu_order":192,"comment_status":"closed","ping_status":"closed","template":"","meta":{"footnotes":""},"class_list":["post-41718","page","type-page","status-publish","has-post-thumbnail"],"_links":{"self":[{"href":"https:\/\/www.sisinternational.com\/es\/wp-json\/wp\/v2\/pages\/41718","targetHints":{"allow":["GET"]}}],"collection":[{"href":"https:\/\/www.sisinternational.com\/es\/wp-json\/wp\/v2\/pages"}],"about":[{"href":"https:\/\/www.sisinternational.com\/es\/wp-json\/wp\/v2\/types\/page"}],"author":[{"embeddable":true,"href":"https:\/\/www.sisinternational.com\/es\/wp-json\/wp\/v2\/users\/1"}],"replies":[{"embeddable":true,"href":"https:\/\/www.sisinternational.com\/es\/wp-json\/wp\/v2\/comments?post=41718"}],"version-history":[{"count":14,"href":"https:\/\/www.sisinternational.com\/es\/wp-json\/wp\/v2\/pages\/41718\/revisions"}],"predecessor-version":[{"id":79682,"href":"https:\/\/www.sisinternational.com\/es\/wp-json\/wp\/v2\/pages\/41718\/revisions\/79682"}],"up":[{"embeddable":true,"href":"https:\/\/www.sisinternational.com\/es\/wp-json\/wp\/v2\/pages\/14514"}],"wp:featuredmedia":[{"embeddable":true,"href":"https:\/\/www.sisinternational.com\/es\/wp-json\/wp\/v2\/media\/64294"}],"wp:attachment":[{"href":"https:\/\/www.sisinternational.com\/es\/wp-json\/wp\/v2\/media?parent=41718"}],"curies":[{"name":"wp","href":"https:\/\/api.w.org\/{rel}","templated":true}]}}