{"id":41642,"date":"2023-02-15T02:54:47","date_gmt":"2023-02-15T02:54:47","guid":{"rendered":"https:\/\/www.sisinternational.com\/?page_id=41642"},"modified":"2025-10-19T02:01:01","modified_gmt":"2025-10-19T06:01:01","slug":"investigacion-de-mercado-lacteo","status":"publish","type":"page","link":"https:\/\/www.sisinternational.com\/es\/pericia\/investigacion-de-mercado-lacteo\/","title":{"rendered":"Investigaci\u00f3n de mercado l\u00e1cteo"},"content":{"rendered":"<h1 class=\"wp-block-heading\">Investigaci\u00f3n de mercado l\u00e1cteo<\/h1>\n\n\n\n<figure class=\"gb-block-image gb-block-image-cbaa75a2\"><img loading=\"lazy\" decoding=\"async\" width=\"1456\" height=\"816\" class=\"gb-image gb-image-cbaa75a2\" src=\"https:\/\/www.sisinternational.com\/wp-content\/uploads\/2025\/08\/Dariry-milk-4.jpg\" alt=\"Investigaci\u00f3n y estrategia de mercado internacional de SIS\" title=\"Dariry milk (4)\" srcset=\"https:\/\/www.sisinternational.com\/wp-content\/uploads\/2025\/08\/Dariry-milk-4.jpg 1456w, https:\/\/www.sisinternational.com\/wp-content\/uploads\/2025\/08\/Dariry-milk-4-300x168.jpg 300w, https:\/\/www.sisinternational.com\/wp-content\/uploads\/2025\/08\/Dariry-milk-4-1024x574.jpg 1024w, https:\/\/www.sisinternational.com\/wp-content\/uploads\/2025\/08\/Dariry-milk-4-768x430.jpg 768w, https:\/\/www.sisinternational.com\/wp-content\/uploads\/2025\/08\/Dariry-milk-4-18x10.jpg 18w\" sizes=\"auto, (max-width: 1456px) 100vw, 1456px\"><\/figure>\n\n\n\n<p><\/p>\n\n\n\n<p>La investigaci\u00f3n del mercado l\u00e1cteo proporciona informaci\u00f3n sobre diversos procesos comerciales y sectores vitales para la producci\u00f3n y distribuci\u00f3n de l\u00e1cteos. La industria l\u00e1ctea tiene una perspectiva optimista a largo plazo. La demanda de opciones de refrigerios para llevar simples y nutritivos es el factor clave que impulsa las ventas mundiales de productos l\u00e1cteos. Los productos l\u00e1cteos incluyen niveles naturalmente altos de calcio y se consideran una opci\u00f3n de refrigerio saludable.<\/p>\n\n\n\n<p>La industria de productos l\u00e1cteos est\u00e1 segmentada por tipo de producto, canal de distribuci\u00f3n y regi\u00f3n. La investigaci\u00f3n de mercado de productos l\u00e1cteos proporciona informaci\u00f3n y pron\u00f3sticos cruciales sobre el tama\u00f1o y los valores del mercado para los distintos segmentos incluidos en la industria.<\/p>\n\n\n\n<h2 class=\"wp-block-heading\">\u00bfQu\u00e9 son los l\u00e1cteos?<\/h2>\n\n\n\n<p>Los l\u00e1cteos abarcan todos los productos diet\u00e9ticos derivados de la leche de diversos animales. Esto incluye a menudo vacas, cabras y otros animales para las personas. La leche, el queso, la nata, el yogur y el helado son productos l\u00e1cteos muy apreciados.<\/p>\n\n\n\n<p>Los productos l\u00e1cteos son potencias nutricionales y los productores de leche los producen de la manera m\u00e1s ecol\u00f3gica posible. La nutrici\u00f3n sostenible combina el valor nutricional y las ventajas para la salud de los alimentos con su impacto en el medio ambiente.<\/p>\n\n\n\n<h2 class=\"wp-block-heading\">Tendencias clave en el mercado l\u00e1cteo<\/h2>\n\n\n\n<figure class=\"gb-block-image gb-block-image-d3d042cb\"><img loading=\"lazy\" decoding=\"async\" width=\"1456\" height=\"816\" class=\"gb-image gb-image-d3d042cb\" src=\"https:\/\/www.sisinternational.com\/wp-content\/uploads\/2025\/08\/Dariry-milk-3.jpg\" alt=\"Investigaci\u00f3n y estrategia de mercado internacional de SIS\" title=\"Dariry milk (3)\" srcset=\"https:\/\/www.sisinternational.com\/wp-content\/uploads\/2025\/08\/Dariry-milk-3.jpg 1456w, https:\/\/www.sisinternational.com\/wp-content\/uploads\/2025\/08\/Dariry-milk-3-300x168.jpg 300w, https:\/\/www.sisinternational.com\/wp-content\/uploads\/2025\/08\/Dariry-milk-3-1024x574.jpg 1024w, https:\/\/www.sisinternational.com\/wp-content\/uploads\/2025\/08\/Dariry-milk-3-768x430.jpg 768w, https:\/\/www.sisinternational.com\/wp-content\/uploads\/2025\/08\/Dariry-milk-3-18x10.jpg 18w\" sizes=\"auto, (max-width: 1456px) 100vw, 1456px\"><\/figure>\n\n\n\n<p>Consumer demand for dairy products has increased due to their nutritious factors. Most dairy products have the ability to maintain healthy bones and teeth, as well as improve heart health and reduce the risk of type 2 diabetes. Another factor is the consumption of dairy products in nations with growing populations and rising per capita income are driving the expansion of the <a href=\"https:\/\/www.sisinternational.com\/es\/transportistas-de-bajo-coste-en-la-industria-de-la-aviacion\/\" title=\"Investigaci\u00f3n de mercado de aerol\u00edneas de bajo costo\"  data-wpil-monitor-id=\"8621\">global dairy market<\/a>.<\/p>\n\n\n\n<p>Buyers are developing new preferences for dairy <a href=\"https:\/\/www.sisinternational.com\/es\/soluciones\/prueba-de-sabor\/prueba-de-sabor-del-producto\/\" title=\"Pruebas de sabor del producto\"  data-wpil-monitor-id=\"8628\">products and adjusting their tastes<\/a> over time, which is strengthening the future of the industry. Consequently, the dairy sector is evolving to produce dairy products with various flavors and variants. Also, there is a shift in global demand for local products, such as ghee, as more and more individuals get exposed to other cultures.<\/p>\n\n\n\n<p>Los datos y estrategias en la industria l\u00e1ctea muestran que las tendencias recientes en el negocio l\u00e1cteo indican una demanda creciente de productos l\u00e1cteos especializados. Esta tendencia se debe a diversas afecciones m\u00e9dicas, la obesidad y la incidencia de intolerancia a la lactosa. El tipo de productos l\u00e1cteos que se ven afectados por estas demandas incluye la leche desnatada, la leche sin lactosa, la leche probi\u00f3tica y la leche en polvo descremada.<\/p>\n\n\n\n<p>Los datos y las estrategias de la industria l\u00e1ctea muestran que los productos l\u00e1cteos se utilizan en una amplia gama de industrias, incluidas las dietas m\u00e9dicas, la nutrici\u00f3n deportiva y las f\u00f3rmulas para reci\u00e9n nacidos. Adem\u00e1s del consumo diario, el aumento de las demandas de los usuarios finales por motivos tanto personales como m\u00e9dicos es significativo en la expansi\u00f3n del mercado l\u00e1cteo.<\/p>\n\n\n\n<h2 class=\"wp-block-heading\">An\u00e1lisis del mercado l\u00e1cteo<\/h2>\n\n\n\n<p>Mercado <a href=\"https:\/\/www.sisinternational.com\/es\/publicaciones\/comportamiento-del-comprador-despues-del-coronavirus-nuevo-consumidor\/\" title=\"Comportamiento del comprador despu\u00e9s del coronavirus \u2013 Investigaci\u00f3n de mercado del consumidor\"  data-wpil-monitor-id=\"8622\">research provides insights into consumer<\/a> and market trends that will enable businesses, executives, and industry players to comprehend what motivates buyers when selecting specific products. The data gathered can also reveal preferences and other factors that can discover more opportunities to increase dairy profitability.<\/p>\n\n\n\n<h3 class=\"wp-block-heading\">A continuaci\u00f3n se detallan algunos de los factores clave que se incluyen cuando se trata de investigaci\u00f3n de mercado de productos l\u00e1cteos:<\/h3>\n\n\n\n<h2 class=\"wp-block-heading\">Segmentaci\u00f3n del mercado l\u00e1cteo seg\u00fan el tipo de producto<\/h2>\n\n\n\n<h3 class=\"wp-block-heading\">Los productos l\u00e1cteos m\u00e1s populares incluyen, entre otros:<\/h3>\n\n\n\n<ol class=\"wp-block-list\">\n<li>Grasa l\u00e1ctea anhidra (HMA)<\/li>\n\n\n\n<li>Manteca<\/li>\n\n\n\n<li>Case\u00edna<\/li>\n\n\n\n<li>Queso<\/li>\n\n\n\n<li>Crema<\/li>\n\n\n\n<li>Leche L\u00edquida\/UHT\/Saborizada<\/li>\n\n\n\n<li>ghee<\/li>\n\n\n\n<li>Helado<\/li>\n\n\n\n<li>Queso Indio (Paneer)<\/li>\n\n\n\n<li>Lactosa<\/li>\n\n\n\n<li>Productos l\u00e1cteos probi\u00f3ticos<\/li>\n\n\n\n<li>Leche desnatada en polvo\/leche en polvo desnatada<\/li>\n\n\n\n<li>Prote\u00edna de suero (en polvo y concentrada)<\/li>\n\n\n\n<li>La leche entera en polvo<\/li>\n\n\n\n<li>Yogur<\/li>\n<\/ol>\n\n\n\n<h2 class=\"wp-block-heading\">Demandas de productos que afectan la participaci\u00f3n en el mercado l\u00e1cteo<\/h2>\n\n\n\n<figure class=\"gb-block-image gb-block-image-b4250e05\"><img loading=\"lazy\" decoding=\"async\" width=\"1456\" height=\"816\" class=\"gb-image gb-image-b4250e05\" src=\"https:\/\/www.sisinternational.com\/wp-content\/uploads\/2025\/08\/Dariry-milk-6.jpg\" alt=\"Investigaci\u00f3n y estrategia de mercado internacional de SIS\" title=\"Dariry milk (6)\" srcset=\"https:\/\/www.sisinternational.com\/wp-content\/uploads\/2025\/08\/Dariry-milk-6.jpg 1456w, https:\/\/www.sisinternational.com\/wp-content\/uploads\/2025\/08\/Dariry-milk-6-300x168.jpg 300w, https:\/\/www.sisinternational.com\/wp-content\/uploads\/2025\/08\/Dariry-milk-6-1024x574.jpg 1024w, https:\/\/www.sisinternational.com\/wp-content\/uploads\/2025\/08\/Dariry-milk-6-768x430.jpg 768w, https:\/\/www.sisinternational.com\/wp-content\/uploads\/2025\/08\/Dariry-milk-6-18x10.jpg 18w\" sizes=\"auto, (max-width: 1456px) 100vw, 1456px\"><\/figure>\n\n\n\n<p><\/p>\n\n\n\n<p>La cuota de mercado de la leche de vaca es el segmento m\u00e1s grande del mercado mundial de productos l\u00e1cteos, independientemente de si es entera, desnatada, en polvo o de cualquier otra forma. El consumo de leche es un h\u00e1bito cotidiano en los hogares de todo el mundo, especialmente entre los m\u00e1s j\u00f3venes, independientemente de si se consume con sabores a\u00f1adidos o con cereales.<\/p>\n\n\n\n<p>Cheese is another prominent dairy <a href=\"https:\/\/www.sisinternational.com\/es\/pericia\/curriculums-de-experiencia\/estudio-de-mercado-de-productos-de-cuidado-personal\/\" title=\"Investigaci\u00f3n de mercado de productos de cuidado personal\"  data-wpil-monitor-id=\"8623\">product with a substantial market<\/a> share in the dairy business that is widely utilized in culinary preparations, especially in different kinds of pasta, snack foods, sandwiches, salads, and pizzas.<\/p>\n\n\n\n<p>In addition, butter has numerous applications in baking, making it a large <a href=\"https:\/\/www.sisinternational.com\/es\/pericia\/industrias\/investigacion-de-mercados-industriales\/\" title=\"Investigaci\u00f3n y estrategia de mercados industriales\"  data-wpil-monitor-id=\"8624\">market in the dairy industry<\/a>. According to dairy market data, consumers choose soft cheeses, milk, and yogurt because of their increasing health consciousness.<\/p>\n\n\n\n<p>El helado de leche es bastante popular y tiene una proporci\u00f3n importante del mercado de l\u00e1cteos debido a su demanda por parte de personas de todas las edades. El helado, un postre popular en todo el mundo, viene en numerosos sabores y se puede servir de varias maneras.<\/p>\n\n\n\n<h2 class=\"wp-block-heading\">Factores adicionales que afectan la industria del mercado l\u00e1cteo<\/h2>\n\n\n\n<h3 class=\"wp-block-heading\">Producci\u00f3n diaria<\/h3>\n\n\n\n<p>Developing nations&#8217; contribution to global dairy output has increased. This expansion is primarily attributable to an increase in the total number of producing animals rather than a boost in productivity. In many underdeveloped nations, poor-quality fodder for livestock, illnesses or epidemics, and restricted access to <a href=\"https:\/\/www.sisinternational.com\/es\/soluciones\/investigacion-de-consultoria-estrategica-fintech\/investigacion-de-mercado-de-servicios-financieros\/\" title=\"Investigaci\u00f3n de mercado de servicios financieros\"  data-wpil-monitor-id=\"8625\">markets and services<\/a> limit dairy production.<\/p>\n\n\n\n<h3 class=\"wp-block-heading\">Transporte del mercado l\u00e1cteo y cadena de suministro<\/h3>\n\n\n\n<p>En muchos pa\u00edses subdesarrollados, establecer una cadena de suministro de productos l\u00e1cteos que sea eficiente, higi\u00e9nica y rentable es una cuesti\u00f3n formidable. Entre los factores contribuyentes se encuentran los siguientes:<\/p>\n\n\n\n<ul class=\"wp-block-list\">\n<li>Dificultades para desarrollar un sistema rentable de transporte y recogida de leche.<\/li>\n\n\n\n<li>cantidad de leche producida por cada granja y el aislamiento de las instalaciones de producci\u00f3n<\/li>\n\n\n\n<li>mal sistema de transporte<\/li>\n\n\n\n<li>Falta de experiencia y tecnolog\u00eda en la recolecci\u00f3n y procesamiento de la leche.<\/li>\n\n\n\n<li>Problemas de calidad con la leche cruda.<\/li>\n\n\n\n<li>distancias entre los sitios de producci\u00f3n, las instalaciones de procesamiento y los consumidores<\/li>\n\n\n\n<li>Problemas con el establecimiento de instalaciones de refrigeraci\u00f3n.<\/li>\n<\/ul>\n\n\n\n<h2 class=\"wp-block-heading\">La investigaci\u00f3n del mercado l\u00e1cteo proporciona informaci\u00f3n sobre el panorama competitivo del mercado l\u00e1cteo<\/h2>\n\n\n\n<figure class=\"gb-block-image gb-block-image-9044d5a5\"><img loading=\"lazy\" decoding=\"async\" width=\"1456\" height=\"816\" class=\"gb-image gb-image-9044d5a5\" src=\"https:\/\/www.sisinternational.com\/wp-content\/uploads\/2025\/08\/Dariry-milk-1.jpg\" alt=\"Investigaci\u00f3n y estrategia de mercado internacional de SIS\" title=\"Dariry milk (1)\" srcset=\"https:\/\/www.sisinternational.com\/wp-content\/uploads\/2025\/08\/Dariry-milk-1.jpg 1456w, https:\/\/www.sisinternational.com\/wp-content\/uploads\/2025\/08\/Dariry-milk-1-300x168.jpg 300w, https:\/\/www.sisinternational.com\/wp-content\/uploads\/2025\/08\/Dariry-milk-1-1024x574.jpg 1024w, https:\/\/www.sisinternational.com\/wp-content\/uploads\/2025\/08\/Dariry-milk-1-768x430.jpg 768w, https:\/\/www.sisinternational.com\/wp-content\/uploads\/2025\/08\/Dariry-milk-1-18x10.jpg 18w\" sizes=\"auto, (max-width: 1456px) 100vw, 1456px\"><\/figure>\n\n\n\n<p><\/p>\n\n\n\n<p>The dairy <a href=\"https:\/\/www.sisinternational.com\/es\/pericia\/curriculums-de-experiencia\/curriculum-de-experiencia-en-la-industria-automotriz\/\" title=\"Empresa de investigaci\u00f3n de mercado de la industria automotriz\"  data-wpil-monitor-id=\"8626\">market is a large industry<\/a> impacting other sectors, such as those in food production. Knowing the key players in the market, such as identifying their business landscape, recent developments as well as expansion <a href=\"https:\/\/www.sisinternational.com\/es\/soluciones\/consultoria-estrategica\/planificacion-de-escenarios\/\" title=\"Consultor\u00eda de estrategia de planificaci\u00f3n de escenarios\"  data-wpil-monitor-id=\"8627\">plans can provide vital data and strategies<\/a> in the dairy industry.<\/p>\n\n\n\n<h3 class=\"wp-block-heading\">A continuaci\u00f3n se muestran algunos de los principales actores:<\/h3>\n\n\n\n<ul class=\"wp-block-list\">\n<li>Alimentos Arla<\/li>\n\n\n\n<li>China Mengniu Dairy Company Limited<\/li>\n\n\n\n<li>Productores l\u00e1cteos de Am\u00e9rica, Inc.<\/li>\n\n\n\n<li>Danone SA<\/li>\n\n\n\n<li>Fonterra Cooperativa Group Limited<\/li>\n\n\n\n<li>Grupo Lactalis<\/li>\n\n\n\n<li>Nestl\u00e9 SA<\/li>\n\n\n\n<li>Royal FrieslandCampina NV<\/li>\n\n\n\n<li>Saputo Inc.<\/li>\n<\/ul>\n\n\n\n<h3 class=\"wp-block-heading\">La investigaci\u00f3n de mercado proporciona conocimientos basados en la informaci\u00f3n recopilada sobre estas empresas, que incluyen:<\/h3>\n\n\n\n<ul class=\"wp-block-list\">\n<li>Perfiles de empresa<\/li>\n\n\n\n<li>Descripci\u00f3n general de la empresa<\/li>\n\n\n\n<li>Portafolio de productos<\/li>\n\n\n\n<li>Alcance demogr\u00e1fico y logros<\/li>\n\n\n\n<li>Certificaciones<\/li>\n<\/ul>\n\n\n\n<h2 class=\"wp-block-heading\">Acerca de la investigaci\u00f3n de mercado de l\u00e1cteos<\/h2>\n\n\n\n<p>Los l\u00e1cteos son un producto altamente nutritivo y vers\u00e1til que puede utilizarse a lo largo de toda la cadena de suministro de alimentos, lo que hace que el sector l\u00e1cteo sea esencial para la industria alimentaria de cualquier pa\u00eds. La investigaci\u00f3n del mercado l\u00e1cteo recopila datos y estrategias en la industria l\u00e1ctea para proporcionar un estudio exhaustivo de los mercados l\u00e1cteos mundiales. La informaci\u00f3n recopilada incluye soluciones actuales, a corto y largo plazo para respaldar los requisitos operativos y comerciales. La investigaci\u00f3n del mercado l\u00e1cteo proporciona informaci\u00f3n que puede ser una herramienta \u00fatil para cualquiera que busque tomar decisiones informadas sobre producci\u00f3n, aplicaci\u00f3n, marketing y planificaci\u00f3n estrat\u00e9gica.<\/p>","protected":false},"excerpt":{"rendered":"<p>La investigaci\u00f3n del mercado l\u00e1cteo proporciona informaci\u00f3n sobre diversos procesos comerciales y sectores vitales para la producci\u00f3n y distribuci\u00f3n de l\u00e1cteos.<\/p>","protected":false},"author":1,"featured_media":64337,"parent":14514,"menu_order":190,"comment_status":"closed","ping_status":"closed","template":"","meta":{"footnotes":""},"class_list":["post-41642","page","type-page","status-publish","has-post-thumbnail"],"_links":{"self":[{"href":"https:\/\/www.sisinternational.com\/es\/wp-json\/wp\/v2\/pages\/41642","targetHints":{"allow":["GET"]}}],"collection":[{"href":"https:\/\/www.sisinternational.com\/es\/wp-json\/wp\/v2\/pages"}],"about":[{"href":"https:\/\/www.sisinternational.com\/es\/wp-json\/wp\/v2\/types\/page"}],"author":[{"embeddable":true,"href":"https:\/\/www.sisinternational.com\/es\/wp-json\/wp\/v2\/users\/1"}],"replies":[{"embeddable":true,"href":"https:\/\/www.sisinternational.com\/es\/wp-json\/wp\/v2\/comments?post=41642"}],"version-history":[{"count":4,"href":"https:\/\/www.sisinternational.com\/es\/wp-json\/wp\/v2\/pages\/41642\/revisions"}],"predecessor-version":[{"id":81446,"href":"https:\/\/www.sisinternational.com\/es\/wp-json\/wp\/v2\/pages\/41642\/revisions\/81446"}],"up":[{"embeddable":true,"href":"https:\/\/www.sisinternational.com\/es\/wp-json\/wp\/v2\/pages\/14514"}],"wp:featuredmedia":[{"embeddable":true,"href":"https:\/\/www.sisinternational.com\/es\/wp-json\/wp\/v2\/media\/64337"}],"wp:attachment":[{"href":"https:\/\/www.sisinternational.com\/es\/wp-json\/wp\/v2\/media?parent=41642"}],"curies":[{"name":"wp","href":"https:\/\/api.w.org\/{rel}","templated":true}]}}