{"id":41584,"date":"2023-02-14T20:59:24","date_gmt":"2023-02-14T20:59:24","guid":{"rendered":"https:\/\/www.sisinternational.com\/?page_id=41584"},"modified":"2026-03-12T13:30:32","modified_gmt":"2026-03-12T17:30:32","slug":"investigacion-de-mercado-de-sushi","status":"publish","type":"page","link":"https:\/\/www.sisinternational.com\/es\/soluciones\/investigacion-de-mercado-de-la-industria-de-alimentos-y-bebidas\/investigacion-de-mercado-de-sushi\/","title":{"rendered":"Investigaci\u00f3n de mercado de sushi"},"content":{"rendered":"<h1 class=\"wp-block-heading\">Investigaci\u00f3n de mercado de sushi<\/h1>\n\n\n\n<figure class=\"gb-block-image gb-block-image-bfce47e5\"><img loading=\"lazy\" decoding=\"async\" width=\"1456\" height=\"816\" class=\"gb-image gb-image-bfce47e5\" src=\"https:\/\/www.sisinternational.com\/wp-content\/uploads\/2025\/08\/japanese-food-suchi-13.jpg\" alt=\"Investigaci\u00f3n y estrategia de mercado internacional de SIS\" title=\"japanese food suchi (13)\" srcset=\"https:\/\/www.sisinternational.com\/wp-content\/uploads\/2025\/08\/japanese-food-suchi-13.jpg 1456w, https:\/\/www.sisinternational.com\/wp-content\/uploads\/2025\/08\/japanese-food-suchi-13-300x168.jpg 300w, https:\/\/www.sisinternational.com\/wp-content\/uploads\/2025\/08\/japanese-food-suchi-13-1024x574.jpg 1024w, https:\/\/www.sisinternational.com\/wp-content\/uploads\/2025\/08\/japanese-food-suchi-13-768x430.jpg 768w, https:\/\/www.sisinternational.com\/wp-content\/uploads\/2025\/08\/japanese-food-suchi-13-18x10.jpg 18w\" sizes=\"auto, (max-width: 1456px) 100vw, 1456px\"><\/figure>\n\n\n\n<p><\/p>\n\n\n\n<p>La investigaci\u00f3n de mercado del sushi proporciona informaci\u00f3n sobre diversos procesos comerciales y sectores vitales para la producci\u00f3n del plato. El estudio de mercado del sushi ofrece informaci\u00f3n sobre los datos y las estrategias de la industria del sushi, as\u00ed como del segmento del sector alimentario que cubre la distribuci\u00f3n del sushi vendido en restaurantes, diversos minoristas y vendedores ambulantes en todo el mundo.<\/p>\n\n\n\n<p>Market Research provides insights as well on how certain restaurants that serve sushi compare to their competitors in terms of product quality, profits and availability. The Sushi market research&nbsp; can help advise organizations and industry executives in making decisions and creating marketing plans for a more active and profitable business landscape.<\/p>\n\n\n\n<h2 class=\"wp-block-heading\">\u00bfQu\u00e9 es el sushi?<\/h2>\n\n\n\n<p>El cereal m\u00e1s popular y consumido en todo el mundo es el arroz, que ha sido procesado o molido para eliminar el grano de las otras partes de la planta. Uno de los platos m\u00e1s populares elaborados con arroz es el sushi.<\/p>\n\n\n\n<p>El sushi es un plato de arroz b\u00e1sico japon\u00e9s que se ha extendido por todo el mundo y se ha convertido en parte de la cultura alimentaria mundial. El sushi viene en una variedad de formas. El arroz de sushi cocido se combina con vinagre de arroz espec\u00edfico. Luego se forma el arroz con varios aderezos, como pescado crudo u otros mariscos. En la versi\u00f3n enrollada, el arroz y contenidos como tortilla o pepino se envuelven en nori, una fina l\u00e1mina de algas preparadas, utilizando una estera de bamb\u00fa especial.<\/p>\n\n\n\n<h2 class=\"wp-block-heading\">&nbsp;Una breve visi\u00f3n de la industria de los restaurantes de sushi<\/h2>\n\n\n\n<figure class=\"gb-block-image gb-block-image-58035a37\"><img loading=\"lazy\" decoding=\"async\" width=\"1456\" height=\"816\" class=\"gb-image gb-image-58035a37\" src=\"https:\/\/www.sisinternational.com\/wp-content\/uploads\/2025\/08\/japanese-food-suchi-5.jpg\" alt=\"Investigaci\u00f3n y estrategia de mercado internacional de SIS\" title=\"japanese food suchi (5)\" srcset=\"https:\/\/www.sisinternational.com\/wp-content\/uploads\/2025\/08\/japanese-food-suchi-5.jpg 1456w, https:\/\/www.sisinternational.com\/wp-content\/uploads\/2025\/08\/japanese-food-suchi-5-300x168.jpg 300w, https:\/\/www.sisinternational.com\/wp-content\/uploads\/2025\/08\/japanese-food-suchi-5-1024x574.jpg 1024w, https:\/\/www.sisinternational.com\/wp-content\/uploads\/2025\/08\/japanese-food-suchi-5-768x430.jpg 768w, https:\/\/www.sisinternational.com\/wp-content\/uploads\/2025\/08\/japanese-food-suchi-5-18x10.jpg 18w\" sizes=\"auto, (max-width: 1456px) 100vw, 1456px\"><\/figure>\n\n\n\n<p><\/p>\n\n\n\n<p>The most typical sushi restaurants consist primarily of establishments that provide sushi-style dishes to customers who order and are delivered while sitting by wait staff or through conveyor belt-style delivery and pay after eating. Customers may also purchase <a href=\"https:\/\/www.sisinternational.com\/es\/mystery-shopping-for-alcoholic-beverages\/\" title=\"Mystery Shopping for Alcoholic Beverages\"  data-wpil-monitor-id=\"896\">alcoholic and other beverages<\/a> from these locations.<\/p>\n\n\n\n<p>Se prev\u00e9 que la industria del mercado del sushi prosperar\u00e1 en los pr\u00f3ximos a\u00f1os. La industria del mercado del sushi, que est\u00e1 muy fragmentada y compuesta principalmente por peque\u00f1as empresas dirigidas por sus propietarios, ha tenido buenos resultados a pesar del crecimiento de otras tiendas de comida \u00e9tnica y la aparici\u00f3n de platos innovadores. Las cambiantes demandas de los clientes han alterado las operaciones de los operadores de la industria del sushi. La creaci\u00f3n del concepto de sushi sostenible es el resultado de las crecientes preocupaciones sobre la disminuci\u00f3n de la poblaci\u00f3n de peces y la degradaci\u00f3n ambiental. Se prev\u00e9 que en los a\u00f1os siguientes el mercado del sushi seguir\u00e1 expandi\u00e9ndose a medida que cambie el entorno. Con el impacto de otros factores como los viajes, las comunicaciones, las redes sociales, la televisi\u00f3n y los anuncios impresos, aument\u00f3 el inter\u00e9s por la comida japonesa. Se prev\u00e9 que los operadores importantes de la industria se expandir\u00e1n por todo el mundo para aumentar su cuota de mercado.<\/p>\n\n\n\n<h2 class=\"wp-block-heading\">Factores que afectan la investigaci\u00f3n del mercado mundial de sushi<\/h2>\n\n\n\n<h3 class=\"wp-block-heading\">Campa\u00f1as de marketing y publicidad de sushi.<\/h3>\n\n\n\n<p>Rising marketing campaigns are one of the primary factors driving the global sushi restaurant market over the projected period. The restaurant and food service sectors rely heavily on advertising campaigns and product promotions to increase their sales. Therefore, the sellers in these <a href=\"https:\/\/www.sisinternational.com\/es\/pericia\/industrias\/investigacion-de-mercado-de-circuitos-electronicos\/\" title=\"Investigaci\u00f3n de mercado de circuitos electr\u00f3nicos\"  data-wpil-monitor-id=\"5049\">markets utilize both electronic<\/a> and print media to advertise their businesses. Due to digitalization and associated advances, the majority of sushi restaurants are concentrating on marketing. Consequently, merchants utilize digital media as a platform for brand promotion. To increase client involvement, they promote enticing promotional offers and images of quick-service cuisine.<\/p>\n\n\n\n<h3 class=\"wp-block-heading\">Platos de sushi emergentes con ingredientes \u00fanicos<\/h3>\n\n\n\n<figure class=\"gb-block-image gb-block-image-a72e8c62\"><img loading=\"lazy\" decoding=\"async\" width=\"1456\" height=\"816\" class=\"gb-image gb-image-a72e8c62\" src=\"https:\/\/www.sisinternational.com\/wp-content\/uploads\/2025\/08\/japanese-food-suchi-1.jpg\" alt=\"Investigaci\u00f3n y estrategia de mercado internacional de SIS\" title=\"japanese food suchi (1)\" srcset=\"https:\/\/www.sisinternational.com\/wp-content\/uploads\/2025\/08\/japanese-food-suchi-1.jpg 1456w, https:\/\/www.sisinternational.com\/wp-content\/uploads\/2025\/08\/japanese-food-suchi-1-300x168.jpg 300w, https:\/\/www.sisinternational.com\/wp-content\/uploads\/2025\/08\/japanese-food-suchi-1-1024x574.jpg 1024w, https:\/\/www.sisinternational.com\/wp-content\/uploads\/2025\/08\/japanese-food-suchi-1-768x430.jpg 768w, https:\/\/www.sisinternational.com\/wp-content\/uploads\/2025\/08\/japanese-food-suchi-1-18x10.jpg 18w\" sizes=\"auto, (max-width: 1456px) 100vw, 1456px\"><\/figure>\n\n\n\n<p><\/p>\n\n\n\n<p>Una de las tendencias importantes que se espera impulse el crecimiento del mercado mundial de restaurantes de sushi durante el per\u00edodo proyectado es la introducci\u00f3n de platos de sushi nuevos e inventivos. Adem\u00e1s, los avances tecnol\u00f3gicos en los restaurantes y la creciente popularidad de la comida japonesa impulsar\u00e1n sustancialmente la industria mundial de los restaurantes de sushi en los pr\u00f3ximos a\u00f1os.<\/p>\n\n\n\n<h2 class=\"wp-block-heading\">An\u00e1lisis del panorama competitivo de la investigaci\u00f3n de mercado de sushi<\/h2>\n\n\n\n<p>Sushi&nbsp; Market Research gathers information, statistics and data through an array of benchmarking tools to gain more corporate insight.&nbsp; Comparison of a business sector closest rival or to a group of comparable-sized enterprises within the same industry can provide valuable data and strategies in the sushi industry.<\/p>\n\n\n\n<h3 class=\"wp-block-heading\">La investigaci\u00f3n de mercado proporciona informaci\u00f3n sobre lo siguiente:<\/h3>\n\n\n\n<ul class=\"wp-block-list\">\n<li>Presentaci\u00f3n Corporativa<\/li>\n\n\n\n<li>Ingresos y activos financieros<\/li>\n\n\n\n<li>potencial de mercado<\/li>\n\n\n\n<li>inversi\u00f3n en I+D<\/li>\n\n\n\n<li>nuevas iniciativas de mercado<\/li>\n\n\n\n<li>presencia mundial<\/li>\n\n\n\n<li>sitios e instalaciones de producci\u00f3n<\/li>\n\n\n\n<li>capacidad de producci\u00f3n<\/li>\n\n\n\n<li>fortalezas y debilidades de la empresa<\/li>\n\n\n\n<li>Introducci\u00f3n del producto<\/li>\n<\/ul>\n\n\n\n<h2 class=\"wp-block-heading\">Factores demogr\u00e1ficos del mercado mundial del sushi<\/h2>\n\n\n\n<figure class=\"gb-block-image gb-block-image-c11ef210\"><img loading=\"lazy\" decoding=\"async\" width=\"1456\" height=\"816\" class=\"gb-image gb-image-c11ef210\" src=\"https:\/\/www.sisinternational.com\/wp-content\/uploads\/2025\/08\/japanese-food-suchi-14.jpg\" alt=\"Investigaci\u00f3n y estrategia de mercado internacional de SIS\" title=\"japanese food suchi (14)\" srcset=\"https:\/\/www.sisinternational.com\/wp-content\/uploads\/2025\/08\/japanese-food-suchi-14.jpg 1456w, https:\/\/www.sisinternational.com\/wp-content\/uploads\/2025\/08\/japanese-food-suchi-14-300x168.jpg 300w, https:\/\/www.sisinternational.com\/wp-content\/uploads\/2025\/08\/japanese-food-suchi-14-1024x574.jpg 1024w, https:\/\/www.sisinternational.com\/wp-content\/uploads\/2025\/08\/japanese-food-suchi-14-768x430.jpg 768w, https:\/\/www.sisinternational.com\/wp-content\/uploads\/2025\/08\/japanese-food-suchi-14-18x10.jpg 18w\" sizes=\"auto, (max-width: 1456px) 100vw, 1456px\"><\/figure>\n\n\n\n<p><\/p>\n\n\n\n<p>The competitive landscape of the sushi restaurant market gives information by competitor as well may it be with the major players or close competitor, or to a sushi industry segment of similar sized companies.&nbsp; The sushi industry&nbsp; is also analyzed as per information provided by country or region. Certain countries play key roles to the growth and development of the sushi industry:<\/p>\n\n\n\n<ul class=\"wp-block-list\">\n<li>Asia-Pac\u00edfico domina el mercado de restaurantes de sushi debido a la existencia de importantes empresas y la alta demanda de sushi de la regi\u00f3n.<\/li>\n\n\n\n<li>Debido al creciente deseo de la regi\u00f3n por la cocina asi\u00e1tica, se prev\u00e9 que Am\u00e9rica del Norte experimente un crecimiento considerable durante el per\u00edodo de 2021 a 2028.<\/li>\n<\/ul>\n\n\n\n<h2 class=\"wp-block-heading\">Principales actores clave del mercado mundial de sushi<\/h2>\n\n\n\n<p>El panorama competitivo del mercado de restaurantes de sushi brinda informaci\u00f3n por competidor, ya sea con los principales actores o con un competidor cercano, o con un segmento de la industria del sushi de empresas de tama\u00f1o similar.<\/p>\n\n\n\n<p><a href=\"https:\/\/www.sisinternational.com\/es\/pericia\/industrias\/investigacion-de-mercado-over-the-top-media-ott\/\" title=\"Investigaci\u00f3n de mercado de medios over the top (OTT)\"  data-wpil-monitor-id=\"6213\">Market Research provides insights into the top<\/a> major players in the sushi industry. The comprehensive vendor analysis is aimed at assisting clients enhance their market position, and in accordance with this, this research gives a thorough overview of a number of prominent <a href=\"https:\/\/www.sisinternational.com\/es\/pericia\/industrias\/q-investigacion-de-mercado-comercial\/\" title=\"Investigaci\u00f3n de mercado de Q-Commerce\"  data-wpil-monitor-id=\"4843\">sushi<\/a> restaurants market suppliers, such as:<\/p>\n\n\n\n<ol class=\"wp-block-list\">\n<li>Sushi Feng<\/li>\n\n\n\n<li>EMPRESAS DE ALIMENTOS Y VIDA Ltd.<\/li>\n\n\n\n<li>HAMAZUSHI Co. Ltd.<\/li>\n\n\n\n<li>Grupo de comedor innovador<\/li>\n\n\n\n<li>Kappa Crear Co. Ltd.<\/li>\n\n\n\n<li>Kura Sushi USA Inc.<\/li>\n\n\n\n<li>Maxims Catering Ltd.<\/li>\n\n\n\n<li>Corporaci\u00f3n de Comedores de Paz.<\/li>\n\n\n\n<li>Sakae Holdings Ltd.<\/li>\n\n\n\n<li>sushi-wasabi<\/li>\n<\/ol>\n\n\n\n<h2 class=\"wp-block-heading\">Acerca de la investigaci\u00f3n de mercado del sushi<\/h2>\n\n\n\n<figure class=\"gb-block-image gb-block-image-ba6e5e35\"><img loading=\"lazy\" decoding=\"async\" width=\"1456\" height=\"816\" class=\"gb-image gb-image-ba6e5e35\" src=\"https:\/\/www.sisinternational.com\/wp-content\/uploads\/2025\/08\/japanese-food-suchi-12.jpg\" alt=\"Investigaci\u00f3n y estrategia de mercado internacional de SIS\" title=\"japanese food suchi (12)\" srcset=\"https:\/\/www.sisinternational.com\/wp-content\/uploads\/2025\/08\/japanese-food-suchi-12.jpg 1456w, https:\/\/www.sisinternational.com\/wp-content\/uploads\/2025\/08\/japanese-food-suchi-12-300x168.jpg 300w, https:\/\/www.sisinternational.com\/wp-content\/uploads\/2025\/08\/japanese-food-suchi-12-1024x574.jpg 1024w, https:\/\/www.sisinternational.com\/wp-content\/uploads\/2025\/08\/japanese-food-suchi-12-768x430.jpg 768w, https:\/\/www.sisinternational.com\/wp-content\/uploads\/2025\/08\/japanese-food-suchi-12-18x10.jpg 18w\" sizes=\"auto, (max-width: 1456px) 100vw, 1456px\"><\/figure>\n\n\n\n<p><\/p>\n\n\n\n<p>The sushi market research provides insights into various business sectors vital to the dish&#8217;s production. The <a href=\"https:\/\/www.sisinternational.com\/es\/pericia\/industrias\/investigacion-de-mercado-de-condimentos\/\" title=\"Investigaci\u00f3n de mercado de condimentos\"  data-wpil-monitor-id=\"3350\">research on the market<\/a> for sushi restaurants includes, but not limited to, the following key points:<\/p>\n\n\n\n<ul class=\"wp-block-list\">\n<li>Dimensionamiento de la industria de establecimientos de sushi<\/li>\n\n\n\n<li>Perspectivas de negocio para los restaurantes de sushi<\/li>\n\n\n\n<li>Evaluaci\u00f3n del mercado del sector de restaurantes de sushi<\/li>\n<\/ul>\n\n\n\n<p>Los datos y las estrategias de la industria del sushi se recopilar\u00e1n utilizando una combinaci\u00f3n objetiva de datos primarios y secundarios, as\u00ed como comentarios de los l\u00edderes de la industria. Adem\u00e1s de un panorama completo del mercado y de los proveedores, la investigaci\u00f3n proporciona un an\u00e1lisis de los principales proveedores. El resultado de la investigaci\u00f3n brindar\u00e1 evaluaciones de estabilidad financiera, posicionamiento estrat\u00e9gico, riesgos y oportunidades, entre otros factores de la industria que cualquier empresa o ejecutivo debe conocer.<\/p>","protected":false},"excerpt":{"rendered":"<p>La investigaci\u00f3n de mercado del sushi proporciona informaci\u00f3n sobre diversos procesos comerciales y sectores vitales para la producci\u00f3n del plato.<\/p>","protected":false},"author":1,"featured_media":63219,"parent":22018,"menu_order":189,"comment_status":"closed","ping_status":"closed","template":"","meta":{"footnotes":""},"class_list":["post-41584","page","type-page","status-publish","has-post-thumbnail"],"_links":{"self":[{"href":"https:\/\/www.sisinternational.com\/es\/wp-json\/wp\/v2\/pages\/41584","targetHints":{"allow":["GET"]}}],"collection":[{"href":"https:\/\/www.sisinternational.com\/es\/wp-json\/wp\/v2\/pages"}],"about":[{"href":"https:\/\/www.sisinternational.com\/es\/wp-json\/wp\/v2\/types\/page"}],"author":[{"embeddable":true,"href":"https:\/\/www.sisinternational.com\/es\/wp-json\/wp\/v2\/users\/1"}],"replies":[{"embeddable":true,"href":"https:\/\/www.sisinternational.com\/es\/wp-json\/wp\/v2\/comments?post=41584"}],"version-history":[{"count":8,"href":"https:\/\/www.sisinternational.com\/es\/wp-json\/wp\/v2\/pages\/41584\/revisions"}],"predecessor-version":[{"id":79798,"href":"https:\/\/www.sisinternational.com\/es\/wp-json\/wp\/v2\/pages\/41584\/revisions\/79798"}],"up":[{"embeddable":true,"href":"https:\/\/www.sisinternational.com\/es\/wp-json\/wp\/v2\/pages\/22018"}],"wp:featuredmedia":[{"embeddable":true,"href":"https:\/\/www.sisinternational.com\/es\/wp-json\/wp\/v2\/media\/63219"}],"wp:attachment":[{"href":"https:\/\/www.sisinternational.com\/es\/wp-json\/wp\/v2\/media?parent=41584"}],"curies":[{"name":"wp","href":"https:\/\/api.w.org\/{rel}","templated":true}]}}