{"id":41582,"date":"2023-02-14T19:54:39","date_gmt":"2023-02-14T19:54:39","guid":{"rendered":"https:\/\/www.sisinternational.com\/?page_id=41582"},"modified":"2026-03-12T13:30:15","modified_gmt":"2026-03-12T17:30:15","slug":"estudio-de-mercado-de-hamburguesas","status":"publish","type":"page","link":"https:\/\/www.sisinternational.com\/es\/soluciones\/investigacion-de-mercado-de-la-industria-de-alimentos-y-bebidas\/estudio-de-mercado-de-hamburguesas\/","title":{"rendered":"Investigaci\u00f3n de mercado de hamburguesas"},"content":{"rendered":"<h1 class=\"wp-block-heading\">Investigaci\u00f3n de mercado de hamburguesas<\/h1>\n\n\n\n<figure class=\"gb-block-image gb-block-image-bdced9f9\"><img loading=\"lazy\" decoding=\"async\" width=\"1456\" height=\"816\" class=\"gb-image gb-image-bdced9f9\" src=\"https:\/\/www.sisinternational.com\/wp-content\/uploads\/2025\/08\/Burger-4.jpg\" alt=\"Investigaci\u00f3n y estrategia de mercado internacional de SIS\" title=\"Burger (4)\" srcset=\"https:\/\/www.sisinternational.com\/wp-content\/uploads\/2025\/08\/Burger-4.jpg 1456w, https:\/\/www.sisinternational.com\/wp-content\/uploads\/2025\/08\/Burger-4-300x168.jpg 300w, https:\/\/www.sisinternational.com\/wp-content\/uploads\/2025\/08\/Burger-4-1024x574.jpg 1024w, https:\/\/www.sisinternational.com\/wp-content\/uploads\/2025\/08\/Burger-4-768x430.jpg 768w, https:\/\/www.sisinternational.com\/wp-content\/uploads\/2025\/08\/Burger-4-18x10.jpg 18w\" sizes=\"auto, (max-width: 1456px) 100vw, 1456px\"><\/figure>\n\n\n\n<p><\/p>\n\n\n\n<p>La investigaci\u00f3n de mercado de hamburguesas ayuda a recopilar datos y estrategias en la industria de las hamburguesas. La investigaci\u00f3n de mercado proporciona informaci\u00f3n sobre la parte espec\u00edfica de la industria de la comida r\u00e1pida que incluye la distribuci\u00f3n de hamburguesas que se preparan y venden en un restaurante, camiones de comida, en diferentes tiendas o vendedores ambulantes.<\/p>\n\n\n\n<p>Esta investigaci\u00f3n de mercado tambi\u00e9n proporciona informaci\u00f3n sobre c\u00f3mo los restaurantes de comida r\u00e1pida espec\u00edficos que ofrecen hamburguesas se comparan con sus competidores en t\u00e9rminos de ventas, servicio y calidad de sus productos. Los datos y las estrategias de la industria de las hamburguesas pueden ayudar a guiar a las empresas y a los actores clave en su toma de decisiones y tambi\u00e9n proporcionar informaci\u00f3n actualizada sobre su panorama empresarial.<\/p>\n\n\n\n<h2 class=\"wp-block-heading\">Entendiendo la industria de las hamburguesas<\/h2>\n\n\n\n<h3 class=\"wp-block-heading\">\u00bfQu\u00e9 es una hamburguesa?<\/h3>\n\n\n\n<p>Tambi\u00e9n conocida como hamburguesa, t\u00e9cnicamente es un s\u00e1ndwich compuesto de carne molida y otros rellenos colocado entre 2 rebanadas de pan o un panecillo. Los rellenos pueden incluir todos o algunos de los siguientes:<\/p>\n\n\n\n<ul class=\"wp-block-list\">\n<li>Queso<\/li>\n\n\n\n<li>Cebolla<\/li>\n\n\n\n<li>Tomate<\/li>\n\n\n\n<li>Lechuga<\/li>\n\n\n\n<li>Pepinillos<\/li>\n\n\n\n<li>chiles<\/li>\n\n\n\n<li>Tocino<\/li>\n\n\n\n<li>condimentos como ketchup, mostaza, mayonesa<\/li>\n\n\n\n<li>aderezo o cualquier salsa especial<\/li>\n<\/ul>\n\n\n\n<p>Por lo general, la hamburguesa se compone de carne molida de res o de cerdo o una combinaci\u00f3n de ambas. Sin embargo, la innovaci\u00f3n alimentaria y las diferentes preferencias alimentarias de los individuos tambi\u00e9n han provocado cambios en el tipo de carne o los ingredientes utilizados para elaborarla.<\/p>\n\n\n\n<h3 class=\"wp-block-heading\">Algunos de los ingredientes se pueden utilizar para hacer una hamburguesa.<\/h3>\n\n\n\n<ul class=\"wp-block-list\">\n<li>Pollo<\/li>\n\n\n\n<li>Pavo<\/li>\n\n\n\n<li>Avestruz<\/li>\n\n\n\n<li>Venado<\/li>\n\n\n\n<li>Bisonte<\/li>\n<\/ul>\n\n\n\n<h2 class=\"wp-block-heading\">El auge de las hamburguesas a base de plantas<\/h2>\n\n\n\n<figure class=\"gb-block-image gb-block-image-c3a855f0\"><img loading=\"lazy\" decoding=\"async\" width=\"1456\" height=\"816\" class=\"gb-image gb-image-c3a855f0\" src=\"https:\/\/www.sisinternational.com\/wp-content\/uploads\/2025\/08\/Burger-3.jpg\" alt=\"Investigaci\u00f3n y estrategia de mercado internacional de SIS\" title=\"Burger (3)\" srcset=\"https:\/\/www.sisinternational.com\/wp-content\/uploads\/2025\/08\/Burger-3.jpg 1456w, https:\/\/www.sisinternational.com\/wp-content\/uploads\/2025\/08\/Burger-3-300x168.jpg 300w, https:\/\/www.sisinternational.com\/wp-content\/uploads\/2025\/08\/Burger-3-1024x574.jpg 1024w, https:\/\/www.sisinternational.com\/wp-content\/uploads\/2025\/08\/Burger-3-768x430.jpg 768w, https:\/\/www.sisinternational.com\/wp-content\/uploads\/2025\/08\/Burger-3-18x10.jpg 18w\" sizes=\"auto, (max-width: 1456px) 100vw, 1456px\"><\/figure>\n\n\n\n<p><\/p>\n\n\n\n<p>Las hamburguesas a base de plantas est\u00e1n ganando popularidad en todo el mundo. Las dietas basadas en plantas se han vuelto comunes y las ventas de alimentos de origen vegetal han aumentado significativamente. Los consumidores se han vuelto m\u00e1s conscientes y el deseo de opciones alimentarias m\u00e1s sostenibles y saludables est\u00e1 influyendo en el crecimiento proyectado de la industria de las hamburguesas a base de plantas.<\/p>\n\n\n\n<h2 class=\"wp-block-heading\">Factores impulsores en la industria del mercado de hamburguesas<\/h2>\n\n\n\n<h3 class=\"wp-block-heading\">Comportamiento del consumidor y patrones de gasto en alimentos<\/h3>\n\n\n\n<p>El aumento de los ingresos familiares y el crecimiento de los hogares con dos o m\u00e1s miembros son uno de los principales factores que impulsan a los consumidores a cenar m\u00e1s fuera de casa. Adem\u00e1s, la expansi\u00f3n global de diversas tiendas de servicios alimentarios est\u00e1 ganando popularidad en los mercados desarrollados y en desarrollo de todo el mundo.<\/p>\n\n\n\n<h3 class=\"wp-block-heading\">Surgimiento y Expansi\u00f3n de Restaurantes y Tiendas de Comida R\u00e1pida<\/h3>\n\n\n\n<p>With the speedy rise in the popularity of burgers, international <a href=\"https:\/\/www.sisinternational.com\/es\/pericia\/curriculums-de-experiencia\/curriculum-de-experiencia-en-industria-de-bebidas-de-comida-rapida\/\" title=\"Experiencia en investigaci\u00f3n de mercado de comidas r\u00e1pidas y bebidas.\"  data-wpil-monitor-id=\"8593\">fast food<\/a> chains are targeting both local and overseas markets. Increasing foreign investment, rising household incomes, an expanding population of millennials, a rise in tourism, and shifting consumer consumption patterns all contribute to the expansion of the burger industry.<\/p>\n\n\n\n<h3 class=\"wp-block-heading\">Las cadenas alimentarias m\u00e1s importantes para la industria de las hamburguesas<\/h3>\n\n\n\n<figure class=\"gb-block-image gb-block-image-0c18b169\"><img loading=\"lazy\" decoding=\"async\" width=\"1456\" height=\"816\" class=\"gb-image gb-image-0c18b169\" src=\"https:\/\/www.sisinternational.com\/wp-content\/uploads\/2025\/08\/Burger-1.jpg\" alt=\"Investigaci\u00f3n y estrategia de mercado internacional de SIS\" title=\"Burger (1)\" srcset=\"https:\/\/www.sisinternational.com\/wp-content\/uploads\/2025\/08\/Burger-1.jpg 1456w, https:\/\/www.sisinternational.com\/wp-content\/uploads\/2025\/08\/Burger-1-300x168.jpg 300w, https:\/\/www.sisinternational.com\/wp-content\/uploads\/2025\/08\/Burger-1-1024x574.jpg 1024w, https:\/\/www.sisinternational.com\/wp-content\/uploads\/2025\/08\/Burger-1-768x430.jpg 768w, https:\/\/www.sisinternational.com\/wp-content\/uploads\/2025\/08\/Burger-1-18x10.jpg 18w\" sizes=\"auto, (max-width: 1456px) 100vw, 1456px\"><\/figure>\n\n\n\n<p><\/p>\n\n\n\n<p>`Hamburgers are classic staples of the most popular fast food chains in the world. Due to relatively low production costs, numerous burger chains have achieved great success. The highest-grossing burger chains generate billions of dollars in annual revenue.<\/p>\n\n\n\n<p>La demanda de hamburguesas que se sirvan de forma r\u00e1pida y asequible a los consumidores en un recipiente desechable para llevar tiene un gran impacto en el auge de las cadenas alimentarias de hamburguesas en todo el mundo. La mayor\u00eda de las hamburgueser\u00edas utilizan un tiempo m\u00ednimo de preparaci\u00f3n e ingredientes precalentados o precocidos para reducir el costo y el tiempo asociados con cada transacci\u00f3n. Estos son los principales actores de la industria de las hamburguesas:<\/p>\n\n\n\n<ol class=\"wp-block-list\">\n<li>McDonald&#039;s<\/li>\n\n\n\n<li>Wendy&#039;s<\/li>\n\n\n\n<li>hamburguesa rey<\/li>\n\n\n\n<li>Sonic<\/li>\n\n\n\n<li>Jack en la caja<\/li>\n\n\n\n<li>qu\u00e9 hamburguesa<\/li>\n\n\n\n<li>Culver&#039;s<\/li>\n\n\n\n<li>Hardee&#039;s<\/li>\n\n\n\n<li>Cinco chicos<\/li>\n\n\n\n<li>Carl&#039;s Jr.<\/li>\n\n\n\n<li>Hamburguesa In-N-Out<\/li>\n\n\n\n<li>juego de damas<\/li>\n\n\n\n<li>choza batida<\/li>\n\n\n\n<li>Natillas congeladas y hamburguesas de carne de Freddy&#039;s<\/li>\n\n\n\n<li>Castillo Blanco<\/li>\n<\/ol>\n\n\n\n<h2 class=\"wp-block-heading\">Beneficios de la investigaci\u00f3n de mercado de hamburguesas<\/h2>\n\n\n\n<p><a href=\"https:\/\/www.sisinternational.com\/es\/pericia\/industrias\/investigacion-de-mercado-de-productos-basicos-de-cocina\/\" title=\"Investigaci\u00f3n de mercado de elementos esenciales de cocina\"  data-wpil-monitor-id=\"8591\">Market research provides insights and essential<\/a> information regarding the burger industry and various business environments. It can reveal how potential customers and target clients view a specific product or business. It can provide a further understanding of how to connect with investors, indicate the status of any particular company compared to the competition, and forecast plans.<\/p>\n\n\n\n<p>The burger market research can also play an essential role in developing, introducing, and <a href=\"https:\/\/www.sisinternational.com\/es\/soluciones\/investigacion-de-consultoria-estrategica-fintech\/investigacion-de-mercado-de-servicios-financieros\/\" title=\"Investigaci\u00f3n de mercado de servicios financieros\"  data-wpil-monitor-id=\"8596\">marketing products and services<\/a> in the hamburger industry. Listed below are several ways in which <a href=\"https:\/\/www.sisinternational.com\/es\/desarrollo-de-la-ciudad-de-hartford-connecticuts\/\" title=\"Investigaci\u00f3n de mercado en Hartford, Connecticut\"  data-wpil-monitor-id=\"8589\">market research can influence any business strategy<\/a> in the industry:<\/p>\n\n\n\n<ul class=\"wp-block-list\">\n<li>Puede revelar c\u00f3mo los clientes actuales y potenciales perciben el negocio y los productos actuales y si el negocio satisface o no sus necesidades. Incluso es posible descubrir opiniones sobre la empresa y\/o sus productos que los tomadores de decisiones y ejecutivos desconocen.<\/li>\n\n\n\n<li>Based on the performance of similar products in the marketplace, the data gathered can determine whether a new business or <a href=\"https:\/\/www.sisinternational.com\/es\/product-testing-that-turns-ideas-into-market-ready-success\/\" title=\"Product Testing That Turns Ideas into Market-Ready Success\"  data-wpil-monitor-id=\"8595\">product idea will be successful<\/a> or whether target customers will find it appealing.<\/li>\n\n\n\n<li>Puede proporcionar una imagen precisa del negocio de las hamburguesas y del mercado. Puede determinar c\u00f3mo lo perciben en relaci\u00f3n con sus competidores y evaluar qu\u00e9 est\u00e1n haciendo para atraer clientes.<\/li>\n\n\n\n<li>Puede ayudarle a determinar qui\u00e9nes son sus clientes, d\u00f3nde se encuentran y qu\u00e9 clientes tienen m\u00e1s probabilidades de realizar transacciones con una empresa. La investigaci\u00f3n de mercado proporciona informaci\u00f3n para indicar las preferencias del cliente potencial o descubrir el motivo por el que las rechazar\u00eda.<\/li>\n\n\n\n<li>Los datos y las estrategias en la industria de las hamburguesas pueden ayudar a tomar decisiones adecuadas sobre empaque y promoci\u00f3n, as\u00ed como a elaborar contenidos y mensajes de marketing persuasivos.<\/li>\n\n\n\n<li>Mercado <a href=\"https:\/\/www.sisinternational.com\/es\/pericia\/industrias\/investigacion-de-mercado-de-desarrollo-de-codigo-bajo\/\" title=\"Investigaci\u00f3n de mercado de desarrollo de c\u00f3digo bajo\"  data-wpil-monitor-id=\"8592\">research is essential to the development<\/a> of marketing strategy for many businesses, as it provides a factual basis for estimating sales and profitability. In fact, it can be the deciding factor between making wise decisions that propel the business forward and making poor decisions that can harm the business.<\/li>\n<\/ul>\n\n\n\n<h2 class=\"wp-block-heading\">Acerca de la investigaci\u00f3n de mercado de hamburguesas<\/h2>\n\n\n\n<p>Burger Market Research proporciona informaci\u00f3n, datos y estrategias en la industria de las hamburguesas. A continuaci\u00f3n se muestra parte de la informaci\u00f3n que se puede obtener al realizar la investigaci\u00f3n del mercado de hamburguesas.<\/p>\n\n\n\n<ul class=\"wp-block-list\">\n<li>What is the size and growth rate of the <a href=\"https:\/\/www.sisinternational.com\/es\/transportistas-de-bajo-coste-en-la-industria-de-la-aviacion\/\" title=\"Investigaci\u00f3n de mercado de aerol\u00edneas de bajo costo\"  data-wpil-monitor-id=\"8590\">global and regional burger market<\/a> based on a variety of factors?<\/li>\n\n\n\n<li>\u00bfCu\u00e1l es el tama\u00f1o y la tasa de crecimiento del mercado de hamburguesas en estados, ciudades y naciones particulares?<\/li>\n\n\n\n<li>Durante el per\u00edodo de pron\u00f3stico, \u00bfqu\u00e9 regi\u00f3n o subsegmento se prev\u00e9 que impulse la industria de las hamburguesas?<\/li>\n\n\n\n<li>\u00bfQu\u00e9 factores se prev\u00e9 que impulsar\u00e1n y restringir\u00e1n la expansi\u00f3n del mercado?<\/li>\n\n\n\n<li>What are the most influential technological and <a href=\"https:\/\/www.sisinternational.com\/es\/global-beverage-market\/\" title=\"Global Beverage Market: Market Dynamics, Growth Projections &amp; Consumer Insights\"  data-wpil-monitor-id=\"8594\">market trends on the growth and dynamics<\/a> of the burger industry?<\/li>\n\n\n\n<li>\u00bfCu\u00e1les son las empresas l\u00edderes del mercado? \u00bfQu\u00e9 empresa ten\u00eda la mayor cuota de mercado?<\/li>\n<\/ul>\n\n\n\n<p>El informe de investigaci\u00f3n de mercado de hamburguesas proporciona informaci\u00f3n sobre las tendencias del mercado y destaca los desarrollos importantes para la industria de las hamburguesas. Adem\u00e1s de los factores antes mencionados, la informaci\u00f3n incluye varios otros que han contribuido al crecimiento del mercado en los \u00faltimos a\u00f1os.<\/p>\n\n\n\n<p><\/p>","protected":false},"excerpt":{"rendered":"<p>La investigaci\u00f3n del mercado de hamburguesas brinda informaci\u00f3n sobre las industrias de comida r\u00e1pida y la distribuci\u00f3n de hamburguesas en restaurantes, camiones de comida, tiendas o vendedores ambulantes.<\/p>","protected":false},"author":1,"featured_media":63921,"parent":22018,"menu_order":188,"comment_status":"closed","ping_status":"closed","template":"","meta":{"footnotes":""},"class_list":["post-41582","page","type-page","status-publish","has-post-thumbnail"],"_links":{"self":[{"href":"https:\/\/www.sisinternational.com\/es\/wp-json\/wp\/v2\/pages\/41582","targetHints":{"allow":["GET"]}}],"collection":[{"href":"https:\/\/www.sisinternational.com\/es\/wp-json\/wp\/v2\/pages"}],"about":[{"href":"https:\/\/www.sisinternational.com\/es\/wp-json\/wp\/v2\/types\/page"}],"author":[{"embeddable":true,"href":"https:\/\/www.sisinternational.com\/es\/wp-json\/wp\/v2\/users\/1"}],"replies":[{"embeddable":true,"href":"https:\/\/www.sisinternational.com\/es\/wp-json\/wp\/v2\/comments?post=41582"}],"version-history":[{"count":4,"href":"https:\/\/www.sisinternational.com\/es\/wp-json\/wp\/v2\/pages\/41582\/revisions"}],"predecessor-version":[{"id":81442,"href":"https:\/\/www.sisinternational.com\/es\/wp-json\/wp\/v2\/pages\/41582\/revisions\/81442"}],"up":[{"embeddable":true,"href":"https:\/\/www.sisinternational.com\/es\/wp-json\/wp\/v2\/pages\/22018"}],"wp:featuredmedia":[{"embeddable":true,"href":"https:\/\/www.sisinternational.com\/es\/wp-json\/wp\/v2\/media\/63921"}],"wp:attachment":[{"href":"https:\/\/www.sisinternational.com\/es\/wp-json\/wp\/v2\/media?parent=41582"}],"curies":[{"name":"wp","href":"https:\/\/api.w.org\/{rel}","templated":true}]}}