{"id":41580,"date":"2023-02-14T18:37:15","date_gmt":"2023-02-14T18:37:15","guid":{"rendered":"https:\/\/www.sisinternational.com\/?page_id=41580"},"modified":"2026-01-24T18:46:26","modified_gmt":"2026-01-24T23:46:26","slug":"investigacion-de-mercado-para-pequenas-y-medianas-empresas","status":"publish","type":"page","link":"https:\/\/www.sisinternational.com\/es\/pericia\/investigacion-de-mercado-para-pequenas-y-medianas-empresas\/","title":{"rendered":"Investigaci\u00f3n de mercado para peque\u00f1as y medianas empresas"},"content":{"rendered":"<h1 class=\"wp-block-heading p1\">Investigaci\u00f3n de mercado para peque\u00f1as y medianas empresas<\/h1>\n\n\n\n<figure class=\"gb-block-image gb-block-image-e70ed3cd\"><img loading=\"lazy\" decoding=\"async\" width=\"1456\" height=\"816\" class=\"gb-image gb-image-e70ed3cd\" src=\"https:\/\/www.sisinternational.com\/wp-content\/uploads\/2025\/08\/Small-and-Medium-Enterprise-7.jpg\" alt=\"Investigaci\u00f3n y estrategia de mercado internacional de SIS\" title=\"Small and Medium Enterprise (7)\" srcset=\"https:\/\/www.sisinternational.com\/wp-content\/uploads\/2025\/08\/Small-and-Medium-Enterprise-7.jpg 1456w, https:\/\/www.sisinternational.com\/wp-content\/uploads\/2025\/08\/Small-and-Medium-Enterprise-7-300x168.jpg 300w, https:\/\/www.sisinternational.com\/wp-content\/uploads\/2025\/08\/Small-and-Medium-Enterprise-7-1024x574.jpg 1024w, https:\/\/www.sisinternational.com\/wp-content\/uploads\/2025\/08\/Small-and-Medium-Enterprise-7-768x430.jpg 768w, https:\/\/www.sisinternational.com\/wp-content\/uploads\/2025\/08\/Small-and-Medium-Enterprise-7-18x10.jpg 18w\" sizes=\"auto, (max-width: 1456px) 100vw, 1456px\"><\/figure>\n\n\n\n<p><\/p>\n\n\n\n<p class=\"p3\">Las peque\u00f1as y medianas empresas sirven como motor de muchas econom\u00edas y tienen un impacto notable en la expansi\u00f3n econ\u00f3mica. Por lo tanto, para seguir siendo competitivas en un mercado en constante evoluci\u00f3n, las peque\u00f1as y medianas empresas deben comprender de manera integral a sus clientes, la competencia y las tendencias de la industria.<span class=\"Apple-converted-space\">&nbsp;<\/span><\/p>\n\n\n\n<p class=\"p4\">Por esta raz\u00f3n, la investigaci\u00f3n de mercado de las peque\u00f1as y medianas empresas proporciona una plataforma para que las empresas obtengan datos y conocimientos cr\u00edticos para guiar su toma de decisiones e idear planes exitosos para progresar.<\/p>\n\n\n\n<h2 class=\"wp-block-heading p5\">Importancia y beneficios de la investigaci\u00f3n de mercados de las peque\u00f1as y medianas empresas para la toma de decisiones empresariales<\/h2>\n\n\n\n<p class=\"p3\">Conducting small and medium enterprise market research is a vital step to understanding their customers, industry, and competitors. It enables companies to gain <a href=\"https:\/\/www.sisinternational.com\/es\/soluciones\/insights-del-cliente\/\" title=\"Informaci\u00f3n del cliente\"  data-wpil-monitor-id=\"8223\">insights into customer<\/a> needs and preferences, recognize market opportunities, assess the competition, and uncover potential for growth.<span class=\"Apple-converted-space\">&nbsp;<\/span><\/p>\n\n\n\n<p class=\"p3\">It is of paramount importance to be aware of the limited resources, high operational costs, and changing customer needs that small and medium enterprises face \u2013 through market research, they can make informed decisions and <a href=\"https:\/\/www.sisinternational.com\/es\/soluciones\/consultoria-estrategica\/consultoria-de-ejecucion-de-desarrollo-de-estrategia\/\" title=\"Consultor\u00eda en Desarrollo y Ejecuci\u00f3n de Estrategias\"  data-wpil-monitor-id=\"8221\">develop effective strategies<\/a> to manage these challenges.<\/p>\n\n\n\n<h3 class=\"wp-block-heading p3\">Algunos de los beneficios clave de la investigaci\u00f3n de mercado de las peque\u00f1as y medianas empresas a la hora de tomar decisiones comerciales son los siguientes:<\/h3>\n\n\n\n<figure class=\"gb-block-image gb-block-image-9b965e78\"><img loading=\"lazy\" decoding=\"async\" width=\"1456\" height=\"816\" class=\"gb-image gb-image-9b965e78\" src=\"https:\/\/www.sisinternational.com\/wp-content\/uploads\/2025\/08\/Small-and-Medium-Enterprise-3.jpg\" alt=\"Investigaci\u00f3n y estrategia de mercado internacional de SIS\" title=\"Small and Medium Enterprise (3)\" srcset=\"https:\/\/www.sisinternational.com\/wp-content\/uploads\/2025\/08\/Small-and-Medium-Enterprise-3.jpg 1456w, https:\/\/www.sisinternational.com\/wp-content\/uploads\/2025\/08\/Small-and-Medium-Enterprise-3-300x168.jpg 300w, https:\/\/www.sisinternational.com\/wp-content\/uploads\/2025\/08\/Small-and-Medium-Enterprise-3-1024x574.jpg 1024w, https:\/\/www.sisinternational.com\/wp-content\/uploads\/2025\/08\/Small-and-Medium-Enterprise-3-768x430.jpg 768w, https:\/\/www.sisinternational.com\/wp-content\/uploads\/2025\/08\/Small-and-Medium-Enterprise-3-18x10.jpg 18w\" sizes=\"auto, (max-width: 1456px) 100vw, 1456px\"><\/figure>\n\n\n\n<ul class=\"wp-block-list\">\n<li>Las empresas pueden comprender las necesidades, preferencias y comportamientos de los clientes. Con estos datos, las peque\u00f1as y medianas empresas pueden adaptar sus productos y servicios a las necesidades del cliente y crear t\u00e1cticas de marketing efectivas para llegar a su mercado objetivo.<\/li>\n\n\n\n<li>By conducting small and medium enterprise market research, organizations can gain valuable insights into potential business opportunities. Through leveraging emerging trends, exploring untapped customer segments, and evaluating potential partnerships, they can <a href=\"https:\/\/www.sisinternational.com\/es\/pericia\/industrias\/investigacion-de-mercado-de-optimizacion-del-menu-de-comida-de-restaurante\/\" title=\"Investigaci\u00f3n de mercado de optimizaci\u00f3n de men\u00fas de restaurantes y alimentos\"  data-wpil-monitor-id=\"8222\">optimize their market<\/a> share and drive sustained growth.<\/li>\n\n\n\n<li>Enterprises can leverage small and medium enterprise market research to gain insights into the competitive landscape, and understand their own competitive advantages and disadvantages compared to other players. With this knowledge, small and <a href=\"https:\/\/www.sisinternational.com\/es\/investigacion-a-gran-escala-para-pequenas-empresas\/\" title=\"Investigaci\u00f3n a gran escala para peque\u00f1as empresas\"  data-wpil-monitor-id=\"2331\">medium companies can create and execute strategies<\/a> to differentiate themselves and effectively position themselves in a crowded market.<\/li>\n\n\n\n<li>Las peque\u00f1as y medianas empresas pueden aprovechar la investigaci\u00f3n de mercado para obtener informaci\u00f3n de los clientes sobre el rendimiento de sus productos y servicios. A trav\u00e9s de estos datos, pueden descubrir \u00e1reas de mejora y actualizar sus ofertas para satisfacer mejor las expectativas de los clientes.<\/li>\n\n\n\n<li>Con la investigaci\u00f3n de mercado de peque\u00f1as y medianas empresas, las empresas pueden tomar decisiones basadas en datos objetivos, aumentando sus probabilidades de \u00e9xito y crecimiento futuro.<\/li>\n<\/ul>\n\n\n\n<h2 class=\"wp-block-heading p5\">Mejores pr\u00e1cticas y objetivos de la investigaci\u00f3n de mercado de peque\u00f1as y medianas empresas.<\/h2>\n\n\n\n<p class=\"p3\">Para crear un estudio de investigaci\u00f3n de mercado exitoso, es necesario establecer un problema de investigaci\u00f3n claro que se adhiera a los objetivos comerciales. Luego, determinar el m\u00e9todo de investigaci\u00f3n m\u00e1s adecuado (encuestas, grupos focales, entrevistas, entre otros) y la poblaci\u00f3n objetivo y el tama\u00f1o de la muestra.<\/p>\n\n\n\n<p class=\"p3\">This approach allows consulting firms to <a href=\"https:\/\/www.sisinternational.com\/es\/cobertura\/europa\/investigacion-de-mercado-liverpool-reino-unido\/\" title=\"Investigaci\u00f3n de mercado en Liverpool | Grupos focales y recopilaci\u00f3n de datos del Reino Unido\"  data-wpil-monitor-id=\"8210\">collect the required data<\/a> and draw conclusions based on facts. On the other hand, small and medium enterprises often leverage market research to reach their goals <span class=\"s1\">\u2013<b> <\/b><\/span>y sus objetivos m\u00e1s comunes son:<\/p>\n\n\n\n<ul class=\"wp-block-list\">\n<li>Obtenga una comprensi\u00f3n profunda de las necesidades y preferencias de sus clientes para desarrollar productos y servicios que satisfagan sus expectativas.<\/li>\n\n\n\n<li>Identify and <a href=\"https:\/\/www.sisinternational.com\/es\/cobertura\/investigacion-de-mercado-asia\/evaluaciones-de-oportunidades-en-el-mercado-asiatico\/\" title=\"Evaluaciones de oportunidades de mercado en Asia\"  data-wpil-monitor-id=\"8207\">assess potential market opportunities<\/a> to remain competitive and expand their operations.<\/li>\n\n\n\n<li>Obtenga una ventaja competitiva recopilando datos que brinden informaci\u00f3n valiosa sobre las fortalezas y debilidades de sus competidores, lo que permitir\u00e1 a las peque\u00f1as y medianas empresas evaluar el panorama competitivo e identificar oportunidades potenciales de manera efectiva.<\/li>\n\n\n\n<li>Evaluar el desempe\u00f1o de sus productos y servicios para determinar cualquier \u00e1rea potencial de mejora y perfeccionar sus ofertas para satisfacer mejor las necesidades de los clientes.<\/li>\n<\/ul>\n\n\n\n<h2 class=\"wp-block-heading p5\">Oportunidades para la investigaci\u00f3n de mercado de peque\u00f1as y medianas empresas<\/h2>\n\n\n\n<ul class=\"wp-block-list\">\n<li>Businesses can benefit from small and medium enterprise market research to identify untapped market segments. By gaining an understanding of the distinct needs and preferences of various consumer segments, companies can craft their <a href=\"https:\/\/www.sisinternational.com\/es\/soluciones\/investigacion-de-mercado-de-grupo-focal\/\" title=\"Investigaci\u00f3n de mercado con grupos focales\"  data-wpil-monitor-id=\"8213\">marketing plans to target specific groups<\/a> effectively.<\/li>\n\n\n\n<li>La realizaci\u00f3n de estudios de mercado es un elemento esencial a la hora de introducir nuevos productos o servicios. Permite a las peque\u00f1as y medianas empresas detectar perspectivas potenciales de nuevos productos. Al analizar los deseos de los consumidores, las empresas pueden fabricar art\u00edculos o servicios que satisfagan con precisi\u00f3n las demandas de su p\u00fablico objetivo. La investigaci\u00f3n de mercado puede proporcionar a las empresas informaci\u00f3n valiosa sobre la satisfacci\u00f3n del cliente. Al recopilar comentarios de los clientes, las empresas pueden identificar oportunidades de mejora y realizar ajustes en sus productos, servicios o pr\u00e1cticas de servicio al cliente para adaptarse mejor a las necesidades de sus clientes.<\/li>\n\n\n\n<li>La realizaci\u00f3n de estudios de mercado para peque\u00f1as y medianas empresas ofrece una excelente imagen del panorama competitivo. Ayuda a las organizaciones a diferenciarse y dise\u00f1ar planes para obtener una ventaja en el mercado.<\/li>\n\n\n\n<li>Las empresas pueden mitigar el riesgo utilizando investigaciones de mercado para mantenerse al tanto de las tendencias actuales del mercado y las preferencias de los consumidores.<span class=\"Apple-converted-space\">\u00a0<\/span><\/li>\n<\/ul>\n\n\n\n<h2 class=\"wp-block-heading p5\">Desaf\u00edos y limitaciones de la investigaci\u00f3n de mercado de las peque\u00f1as y medianas empresas<\/h2>\n\n\n\n<figure class=\"gb-block-image gb-block-image-ce1b03a0\"><img loading=\"lazy\" decoding=\"async\" width=\"1456\" height=\"816\" class=\"gb-image gb-image-ce1b03a0\" src=\"https:\/\/www.sisinternational.com\/wp-content\/uploads\/2025\/08\/Small-and-Medium-Enterprise-2.jpg\" alt=\"Investigaci\u00f3n y estrategia de mercado internacional de SIS\" title=\"Small and Medium Enterprise (2)\" srcset=\"https:\/\/www.sisinternational.com\/wp-content\/uploads\/2025\/08\/Small-and-Medium-Enterprise-2.jpg 1456w, https:\/\/www.sisinternational.com\/wp-content\/uploads\/2025\/08\/Small-and-Medium-Enterprise-2-300x168.jpg 300w, https:\/\/www.sisinternational.com\/wp-content\/uploads\/2025\/08\/Small-and-Medium-Enterprise-2-1024x574.jpg 1024w, https:\/\/www.sisinternational.com\/wp-content\/uploads\/2025\/08\/Small-and-Medium-Enterprise-2-768x430.jpg 768w, https:\/\/www.sisinternational.com\/wp-content\/uploads\/2025\/08\/Small-and-Medium-Enterprise-2-18x10.jpg 18w\" sizes=\"auto, (max-width: 1456px) 100vw, 1456px\"><\/figure>\n\n\n\n<ul class=\"wp-block-list ul1\">\n<li>Las peque\u00f1as y medianas empresas a menudo enfrentan limitaciones de recursos que pueden impedir su capacidad para realizar investigaciones de mercado exhaustivas.<\/li>\n\n\n\n<li>Es posible que las peque\u00f1as y medianas empresas no tengan el mismo nivel de experiencia y conocimiento de la investigaci\u00f3n de mercado que las grandes organizaciones.<\/li>\n\n\n\n<li>Es posible que las empresas no posean los mismos recursos financieros que las corporaciones m\u00e1s grandes para destinarlos a la investigaci\u00f3n de mercado.<\/li>\n\n\n\n<li>Debido a la posibilidad de reducir el tama\u00f1o de las muestras, las peque\u00f1as y medianas empresas pueden tener dificultades para obtener resultados estad\u00edsticamente significativos.<\/li>\n\n\n\n<li>Small enterprises may find it difficult to compete with larger companies that possess greater <a href=\"https:\/\/www.sisinternational.com\/es\/pericia\/industrias\/investigacion-de-mercado-de-recursos-naturales\/\" title=\"Investigaci\u00f3n de Mercado de Recursos Naturales\"  data-wpil-monitor-id=\"8217\">resources and information for market<\/a> analysis.<\/li>\n<\/ul>\n\n\n\n<h2 class=\"wp-block-heading p5\">Tendencias futuras y consideraciones para la investigaci\u00f3n de mercado de peque\u00f1as y medianas empresas<\/h2>\n\n\n\n<ul class=\"wp-block-list\">\n<li>A medida que evoluciona la econom\u00eda global, crece la importancia de las peque\u00f1as y medianas empresas. Por lo tanto, para seguir siendo competitivas, las empresas deben tener acceso a estudios de mercado precisos que les ayuden a tomar decisiones informadas. Teniendo esto en cuenta, es probable que aumente la demanda de investigaciones de mercado para las peque\u00f1as y medianas empresas.<\/li>\n\n\n\n<li>La aparici\u00f3n de soluciones de an\u00e1lisis y big data ha abierto la puerta para que las peque\u00f1as y medianas empresas accedan a t\u00e9cnicas de investigaci\u00f3n de mercado m\u00e1s completas. Estas herramientas pueden proporcionar a las empresas una mejor visi\u00f3n de las tendencias, inclinaciones y comportamientos de compra de los clientes.<\/li>\n\n\n\n<li>A medida que aumenta la competencia en el mercado, las peque\u00f1as y medianas empresas se han dado cuenta de las ventajas de cooperar entre s\u00ed. Estas empresas pueden combinar sus recursos y experiencia para realizar investigaciones de mercado y obtener una comprensi\u00f3n m\u00e1s completa de sus clientes y del mercado.<\/li>\n\n\n\n<li>Strategically-directed small and medium enterprise market research can provide businesses with the valuable insights they need to identify and capitalize on customer preferences, behaviors, and conversations on social media. By leveraging these insights, companies can effectively tailor their <a href=\"https:\/\/www.sisinternational.com\/es\/pericia\/industrias\/alimentos-bebidas-voz-del-cliente-investigacion-de-mercado\/\" title=\"Investigaci\u00f3n de Mercado de la Voz del Cliente de Alimentos y Bebidas\"  data-wpil-monitor-id=\"8220\">marketing campaigns for greater customer<\/a> engagement.<\/li>\n\n\n\n<li>La inteligencia artificial (IA) y el aprendizaje autom\u00e1tico (ML) pueden aumentar la productividad de las peque\u00f1as y medianas empresas y hacerlas m\u00e1s competitivas. Como resultado, se espera que incluso las peque\u00f1as empresas aprovechen la IA y el ML para aumentar la productividad y ampliar sus operaciones.<\/li>\n<\/ul>\n\n\n\n<p class=\"p3\">SIS International ofrece investigaci\u00f3n cuantitativa, cualitativa y estrat\u00e9gica. Proporcionamos datos, herramientas, estrategias, informes y insights para la toma de decisiones. Realizamos entrevistas, encuestas, grupos focales y muchos otros m\u00e9todos y enfoques de investigaci\u00f3n de mercado. Cont\u00e1ctenos para su pr\u00f3ximo proyecto de Investigaci\u00f3n de Mercado.<\/p>","protected":false},"excerpt":{"rendered":"<p>Realizar una investigaci\u00f3n de mercado para peque\u00f1as y medianas empresas es un paso vital para comprender a sus clientes, la industria y los competidores.<\/p>","protected":false},"author":1,"featured_media":64551,"parent":14514,"menu_order":187,"comment_status":"closed","ping_status":"closed","template":"","meta":{"footnotes":""},"class_list":["post-41580","page","type-page","status-publish","has-post-thumbnail"],"_links":{"self":[{"href":"https:\/\/www.sisinternational.com\/es\/wp-json\/wp\/v2\/pages\/41580","targetHints":{"allow":["GET"]}}],"collection":[{"href":"https:\/\/www.sisinternational.com\/es\/wp-json\/wp\/v2\/pages"}],"about":[{"href":"https:\/\/www.sisinternational.com\/es\/wp-json\/wp\/v2\/types\/page"}],"author":[{"embeddable":true,"href":"https:\/\/www.sisinternational.com\/es\/wp-json\/wp\/v2\/users\/1"}],"replies":[{"embeddable":true,"href":"https:\/\/www.sisinternational.com\/es\/wp-json\/wp\/v2\/comments?post=41580"}],"version-history":[{"count":5,"href":"https:\/\/www.sisinternational.com\/es\/wp-json\/wp\/v2\/pages\/41580\/revisions"}],"predecessor-version":[{"id":81381,"href":"https:\/\/www.sisinternational.com\/es\/wp-json\/wp\/v2\/pages\/41580\/revisions\/81381"}],"up":[{"embeddable":true,"href":"https:\/\/www.sisinternational.com\/es\/wp-json\/wp\/v2\/pages\/14514"}],"wp:featuredmedia":[{"embeddable":true,"href":"https:\/\/www.sisinternational.com\/es\/wp-json\/wp\/v2\/media\/64551"}],"wp:attachment":[{"href":"https:\/\/www.sisinternational.com\/es\/wp-json\/wp\/v2\/media?parent=41580"}],"curies":[{"name":"wp","href":"https:\/\/api.w.org\/{rel}","templated":true}]}}