{"id":41568,"date":"2023-02-13T04:01:17","date_gmt":"2023-02-13T04:01:17","guid":{"rendered":"https:\/\/www.sisinternational.com\/?page_id=41568"},"modified":"2026-01-24T21:27:18","modified_gmt":"2026-01-25T02:27:18","slug":"estudio-de-mercado-de-aceites-vegetales","status":"publish","type":"page","link":"https:\/\/www.sisinternational.com\/es\/pericia\/estudio-de-mercado-de-aceites-vegetales\/","title":{"rendered":"Investigaci\u00f3n de mercado de aceites vegetales"},"content":{"rendered":"<h1 class=\"wp-block-heading\">Investigaci\u00f3n de mercado de aceites vegetales<\/h1>\n\n\n\n<figure class=\"gb-block-image gb-block-image-61d16bc2\"><img loading=\"lazy\" decoding=\"async\" width=\"1456\" height=\"816\" class=\"gb-image gb-image-61d16bc2\" src=\"https:\/\/www.sisinternational.com\/wp-content\/uploads\/2025\/08\/Palm-oiil-2.jpg\" alt=\"Investigaci\u00f3n y estrategia de mercado internacional de SIS\" title=\"Palm oiil (2)\" srcset=\"https:\/\/www.sisinternational.com\/wp-content\/uploads\/2025\/08\/Palm-oiil-2.jpg 1456w, https:\/\/www.sisinternational.com\/wp-content\/uploads\/2025\/08\/Palm-oiil-2-300x168.jpg 300w, https:\/\/www.sisinternational.com\/wp-content\/uploads\/2025\/08\/Palm-oiil-2-1024x574.jpg 1024w, https:\/\/www.sisinternational.com\/wp-content\/uploads\/2025\/08\/Palm-oiil-2-768x430.jpg 768w, https:\/\/www.sisinternational.com\/wp-content\/uploads\/2025\/08\/Palm-oiil-2-18x10.jpg 18w\" sizes=\"auto, (max-width: 1456px) 100vw, 1456px\"><\/figure>\n\n\n\n<p><\/p>\n\n\n\n<h2 class=\"wp-block-heading\">\u00bfQu\u00e9 es el aceite vegetal?<\/h2>\n\n\n\n<p>El aceite vegetal proviene de aceites vegetales extra\u00eddos no s\u00f3lo de vegetales sino tambi\u00e9n de semillas, nueces, cereales o algunos tipos de frutas. Tiene una amplia variedad, pero cada una es extremadamente vers\u00e1til y sirve para diferentes prop\u00f3sitos en la cocina, como cocinar, fre\u00edr, saltear, hornear y aderezar. Su finalidad no acaba en la cocina o la industria alimentaria. El aceite vegetal es un ingrediente importante para muchos otros usos industriales y ganaderos.<\/p>\n\n\n\n<h2 class=\"wp-block-heading\">\u00bfC\u00f3mo se elabora el aceite vegetal?<\/h2>\n\n\n\n<p>Las t\u00e9cnicas de extracci\u00f3n modernas pueden extraer hasta 98% del contenido de petr\u00f3leo en algunas plantas, a diferencia de los m\u00e9todos disponibles en los primeros tiempos, donde solo se pod\u00edan extraer hasta 10% de petr\u00f3leo. Estas t\u00e9cnicas hacen que la extracci\u00f3n de aceite de nueces y semillas sea m\u00e1s eficiente y permiten que haya diferentes variedades de aceites vegetales disponibles en el mercado.<\/p>\n\n\n\n<h2 class=\"wp-block-heading\">La extracci\u00f3n de aceites vegetales implica un proceso de cuatro pasos que incluye lo siguiente:<\/h2>\n\n\n\n<h3 class=\"wp-block-heading\">Limpieza<\/h3>\n\n\n\n<p>Las semillas o frutos secos deben pasar por un proceso de limpieza minucioso y luego pasarse por imanes para eliminar restos de metal. Se quitar\u00e1 la piel y luego se triturar\u00e1 mec\u00e1nicamente antes de calentarla.<\/p>\n\n\n\n<h3 class=\"wp-block-heading\">Prensado<\/h3>\n\n\n\n<p>Las semillas o nueces trituradas y calentadas se prensan mec\u00e1nicamente, lo que extrae el aceite.<\/p>\n\n\n\n<h3 class=\"wp-block-heading\">Extraccion solvente<\/h3>\n\n\n\n<p>Para una extracci\u00f3n m\u00e1s eficiente, se agregar\u00e1 un solvente al aceite disuelto una vez que se haya eliminado la \u201ctorta de aceite\u201d. Y luego, se destilar\u00e1 para eliminar el disolvente.<\/p>\n\n\n\n<h3 class=\"wp-block-heading\">Refinaci\u00f3n<\/h3>\n\n\n\n<p>El proceso de refinamiento consiste en calentar el aceite a 85 \u00b0C y mezclarlo con una sustancia alcalina. Posteriormente, el aceite ser\u00e1 tratado con agua o \u00e1cido para desgomarlo. Luego, los aceites se blanquear\u00e1n para eliminar los colores naturales. Por \u00faltimo, el vapor desodorizar\u00e1 los aceites y se agregar\u00e1 una peque\u00f1a cantidad de \u00e1cido c\u00edtrico para eliminar los rastros que pueden acortar la vida \u00fatil del aceite.<\/p>\n\n\n\n<h2 class=\"wp-block-heading\">Beneficios de la salud<\/h2>\n\n\n\n<p>Some of the common vegetable <a href=\"https:\/\/www.sisinternational.com\/es\/pericia\/industrias\/investigacion-de-mercado-de-petroleo-y-gas\/\" title=\"Investigaci\u00f3n de mercado de petr\u00f3leo y gas\"  data-wpil-monitor-id=\"3088\">oils in the market<\/a> include sunflower oil, palm oil, canola oil, hazelnut oil, soybean oil, almond oil, and olive oil, to mention a few. These are known for providing many health benefits, particularly in controlling heart health.<\/p>\n\n\n\n<p>Los aceites vegetales contienen triglic\u00e9ridos similares a los que se encuentran en las grasas animales como la mantequilla y la manteca de cerdo. Pero, cuando se consume en cantidades saludables, puede ayudar a controlar los niveles de colesterol, az\u00facar en la sangre y presi\u00f3n arterial, reduciendo los riesgos de enfermedades cardiovasculares.<\/p>\n\n\n\n<p>Algunos aceites vegetales son ricos en vitamina E, un antioxidante que promueve la inmunidad y ayuda al cuerpo a combatir los radicales libres. Adem\u00e1s, los aceites vegetales tambi\u00e9n pueden reducir el riesgo de c\u00e1ncer de mama cuando se usan con regularidad. Otros beneficios para la salud de los aceites vegetales pueden incluir mejorar el metabolismo, promover el crecimiento y la reparaci\u00f3n celular, mejorar el estado de \u00e1nimo, prevenir la osteoporosis y muchos m\u00e1s.<\/p>\n\n\n\n<h2 class=\"wp-block-heading\">Industria de alimentos<\/h2>\n\n\n\n<p>Muchos restaurantes y empresas alimentarias utilizan aceites vegetales para cocinar y fre\u00edr. Estos aceites pueden resistir la cocci\u00f3n a altas temperaturas, lo que no provoca humo ni crea un sabor amargo y quemado en la comida. Adem\u00e1s, estos aceites tienen un sabor suave o nulo, lo que no afecta el sabor de los aderezos para ensaladas, el pan, los pasteles y otros productos horneados. Esto hace que los aceites vegetales tengan demanda en la industria alimentaria.<\/p>\n\n\n\n<h2 class=\"wp-block-heading\">Otros usos industriales<\/h2>\n\n\n\n<figure class=\"gb-block-image gb-block-image-bc6b5ff4\"><img loading=\"lazy\" decoding=\"async\" width=\"1456\" height=\"816\" class=\"gb-image gb-image-bc6b5ff4\" src=\"https:\/\/www.sisinternational.com\/wp-content\/uploads\/2025\/08\/Palm-oiil-1.jpg\" alt=\"Investigaci\u00f3n y estrategia de mercado internacional de SIS\" title=\"Palm oiil (1)\" srcset=\"https:\/\/www.sisinternational.com\/wp-content\/uploads\/2025\/08\/Palm-oiil-1.jpg 1456w, https:\/\/www.sisinternational.com\/wp-content\/uploads\/2025\/08\/Palm-oiil-1-300x168.jpg 300w, https:\/\/www.sisinternational.com\/wp-content\/uploads\/2025\/08\/Palm-oiil-1-1024x574.jpg 1024w, https:\/\/www.sisinternational.com\/wp-content\/uploads\/2025\/08\/Palm-oiil-1-768x430.jpg 768w, https:\/\/www.sisinternational.com\/wp-content\/uploads\/2025\/08\/Palm-oiil-1-18x10.jpg 18w\" sizes=\"auto, (max-width: 1456px) 100vw, 1456px\"><\/figure>\n\n\n\n<p><\/p>\n\n\n\n<p>Los aceites vegetales son ingredientes importantes en la elaboraci\u00f3n de jabones, detergentes, productos para el cuidado de la piel, velas, perfumes y otros art\u00edculos de cuidado personal.<\/p>\n\n\n\n<p>Algunos aceites vegetales tambi\u00e9n se utilizan en formulaciones de pinturas y productos para el tratamiento de la madera. Estos tambi\u00e9n se utilizan como materia prima para la producci\u00f3n de biocombustibles. De la producci\u00f3n de aceites vegetales tambi\u00e9n se obtienen como subproducto piensos para el ganado.<\/p>\n\n\n\n<h2 class=\"wp-block-heading\">T\u00edtulos de trabajo clave<\/h2>\n\n\n\n<p>La industria del aceite vegetal necesita diversas habilidades especializadas en agricultura y cultivo y gesti\u00f3n de jardines. Las personas con experiencia acreditada en ingenier\u00eda, ciencia y tecnolog\u00eda y campos relacionados tambi\u00e9n pueden encontrar una carrera profesional en este campo. A medida que la industria se expanda, habr\u00e1 m\u00e1s puestos de trabajo disponibles.<\/p>\n\n\n\n<h3 class=\"wp-block-heading\">A continuaci\u00f3n se incluyen algunos de los t\u00edtulos clave de los trabajos:<\/h3>\n\n\n\n<ul class=\"wp-block-list\">\n<li>Horticultor<\/li>\n\n\n\n<li>Analista de materias primas<\/li>\n\n\n\n<li>T\u00e9cnico de laboratorio<\/li>\n\n\n\n<li>Gerente de Extracci\u00f3n<\/li>\n\n\n\n<li>Gerente de Operaciones de Planta<\/li>\n\n\n\n<li>Gerente General de Plantaci\u00f3n<\/li>\n\n\n\n<li>Operador de proceso<\/li>\n\n\n\n<li>Operador de granja<\/li>\n\n\n\n<li>Ingeniero de f\u00e1brica<\/li>\n\n\n\n<li>Mecanico de mantenimiento<\/li>\n<\/ul>\n\n\n\n<h2 class=\"wp-block-heading\">\u00bfPor qu\u00e9 las empresas necesitan investigaciones de mercado de aceites vegetales?<\/h2>\n\n\n\n<p>Debido a la alta versatilidad, el bajo costo de producci\u00f3n y la amplia disponibilidad de los aceites vegetales, su demanda en el mercado ha aumentado continuamente.<\/p>\n\n\n\n<p>Los aceites vegetales contienen triglic\u00e9ridos, com\u00fanmente conocidos como grasas, que pueden ser un buen sustituto de las grasas animales y los petroqu\u00edmicos para aplicaciones alimentarias y no alimentarias. En este sentido, la industria alimentaria est\u00e1 en constante expansi\u00f3n y varios fabricantes trabajan en diferentes innovaciones de productos.<\/p>\n\n\n\n<p>Por estas razones, el mercado de aceites vegetales sigue expandi\u00e9ndose. Adem\u00e1s, muchos clientes han optado por los aceites vegetales debido a sus beneficios para la salud.<\/p>\n\n\n\n<p>Vegetable <a href=\"https:\/\/www.sisinternational.com\/es\/soluciones\/investigacion-de-mercado-de-oleoductos-y-gasoductos\/\" title=\"Investigaci\u00f3n del mercado de oleoductos y gasoductos\"  data-wpil-monitor-id=\"2156\">oil market research<\/a> can help businesses gain valuable information from the current market conditions, consumers&#8217; insights and preferences, competitors&#8217; strategies, and industry trends.<\/p>\n\n\n\n<p>Estos pueden ayudar a las empresas a tomar decisiones estrat\u00e9gicas para mejorar sus productos, precios y marketing, as\u00ed como a identificar el crecimiento y la expansi\u00f3n potenciales para seguir siendo competitivos en la industria.<\/p>\n\n\n\n<h2 class=\"wp-block-heading\">Factores claves del \u00e9xito<\/h2>\n\n\n\n<p>La investigaci\u00f3n de mercado es esencial para identificar factores que ayudar\u00e1n a las empresas a crecer y mantenerse competitivas. Las empresas deber\u00edan centrarse en recopilar datos de fuentes fiables y analizarlos utilizando t\u00e9cnicas estad\u00edsticas adecuadas.<\/p>\n\n\n\n<p>Un an\u00e1lisis profundo ayudar\u00e1 a las empresas a obtener una comprensi\u00f3n profunda de las condiciones y tendencias actuales en la industria del aceite vegetal. No s\u00f3lo eso, sino que las empresas tambi\u00e9n deben identificar sus objetivos espec\u00edficos para determinar el riesgo y el crecimiento potenciales y comprender las preferencias de cada cliente.<\/p>\n\n\n\n<p>Para que las empresas tomen decisiones estrat\u00e9gicas, tambi\u00e9n es crucial que se realicen investigaciones de manera oportuna que brinden recomendaciones que ayuden a las empresas a tomar decisiones estrat\u00e9gicas.<\/p>\n\n\n\n<p>With the influence of technology in the cultivation, production, and distribution of vegetable oils, research can help evaluate its impact on the market. Most importantly, research can also help businesses understand the attitudes and preferences of customers towards <a href=\"https:\/\/www.sisinternational.com\/es\/pericia\/industrias\/estudio-de-mercado-del-aceite-de-palma\/\" title=\"Investigaci\u00f3n de mercado del aceite de palma\"  data-wpil-monitor-id=\"3462\">vegetable<\/a> oils.<\/p>\n\n\n\n<h2 class=\"wp-block-heading\">Acerca de la investigaci\u00f3n de mercado de aceites vegetales<\/h2>\n\n\n\n<figure class=\"gb-block-image gb-block-image-bd68a6d6\"><img loading=\"lazy\" decoding=\"async\" width=\"1456\" height=\"816\" class=\"gb-image gb-image-bd68a6d6\" src=\"https:\/\/www.sisinternational.com\/wp-content\/uploads\/2025\/08\/Palm-oiil-4.jpg\" alt=\"Investigaci\u00f3n y estrategia de mercado internacional de SIS\" title=\"Palm oiil (4)\" srcset=\"https:\/\/www.sisinternational.com\/wp-content\/uploads\/2025\/08\/Palm-oiil-4.jpg 1456w, https:\/\/www.sisinternational.com\/wp-content\/uploads\/2025\/08\/Palm-oiil-4-300x168.jpg 300w, https:\/\/www.sisinternational.com\/wp-content\/uploads\/2025\/08\/Palm-oiil-4-1024x574.jpg 1024w, https:\/\/www.sisinternational.com\/wp-content\/uploads\/2025\/08\/Palm-oiil-4-768x430.jpg 768w, https:\/\/www.sisinternational.com\/wp-content\/uploads\/2025\/08\/Palm-oiil-4-18x10.jpg 18w\" sizes=\"auto, (max-width: 1456px) 100vw, 1456px\"><\/figure>\n\n\n\n<p><\/p>\n\n\n\n<p>A medida que el mercado de hortalizas crece continuamente, es importante conocer sus condiciones y tendencias actuales mediante la recopilaci\u00f3n y el an\u00e1lisis de datos precisos para identificar diversos factores que pueden afectar a las empresas y ayudarlas a mantenerse competitivas en la industria.<\/p>\n\n\n\n<p>SIS International ofrece investigaci\u00f3n cuantitativa, cualitativa y estrat\u00e9gica. Proporcionamos datos, herramientas, estrategias, informes y insights para la toma de decisiones. Realizamos entrevistas, encuestas, grupos focales y muchos otros m\u00e9todos y enfoques de investigaci\u00f3n de mercado. Cont\u00e1ctenos para su pr\u00f3ximo proyecto de Investigaci\u00f3n de Mercado.<\/p>","protected":false},"excerpt":{"rendered":"<p>Debido a la alta versatilidad, el bajo costo de producci\u00f3n y la disponibilidad general de los aceites vegetales, su demanda en el mercado ha aumentado continuamente.<\/p>","protected":false},"author":1,"featured_media":64224,"parent":14514,"menu_order":185,"comment_status":"closed","ping_status":"closed","template":"","meta":{"footnotes":""},"class_list":["post-41568","page","type-page","status-publish","has-post-thumbnail"],"_links":{"self":[{"href":"https:\/\/www.sisinternational.com\/es\/wp-json\/wp\/v2\/pages\/41568","targetHints":{"allow":["GET"]}}],"collection":[{"href":"https:\/\/www.sisinternational.com\/es\/wp-json\/wp\/v2\/pages"}],"about":[{"href":"https:\/\/www.sisinternational.com\/es\/wp-json\/wp\/v2\/types\/page"}],"author":[{"embeddable":true,"href":"https:\/\/www.sisinternational.com\/es\/wp-json\/wp\/v2\/users\/1"}],"replies":[{"embeddable":true,"href":"https:\/\/www.sisinternational.com\/es\/wp-json\/wp\/v2\/comments?post=41568"}],"version-history":[{"count":6,"href":"https:\/\/www.sisinternational.com\/es\/wp-json\/wp\/v2\/pages\/41568\/revisions"}],"predecessor-version":[{"id":77674,"href":"https:\/\/www.sisinternational.com\/es\/wp-json\/wp\/v2\/pages\/41568\/revisions\/77674"}],"up":[{"embeddable":true,"href":"https:\/\/www.sisinternational.com\/es\/wp-json\/wp\/v2\/pages\/14514"}],"wp:featuredmedia":[{"embeddable":true,"href":"https:\/\/www.sisinternational.com\/es\/wp-json\/wp\/v2\/media\/64224"}],"wp:attachment":[{"href":"https:\/\/www.sisinternational.com\/es\/wp-json\/wp\/v2\/media?parent=41568"}],"curies":[{"name":"wp","href":"https:\/\/api.w.org\/{rel}","templated":true}]}}