{"id":41566,"date":"2023-02-13T03:45:32","date_gmt":"2023-02-13T03:45:32","guid":{"rendered":"https:\/\/www.sisinternational.com\/?page_id=41566"},"modified":"2026-01-24T18:52:36","modified_gmt":"2026-01-24T23:52:36","slug":"investigacion-de-mercado-de-datos-de-formacion","status":"publish","type":"page","link":"https:\/\/www.sisinternational.com\/es\/pericia\/investigacion-de-mercado-de-datos-de-formacion\/","title":{"rendered":"Investigaci\u00f3n de mercado de datos de formaci\u00f3n"},"content":{"rendered":"<h1 class=\"wp-block-heading\">Investigaci\u00f3n de mercado de datos de formaci\u00f3n<\/h1>\n\n\n\n<figure class=\"gb-block-image gb-block-image-d8516ef6\"><img loading=\"lazy\" decoding=\"async\" width=\"1456\" height=\"816\" class=\"gb-image gb-image-d8516ef6\" src=\"https:\/\/www.sisinternational.com\/wp-content\/uploads\/2025\/08\/Data-37.jpg\" alt=\"Investigaci\u00f3n y estrategia de mercado internacional de SIS\" title=\"Data (37)\" srcset=\"https:\/\/www.sisinternational.com\/wp-content\/uploads\/2025\/08\/Data-37.jpg 1456w, https:\/\/www.sisinternational.com\/wp-content\/uploads\/2025\/08\/Data-37-300x168.jpg 300w, https:\/\/www.sisinternational.com\/wp-content\/uploads\/2025\/08\/Data-37-1024x574.jpg 1024w, https:\/\/www.sisinternational.com\/wp-content\/uploads\/2025\/08\/Data-37-768x430.jpg 768w, https:\/\/www.sisinternational.com\/wp-content\/uploads\/2025\/08\/Data-37-18x10.jpg 18w\" sizes=\"auto, (max-width: 1456px) 100vw, 1456px\"><\/figure>\n\n\n\n<p><\/p>\n\n\n\n<h2 class=\"wp-block-heading\">\u00bfQu\u00e9 son los datos de entrenamiento?<\/h2>\n\n\n\n<p>El aprendizaje autom\u00e1tico (ML) puede realizar haza\u00f1as asombrosas. Puede automatizar informaci\u00f3n valiosa a partir de datos de texto. ML funciona con todo, desde encuestas hasta documentos y correos electr\u00f3nicos. Tambi\u00e9n puede utilizar tickets de atenci\u00f3n al cliente y redes sociales. Pero primero, debe tener los datos de entrenamiento correctos para asegurarse de configurar sus modelos de ML para tener \u00e9xito.<\/p>\n\n\n\n<p>Los datos de entrenamiento son los datos iniciales que se utilizan para entrenar modelos de ML. Suele ser un conjunto de datos masivo. Los cient\u00edficos de datos lo utilizan para ense\u00f1ar modelos de predicci\u00f3n que utilizan algoritmos de aprendizaje autom\u00e1tico. Le muestran c\u00f3mo extraer informaci\u00f3n relevante para objetivos comerciales espec\u00edficos. Estos cient\u00edficos etiquetan los datos de entrenamiento para modelos de aprendizaje autom\u00e1tico supervisados. El uso de datos de entrenamiento en programas de aprendizaje autom\u00e1tico es un concepto simple.<\/p>\n\n\n\n<p>Los datos de entrenamiento de IA se dividen en dos subconjuntos: aprendizaje supervisado o no supervisado. El aprendizaje no supervisado utiliza datos sin etiquetas. Los modelos deben, por supuesto, encontrar patrones en los datos para hacer inferencias y llegar a conclusiones. Pero el aprendizaje supervisado es diferente. Los humanos deben etiquetar, etiquetar o anotar los datos cuando los usan. Luego lo emplean para entrenar el modelo y llegar a la conclusi\u00f3n deseada.<\/p>\n\n\n\n<h2 class=\"wp-block-heading\">\u00bfPor qu\u00e9 es importante la investigaci\u00f3n de mercado de datos de formaci\u00f3n?<\/h2>\n\n\n\n<p>La IA y el aprendizaje autom\u00e1tico son nuevas herramientas para que los desarrolladores creen modelos m\u00e1s eficientes y que cambien vidas. Hacen que las m\u00e1quinas sean lo suficientemente inteligentes como para realizar diversas tareas sin la ayuda de humanos. Lo que es igualmente importante, exigen datos de entrenamiento precisos para desarrollar los modelos de IA y ML. Estos datos de entrenamiento ayudan a los algoritmos. Les ense\u00f1a los patrones o series de resultados que conlleva una pregunta determinada.<\/p>\n\n\n\n<p>Es importante darse cuenta de que los datos de entrenamiento son esenciales para clasificar conjuntos de datos en varios grupos. Ayuda al algoritmo a encontrar y clasificar objetos similares en el futuro. Si es incorrecto, puede da\u00f1ar los resultados del modelo, lo que puede provocar que su proyecto de IA falle. Los datos de entrenamiento son la \u00fanica fuente que puede utilizar como entrada para sus algoritmos. Ayudar\u00e1 a su modelo de IA a obtener la informaci\u00f3n que necesita. Luego utilizar\u00e1 esa informaci\u00f3n para tomar decisiones cruciales como los humanos.<\/p>\n\n\n\n<h2 class=\"wp-block-heading\">T\u00edtulos de trabajo clave en datos de capacitaci\u00f3n<\/h2>\n\n\n\n<figure class=\"gb-block-image gb-block-image-19210f89\"><img loading=\"lazy\" decoding=\"async\" width=\"1456\" height=\"816\" class=\"gb-image gb-image-19210f89\" src=\"https:\/\/www.sisinternational.com\/wp-content\/uploads\/2025\/08\/Data-34.jpg\" alt=\"Investigaci\u00f3n y estrategia de mercado internacional de SIS\" title=\"Data (34)\" srcset=\"https:\/\/www.sisinternational.com\/wp-content\/uploads\/2025\/08\/Data-34.jpg 1456w, https:\/\/www.sisinternational.com\/wp-content\/uploads\/2025\/08\/Data-34-300x168.jpg 300w, https:\/\/www.sisinternational.com\/wp-content\/uploads\/2025\/08\/Data-34-1024x574.jpg 1024w, https:\/\/www.sisinternational.com\/wp-content\/uploads\/2025\/08\/Data-34-768x430.jpg 768w, https:\/\/www.sisinternational.com\/wp-content\/uploads\/2025\/08\/Data-34-18x10.jpg 18w\" sizes=\"auto, (max-width: 1456px) 100vw, 1456px\"><\/figure>\n\n\n\n<p><\/p>\n\n\n\n<p>La ciencia de datos sigue siendo una carrera prometedora y muy demandada para profesionales cualificados. Muchos puestos de trabajo pueden utilizar datos de formaci\u00f3n. Estos t\u00edtulos incluyen analista de sistemas inform\u00e1ticos, estad\u00edstico, administrador de bases de datos y desarrollador de software. Otros trabajos en este campo son analista de redes inform\u00e1ticas, analista de datos y cient\u00edfico de datos. Luego est\u00e1 el ingeniero de datos y el administrador de datos. Hay muchas ofertas de trabajo para cient\u00edficos de datos. Tambi\u00e9n existe una creciente necesidad de ingenieros de datos.<\/p>\n\n\n\n<p>There\u2019s also the \u201chuman in the loop.\u201d This term refers to the people involved in gathering and preparing Training Data. They <a href=\"https:\/\/www.sisinternational.com\/es\/cobertura\/europa\/investigacion-de-mercado-liverpool-reino-unido\/\" title=\"Investigaci\u00f3n de mercado en Liverpool | Grupos focales y recopilaci\u00f3n de datos del Reino Unido\"  data-wpil-monitor-id=\"8349\">collect raw data<\/a> from many sources. These sources include social media platforms, IoT devices, customer feedback, and websites. They then prepare the data by cleaning it and accounting for missing values. After that, they remove outliers and tag data points. The last step is to load it into suitable places for training ML algorithms.<\/p>\n\n\n\n<h2 class=\"wp-block-heading\">\u00bfPor qu\u00e9 las empresas necesitan datos de formaci\u00f3n?<\/h2>\n\n\n\n<p>The use of AI and ML is only possible with ample amounts of high-quality Training Data. It plays a vital role in the model learning anything relevant. It is the backbone of any ML system. With enough Training Data, a machine can discover patterns and solve problems. Deficient or low-quality Training Data could <a href=\"https:\/\/www.sisinternational.com\/es\/optimized-management-system-for-a-leading-us-immigration-law-firm\/\" title=\"Optimized Management System for a Leading US Immigration law firm\"  data-wpil-monitor-id=\"8351\">lead<\/a> to the failure of your ML system.<\/p>\n\n\n\n<h2 class=\"wp-block-heading\">Acerca de la investigaci\u00f3n de mercado de datos de formaci\u00f3n<\/h2>\n\n\n\n<figure class=\"gb-block-image gb-block-image-192c4764\"><img loading=\"lazy\" decoding=\"async\" width=\"1456\" height=\"816\" class=\"gb-image gb-image-192c4764\" src=\"https:\/\/www.sisinternational.com\/wp-content\/uploads\/2025\/08\/Data-25.jpg\" alt=\"Investigaci\u00f3n y estrategia de mercado internacional de SIS\" title=\"Data (25)\" srcset=\"https:\/\/www.sisinternational.com\/wp-content\/uploads\/2025\/08\/Data-25.jpg 1456w, https:\/\/www.sisinternational.com\/wp-content\/uploads\/2025\/08\/Data-25-300x168.jpg 300w, https:\/\/www.sisinternational.com\/wp-content\/uploads\/2025\/08\/Data-25-1024x574.jpg 1024w, https:\/\/www.sisinternational.com\/wp-content\/uploads\/2025\/08\/Data-25-768x430.jpg 768w, https:\/\/www.sisinternational.com\/wp-content\/uploads\/2025\/08\/Data-25-18x10.jpg 18w\" sizes=\"auto, (max-width: 1456px) 100vw, 1456px\"><\/figure>\n\n\n\n<p><\/p>\n\n\n\n<p>Cuantitativo <a href=\"https:\/\/www.sisinternational.com\/es\/soluciones\/investigacion-de-mercado-de-ia-y-consultoria-estrategica\/ciencia-de-datos-ai-investigacion-de-mercado\/\" title=\"Investigaci\u00f3n de mercado de IA de ciencia de datos\"  data-wpil-monitor-id=\"2395\">Market Research can reveal complex data<\/a> about the state of your business. Qualitative Market Research aims to explain the factors that led to that state. It focuses on the reasons and motives behind consumers\u2019 actions and desires. It also looks at their opinions and expectations. Companies can use it to gain insights that they can act on to improve their <a href=\"https:\/\/www.sisinternational.com\/es\/soluciones\/consultoria-estrategica\/responsabilidad-del-producto-investigacion-de-mercado-consultoria-estrategica\/\" title=\"Investigaci\u00f3n de mercado de responsabilidad por productos y consultor\u00eda estrat\u00e9gica\"  data-wpil-monitor-id=\"8350\">products and strategies<\/a>.<\/p>\n\n\n\n<p>Puede introducir ambos tipos de datos en sus modelos de entrenamiento para obtener los resultados deseados. A medida que contin\u00fae entrenando su modelo, se volver\u00e1 m\u00e1s inteligente, por lo que es mejor tener demasiados datos de entrenamiento que muy pocos.<\/p>","protected":false},"excerpt":{"rendered":"<p>Los datos de entrenamiento son los datos iniciales que se utilizan para entrenar modelos de ML. Es un conjunto de datos gigante que los cient\u00edficos utilizan con modelos de predicci\u00f3n que utilizan algoritmos de aprendizaje autom\u00e1tico.<\/p>","protected":false},"author":1,"featured_media":64375,"parent":14514,"menu_order":184,"comment_status":"closed","ping_status":"closed","template":"","meta":{"footnotes":""},"class_list":["post-41566","page","type-page","status-publish","has-post-thumbnail"],"_links":{"self":[{"href":"https:\/\/www.sisinternational.com\/es\/wp-json\/wp\/v2\/pages\/41566","targetHints":{"allow":["GET"]}}],"collection":[{"href":"https:\/\/www.sisinternational.com\/es\/wp-json\/wp\/v2\/pages"}],"about":[{"href":"https:\/\/www.sisinternational.com\/es\/wp-json\/wp\/v2\/types\/page"}],"author":[{"embeddable":true,"href":"https:\/\/www.sisinternational.com\/es\/wp-json\/wp\/v2\/users\/1"}],"replies":[{"embeddable":true,"href":"https:\/\/www.sisinternational.com\/es\/wp-json\/wp\/v2\/comments?post=41566"}],"version-history":[{"count":5,"href":"https:\/\/www.sisinternational.com\/es\/wp-json\/wp\/v2\/pages\/41566\/revisions"}],"predecessor-version":[{"id":81403,"href":"https:\/\/www.sisinternational.com\/es\/wp-json\/wp\/v2\/pages\/41566\/revisions\/81403"}],"up":[{"embeddable":true,"href":"https:\/\/www.sisinternational.com\/es\/wp-json\/wp\/v2\/pages\/14514"}],"wp:featuredmedia":[{"embeddable":true,"href":"https:\/\/www.sisinternational.com\/es\/wp-json\/wp\/v2\/media\/64375"}],"wp:attachment":[{"href":"https:\/\/www.sisinternational.com\/es\/wp-json\/wp\/v2\/media?parent=41566"}],"curies":[{"name":"wp","href":"https:\/\/api.w.org\/{rel}","templated":true}]}}