{"id":41557,"date":"2023-02-13T03:15:47","date_gmt":"2023-02-13T03:15:47","guid":{"rendered":"https:\/\/www.sisinternational.com\/?page_id=41557"},"modified":"2026-01-24T21:21:41","modified_gmt":"2026-01-25T02:21:41","slug":"estudio-de-mercado-solvente","status":"publish","type":"page","link":"https:\/\/www.sisinternational.com\/es\/pericia\/estudio-de-mercado-solvente\/","title":{"rendered":"Investigaci\u00f3n de mercado de solventes"},"content":{"rendered":"<h1 class=\"wp-block-heading\">Investigaci\u00f3n de mercado de solventes<\/h1>\n\n\n\n<figure class=\"gb-block-image gb-block-image-0035eaec\"><img loading=\"lazy\" decoding=\"async\" width=\"1456\" height=\"816\" class=\"gb-image gb-image-0035eaec\" src=\"https:\/\/www.sisinternational.com\/wp-content\/uploads\/2025\/08\/Solvent-3.jpg\" alt=\"Investigaci\u00f3n y estrategia de mercado internacional de SIS\" title=\"Solvent (3)\" srcset=\"https:\/\/www.sisinternational.com\/wp-content\/uploads\/2025\/08\/Solvent-3.jpg 1456w, https:\/\/www.sisinternational.com\/wp-content\/uploads\/2025\/08\/Solvent-3-300x168.jpg 300w, https:\/\/www.sisinternational.com\/wp-content\/uploads\/2025\/08\/Solvent-3-1024x574.jpg 1024w, https:\/\/www.sisinternational.com\/wp-content\/uploads\/2025\/08\/Solvent-3-768x430.jpg 768w, https:\/\/www.sisinternational.com\/wp-content\/uploads\/2025\/08\/Solvent-3-18x10.jpg 18w\" sizes=\"auto, (max-width: 1456px) 100vw, 1456px\"><\/figure>\n\n\n\n<p><\/p>\n\n\n\n<h2 class=\"wp-block-heading\">\u00bfQu\u00e9 son los disolventes?<\/h2>\n\n\n\n<p>La mayor\u00eda de los disolventes se encuentran en forma l\u00edquida. Su funci\u00f3n es suspender, disolver o extraer otras sustancias. Deben hacerlo sin cambiar la composici\u00f3n qu\u00edmica del disolvente ni de otras sustancias. Diferentes solventes satisfacen necesidades espec\u00edficas para fabricar productos con las mejores caracter\u00edsticas de rendimiento. Por ejemplo, las tintas que no se corren son solventes, al igual que las pinturas en aerosol que se secan r\u00e1pidamente y no obstruyen la boquilla del atomizador. Otro ejemplo son las pinturas normales que tienen buen aspecto y duran mucho tiempo. Otro m\u00e1s son los limpiadores fuertes que son buenos para trabajos dif\u00edciles y grasosos.<\/p>\n\n\n\n<p>Usamos solventes para todo, desde productos qu\u00edmicos para limpieza en seco hasta quitaesmalte. Tambi\u00e9n est\u00e1n presentes en algunos medicamentos. La mayor\u00eda son inofensivos, pero algunos no son seguros. Muchos de los disolventes que se utilizan hoy en d\u00eda son compuestos org\u00e1nicos vol\u00e1tiles. Por tanto, la industria de los disolventes necesita encontrar sustitutos m\u00e1s seguros y eficientes. La mayor\u00eda de los disolventes son l\u00edquidos, pero tambi\u00e9n pueden ser s\u00f3lidos o gases.<\/p>\n\n\n\n<h2 class=\"wp-block-heading\">\u00bfPor qu\u00e9 son importantes los disolventes?<\/h2>\n\n\n\n<p>Los disolventes son vitales en la industria. Pueden diluir, disolver y absorber otros compuestos. Lo hacen sin afectar a sus propiedades qu\u00edmicas.<\/p>\n\n\n\n<p>Mucha gente se refiere al agua como el disolvente universal, aunque no es realmente universal. Se refieren a \u00e9l de esa manera porque disuelve m\u00e1s cosas que cualquier otro l\u00edquido. Su propiedad como disolvente es vital para la vida. \u00bfPor qu\u00e9? Porque puede transportar minerales, productos qu\u00edmicos y nutrientes esenciales. Los disolventes tambi\u00e9n son componentes de muchos productos vitales para la vida moderna.<\/p>\n\n\n\n<h2 class=\"wp-block-heading\">T\u00edtulos de trabajo clave<\/h2>\n\n\n\n<figure class=\"gb-block-image gb-block-image-d3a45f11\"><img loading=\"lazy\" decoding=\"async\" width=\"1456\" height=\"816\" class=\"gb-image gb-image-d3a45f11\" src=\"https:\/\/www.sisinternational.com\/wp-content\/uploads\/2025\/08\/Solvent-4.jpg\" alt=\"Investigaci\u00f3n y estrategia de mercado internacional de SIS\" title=\"Solvent (4)\" srcset=\"https:\/\/www.sisinternational.com\/wp-content\/uploads\/2025\/08\/Solvent-4.jpg 1456w, https:\/\/www.sisinternational.com\/wp-content\/uploads\/2025\/08\/Solvent-4-300x168.jpg 300w, https:\/\/www.sisinternational.com\/wp-content\/uploads\/2025\/08\/Solvent-4-1024x574.jpg 1024w, https:\/\/www.sisinternational.com\/wp-content\/uploads\/2025\/08\/Solvent-4-768x430.jpg 768w, https:\/\/www.sisinternational.com\/wp-content\/uploads\/2025\/08\/Solvent-4-18x10.jpg 18w\" sizes=\"auto, (max-width: 1456px) 100vw, 1456px\"><\/figure>\n\n\n\n<ul class=\"wp-block-list\">\n<li>Qu\u00edmico<\/li>\n\n\n\n<li>Jefe de producci\u00f3n<\/li>\n\n\n\n<li>Especialista en I+D<\/li>\n\n\n\n<li>Especialista en Ventas y Marketing<\/li>\n\n\n\n<li>Ingeniero de Operaci\u00f3n de Calderas<\/li>\n\n\n\n<li>Trabajador de planta de extracci\u00f3n por solventes<\/li>\n\n\n\n<li>Especialista en Adquisiciones<\/li>\n\n\n\n<li>Especialista en marketing<\/li>\n\n\n\n<li>Por qu\u00e9 las empresas necesitan una investigaci\u00f3n de mercado de solventes<\/li>\n<\/ul>\n\n\n\n<p>Market Research starts with figuring out what data your business needs. Once you get that info, you can have it analyzed. For example, demand for chemical solvents from various end-use industries (such as construction) is rising. Researchers expect this will have a positive impact and drive the global market.&nbsp;From this example, it\u2019s easy to see how you can derive insights that will help you make business decisions. The last part is vital because our concern is about business outcomes. We use research to discover problems at the start of the journey, and then progress with it to test solutions.<\/p>\n\n\n\n<p>La Investigaci\u00f3n de Mercado Cualitativa es vital. Es de gran ayuda tanto si quieres montar una empresa solvente como liderar un nuevo proyecto. Tambi\u00e9n lo es la investigaci\u00f3n de mercado cuantitativa.<\/p>\n\n\n\n<p>Do you need to carry out <a href=\"https:\/\/www.sisinternational.com\/es\/pericia\/industrias\/investigacion-de-mercado-de-pesticidas\/\" title=\"Investigaci\u00f3n de mercado de pesticidas\"  data-wpil-monitor-id=\"3381\">Investigaci\u00f3n de oportunidades de mercado<\/a>? Not doing it is like planning a party at your home without inviting anyone. You can also liken it to traveling to a tropical island and packing woolen sweaters. Or buying a house without visiting the area.<\/p>\n\n\n\n<h2 class=\"wp-block-heading\">Factores claves del \u00e9xito<\/h2>\n\n\n\n<p>UX Market Research is a key success factor in the solvent industry. It provides vital insights into your customer\u2019s needs and behaviors. Another key success factor is Strategic Market Research. This type of <a href=\"https:\/\/www.sisinternational.com\/es\/cobertura\/las-americas\/investigacion-de-mercado-en-el-caribe\/investigacion-de-mercado-granada\/\" title=\"Investigaci\u00f3n de mercado en Granada\"  data-wpil-monitor-id=\"3388\">research broadly studies the solvent market<\/a> and its sources. It is vital if your company is going through an acquisition process.<\/p>\n\n\n\n<p>Otro factor de \u00e9xito es el an\u00e1lisis competitivo, que puede ayudarle a detectar oportunidades para innovar. Le permite mejorar sus productos y servicios y promocionar su negocio. Por lo tanto, eclipsar\u00e1s a las empresas rivales.<\/p>\n\n\n\n<h2 class=\"wp-block-heading\">Acerca de la investigaci\u00f3n de mercado de solventes<\/h2>\n\n\n\n<figure class=\"gb-block-image gb-block-image-34eda96d\"><img loading=\"lazy\" decoding=\"async\" width=\"1456\" height=\"816\" class=\"gb-image gb-image-34eda96d\" src=\"https:\/\/www.sisinternational.com\/wp-content\/uploads\/2025\/08\/Solvent-5.jpg\" alt=\"Investigaci\u00f3n y estrategia de mercado internacional de SIS\" title=\"Solvent (5)\" srcset=\"https:\/\/www.sisinternational.com\/wp-content\/uploads\/2025\/08\/Solvent-5.jpg 1456w, https:\/\/www.sisinternational.com\/wp-content\/uploads\/2025\/08\/Solvent-5-300x168.jpg 300w, https:\/\/www.sisinternational.com\/wp-content\/uploads\/2025\/08\/Solvent-5-1024x574.jpg 1024w, https:\/\/www.sisinternational.com\/wp-content\/uploads\/2025\/08\/Solvent-5-768x430.jpg 768w, https:\/\/www.sisinternational.com\/wp-content\/uploads\/2025\/08\/Solvent-5-18x10.jpg 18w\" sizes=\"auto, (max-width: 1456px) 100vw, 1456px\"><\/figure>\n\n\n\n<p><\/p>\n\n\n\n<p>Do you want to build new market segments? You will need to understand and attract new customer groups. SIS International delivers <a href=\"https:\/\/www.sisinternational.com\/es\/pericia\/industrias\/investigacion-de-mercado-de-sushi\/\" title=\"Investigaci\u00f3n de mercado de sushi\"  data-wpil-monitor-id=\"3419\">Investigaci\u00f3n de entrada al mercado<\/a> solutions. We help companies reach beyond their current customer base.<\/p>\n\n\n\n<p>We also conduct <a href=\"https:\/\/www.sisinternational.com\/es\/pericia\/industrias\/estudio-de-mercado-del-aceite-de-palma\/\" title=\"Investigaci\u00f3n de mercado del aceite de palma\"  data-wpil-monitor-id=\"3452\">Investigaci\u00f3n de dimensionamiento del mercado<\/a>, which is a crucial step. It enables you to figure out the demand for your product and find the best ways to distribute it. It will increase your brand share of the total market.<\/p>\n\n\n\n<p>Organizamos grupos focales, encuestas y entrevistas para ayudarlo a trazar su estrategia de comercializaci\u00f3n. SIS le brinda la informaci\u00f3n que necesita para lanzar nuevos productos y servicios. Estos conocimientos mitigan los riesgos inherentes al lanzamiento de un nuevo producto.<\/p>\n\n\n\n<p>Una estrategia t\u00edpica de comercializaci\u00f3n incluye un plan concreto de ventas y distribuci\u00f3n. SIS crear\u00e1 perfiles de mercado objetivo para su empresa como parte de esa estrategia. Tambi\u00e9n le proporcionaremos un plan de marketing para garantizar el \u00e9xito de su empresa.<\/p>","protected":false},"excerpt":{"rendered":"<p>Los disolventes son vitales en la industria. Diluyen, disuelven y absorben otros compuestos. Lo hacen sin afectar a sus propiedades qu\u00edmicas.<\/p>","protected":false},"author":1,"featured_media":63871,"parent":14514,"menu_order":183,"comment_status":"closed","ping_status":"closed","template":"","meta":{"footnotes":""},"class_list":["post-41557","page","type-page","status-publish","has-post-thumbnail"],"_links":{"self":[{"href":"https:\/\/www.sisinternational.com\/es\/wp-json\/wp\/v2\/pages\/41557","targetHints":{"allow":["GET"]}}],"collection":[{"href":"https:\/\/www.sisinternational.com\/es\/wp-json\/wp\/v2\/pages"}],"about":[{"href":"https:\/\/www.sisinternational.com\/es\/wp-json\/wp\/v2\/types\/page"}],"author":[{"embeddable":true,"href":"https:\/\/www.sisinternational.com\/es\/wp-json\/wp\/v2\/users\/1"}],"replies":[{"embeddable":true,"href":"https:\/\/www.sisinternational.com\/es\/wp-json\/wp\/v2\/comments?post=41557"}],"version-history":[{"count":8,"href":"https:\/\/www.sisinternational.com\/es\/wp-json\/wp\/v2\/pages\/41557\/revisions"}],"predecessor-version":[{"id":77665,"href":"https:\/\/www.sisinternational.com\/es\/wp-json\/wp\/v2\/pages\/41557\/revisions\/77665"}],"up":[{"embeddable":true,"href":"https:\/\/www.sisinternational.com\/es\/wp-json\/wp\/v2\/pages\/14514"}],"wp:featuredmedia":[{"embeddable":true,"href":"https:\/\/www.sisinternational.com\/es\/wp-json\/wp\/v2\/media\/63871"}],"wp:attachment":[{"href":"https:\/\/www.sisinternational.com\/es\/wp-json\/wp\/v2\/media?parent=41557"}],"curies":[{"name":"wp","href":"https:\/\/api.w.org\/{rel}","templated":true}]}}