{"id":41550,"date":"2023-02-13T02:46:29","date_gmt":"2023-02-13T02:46:29","guid":{"rendered":"https:\/\/www.sisinternational.com\/?page_id=41550"},"modified":"2026-01-24T21:23:34","modified_gmt":"2026-01-25T02:23:34","slug":"investigacion-de-mercado-de-resina","status":"publish","type":"page","link":"https:\/\/www.sisinternational.com\/es\/pericia\/investigacion-de-mercado-de-resina\/","title":{"rendered":"Investigaci\u00f3n de mercado de resina"},"content":{"rendered":"<h1 class=\"wp-block-heading\">Investigaci\u00f3n de mercado de resina<\/h1>\n\n\n\n<figure class=\"gb-block-image gb-block-image-e1b69a33\"><img loading=\"lazy\" decoding=\"async\" width=\"1456\" height=\"816\" class=\"gb-image gb-image-e1b69a33\" src=\"https:\/\/www.sisinternational.com\/wp-content\/uploads\/2025\/10\/Resin-4.jpg\" alt=\"Investigaci\u00f3n y estrategia de mercado internacional de SIS\" title=\"Resin (4)\" srcset=\"https:\/\/www.sisinternational.com\/wp-content\/uploads\/2025\/10\/Resin-4.jpg 1456w, https:\/\/www.sisinternational.com\/wp-content\/uploads\/2025\/10\/Resin-4-300x168.jpg 300w, https:\/\/www.sisinternational.com\/wp-content\/uploads\/2025\/10\/Resin-4-1024x574.jpg 1024w, https:\/\/www.sisinternational.com\/wp-content\/uploads\/2025\/10\/Resin-4-768x430.jpg 768w, https:\/\/www.sisinternational.com\/wp-content\/uploads\/2025\/10\/Resin-4-18x10.jpg 18w\" sizes=\"auto, (max-width: 1456px) 100vw, 1456px\"><\/figure>\n\n\n\n<div><\/div>\n\n\n\n<h2 class=\"wp-block-heading\">\u00bfQu\u00e9 es la resina?<\/h2>\n\n\n\n<p>Muchos artistas en ciernes est\u00e1n intentando descubrir qu\u00e9 es la resina y c\u00f3mo pueden utilizarla. \u00daltimamente la resina se ha convertido en un elemento b\u00e1sico para los artesanos. Es un termopl\u00e1stico resistente y multiusos. Los cient\u00edficos lo inventaron en la d\u00e9cada de 1930. En aquel momento estaban probando resinas naturales como las que se encuentran en las cortezas de los \u00e1rboles. Tambi\u00e9n probaron variantes sint\u00e9ticas.<\/p>\n\n\n\n<h3 class=\"wp-block-heading\">Un tipo de resina, la epoxi, se convirti\u00f3 en un nombre muy conocido en la d\u00e9cada de 1940. El epoxi tiene muchos usos, por ejemplo:<\/h3>\n\n\n\n<ul class=\"wp-block-list\">\n<li>Adhesivos, incluido el pegamento de uso general<\/li>\n\n\n\n<li>Pr\u00f3tesis dentales<\/li>\n\n\n\n<li>material de revestimiento<\/li>\n\n\n\n<li>proyectos de bricolaje<\/li>\n\n\n\n<li>Artes y manualidades<\/li>\n\n\n\n<li>Hacer que las \u00e1reas arenosas sean m\u00e1s s\u00f3lidas para fines de perforaci\u00f3n<\/li>\n\n\n\n<li>M\u00e9todos de incrustaci\u00f3n o encapsulado<\/li>\n\n\n\n<li>Aglutinante para cemento y mortero.<\/li>\n\n\n\n<li>Recubrimientos antideslizantes<\/li>\n<\/ul>\n\n\n\n<p>Cuando se combina con un endurecedor, se produce una reacci\u00f3n qu\u00edmica. Une las mol\u00e9culas de la resina para formar una sustancia pl\u00e1stica duradera. Luego puede moldearlo en varias formas y usarlo en proyectos de bricolaje o manualidades. Tambi\u00e9n tiene usos industriales y comerciales.<\/p>\n\n\n\n<h2 class=\"wp-block-heading\">\u00bfPor qu\u00e9 es importante la resina?<\/h2>\n\n\n\n<figure class=\"gb-block-image gb-block-image-601c005a\"><img loading=\"lazy\" decoding=\"async\" width=\"1456\" height=\"816\" class=\"gb-image gb-image-601c005a\" src=\"https:\/\/www.sisinternational.com\/wp-content\/uploads\/2025\/10\/Resin-1.jpg\" alt=\"Investigaci\u00f3n y estrategia de mercado internacional de SIS\" title=\"Resin (1)\" srcset=\"https:\/\/www.sisinternational.com\/wp-content\/uploads\/2025\/10\/Resin-1.jpg 1456w, https:\/\/www.sisinternational.com\/wp-content\/uploads\/2025\/10\/Resin-1-300x168.jpg 300w, https:\/\/www.sisinternational.com\/wp-content\/uploads\/2025\/10\/Resin-1-1024x574.jpg 1024w, https:\/\/www.sisinternational.com\/wp-content\/uploads\/2025\/10\/Resin-1-768x430.jpg 768w, https:\/\/www.sisinternational.com\/wp-content\/uploads\/2025\/10\/Resin-1-18x10.jpg 18w\" sizes=\"auto, (max-width: 1456px) 100vw, 1456px\"><\/figure>\n\n\n\n<p><\/p>\n\n\n\n<p>La resina tiene muchos usos. Se utiliza para fabricar pl\u00e1sticos y otros materiales. Su uso m\u00e1s com\u00fan es en la elaboraci\u00f3n de barnices y revestimientos. Tambi\u00e9n se utiliza para fabricar muebles y para sellar grietas. Cuando se usa como pegamento, crea una fuerte uni\u00f3n entre las superficies.<\/p>\n\n\n\n<p>Las resinas epoxi se utilizan en la edificaci\u00f3n y la construcci\u00f3n. Pueden ayudar a aumentar la vida \u00fatil de los edificios. Adem\u00e1s, hacen que las piezas estructurales, pinturas y adhesivos sean m\u00e1s duraderos. Otro uso de las resinas epoxi es como capa protectora en alimentos enlatados. Esta capa separa los alimentos y bebidas del metal utilizado para fabricar sus latas. Estos recubrimientos minimizan la corrosi\u00f3n del metal, que puede comprometer la seguridad del alimento o bebida.<\/p>\n\n\n\n<p>Las resinas naturales juegan un papel esencial en los \u00e1rboles. Sellan heridas utilizadas como v\u00edas por agentes de enfermedades f\u00fangicas e insectos invasores.<\/p>\n\n\n\n<h2 class=\"wp-block-heading\">T\u00edtulos de trabajo clave<\/h2>\n\n\n\n<ol class=\"wp-block-list\">\n<li>El Oficial de Producci\u00f3n de Resina supervisa el taller mientras los trabajadores producen resina. Se aseguran de que cumpla con los est\u00e1ndares de calidad.<\/li>\n\n\n\n<li>El ingeniero de dise\u00f1o dise\u00f1a y prueba productos.<\/li>\n\n\n\n<li>El Gerente de Ventas desarrolla planes de ventas y marketing. Se encargan de vender resinas en el mercado local y extranjero.<\/li>\n<\/ol>\n\n\n\n<h2 class=\"wp-block-heading\">Por qu\u00e9 las empresas necesitan una investigaci\u00f3n de mercado de resinas<\/h2>\n\n\n\n<p><a href=\"https:\/\/www.sisinternational.com\/es\/top-5-benefits-of-conducting-quantitative-market-research\/\" title=\"Top 5 Benefits of Conducting Quantitative Market Research\"  data-wpil-monitor-id=\"10316\">Investigaci\u00f3n de mercado cuantitativa<\/a> is an effective tool to assist your business planning. So is <a href=\"https:\/\/www.sisinternational.com\/es\/quantitative-market-research-methods-and-techniques\/\" title=\"Quantitative Market Research Methods and Techniques\"  data-wpil-monitor-id=\"10319\">Investigaci\u00f3n de mercado cuantitativa<\/a>. It provides insights into buying patterns, location, and customers\u2019 thinking. <a href=\"https:\/\/www.sisinternational.com\/es\/pericia\/investigacion-de-mercado-de-seguimiento-de-marca\/\" title=\"Investigaci\u00f3n de mercado de seguimiento de marca\"  data-wpil-monitor-id=\"10320\">Estudios de mercado<\/a> can also help you to track trends and keep an eye on what your rivals are doing.UX Market Research is even more complex. It focuses on the interplay between consumers and products. It\u2019s different from ordinary Market Research, which deals with selling products to consumers. <a href=\"https:\/\/www.sisinternational.com\/es\/como-realizar-un-analisis-competitivo\/\" title=\"An\u00e1lisis competitivo en marketing\"  data-wpil-monitor-id=\"10321\">An\u00e1lisis competitivo<\/a> is another great tool for marketing resin. It prompts you to enhance your products or services. Moreover, you can promote your business, innovate, and outshine your competition.<\/p>\n\n\n\n<h2 class=\"wp-block-heading\">Factores claves del \u00e9xito<\/h2>\n\n\n\n<figure class=\"gb-block-image gb-block-image-746b4b02\"><img loading=\"lazy\" decoding=\"async\" width=\"1456\" height=\"816\" class=\"gb-image gb-image-746b4b02\" src=\"https:\/\/www.sisinternational.com\/wp-content\/uploads\/2025\/10\/Resin-2.jpg\" alt=\"Investigaci\u00f3n y estrategia de mercado internacional de SIS\" title=\"Resin (2)\" srcset=\"https:\/\/www.sisinternational.com\/wp-content\/uploads\/2025\/10\/Resin-2.jpg 1456w, https:\/\/www.sisinternational.com\/wp-content\/uploads\/2025\/10\/Resin-2-300x168.jpg 300w, https:\/\/www.sisinternational.com\/wp-content\/uploads\/2025\/10\/Resin-2-1024x574.jpg 1024w, https:\/\/www.sisinternational.com\/wp-content\/uploads\/2025\/10\/Resin-2-768x430.jpg 768w, https:\/\/www.sisinternational.com\/wp-content\/uploads\/2025\/10\/Resin-2-18x10.jpg 18w\" sizes=\"auto, (max-width: 1456px) 100vw, 1456px\"><\/figure>\n\n\n\n<p><\/p>\n\n\n\n<p>Scale economies are a <a href=\"https:\/\/www.sisinternational.com\/es\/factores-clave-de-exito-en-la-investigacion-del-mercado-automotriz\/\" title=\"Factores clave de \u00e9xito en la investigaci\u00f3n de mercado automotriz\"  data-wpil-monitor-id=\"10318\">key success factor<\/a> for companies in the resin market. So are product innovation, a strong sales force, and efficient customer service. Yet there are strict rules on using certain types of wet-strength resins. For example, those containing formaldehyde are closely monitored. These rules can hinder the market. The high cost of raw materials can be a further obstacle. Still, the demand for eco-friendly products is growing. Why? Because buyers have become more conscious of the need to protect the environment. Experts expect this demand to drive the market for wet-strength resins.<\/p>\n\n\n\n<h2 class=\"wp-block-heading\">Acerca de la investigaci\u00f3n de mercado de resinas<\/h2>\n\n\n\n<p>Consumers see a product that seems perfect for them and rejoice over their luck. But this sequence of events likely didn\u2019t come down to luck. Companies make these scenarios possible through strategic <a href=\"https:\/\/www.sisinternational.com\/es\/pericia\/curriculums-de-experiencia\/curriculum-de-experiencia-en-industrias-quimicas-y-energeticas\/\" title=\"Empresa de Investigaci\u00f3n de Mercados Qu\u00edmicos y Energ\u00e9ticos\"  data-wpil-monitor-id=\"10322\">Estudios de mercado<\/a>. It equips them with data about their target markets. Thus, they can develop products and create marketing campaigns that appeal to consumers.<\/p>\n\n\n\n<p><a href=\"https:\/\/www.sisinternational.com\/es\/pericia\/industrias\/investigacion-de-mercado-de-pesticidas\/\" title=\"Investigaci\u00f3n de mercado de pesticidas\"  data-wpil-monitor-id=\"3385\">Investigaci\u00f3n de entrada al mercado<\/a> is the insight needed to enter a new market. <a href=\"https:\/\/www.sisinternational.com\/es\/contacto-sis-investigacion-de-mercado-internacional\/\" title=\"Cont\u00e1ctenos\"  data-wpil-monitor-id=\"10315\">SIS International Research<\/a> provides this insight. We also offer <a href=\"https:\/\/www.sisinternational.com\/es\/cobertura\/las-americas\/investigacion-de-mercado-en-el-caribe\/investigacion-de-mercado-granada\/\" title=\"Investigaci\u00f3n de mercado en Granada\"  data-wpil-monitor-id=\"3392\">Investigaci\u00f3n de oportunidades de mercado<\/a> and Market Sizing Research. Another of our services is Go-to-Market Strategy. For this strategy, we organize Focus Groups, Surveys, and Interviews. Contact us now for a consultation to see how our research <a href=\"https:\/\/www.sisinternational.com\/es\/investigacion-de-mercado-de-fabricacion-inteligente\/\" title=\"Investigaci\u00f3n de mercado de fabricaci\u00f3n inteligente\"  data-wpil-monitor-id=\"10317\">soluciones<\/a> can help your business increase its market share.<\/p>\n\n\n\n<p><\/p>","protected":false},"excerpt":{"rendered":"<p>La resina tiene muchos usos. Se utiliza para fabricar pl\u00e1sticos y otros materiales. Su uso m\u00e1s com\u00fan es en la elaboraci\u00f3n de barnices y revestimientos.<\/p>","protected":false},"author":1,"featured_media":71831,"parent":14514,"menu_order":181,"comment_status":"closed","ping_status":"closed","template":"","meta":{"footnotes":""},"class_list":["post-41550","page","type-page","status-publish","has-post-thumbnail"],"_links":{"self":[{"href":"https:\/\/www.sisinternational.com\/es\/wp-json\/wp\/v2\/pages\/41550","targetHints":{"allow":["GET"]}}],"collection":[{"href":"https:\/\/www.sisinternational.com\/es\/wp-json\/wp\/v2\/pages"}],"about":[{"href":"https:\/\/www.sisinternational.com\/es\/wp-json\/wp\/v2\/types\/page"}],"author":[{"embeddable":true,"href":"https:\/\/www.sisinternational.com\/es\/wp-json\/wp\/v2\/users\/1"}],"replies":[{"embeddable":true,"href":"https:\/\/www.sisinternational.com\/es\/wp-json\/wp\/v2\/comments?post=41550"}],"version-history":[{"count":7,"href":"https:\/\/www.sisinternational.com\/es\/wp-json\/wp\/v2\/pages\/41550\/revisions"}],"predecessor-version":[{"id":81702,"href":"https:\/\/www.sisinternational.com\/es\/wp-json\/wp\/v2\/pages\/41550\/revisions\/81702"}],"up":[{"embeddable":true,"href":"https:\/\/www.sisinternational.com\/es\/wp-json\/wp\/v2\/pages\/14514"}],"wp:featuredmedia":[{"embeddable":true,"href":"https:\/\/www.sisinternational.com\/es\/wp-json\/wp\/v2\/media\/71831"}],"wp:attachment":[{"href":"https:\/\/www.sisinternational.com\/es\/wp-json\/wp\/v2\/media?parent=41550"}],"curies":[{"name":"wp","href":"https:\/\/api.w.org\/{rel}","templated":true}]}}