{"id":41545,"date":"2023-02-13T02:33:46","date_gmt":"2023-02-13T02:33:46","guid":{"rendered":"https:\/\/www.sisinternational.com\/?page_id=41545"},"modified":"2025-10-20T01:12:35","modified_gmt":"2025-10-20T05:12:35","slug":"investigacion-de-mercado-de-propano","status":"publish","type":"page","link":"https:\/\/www.sisinternational.com\/es\/pericia\/investigacion-de-mercado-de-propano\/","title":{"rendered":"Investigaci\u00f3n de mercado de propano"},"content":{"rendered":"<h1 class=\"wp-block-heading\">Investigaci\u00f3n de mercado de propano<\/h1>\n\n\n\n<figure class=\"gb-block-image gb-block-image-00eaaa8c\"><img loading=\"lazy\" decoding=\"async\" width=\"1456\" height=\"816\" class=\"gb-image gb-image-00eaaa8c\" src=\"https:\/\/www.sisinternational.com\/wp-content\/uploads\/2025\/08\/Butane-2.jpg\" alt=\"Investigaci\u00f3n y estrategia de mercado internacional de SIS\" title=\"Butane (2)\" srcset=\"https:\/\/www.sisinternational.com\/wp-content\/uploads\/2025\/08\/Butane-2.jpg 1456w, https:\/\/www.sisinternational.com\/wp-content\/uploads\/2025\/08\/Butane-2-300x168.jpg 300w, https:\/\/www.sisinternational.com\/wp-content\/uploads\/2025\/08\/Butane-2-1024x574.jpg 1024w, https:\/\/www.sisinternational.com\/wp-content\/uploads\/2025\/08\/Butane-2-768x430.jpg 768w, https:\/\/www.sisinternational.com\/wp-content\/uploads\/2025\/08\/Butane-2-18x10.jpg 18w\" sizes=\"auto, (max-width: 1456px) 100vw, 1456px\"><\/figure>\n\n\n\n<p><\/p>\n\n\n\n<p>Propane Market Research explora la industria del propano, sus tendencias de mercado y su impacto en varios sectores tanto de las empresas como de la econom\u00eda. Adem\u00e1s de analizar datos y estrategias en la industria del propano, la investigaci\u00f3n de mercado proporciona informaci\u00f3n sobre la din\u00e1mica del mercado que cubre factores esenciales como los indicadores de precio y demanda.<\/p>\n\n\n\n<h2 class=\"wp-block-heading\">\u00bfQu\u00e9 es el propano?<\/h2>\n\n\n\n<p>El propano, clasificado como GLP (gas de petr\u00f3leo licuado), es un gas que se puede convertir en forma licuada. A presi\u00f3n y temperatura est\u00e1ndar, el propano se encuentra en forma gaseosa, pero puede comprimirse y convertirse en estado licuado. El propano, que suele utilizarse como fuente de combustible, es un coproducto del refinado del petr\u00f3leo crudo y del procesamiento del gas natural.<\/p>\n\n\n\n<h3 class=\"wp-block-heading\">Datos adicionales sobre el propano<\/h3>\n\n\n\n<ul class=\"wp-block-list\">\n<li>Como hidrocarburo, la estructura molecular del propano est\u00e1 formada por 3 \u00e1tomos de carbono y ocho \u00e1tomos de hidr\u00f3geno.<\/li>\n\n\n\n<li>El propano, en su estado natural, es incoloro e inodoro. Sin embargo, parece agua en forma l\u00edquida y hierve a -42\u00b0C, convirti\u00e9ndola en vapor de gas.<\/li>\n\n\n\n<li>El propano es GLP, pero no todo el GLP es propano. Otros ejemplos de GLP son butileno, propileno, isobutano y butano.<\/li>\n\n\n\n<li>Se puede comprimir gas propano hasta convertirlo en l\u00edquido a una presi\u00f3n relativamente baja.<\/li>\n\n\n\n<li>El propano se almacena principalmente en forma l\u00edquida. Los contenedores de almacenamiento incluyen recipientes de acero, botellas de gas o pueden ser cilindros de gas y tanques de almacenamiento m\u00e1s grandes.<\/li>\n\n\n\n<li>Los tama\u00f1os y vol\u00famenes de los tanques de almacenamiento de propano dependen principalmente de su aplicaci\u00f3n.<\/li>\n\n\n\n<li>Las explosiones de tanques de propano rara vez ocurren, pero cuando suceden se debe a que se encuentran en las circunstancias adecuadas, como por ejemplo que se encuentran dentro de los l\u00edmites de inflamabilidad.<\/li>\n<\/ul>\n\n\n\n<h2 class=\"wp-block-heading\">Comprensi\u00f3n de los usos del propano para la investigaci\u00f3n de mercado de propano<\/h2>\n\n\n\n<p><a href=\"https:\/\/www.sisinternational.com\/es\/estudio-de-caso-de-sis-sobre-informacion-sobre-tiendas-en-todo-el-mundo\/\" title=\"Informaci\u00f3n sobre los compradores en la tienda: estudio de caso de investigaci\u00f3n de mercado\"  data-wpil-monitor-id=\"8990\">Market Research provides insights<\/a> into the propane industry, and understanding the use of propane will add value to the information gathered.<\/p>\n\n\n\n<h3 class=\"wp-block-heading\">Usos comunes del propano:<\/h3>\n\n\n\n<ul class=\"wp-block-list\">\n<li>El propano tiene cientos de usos en las actividades cotidianas, como cocinar, chimeneas, calefacci\u00f3n exterior para piscinas y patios y generadores de respaldo.<\/li>\n\n\n\n<li>El propano se utiliza en los sistemas de calefacci\u00f3n del hogar a trav\u00e9s de calentadores de gas fluido o calentadores de gas port\u00e1tiles.<\/li>\n\n\n\n<li>Tambi\u00e9n se utiliza para alimentar electrodom\u00e9sticos como secadoras de ropa, calentadores de agua, estufas de gas, refrigeradores y congeladores.<\/li>\n\n\n\n<li>El propano tambi\u00e9n es la fuente de combustible para algunos veh\u00edculos como autobuses y transporte p\u00fablico y privado. Adem\u00e1s, se utiliza en veh\u00edculos recreativos, globos aerost\u00e1ticos, embarcaciones y caravanas.<\/li>\n<\/ul>\n\n\n\n<h3 class=\"wp-block-heading\">Aplicaci\u00f3n industrial y empresarial del propano:<\/h3>\n\n\n\n<figure class=\"gb-block-image gb-block-image-eeb5df19\"><img loading=\"lazy\" decoding=\"async\" width=\"1456\" height=\"816\" class=\"gb-image gb-image-eeb5df19\" src=\"https:\/\/www.sisinternational.com\/wp-content\/uploads\/2025\/08\/Butane-1.jpg\" alt=\"Investigaci\u00f3n y estrategia de mercado internacional de SIS\" title=\"Butane (1)\" srcset=\"https:\/\/www.sisinternational.com\/wp-content\/uploads\/2025\/08\/Butane-1.jpg 1456w, https:\/\/www.sisinternational.com\/wp-content\/uploads\/2025\/08\/Butane-1-300x168.jpg 300w, https:\/\/www.sisinternational.com\/wp-content\/uploads\/2025\/08\/Butane-1-1024x574.jpg 1024w, https:\/\/www.sisinternational.com\/wp-content\/uploads\/2025\/08\/Butane-1-768x430.jpg 768w, https:\/\/www.sisinternational.com\/wp-content\/uploads\/2025\/08\/Butane-1-18x10.jpg 18w\" sizes=\"auto, (max-width: 1456px) 100vw, 1456px\"><\/figure>\n\n\n\n<ul class=\"wp-block-list\">\n<li>En la industria manufacturera, el propano es una fuente de energ\u00eda limpia y confiable que puede alimentar generadores y veh\u00edculos y actuar como refrigerante.<\/li>\n\n\n\n<li>El propano es el gas elegido en la industria de fundici\u00f3n o fundici\u00f3n de metales porque puede arder hasta casi 2000 grados Celsius. Puede usarse en hornos y estructuras para fundir oro, plata, cobre, lat\u00f3n, bronce, hierro fundido y otros metales.<\/li>\n\n\n\n<li>En el negocio de las imprentas, el propano se utiliza para impresiones a gran escala. Las industrias de impresi\u00f3n emplean gas propano caliente para acelerar el secado de la tinta en diversas superficies de materiales de impresi\u00f3n, como papel, vidrio, celof\u00e1n y papel de aluminio.<\/li>\n\n\n\n<li>La industria agr\u00edcola tambi\u00e9n utiliza propano en tareas importantes como desmalezado, bombas de riego y equipos de secado de cultivos como secadores de tabaco, secadores de heno, secadores de ma\u00edz y m\u00e1s.<\/li>\n<\/ul>\n\n\n\n<h2 class=\"wp-block-heading\">Alcance de la investigaci\u00f3n de mercado de propano<\/h2>\n\n\n\n<p><a href=\"https:\/\/www.sisinternational.com\/es\/soluciones\/soluciones-de-investigacion-cualitativa-cuantitativa\/investigacion-de-mercado-de-factores-humanos\/\" title=\"Investigaci\u00f3n de mercado de factores humanos\"  data-wpil-monitor-id=\"8991\">Estudios de mercado<\/a> provides insights into the various factors impacting the Propane industry. Below are some market drivers that are part of the market scope and segmentation.<\/p>\n\n\n\n<h3 class=\"wp-block-heading\">La necesidad de alternativas de combustible para la sostenibilidad econ\u00f3mica y ambiental<\/h3>\n\n\n\n<p>Cuando se consumen combustibles convencionales como el di\u00e9sel y la gasolina, generan una gran cantidad de di\u00f3xido de carbono. Esto aumenta la huella de carbono en general. El propano emite un poco menos que el gas natural. En consecuencia, produce 70% menos subproductos de carbono que los combustibles tradicionales durante la combusti\u00f3n. Las agencias gubernamentales est\u00e1n estableciendo regulaciones y leyes para fomentar el uso de combustibles con bajas emisiones de carbono.<\/p>\n\n\n\n<h3 class=\"wp-block-heading\">Impacto de los precios en la industria del propano<\/h3>\n\n\n\n<p>Los aumentos de los precios de los combustibles y el agotamiento de los recursos naturales est\u00e1n aumentando el deseo de combustibles m\u00e1s ecol\u00f3gicos y limpios. Los motores de propano emiten un porcentaje menor de diversas emisiones de carbono que los motores de gasolina. Adem\u00e1s, los motores de propano generan menos hidrocarburos que causan smog que los motores di\u00e9sel. En t\u00e9rminos de precio, contenido energ\u00e9tico e impacto ambiental, el gas natural licuado supera al petr\u00f3leo crudo. Se prev\u00e9 que esto aumentar\u00e1 la demanda de propano.<\/p>\n\n\n\n<h3 class=\"wp-block-heading\">Importante demanda de GLP<\/h3>\n\n\n\n<p>El GLP contiene una cantidad significativa de propano. Aporta alrededor del 100 por ciento del contenido de GLP en ciertos pa\u00edses. El aumento de la poblaci\u00f3n mundial y el aumento sustancial de los ingresos disponibles, especialmente en los pa\u00edses en desarrollo, est\u00e1n impulsando la creciente demanda de GLP para la demanda de energ\u00eda residencial.<\/p>\n\n\n\n<h2 class=\"wp-block-heading\">Oportunidades en la industria del mercado de propano<\/h2>\n\n\n\n<p>Overall, the propane market industry is highly exclusive and is continuously experiencing consolidation. As various industrial and business sector sites compete against one another, the propane market has a tremendous chance. Another potential is to adhere to the government&#8217;s rules and regulations so that not only the government but also the <a href=\"https:\/\/www.sisinternational.com\/es\/publicaciones\/comportamiento-del-comprador-despues-del-coronavirus-nuevo-consumidor\/\" title=\"Comportamiento del comprador despu\u00e9s del coronavirus \u2013 Investigaci\u00f3n de mercado del consumidor\"  data-wpil-monitor-id=\"8992\">consumers can become the market&#8217;s<\/a> foundation.<\/p>\n\n\n\n<h3 class=\"wp-block-heading\">La fluctuaci\u00f3n en los costos del combustible como restricciones en el mercado del propano<\/h3>\n\n\n\n<p>Changes in the prices of petroleum and crude oil, as well as the detrimental effects of propane at greater concentrations, will function as significant restraints on the expansion of the propane industry. Mineral oil will face market hurdles due to insufficient <a href=\"https:\/\/www.sisinternational.com\/es\/analisis-de-satisfaccion-del-cliente\/\" title=\"Ocho formas de aumentar la satisfacci\u00f3n del cliente en el comercio minorista\"  data-wpil-monitor-id=\"8988\">retail infrastructure for propane and inadequate consumer<\/a> knowledge.<\/p>\n\n\n\n<h2 class=\"wp-block-heading\">La investigaci\u00f3n de mercado de propano proporciona informaci\u00f3n basada en los siguientes factores:<\/h2>\n\n\n\n<ul class=\"wp-block-list\">\n<li>Detalles de la evoluci\u00f3n reciente del mercado.<\/li>\n\n\n\n<li>an\u00e1lisis de importaci\u00f3n-exportaci\u00f3n y an\u00e1lisis de producci\u00f3n<\/li>\n\n\n\n<li>valor <a href=\"https:\/\/www.sisinternational.com\/es\/soluciones\/consultoria-estrategica\/investigacion-de-mercado-de-la-cadena-de-suministro\/\" title=\"Investigaci\u00f3n de mercado de la cadena de suministro\"  data-wpil-monitor-id=\"8994\">chain optimization and market<\/a> share<\/li>\n\n\n\n<li>Impacto de los actores del mercado nacional y localizado.<\/li>\n\n\n\n<li>analizar oportunidades en t\u00e9rminos de bolsas de ingresos emergentes,<\/li>\n\n\n\n<li>impact of the <a href=\"https:\/\/www.sisinternational.com\/es\/pericia\/industrias\/investigacion-de-mercado-del-cambio-climatico\/\" title=\"Investigaci\u00f3n de mercado del cambio clim\u00e1tico\"  data-wpil-monitor-id=\"8995\">changes in market<\/a> regulations<\/li>\n\n\n\n<li>strategic <a href=\"https:\/\/www.sisinternational.com\/es\/soluciones\/soluciones-de-investigacion-cualitativa-cuantitativa\/analisis-de-chaid-investigacion-de-mercado\/\" title=\"An\u00e1lisis CHAID Investigaci\u00f3n de Mercado\"  data-wpil-monitor-id=\"8993\">market growth analysis<\/a><\/li>\n\n\n\n<li>Evaluaci\u00f3n de nichos de aplicaci\u00f3n y dominio.<\/li>\n<\/ul>\n\n\n\n<p>Otros factores que pueden afectar el mercado del propano, como aprobaciones de productos, lanzamientos de nuevos productos y expansi\u00f3n geogr\u00e1fica.<\/p>\n\n\n\n<h2 class=\"wp-block-heading\">Acerca de la investigaci\u00f3n de mercado de propano<\/h2>\n\n\n\n<p>El GLP es una fuente de energ\u00eda moderna con un impacto ambiental m\u00ednimo. Se utiliza en una variedad de contextos, incluida la agricultura, los generadores de energ\u00eda, la calefacci\u00f3n, la cocina y la recreaci\u00f3n. El uso mundial de GLP ha aumentado como resultado de iniciativas internacionales y locales para alentar a los usuarios finales a pasar de fuentes de energ\u00eda convencionales a fuentes de energ\u00eda renovables.<\/p>\n\n\n\n<p>The propane market research includes in-depth expert analysis of market scenarios such as market value, growth rate, segmentation, geographical coverage, and major players in the industry. The end report will be beneficial for critical players in the propane industry who <a href=\"https:\/\/www.sisinternational.com\/es\/la-necesidad-de-inteligencia-competitiva-en-esta-recesion\/\" title=\"La necesidad de inteligencia competitiva en una recesi\u00f3n\"  data-wpil-monitor-id=\"8989\">needs data and strategies<\/a> in the propane industry for decision-making and marketing implementations.<\/p>","protected":false},"excerpt":{"rendered":"<p>Propane Market Research explora la industria del propano, sus tendencias de mercado y su impacto en diversos sectores comerciales y econ\u00f3micos.<\/p>","protected":false},"author":1,"featured_media":63923,"parent":14514,"menu_order":180,"comment_status":"closed","ping_status":"closed","template":"","meta":{"footnotes":""},"class_list":["post-41545","page","type-page","status-publish","has-post-thumbnail"],"_links":{"self":[{"href":"https:\/\/www.sisinternational.com\/es\/wp-json\/wp\/v2\/pages\/41545","targetHints":{"allow":["GET"]}}],"collection":[{"href":"https:\/\/www.sisinternational.com\/es\/wp-json\/wp\/v2\/pages"}],"about":[{"href":"https:\/\/www.sisinternational.com\/es\/wp-json\/wp\/v2\/types\/page"}],"author":[{"embeddable":true,"href":"https:\/\/www.sisinternational.com\/es\/wp-json\/wp\/v2\/users\/1"}],"replies":[{"embeddable":true,"href":"https:\/\/www.sisinternational.com\/es\/wp-json\/wp\/v2\/comments?post=41545"}],"version-history":[{"count":3,"href":"https:\/\/www.sisinternational.com\/es\/wp-json\/wp\/v2\/pages\/41545\/revisions"}],"predecessor-version":[{"id":81504,"href":"https:\/\/www.sisinternational.com\/es\/wp-json\/wp\/v2\/pages\/41545\/revisions\/81504"}],"up":[{"embeddable":true,"href":"https:\/\/www.sisinternational.com\/es\/wp-json\/wp\/v2\/pages\/14514"}],"wp:featuredmedia":[{"embeddable":true,"href":"https:\/\/www.sisinternational.com\/es\/wp-json\/wp\/v2\/media\/63923"}],"wp:attachment":[{"href":"https:\/\/www.sisinternational.com\/es\/wp-json\/wp\/v2\/media?parent=41545"}],"curies":[{"name":"wp","href":"https:\/\/api.w.org\/{rel}","templated":true}]}}