{"id":41542,"date":"2023-02-13T02:22:20","date_gmt":"2023-02-13T02:22:20","guid":{"rendered":"https:\/\/www.sisinternational.com\/?page_id=41542"},"modified":"2026-01-25T17:17:28","modified_gmt":"2026-01-25T22:17:28","slug":"investigacion-de-mercado-de-la-industria-de-la-fotografia","status":"publish","type":"page","link":"https:\/\/www.sisinternational.com\/es\/pericia\/investigacion-de-mercado-de-la-industria-de-la-fotografia\/","title":{"rendered":"Investigaci\u00f3n de mercado de la industria de la fotograf\u00eda"},"content":{"rendered":"<h1 class=\"wp-block-heading\">Investigaci\u00f3n de mercado de la industria de la fotograf\u00eda<\/h1>\n\n\n\n<p><\/p>\n\n\n\n<figure class=\"gb-block-image gb-block-image-1243a93b\"><img loading=\"lazy\" decoding=\"async\" width=\"1456\" height=\"816\" class=\"gb-image gb-image-1243a93b\" src=\"https:\/\/www.sisinternational.com\/wp-content\/uploads\/2025\/08\/Photography-2.jpg\" alt=\"Investigaci\u00f3n y estrategia de mercado internacional de SIS\" title=\"Photography (2)\" srcset=\"https:\/\/www.sisinternational.com\/wp-content\/uploads\/2025\/08\/Photography-2.jpg 1456w, https:\/\/www.sisinternational.com\/wp-content\/uploads\/2025\/08\/Photography-2-300x168.jpg 300w, https:\/\/www.sisinternational.com\/wp-content\/uploads\/2025\/08\/Photography-2-1024x574.jpg 1024w, https:\/\/www.sisinternational.com\/wp-content\/uploads\/2025\/08\/Photography-2-768x430.jpg 768w, https:\/\/www.sisinternational.com\/wp-content\/uploads\/2025\/08\/Photography-2-18x10.jpg 18w\" sizes=\"auto, (max-width: 1456px) 100vw, 1456px\"><\/figure>\n\n\n\n<p>El auge de las redes sociales mostr\u00f3 el poder de la influencia. La gente empieza a utilizar estas plataformas para compartir sus fotos y contenido en l\u00ednea para que todo el mundo los vea. Una de las industrias afectadas positivamente por este aumento es la industria de la fotograf\u00eda.<\/p>\n\n\n\n<p>La industria de la fotograf\u00eda experiment\u00f3 un crecimiento constante a lo largo de los a\u00f1os debido a la constante demanda de los consumidores. Se espera que mantenga su impulso a medida que la industria se expanda e introduzca nuevos nichos e innovaciones en el mercado.<\/p>\n\n\n\n<p>The growth creates more lucrative opportunities, challenging enterprises to keep up with the latest developments and market trends to lead and dominate the competition. Hence, the Photography <a href=\"https:\/\/www.sisinternational.com\/es\/investigacion-de-mercado-de-la-industria-educativa\/\" title=\"Investigaci\u00f3n de mercado de la industria educativa\"  data-wpil-monitor-id=\"1806\">Industry Market Research<\/a> has been gaining traction as it guides businesses and professionals to understand the market with in-depth analysis and discussions.<\/p>\n\n\n\n<h2 class=\"wp-block-heading\">La importancia de la investigaci\u00f3n de mercado de la industria de la fotograf\u00eda<\/h2>\n\n\n\n<p>The Photography <a href=\"https:\/\/www.sisinternational.com\/es\/pericia\/industrias\/investigacion-de-mercado-de-diseno-industrial\/\" title=\"Investigaci\u00f3n de Mercado de Dise\u00f1o Industrial\"  data-wpil-monitor-id=\"4152\">Industry Market Research<\/a> is essential in understanding the ever-changing environment of the industry, changes in consumer behavior, developments in the technology used, and analyzing the competition. Therefore, it helps enterprises determine their next business decision with all the factors considered.<\/p>\n\n\n\n<h3 class=\"wp-block-heading\">Los diferentes m\u00e9todos para adquirir informaci\u00f3n para la investigaci\u00f3n incluyen, entre otros, los siguientes:<\/h3>\n\n\n\n<ul class=\"wp-block-list\">\n<li>Encuesta a clientes y\/o partes interesadas<\/li>\n\n\n\n<li>Entrevista con autoridades pertinentes.<\/li>\n\n\n\n<li>Desglose de nuevos productos, servicios y\/o \u00faltimas tendencias.<\/li>\n\n\n\n<li>An\u00e1lisis de competencia dentro de una misma regi\u00f3n\/ciudad<\/li>\n\n\n\n<li>Observaci\u00f3n del comportamiento del cliente.<\/li>\n<\/ul>\n\n\n\n<p>Si se logra con \u00e9xito, los datos relevantes recopilados servir\u00e1n como herramienta para la toma de decisiones. Por lo tanto, la creaci\u00f3n de una investigaci\u00f3n de mercado inicial es vital para determinar la viabilidad de una empresa y c\u00f3mo resistir\u00e1 los problemas existentes y potenciales en la industria. Sin ello, puede dar lugar a un paso en falso costoso e incluso hacer que el negocio retroceda unos pasos.<\/p>\n\n\n\n<p>In addition, the Photography <a href=\"https:\/\/www.sisinternational.com\/es\/pericia\/industrias\/investigacion-de-mercado-de-automatizacion-industrial\/\" title=\"Investigaci\u00f3n de mercado de automatizaci\u00f3n industrial\"  data-wpil-monitor-id=\"4803\">Industry Market Research<\/a> serves in developing marketing strategies to effectively reach the company&#8217;s target audience. It is also instrumental in ensuring that the enterprise considers the environment and culture in which it wishes to operate.<\/p>\n\n\n\n<h2 class=\"wp-block-heading\">T\u00edtulos de trabajo clave en la industria de la fotograf\u00eda<\/h2>\n\n\n\n<p>Aunque gira en torno al mismo servicio, la industria de la fotograf\u00eda tiene diversos segmentos de nicho. Para obtener m\u00e1s informaci\u00f3n sobre ellos, estos son algunos de los puestos de trabajo clave m\u00e1s conocidos en la industria de la fotograf\u00eda:<\/p>\n\n\n\n<ul class=\"wp-block-list\">\n<li>Fot\u00f3grafo comercial: se relaciona principalmente con clientes que se centran en usos comerciales o marketing, como editoriales, campa\u00f1as publicitarias y fotograf\u00edas de productos.<\/li>\n\n\n\n<li>Fotoperiodista\/fot\u00f3grafo de noticias: se centra en capturar fotograf\u00edas para publicaciones de noticias, cubriendo diferentes historias de diversos campos.<\/li>\n\n\n\n<li>Fot\u00f3grafo de eventos: generalmente una peque\u00f1a o mediana empresa que cubre eventos de ritmo r\u00e1pido, como bodas, conciertos y fiestas.<\/li>\n\n\n\n<li>Fot\u00f3grafo Freelance: Profesional que trabaja de una necesidad de un cliente a otra, generalmente enfoc\u00e1ndose en un nicho espec\u00edfico de la fotograf\u00eda.<\/li>\n\n\n\n<li>Editor de fotograf\u00edas: principalmente el que edita el metraje sin editar del fot\u00f3grafo, aunque los editores de fotograf\u00edas tambi\u00e9n pueden actuar como coordinador y administrador general.<\/li>\n\n\n\n<li>Director de Arte: Quien orienta al fot\u00f3grafo hacia el concepto que quer\u00eda lograr con la sesi\u00f3n; Generalmente prepara el gui\u00f3n gr\u00e1fico como inspiraci\u00f3n para una fotograf\u00eda fija.<\/li>\n<\/ul>\n\n\n\n<h2 class=\"wp-block-heading\">C\u00e1maras de uso com\u00fan en la industria de la fotograf\u00eda<\/h2>\n\n\n\n<p>Los profesionales se distinguen por sus estilos y c\u00e1maras. Encuentran la mejor configuraci\u00f3n de c\u00e1mara que funcionar\u00e1 para su nicho y entorno espec\u00edficos. Algunos de los tipos comunes de c\u00e1maras utilizadas son:<\/p>\n\n\n\n<ul class=\"wp-block-list\">\n<li>C\u00e1mara DSLR: Com\u00fanmente utilizada en usos comerciales debido a sus im\u00e1genes de alta resoluci\u00f3n, que brindan im\u00e1genes n\u00edtidas y detalladas.<\/li>\n\n\n\n<li>C\u00e1mara sin espejo: Gan\u00f3 atractivo por su dise\u00f1o compacto y sin espejo interno; Sirve como alternativa a la c\u00e1mara DSLR por su peso m\u00e1s ligero, popular entre los profesionales que disparan en exteriores.<\/li>\n\n\n\n<li>C\u00e1mara Bridge: Generalmente se usa ya que captura perfectamente cualquier tema; tambi\u00e9n para profesionales interesados en el gran rango de zoom.<\/li>\n\n\n\n<li>C\u00e1mara de cine digital: Tambi\u00e9n se utiliza con fines comerciales por su resoluci\u00f3n 4k y opciones de lentes intercambiables, aunque ahora se usan com\u00fanmente para grabaci\u00f3n de video.<\/li>\n<\/ul>\n\n\n\n<h2 class=\"wp-block-heading\">Tendencias y oportunidades en la industria de la fotograf\u00eda<\/h2>\n\n\n\n<p>Con la continua expansi\u00f3n de la industria de la fotograf\u00eda, gradualmente se est\u00e1n introduciendo en el mercado nuevas tecnolog\u00edas y oportunidades, y aqu\u00ed te presentamos las m\u00e1s relevantes:<\/p>\n\n\n\n<ul class=\"wp-block-list\">\n<li>Cabinas\/Estudio de autoservicio: una de las tecnolog\u00edas m\u00e1s populares, que atrae a las generaciones m\u00e1s j\u00f3venes por su opci\u00f3n de autoservicio. Se prepara la configuraci\u00f3n de la c\u00e1mara y los consumidores pueden tomarse fotograf\u00edas en un tiempo limitado. Aunque, los editores de fotograf\u00edas les ayudar\u00e1n despu\u00e9s de la sesi\u00f3n de fotos del cliente.<\/li>\n\n\n\n<li>Funci\u00f3n GPS incluida: Otra nueva tecnolog\u00eda adaptada son las unidades GPS en las c\u00e1maras. Registra autom\u00e1ticamente las ubicaciones donde se tomaron las fotograf\u00edas capturadas, junto con el sistema de coordenadas.<\/li>\n\n\n\n<li>Edici\u00f3n en c\u00e1mara: esta nueva funci\u00f3n permitir\u00e1 a los fot\u00f3grafos editar autom\u00e1ticamente sus im\u00e1genes sin procesar en su c\u00e1mara. Contendr\u00e1 las herramientas b\u00e1sicas, como el cambio de tama\u00f1o y el ajuste del balance de blancos.<\/li>\n\n\n\n<li>C\u00e1maras m\u00e1s compactas: se introducen nuevos dise\u00f1os de c\u00e1maras para funcionar tan bien como las DSLR pero con un peso m\u00e1s ligero y un tama\u00f1o m\u00e1s peque\u00f1o. Las c\u00e1maras sin espejo han sido los dise\u00f1os pioneros.<\/li>\n\n\n\n<li>Lente Ultra Zoom: Esta tecnolog\u00eda emergente es muy esperada, incluso para los aficionados. Promete tomar fotograf\u00edas desde lejos mientras toma im\u00e1genes n\u00edtidas, lo que lo hace muy solicitado entre los observadores del cielo y los fot\u00f3grafos de exteriores. Tambi\u00e9n se supone que Ultra Zoom Lens hace maravillas al tomar fotograf\u00edas de detalles minuciosos de los objetos.<\/li>\n<\/ul>\n\n\n\n<h2 class=\"wp-block-heading\">Desaf\u00edos en la industria de la fotograf\u00eda<\/h2>\n\n\n\n<p>A pesar de todas las oportunidades que tiene la industria de la fotograf\u00eda, enfrenta una buena cantidad de desaf\u00edos. Las empresas se enfrentan al problema de que las nuevas tecnolog\u00edas posiblemente se apoderen de sus negocios o de c\u00f3mo se compara un fot\u00f3grafo tradicional con una persona promedio con una c\u00e1mara.<\/p>\n\n\n\n<h3 class=\"wp-block-heading\">Estos son los desaf\u00edos que est\u00e1n poniendo a prueba la industria de la fotograf\u00eda:<\/h3>\n\n\n\n<ul class=\"wp-block-list\">\n<li>Generador de im\u00e1genes de IA: se afirma que los generadores de IA reemplazan las funciones de los editores de fotograf\u00edas. A diferencia de este \u00faltimo, la IA puede editar una fotograf\u00eda sin editar con solo hacer clic en un bot\u00f3n sin utilizar ninguna herramienta de edici\u00f3n de software, lo que ahorra tiempo y dinero a las empresas.<\/li>\n\n\n\n<li>La abundancia de smartphones: casi todo el mundo tiene un tel\u00e9fono con c\u00e1mara. Significa una menor necesidad de un fot\u00f3grafo a menos que sea para un gran evento. La gente toma \u201cretratos\u201d y fotograf\u00edas familiares usando sus tel\u00e9fonos, sin costo alguno y sin cita previa.<\/li>\n\n\n\n<li>Fot\u00f3grafos \u201cileg\u00edtimos\u201d: las plataformas de redes sociales son lugares incre\u00edbles para respaldar su negocio y sus habilidades, pero tambi\u00e9n significa que \u201cpersonas con una c\u00e1mara\u201d pueden unirse a la competencia. La mayor\u00eda de estas personas no tienen los conocimientos adecuados sobre c\u00f3mo tomar o editar una fotograf\u00eda.<\/li>\n\n\n\n<li>Infracci\u00f3n de derechos de autor: a\u00fan en las redes sociales, los fot\u00f3grafos pueden hacer que otros creadores de contenido les \u201croben\u201d sus fotos.<\/li>\n<\/ul>","protected":false},"excerpt":{"rendered":"<p>La investigaci\u00f3n de mercado de la industria de la fotograf\u00eda es vital para comprender el comportamiento del consumidor y los desarrollos tecnol\u00f3gicos y analizar la competencia.<\/p>","protected":false},"author":1,"featured_media":64318,"parent":14514,"menu_order":179,"comment_status":"closed","ping_status":"closed","template":"","meta":{"footnotes":""},"class_list":["post-41542","page","type-page","status-publish","has-post-thumbnail"],"_links":{"self":[{"href":"https:\/\/www.sisinternational.com\/es\/wp-json\/wp\/v2\/pages\/41542","targetHints":{"allow":["GET"]}}],"collection":[{"href":"https:\/\/www.sisinternational.com\/es\/wp-json\/wp\/v2\/pages"}],"about":[{"href":"https:\/\/www.sisinternational.com\/es\/wp-json\/wp\/v2\/types\/page"}],"author":[{"embeddable":true,"href":"https:\/\/www.sisinternational.com\/es\/wp-json\/wp\/v2\/users\/1"}],"replies":[{"embeddable":true,"href":"https:\/\/www.sisinternational.com\/es\/wp-json\/wp\/v2\/comments?post=41542"}],"version-history":[{"count":6,"href":"https:\/\/www.sisinternational.com\/es\/wp-json\/wp\/v2\/pages\/41542\/revisions"}],"predecessor-version":[{"id":78761,"href":"https:\/\/www.sisinternational.com\/es\/wp-json\/wp\/v2\/pages\/41542\/revisions\/78761"}],"up":[{"embeddable":true,"href":"https:\/\/www.sisinternational.com\/es\/wp-json\/wp\/v2\/pages\/14514"}],"wp:featuredmedia":[{"embeddable":true,"href":"https:\/\/www.sisinternational.com\/es\/wp-json\/wp\/v2\/media\/64318"}],"wp:attachment":[{"href":"https:\/\/www.sisinternational.com\/es\/wp-json\/wp\/v2\/media?parent=41542"}],"curies":[{"name":"wp","href":"https:\/\/api.w.org\/{rel}","templated":true}]}}