{"id":41529,"date":"2023-02-12T22:42:42","date_gmt":"2023-02-12T22:42:42","guid":{"rendered":"https:\/\/www.sisinternational.com\/?page_id=41529"},"modified":"2026-01-25T19:27:46","modified_gmt":"2026-01-26T00:27:46","slug":"investigacion-de-mercado-de-aplicaciones-de-citas-online","status":"publish","type":"page","link":"https:\/\/www.sisinternational.com\/es\/pericia\/investigacion-de-mercado-de-aplicaciones-de-citas-online\/","title":{"rendered":"Investigaci\u00f3n de mercado de aplicaciones de citas online"},"content":{"rendered":"<h1 class=\"wp-block-heading\">Investigaci\u00f3n de mercado de aplicaciones de citas online<\/h1>\n\n\n\n<figure class=\"gb-block-image gb-block-image-3bf76e71\"><img decoding=\"async\" class=\"gb-image gb-image-3bf76e71\" src=\"https:\/\/www.sisinternational.com\/wp-content\/uploads\/2025\/08\/Online-dating-app-2.jpg\" alt=\"Investigaci\u00f3n y estrategia de mercado internacional de SIS\" title=\"Online dating app (2)\"><\/figure>\n\n\n\n<p><\/p>\n\n\n\n<p>La investigaci\u00f3n de mercado de aplicaciones de citas en l\u00ednea proporciona informaci\u00f3n sobre lo que est\u00e1 sucediendo en la industria de las citas en l\u00ednea, su impacto en varias personas y sus preferencias. A medida que las citas en l\u00ednea o las citas por Internet han ido creciendo durante los \u00faltimos a\u00f1os, los datos y las estrategias de la industria de las aplicaciones de citas en l\u00ednea se han vuelto valiosos para sectores comerciales espec\u00edficos.<\/p>\n\n\n\n<p>La investigaci\u00f3n de mercado de aplicaciones de citas en l\u00ednea proporciona informaci\u00f3n que permitir\u00e1 a varias personas, empresas y negocios que ofrecen servicios relevantes en la industria comprender factores basados en las preferencias y comportamientos de los usuarios de aplicaciones de citas.<\/p>\n\n\n\n<h2 class=\"wp-block-heading\">\u00bfQu\u00e9 es una aplicaci\u00f3n de citas online?<\/h2>\n\n\n\n<p>To better understand the information gathered for the <a href=\"https:\/\/www.sisinternational.com\/es\/pericia\/industrias\/director-de-informacion-cio-investigacion-de-mercado\/\" title=\"Director de Informaci\u00f3n (CIO) Investigaci\u00f3n de Mercado\"  data-wpil-monitor-id=\"5655\">Investigaci\u00f3n de mercado de aplicaciones de citas online.<\/a>, one must have a clear definition of what online dating is and the users\u2019 goals.<\/p>\n\n\n\n<p>Online dating or internet dating is a method wherein various individuals get in touch with each other virtually, with the goal of setting up a personal meeting or date. &nbsp; Those who participate in online dating seek relationships for various reasons, but mostly the goal is to find someone who can be a potential romantic partner. Other reasons why individuals join online dating platforms also include:<\/p>\n\n\n\n<ul class=\"wp-block-list\">\n<li>Encontrar a alguien con quien puedan conectarse o hacer amigos.<\/li>\n\n\n\n<li>Para entretenimiento personal o por curiosidad.<\/li>\n\n\n\n<li>Buscando a alguien que comparta intereses y actividades similares que puedan realizar juntos<\/li>\n\n\n\n<li>Autovalidaci\u00f3n o desarrollo de la confianza en uno mismo<\/li>\n<\/ul>\n\n\n\n<p>Durante los \u00faltimos a\u00f1os, las aplicaciones de citas en l\u00ednea han ganado una popularidad cada vez mayor entre quienes gustan de las citas por Internet. Las aplicaciones de citas online son redes sociales o plataformas de citas que est\u00e1n disponibles como aplicaciones para tel\u00e9fonos m\u00f3viles. Esta se ha convertido en la mejor opci\u00f3n para los usuarios de citas en l\u00ednea, no solo por su comodidad sino tambi\u00e9n debido a la creciente accesibilidad a Internet y la creciente producci\u00f3n de tel\u00e9fonos inteligentes.<\/p>\n\n\n\n<h2 class=\"wp-block-heading\">\u00bfC\u00f3mo funcionan las aplicaciones de citas online?<\/h2>\n\n\n\n<figure class=\"gb-block-image gb-block-image-37dca354\"><img loading=\"lazy\" decoding=\"async\" width=\"1456\" height=\"816\" class=\"gb-image gb-image-37dca354\" src=\"https:\/\/www.sisinternational.com\/wp-content\/uploads\/2025\/08\/Online-dating-app-4.jpg\" alt=\"Investigaci\u00f3n y estrategia de mercado internacional de SIS\" title=\"Online dating app (4)\" srcset=\"https:\/\/www.sisinternational.com\/wp-content\/uploads\/2025\/08\/Online-dating-app-4.jpg 1456w, https:\/\/www.sisinternational.com\/wp-content\/uploads\/2025\/08\/Online-dating-app-4-300x168.jpg 300w, https:\/\/www.sisinternational.com\/wp-content\/uploads\/2025\/08\/Online-dating-app-4-1024x574.jpg 1024w, https:\/\/www.sisinternational.com\/wp-content\/uploads\/2025\/08\/Online-dating-app-4-768x430.jpg 768w, https:\/\/www.sisinternational.com\/wp-content\/uploads\/2025\/08\/Online-dating-app-4-18x10.jpg 18w\" sizes=\"auto, (max-width: 1456px) 100vw, 1456px\"><\/figure>\n\n\n\n<p><\/p>\n\n\n\n<p>La mayor\u00eda de las aplicaciones de citas online funcionan de manera similar a otras plataformas de redes sociales. Los usuarios deber\u00e1n crear sus propias cuentas en la aplicaci\u00f3n de citas online que prefieran. Deber\u00e1n crear su propio perfil individual como miembro, que incluye, entre otros, los siguientes detalles:<\/p>\n\n\n\n<ul class=\"wp-block-list\">\n<li>Nombre, nombre de usuario o apodo<\/li>\n\n\n\n<li>Edad (debe ser mayor de 18 a\u00f1os)<\/li>\n\n\n\n<li>G\u00e9nero<\/li>\n\n\n\n<li>Su orientaci\u00f3n o preferencia sexual.<\/li>\n\n\n\n<li>donde estan ubicados<\/li>\n\n\n\n<li>Una descripci\u00f3n de ellos mismos o de su apariencia.<\/li>\n\n\n\n<li>Lista de preferencias de personajes (de las personas que quieren conocer)<\/li>\n\n\n\n<li>La mayor\u00eda de las veces, estas aplicaciones de citas tambi\u00e9n solicitan que los miembros suban fotos o v\u00eddeos de ellos mismos.<\/li>\n<\/ul>\n\n\n\n<p>Una vez que el usuario se convierte en miembro, la aplicaci\u00f3n de citas m\u00f3vil utiliza ciertos algoritmos para comparar datos y hacer coincidir personas. Estas funciones de coincidencia y emparejamiento de la aplicaci\u00f3n generalmente contin\u00faan a medida que los miembros usan la plataforma. Esto es para recopilar su interacci\u00f3n dentro de la aplicaci\u00f3n, que tambi\u00e9n se puede utilizar para relacionarlos con otra persona.<\/p>\n\n\n\n<h2 class=\"wp-block-heading\">Factores adicionales que afectan la investigaci\u00f3n de mercado de aplicaciones de citas en l\u00ednea<\/h2>\n\n\n\n<h3 class=\"wp-block-heading\">Servicios del mercado de citas en l\u00ednea<\/h3>\n\n\n\n<p>The growth and expansion of the online dating app <a href=\"https:\/\/www.sisinternational.com\/es\/pericia\/industrias\/investigacion-de-mercados-industriales\/\" title=\"Investigaci\u00f3n y estrategia de mercados industriales\"  data-wpil-monitor-id=\"10360\">industry have divided the market<\/a> into various segments that include: social dating, adult dating, niche dating, and matchmaking. The types of services found in online dating platforms influence the membership signups as well as how specific dating app functions.<\/p>\n\n\n\n<h3 class=\"wp-block-heading\">Modelos de negocio de citas online<\/h3>\n\n\n\n<p>Para la investigaci\u00f3n de mercado de aplicaciones de citas en l\u00ednea, reconocer los modelos de negocio puede proporcionar m\u00e1s datos y estrategias en la industria de aplicaciones de citas en l\u00ednea. Los principales modelos de negocio incluyen:<\/p>\n\n\n\n<ul class=\"wp-block-list\">\n<li>Una suscripci\u00f3n paga a la aplicaci\u00f3n de citas online. Aqu\u00ed es donde a los usuarios se les cobra una cierta cantidad por ser parte de la plataforma de la aplicaci\u00f3n de citas online.<\/li>\n\n\n\n<li>Suscripci\u00f3n gratuita o freemium. Aqu\u00ed es donde las funciones b\u00e1sicas de la aplicaci\u00f3n de citas en l\u00ednea se ofrecen de forma gratuita, pero se pueden adquirir ventajas o funciones adicionales por un costo adicional o como compras dentro de la aplicaci\u00f3n.<\/li>\n<\/ul>\n\n\n\n<h2 class=\"wp-block-heading\">Actores clave en la industria de las citas online<\/h2>\n\n\n\n<figure class=\"gb-block-image gb-block-image-33764489\"><img loading=\"lazy\" decoding=\"async\" width=\"1456\" height=\"816\" class=\"gb-image gb-image-33764489\" src=\"https:\/\/www.sisinternational.com\/wp-content\/uploads\/2025\/08\/Online-dating-app-5.jpg\" alt=\"Investigaci\u00f3n y estrategia de mercado internacional de SIS\" title=\"Online dating app (5)\" srcset=\"https:\/\/www.sisinternational.com\/wp-content\/uploads\/2025\/08\/Online-dating-app-5.jpg 1456w, https:\/\/www.sisinternational.com\/wp-content\/uploads\/2025\/08\/Online-dating-app-5-300x168.jpg 300w, https:\/\/www.sisinternational.com\/wp-content\/uploads\/2025\/08\/Online-dating-app-5-1024x574.jpg 1024w, https:\/\/www.sisinternational.com\/wp-content\/uploads\/2025\/08\/Online-dating-app-5-768x430.jpg 768w, https:\/\/www.sisinternational.com\/wp-content\/uploads\/2025\/08\/Online-dating-app-5-18x10.jpg 18w\" sizes=\"auto, (max-width: 1456px) 100vw, 1456px\"><\/figure>\n\n\n\n<p><\/p>\n\n\n\n<p>El desarrollo continuo de portales web de citas en l\u00ednea y aplicaciones m\u00f3viles ha generado actores clave en la industria. Los informes m\u00e1s recientes muestran a los siguientes actores clave sin ning\u00fan orden espec\u00edfico:<\/p>\n\n\n\n<ul class=\"wp-block-list\">\n<li>F\u00f3sforo<\/li>\n\n\n\n<li>Tinder<\/li>\n\n\n\n<li>Andar a tropezones<\/li>\n\n\n\n<li>kippo<\/li>\n\n\n\n<li>Un mont\u00f3n de pescado<\/li>\n\n\n\n<li>OkCupido<\/li>\n\n\n\n<li>eArmon\u00eda<\/li>\n\n\n\n<li>Grindr<\/li>\n\n\n\n<li>El caf\u00e9 se encuentra con el bagel<\/li>\n\n\n\n<li>Bisagra<\/li>\n<\/ul>\n\n\n\n<h2 class=\"wp-block-heading\">M\u00e9todos de investigaci\u00f3n de mercado y mejores pr\u00e1cticas de aplicaciones de citas en l\u00ednea<\/h2>\n\n\n\n<p><a href=\"https:\/\/www.sisinternational.com\/es\/garantizar-que-los-clientes-recuerden-su-mensaje\/\" title=\"Investigaci\u00f3n de Mercado de Activaci\u00f3n de Marca\"  data-wpil-monitor-id=\"10349\">Market Research provides insights into the activities<\/a> of users in online dating application as well as gather data and strategies in the Online Dating App industry. In order to come up with accurate <a href=\"https:\/\/www.sisinternational.com\/es\/pericia\/industrias\/investigacion-de-mercado-de-pesticidas\/\" title=\"Investigaci\u00f3n de mercado de pesticidas\"  data-wpil-monitor-id=\"3386\">research data and market<\/a> forecasts, the following methods are implemented:<\/p>\n\n\n\n<ul class=\"wp-block-list\">\n<li>Identificar las metas y objetivos de la investigaci\u00f3n. Esto es para garantizar que la investigaci\u00f3n realizada, as\u00ed como los datos recopilados, se centren en el objetivo.<\/li>\n\n\n\n<li>Profiling the users of the online dating app. <a href=\"https:\/\/www.sisinternational.com\/es\/estudio-de-caso-de-sis-sobre-informacion-sobre-tiendas-en-todo-el-mundo\/\" title=\"Informaci\u00f3n sobre los compradores en la tienda: estudio de caso de investigaci\u00f3n de mercado\"  data-wpil-monitor-id=\"10355\">Market Research provides insights<\/a> based on the profiles and activities the users have within the online dating platform.<\/li>\n\n\n\n<li>Categorizar el alcance del informe para un mejor an\u00e1lisis de los datos. La investigaci\u00f3n puede incluir la edad, el sexo, el tipo de suscripci\u00f3n, las perspectivas regionales o demogr\u00e1ficas y otros factores relevantes para la investigaci\u00f3n de mercado de aplicaciones de citas en l\u00ednea.<\/li>\n\n\n\n<li>Seleccionar el m\u00e9todo m\u00e1s apropiado a utilizar en funci\u00f3n de los datos y estrategias objetivo en la industria de aplicaciones de citas en l\u00ednea. Algunos de los m\u00e9todos de extracci\u00f3n de datos m\u00e1s populares y cre\u00edbles incluyen entrevistas a usuarios, encuestas y escucha en las redes sociales.<\/li>\n\n\n\n<li>Assessment and validation of online dating app market research outcomes. Accurate <a href=\"https:\/\/www.sisinternational.com\/es\/soluciones\/consultoria-estrategica\/habilitacion-de-ventas-investigacion-de-mercado-consultoria-estrategica\/\" title=\"Habilitaci\u00f3n de ventas Investigaci\u00f3n de mercado y consultor\u00eda estrat\u00e9gica\"  data-wpil-monitor-id=\"10350\">market research provides insights that enable<\/a> top market figures, leaders, and businesses to gain unparalleled business knowledge.<\/li>\n<\/ul>\n\n\n\n<h2 class=\"wp-block-heading\">Beneficios de la investigaci\u00f3n de mercado de aplicaciones de citas online<\/h2>\n\n\n\n<figure class=\"gb-block-image gb-block-image-dd3e43d5\"><img loading=\"lazy\" decoding=\"async\" width=\"1456\" height=\"816\" class=\"gb-image gb-image-dd3e43d5\" src=\"https:\/\/www.sisinternational.com\/wp-content\/uploads\/2025\/08\/Online-dating-app-3.jpg\" alt=\"Investigaci\u00f3n y estrategia de mercado internacional de SIS\" title=\"Online dating app (3)\" srcset=\"https:\/\/www.sisinternational.com\/wp-content\/uploads\/2025\/08\/Online-dating-app-3.jpg 1456w, https:\/\/www.sisinternational.com\/wp-content\/uploads\/2025\/08\/Online-dating-app-3-300x168.jpg 300w, https:\/\/www.sisinternational.com\/wp-content\/uploads\/2025\/08\/Online-dating-app-3-1024x574.jpg 1024w, https:\/\/www.sisinternational.com\/wp-content\/uploads\/2025\/08\/Online-dating-app-3-768x430.jpg 768w, https:\/\/www.sisinternational.com\/wp-content\/uploads\/2025\/08\/Online-dating-app-3-18x10.jpg 18w\" sizes=\"auto, (max-width: 1456px) 100vw, 1456px\"><\/figure>\n\n\n\n<p><\/p>\n\n\n\n<p>La investigaci\u00f3n de mercado de aplicaciones de citas en l\u00ednea proporciona informaci\u00f3n sobre personas, empresas y negocios espec\u00edficos que brindan servicios de aplicaciones de citas en l\u00ednea. Los resultados de la investigaci\u00f3n son beneficiosos de las siguientes maneras:<\/p>\n\n\n\n<ul class=\"wp-block-list\">\n<li>Gather data and strategies in the online dating app <a href=\"https:\/\/www.sisinternational.com\/es\/industry-forecast\/construction-industry-forecast\/\" title=\"Construction Industry Forecast\"  data-wpil-monitor-id=\"10361\">industry that will help construct<\/a> better programs and services.<\/li>\n\n\n\n<li>Construct a <a href=\"https:\/\/www.sisinternational.com\/es\/soluciones\/consultoria-estrategica\/consultoria-estrategica-de-investigacion-de-mercado-para-usuarios-finales\/\" title=\"Investigaci\u00f3n de mercado de usuario final y consultor\u00eda estrat\u00e9gica\"  data-wpil-monitor-id=\"10358\">marketing strategy<\/a> that will target certain application users and identify their preferences for future product offerings.<\/li>\n\n\n\n<li>Detectar \u00e1reas donde son posibles oportunidades para crear servicios rentables y c\u00f3mo hacerlos visibles para los usuarios de aplicaciones de citas online.<\/li>\n\n\n\n<li>Planificaci\u00f3n e implementaci\u00f3n de funciones para aplicaciones m\u00f3viles que proporcionen resultados rentables tanto para los usuarios como para los proveedores de servicios.<\/li>\n\n\n\n<li>La investigaci\u00f3n de mercado de aplicaciones de citas en l\u00ednea puede ayudar a reconocer el an\u00e1lisis de tendencias y las oportunidades de crecimiento en la industria de aplicaciones m\u00f3viles y de citas.<\/li>\n<\/ul>\n\n\n\n<h2 class=\"wp-block-heading\">Acerca de la investigaci\u00f3n de mercado de aplicaciones de citas online<\/h2>\n\n\n\n<p>As more and more individuals are expected to join or try out the various online dating apps available, the market dynamics should be understood. The <a href=\"https:\/\/www.sisinternational.com\/es\/fintech-market-research-trends\/\" title=\"Tendencias en la investigaci\u00f3n del mercado fintech\"  data-wpil-monitor-id=\"10353\">market research provides insights that include trends<\/a> and factors impacting user preferences and decisions, as well as the evolution of mobile applications.<\/p>\n\n\n\n<p>The data and strategies in the <a href=\"https:\/\/www.sisinternational.com\/es\/soluciones\/soluciones-de-investigacion-cualitativa-cuantitativa\/foros-de-discusion-de-boletines-en-linea\/\" title=\"Investigaci\u00f3n de mercado cualitativa en l\u00ednea\"  data-wpil-monitor-id=\"10362\">Online Dating App industry research<\/a> will help individuals with key roles in the industry or related businesses to implement sustainable growth techniques as well as strengthen their position in the industry.<\/p>","protected":false},"excerpt":{"rendered":"<p>La investigaci\u00f3n de mercado de aplicaciones de citas en l\u00ednea proporciona informaci\u00f3n sobre la industria de las citas en l\u00ednea, su impacto en las personas y sus preferencias.<\/p>","protected":false},"author":1,"featured_media":0,"parent":14514,"menu_order":177,"comment_status":"closed","ping_status":"closed","template":"","meta":{"footnotes":""},"class_list":["post-41529","page","type-page","status-publish"],"_links":{"self":[{"href":"https:\/\/www.sisinternational.com\/es\/wp-json\/wp\/v2\/pages\/41529","targetHints":{"allow":["GET"]}}],"collection":[{"href":"https:\/\/www.sisinternational.com\/es\/wp-json\/wp\/v2\/pages"}],"about":[{"href":"https:\/\/www.sisinternational.com\/es\/wp-json\/wp\/v2\/types\/page"}],"author":[{"embeddable":true,"href":"https:\/\/www.sisinternational.com\/es\/wp-json\/wp\/v2\/users\/1"}],"replies":[{"embeddable":true,"href":"https:\/\/www.sisinternational.com\/es\/wp-json\/wp\/v2\/comments?post=41529"}],"version-history":[{"count":6,"href":"https:\/\/www.sisinternational.com\/es\/wp-json\/wp\/v2\/pages\/41529\/revisions"}],"predecessor-version":[{"id":81707,"href":"https:\/\/www.sisinternational.com\/es\/wp-json\/wp\/v2\/pages\/41529\/revisions\/81707"}],"up":[{"embeddable":true,"href":"https:\/\/www.sisinternational.com\/es\/wp-json\/wp\/v2\/pages\/14514"}],"wp:attachment":[{"href":"https:\/\/www.sisinternational.com\/es\/wp-json\/wp\/v2\/media?parent=41529"}],"curies":[{"name":"wp","href":"https:\/\/api.w.org\/{rel}","templated":true}]}}