{"id":41485,"date":"2023-02-12T20:43:26","date_gmt":"2023-02-12T20:43:26","guid":{"rendered":"https:\/\/www.sisinternational.com\/?page_id=41485"},"modified":"2026-01-27T16:47:22","modified_gmt":"2026-01-27T21:47:22","slug":"investigacion-de-mercado-de-joyeria","status":"publish","type":"page","link":"https:\/\/www.sisinternational.com\/es\/pericia\/investigacion-de-mercado-de-joyeria\/","title":{"rendered":"Investigaci\u00f3n de mercado de joyer\u00eda"},"content":{"rendered":"<h1 class=\"wp-block-heading\">Investigaci\u00f3n de mercado de joyer\u00eda<\/h1>\n\n\n\n<figure class=\"gb-block-image gb-block-image-8f05c9cd\"><img loading=\"lazy\" decoding=\"async\" width=\"1456\" height=\"816\" class=\"gb-image gb-image-8f05c9cd\" src=\"https:\/\/www.sisinternational.com\/wp-content\/uploads\/2025\/08\/fashion-accesories-4.jpg\" alt=\"Investigaci\u00f3n y estrategia de mercado internacional de SIS\" title=\"fashion accesories (4)\" srcset=\"https:\/\/www.sisinternational.com\/wp-content\/uploads\/2025\/08\/fashion-accesories-4.jpg 1456w, https:\/\/www.sisinternational.com\/wp-content\/uploads\/2025\/08\/fashion-accesories-4-300x168.jpg 300w, https:\/\/www.sisinternational.com\/wp-content\/uploads\/2025\/08\/fashion-accesories-4-1024x574.jpg 1024w, https:\/\/www.sisinternational.com\/wp-content\/uploads\/2025\/08\/fashion-accesories-4-768x430.jpg 768w, https:\/\/www.sisinternational.com\/wp-content\/uploads\/2025\/08\/fashion-accesories-4-18x10.jpg 18w\" sizes=\"auto, (max-width: 1456px) 100vw, 1456px\"><\/figure>\n\n\n\n<p><\/p>\n\n\n\n<hr class=\"wp-block-separator has-alpha-channel-opacity is-style-dots\"\/>\n\n\n\n<div class=\"wp-block-columns has-global-color-9-color has-text-color has-background has-link-color wp-elements-af6c8a4f99e5feea657a4b476b2e166f is-layout-flex wp-container-core-columns-is-layout-9d6595d7 wp-block-columns-is-layout-flex\" style=\"background-color:#f7f9fa6e\">\n<div class=\"wp-block-column is-layout-flow wp-block-column-is-layout-flow\" style=\"flex-basis:18%\"><\/div>\n\n\n\n<div class=\"wp-block-column is-vertically-aligned-center is-layout-flow wp-block-column-is-layout-flow\" style=\"flex-basis:71.28%\">\n<div class=\"wp-block-rank-math-toc-block aligncenter has-global-color-9-color has-text-color has-link-color wp-elements-7631775f09165e19889649c1cce77cb0\" style=\"font-size:16px\" id=\"rank-math-toc\"><h2><br><strong>t<\/strong>able of Contents<\/h2><nav><ul><li class=\"\"><a href=\"#what-is-jewelry-market-research\">\u00bfQu\u00e9 es la investigaci\u00f3n de mercado de joyer\u00eda?<\/a><\/li><li class=\"\"><a href=\"#why-its-important\">Por que es importante<\/a><\/li><li class=\"\"><a href=\"#key-job-titles-in-the-industry\">T\u00edtulos de trabajo clave en la industria<\/a><\/li><li class=\"\"><a href=\"#why-businesses-need-jewelry-market-research\">Por qu\u00e9 las empresas necesitan una investigaci\u00f3n de mercado de joyer\u00eda<\/a><\/li><li class=\"\"><a href=\"#key-success-factors\">Factores claves del \u00e9xito<\/a><\/li><li class=\"\"><a href=\"#about-jewelry-market-research\">Acerca de la investigaci\u00f3n de mercado de joyer\u00eda<\/a><\/li><\/ul><\/nav><\/div>\n<\/div>\n<\/div>\n\n\n\n<p><\/p>\n\n\n\n<h2 class=\"wp-block-heading\" id=\"what-is-jewelry-market-research\">\u00bfQu\u00e9 es la investigaci\u00f3n de mercado de joyer\u00eda?<\/h2>\n\n\n\n<p>La investigaci\u00f3n de mercado de joyer\u00eda se centra en recopilar informaci\u00f3n sobre los tipos de joyer\u00eda y comprender qu\u00e9 influencia puede tener el mercado en las distintas empresas fabricantes y vendedores privados.<\/p>\n\n\n\n<p>Las joyas son objetos est\u00e9ticos que en los \u00faltimos a\u00f1os se han vuelto accesibles a todos, gracias a diversas marcas capaces de fabricar productos de calidad y venderlos a precios asequibles.<\/p>\n\n\n\n<p>Asimismo, la joyer\u00eda tambi\u00e9n est\u00e1 ligada a la cultura ya que puede representar un estatus o usarse para ritos religiosos.<\/p>\n\n\n\n<p>Para apreciar el valor de la investigaci\u00f3n del mercado de la joyer\u00eda, es necesario comprender la importancia y el impacto de la joyer\u00eda en diversos aspectos de nuestra sociedad.<\/p>\n\n\n\n<h3 class=\"wp-block-heading\">Una joya es un adorno elaborado en metal precioso, adornado con gemas, perlas o piedras. En general, las Joyas se dividen en:<\/h3>\n\n\n\n<figure class=\"gb-block-image gb-block-image-28b7b894\"><img loading=\"lazy\" decoding=\"async\" width=\"1456\" height=\"816\" class=\"gb-image gb-image-28b7b894\" src=\"https:\/\/www.sisinternational.com\/wp-content\/uploads\/2025\/08\/fashion-accesories-3.jpg\" alt=\"Investigaci\u00f3n y estrategia de mercado internacional de SIS\" title=\"fashion accesories (3)\" srcset=\"https:\/\/www.sisinternational.com\/wp-content\/uploads\/2025\/08\/fashion-accesories-3.jpg 1456w, https:\/\/www.sisinternational.com\/wp-content\/uploads\/2025\/08\/fashion-accesories-3-300x168.jpg 300w, https:\/\/www.sisinternational.com\/wp-content\/uploads\/2025\/08\/fashion-accesories-3-1024x574.jpg 1024w, https:\/\/www.sisinternational.com\/wp-content\/uploads\/2025\/08\/fashion-accesories-3-768x430.jpg 768w, https:\/\/www.sisinternational.com\/wp-content\/uploads\/2025\/08\/fashion-accesories-3-18x10.jpg 18w\" sizes=\"auto, (max-width: 1456px) 100vw, 1456px\"><\/figure>\n\n\n\n<p><\/p>\n\n\n\n<ul class=\"wp-block-list\">\n<li>Collares<\/li>\n\n\n\n<li>Pendientes<\/li>\n\n\n\n<li>Anillos<\/li>\n\n\n\n<li>Esposas<\/li>\n\n\n\n<li>Encantos<\/li>\n<\/ul>\n\n\n\n<p>En cuanto a los materiales utilizados para la elaboraci\u00f3n de joyas, el m\u00e1s utilizado es la plata, ya que se encuentra f\u00e1cilmente disponible. El segundo material m\u00e1s utilizado es el oro, pero tiene un coste mayor.<\/p>\n\n\n\n<p>El platino se encuentra entre los materiales menos comunes, su valor se sit\u00faa entre el oro y la plata. El rodio, en cambio, es mucho m\u00e1s caro, pero generalmente se utiliza para embellecer joyas de plata.<\/p>\n\n\n\n<p>El titanio es un metal bastante nuevo en el campo de la joyer\u00eda y se utiliza principalmente para crear peque\u00f1as joyas o para reforzar otros materiales.<\/p>\n\n\n\n<h2 class=\"wp-block-heading\" id=\"why-its-important\">Por que es importante<\/h2>\n\n\n\n<p>El objetivo de la investigaci\u00f3n de mercado es proporcionar un conocimiento profundo sobre una industria, en este caso, la joyer\u00eda. Recopilar informaci\u00f3n y obtener una visi\u00f3n general del mercado de la joyer\u00eda puede ser importante por varias razones:<\/p>\n\n\n\n<ul class=\"wp-block-list\">\n<li>Un conocimiento m\u00e1s profundo de cu\u00e1les son las marcas de joyer\u00eda m\u00e1s populares del mercado. Con la investigaci\u00f3n de mercado de joyer\u00eda, es posible tener informaci\u00f3n sobre las tendencias a nivel mundial.<\/li>\n\n\n\n<li>Conocer el papel de la joyer\u00eda en la sociedad. Hoy en d\u00eda, las joyas no son s\u00f3lo un objeto de inter\u00e9s para las mujeres pertenecientes a un determinado grupo de edad. De hecho, las joyas tambi\u00e9n son apreciadas y compradas por j\u00f3venes y tambi\u00e9n por hombres.<\/li>\n\n\n\n<li>Informaci\u00f3n sobre qu\u00e9 tipos de joyas son las m\u00e1s apreciadas y las distintas novedades del sector. Esto se debe a que el mundo de la joyer\u00eda es muy diverso, con marcas especializadas exclusivamente en la producci\u00f3n de ciertos tipos como anillos, pulseras y dijes.<\/li>\n\n\n\n<li>Conozca la diferencia y la fortaleza del mercado de las empresas de joyer\u00eda y los vendedores privados.<\/li>\n\n\n\n<li>Aprenda qu\u00e9 materiales se utilizan en la producci\u00f3n de joyas y los m\u00e9todos de producci\u00f3n en s\u00ed.<\/li>\n\n\n\n<li>Analyze the market for jewelry sold by common brands, as well as the <a href=\"https:\/\/www.sisinternational.com\/es\/estudio-de-mercado-de-perfumes-de-lujo\/\" title=\"Investigaci\u00f3n de mercado de perfumes de lujo\"  data-wpil-monitor-id=\"7579\">market for luxury<\/a> jewelry, so that a comparison can be made.<\/li>\n\n\n\n<li>La investigaci\u00f3n de mercado sobre joyer\u00eda puede ayudar a empresas e individuos a obtener informaci\u00f3n que les permita ser competitivos.<\/li>\n<\/ul>\n\n\n\n<h2 class=\"wp-block-heading\" id=\"key-job-titles-in-the-industry\">T\u00edtulos de trabajo clave en la industria<\/h2>\n\n\n\n<p>La industria de fabricaci\u00f3n y venta de joyas se divide en diferentes trabajos, roles y profesiones. En general, tanto la venta como la fabricaci\u00f3n de joyas requieren conocimientos espec\u00edficos sobre los materiales y tipos de joyas.<\/p>\n\n\n\n<h3 class=\"wp-block-heading\">A continuaci\u00f3n se muestra una lista de algunos de los principales trabajos en la industria de la joyer\u00eda:<\/h3>\n\n\n\n<figure class=\"gb-block-image gb-block-image-ce96fbd8\"><img loading=\"lazy\" decoding=\"async\" width=\"1456\" height=\"816\" class=\"gb-image gb-image-ce96fbd8\" src=\"https:\/\/www.sisinternational.com\/wp-content\/uploads\/2025\/08\/fashion-accesories-2.jpg\" alt=\"Investigaci\u00f3n y estrategia de mercado internacional de SIS\" title=\"fashion accesories (2)\" srcset=\"https:\/\/www.sisinternational.com\/wp-content\/uploads\/2025\/08\/fashion-accesories-2.jpg 1456w, https:\/\/www.sisinternational.com\/wp-content\/uploads\/2025\/08\/fashion-accesories-2-300x168.jpg 300w, https:\/\/www.sisinternational.com\/wp-content\/uploads\/2025\/08\/fashion-accesories-2-1024x574.jpg 1024w, https:\/\/www.sisinternational.com\/wp-content\/uploads\/2025\/08\/fashion-accesories-2-768x430.jpg 768w, https:\/\/www.sisinternational.com\/wp-content\/uploads\/2025\/08\/fashion-accesories-2-18x10.jpg 18w\" sizes=\"auto, (max-width: 1456px) 100vw, 1456px\"><\/figure>\n\n\n\n<p><\/p>\n\n\n\n<ul class=\"wp-block-list\">\n<li>Grabador<\/li>\n\n\n\n<li>tecnico de aseguramiento de calidad<\/li>\n\n\n\n<li>Pulidora<\/li>\n\n\n\n<li>joyero de banco<\/li>\n\n\n\n<li>Obrero metal\u00fargico<\/li>\n\n\n\n<li>Orfebre<\/li>\n\n\n\n<li>Gerente de la tienda<\/li>\n\n\n\n<li>Asistente de ventas<\/li>\n\n\n\n<li>Profesional en ventas al por menor<\/li>\n\n\n\n<li>tasador de joyas<\/li>\n\n\n\n<li>Dise\u00f1ador de joyas<\/li>\n<\/ul>\n\n\n\n<h2 class=\"wp-block-heading\" id=\"why-businesses-need-jewelry-market-research\">Por qu\u00e9 las empresas necesitan una investigaci\u00f3n de mercado de joyer\u00eda<\/h2>\n\n\n\n<p>La informaci\u00f3n sobre la industria de la joyer\u00eda recopilada en la investigaci\u00f3n de mercado, as\u00ed como diversas estrategias, puede resultar muy \u00fatil para diversas empresas. Estos negocios incluyen los siguientes sectores:<\/p>\n\n\n\n<ul class=\"wp-block-list\">\n<li>Sector de fabricaci\u00f3n de joyas<\/li>\n\n\n\n<li>Sector de venta de joyas.<\/li>\n\n\n\n<li>Sector del comercio electr\u00f3nico de joyer\u00eda<\/li>\n\n\n\n<li>vendedores privados<\/li>\n\n\n\n<li>Personas influyentes en la web<\/li>\n<\/ul>\n\n\n\n<p><\/p>\n\n\n\n<!DOCTYPE html>\n<html lang=\"en\">\n<head>\n    <meta charset=\"UTF-8\">\n    <meta name=\"viewport\" content=\"width=device-width, initial-scale=1.0\">\n    <title>AI Blog Banner<\/title>\n    <style>\n        * {\n            margin: 0;\n            padding: 0;\n            box-sizing: border-box;\n        }\n\n        .banner {\n            position: relative;\n            width: 100%;\n            height: 350px;\n            overflow: hidden;\n            display: flex;\n            align-items: center;\n            justify-content: center;\n            font-family: 'Arial', sans-serif;\n            border-radius: 25px;\n        }\n\n        .animated-background {\n            position: absolute;\n            top: 0;\n            left: 0;\n            width: 100%;\n            height: 100%;\n            background: linear-gradient(45deg, #003f6b, #2d5a7b, #003f6b, #2d5a7b);\n            background-size: 400% 400%;\n            animation: gradientMove 8s ease-in-out infinite;\n        }\n\n        .ai-pattern {\n            position: absolute;\n            top: 0;\n            left: 0;\n            width: 100%;\n            height: 100%;\n            opacity: 0.1;\n            background-image: \n                radial-gradient(circle at 20% 20%, rgba(255,255,255,0.3) 2px, transparent 2px),\n                radial-gradient(circle at 80% 80%, rgba(255,255,255,0.2) 1px, transparent 1px),\n                radial-gradient(circle at 40% 60%, rgba(255,255,255,0.15) 1.5px, transparent 1.5px),\n                radial-gradient(circle at 60% 20%, rgba(255,255,255,0.25) 1px, transparent 1px),\n                radial-gradient(circle at 80% 40%, rgba(255,255,255,0.2) 2px, transparent 2px);\n            background-size: 100px 100px, 150px 150px, 80px 80px, 120px 120px, 90px 90px;\n            animation: patternFloat 12s linear infinite;\n        }\n\n        .neural-network {\n            position: absolute;\n            top: 0;\n            left: 0;\n            width: 100%;\n            height: 100%;\n            opacity: 0.08;\n        }\n\n        .neural-line {\n            position: absolute;\n            height: 1px;\n            background: linear-gradient(90deg, transparent, rgba(255,255,255,0.5), transparent);\n            animation: neuralPulse 6s ease-in-out infinite;\n        }\n\n        .neural-line:nth-child(1) {\n            top: 30%;\n            left: 0;\n            width: 60%;\n            animation-delay: 0s;\n        }\n\n        .neural-line:nth-child(2) {\n            top: 50%;\n            right: 0;\n            width: 70%;\n            animation-delay: 2s;\n        }\n\n        .neural-line:nth-child(3) {\n            top: 70%;\n            left: 20%;\n            width: 50%;\n            animation-delay: 4s;\n        }\n\n        .content {\n            position: relative;\n            z-index: 10;\n            text-align: center;\n            color: white !important;\n            max-width: 800px;\n            padding: 30px;\n        }\n\n        .content * {\n            color: white !important;\n        }\n\n        .cta-text {\n            font-size: 1.9rem;\n            font-weight: 700;\n            margin-bottom: 15px;\n            color: white !important;\n            background: linear-gradient(90deg, rgba(255,255,255,0.6), rgba(255,255,255,1), rgba(230,230,230,1), rgba(255,255,255,1), rgba(240,240,240,0.8), rgba(255,255,255,0.6));\n            background-size: 200% 100%;\n            -webkit-background-clip: text;\n            -webkit-text-fill-color: transparent;\n            background-clip: text;\n            animation: shineEffect 10s ease-in-out infinite;\n            line-height: 1.3;\n        }\n\n        .cta-subheading {\n            font-size: 1rem;\n            font-weight: 400;\n            margin-bottom: 25px;\n            color: white !important;\n            line-height: 1.6;\n            opacity: 0.95;\n        }\n\n        .cta-button {\n            background: linear-gradient(135deg, #8a6b0f, #bd9013, #d4a519);\n            border: 2px solid #8a6b0f;\n            color: white !important;\n            padding: 18px 40px;\n            font-size: 1.2rem;\n            font-weight: 600;\n            border-radius: 50px;\n            cursor: pointer;\n            transition: all 0.3s ease;\n            text-decoration: none;\n            display: inline-block;\n            position: relative;\n            overflow: hidden;\n        }\n\n        .cta-button::before {\n            content: '';\n            position: absolute;\n            top: 0;\n            left: -100%;\n            width: 100%;\n            height: 100%;\n            background: linear-gradient(90deg, \n                transparent 0%, \n                rgba(255, 255, 255, 0.3) 25%,\n                rgba(255, 255, 255, 0.6) 50%,\n                rgba(255, 255, 255, 0.3) 75%,\n                transparent 100%);\n            animation: shine 3s ease-in-out infinite;\n        }\n\n        .cta-button:hover {\n            transform: translateY(-3px);\n            box-shadow: 0 10px 25px rgba(0,0,0,0.2);\n            border-color: #bd9013;\n            background: linear-gradient(135deg, #bd9013, #d4a519, #e6b61f);\n        }\n\n        .floating-elements {\n            position: absolute;\n            top: 0;\n            left: 0;\n            width: 100%;\n            height: 100%;\n            pointer-events: none;\n        }\n\n        .floating-circle {\n            position: absolute;\n            border-radius: 50%;\n            background: rgba(255,255,255,0.1);\n            animation: float 8s ease-in-out infinite;\n        }\n\n        .floating-circle:nth-child(1) {\n            width: 80px;\n            height: 80px;\n            top: 20%;\n            left: 10%;\n            animation-delay: 0s;\n        }\n\n        .floating-circle:nth-child(2) {\n            width: 60px;\n            height: 60px;\n            top: 60%;\n            right: 15%;\n            animation-delay: 3s;\n        }\n\n        .floating-circle:nth-child(3) {\n            width: 40px;\n            height: 40px;\n            top: 80%;\n            left: 80%;\n            animation-delay: 6s;\n        }\n\n        .floating-circle:nth-child(4) {\n            width: 70px;\n            height: 70px;\n            top: 10%;\n            right: 20%;\n            animation-delay: 1.5s;\n        }\n\n        .floating-circle:nth-child(5) {\n            width: 50px;\n            height: 50px;\n            top: 75%;\n            left: 30%;\n            animation-delay: 4.5s;\n        }\n\n        @keyframes gradientMove {\n            0% { background-position: 0% 50%; }\n            25% { background-position: 100% 50%; }\n            50% { background-position: 100% 100%; }\n            75% { background-position: 0% 100%; }\n            100% { background-position: 0% 50%; }\n        }\n\n        @keyframes patternFloat {\n            0% { transform: translateX(0) translateY(0); }\n            33% { transform: translateX(30px) translateY(-20px); }\n            66% { transform: translateX(-20px) translateY(10px); }\n            100% { transform: translateX(0) translateY(0); }\n        }\n\n        @keyframes neuralPulse {\n            0%, 100% { opacity: 0.08; }\n            50% { opacity: 0.2; }\n        }\n\n        @keyframes shineEffect {\n            0% { background-position: 200% 0; }\n            100% { background-position: -200% 0; }\n        }\n\n        @keyframes shine {\n            0% {\n                left: -100%;\n            }\n            20%, 100% {\n                left: 100%;\n            }\n        }\n\n        @keyframes float {\n            0%, 100% { transform: translateY(0px) rotate(0deg); }\n            33% { transform: translateY(-30px) rotate(120deg); }\n            66% { transform: translateY(15px) rotate(240deg); }\n        }\n\n        @media (max-width: 768px) {\n            .banner {\n                height: 320px;\n                padding: 30px 0;\n            }\n            \n            .content {\n                padding: 40px 20px;\n            }\n            \n            .cta-text {\n                font-size: 1.3rem;\n                margin-bottom: 12px;\n            }\n            \n            .cta-subheading {\n                font-size: 0.85rem;\n                margin-bottom: 20px;\n            }\n            \n            .cta-button {\n                padding: 14px 28px;\n                font-size: 0.95rem;\n            }\n        }\n    <\/style>\n<\/head>\n<body>\n    <div class=\"banner\">\n        <div class=\"animated-background\"><\/div>\n        \n        <div class=\"ai-pattern\"><\/div>\n        \n        <div class=\"neural-network\">\n            <div class=\"neural-line\"><\/div>\n            <div class=\"neural-line\"><\/div>\n            <div class=\"neural-line\"><\/div>\n        <\/div>\n        \n        <div class=\"floating-elements\">\n            <div class=\"floating-circle\"><\/div>\n            <div class=\"floating-circle\"><\/div>\n            <div class=\"floating-circle\"><\/div>\n            <div class=\"floating-circle\"><\/div>\n            <div class=\"floating-circle\"><\/div>\n        <\/div>\n        \n        <div class=\"content\">\n            <div class=\"cta-text\">Ready to explore the insights that drive smarter decisions?<\/div>\n            <div class=\"cta-subheading\">Contact our Research experts today.<\/div>\n            <a href=\"mailto:Research@sisinternational.com\" class=\"cta-button\">Contact us now!<\/a>\n        <\/div>\n    <\/div>\n<\/body>\n<\/html>\n\n\n\n<p><\/p>\n\n\n\n<h2 class=\"wp-block-heading\" id=\"key-success-factors\">Factores claves del \u00e9xito<\/h2>\n\n\n\n<p>Los factores de \u00e9xito en la investigaci\u00f3n de mercado de joyer\u00eda son muy similares a los de otras industrias. La recopilaci\u00f3n de datos e informaci\u00f3n es fundamental, ya que permiten a las empresas acercarse al mercado con ventaja. La investigaci\u00f3n de mercado se realiza con precisi\u00f3n para proporcionar informaci\u00f3n v\u00e1lida y cre\u00edble.<\/p>\n\n\n\n<ul class=\"wp-block-list\">\n<li>Recopilaci\u00f3n de informaci\u00f3n sobre el producto.<\/li>\n\n\n\n<li>Recopilaci\u00f3n de resultados<\/li>\n\n\n\n<li>Comparaci\u00f3n de los resultados por ubicaci\u00f3n (a nivel mundial)<\/li>\n\n\n\n<li>An\u00e1lisis de los distintos competidores del mercado de joyer\u00eda.<\/li>\n<\/ul>\n\n\n\n<h2 class=\"wp-block-heading\" id=\"about-jewelry-market-research\">Acerca de la investigaci\u00f3n de mercado de joyer\u00eda<\/h2>\n\n\n\n<p>La joyer\u00eda juega un papel muy importante en la moda y costumbres de la sociedad moderna. La investigaci\u00f3n de mercado de joyer\u00eda recopila informaci\u00f3n y datos confiables. Es una herramienta muy \u00fatil para cualquiera que quiera tomar decisiones acertadas en t\u00e9rminos de producci\u00f3n, ventas, marketing y planificaci\u00f3n comercial.<\/p>\n\n\n<h2>Nuestra ubicaci\u00f3n de instalaciones en Nueva York<\/h2>\n<p><!-- \/wp:post-content --> <!-- wp:html --> <iframe loading=\"lazy\" src=\"https:\/\/www.google.com\/maps\/embed?pb=!1m18!1m12!1m3!1d3022.976188376966!2d-73.99130312499956!3d40.740549471389315!2m3!1f0!2f0!3f0!3m2!1i1024!2i768!4f13.1!3m3!1m2!1s0x89c259a15798c731%3A0xd695d09bdd495f25!2s11%20E%2022nd%20St%20FL%202%2C%20New%20York%2C%20NY%2010010%2C%20USA!5e0!3m2!1sen!2spe!4v1726171763526!5m2!1sen!2spe\" width=\"600\" height=\"450\" allowfullscreen=\"allowfullscreen\" data-mce-fragment=\"1\"><\/iframe> <!-- \/wp:html --> <!-- wp:paragraph --><\/p>\n<h3 class=\"wp-block-heading\">11 E 22nd Street, Piso 2, Nueva York, NY 10010 T: +1(212) 505-6805<\/h3>\n<hr \/>\n<h2><span style=\"font-weight: 400;\">Acerca de SIS Internacional<\/span><\/h2>\n<p><a href=\"https:\/\/www.sisinternational.com\/es\/\"><span style=\"font-weight: 400;\">SIS Internacional<\/span><\/a><span style=\"font-weight: 400;\"> ofrece investigaci\u00f3n cuantitativa, cualitativa y estrat\u00e9gica. Proporcionamos datos, herramientas, estrategias, informes y conocimientos para la toma de decisiones. Tambi\u00e9n realizamos entrevistas, encuestas, grupos focales y otros m\u00e9todos y enfoques de investigaci\u00f3n de mercado.<\/span><a href=\"https:\/\/www.sisinternational.com\/es\/sobre-la-investigacion-internacional-de-sis\/contact-sis-international-market-research\/\"><span style=\"font-weight: 400;\"> P\u00f3ngase en contacto con nosotros<\/span><\/a><span style=\"font-weight: 400;\"> para su pr\u00f3ximo proyecto de Investigaci\u00f3n de Mercado.<\/span><\/p>\n<p>\u00a0<\/p>","protected":false},"excerpt":{"rendered":"<p>La investigaci\u00f3n de mercado de joyer\u00eda re\u00fane informaci\u00f3n sobre los tipos de joyer\u00eda y la influencia del mercado en las empresas manufactureras y los vendedores privados.<\/p>","protected":false},"author":1,"featured_media":64623,"parent":14514,"menu_order":176,"comment_status":"closed","ping_status":"closed","template":"","meta":{"footnotes":""},"class_list":["post-41485","page","type-page","status-publish","has-post-thumbnail"],"_links":{"self":[{"href":"https:\/\/www.sisinternational.com\/es\/wp-json\/wp\/v2\/pages\/41485","targetHints":{"allow":["GET"]}}],"collection":[{"href":"https:\/\/www.sisinternational.com\/es\/wp-json\/wp\/v2\/pages"}],"about":[{"href":"https:\/\/www.sisinternational.com\/es\/wp-json\/wp\/v2\/types\/page"}],"author":[{"embeddable":true,"href":"https:\/\/www.sisinternational.com\/es\/wp-json\/wp\/v2\/users\/1"}],"replies":[{"embeddable":true,"href":"https:\/\/www.sisinternational.com\/es\/wp-json\/wp\/v2\/comments?post=41485"}],"version-history":[{"count":8,"href":"https:\/\/www.sisinternational.com\/es\/wp-json\/wp\/v2\/pages\/41485\/revisions"}],"predecessor-version":[{"id":81202,"href":"https:\/\/www.sisinternational.com\/es\/wp-json\/wp\/v2\/pages\/41485\/revisions\/81202"}],"up":[{"embeddable":true,"href":"https:\/\/www.sisinternational.com\/es\/wp-json\/wp\/v2\/pages\/14514"}],"wp:featuredmedia":[{"embeddable":true,"href":"https:\/\/www.sisinternational.com\/es\/wp-json\/wp\/v2\/media\/64623"}],"wp:attachment":[{"href":"https:\/\/www.sisinternational.com\/es\/wp-json\/wp\/v2\/media?parent=41485"}],"curies":[{"name":"wp","href":"https:\/\/api.w.org\/{rel}","templated":true}]}}