{"id":41480,"date":"2023-02-12T03:19:00","date_gmt":"2023-02-12T03:19:00","guid":{"rendered":"https:\/\/www.sisinternational.com\/?page_id=41480"},"modified":"2026-01-24T21:02:05","modified_gmt":"2026-01-25T02:02:05","slug":"estudio-de-mercado-de-gasoleo-para-calefaccion","status":"publish","type":"page","link":"https:\/\/www.sisinternational.com\/es\/pericia\/estudio-de-mercado-de-gasoleo-para-calefaccion\/","title":{"rendered":"Investigaci\u00f3n de mercado de combustible para calefacci\u00f3n"},"content":{"rendered":"<h1 class=\"wp-block-heading\">Investigaci\u00f3n de mercado de combustible para calefacci\u00f3n<\/h1>\n\n\n\n<figure class=\"gb-block-image gb-block-image-988cff31\"><img loading=\"lazy\" decoding=\"async\" width=\"1456\" height=\"816\" class=\"gb-image gb-image-988cff31\" src=\"https:\/\/www.sisinternational.com\/wp-content\/uploads\/2025\/08\/Palm-oiil-5.jpg\" alt=\"Investigaci\u00f3n y estrategia de mercado internacional de SIS\" title=\"Palm oiil (5)\" srcset=\"https:\/\/www.sisinternational.com\/wp-content\/uploads\/2025\/08\/Palm-oiil-5.jpg 1456w, https:\/\/www.sisinternational.com\/wp-content\/uploads\/2025\/08\/Palm-oiil-5-300x168.jpg 300w, https:\/\/www.sisinternational.com\/wp-content\/uploads\/2025\/08\/Palm-oiil-5-1024x574.jpg 1024w, https:\/\/www.sisinternational.com\/wp-content\/uploads\/2025\/08\/Palm-oiil-5-768x430.jpg 768w, https:\/\/www.sisinternational.com\/wp-content\/uploads\/2025\/08\/Palm-oiil-5-18x10.jpg 18w\" sizes=\"auto, (max-width: 1456px) 100vw, 1456px\"><\/figure>\n\n\n\n<p><\/p>\n\n\n\n<p>La investigaci\u00f3n de mercado de combustible para calefacci\u00f3n se centra en las tendencias, los datos y los conocimientos tanto sobre el combustible para calefacci\u00f3n para hogares como para las empresas. La industria del combustible para calefacci\u00f3n ha crecido continuamente a lo largo de los a\u00f1os, especialmente porque desempe\u00f1a un papel importante en la econom\u00eda global. La investigaci\u00f3n de mercado proporciona informaci\u00f3n sobre la industria del combustible para calefacci\u00f3n y su influencia en diversos sectores, y sus m\u00faltiples usos tanto para hogares como para empresas.<\/p>\n\n\n\n<h2 class=\"wp-block-heading\">Entendiendo el aceite de calefacci\u00f3n<\/h2>\n\n\n\n<p>El combustible para calefacci\u00f3n es un tipo de l\u00edquido derivado del petr\u00f3leo que pasa por un proceso de destilaci\u00f3n. Sus propiedades son las mismas que las del di\u00e9sel salvo peque\u00f1as diferencias en su estructura qu\u00edmica. El uso principal del gas\u00f3leo para calefacci\u00f3n es en hornos, calderas y calentadores de agua.<\/p>\n\n\n\n<h3 class=\"wp-block-heading\">Beneficios de usar aceite de calefacci\u00f3n<\/h3>\n\n\n\n<p>Como la calefacci\u00f3n es necesaria para muchas actividades diarias, se puede decir que comprender los datos y las estrategias de la industria del combustible para calefacci\u00f3n ayudar\u00e1 a varios sectores. Pueden ser empresas que producen o distribuyen gas\u00f3leo para calefacci\u00f3n, o puede ser cualquier industria que utilice gas\u00f3leo para calefacci\u00f3n en sus procesos o maquinaria.<\/p>\n\n\n\n<h3 class=\"wp-block-heading\">A continuaci\u00f3n se detallan algunos de los principales usos del gas\u00f3leo para calefacci\u00f3n que tienen un gran impacto en diversos sectores econ\u00f3micos que lo utilizan:<\/h3>\n\n\n\n<p>Fiable y seguro. El gas\u00f3leo tiene un proceso de calentamiento m\u00e1s eficiente. No produce mon\u00f3xido de carbono y no presenta riesgo de explosi\u00f3n cuando se almacena.<\/p>\n\n\n\n<p>Los sistemas duran m\u00e1s. En industrias donde se utiliza combustible para calefacci\u00f3n para calentar el aire o incluso el sistema de agua, puede durar mucho tiempo. Siempre que el interior del tanque de aceite est\u00e9 libre de suciedad u otras impurezas, puede esperar que el sistema de calefacci\u00f3n funcione de manera eficiente.<\/p>\n\n\n\n<p>M\u00e1s c\u00e1lida y vers\u00e1til. Tambi\u00e9n hace m\u00e1s calor que el gas natural; por lo tanto, se calienta m\u00e1s r\u00e1pido y requiere menos cantidad de aceite usado con los mismos resultados.<\/p>\n\n\n\n<p>El gas\u00f3leo de calefacci\u00f3n est\u00e1 limpio. Durante las \u00faltimas d\u00e9cadas, el combustible para calefacci\u00f3n se ha desarrollado y ahora es m\u00e1s que 90% m\u00e1s limpio debido a mejores procesos de destilaci\u00f3n y purificaci\u00f3n. Tampoco produce holl\u00edn ni olor y a diferencia del gas natural, que produce emisiones de metano que contribuyen al calentamiento global.<\/p>\n\n\n\n<h2 class=\"wp-block-heading\">An\u00e1lisis del segmento de mercado de aceite de calefacci\u00f3n<\/h2>\n\n\n\n<figure class=\"gb-block-image gb-block-image-d92e4f13\"><img loading=\"lazy\" decoding=\"async\" width=\"1456\" height=\"816\" class=\"gb-image gb-image-d92e4f13\" src=\"https:\/\/www.sisinternational.com\/wp-content\/uploads\/2025\/08\/Palm-oiil-1.jpg\" alt=\"Investigaci\u00f3n y estrategia de mercado internacional de SIS\" title=\"Palm oiil (1)\" srcset=\"https:\/\/www.sisinternational.com\/wp-content\/uploads\/2025\/08\/Palm-oiil-1.jpg 1456w, https:\/\/www.sisinternational.com\/wp-content\/uploads\/2025\/08\/Palm-oiil-1-300x168.jpg 300w, https:\/\/www.sisinternational.com\/wp-content\/uploads\/2025\/08\/Palm-oiil-1-1024x574.jpg 1024w, https:\/\/www.sisinternational.com\/wp-content\/uploads\/2025\/08\/Palm-oiil-1-768x430.jpg 768w, https:\/\/www.sisinternational.com\/wp-content\/uploads\/2025\/08\/Palm-oiil-1-18x10.jpg 18w\" sizes=\"auto, (max-width: 1456px) 100vw, 1456px\"><\/figure>\n\n\n\n<h3 class=\"wp-block-heading\">El mercado global de aceite de calefacci\u00f3n est\u00e1 segmentado por tipo de producto y sus aplicaciones. Existen varios tipos de gas\u00f3leo para calefacci\u00f3n y sus usos:<\/h3>\n\n\n\n<p><strong>Gasoil \u2013<\/strong> Este es el tipo m\u00e1s pesado entre los dem\u00e1s tipos de combustible para calefacci\u00f3n y se utiliza principalmente en veh\u00edculos todoterreno, como los utilizados en la agricultura y el transporte ferroviario. Adem\u00e1s, este es el tipo de combustible para calefacci\u00f3n que se utiliza para alimentar generadores, determinadas m\u00e1quinas y calderas antiguas.<\/p>\n\n\n\n<p><strong>Combustible del horno \u2013<\/strong> Este es el tipo de petr\u00f3leo que se utiliza para alimentar calderas en edificios comunitarios, como escuelas y calderas comerciales, y calderas de vapor en centrales el\u00e9ctricas. Este tipo de combustible para calefacci\u00f3n suele ser oscuro y viscoso sin contenido de humedad.<\/p>\n\n\n\n<p><strong>Queroseno \u2013<\/strong> Com\u00fanmente conocido como combustible para calefacci\u00f3n dom\u00e9stica, el queroseno es m\u00e1s liviano que el gas\u00f3leo y un hidrocarburo l\u00edquido inflamable. Su composici\u00f3n qu\u00edmica est\u00e1 formada por una mezcla de parafinas, naftenos y arenos o hidrocarburos arom\u00e1ticos. Este es el tipo de gas\u00f3leo que se utiliza para los sistemas de calefacci\u00f3n central o dom\u00e9stica.<\/p>\n\n\n\n<p><strong>Queroseno Premium \u2013<\/strong> Este es otro tipo de combustible para calefacci\u00f3n dom\u00e9stico que es simplemente un queroseno est\u00e1ndar que tiene aditivos. Estos aditivos hacen que el queroseno premium sea una mejor opci\u00f3n que el est\u00e1ndar, ya que minimiza la acumulaci\u00f3n de dep\u00f3sitos, lo que disminuye la necesidad de mantenimiento y lo convierte en un combustible m\u00e1s ecol\u00f3gico y limpio.<\/p>\n\n\n\n<p><strong>Queroseno Kleenburn \u2013<\/strong> Heating <a href=\"https:\/\/www.sisinternational.com\/es\/soluciones\/investigacion-de-mercado-de-oleoductos-y-gasoductos\/\" title=\"Investigaci\u00f3n del mercado de oleoductos y gasoductos\"  data-wpil-monitor-id=\"2160\">oil market research<\/a> provides insights for years, which is why the development of better fuel options is possible. This is the same with the Kleenburn kerosene, as this is specifically designed to improve oil performance. This type reduces fuel consumption, thus resulting in low emissions and being environmentally safe.<\/p>\n\n\n\n<h2 class=\"wp-block-heading\">Impulsores y tendencias clave en la industria del combustible para calefacci\u00f3n<\/h2>\n\n\n\n<p>The fluctuation in heating oil prices has affected a lot of businesses in the heating oil sector, including other refinancing companies. Market <a href=\"https:\/\/www.sisinternational.com\/es\/pericia\/industrias\/investigacion-de-mercado-de-mapas-de-calor\/\" title=\"Investigaci\u00f3n de mercado de mapas de calor\"  data-wpil-monitor-id=\"3102\">investigaci\u00f3n<\/a> provides insights into these factors that can impact the growth process of the global heating oil market.<\/p>\n\n\n\n<h3 class=\"wp-block-heading\">Algunos de los factores que afectan los precios del combustible para calefacci\u00f3n son:<\/h3>\n\n\n\n<p>Clima. En invierno es cuando aumenta el uso de gas\u00f3leo para calefacci\u00f3n debido al descenso de temperatura. Adem\u00e1s, hay tormentas invernales que pueden afectar al suministro de gas\u00f3leo para calefacci\u00f3n. Desde una perspectiva m\u00e1s amplia, esto afectar\u00e1 a la oferta y la demanda, lo que afectar\u00e1 directamente a los precios del combustible para calefacci\u00f3n.<\/p>\n\n\n\n<p>Consumo. Se puede esperar que la poblaci\u00f3n mundial no haga m\u00e1s que crecer. Cuanta m\u00e1s gente haya, m\u00e1s r\u00e1pido se consumir\u00e1 el gas\u00f3leo en diversos procesos y sistemas de calefacci\u00f3n. Esto puede disminuir la oferta y aumentar la demanda.<\/p>\n\n\n\n<p>Petr\u00f3leo crudo. El precio del petr\u00f3leo crudo se basa en la oferta y la demanda global. Los acontecimientos pol\u00edticos e incluso los cambios clim\u00e1ticos, adem\u00e1s de la cantidad de petr\u00f3leo crudo que se produce, tambi\u00e9n afectar\u00e1n a la industria del combustible para calefacci\u00f3n.<\/p>\n\n\n\n<p>Costos de operacion. La distribuci\u00f3n y entrega de gas\u00f3leo para calefacci\u00f3n tambi\u00e9n est\u00e1n afectando a los precios del gas\u00f3leo para calefacci\u00f3n. El costo de producci\u00f3n, los negocios y la distancia de donde proviene y se entrega el combustible para calefacci\u00f3n juegan un papel importante en los precios del combustible para calefacci\u00f3n.<\/p>\n\n\n\n<h2 class=\"wp-block-heading\">\u00bfQu\u00e9 se puede obtener de la investigaci\u00f3n de mercado de combustible para calefacci\u00f3n?<\/h2>\n\n\n\n<figure class=\"gb-block-image gb-block-image-d00ceb8a\"><img loading=\"lazy\" decoding=\"async\" width=\"1456\" height=\"816\" class=\"gb-image gb-image-d00ceb8a\" src=\"https:\/\/www.sisinternational.com\/wp-content\/uploads\/2025\/08\/Palm-oiil-3.jpg\" alt=\"Investigaci\u00f3n y estrategia de mercado internacional de SIS\" title=\"Palm oiil (3)\" srcset=\"https:\/\/www.sisinternational.com\/wp-content\/uploads\/2025\/08\/Palm-oiil-3.jpg 1456w, https:\/\/www.sisinternational.com\/wp-content\/uploads\/2025\/08\/Palm-oiil-3-300x168.jpg 300w, https:\/\/www.sisinternational.com\/wp-content\/uploads\/2025\/08\/Palm-oiil-3-1024x574.jpg 1024w, https:\/\/www.sisinternational.com\/wp-content\/uploads\/2025\/08\/Palm-oiil-3-768x430.jpg 768w, https:\/\/www.sisinternational.com\/wp-content\/uploads\/2025\/08\/Palm-oiil-3-18x10.jpg 18w\" sizes=\"auto, (max-width: 1456px) 100vw, 1456px\"><\/figure>\n\n\n\n<p><\/p>\n\n\n\n<h3 class=\"wp-block-heading\">La investigaci\u00f3n de mercado proporciona informaci\u00f3n sobre la industria del combustible para calefacci\u00f3n en funci\u00f3n del objetivo de la investigaci\u00f3n. Se enumeran algunos de los datos e informaci\u00f3n de la investigaci\u00f3n de mercado de aceite de calefacci\u00f3n:<\/h3>\n\n\n\n<ul class=\"wp-block-list\">\n<li>Definici\u00f3n del mercado de gas\u00f3leo para calefacci\u00f3n<\/li>\n\n\n\n<li>An\u00e1lisis del segmento de mercado de combustible para calefacci\u00f3n<\/li>\n\n\n\n<li>Segmentaci\u00f3n geogr\u00e1fica y comparaci\u00f3n.<\/li>\n\n\n\n<li>Regiones o pa\u00edses l\u00edderes clave en la industria del combustible para calefacci\u00f3n<\/li>\n\n\n\n<li>Impulsores del mercado, as\u00ed como datos y estrategias en la industria del combustible para calefacci\u00f3n.<\/li>\n\n\n\n<li>Desaf\u00edos y oportunidades del mercado<\/li>\n\n\n\n<li>Condiciones y amenazas del mercado del combustible para calefacci\u00f3n<\/li>\n\n\n\n<li>Tendencias y previsiones del mercado de combustible para calefacci\u00f3n<\/li>\n\n\n\n<li>Panorama y an\u00e1lisis de proveedores<\/li>\n\n\n\n<li>Descubra estrategias que ayudar\u00e1n a establecer un crecimiento competitivo en la industria.<\/li>\n\n\n\n<li>Encuentre formas de colaborar con otras empresas y sectores para la expansi\u00f3n<\/li>\n<\/ul>\n\n\n\n<h2 class=\"wp-block-heading\">Acerca de la investigaci\u00f3n de mercado de combustible para calefacci\u00f3n<\/h2>\n\n\n\n<p>Heating <a href=\"https:\/\/www.sisinternational.com\/es\/pericia\/industrias\/investigacion-de-mercado-de-plataformas-petroleras\/\" title=\"Investigaci\u00f3n de mercado de plataformas petroleras\"  data-wpil-monitor-id=\"3076\">Oil Market Research<\/a> provides valuable information and insights to key players in the heating oil industry and other sectors that are using it. The need to gather credible and reliable data and strategies in the heating oil industry can help the heating oil sector grow as well as the businesses around it.<\/p>\n\n\n\n<p><\/p>","protected":false},"excerpt":{"rendered":"<p>Aceite de calefacci\u00f3n Market Research proporciona informaci\u00f3n y conocimientos valiosos a los actores clave de la industria del aceite de calefacci\u00f3n y otros sectores.<\/p>","protected":false},"author":1,"featured_media":64227,"parent":14514,"menu_order":174,"comment_status":"closed","ping_status":"closed","template":"","meta":{"footnotes":""},"class_list":["post-41480","page","type-page","status-publish","has-post-thumbnail"],"_links":{"self":[{"href":"https:\/\/www.sisinternational.com\/es\/wp-json\/wp\/v2\/pages\/41480","targetHints":{"allow":["GET"]}}],"collection":[{"href":"https:\/\/www.sisinternational.com\/es\/wp-json\/wp\/v2\/pages"}],"about":[{"href":"https:\/\/www.sisinternational.com\/es\/wp-json\/wp\/v2\/types\/page"}],"author":[{"embeddable":true,"href":"https:\/\/www.sisinternational.com\/es\/wp-json\/wp\/v2\/users\/1"}],"replies":[{"embeddable":true,"href":"https:\/\/www.sisinternational.com\/es\/wp-json\/wp\/v2\/comments?post=41480"}],"version-history":[{"count":6,"href":"https:\/\/www.sisinternational.com\/es\/wp-json\/wp\/v2\/pages\/41480\/revisions"}],"predecessor-version":[{"id":77399,"href":"https:\/\/www.sisinternational.com\/es\/wp-json\/wp\/v2\/pages\/41480\/revisions\/77399"}],"up":[{"embeddable":true,"href":"https:\/\/www.sisinternational.com\/es\/wp-json\/wp\/v2\/pages\/14514"}],"wp:featuredmedia":[{"embeddable":true,"href":"https:\/\/www.sisinternational.com\/es\/wp-json\/wp\/v2\/media\/64227"}],"wp:attachment":[{"href":"https:\/\/www.sisinternational.com\/es\/wp-json\/wp\/v2\/media?parent=41480"}],"curies":[{"name":"wp","href":"https:\/\/api.w.org\/{rel}","templated":true}]}}