{"id":41475,"date":"2023-02-12T03:00:19","date_gmt":"2023-02-12T03:00:19","guid":{"rendered":"https:\/\/www.sisinternational.com\/?page_id=41475"},"modified":"2026-01-25T19:27:48","modified_gmt":"2026-01-26T00:27:48","slug":"investigacion-de-mercado-de-perdida-auditiva","status":"publish","type":"page","link":"https:\/\/www.sisinternational.com\/es\/pericia\/investigacion-de-mercado-de-perdida-auditiva\/","title":{"rendered":"Investigaci\u00f3n de mercado de p\u00e9rdida auditiva\u00a0 \u00a0"},"content":{"rendered":"<h1 class=\"wp-block-heading\">Investigaci\u00f3n de mercado de p\u00e9rdida auditiva<\/h1>\n\n\n\n<figure class=\"gb-block-image gb-block-image-c073b84e\"><img loading=\"lazy\" decoding=\"async\" width=\"1456\" height=\"816\" class=\"gb-image gb-image-c073b84e\" src=\"https:\/\/www.sisinternational.com\/wp-content\/uploads\/2025\/08\/Hearing-loss-1.jpg\" alt=\"Investigaci\u00f3n y estrategia de mercado internacional de SIS\" title=\"Hearing loss (1)\" srcset=\"https:\/\/www.sisinternational.com\/wp-content\/uploads\/2025\/08\/Hearing-loss-1.jpg 1456w, https:\/\/www.sisinternational.com\/wp-content\/uploads\/2025\/08\/Hearing-loss-1-300x168.jpg 300w, https:\/\/www.sisinternational.com\/wp-content\/uploads\/2025\/08\/Hearing-loss-1-1024x574.jpg 1024w, https:\/\/www.sisinternational.com\/wp-content\/uploads\/2025\/08\/Hearing-loss-1-768x430.jpg 768w, https:\/\/www.sisinternational.com\/wp-content\/uploads\/2025\/08\/Hearing-loss-1-18x10.jpg 18w\" sizes=\"auto, (max-width: 1456px) 100vw, 1456px\"><\/figure>\n\n\n\n<p><\/p>\n\n\n\n<p>La p\u00e9rdida de audici\u00f3n es una disminuci\u00f3n de la percepci\u00f3n auditiva. Puede deberse a varias cosas, como da\u00f1o al o\u00eddo o al o\u00eddo interno, exposici\u00f3n a ruidos fuertes, medicamentos espec\u00edficos y envejecimiento. La p\u00e9rdida auditiva de leve a grave puede ser temporal o permanente. Los s\u00edntomas de p\u00e9rdida auditiva incluyen dificultad para comprender las palabras, dificultad para o\u00edr en situaciones ruidosas y zumbidos o zumbidos en los o\u00eddos. La p\u00e9rdida de audici\u00f3n se puede tratar de varias formas, incluida la cirug\u00eda, los implantes cocleares y los aud\u00edfonos.<\/p>\n\n\n\n<h2 class=\"wp-block-heading\">Beneficios de tener un negocio que ayude a las personas con p\u00e9rdida auditiva:<\/h2>\n\n\n\n<h3 class=\"wp-block-heading\">La investigaci\u00f3n de mercado en p\u00e9rdida auditiva presenta las siguientes ventajas:<\/h3>\n\n\n\n<h3 class=\"wp-block-heading\">Personalmente gratificante<\/h3>\n\n\n\n<p>Iniciar un negocio que brinde servicios a quienes tienen p\u00e9rdida auditiva puede ser personalmente gratificante porque permite al propietario del negocio tener una influencia positiva en los dem\u00e1s. Esto es ideal para emprendedores que buscan generar un impacto positivo en la comunidad.<\/p>\n\n\n\n<h3 class=\"wp-block-heading\">Mercado consistente<\/h3>\n\n\n\n<p>As the population ages and more people become affected by hearing loss, there is an increasing need for goods and services that can assist those with the condition. A number of entrepreneurs begin their ventures in the deaf community and then eventually <a href=\"https:\/\/www.sisinternational.com\/es\/ampliar-el-alcance-del-mercado-a-traves-de-una-estrategia-de-marketing-multifacetica\/\" title=\"Ampliar el alcance del mercado a trav\u00e9s de una estrategia de marketing multifac\u00e9tica\"  data-wpil-monitor-id=\"8159\">expand into larger markets<\/a>.<\/p>\n\n\n\n<h3 class=\"wp-block-heading\">Crecimiento esperado<\/h3>\n\n\n\n<figure class=\"gb-block-image gb-block-image-3dc19364\"><img loading=\"lazy\" decoding=\"async\" width=\"1456\" height=\"816\" class=\"gb-image gb-image-3dc19364\" src=\"https:\/\/www.sisinternational.com\/wp-content\/uploads\/2025\/08\/Hearing-loss-5.jpg\" alt=\"Investigaci\u00f3n y estrategia de mercado internacional de SIS\" title=\"Hearing loss (5)\" srcset=\"https:\/\/www.sisinternational.com\/wp-content\/uploads\/2025\/08\/Hearing-loss-5.jpg 1456w, https:\/\/www.sisinternational.com\/wp-content\/uploads\/2025\/08\/Hearing-loss-5-300x168.jpg 300w, https:\/\/www.sisinternational.com\/wp-content\/uploads\/2025\/08\/Hearing-loss-5-1024x574.jpg 1024w, https:\/\/www.sisinternational.com\/wp-content\/uploads\/2025\/08\/Hearing-loss-5-768x430.jpg 768w, https:\/\/www.sisinternational.com\/wp-content\/uploads\/2025\/08\/Hearing-loss-5-18x10.jpg 18w\" sizes=\"auto, (max-width: 1456px) 100vw, 1456px\"><\/figure>\n\n\n\n<p><\/p>\n\n\n\n<p>The hearing aid and <a href=\"https:\/\/www.sisinternational.com\/es\/pericia\/industrias\/investigacion-de-mercado-de-asistente-de-enfermeria-virtual\/\" title=\"Investigaci\u00f3n de mercado de asistente de enfermer\u00eda virtual\"  data-wpil-monitor-id=\"8160\">assistive technology market<\/a> is anticipated to increase; this projection provides financial opportunities for entrepreneurs in this field. Since the number of people with hearing loss is expected to increase over time, businesses that produce or sell assistive listening devices and offer audiology therapy can see an increase in demand. Additionally, companies that try to accommodate clients with hearing loss\u2014for example, by offering captioning or sign language interpretation\u2014might notice an increase in client loyalty and satisfaction.<\/p>\n\n\n\n<h3 class=\"wp-block-heading\">Creaci\u00f3n de empleo<\/h3>\n\n\n\n<p>Iniciar un negocio que ofrezca servicios a personas con problemas de audici\u00f3n puede generar empleos para otras personas, lo que ayudar\u00e1 a que la econom\u00eda crezca y mejore el nivel de vida de todos.<\/p>\n\n\n\n<h2 class=\"wp-block-heading\">Desaf\u00edos y oportunidades comerciales<\/h2>\n\n\n\n<p>It is helpful to perform <a href=\"https:\/\/www.sisinternational.com\/es\/pericia\/industrias\/investigacion-de-mercado-de-perdida-de-peso-de-alimentos-dieteticos\/\" title=\"Investigaci\u00f3n de mercado de alimentos diet\u00e9ticos y p\u00e9rdida de peso\"  data-wpil-monitor-id=\"5661\">market research regarding hearing loss<\/a> to help verify information from an entrepreneurial perspective. The following are some of the challenges and opportunities:<\/p>\n\n\n\n<h3 class=\"wp-block-heading\">Desaf\u00edos<\/h3>\n\n\n\n<figure class=\"gb-block-image gb-block-image-9b81eb65\"><img loading=\"lazy\" decoding=\"async\" width=\"1456\" height=\"816\" class=\"gb-image gb-image-9b81eb65\" src=\"https:\/\/www.sisinternational.com\/wp-content\/uploads\/2025\/08\/Hearing-loss-3.jpg\" alt=\"Investigaci\u00f3n y estrategia de mercado internacional de SIS\" title=\"Hearing loss (3)\" srcset=\"https:\/\/www.sisinternational.com\/wp-content\/uploads\/2025\/08\/Hearing-loss-3.jpg 1456w, https:\/\/www.sisinternational.com\/wp-content\/uploads\/2025\/08\/Hearing-loss-3-300x168.jpg 300w, https:\/\/www.sisinternational.com\/wp-content\/uploads\/2025\/08\/Hearing-loss-3-1024x574.jpg 1024w, https:\/\/www.sisinternational.com\/wp-content\/uploads\/2025\/08\/Hearing-loss-3-768x430.jpg 768w, https:\/\/www.sisinternational.com\/wp-content\/uploads\/2025\/08\/Hearing-loss-3-18x10.jpg 18w\" sizes=\"auto, (max-width: 1456px) 100vw, 1456px\"><\/figure>\n\n\n\n<p><\/p>\n\n\n\n<p>It may be challenging to stand out and draw clients when there are many other companies offering comparable goods and services. It might also be difficult to maintain prices low enough for customers to afford devices for people with hearing loss. Similarly,&nbsp; developing and producing new hearing aid technology can be costly, which may be a barrier for small businesses or start-ups. Access to resources including audiologists and other professionals may be restricted.<\/p>\n\n\n\n<p>Debido a la extensa regulaci\u00f3n de las industrias de aud\u00edfonos y dispositivos de asistencia auditiva, puede resultar complicado negociar procedimientos legales y obtener las certificaciones y licencias necesarias. Adem\u00e1s, puede resultar complicado promover eficazmente bienes y servicios entre las personas con p\u00e9rdida auditiva debido a una posible falta de conocimiento sobre las opciones a las que tienen acceso.<\/p>\n\n\n\n<h3 class=\"wp-block-heading\">Oportunidades<\/h3>\n\n\n\n<p>There are many opportunities that exist in the field of hearing loss. It&#8217;s a growing area with new <a href=\"https:\/\/www.sisinternational.com\/es\/soluciones\/educacion-tecnologia-soluciones-edtech\/\" title=\"Soluciones de tecnolog\u00eda educativa (EdTech)\"  data-wpil-monitor-id=\"8163\">technologies and solutions<\/a> emerging. The market for cutting-edge cochlear implants and hearing aids that offer better sound quality and connectivity to other devices is expanding. Technologies that can help people with hearing loss in specific situations, such as personal sound amplification items, are available on the <a href=\"https:\/\/www.sisinternational.com\/es\/pericia\/industrias\/investigacion-de-mercado-de-dispositivos-medicos\/\" title=\"Investigaci\u00f3n de mercado de dispositivos m\u00e9dicos\"  data-wpil-monitor-id=\"8161\">market as assistive listening devices<\/a>.<\/p>\n\n\n\n<p>Also, <a href=\"https:\/\/www.sisinternational.com\/es\/soluciones\/prueba-de-sabor\/servicios-de-degustacion-de-sabores-en-nueva-york\/\" title=\"Servicios de cata de sabores en Nueva York\"  data-wpil-monitor-id=\"8162\">services for testing<\/a> and evaluation of hearing are required in both clinical and non-clinical contexts. To diagnose, treat, and rehabilitate patients, audiologists and hearing healthcare specialists are needed. Hence, there is much potential for businesses to <a href=\"https:\/\/www.sisinternational.com\/es\/soluciones\/investigacion-de-consultoria-estrategica-fintech\/investigacion-de-mercado-de-tecnologia-de-inversion\/\" title=\"Investigaci\u00f3n de mercado de tecnolog\u00eda de inversi\u00f3n\"  data-wpil-monitor-id=\"8158\">invest in and market innovative technologies<\/a> and therapies in the field of hearing loss.<\/p>\n\n\n\n<h2 class=\"wp-block-heading\">Acerca de la investigaci\u00f3n de mercado sobre p\u00e9rdida auditiva<\/h2>\n\n\n\n<figure class=\"gb-block-image gb-block-image-747beacd\"><img loading=\"lazy\" decoding=\"async\" width=\"1456\" height=\"816\" class=\"gb-image gb-image-747beacd\" src=\"https:\/\/www.sisinternational.com\/wp-content\/uploads\/2025\/08\/Hearing-loss-4.jpg\" alt=\"Investigaci\u00f3n y estrategia de mercado internacional de SIS\" title=\"Hearing loss (4)\" srcset=\"https:\/\/www.sisinternational.com\/wp-content\/uploads\/2025\/08\/Hearing-loss-4.jpg 1456w, https:\/\/www.sisinternational.com\/wp-content\/uploads\/2025\/08\/Hearing-loss-4-300x168.jpg 300w, https:\/\/www.sisinternational.com\/wp-content\/uploads\/2025\/08\/Hearing-loss-4-1024x574.jpg 1024w, https:\/\/www.sisinternational.com\/wp-content\/uploads\/2025\/08\/Hearing-loss-4-768x430.jpg 768w, https:\/\/www.sisinternational.com\/wp-content\/uploads\/2025\/08\/Hearing-loss-4-18x10.jpg 18w\" sizes=\"auto, (max-width: 1456px) 100vw, 1456px\"><\/figure>\n\n\n\n<p><\/p>\n\n\n\n<p>Information from <a href=\"https:\/\/www.sisinternational.com\/es\/contacto-sis-investigacion-de-mercado-internacional\/\" title=\"Cont\u00e1ctenos\"  data-wpil-monitor-id=\"8156\">SIS International Research<\/a>, both quantitative and qualitative, is accurate and timely. The introduction of corporate expansion strategies will be significantly more effective with the help of hearing loss market research. Focus groups, surveys, in-depth interviews, and other research techniques can all be carried out by <a href=\"https:\/\/www.sisinternational.com\/es\/pascua-de-resurreccion-y-el-inevitable-conejito-de-chocolate\/\" title=\"Investigaci\u00f3n de mercado de Pascua\"  data-wpil-monitor-id=\"8157\">SIS<\/a>.<\/p>\n\n\n\n<p>SIS International ofrece investigaci\u00f3n cuantitativa, cualitativa y estrat\u00e9gica. Proporcionamos datos, herramientas, estrategias, informes y insights para la toma de decisiones. Realizamos entrevistas, encuestas, grupos focales y muchos otros m\u00e9todos y enfoques de investigaci\u00f3n de mercado. Cont\u00e1ctenos para su pr\u00f3ximo proyecto de Investigaci\u00f3n de Mercado.<\/p>","protected":false},"excerpt":{"rendered":"<p>Es \u00fatil realizar una Investigaci\u00f3n de Mercado de P\u00e9rdida Auditiva para ayudar a verificar la informaci\u00f3n desde una perspectiva empresarial.<\/p>","protected":false},"author":1,"featured_media":63689,"parent":14514,"menu_order":173,"comment_status":"closed","ping_status":"closed","template":"","meta":{"footnotes":""},"class_list":["post-41475","page","type-page","status-publish","has-post-thumbnail"],"_links":{"self":[{"href":"https:\/\/www.sisinternational.com\/es\/wp-json\/wp\/v2\/pages\/41475","targetHints":{"allow":["GET"]}}],"collection":[{"href":"https:\/\/www.sisinternational.com\/es\/wp-json\/wp\/v2\/pages"}],"about":[{"href":"https:\/\/www.sisinternational.com\/es\/wp-json\/wp\/v2\/types\/page"}],"author":[{"embeddable":true,"href":"https:\/\/www.sisinternational.com\/es\/wp-json\/wp\/v2\/users\/1"}],"replies":[{"embeddable":true,"href":"https:\/\/www.sisinternational.com\/es\/wp-json\/wp\/v2\/comments?post=41475"}],"version-history":[{"count":5,"href":"https:\/\/www.sisinternational.com\/es\/wp-json\/wp\/v2\/pages\/41475\/revisions"}],"predecessor-version":[{"id":81373,"href":"https:\/\/www.sisinternational.com\/es\/wp-json\/wp\/v2\/pages\/41475\/revisions\/81373"}],"up":[{"embeddable":true,"href":"https:\/\/www.sisinternational.com\/es\/wp-json\/wp\/v2\/pages\/14514"}],"wp:featuredmedia":[{"embeddable":true,"href":"https:\/\/www.sisinternational.com\/es\/wp-json\/wp\/v2\/media\/63689"}],"wp:attachment":[{"href":"https:\/\/www.sisinternational.com\/es\/wp-json\/wp\/v2\/media?parent=41475"}],"curies":[{"name":"wp","href":"https:\/\/api.w.org\/{rel}","templated":true}]}}