{"id":41471,"date":"2023-02-12T02:35:58","date_gmt":"2023-02-12T02:35:58","guid":{"rendered":"https:\/\/www.sisinternational.com\/?page_id=41471"},"modified":"2025-10-22T00:48:30","modified_gmt":"2025-10-22T04:48:30","slug":"investigacion-de-mercado-de-yeso","status":"publish","type":"page","link":"https:\/\/www.sisinternational.com\/es\/pericia\/investigacion-de-mercado-de-yeso\/","title":{"rendered":"Investigaci\u00f3n de mercado de yeso"},"content":{"rendered":"<h1 class=\"wp-block-heading\">Investigaci\u00f3n de mercado de yeso<\/h1>\n\n\n\n<figure class=\"gb-block-image gb-block-image-5b5d7f10\"><img loading=\"lazy\" decoding=\"async\" width=\"1456\" height=\"816\" class=\"gb-image gb-image-5b5d7f10\" src=\"https:\/\/www.sisinternational.com\/wp-content\/uploads\/2025\/10\/Gypsum-4.jpg\" alt=\"Investigaci\u00f3n y estrategia de mercado internacional de SIS\" title=\"Gypsum (4)\" srcset=\"https:\/\/www.sisinternational.com\/wp-content\/uploads\/2025\/10\/Gypsum-4.jpg 1456w, https:\/\/www.sisinternational.com\/wp-content\/uploads\/2025\/10\/Gypsum-4-300x168.jpg 300w, https:\/\/www.sisinternational.com\/wp-content\/uploads\/2025\/10\/Gypsum-4-1024x574.jpg 1024w, https:\/\/www.sisinternational.com\/wp-content\/uploads\/2025\/10\/Gypsum-4-768x430.jpg 768w, https:\/\/www.sisinternational.com\/wp-content\/uploads\/2025\/10\/Gypsum-4-18x10.jpg 18w\" sizes=\"auto, (max-width: 1456px) 100vw, 1456px\"><\/figure>\n\n\n\n<p><\/p>\n\n\n\n<h2 class=\"wp-block-heading\">Acerca de la investigaci\u00f3n de mercado del yeso<\/h2>\n\n\n\n<p>El yeso es un mineral muy din\u00e1mico con oportunidades de crecimiento en el mercado global. Genera miles de millones de d\u00f3lares en ingresos anuales y atrae el inter\u00e9s de muchos inversores. Los usos del yeso son amplios e incluyen las siguientes aplicaciones:<\/p>\n\n\n\n<ul class=\"wp-block-list\">\n<li>la industria de la construcci\u00f3n<\/li>\n\n\n\n<li>Odontolog\u00eda<\/li>\n\n\n\n<li>Agricultura<\/li>\n\n\n\n<li>Escultura y arte<\/li>\n\n\n\n<li>Dise\u00f1o y arquitectura<\/li>\n\n\n\n<li><a href=\"https:\/\/www.sisinternational.com\/es\/soluciones\/investigacion-de-mercado-de-la-industria-de-alimentos-y-bebidas\/\" title=\"Estudio de mercado de la industria alimentaria y de bebidas\"  data-wpil-monitor-id=\"8521\">Industria de alimentos y bebidas<\/a><\/li>\n<\/ul>\n\n\n\n<p>Gypsum is not only as a consumer product but also is a valuable natural resource. Therefore, its processing after <a href=\"https:\/\/www.sisinternational.com\/es\/pericia\/industrias\/investigacion-de-mercado-de-mineria-espacial\/\" title=\"Investigaci\u00f3n de mercado de miner\u00eda espacial\"  data-wpil-monitor-id=\"8526\">mining is a high-value market<\/a>. Gypsum&#8217;s broad impact on society makes it a commodity with both economic and social value.<\/p>\n\n\n\n<h2 class=\"wp-block-heading\">\u00bfQu\u00e9 es el mercado mundial del yeso?<\/h2>\n\n\n\n<h3 class=\"wp-block-heading\">Existe una distribuci\u00f3n m\u00e1s amplia de pa\u00edses productores de yeso en comparaci\u00f3n con otros minerales preciosos. Los principales pa\u00edses productores de yeso son:<\/h3>\n\n\n\n<ul class=\"wp-block-list\">\n<li>Porcelana<\/li>\n\n\n\n<li>EE.UU<\/li>\n\n\n\n<li>Ir\u00e1n<\/li>\n\n\n\n<li>Pavo<\/li>\n\n\n\n<li>Espa\u00f1a<\/li>\n\n\n\n<li>Tailandia<\/li>\n\n\n\n<li>Jap\u00f3n<\/li>\n\n\n\n<li>Federaci\u00f3n Rusa<\/li>\n\n\n\n<li>M\u00e9xico<\/li>\n\n\n\n<li>Italia<\/li>\n<\/ul>\n\n\n\n<p>Esta distribuci\u00f3n geogr\u00e1fica es ventajosa para explotar oportunidades comerciales, ya que elimina el cuasimonopolio y las pr\u00e1cticas desleales de los grandes distribuidores y compradores. El creciente tama\u00f1o del mercado y el continuo crecimiento del mercado del yeso lo convierten en un atractivo punto de inter\u00e9s.<\/p>\n\n\n\n<h2 class=\"wp-block-heading\">Por qu\u00e9 es importante la investigaci\u00f3n de mercado del yeso<\/h2>\n\n\n\n<figure class=\"gb-block-image gb-block-image-946bab75\"><img loading=\"lazy\" decoding=\"async\" width=\"1456\" height=\"816\" class=\"gb-image gb-image-946bab75\" src=\"https:\/\/www.sisinternational.com\/wp-content\/uploads\/2025\/10\/Gypsum-2.jpg\" alt=\"Investigaci\u00f3n y estrategia de mercado internacional de SIS\" title=\"Gypsum (2)\" srcset=\"https:\/\/www.sisinternational.com\/wp-content\/uploads\/2025\/10\/Gypsum-2.jpg 1456w, https:\/\/www.sisinternational.com\/wp-content\/uploads\/2025\/10\/Gypsum-2-300x168.jpg 300w, https:\/\/www.sisinternational.com\/wp-content\/uploads\/2025\/10\/Gypsum-2-1024x574.jpg 1024w, https:\/\/www.sisinternational.com\/wp-content\/uploads\/2025\/10\/Gypsum-2-768x430.jpg 768w, https:\/\/www.sisinternational.com\/wp-content\/uploads\/2025\/10\/Gypsum-2-18x10.jpg 18w\" sizes=\"auto, (max-width: 1456px) 100vw, 1456px\"><\/figure>\n\n\n\n<p><\/p>\n\n\n\n<p>El <a href=\"https:\/\/www.sisinternational.com\/es\/soluciones\/soluciones-de-investigacion-cualitativa-cuantitativa\/analisis-de-chaid-investigacion-de-mercado\/\" title=\"An\u00e1lisis CHAID Investigaci\u00f3n de Mercado\"  data-wpil-monitor-id=\"8523\">analysis of the gypsum market<\/a> is of great importance to contemporary societies. The social utility of gypsum adds value to the research. The by-products of gypsum are essential components in a wide range of applications. The main products of gypsum are:<\/p>\n\n\n\n<ul class=\"wp-block-list\">\n<li>paneles de yeso<\/li>\n\n\n\n<li>Yeso<\/li>\n\n\n\n<li>Bloques de construcci\u00f3n<\/li>\n\n\n\n<li>Placas de yeso<\/li>\n\n\n\n<li>tiritas dentales<\/li>\n\n\n\n<li>Fertilizante<\/li>\n<\/ul>\n\n\n\n<p>La diversidad de usos del yeso subraya su importancia. Es la base para la construcci\u00f3n de muchos materiales que se utilizan en muchas \u00e1reas. Estas \u00e1reas incluyen la construcci\u00f3n, la medicina y el medio ambiente.<\/p>\n\n\n\n<h2 class=\"wp-block-heading\">El papel del yeso en la construcci\u00f3n.<\/h2>\n\n\n\n<p>The whole building industry would be different without gypsum. Most types of houses use dry construction for their foundations. At the same time, gypsum is a key <a href=\"https:\/\/www.sisinternational.com\/es\/pericia\/industrias\/investigacion-de-mercado-avanzada-de-materiales-de-interior\/\" title=\"Investigaci\u00f3n de mercado de materiales interiores avanzados\"  data-wpil-monitor-id=\"8527\">material for structuring the interior<\/a> of houses. It is used for ceilings and partitions, as a sound-absorbing, heat-resistant and damp-proofing material. The use of gypsum in the construction of houses guarantees the provision of high-quality services in the housing sector.<\/p>\n\n\n\n<h2 class=\"wp-block-heading\">El papel del yeso en odontolog\u00eda.<\/h2>\n\n\n\n<p>La odontolog\u00eda se beneficia enormemente del uso del yeso. Muchos tipos de productos dentales lo utilizan tanto en forma mineral como sint\u00e9tica. Los ap\u00f3sitos y piedras dentales contienen yeso. Los prot\u00e9sicos dentales y odont\u00f3logos lo utilizan como material imprescindible en su trabajo. Adem\u00e1s, el yeso se utiliza para otras aplicaciones dentales, como pr\u00f3tesis dentales, fabricaci\u00f3n de moldes y modelado de la anatom\u00eda bucal del paciente.<\/p>\n\n\n\n<h2 class=\"wp-block-heading\">El papel del yeso en la agricultura.<\/h2>\n\n\n\n<figure class=\"gb-block-image gb-block-image-540da710\"><img loading=\"lazy\" decoding=\"async\" width=\"1456\" height=\"816\" class=\"gb-image gb-image-540da710\" src=\"https:\/\/www.sisinternational.com\/wp-content\/uploads\/2025\/10\/Gypsum-3.jpg\" alt=\"Investigaci\u00f3n y estrategia de mercado internacional de SIS\" title=\"Gypsum (3)\" srcset=\"https:\/\/www.sisinternational.com\/wp-content\/uploads\/2025\/10\/Gypsum-3.jpg 1456w, https:\/\/www.sisinternational.com\/wp-content\/uploads\/2025\/10\/Gypsum-3-300x168.jpg 300w, https:\/\/www.sisinternational.com\/wp-content\/uploads\/2025\/10\/Gypsum-3-1024x574.jpg 1024w, https:\/\/www.sisinternational.com\/wp-content\/uploads\/2025\/10\/Gypsum-3-768x430.jpg 768w, https:\/\/www.sisinternational.com\/wp-content\/uploads\/2025\/10\/Gypsum-3-18x10.jpg 18w\" sizes=\"auto, (max-width: 1456px) 100vw, 1456px\"><\/figure>\n\n\n\n<p><\/p>\n\n\n\n<p>Otra aplicaci\u00f3n \u00fatil del yeso es la agricultura. Act\u00faa como un ingrediente que facilita la absorci\u00f3n de agua por el suelo y mejora sus cualidades, dando como resultado la producci\u00f3n de mejores plantas, hortalizas y frutas. El yeso tambi\u00e9n previene la erosi\u00f3n del suelo, reduce la toxicidad del aluminio y es un fertilizante de alta calidad. Toda la industria alimentaria favorece el uso de yeso en las primeras etapas de la producci\u00f3n de alimentos, mientras los ciudadanos se benefician del consumo de alimentos nutritivos y saludables.<\/p>\n\n\n\n<h2 class=\"wp-block-heading\">T\u00edtulos de trabajo clave<\/h2>\n\n\n\n<h3 class=\"wp-block-heading\">Hay varios trabajos clave asociados con la industria del yeso:<\/h3>\n\n\n\n<ul class=\"wp-block-list\">\n<li>ingenieros de minas<\/li>\n\n\n\n<li>Operadores de minas<\/li>\n\n\n\n<li>Gerentes de producto<\/li>\n\n\n\n<li>Gestores de transporte<\/li>\n\n\n\n<li>Responsables de automatizaci\u00f3n y control<\/li>\n\n\n\n<li>Analistas de producto<\/li>\n\n\n\n<li>Coordinadores de la cadena de suministro.<\/li>\n<\/ul>\n\n\n\n<p>Todo el proceso de extracci\u00f3n, procesamiento y comercializaci\u00f3n de yeso es especializado, lo que garantiza una alta demanda y la provisi\u00f3n de empleos bien remunerados.<\/p>\n\n\n\n<p>Gypsum is a versatile product that benefits many key industries. Generating billions of dollars in annual revenue, it attracts the interest of investors and funds worldwide. The high value of gypsum is largely due to its high utility and demand. It is <a href=\"https:\/\/www.sisinternational.com\/es\/soluciones\/investigacion-de-consultoria-estrategica-fintech\/investigacion-de-mercado-de-comercio-algoritmico\/\" title=\"Investigaci\u00f3n de mercado de comercio algor\u00edtmico\"  data-wpil-monitor-id=\"8525\">traded on the stock market<\/a> and is seen by the business community as a viable and profitable asset. It is highly sustainable, non-toxic and therefore not harmful to humans. Gypsum&#8217;s main disadvantage is its short shelf life. This means that it must be made available quickly to the professionals who need to use it. Another minor drawback to consider is the environmental impact of drywall production, although it&#8217;s rather limited compared to the industrial process of other minerals. The overall picture of the gypsum <a href=\"https:\/\/www.sisinternational.com\/es\/soluciones\/soluciones-de-branding-e-investigacion-de-clientes\/investigacion-de-mercado-posicionamiento-de-marca\/\" title=\"Investigaci\u00f3n de Mercado de Posicionamiento de Marca\"  data-wpil-monitor-id=\"8528\">market is positive<\/a> showing optimistic growth potential.<\/p>\n\n\n\n<h2 class=\"wp-block-heading\">Acerca de la investigaci\u00f3n de mercado del yeso<\/h2>\n\n\n\n<figure class=\"gb-block-image gb-block-image-7499262e\"><img loading=\"lazy\" decoding=\"async\" width=\"1456\" height=\"816\" class=\"gb-image gb-image-7499262e\" src=\"https:\/\/www.sisinternational.com\/wp-content\/uploads\/2025\/10\/Gypsum-1.jpg\" alt=\"Investigaci\u00f3n y estrategia de mercado internacional de SIS\" title=\"Gypsum (1)\" srcset=\"https:\/\/www.sisinternational.com\/wp-content\/uploads\/2025\/10\/Gypsum-1.jpg 1456w, https:\/\/www.sisinternational.com\/wp-content\/uploads\/2025\/10\/Gypsum-1-300x168.jpg 300w, https:\/\/www.sisinternational.com\/wp-content\/uploads\/2025\/10\/Gypsum-1-1024x574.jpg 1024w, https:\/\/www.sisinternational.com\/wp-content\/uploads\/2025\/10\/Gypsum-1-768x430.jpg 768w, https:\/\/www.sisinternational.com\/wp-content\/uploads\/2025\/10\/Gypsum-1-18x10.jpg 18w\" sizes=\"auto, (max-width: 1456px) 100vw, 1456px\"><\/figure>\n\n\n\n<p><\/p>\n\n\n\n<p>SIS International offers Quantitative, Qualitative, and Strategy Research. We provide data, tools, strategies, reports, and insights for decision-making. We conduct interviews, surveys, focus groups, and many other <a href=\"https:\/\/www.sisinternational.com\/es\/quantitative-market-research-methods-and-techniques\/\" title=\"Quantitative Market Research Methods and Techniques\"  data-wpil-monitor-id=\"8517\">Market Research methods<\/a> and approaches. Contact us for your <a href=\"https:\/\/www.sisinternational.com\/es\/pericia\/industrias\/investigacion-de-mercado-de-tecnologias-de-proxima-generacion\/\" title=\"Investigaci\u00f3n de mercado de tecnolog\u00edas de pr\u00f3xima generaci\u00f3n\"  data-wpil-monitor-id=\"8519\">next Market Research<\/a> proyecto.<\/p>\n\n\n\n<p><\/p>","protected":false},"excerpt":{"rendered":"<p>El yeso es un producto vers\u00e1til que ayuda a muchas industrias clave. Genera miles de millones de d\u00f3lares en ingresos anuales, lo que atrae a inversores de todo el mundo.<\/p>","protected":false},"author":1,"featured_media":72089,"parent":14514,"menu_order":172,"comment_status":"closed","ping_status":"closed","template":"","meta":{"footnotes":""},"class_list":["post-41471","page","type-page","status-publish","has-post-thumbnail"],"_links":{"self":[{"href":"https:\/\/www.sisinternational.com\/es\/wp-json\/wp\/v2\/pages\/41471","targetHints":{"allow":["GET"]}}],"collection":[{"href":"https:\/\/www.sisinternational.com\/es\/wp-json\/wp\/v2\/pages"}],"about":[{"href":"https:\/\/www.sisinternational.com\/es\/wp-json\/wp\/v2\/types\/page"}],"author":[{"embeddable":true,"href":"https:\/\/www.sisinternational.com\/es\/wp-json\/wp\/v2\/users\/1"}],"replies":[{"embeddable":true,"href":"https:\/\/www.sisinternational.com\/es\/wp-json\/wp\/v2\/comments?post=41471"}],"version-history":[{"count":4,"href":"https:\/\/www.sisinternational.com\/es\/wp-json\/wp\/v2\/pages\/41471\/revisions"}],"predecessor-version":[{"id":81429,"href":"https:\/\/www.sisinternational.com\/es\/wp-json\/wp\/v2\/pages\/41471\/revisions\/81429"}],"up":[{"embeddable":true,"href":"https:\/\/www.sisinternational.com\/es\/wp-json\/wp\/v2\/pages\/14514"}],"wp:featuredmedia":[{"embeddable":true,"href":"https:\/\/www.sisinternational.com\/es\/wp-json\/wp\/v2\/media\/72089"}],"wp:attachment":[{"href":"https:\/\/www.sisinternational.com\/es\/wp-json\/wp\/v2\/media?parent=41471"}],"curies":[{"name":"wp","href":"https:\/\/api.w.org\/{rel}","templated":true}]}}