{"id":41468,"date":"2023-02-12T02:18:51","date_gmt":"2023-02-12T02:18:51","guid":{"rendered":"https:\/\/www.sisinternational.com\/?page_id=41468"},"modified":"2026-01-24T21:23:36","modified_gmt":"2026-01-25T02:23:36","slug":"estudio-de-mercado-del-transporte-de-combustible","status":"publish","type":"page","link":"https:\/\/www.sisinternational.com\/es\/pericia\/estudio-de-mercado-del-transporte-de-combustible\/","title":{"rendered":"Investigaci\u00f3n de mercado de transporte de combustible"},"content":{"rendered":"<h1 class=\"wp-block-heading\">Investigaci\u00f3n de mercado de transporte de combustible<\/h1>\n\n\n\n<figure class=\"gb-block-image gb-block-image-26992046\"><img loading=\"lazy\" decoding=\"async\" width=\"1456\" height=\"816\" class=\"gb-image gb-image-26992046\" src=\"https:\/\/www.sisinternational.com\/wp-content\/uploads\/2025\/08\/Aiirline-jetfuel-airplane-4.jpg\" alt=\"Investigaci\u00f3n y estrategia de mercado internacional de SIS\" title=\"Aiirline jetfuel airplane (4)\" srcset=\"https:\/\/www.sisinternational.com\/wp-content\/uploads\/2025\/08\/Aiirline-jetfuel-airplane-4.jpg 1456w, https:\/\/www.sisinternational.com\/wp-content\/uploads\/2025\/08\/Aiirline-jetfuel-airplane-4-300x168.jpg 300w, https:\/\/www.sisinternational.com\/wp-content\/uploads\/2025\/08\/Aiirline-jetfuel-airplane-4-1024x574.jpg 1024w, https:\/\/www.sisinternational.com\/wp-content\/uploads\/2025\/08\/Aiirline-jetfuel-airplane-4-768x430.jpg 768w, https:\/\/www.sisinternational.com\/wp-content\/uploads\/2025\/08\/Aiirline-jetfuel-airplane-4-18x10.jpg 18w\" sizes=\"auto, (max-width: 1456px) 100vw, 1456px\"><\/figure>\n\n\n\n<p><\/p>\n\n\n\n<p>La investigaci\u00f3n de mercado de transporte de combustible tiene como objetivo recopilar datos sobre las tendencias actuales del mercado y los factores que afectan a esta industria en constante crecimiento. Los combustibles para el transporte son necesarios en muchas industrias, ya que son fuentes de energ\u00eda para impulsar diversos veh\u00edculos.<\/p>\n\n\n\n<p>Transporte de combustible Market Research proporciona informaci\u00f3n que ayudar\u00e1 a los l\u00edderes e inversores de la industria, actores comerciales clave y otros participantes de la industria a tomar decisiones importantes. El valor de los datos y las estrategias en la industria del transporte de combustible es esencial debido al papel de la industria en el comercio global.<\/p>\n\n\n\n<h2 class=\"wp-block-heading\">Comprender el combustible para el transporte<\/h2>\n\n\n\n<p>El sector del transporte est\u00e1 compuesto por veh\u00edculos propulsados por motores de combusti\u00f3n interna. Este tipo de veh\u00edculos incluyen aquellos que se utilizan para transportar y mover personas y productos ya sea por tierra, mar o aire. El combustible para el transporte es la fuente de energ\u00eda que se utiliza para impulsar estos tipos de veh\u00edculos.<\/p>\n\n\n\n<h3 class=\"wp-block-heading\">Los combustibles para el transporte son el subproducto de fuentes de energ\u00eda extra\u00eddas, como el petr\u00f3leo o el petr\u00f3leo crudo, que pasan por un proceso de refinaci\u00f3n para poder convertirlos en productos utilizables. Estos combustibles se clasifican en los siguientes tipos:<\/h3>\n\n\n\n<p>Gasolina: este es el combustible que se compone principalmente de compuestos org\u00e1nicos como los hidrocarburos del petr\u00f3leo. Es un l\u00edquido transparente e inflamable que se utiliza principalmente para motores de combusti\u00f3n interna que se encienden por chispas. Ejemplos de esos veh\u00edculos incluyen turismos, motocicletas, veh\u00edculos utilitarios deportivos y camionetas ligeras.<\/p>\n\n\n\n<p>Combustible di\u00e9sel: elaborado a partir de biomasa y petr\u00f3leo crudo, este es el tipo de combustible utilizado en los motores di\u00e9sel. Los motores di\u00e9sel son aquellos motores de combusti\u00f3n interna que pueden encenderse incluso sin chispa, a diferencia de los motores de gasolina, y utilizan calor comprimido en un cilindro para encenderlo. El combustible di\u00e9sel se utiliza en diversos veh\u00edculos, camiones pesados, maquinaria y generadores de energ\u00eda.<\/p>\n\n\n\n<p>Combustible para aviones o combustible para turbinas de aviaci\u00f3n (ATF): como sugiere el nombre, este es el tipo de combustible que se utiliza para los aviones propulsados por turbinas de gas. Estos tipos de combustible se componen de m\u00e1s de dos mil productos qu\u00edmicos mezclados y pueden clasificarse adem\u00e1s como combustible para aviones, utilizado para helic\u00f3pteros y aviones a reacci\u00f3n, y gasolina de aviaci\u00f3n, que puede ser una forma m\u00e1s refinada de gasolina y tambi\u00e9n se utiliza para algunos aviones.<\/p>\n\n\n\n<h2 class=\"wp-block-heading\">\u00bfQu\u00e9 es la investigaci\u00f3n de mercado de Transporte de combustible?<\/h2>\n\n\n\n<figure class=\"gb-block-image gb-block-image-65288676\"><img loading=\"lazy\" decoding=\"async\" width=\"1456\" height=\"816\" class=\"gb-image gb-image-65288676\" src=\"https:\/\/www.sisinternational.com\/wp-content\/uploads\/2025\/08\/Aiirline-jetfuel-airplane-8.jpg\" alt=\"Investigaci\u00f3n y estrategia de mercado internacional de SIS\" title=\"Aiirline jetfuel airplane (8)\" srcset=\"https:\/\/www.sisinternational.com\/wp-content\/uploads\/2025\/08\/Aiirline-jetfuel-airplane-8.jpg 1456w, https:\/\/www.sisinternational.com\/wp-content\/uploads\/2025\/08\/Aiirline-jetfuel-airplane-8-300x168.jpg 300w, https:\/\/www.sisinternational.com\/wp-content\/uploads\/2025\/08\/Aiirline-jetfuel-airplane-8-1024x574.jpg 1024w, https:\/\/www.sisinternational.com\/wp-content\/uploads\/2025\/08\/Aiirline-jetfuel-airplane-8-768x430.jpg 768w, https:\/\/www.sisinternational.com\/wp-content\/uploads\/2025\/08\/Aiirline-jetfuel-airplane-8-18x10.jpg 18w\" sizes=\"auto, (max-width: 1456px) 100vw, 1456px\"><\/figure>\n\n\n\n<p><\/p>\n\n\n\n<p>The need for transportation fuels globally is increasing due to the demands of the growing population and industrialization. As the fuel transport market is expected to grow significantly in the coming years, Fuel <a href=\"https:\/\/www.sisinternational.com\/es\/transporte-en-ambulancia\/\" title=\"Investigaci\u00f3n de mercado de transporte de ambulancias\"  data-wpil-monitor-id=\"2079\">Transport Market Research<\/a> provides insights such as:<\/p>\n\n\n\n<ul class=\"wp-block-list\">\n<li>Tama\u00f1o del mercado y tasa de crecimiento de los distintos sectores del mercado de combustibles para el transporte.<\/li>\n\n\n\n<li>Tama\u00f1o del mercado y tasa de crecimiento en pa\u00edses selectivos<\/li>\n\n\n\n<li>Discovering the <a href=\"https:\/\/www.sisinternational.com\/es\/soluciones\/soluciones-de-investigacion-cualitativa-cuantitativa\/investigacion-de-mercado-de-factores-humanos\/\" title=\"Investigaci\u00f3n de mercado de factores humanos\"  data-wpil-monitor-id=\"10210\">factors that will either drive market<\/a> growth or restrain it<\/li>\n\n\n\n<li>Finding out the key <a href=\"https:\/\/www.sisinternational.com\/es\/soluciones\/consultoria-estrategica\/investigacion-de-oportunidades-de-mercado\/\" title=\"Investigaci\u00f3n de oportunidades de mercado\"  data-wpil-monitor-id=\"10200\">opportunities in the transportation fuel market<\/a><\/li>\n\n\n\n<li>Data and <a href=\"https:\/\/www.sisinternational.com\/es\/como-hacer-crecer-tu-negocio\/\" title=\"C\u00f3mo hacer crecer su negocio\"  data-wpil-monitor-id=\"10191\">strategies<\/a> in the fuel transport industry can provide key business insights<\/li>\n\n\n\n<li>Understand the major developments in the industry to forecast <a href=\"https:\/\/www.sisinternational.com\/es\/future-trends-in-qualitative-market-research\/\" title=\"Future Trends in Qualitative Market Research\"  data-wpil-monitor-id=\"10193\">future trends and market<\/a> movement<\/li>\n\n\n\n<li>Recopile informaci\u00f3n sobre posibles nuevos productos y las actualizaciones m\u00e1s recientes, adem\u00e1s de acceder a sectores no descubiertos.<\/li>\n<\/ul>\n\n\n\n<h2 class=\"wp-block-heading\">Industrias que se beneficiar\u00e1n de la investigaci\u00f3n de mercado del transporte de combustible<\/h2>\n\n\n\n<h3 class=\"wp-block-heading\">El uso de combustible para el transporte en todo el mundo muestra cu\u00e1n relevante es el mercado para diversas empresas e industrias. Estos incluyen, entre otros, los siguientes:<\/h3>\n\n\n\n<p>Agricultura y alimentaci\u00f3n: esta industria necesita combustible para permitir a sus agricultores cultivar mediante el uso de m\u00e1quinas que luego se distribuir\u00e1n mediante transporte en varias partes del mundo.<\/p>\n\n\n\n<p>Atenci\u00f3n m\u00e9dica: la industria de la salud depende de los servicios de transporte para sus suministros, medicamentos y equipos diarios, e incluso para cumplir con sus servicios.<\/p>\n\n\n\n<p>Construcci\u00f3n: la industria de la construcci\u00f3n utiliza una gran cantidad de materiales pesados que requieren transporte de un lugar a otro. Estos suministros incluyen madera, cemento, metales y m\u00e1s. Estos materiales se necesitan en el sitio para lograr cualquier estructura que se est\u00e9 reparando o construyendo.<\/p>\n\n\n\n<p>Industria del transporte de mercanc\u00edas y servicios de mensajer\u00eda: en los \u00faltimos a\u00f1os, esta industria ha desempe\u00f1ado un papel importante en el transporte de mercanc\u00edas y diversos productos, no s\u00f3lo para empresas sino tambi\u00e9n para uso personal. El uso de camiones de carga y veh\u00edculos de reparto es necesario para trasladar estos productos de una zona a otra.<\/p>\n\n\n\n<p>Supermercados: las tiendas de comestibles y los supermercados dependen de la entrega de productos y del reabastecimiento de productos frescos para sus consumidores. El transporte es necesario para tener un suministro continuo.<\/p>\n\n\n\n<h2 class=\"wp-block-heading\">Beneficios de la investigaci\u00f3n de mercado de transporte de combustible<\/h2>\n\n\n\n<figure class=\"gb-block-image gb-block-image-65ba5d5d\"><img loading=\"lazy\" decoding=\"async\" width=\"1456\" height=\"816\" class=\"gb-image gb-image-65ba5d5d\" src=\"https:\/\/www.sisinternational.com\/wp-content\/uploads\/2025\/08\/Aiirline-jetfuel-airplane-9.jpg\" alt=\"Investigaci\u00f3n y estrategia de mercado internacional de SIS\" title=\"Aiirline jetfuel airplane (9)\" srcset=\"https:\/\/www.sisinternational.com\/wp-content\/uploads\/2025\/08\/Aiirline-jetfuel-airplane-9.jpg 1456w, https:\/\/www.sisinternational.com\/wp-content\/uploads\/2025\/08\/Aiirline-jetfuel-airplane-9-300x168.jpg 300w, https:\/\/www.sisinternational.com\/wp-content\/uploads\/2025\/08\/Aiirline-jetfuel-airplane-9-1024x574.jpg 1024w, https:\/\/www.sisinternational.com\/wp-content\/uploads\/2025\/08\/Aiirline-jetfuel-airplane-9-768x430.jpg 768w, https:\/\/www.sisinternational.com\/wp-content\/uploads\/2025\/08\/Aiirline-jetfuel-airplane-9-18x10.jpg 18w\" sizes=\"auto, (max-width: 1456px) 100vw, 1456px\"><\/figure>\n\n\n\n<p><\/p>\n\n\n\n<p>Adem\u00e1s, la investigaci\u00f3n de mercado de transporte de combustible proporciona informaci\u00f3n que beneficiar\u00e1 enormemente a quienes son actores clave en la industria del transporte o planean ser parte de ella. Los datos y estrategias en la industria del transporte de combustible pueden ser beneficiosos para lograr los siguientes objetivos:<\/p>\n\n\n\n<ul class=\"wp-block-list\">\n<li>To come up with credible <a href=\"https:\/\/www.sisinternational.com\/es\/cobertura\/investigacion-de-mercado-africa\/investigacion-de-mercado-en-namibia\/\" title=\"Investigaci\u00f3n de mercado en Namibia\"  data-wpil-monitor-id=\"3404\">research data that will impact marketing<\/a> forecasts of business and other relevant sectors.<\/li>\n\n\n\n<li>Clasificar las metas y objetivos de la investigaci\u00f3n. Esto es para garantizar que la informaci\u00f3n recopilada se proporcione con exactitud para el prop\u00f3sito para el que se necesita.<\/li>\n\n\n\n<li>Assessing the data to provide helpful information on the impact of the <a href=\"https:\/\/www.sisinternational.com\/es\/pericia\/industrias\/investigacion-de-mercado-de-combustible-para-aviones\/\" title=\"Investigaci\u00f3n de mercado de combustible para aviones\"  data-wpil-monitor-id=\"10212\">fuel transport market<\/a> on the environment.<\/li>\n\n\n\n<li>To come up with <a href=\"https:\/\/www.sisinternational.com\/es\/soluciones\/consultoria-estrategica\/planificacion-de-escenarios\/\" title=\"Consultor\u00eda de estrategia de planificaci\u00f3n de escenarios\"  data-wpil-monitor-id=\"10204\">strategies and plans<\/a> to utilize the use of fuel transport for profitability.<\/li>\n\n\n\n<li>Come up with a market share analysis that can be used by business and industry leaders when creating <a href=\"https:\/\/www.sisinternational.com\/es\/soluciones\/consultoria-estrategica\/investigacion-de-mercado-de-prevision-de-la-demanda\/\" title=\"Demand Forecasting Market Consulting\"  data-wpil-monitor-id=\"10197\">marketing<\/a> plans and forecasting marketing revenue.<\/li>\n<\/ul>\n\n\n\n<h2 class=\"wp-block-heading\">\u00bfQui\u00e9n se beneficiar\u00e1 de la investigaci\u00f3n de mercado de Transporte de combustible?<\/h2>\n\n\n\n<p>A medida que la industria del transporte de combustible crece, se puede ver tambi\u00e9n el aumento de sus usos y la influencia en otros negocios. La siguiente lista mostrar\u00e1 qui\u00e9n se beneficiar\u00e1 mejor de la investigaci\u00f3n de mercado de transporte de combustible:<\/p>\n\n\n\n<ul class=\"wp-block-list\">\n<li>Inversores de la industria del transporte de combustible<\/li>\n\n\n\n<li>Profesionales de la investigaci\u00f3n de mercado del transporte de combustible<\/li>\n\n\n\n<li>Empresas existentes y emergentes que dependen del transporte<\/li>\n\n\n\n<li>Fabricantes de combustible para el transporte<\/li>\n\n\n\n<li>Empresas productoras de petr\u00f3leo y gas.<\/li>\n\n\n\n<li>Institutos de investigaci\u00f3n econ\u00f3mica y ambiental<\/li>\n\n\n\n<li><a href=\"https:\/\/www.sisinternational.com\/es\/pericia\/industrias\/investigacion-del-mercado-energetico\/\" title=\"Investigaci\u00f3n del mercado energ\u00e9tico\"  data-wpil-monitor-id=\"10207\">Market drivers in both Energy<\/a> and Transportation sectors<\/li>\n<\/ul>\n\n\n\n<h2 class=\"wp-block-heading\">Acerca de la investigaci\u00f3n de mercado del transporte de combustible<\/h2>\n\n\n\n<figure class=\"gb-block-image gb-block-image-fec97b15\"><img loading=\"lazy\" decoding=\"async\" width=\"1456\" height=\"816\" class=\"gb-image gb-image-fec97b15\" src=\"https:\/\/www.sisinternational.com\/wp-content\/uploads\/2025\/08\/Aiirline-jetfuel-airplane-8.jpg\" alt=\"Investigaci\u00f3n y estrategia de mercado internacional de SIS\" title=\"Aiirline jetfuel airplane (8)\" srcset=\"https:\/\/www.sisinternational.com\/wp-content\/uploads\/2025\/08\/Aiirline-jetfuel-airplane-8.jpg 1456w, https:\/\/www.sisinternational.com\/wp-content\/uploads\/2025\/08\/Aiirline-jetfuel-airplane-8-300x168.jpg 300w, https:\/\/www.sisinternational.com\/wp-content\/uploads\/2025\/08\/Aiirline-jetfuel-airplane-8-1024x574.jpg 1024w, https:\/\/www.sisinternational.com\/wp-content\/uploads\/2025\/08\/Aiirline-jetfuel-airplane-8-768x430.jpg 768w, https:\/\/www.sisinternational.com\/wp-content\/uploads\/2025\/08\/Aiirline-jetfuel-airplane-8-18x10.jpg 18w\" sizes=\"auto, (max-width: 1456px) 100vw, 1456px\"><\/figure>\n\n\n\n<p><\/p>\n\n\n\n<p>Al utilizar m\u00e9todos probados en el tiempo en la investigaci\u00f3n de mercado de Transporte de combustible para recopilar la informaci\u00f3n y los datos necesarios, proporcionar\u00e1 a los ejecutivos de negocios y otros inversores de la industria informaci\u00f3n detallada para tomar decisiones bien informadas. Los datos y las estrategias en la industria del transporte de combustible tambi\u00e9n les permitir\u00e1n encontrar formas y oportunidades para idear planes que sean rentables para la econom\u00eda y ambientalmente sostenibles.<\/p>","protected":false},"excerpt":{"rendered":"<p>Los combustibles para el transporte son fuentes de energ\u00eda necesarias para impulsar diferentes veh\u00edculos. La investigaci\u00f3n de mercado de transporte de combustible proporciona informaci\u00f3n valiosa a las industrias.<\/p>","protected":false},"author":1,"featured_media":63147,"parent":14514,"menu_order":171,"comment_status":"closed","ping_status":"closed","template":"","meta":{"footnotes":""},"class_list":["post-41468","page","type-page","status-publish","has-post-thumbnail"],"_links":{"self":[{"href":"https:\/\/www.sisinternational.com\/es\/wp-json\/wp\/v2\/pages\/41468","targetHints":{"allow":["GET"]}}],"collection":[{"href":"https:\/\/www.sisinternational.com\/es\/wp-json\/wp\/v2\/pages"}],"about":[{"href":"https:\/\/www.sisinternational.com\/es\/wp-json\/wp\/v2\/types\/page"}],"author":[{"embeddable":true,"href":"https:\/\/www.sisinternational.com\/es\/wp-json\/wp\/v2\/users\/1"}],"replies":[{"embeddable":true,"href":"https:\/\/www.sisinternational.com\/es\/wp-json\/wp\/v2\/comments?post=41468"}],"version-history":[{"count":7,"href":"https:\/\/www.sisinternational.com\/es\/wp-json\/wp\/v2\/pages\/41468\/revisions"}],"predecessor-version":[{"id":81686,"href":"https:\/\/www.sisinternational.com\/es\/wp-json\/wp\/v2\/pages\/41468\/revisions\/81686"}],"up":[{"embeddable":true,"href":"https:\/\/www.sisinternational.com\/es\/wp-json\/wp\/v2\/pages\/14514"}],"wp:featuredmedia":[{"embeddable":true,"href":"https:\/\/www.sisinternational.com\/es\/wp-json\/wp\/v2\/media\/63147"}],"wp:attachment":[{"href":"https:\/\/www.sisinternational.com\/es\/wp-json\/wp\/v2\/media?parent=41468"}],"curies":[{"name":"wp","href":"https:\/\/api.w.org\/{rel}","templated":true}]}}