{"id":41443,"date":"2023-02-11T23:42:51","date_gmt":"2023-02-11T23:42:51","guid":{"rendered":"https:\/\/www.sisinternational.com\/?page_id=41443"},"modified":"2026-01-24T17:54:21","modified_gmt":"2026-01-24T22:54:21","slug":"investigacion-de-mercado-de-personas-digitales","status":"publish","type":"page","link":"https:\/\/www.sisinternational.com\/es\/pericia\/investigacion-de-mercado-de-personas-digitales\/","title":{"rendered":"Investigaci\u00f3n de mercado de personas digitales"},"content":{"rendered":"<h1 class=\"wp-block-heading\">Investigaci\u00f3n de mercado de personas digitales<\/h1>\n\n\n\n<figure class=\"gb-block-image gb-block-image-1598a2f9\"><img loading=\"lazy\" decoding=\"async\" width=\"1456\" height=\"816\" class=\"gb-image gb-image-1598a2f9\" src=\"https:\/\/www.sisinternational.com\/wp-content\/uploads\/2025\/10\/Fingerprint-4.jpg\" alt=\"Investigaci\u00f3n y estrategia de mercado internacional de SIS\" title=\"Fingerprint (4)\" srcset=\"https:\/\/www.sisinternational.com\/wp-content\/uploads\/2025\/10\/Fingerprint-4.jpg 1456w, https:\/\/www.sisinternational.com\/wp-content\/uploads\/2025\/10\/Fingerprint-4-300x168.jpg 300w, https:\/\/www.sisinternational.com\/wp-content\/uploads\/2025\/10\/Fingerprint-4-1024x574.jpg 1024w, https:\/\/www.sisinternational.com\/wp-content\/uploads\/2025\/10\/Fingerprint-4-768x430.jpg 768w, https:\/\/www.sisinternational.com\/wp-content\/uploads\/2025\/10\/Fingerprint-4-18x10.jpg 18w\" sizes=\"auto, (max-width: 1456px) 100vw, 1456px\"><\/figure>\n\n\n\n<p><\/p>\n\n\n\n<h2 class=\"wp-block-heading\">\u00bfQu\u00e9 es una persona digital?<\/h2>\n\n\n\n<p>Una Persona Digital es la versi\u00f3n digital de los datos personales de una persona. A veces el usuario lo crea. Otras veces, la empresa lo recoge sin que el usuario lo sepa. Las personas pueden crear una Persona Digital con una cuenta de Google Voice. Para hacer las cosas m\u00e1s seguras, esa cuenta desviar\u00e1 las llamadas a su n\u00famero privado. De hecho, cada persona que utiliza Internet dispone de una Persona Digital realizada por terceros. Los terceros lo obtienen de sus publicaciones en las redes sociales y de su historial de navegaci\u00f3n web.<\/p>\n\n\n\n<p>You can portray your product, brand, or firm with a Digital Persona, used as though it were a person. It further reflects your outlook and style. Doing Surveys and Interviews and forming Focus Groups are some of the steps you\u2019ll need to take. These <a href=\"https:\/\/www.sisinternational.com\/es\/pericia\/industrias\/investigacion-de-mercado-de-aprendizaje-profundo-2\/\" title=\"Investigaci\u00f3n de mercado de aprendizaje profundo\"  data-wpil-monitor-id=\"10324\">Market Research tools help you learn<\/a> about your current audience. Another merit of Digital Personas is that they show you how your users view your online presence. By the same token, these insights help ensure that your Digital Personas match your users. They should also reflect your company.<\/p>\n\n\n\n<h2 class=\"wp-block-heading\">\u00bfPor qu\u00e9 son importantes las personas digitales?<\/h2>\n\n\n\n<p>Crear personas te permite aprovechar al m\u00e1ximo tus campa\u00f1as de marketing digital. Por tanto, este paso conduce a un aumento de las ventas. \u00bfC\u00f3mo te ayudan las Personas Digitales a lograr este objetivo?<\/p>\n\n\n\n<ol class=\"wp-block-list\">\n<li>Las personas digitales le ayudan a generar el tr\u00e1fico adecuado a su sitio web<\/li>\n\n\n\n<li>Le ayudan a limitar su enfoque de marketing.<\/li>\n\n\n\n<li>Tambi\u00e9n te ayudan a ser consistente en tu marketing digital<\/li>\n<\/ol>\n\n\n\n<p>Digital <a href=\"https:\/\/www.sisinternational.com\/es\/pericia\/industrias\/investigacion-de-persona-extrema\/\" title=\"Investigaci\u00f3n de personas extremas\"  data-wpil-monitor-id=\"3358\">Personas are crucial for UX Market Research<\/a>. They help content strategists, marketers, as well as product <a href=\"https:\/\/www.sisinternational.com\/es\/soluciones\/desarrollo-de-nuevos-segmentos-de-clientes\/\" title=\"Desarrollo de nuevos segmentos de clientes\"  data-wpil-monitor-id=\"10329\">development teams to know their customers<\/a>. In that way, it makes it easier to segment them. Teams can create products and content tailored to the mindset of their audience. Setting up personas is the key. It all leads to encounters that put the customer first.<\/p>\n\n\n\n<h2 class=\"wp-block-heading\">Por qu\u00e9 las empresas necesitan una investigaci\u00f3n de mercado de personas digitales<\/h2>\n\n\n\n<figure class=\"gb-block-image gb-block-image-bb5d6d1b\"><img loading=\"lazy\" decoding=\"async\" width=\"1456\" height=\"816\" class=\"gb-image gb-image-bb5d6d1b\" src=\"https:\/\/www.sisinternational.com\/wp-content\/uploads\/2025\/10\/Fingerprint-2.jpg\" alt=\"Investigaci\u00f3n y estrategia de mercado internacional de SIS\" title=\"Fingerprint (2)\" srcset=\"https:\/\/www.sisinternational.com\/wp-content\/uploads\/2025\/10\/Fingerprint-2.jpg 1456w, https:\/\/www.sisinternational.com\/wp-content\/uploads\/2025\/10\/Fingerprint-2-300x168.jpg 300w, https:\/\/www.sisinternational.com\/wp-content\/uploads\/2025\/10\/Fingerprint-2-1024x574.jpg 1024w, https:\/\/www.sisinternational.com\/wp-content\/uploads\/2025\/10\/Fingerprint-2-768x430.jpg 768w, https:\/\/www.sisinternational.com\/wp-content\/uploads\/2025\/10\/Fingerprint-2-18x10.jpg 18w\" sizes=\"auto, (max-width: 1456px) 100vw, 1456px\"><\/figure>\n\n\n\n<p><\/p>\n\n\n\n<p><\/p>\n\n\n\n<h3 class=\"wp-block-heading\">Los beneficios de utilizar Personas Digitales para la Investigaci\u00f3n de Mercado incluyen los siguientes:<\/h3>\n\n\n\n<ul class=\"wp-block-list\">\n<li>Orientaci\u00f3n mejorada: las personas te ayudan a concentrarte y ajustar tu contenido. Le permiten llegar a personas que tienen m\u00e1s probabilidades de mostrar inter\u00e9s en \u00e9l.<\/li>\n\n\n\n<li>Formato: las publicaciones, videos y art\u00edculos de redes sociales son formatos populares de creaci\u00f3n de contenido. Tambi\u00e9n son algunos de los m\u00e1s consumidos. Las Personas Digitales te brindan los datos junto con la perspectiva que necesitas. Al menos le permiten tomar decisiones imparciales sobre c\u00f3mo elaborar los mensajes de su marca.<\/li>\n\n\n\n<li>Insights: Personas give insights into the topics that interest your consumers. It shows you the subjects they like and the discussions they\u2019re having. The first step is to distribute tailored content. The best places are where your audience is already active. Then you can leverage their online behaviors. Furthermore, this tactic will have the best <a href=\"https:\/\/www.sisinternational.com\/es\/how-to-conduct-effective-quantitative-market-research\/\" title=\"How to Conduct Effective Quantitative Market Research\"  data-wpil-monitor-id=\"10330\">effect on your content marketing<\/a>.<\/li>\n<\/ul>\n\n\n\n<h2 class=\"wp-block-heading\">Factores clave de \u00e9xito en la investigaci\u00f3n de mercado de personas digitales<\/h2>\n\n\n\n<figure class=\"gb-block-image gb-block-image-da0f05b2\"><img loading=\"lazy\" decoding=\"async\" width=\"1456\" height=\"816\" class=\"gb-image gb-image-da0f05b2\" src=\"https:\/\/www.sisinternational.com\/wp-content\/uploads\/2025\/10\/Fingerprint-3.jpg\" alt=\"Investigaci\u00f3n y estrategia de mercado internacional de SIS\" title=\"Fingerprint (3)\" srcset=\"https:\/\/www.sisinternational.com\/wp-content\/uploads\/2025\/10\/Fingerprint-3.jpg 1456w, https:\/\/www.sisinternational.com\/wp-content\/uploads\/2025\/10\/Fingerprint-3-300x168.jpg 300w, https:\/\/www.sisinternational.com\/wp-content\/uploads\/2025\/10\/Fingerprint-3-1024x574.jpg 1024w, https:\/\/www.sisinternational.com\/wp-content\/uploads\/2025\/10\/Fingerprint-3-768x430.jpg 768w, https:\/\/www.sisinternational.com\/wp-content\/uploads\/2025\/10\/Fingerprint-3-18x10.jpg 18w\" sizes=\"auto, (max-width: 1456px) 100vw, 1456px\"><\/figure>\n\n\n\n<p><\/p>\n\n\n\n<h3 class=\"wp-block-heading\">Crear una Persona Digital es una ciencia exigente. Requiere una combinaci\u00f3n de investigaci\u00f3n cuantitativa y cualitativa. Aqu\u00ed hay algunos factores clave de \u00e9xito:<\/h3>\n\n\n\n<ul class=\"wp-block-list\">\n<li><a href=\"https:\/\/www.sisinternational.com\/es\/cobertura\/europa\/investigacion-de-mercado-liverpool-reino-unido\/\" title=\"Investigaci\u00f3n de mercado en Liverpool | Grupos focales y recopilaci\u00f3n de datos del Reino Unido\"  data-wpil-monitor-id=\"10325\">Focus on relentless data collection<\/a>. Your Digital Persona will only be as effective as the customer data you enter.<\/li>\n\n\n\n<li>Say no to the herd mindset. What may work for some <a href=\"https:\/\/www.sisinternational.com\/es\/mercado-de-publicidad-digital\/\" title=\"Marketing y publicidad en la era digital\"  data-wpil-monitor-id=\"1807\">brands<\/a> may not work for others when you create Digital Personas.<\/li>\n\n\n\n<li>Profundice en el conocimiento de los puntos d\u00e9biles de los consumidores. El objetivo final de cada Persona Digital es arrojar luz sobre los problemas y puntos d\u00e9biles m\u00e1s urgentes del usuario.<\/li>\n\n\n\n<li>Remember to <a href=\"https:\/\/www.sisinternational.com\/es\/soluciones\/innovacion\/economia-del-comportamiento-en-la-investigacion-de-mercados\/\" title=\"Econom\u00eda del comportamiento en la investigaci\u00f3n de mercados\"  data-wpil-monitor-id=\"10328\">research user behavior<\/a>. <a href=\"https:\/\/www.sisinternational.com\/es\/pericia\/industrias\/experiencia-del-cliente-digital-cx-investigacion-de-mercado\/\" title=\"Investigaci\u00f3n de mercado de experiencia del cliente digital (CX)\"  data-wpil-monitor-id=\"10326\">Digital Personas help marketers understand their customer\u2019s<\/a> goals. It also tells them how they end up at the brand\u2019s doorstep. All this data becomes vital when trying to build a lifelike Digital Persona.<\/li>\n\n\n\n<li>Resista la tentaci\u00f3n de utilizar personajes clich\u00e9. En su lugar, base su personalidad en datos de usuario reveladores. Puede recopilar esta informaci\u00f3n de entrevistas en persona y encuestas de salida.<\/li>\n<\/ul>\n\n\n\n<h2 class=\"wp-block-heading\">Acerca de la investigaci\u00f3n de mercado de personas digitales<\/h2>\n\n\n\n<p>If you measure them in dollars and cents, customers do not have equal value. So, consider gauging each Digital Persona\u2019s <a href=\"https:\/\/www.sisinternational.com\/es\/soluciones\/investigacion-de-mercado-del-valor-de-vida-del-cliente\/\" title=\"Estudio de mercado sobre el valor del ciclo de vida del cliente\"  data-wpil-monitor-id=\"10327\">lifetime economic value<\/a>. Also, creating Digital Personas is not a set-and-forget task. Moreover, audience behavior changes over time. Thus, personas should be dynamic \u2013 and you\u2019ll even need to retire them.<\/p>\n\n\n\n<p><a href=\"https:\/\/www.sisinternational.com\/es\/contacto-sis-investigacion-de-mercado-internacional\/\" title=\"Cont\u00e1ctenos\"  data-wpil-monitor-id=\"10323\">SIS International Research<\/a> can help you explore the world of Digital Personas. We\u2019ll show you how to make it the backbone of your UX Market Research. Contact us today!<\/p>","protected":false},"excerpt":{"rendered":"<p>Una Persona Digital es la versi\u00f3n digital de los datos personales de una persona. Puede retratar su producto, marca o empresa con una Persona Digital.<\/p>","protected":false},"author":1,"featured_media":71827,"parent":14514,"menu_order":167,"comment_status":"closed","ping_status":"closed","template":"","meta":{"footnotes":""},"class_list":["post-41443","page","type-page","status-publish","has-post-thumbnail"],"_links":{"self":[{"href":"https:\/\/www.sisinternational.com\/es\/wp-json\/wp\/v2\/pages\/41443","targetHints":{"allow":["GET"]}}],"collection":[{"href":"https:\/\/www.sisinternational.com\/es\/wp-json\/wp\/v2\/pages"}],"about":[{"href":"https:\/\/www.sisinternational.com\/es\/wp-json\/wp\/v2\/types\/page"}],"author":[{"embeddable":true,"href":"https:\/\/www.sisinternational.com\/es\/wp-json\/wp\/v2\/users\/1"}],"replies":[{"embeddable":true,"href":"https:\/\/www.sisinternational.com\/es\/wp-json\/wp\/v2\/comments?post=41443"}],"version-history":[{"count":6,"href":"https:\/\/www.sisinternational.com\/es\/wp-json\/wp\/v2\/pages\/41443\/revisions"}],"predecessor-version":[{"id":81704,"href":"https:\/\/www.sisinternational.com\/es\/wp-json\/wp\/v2\/pages\/41443\/revisions\/81704"}],"up":[{"embeddable":true,"href":"https:\/\/www.sisinternational.com\/es\/wp-json\/wp\/v2\/pages\/14514"}],"wp:featuredmedia":[{"embeddable":true,"href":"https:\/\/www.sisinternational.com\/es\/wp-json\/wp\/v2\/media\/71827"}],"wp:attachment":[{"href":"https:\/\/www.sisinternational.com\/es\/wp-json\/wp\/v2\/media?parent=41443"}],"curies":[{"name":"wp","href":"https:\/\/api.w.org\/{rel}","templated":true}]}}