{"id":41440,"date":"2023-02-11T23:32:55","date_gmt":"2023-02-11T23:32:55","guid":{"rendered":"https:\/\/www.sisinternational.com\/?page_id=41440"},"modified":"2026-01-24T21:25:11","modified_gmt":"2026-01-25T02:25:11","slug":"investigacion-de-mercado-de-recopilacion-de-datos","status":"publish","type":"page","link":"https:\/\/www.sisinternational.com\/es\/pericia\/investigacion-de-mercado-de-recopilacion-de-datos\/","title":{"rendered":"Investigaci\u00f3n de mercado de recopilaci\u00f3n de datos"},"content":{"rendered":"<h1 class=\"wp-block-heading p1\"><span class=\"s1\">Investigaci\u00f3n de mercado de recopilaci\u00f3n de datos<\/span><\/h1>\n\n\n\n<figure class=\"gb-block-image gb-block-image-a3e8d8dd\"><img loading=\"lazy\" decoding=\"async\" width=\"1456\" height=\"816\" class=\"gb-image gb-image-a3e8d8dd\" src=\"https:\/\/www.sisinternational.com\/wp-content\/uploads\/2025\/08\/Data-40.jpg\" alt=\"Investigaci\u00f3n y estrategia de mercado internacional de SIS\" title=\"Data (40)\" srcset=\"https:\/\/www.sisinternational.com\/wp-content\/uploads\/2025\/08\/Data-40.jpg 1456w, https:\/\/www.sisinternational.com\/wp-content\/uploads\/2025\/08\/Data-40-300x168.jpg 300w, https:\/\/www.sisinternational.com\/wp-content\/uploads\/2025\/08\/Data-40-1024x574.jpg 1024w, https:\/\/www.sisinternational.com\/wp-content\/uploads\/2025\/08\/Data-40-768x430.jpg 768w, https:\/\/www.sisinternational.com\/wp-content\/uploads\/2025\/08\/Data-40-18x10.jpg 18w\" sizes=\"auto, (max-width: 1456px) 100vw, 1456px\"><\/figure>\n\n\n\n<p><\/p>\n\n\n\n<h2 class=\"wp-block-heading p3\">\u00bfQu\u00e9 es la recopilaci\u00f3n de datos?<\/h2>\n\n\n\n<p class=\"p4\">La recopilaci\u00f3n de datos es la tarea de acumular una reserva de datos y cifras correctos sobre su negocio. Esta informaci\u00f3n proviene de diversas fuentes para encontrar respuestas a problemas y tendencias de investigaci\u00f3n. Tambi\u00e9n analiza eventos probables para probar posibles resultados.<\/p>\n\n\n\n<p class=\"p4\">Los datos son informaci\u00f3n en forma digital, al menos tal como se define en TI. La informaci\u00f3n es conocimiento y, de la misma manera, el conocimiento es poder. Por tanto, los datos son poder. Sobre todo, nuestra sociedad depende de los datos. En vista de esto, necesitamos la recopilaci\u00f3n de datos para tomar decisiones informadas. Tambi\u00e9n garantiza la integridad de la investigaci\u00f3n.<\/p>\n\n\n\n<p class=\"p4\">Given these points, companies must structure the Data Collection in such a way that they can test hypotheses. They must also be able to answer stated research questions and assess outcomes. Of course, accurate Data Collection is vital. The field of study doesn\u2019t matter. Nor does it matter whether you prefer Quantitative or Qualitative Market Research. Proper <a href=\"https:\/\/www.sisinternational.com\/es\/soluciones\/investigacion-de-mercado-de-ia-y-consultoria-estrategica\/ciencia-de-datos-ai-investigacion-de-mercado\/\" title=\"Investigaci\u00f3n de mercado de IA de ciencia de datos\"  data-wpil-monitor-id=\"2411\">Recopilaci\u00f3n de datos<\/a> will help you maintain the integrity of your research.<\/p>\n\n\n\n<h2 class=\"wp-block-heading p3\">\u00bfPor qu\u00e9 es importante la recopilaci\u00f3n de datos?<\/h2>\n\n\n\n<p class=\"p4\">La recopilaci\u00f3n de datos puede ayudarle a comprender las necesidades de los consumidores para que pueda mejorar los servicios. Puede usarlo para hacer crecer y mantener su base de clientes y perfeccionar su plan de juego. Incluso puedes venderlos como datos de terceros a otras empresas para obtener ganancias. As\u00ed es como la recopilaci\u00f3n de datos puede resultar \u00fatil para su empresa:<\/p>\n\n\n\n<ul class=\"wp-block-list\">\n<li><span class=\"s3\">Encontrar nuevos clientes<\/span><\/li>\n\n\n\n<li><span class=\"s3\">Modificar su t\u00e9cnica para dirigirse a nuevos clientes<\/span><\/li>\n\n\n\n<li><span class=\"s3\">Comprender el comportamiento del consumidor<\/span><\/li>\n\n\n\n<li><span class=\"s3\">Incrementar la retenci\u00f3n de clientes<\/span><\/li>\n\n\n\n<li><span class=\"s3\">Encontrar soluciones a los problemas<\/span><\/li>\n\n\n\n<li><span class=\"s3\">Reducir errores<\/span><\/li>\n\n\n\n<li><span class=\"s3\">Mejorar la toma de decisiones<\/span><\/li>\n\n\n\n<li><span class=\"s3\">Obtener las respuestas correctas a las preguntas de investigaci\u00f3n<\/span><\/li>\n\n\n\n<li><span class=\"s3\">Predecir las tendencias del mercado<\/span><\/li>\n\n\n\n<li><span class=\"s3\">Impulsar los esfuerzos de marketing<\/span><\/li>\n\n\n\n<li><span class=\"s3\">Mejorar los procesos de negocio<\/span><\/li>\n\n\n\n<li><span class=\"s3\">Mejorando la vida de las personas<\/span><\/li>\n\n\n\n<li><span class=\"s3\">Proving and repeating <a href=\"https:\/\/www.sisinternational.com\/es\/cobertura\/investigacion-de-mercado-africa\/investigacion-de-mercado-en-namibia\/\" title=\"Investigaci\u00f3n de mercado en Namibia\"  data-wpil-monitor-id=\"3417\">Investigaci\u00f3n de dimensionamiento del mercado<\/a> studies<\/span><\/li>\n\n\n\n<li><span class=\"s3\">Ser estrat\u00e9gico en su enfoque<\/span><\/li>\n\n\n\n<li><span class=\"s3\">Accediendo a recursos<\/span><\/li>\n\n\n\n<li><span class=\"s3\">Seguimiento de todo\u00a0<\/span><\/li>\n\n\n\n<li><span class=\"s3\">Aprovechando al m\u00e1ximo tu dinero<\/span><\/li>\n<\/ul>\n\n\n\n<h2 class=\"wp-block-heading p3\">T\u00edtulos de trabajo clave<\/h2>\n\n\n\n<figure class=\"gb-block-image gb-block-image-04a1e4bc\"><img loading=\"lazy\" decoding=\"async\" width=\"1456\" height=\"816\" class=\"gb-image gb-image-04a1e4bc\" src=\"https:\/\/www.sisinternational.com\/wp-content\/uploads\/2025\/08\/Data-9.jpg\" alt=\"Investigaci\u00f3n y estrategia de mercado internacional de SIS\" title=\"Data (9)\" srcset=\"https:\/\/www.sisinternational.com\/wp-content\/uploads\/2025\/08\/Data-9.jpg 1456w, https:\/\/www.sisinternational.com\/wp-content\/uploads\/2025\/08\/Data-9-300x168.jpg 300w, https:\/\/www.sisinternational.com\/wp-content\/uploads\/2025\/08\/Data-9-1024x574.jpg 1024w, https:\/\/www.sisinternational.com\/wp-content\/uploads\/2025\/08\/Data-9-768x430.jpg 768w, https:\/\/www.sisinternational.com\/wp-content\/uploads\/2025\/08\/Data-9-18x10.jpg 18w\" sizes=\"auto, (max-width: 1456px) 100vw, 1456px\"><\/figure>\n\n\n\n<p><\/p>\n\n\n\n<h3 class=\"wp-block-heading p4\">La recopilaci\u00f3n de datos pertenece al campo de la ciencia de datos. Los t\u00edtulos de trabajo clave incluyen:<\/h3>\n\n\n\n<ul class=\"wp-block-list\">\n<li>Analista de datos<\/li>\n\n\n\n<li>cient\u00edfico de datos<\/li>\n\n\n\n<li>Arquitecto de datos<\/li>\n\n\n\n<li>Ingeniero de datos<\/li>\n\n\n\n<li>Narrador de datos<\/li>\n\n\n\n<li>Ingeniero de aprendizaje autom\u00e1tico<\/li>\n\n\n\n<li>Cient\u00edfico de aprendizaje autom\u00e1tico<\/li>\n\n\n\n<li>Administrador de base de datos<\/li>\n<\/ul>\n\n\n\n<h2 class=\"wp-block-heading p3\">Por qu\u00e9 las empresas necesitan la recopilaci\u00f3n de datos<\/h2>\n\n\n\n<p class=\"p4\">Las empresas realizan grandes cantidades de investigaci\u00f3n de mercado cuantitativa todos los d\u00edas. Tambi\u00e9n se dedican a la Investigaci\u00f3n de Mercado Cualitativa. Luego almacenan y analizan estos datos sobre su base de consumidores. La recopilaci\u00f3n de datos les permite crear anuncios dirigidos. Estos anuncios son cruciales para vender sus productos y servicios. Hay varias otras formas en que las empresas utilizan los datos de los consumidores que recopilan. Tambi\u00e9n pueden aprovechar los conocimientos que obtienen de esos datos:<\/p>\n\n\n\n<p>1. Para investigaci\u00f3n de mercado de UX. Los datos de los consumidores ofrecen una manera de comprender mejor las necesidades de los clientes e impulsar el compromiso.<\/p>\n\n\n\n<p>2. Refinar la estrategia de marketing. Los datos ayudan a las empresas a comprender a sus consumidores. Les permite ver c\u00f3mo los consumidores interact\u00faan y responden a sus campa\u00f1as publicitarias. De esa manera, pueden ajustar estas campa\u00f1as a su medida.<\/p>\n\n\n\n<p>3. Para proteger m\u00e1s datos: algunas empresas utilizan los datos que ya tienen para recopilar informaci\u00f3n a\u00fan m\u00e1s confidencial. Por ejemplo, los bancos a veces utilizan datos de identificaci\u00f3n por voz para permitir a los usuarios acceder a su informaci\u00f3n. La identificaci\u00f3n por voz tambi\u00e9n puede protegerlos del fraude.<\/p>\n\n\n\n<h2 class=\"wp-block-heading p3\">Factores claves del \u00e9xito<\/h2>\n\n\n\n<figure class=\"gb-block-image gb-block-image-1759d287\"><img loading=\"lazy\" decoding=\"async\" width=\"1456\" height=\"816\" class=\"gb-image gb-image-1759d287\" src=\"https:\/\/www.sisinternational.com\/wp-content\/uploads\/2025\/08\/Data-39.jpg\" alt=\"Investigaci\u00f3n y estrategia de mercado internacional de SIS\" title=\"Data (39)\" srcset=\"https:\/\/www.sisinternational.com\/wp-content\/uploads\/2025\/08\/Data-39.jpg 1456w, https:\/\/www.sisinternational.com\/wp-content\/uploads\/2025\/08\/Data-39-300x168.jpg 300w, https:\/\/www.sisinternational.com\/wp-content\/uploads\/2025\/08\/Data-39-1024x574.jpg 1024w, https:\/\/www.sisinternational.com\/wp-content\/uploads\/2025\/08\/Data-39-768x430.jpg 768w, https:\/\/www.sisinternational.com\/wp-content\/uploads\/2025\/08\/Data-39-18x10.jpg 18w\" sizes=\"auto, (max-width: 1456px) 100vw, 1456px\"><\/figure>\n\n\n\n<p><\/p>\n\n\n\n<p class=\"p4\">In effect, choosing proper data sources is a key success factor in Data Collection. So is finding the correct analytical model. The other success factor is receiving good results. The company must then learn to use these success factors to ensure a positive end-user experience. In the same fashion, you must know how to apply the results of your Data Collection project. It\u2019s helpful in boosting your workflow. Even the most advanced and expensive system would be useless without this knowledge. <a href=\"https:\/\/www.sisinternational.com\/es\/pericia\/industrias\/investigacion-de-mercado-de-datos-de-formacion\/\" title=\"Investigaci\u00f3n de mercado de datos de formaci\u00f3n\"  data-wpil-monitor-id=\"3427\">Recopilaci\u00f3n de datos<\/a> should also increase brand awareness or market impact. And, of course, it should secure the bottom line. It should also ensure a lasting positive customer experience. Consumers must be able to engage with the product or service your business delivers.<\/p>\n\n\n\n<h2 class=\"wp-block-heading p3\">Acerca de la investigaci\u00f3n de mercado de recopilaci\u00f3n de datos<\/h2>\n\n\n\n<p class=\"p4\">La mejor recopilaci\u00f3n de datos se basa en varias herramientas y canales en lugar de centrarse s\u00f3lo en uno o dos. No es buena idea centrarse \u00fanicamente en canales digitales como encuestas online y redes sociales, por ejemplo. Si lo hace, sus respuestas pueden inclinarse hacia los m\u00e1s j\u00f3venes. Los grupos focales y las entrevistas en persona ayudan a dirigirse a una gama m\u00e1s amplia de grupos de edad. Son un reflejo m\u00e1s preciso de su mercado y sus puntos de vista.<\/p>\n\n\n\n<p class=\"p6\">En SIS International Research, podemos ayudarle a perfeccionar su recopilaci\u00f3n de datos. Somos el punto de partida para una investigaci\u00f3n de mercado eficaz e informada. Cont\u00e1ctenos para obtener m\u00e1s informaci\u00f3n sobre c\u00f3mo podemos ayudarlo a hacer lo mismo.<\/p>","protected":false},"excerpt":{"rendered":"<p>La recopilaci\u00f3n de datos crea una reserva de hechos y cifras correctos. SIS puede ayudar a perfeccionar su empresa con la investigaci\u00f3n de mercado de recopilaci\u00f3n de datos.<\/p>","protected":false},"author":1,"featured_media":64378,"parent":14514,"menu_order":166,"comment_status":"closed","ping_status":"closed","template":"","meta":{"footnotes":""},"class_list":["post-41440","page","type-page","status-publish","has-post-thumbnail"],"_links":{"self":[{"href":"https:\/\/www.sisinternational.com\/es\/wp-json\/wp\/v2\/pages\/41440","targetHints":{"allow":["GET"]}}],"collection":[{"href":"https:\/\/www.sisinternational.com\/es\/wp-json\/wp\/v2\/pages"}],"about":[{"href":"https:\/\/www.sisinternational.com\/es\/wp-json\/wp\/v2\/types\/page"}],"author":[{"embeddable":true,"href":"https:\/\/www.sisinternational.com\/es\/wp-json\/wp\/v2\/users\/1"}],"replies":[{"embeddable":true,"href":"https:\/\/www.sisinternational.com\/es\/wp-json\/wp\/v2\/comments?post=41440"}],"version-history":[{"count":8,"href":"https:\/\/www.sisinternational.com\/es\/wp-json\/wp\/v2\/pages\/41440\/revisions"}],"predecessor-version":[{"id":77653,"href":"https:\/\/www.sisinternational.com\/es\/wp-json\/wp\/v2\/pages\/41440\/revisions\/77653"}],"up":[{"embeddable":true,"href":"https:\/\/www.sisinternational.com\/es\/wp-json\/wp\/v2\/pages\/14514"}],"wp:featuredmedia":[{"embeddable":true,"href":"https:\/\/www.sisinternational.com\/es\/wp-json\/wp\/v2\/media\/64378"}],"wp:attachment":[{"href":"https:\/\/www.sisinternational.com\/es\/wp-json\/wp\/v2\/media?parent=41440"}],"curies":[{"name":"wp","href":"https:\/\/api.w.org\/{rel}","templated":true}]}}