{"id":41429,"date":"2023-02-11T22:51:29","date_gmt":"2023-02-11T22:51:29","guid":{"rendered":"https:\/\/www.sisinternational.com\/?page_id=41429"},"modified":"2026-01-25T18:30:50","modified_gmt":"2026-01-25T23:30:50","slug":"investigacion-de-mercado-de-bauxita","status":"publish","type":"page","link":"https:\/\/www.sisinternational.com\/es\/pericia\/investigacion-de-mercado-de-bauxita\/","title":{"rendered":"Investigaci\u00f3n de mercado de bauxita"},"content":{"rendered":"<h1 class=\"wp-block-heading\">Investigaci\u00f3n de mercado de bauxita<\/h1>\n\n\n\n<figure class=\"gb-block-image gb-block-image-9131da4a\"><img loading=\"lazy\" decoding=\"async\" width=\"1456\" height=\"816\" class=\"gb-image gb-image-9131da4a\" src=\"https:\/\/www.sisinternational.com\/wp-content\/uploads\/2025\/08\/Bauxite-3.jpg\" alt=\"Investigaci\u00f3n y estrategia de mercado internacional de SIS\" title=\"Bauxite (3)\" srcset=\"https:\/\/www.sisinternational.com\/wp-content\/uploads\/2025\/08\/Bauxite-3.jpg 1456w, https:\/\/www.sisinternational.com\/wp-content\/uploads\/2025\/08\/Bauxite-3-300x168.jpg 300w, https:\/\/www.sisinternational.com\/wp-content\/uploads\/2025\/08\/Bauxite-3-1024x574.jpg 1024w, https:\/\/www.sisinternational.com\/wp-content\/uploads\/2025\/08\/Bauxite-3-768x430.jpg 768w, https:\/\/www.sisinternational.com\/wp-content\/uploads\/2025\/08\/Bauxite-3-18x10.jpg 18w\" sizes=\"auto, (max-width: 1456px) 100vw, 1456px\"><\/figure>\n\n\n\n<p><\/p>\n\n\n\n<h2 class=\"wp-block-heading\">Las perspectivas del mercado de la bauxita<\/h2>\n\n\n\n<p>La bauxita es un material valioso que influye en muchas actividades diarias en todo el mundo. Su utilidad radica en su v\u00ednculo directo con la producci\u00f3n de aluminio. Como la bauxita es la principal materia prima utilizada en la producci\u00f3n de aluminio, ambas est\u00e1n estrechamente relacionadas. Sin bauxita no hay aluminio. Por lo tanto, las perspectivas del mercado de la bauxita van de la mano con las perspectivas del mercado del aluminio, y cualquier investigaci\u00f3n pertinente debe tener esto en cuenta.<\/p>\n\n\n\n<p>Aluminum is used to produce widely used goods such as refrigerators, air conditioners and kitchen and cooking utensils. At the same time, aluminum is a key material for the aerospace <a href=\"https:\/\/www.sisinternational.com\/es\/industry-forecast\/construction-industry-forecast\/\" title=\"Construction Industry Forecast\"  data-wpil-monitor-id=\"10431\">industry and construction<\/a> projects, as aircraft components and window frames are made of aluminum. So bauxite will always be in demand, as it&#8217;s a prerequisite for the existence and development of key components of the modern world.<\/p>\n\n\n\n<h2 class=\"wp-block-heading\">El mercado mundial de la bauxita<\/h2>\n\n\n\n<h3 class=\"wp-block-heading\">La bauxita es una roca con propiedades \u00fanicas. Se encuentra s\u00f3lo en un peque\u00f1o n\u00famero de pa\u00edses, lo que limita el alcance del suministro. Los principales pa\u00edses productores de bauxita son:<\/h3>\n\n\n\n<ul class=\"wp-block-list\">\n<li>Australia<\/li>\n\n\n\n<li>Guinea<\/li>\n\n\n\n<li>Porcelana<\/li>\n\n\n\n<li>Brasil<\/li>\n\n\n\n<li>Indonesia<\/li>\n\n\n\n<li>India<\/li>\n<\/ul>\n\n\n\n<p>Es interesante observar que pa\u00edses como Jamaica y Vietnam tienen grandes reservas de bauxita.<\/p>\n\n\n\n<h2 class=\"wp-block-heading\">Por qu\u00e9 es importante la investigaci\u00f3n de mercado de la bauxita<\/h2>\n\n\n\n<figure class=\"gb-block-image gb-block-image-cb3a6913\"><img loading=\"lazy\" decoding=\"async\" width=\"1456\" height=\"816\" class=\"gb-image gb-image-cb3a6913\" src=\"https:\/\/www.sisinternational.com\/wp-content\/uploads\/2025\/08\/Bauxite-2.jpg\" alt=\"Investigaci\u00f3n y estrategia de mercado internacional de SIS\" title=\"Bauxite (2)\" srcset=\"https:\/\/www.sisinternational.com\/wp-content\/uploads\/2025\/08\/Bauxite-2.jpg 1456w, https:\/\/www.sisinternational.com\/wp-content\/uploads\/2025\/08\/Bauxite-2-300x168.jpg 300w, https:\/\/www.sisinternational.com\/wp-content\/uploads\/2025\/08\/Bauxite-2-1024x574.jpg 1024w, https:\/\/www.sisinternational.com\/wp-content\/uploads\/2025\/08\/Bauxite-2-768x430.jpg 768w, https:\/\/www.sisinternational.com\/wp-content\/uploads\/2025\/08\/Bauxite-2-18x10.jpg 18w\" sizes=\"auto, (max-width: 1456px) 100vw, 1456px\"><\/figure>\n\n\n\n<p><\/p>\n\n\n\n<p>The last point is very important as part of the overall picture of the need for <a href=\"https:\/\/www.sisinternational.com\/es\/pericia\/industrias\/estudio-de-mercado-punto-de-venta\/\" title=\"Investigaci\u00f3n de Mercado de Punto de Venta\"  data-wpil-monitor-id=\"4923\">investigaci\u00f3n de mercado de bauxita<\/a>. Predictive models suggest that bauxite reserves will be depleted in the early decades of the next century, as they are not infinite. While such forecasts are a long-term concern, there is another aspect that is more pressing: The environmental concerns associated with bauxite production. Its extraction harms local flora and fauna, resulting in environmental degradation.<\/p>\n\n\n\n<p>Como resultado, la investigaci\u00f3n del mercado de la bauxita debe considerar los desaf\u00edos tanto a corto como a largo plazo. Por otra parte, la importancia econ\u00f3mica de la producci\u00f3n de bauxita es enorme. Factores como la miner\u00eda y la refinaci\u00f3n, el empleo y la educaci\u00f3n, as\u00ed como las cuestiones de sostenibilidad, son fundamentales para el buen funcionamiento de componentes clave del mundo actual y futuro. \u00c1reas como el transporte, la arquitectura y la gesti\u00f3n de materiales dependen de un suministro adecuado de bauxita.<\/p>\n\n\n\n<h2 class=\"wp-block-heading\">Empleos clave<\/h2>\n\n\n\n<h3 class=\"wp-block-heading\">Hay varios trabajos clave asociados con la industria de la bauxita:<\/h3>\n\n\n\n<ul class=\"wp-block-list\">\n<li>Directores de Proyecto<\/li>\n\n\n\n<li>Gerentes de Operaciones de Perforaci\u00f3n<\/li>\n\n\n\n<li>Operadores de minas<\/li>\n\n\n\n<li>Especialistas de laboratorio<\/li>\n\n\n\n<li><a href=\"https:\/\/www.sisinternational.com\/es\/soluciones\/investigacion-de-mercado-de-ia-y-consultoria-estrategica\/recursos-humanos-gestion-del-talento-automatizacion-inteligencia-artificial-consultoria\/\" title=\"Recursos Humanos y Gesti\u00f3n del Talento Automatizaci\u00f3n y Consultor\u00eda en IA\"  data-wpil-monitor-id=\"10429\">Gerentes de recursos humanos<\/a><\/li>\n\n\n\n<li>Oficiales de servicios de emergencia<\/li>\n\n\n\n<li>Ingenieros electricos<\/li>\n\n\n\n<li>Ingenieros de minas<\/li>\n\n\n\n<li>Cient\u00edficos de cumplimiento ambiental<\/li>\n<\/ul>\n\n\n\n<p>Another key aspect of the bauxite labor <a href=\"https:\/\/www.sisinternational.com\/es\/pericia\/industrias\/estudio-de-mercado-solvente\/\" title=\"Investigaci\u00f3n de mercado de solventes\"  data-wpil-monitor-id=\"3432\">market is the prominent role of Research<\/a> and Development (R &amp; D) due to the challenging nature of bauxite mining.<\/p>\n\n\n\n<h2 class=\"wp-block-heading\">Desaf\u00edos futuros del mercado de la bauxita<\/h2>\n\n\n\n<p>Bauxite is a high-value material in today&#8217;s world. The future challenges of the industry as a whole are a priority for both the political establishment and the business community. With the bauxite industry generating billions of dollars in annual revenues, the motivation for all parties involved is extremely high. There are three main <a href=\"https:\/\/www.sisinternational.com\/es\/publicaciones\/soluciones-supercriticas-futuro-energetico-global\/\" title=\"Investigaci\u00f3n del mercado energ\u00e9tico global: soluciones supercr\u00edticas para nuestro futuro energ\u00e9tico\"  data-wpil-monitor-id=\"10432\">future challenges for the bauxite market<\/a>:<\/p>\n\n\n\n<ul class=\"wp-block-list\">\n<li>Su nivel de sostenibilidad<\/li>\n\n\n\n<li>Su impacto ambiental<\/li>\n\n\n\n<li>El uso de materiales alternativos.<\/li>\n<\/ul>\n\n\n\n<h2 class=\"wp-block-heading\">La sostenibilidad de la bauxita<\/h2>\n\n\n\n<p>La sostenibilidad de la producci\u00f3n de bauxita es crucial. Como el aluminio no se puede producir sin bauxita, se ha convertido en uno de los minerales m\u00e1s importantes del siglo XX. Sin embargo, la viabilidad del sector en el siglo XXI es un desaf\u00edo importante. No s\u00f3lo porque los suministros de bauxita se agotar\u00e1n inevitablemente, como se mencion\u00f3 anteriormente, sino tambi\u00e9n debido a la actual inestabilidad socioecon\u00f3mica y pol\u00edtica global. El reciente golpe de Estado en Guinea, el segundo mayor productor de bauxita del mundo, y las consiguientes dudas sobre el futuro del sector minero del pa\u00eds son un ejemplo sorprendente.<\/p>\n\n\n\n<h2 class=\"wp-block-heading\">El impacto ambiental de la bauxita.<\/h2>\n\n\n\n<figure class=\"gb-block-image gb-block-image-71559b8d\"><img loading=\"lazy\" decoding=\"async\" width=\"1456\" height=\"816\" class=\"gb-image gb-image-71559b8d\" src=\"https:\/\/www.sisinternational.com\/wp-content\/uploads\/2025\/08\/Bauxite-1.jpg\" alt=\"Investigaci\u00f3n y estrategia de mercado internacional de SIS\" title=\"Bauxite (1)\" srcset=\"https:\/\/www.sisinternational.com\/wp-content\/uploads\/2025\/08\/Bauxite-1.jpg 1456w, https:\/\/www.sisinternational.com\/wp-content\/uploads\/2025\/08\/Bauxite-1-300x168.jpg 300w, https:\/\/www.sisinternational.com\/wp-content\/uploads\/2025\/08\/Bauxite-1-1024x574.jpg 1024w, https:\/\/www.sisinternational.com\/wp-content\/uploads\/2025\/08\/Bauxite-1-768x430.jpg 768w, https:\/\/www.sisinternational.com\/wp-content\/uploads\/2025\/08\/Bauxite-1-18x10.jpg 18w\" sizes=\"auto, (max-width: 1456px) 100vw, 1456px\"><\/figure>\n\n\n\n<p><\/p>\n\n\n\n<p>La cuesti\u00f3n medioambiental que rodea a la extracci\u00f3n de bauxita es, de hecho, clave. Existe una enorme huella ambiental causada por el proceso minero. Tambi\u00e9n puede perjudicar la salud y la calidad de vida de los ciudadanos que viven en pa\u00edses productores de bauxita. Otro par\u00e1metro crucial es que la mayor\u00eda de estos pa\u00edses pertenecen al mundo en desarrollo. L\u00f3gicamente, este hecho plantea preocupaciones sobre los impactos sociales y econ\u00f3micos impredecibles que podr\u00edan resultar de posibles disturbios civiles en estos pa\u00edses.<\/p>\n\n\n\n<h2 class=\"wp-block-heading\">Posibles alternativas al aluminio.<\/h2>\n\n\n\n<p>Aunque el riesgo actual de una escasez dram\u00e1tica de bauxita es bastante limitado, el debate sobre el uso de materiales alternativos al aluminio ya est\u00e1 abierto. Dado que el aluminio est\u00e1 contenido en la roca de bauxita y no se puede producir sin ella, la pregunta es qu\u00e9 alternativas hay disponibles. Fibra de vidrio, titanio y magnesio son los materiales que se est\u00e1n considerando actualmente.<\/p>\n\n\n\n<p><a href=\"https:\/\/www.sisinternational.com\/es\/sis-presenta-una-plataforma-de-analisis-cuantitativo-y-ciencia-de-datos\/\" title=\"SIS presenta plataforma de an\u00e1lisis cuantitativo y ciencia de datos\"  data-wpil-monitor-id=\"10427\">SIS International offers Quantitative<\/a>, Qualitative, and Strategy Research. We provide data, tools, strategies, reports and insights for decision-making. We conduct interviews, surveys, <a href=\"https:\/\/www.sisinternational.com\/es\/soluciones\/investigacion-de-mercado-de-grupo-focal\/\" title=\"Investigaci\u00f3n de mercado con grupos focales\"  data-wpil-monitor-id=\"10428\">focus groups and many other Market Research<\/a> methods and approaches. Contact us for your <a href=\"https:\/\/www.sisinternational.com\/es\/pericia\/industrias\/investigacion-de-mercado-de-tecnologias-de-proxima-generacion\/\" title=\"Investigaci\u00f3n de mercado de tecnolog\u00edas de pr\u00f3xima generaci\u00f3n\"  data-wpil-monitor-id=\"10430\">next Market Research<\/a> proyecto.<\/p>\n\n\n\n<p><\/p>\n\n\n\n<p><\/p>","protected":false},"excerpt":{"rendered":"<p>La bauxita es un material limitado y valioso en todo el mundo. Existe una importante necesidad de realizar estudios de mercado de la bauxita.<\/p>","protected":false},"author":1,"featured_media":64744,"parent":14514,"menu_order":164,"comment_status":"closed","ping_status":"closed","template":"","meta":{"footnotes":""},"class_list":["post-41429","page","type-page","status-publish","has-post-thumbnail"],"_links":{"self":[{"href":"https:\/\/www.sisinternational.com\/es\/wp-json\/wp\/v2\/pages\/41429","targetHints":{"allow":["GET"]}}],"collection":[{"href":"https:\/\/www.sisinternational.com\/es\/wp-json\/wp\/v2\/pages"}],"about":[{"href":"https:\/\/www.sisinternational.com\/es\/wp-json\/wp\/v2\/types\/page"}],"author":[{"embeddable":true,"href":"https:\/\/www.sisinternational.com\/es\/wp-json\/wp\/v2\/users\/1"}],"replies":[{"embeddable":true,"href":"https:\/\/www.sisinternational.com\/es\/wp-json\/wp\/v2\/comments?post=41429"}],"version-history":[{"count":6,"href":"https:\/\/www.sisinternational.com\/es\/wp-json\/wp\/v2\/pages\/41429\/revisions"}],"predecessor-version":[{"id":81717,"href":"https:\/\/www.sisinternational.com\/es\/wp-json\/wp\/v2\/pages\/41429\/revisions\/81717"}],"up":[{"embeddable":true,"href":"https:\/\/www.sisinternational.com\/es\/wp-json\/wp\/v2\/pages\/14514"}],"wp:featuredmedia":[{"embeddable":true,"href":"https:\/\/www.sisinternational.com\/es\/wp-json\/wp\/v2\/media\/64744"}],"wp:attachment":[{"href":"https:\/\/www.sisinternational.com\/es\/wp-json\/wp\/v2\/media?parent=41429"}],"curies":[{"name":"wp","href":"https:\/\/api.w.org\/{rel}","templated":true}]}}