{"id":41327,"date":"2023-01-24T19:31:59","date_gmt":"2023-01-24T19:31:59","guid":{"rendered":"https:\/\/www.sisinternational.com\/?page_id=41327"},"modified":"2026-01-26T18:35:28","modified_gmt":"2026-01-26T23:35:28","slug":"investigacion-de-mercado-de-tractores","status":"publish","type":"page","link":"https:\/\/www.sisinternational.com\/es\/pericia\/investigacion-de-mercado-de-tractores\/","title":{"rendered":"Investigaci\u00f3n de mercado de tractores"},"content":{"rendered":"<h1 class=\"wp-block-heading\">Investigaci\u00f3n de mercado de tractores<\/h1>\n\n\n\n<figure class=\"gb-block-image gb-block-image-de998eaa\"><img loading=\"lazy\" decoding=\"async\" width=\"1456\" height=\"816\" class=\"gb-image gb-image-de998eaa\" src=\"https:\/\/www.sisinternational.com\/wp-content\/uploads\/2025\/08\/Agriculture-5.jpg\" alt=\"Investigaci\u00f3n y estrategia de mercado internacional de SIS\" title=\"Agriculture (5)\" srcset=\"https:\/\/www.sisinternational.com\/wp-content\/uploads\/2025\/08\/Agriculture-5.jpg 1456w, https:\/\/www.sisinternational.com\/wp-content\/uploads\/2025\/08\/Agriculture-5-300x168.jpg 300w, https:\/\/www.sisinternational.com\/wp-content\/uploads\/2025\/08\/Agriculture-5-1024x574.jpg 1024w, https:\/\/www.sisinternational.com\/wp-content\/uploads\/2025\/08\/Agriculture-5-768x430.jpg 768w, https:\/\/www.sisinternational.com\/wp-content\/uploads\/2025\/08\/Agriculture-5-18x10.jpg 18w\" sizes=\"auto, (max-width: 1456px) 100vw, 1456px\"><\/figure>\n\n\n\n<p><\/p>\n\n\n\n<p>Tractor Market Research recopila y analiza datos sobre la industria de tractores y el mercado de tractores. Este estudio puede contener informaci\u00f3n sobre ventas, producci\u00f3n, precios y tendencias de la industria de tractores. Tambi\u00e9n puede recopilar informaci\u00f3n sobre los participantes esenciales del mercado, como productores y distribuidores, y los usuarios finales de tractores, como agricultores y empresas de construcci\u00f3n. La investigaci\u00f3n de mercado de tractores tiene como objetivo proporcionar una visi\u00f3n exhaustiva del mercado de tractores y descubrir perspectivas de desarrollo y expansi\u00f3n.<\/p>\n\n\n\n<p>Por qu\u00e9 la investigaci\u00f3n de mercado de tractores es importante para el \u00e9xito de la industria<\/p>\n\n\n\n<p>La investigaci\u00f3n de mercado sobre tractores es una herramienta esencial para las empresas del sector de los tractores. Permite a las empresas comprender las circunstancias actuales del mercado, reconocer las tendencias y posibilidades de la industria y tomar decisiones informadas sobre el desarrollo de productos, el marketing y las estrategias de ventas.<\/p>\n\n\n\n<p>La investigaci\u00f3n de mercado de tractores es necesaria ya que brinda informaci\u00f3n valiosa sobre el estado actual de la industria de tractores. Se incluyen estad\u00edsticas de volumen de ventas, participaci\u00f3n de mercado y tendencias de precios. Estos datos pueden ayudar a las empresas a determinar qu\u00e9 productos tienen una gran demanda y cu\u00e1les no, permiti\u00e9ndoles ajustar sus ofertas de productos en consecuencia. Adem\u00e1s, ayuda a las empresas a comprender el panorama competitivo, lo cual es necesario para crear estrategias de marketing y ventas eficaces.<\/p>\n\n\n\n<p>Another essential advantage of tractor market research is that it enables businesses to uncover new growth and expansion opportunities. For instance, <a href=\"https:\/\/www.sisinternational.com\/es\/pericia\/industrias\/estudio-de-mercado-solvente\/\" title=\"Investigaci\u00f3n de mercado de solventes\"  data-wpil-monitor-id=\"3439\">research can discover untapped markets<\/a> or innovative applications for tractors that companies may have overlooked. Businesses can increase their revenue sources and diversify their product lines.<\/p>\n\n\n\n<p>Adem\u00e1s, la investigaci\u00f3n de mercado de tractores puede ayudar a las empresas a anticipar las tendencias y cambios de la industria. Por ejemplo, el examen puede revelar nuevas tecnolog\u00edas o regulaciones que afectar\u00e1n a la industria; Las empresas pueden utilizar esta informaci\u00f3n para planificar el futuro.<\/p>\n\n\n\n<h2 class=\"wp-block-heading\">T\u00edtulos de trabajo clave en la industria del mercado de tractores<\/h2>\n\n\n\n<figure class=\"gb-block-image gb-block-image-89799559\"><img loading=\"lazy\" decoding=\"async\" width=\"1456\" height=\"816\" class=\"gb-image gb-image-89799559\" src=\"https:\/\/www.sisinternational.com\/wp-content\/uploads\/2025\/08\/Agriculture-1.jpg\" alt=\"Investigaci\u00f3n y estrategia de mercado internacional de SIS\" title=\"Agriculture (1)\" srcset=\"https:\/\/www.sisinternational.com\/wp-content\/uploads\/2025\/08\/Agriculture-1.jpg 1456w, https:\/\/www.sisinternational.com\/wp-content\/uploads\/2025\/08\/Agriculture-1-300x168.jpg 300w, https:\/\/www.sisinternational.com\/wp-content\/uploads\/2025\/08\/Agriculture-1-1024x574.jpg 1024w, https:\/\/www.sisinternational.com\/wp-content\/uploads\/2025\/08\/Agriculture-1-768x430.jpg 768w, https:\/\/www.sisinternational.com\/wp-content\/uploads\/2025\/08\/Agriculture-1-18x10.jpg 18w\" sizes=\"auto, (max-width: 1456px) 100vw, 1456px\"><\/figure>\n\n\n\n<p><\/p>\n\n\n\n<p>La industria del mercado de tractores abarca una amplia gama de funciones y responsabilidades, y varios puestos de trabajo clave son esenciales para el funcionamiento de esta industria. \u00c9stas incluyen:<\/p>\n\n\n\n<ul class=\"wp-block-list\">\n<li><strong>Representante de ventas de tractores<\/strong>: Estas personas venden tractores a agricultores, empresas constructoras y otros usuarios finales. A menudo tienen experiencia en agricultura o construcci\u00f3n y deben conocer los productos que venden.<\/li>\n\n\n\n<li><strong>T\u00e9cnico de servicio de tractores<\/strong>: Estas personas son responsables del mantenimiento y reparaci\u00f3n de los tractores. Deben tener un conocimiento s\u00f3lido de la mec\u00e1nica y electr\u00f3nica de los tractores y la capacidad de diagnosticar y solucionar problemas.<\/li>\n\n\n\n<li><strong>Gerente de Producto de Tractores<\/strong>: Estas personas son responsables de gestionar el desarrollo y la producci\u00f3n de tractores. Trabajan en estrecha colaboraci\u00f3n con ingenieros, dise\u00f1adores y otros miembros del equipo para lanzar nuevos modelos de tractores al mercado.<\/li>\n\n\n\n<li><strong>Gerente de Marketing de Tractores<\/strong>: Estas personas son responsables de crear e implementar estrategias de marketing para tractores. Deben tener un conocimiento s\u00f3lido del mercado de tractores y del p\u00fablico objetivo y ser capaces de desarrollar campa\u00f1as de marketing eficaces.<\/li>\n\n\n\n<li><strong>Ingeniero de Investigaci\u00f3n y Desarrollo de Tractores<\/strong>: Estas personas son responsables del dise\u00f1o y desarrollo de nuevas tecnolog\u00edas de tractores. Deben tener experiencia en ingenier\u00eda y poder trabajar en estrecha colaboraci\u00f3n con otros miembros del equipo para llevar nuevos productos al mercado.<\/li>\n\n\n\n<li><strong>Distribuidor de tractores<\/strong>: Estas personas son responsables de gestionar la distribuci\u00f3n de tractores a los usuarios finales. Deben tener conocimientos sobre los productos que venden y poder brindar un excelente servicio al cliente.<\/li>\n<\/ul>\n\n\n\n<p>Estos son s\u00f3lo algunos t\u00edtulos de trabajo en la industria del mercado de tractores. Otras funciones incluyen gerentes de cadena de suministro, gerentes de log\u00edstica, gerentes de operaciones, analistas financieros y muchos m\u00e1s. Cada una de estas funciones es esencial para la prosperidad de la industria del mercado de tractores y de las empresas que trabajan en ella.<\/p>\n\n\n\n<h2 class=\"wp-block-heading\">Por qu\u00e9 las empresas necesitan realizar investigaciones en el mercado de tractores<\/h2>\n\n\n\n<figure class=\"gb-block-image gb-block-image-08ecbbfc\"><img loading=\"lazy\" decoding=\"async\" width=\"1456\" height=\"816\" class=\"gb-image gb-image-08ecbbfc\" src=\"https:\/\/www.sisinternational.com\/wp-content\/uploads\/2025\/08\/Agriculture-6.jpg\" alt=\"Investigaci\u00f3n y estrategia de mercado internacional de SIS\" title=\"Agriculture (6)\" srcset=\"https:\/\/www.sisinternational.com\/wp-content\/uploads\/2025\/08\/Agriculture-6.jpg 1456w, https:\/\/www.sisinternational.com\/wp-content\/uploads\/2025\/08\/Agriculture-6-300x168.jpg 300w, https:\/\/www.sisinternational.com\/wp-content\/uploads\/2025\/08\/Agriculture-6-1024x574.jpg 1024w, https:\/\/www.sisinternational.com\/wp-content\/uploads\/2025\/08\/Agriculture-6-768x430.jpg 768w, https:\/\/www.sisinternational.com\/wp-content\/uploads\/2025\/08\/Agriculture-6-18x10.jpg 18w\" sizes=\"auto, (max-width: 1456px) 100vw, 1456px\"><\/figure>\n\n\n\n<p>La investigaci\u00f3n de mercado sobre tractores ayuda a las empresas a identificar su mercado objetivo. Esta informaci\u00f3n incluye el tama\u00f1o del mercado, la demograf\u00eda de la poblaci\u00f3n objetivo y los gustos de la clientela. Las organizaciones pueden utilizar esta informaci\u00f3n para desarrollar productos e iniciativas de marketing que satisfagan las necesidades de su mercado objetivo.<\/p>\n\n\n\n<p>Market research on tractors aids businesses in their competition. Developing effective marketing and <a class=\"wpil_keyword_link\" href=\"https:\/\/www.sisinternational.com\/es\/soluciones\/soluciones-de-estrategia-de-ventas\/\"   title=\"Soluciones de ventas y estrategia\" data-wpil-keyword-link=\"linked\"  data-wpil-monitor-id=\"724\">estrategia de ventas<\/a> requires a thorough understanding of the competition. Additionally, new technologies or laws that will impact the industry might be revealed by tractor market research, assisting firms in planning.<\/p>\n\n\n\n<p>La investigaci\u00f3n de mercado de tractores ayuda a las empresas a descubrir nuevas perspectivas de desarrollo. Por ejemplo, el an\u00e1lisis puede identificar mercados no explotados o nuevas aplicaciones de tractores. Las empresas pueden variar sus ofertas de productos y aumentar los ingresos al utilizar esto.<\/p>\n\n\n\n<p>La investigaci\u00f3n de mercado de tractores tambi\u00e9n ayuda a las empresas a monitorear y evaluar el desempe\u00f1o del producto y del marketing. Supervise los ingresos, la satisfacci\u00f3n del cliente y datos de rendimiento cr\u00edticos adicionales. Es posible adaptarse tanto a productos como a m\u00e9todos utilizando estos datos.<\/p>\n\n\n\n<p>Para las empresas de tractores, la investigaci\u00f3n de mercado es vital. Brinda a las empresas informaci\u00f3n sobre las circunstancias, la competencia y las oportunidades del mercado, ayud\u00e1ndolas a tomar decisiones informadas, mantenerse competitivas, encontrar nuevas oportunidades de crecimiento y realizar un seguimiento de su desempe\u00f1o para lograr el \u00e9xito a largo plazo.<\/p>\n\n\n\n<h2 class=\"wp-block-heading\">Factores clave de \u00e9xito de la investigaci\u00f3n de mercado de tractores<\/h2>\n\n\n\n<p>La investigaci\u00f3n de mercado de tractores es una herramienta crucial para las organizaciones de la industria de tractores, pero debe considerar aspectos esenciales del \u00e9xito para ser cre\u00edble.<\/p>\n\n\n\n<ol class=\"wp-block-list\">\n<li>Datos precisos y fiables: la calidad de los datos utilizados en la investigaci\u00f3n de mercado de tractores es fundamental. Las empresas deben asegurarse de que sus datos sean precisos, actualizados y fiables. Verificar la exactitud de la informaci\u00f3n implica utilizar varias fuentes de datos.<\/li>\n\n\n\n<li>M\u00e9todos de investigaci\u00f3n relevantes: los m\u00e9todos utilizados para la investigaci\u00f3n de mercado de tractores deben ser apropiados para la pregunta de investigaci\u00f3n espec\u00edfica y el mercado objetivo. Las empresas deben utilizar una combinaci\u00f3n de m\u00e9todos de investigaci\u00f3n cualitativos y cuantitativos para proporcionar una comprensi\u00f3n integral del mercado.<\/li>\n\n\n\n<li>Objetivos claros de la investigaci\u00f3n: la investigaci\u00f3n de mercado de tractores debe tener objetivos claros y espec\u00edficos alineados con las metas generales del negocio. Hacer esto asegurar\u00e1 que el an\u00e1lisis sea preciso y pertinente y que los resultados puedan usarse para tomar decisiones.<\/li>\n\n\n\n<li>Un equipo de investigaci\u00f3n capacitado: el equipo de investigaci\u00f3n de mercado de tractores debe ser profesional y experimentado. Esto incluye personas con conocimiento de la industria de los tractores y experiencia en m\u00e9todos de investigaci\u00f3n, an\u00e1lisis e interpretaci\u00f3n de datos.<\/li>\n\n\n\n<li>Timely analysis: The tractor market <a href=\"https:\/\/www.sisinternational.com\/es\/pericia\/industrias\/investigacion-de-mercado-de-la-moda\/\" title=\"Investigaci\u00f3n de mercado de moda y confecci\u00f3n\"  data-wpil-monitor-id=\"6958\">investigaci\u00f3n<\/a> data analysis must be conducted promptly to ensure that the findings can be used to make strategic business decisions in a timely fashion.<\/li>\n\n\n\n<li>Comunicaci\u00f3n efectiva: Los resultados de la investigaci\u00f3n de mercado de tractores deben comunicarse de manera efectiva a las partes interesadas relevantes dentro de la empresa para garantizar que los hallazgos se comprendan y puedan usarse para informar la toma de decisiones.<\/li>\n<\/ol>\n\n\n\n<p>Al considerar estos factores de \u00e9xito, las empresas pueden asegurarse de que su investigaci\u00f3n de mercado de tractores se lleve a cabo de manera efectiva. Los hallazgos se pueden utilizar para tomar decisiones informadas e impulsar el \u00e9xito empresarial.<\/p>\n\n\n\n<h2 class=\"wp-block-heading\">Investigaci\u00f3n de mercado de tractores<\/h2>\n\n\n\n<figure class=\"gb-block-image gb-block-image-0a53cb44\"><img loading=\"lazy\" decoding=\"async\" width=\"1456\" height=\"816\" class=\"gb-image gb-image-0a53cb44\" src=\"https:\/\/www.sisinternational.com\/wp-content\/uploads\/2025\/08\/Agriculture-8.jpg\" alt=\"Investigaci\u00f3n y estrategia de mercado internacional de SIS\" title=\"Agriculture (8)\" srcset=\"https:\/\/www.sisinternational.com\/wp-content\/uploads\/2025\/08\/Agriculture-8.jpg 1456w, https:\/\/www.sisinternational.com\/wp-content\/uploads\/2025\/08\/Agriculture-8-300x168.jpg 300w, https:\/\/www.sisinternational.com\/wp-content\/uploads\/2025\/08\/Agriculture-8-1024x574.jpg 1024w, https:\/\/www.sisinternational.com\/wp-content\/uploads\/2025\/08\/Agriculture-8-768x430.jpg 768w, https:\/\/www.sisinternational.com\/wp-content\/uploads\/2025\/08\/Agriculture-8-18x10.jpg 18w\" sizes=\"auto, (max-width: 1456px) 100vw, 1456px\"><\/figure>\n\n\n\n<p><\/p>\n\n\n\n<p>En los \u00faltimos a\u00f1os, el mercado de tractores se ha expandido constantemente, y se prev\u00e9 que contin\u00fae en el futuro previsible debido a la modernizaci\u00f3n agr\u00edcola y la creciente demanda de alimentos.<\/p>\n\n\n\n<p>En general, el mercado de los tractores es prometedor y ofrece grandes oportunidades de crecimiento e innovaci\u00f3n. Para seguir siendo competitivos y aprovechar nuevas oportunidades, las empresas que operan en este sector deben mantenerse al tanto de las tendencias y desarrollos recientes.<\/p>","protected":false},"excerpt":{"rendered":"<p>Investigaci\u00f3n de mercado de tractores. Se prev\u00e9 que el mercado se expandir\u00e1 en el futuro debido a la modernizaci\u00f3n agr\u00edcola y la demanda de alimentos.<\/p>","protected":false},"author":1,"featured_media":63129,"parent":14514,"menu_order":163,"comment_status":"closed","ping_status":"closed","template":"","meta":{"footnotes":""},"class_list":["post-41327","page","type-page","status-publish","has-post-thumbnail"],"_links":{"self":[{"href":"https:\/\/www.sisinternational.com\/es\/wp-json\/wp\/v2\/pages\/41327","targetHints":{"allow":["GET"]}}],"collection":[{"href":"https:\/\/www.sisinternational.com\/es\/wp-json\/wp\/v2\/pages"}],"about":[{"href":"https:\/\/www.sisinternational.com\/es\/wp-json\/wp\/v2\/types\/page"}],"author":[{"embeddable":true,"href":"https:\/\/www.sisinternational.com\/es\/wp-json\/wp\/v2\/users\/1"}],"replies":[{"embeddable":true,"href":"https:\/\/www.sisinternational.com\/es\/wp-json\/wp\/v2\/comments?post=41327"}],"version-history":[{"count":6,"href":"https:\/\/www.sisinternational.com\/es\/wp-json\/wp\/v2\/pages\/41327\/revisions"}],"predecessor-version":[{"id":80524,"href":"https:\/\/www.sisinternational.com\/es\/wp-json\/wp\/v2\/pages\/41327\/revisions\/80524"}],"up":[{"embeddable":true,"href":"https:\/\/www.sisinternational.com\/es\/wp-json\/wp\/v2\/pages\/14514"}],"wp:featuredmedia":[{"embeddable":true,"href":"https:\/\/www.sisinternational.com\/es\/wp-json\/wp\/v2\/media\/63129"}],"wp:attachment":[{"href":"https:\/\/www.sisinternational.com\/es\/wp-json\/wp\/v2\/media?parent=41327"}],"curies":[{"name":"wp","href":"https:\/\/api.w.org\/{rel}","templated":true}]}}