{"id":41308,"date":"2023-01-24T01:23:55","date_gmt":"2023-01-24T01:23:55","guid":{"rendered":"https:\/\/www.sisinternational.com\/?page_id=41308"},"modified":"2026-03-12T11:59:25","modified_gmt":"2026-03-12T15:59:25","slug":"investigacion-de-mercado-tijuana-mexico","status":"publish","type":"page","link":"https:\/\/www.sisinternational.com\/es\/cobertura\/latin-america\/investigacion-de-mercado-de-america-latina\/investigacion-de-mercado-tijuana-mexico\/","title":{"rendered":"Investigaci\u00f3n de Mercado en Tijuana, M\u00e9xico"},"content":{"rendered":"<h1>Investigaci\u00f3n de Mercado en Tijuana, M\u00e9xico<\/h1>\n<p><img loading=\"lazy\" decoding=\"async\" class=\"aligncenter size-full wp-image-41346\" src=\"https:\/\/www.sisinternational.com\/wp-content\/uploads\/2023\/01\/market-research-tijuana.jpg\" alt=\"Investigaci\u00f3n de Mercado en Tijuana, M\u00e9xico\" width=\"1140\" height=\"641\" \/><\/p>\n<p>Tijuana es una ciudad al norte de la pen\u00ednsula de Baja California, cerca de San Diego, en la frontera entre M\u00e9xico y Estados Unidos. Esta bulliciosa ciudad est\u00e1 clasificada como una ciudad global por su centro cultural y comercial.<\/p>\n<h2>Barrios<\/h2>\n<p>La calle principal de Tijuana, la Avenida Revoluci\u00f3n, generalmente repleta de turistas, est\u00e1 repleta de tiendas de souvenirs y bares. Los numerosos estadios de la ciudad tambi\u00e9n albergan frecuentes partidos de lucha libre (Lucha Libre), que son entretenimiento com\u00fan.<\/p>\n<p>Los monumentos m\u00e1s conocidos son el Centro Cultural de Tijuana y el Palacio Jai Alai. El Centro Cultural es una estructura moderna que alberga un teatro, una sala de conciertos, un museo e incluso un acuario. All\u00ed se suelen realizar talleres, cursos, programas, espect\u00e1culos, eventos literarios, exposiciones, conferencias y m\u00e1s.<\/p>\n<p>El Palacio Jai Alai alberga muchos eventos como conciertos y obras de teatro. Su nombre deriva del deporte vasco Jai Alai.<\/p>\n<h2>Industrias clave<\/h2>\n<p>En t\u00e9rminos de industrias y econom\u00eda, Tijuana ciertamente tiene una presencia dominante en el estado de Baja California con cierta influencia sobre el resto de M\u00e9xico.<\/p>\n<p>The largest concentration of aerospace assembly plants in Mexico is located in Tijuana. Furthermore, it boasts the chief number of medical device manufacturers in all of North America. Besides aerospace and <a href=\"https:\/\/www.sisinternational.com\/es\/soluciones\/soluciones-de-branding-e-investigacion-de-clientes\/investigacion-de-mercado-de-pruebas-de-productos\/product-testing-for-consumer-products\/medical-device-product-testing-in-nyc\/\" title=\"Medical Device Product Testing in NYC\"  data-wpil-monitor-id=\"8096\">medical device production<\/a>, the following manufacturing plants can be found in Tijuana: automotive, auto parts, furniture, plastic injection molding, and electronics.<\/p>\n<h2>Tendencias<\/h2>\n<p>Como ocurre con todas las grandes ciudades, se recomienda el sentido com\u00fan. Tijuana se encuentra en el primer lugar mexicano en homicidios por a\u00f1o. No obstante, los visitantes generalmente est\u00e1n seguros siempre que practiquen buenas medidas de seguridad. En otras palabras, es mejor permanecer en \u00e1reas bien patrulladas, permanecer en las carreteras principales y evitar lugares remotos o callejones peatonales apartados.<\/p>\n<p>Aun as\u00ed, Tijuana es el centro de la actividad cultural y cuenta con una animada vida nocturna, y una visita a la cercana Ensenada nunca decepciona. Ensenada no es s\u00f3lo una ciudad portuaria, sino que tambi\u00e9n tiene excelentes playas donde muchos tijuanenses (residentes de Tijuana) van a relajarse. La Playa Ensenada es conocida por sus aguas tranquilas y arena suave.<\/p>\n<p>El ayuntamiento tambi\u00e9n ha introducido un programa de negocios verdes, pidiendo a los empresarios que se registren para obtener la certificaci\u00f3n que confirma que sus negocios cuentan con todas las medidas ambientales.<\/p>\n<h2>Beneficios y Tendencias del Mercado<\/h2>\n<p>M\u00e9xico es un fuerte socio comercial de Estados Unidos y mucho se importa a Estados Unidos a trav\u00e9s de esta ciudad del norte. Las exportaciones de San Diego a M\u00e9xico son altas, lo que se debe principalmente a su comercio transfronterizo con Tijuana. Gran parte de las exportaciones de San Diego tienen como destino la pen\u00ednsula de Baja California.<br \/>\nBaja California ocupa el lugar de uno de los principales exportadores de M\u00e9xico. Siendo Estados Unidos el mayor exportador, China, Alemania, Taiw\u00e1n y Jap\u00f3n tambi\u00e9n han invertido en plantas de fabricaci\u00f3n en Tijuana.<\/p>\n<h2>Factores Claves de \u00c9xito para Hacer Negocios en Tijuana<\/h2>\n<p>M\u00e9xico tiene una econom\u00eda estable y en crecimiento, y Tijuana, con su posici\u00f3n estrat\u00e9gica, es un importante importador-exportador. Adem\u00e1s, los costes laborales son baratos y la mano de obra est\u00e1 altamente cualificada y eficiente, lo que da lugar a una gran calidad de producci\u00f3n. Adem\u00e1s de eso, M\u00e9xico disfruta de acuerdos de libre comercio con casi todos los pa\u00edses.<\/p>\n<h2>Base de consumidores<\/h2>\n<p>Tijuana ofrece gran entretenimiento. Hay muchos restaurantes y bares maravillosos y todo est\u00e1 disponible a precios accesibles.<\/p>\n<p>Adem\u00e1s, se puede disfrutar de un clima agradable, ni demasiado caluroso ni demasiado fr\u00edo.<\/p>\n<p>Otro beneficio de vivir en Tijuana es la buena atenci\u00f3n m\u00e9dica. No s\u00f3lo es de alta calidad, sino que los precios tambi\u00e9n son razonables. Las visitas al m\u00e9dico, los tratamientos dentales y los chequeos son m\u00e1s baratos que en Estados Unidos. El personal m\u00e9dico est\u00e1 altamente capacitado y brinda una atenci\u00f3n excelente.<\/p>\n<p>Un punto a favor adicional es la vivienda asequible.<\/p>\n<p>Por \u00faltimo, pero no menos importante, a pesar de la fama \u2013o notoriedad\u2013 de Tijuana por el crimen, como ocurre con la vida en cualquier gran ciudad, uno debe usar el sentido com\u00fan. Los extranjeros no son blanco de cr\u00edmenes violentos, pero cuando se desv\u00edan del camino trillado pueden terminar en el fuego cruzado. Por lo tanto, siempre se debe proceder con precauci\u00f3n y seguir las recomendaciones mencionadas anteriormente en este art\u00edculo.<\/p>\n<h2>Razones para hacer crecer su negocio en el mercado<\/h2>\n<p>La mayor\u00eda de los residentes en Tijuana hablan ingl\u00e9s, lo que facilita mucho la comunicaci\u00f3n con inversionistas, gerentes y visitantes extranjeros. La formaci\u00f3n del personal se puede realizar incluso en ingl\u00e9s. La gran poblaci\u00f3n de la ciudad tambi\u00e9n proporciona una abundante fuerza laboral.<\/p>\n<p>Los sindicatos de trabajadores en Tijuana se llaman Sindicatos Blancos, es decir, se les conoce como sindicatos favorables a los empleadores.<\/p>\n<p>La ubicaci\u00f3n de la ciudad facilita los viajes hacia y desde Tijuana, al estar cerca de la frontera con Estados Unidos, accesible no s\u00f3lo por aire y tierra sino tambi\u00e9n por mar.<\/p>\n<p>The port of Ensenada \u2013 a nearby city, and one of the top major ports in Mexico \u2013 supports Tijuana with import and export activities with countries such as China, Japan, the US, Panama, Costa Rica, Nicaragua, Jamaica, Venezuela, and others. This busy port received the maritime Prize of <a class=\"wpil_keyword_link\" href=\"https:\/\/www.sisinternational.com\/es\/cobertura\/las-americas\/\"   title=\"Am\u00e9rica\" data-wpil-keyword-link=\"linked\"  data-wpil-monitor-id=\"401\">the Americas<\/a> (WFP) for becoming the first green port in Mexico and the second in Latin America.<\/p>\n<h2>Acerca de la Investigaci\u00f3n de Mercados en Tijuana<\/h2>\n<p>Antes <a href=\"https:\/\/www.sisinternational.com\/es\/soluciones\/investigacion-de-consultoria-estrategica-fintech\/investigacion-de-mercados-de-inversion-y-fondos-de-cobertura\/\" title=\"Investigaci\u00f3n de mercados de inversiones y fondos de cobertura\"  data-wpil-monitor-id=\"8098\">investing in this market<\/a>, doing some research is always essential. One can use surveys, interviews, and focus groups for that. Taking these steps ensures better business choices and reduces risks. The main <a href=\"https:\/\/www.sisinternational.com\/es\/how-to-design-effective-surveys-for-quantitative-research\/\" title=\"How to Design Effective Surveys for Quantitative Research\"  data-wpil-monitor-id=\"8100\">research types that are used are quantitative<\/a>, qualitative, and strategic. Finally, getting acquainted with Mexico\u2019s <a href=\"https:\/\/www.sisinternational.com\/es\/optimized-management-system-for-a-leading-us-immigration-law-firm\/\" title=\"Optimized Management System for a Leading US Immigration law firm\"  data-wpil-monitor-id=\"8102\">immigration and tax laws<\/a> is highly recommended as well, and it is best to obtain some assistance from local experts for that.<\/p>","protected":false},"excerpt":{"rendered":"<p>Investigaci\u00f3n de Mercados en Tijuana; encuestas, entrevistas y grupos focales. Antes de invertir en este mercado, la investigaci\u00f3n es fundamental.<\/p>","protected":false},"author":1,"featured_media":0,"parent":14351,"menu_order":43,"comment_status":"closed","ping_status":"closed","template":"","meta":{"footnotes":""},"class_list":["post-41308","page","type-page","status-publish"],"_links":{"self":[{"href":"https:\/\/www.sisinternational.com\/es\/wp-json\/wp\/v2\/pages\/41308","targetHints":{"allow":["GET"]}}],"collection":[{"href":"https:\/\/www.sisinternational.com\/es\/wp-json\/wp\/v2\/pages"}],"about":[{"href":"https:\/\/www.sisinternational.com\/es\/wp-json\/wp\/v2\/types\/page"}],"author":[{"embeddable":true,"href":"https:\/\/www.sisinternational.com\/es\/wp-json\/wp\/v2\/users\/1"}],"replies":[{"embeddable":true,"href":"https:\/\/www.sisinternational.com\/es\/wp-json\/wp\/v2\/comments?post=41308"}],"version-history":[{"count":3,"href":"https:\/\/www.sisinternational.com\/es\/wp-json\/wp\/v2\/pages\/41308\/revisions"}],"predecessor-version":[{"id":81369,"href":"https:\/\/www.sisinternational.com\/es\/wp-json\/wp\/v2\/pages\/41308\/revisions\/81369"}],"up":[{"embeddable":true,"href":"https:\/\/www.sisinternational.com\/es\/wp-json\/wp\/v2\/pages\/14351"}],"wp:attachment":[{"href":"https:\/\/www.sisinternational.com\/es\/wp-json\/wp\/v2\/media?parent=41308"}],"curies":[{"name":"wp","href":"https:\/\/api.w.org\/{rel}","templated":true}]}}